{"id":127540,"date":"2023-03-04T18:20:35","date_gmt":"2023-03-04T18:20:35","guid":{"rendered":"https:\/\/mah.6bdv.ws\/product\/dead-by-daylight-arctic-ghostface-mask\/"},"modified":"2026-04-26T15:33:59","modified_gmt":"2026-04-26T14:33:59","slug":"dead-by-daylight-arctic-ghostface-mask","status":"publish","type":"product","link":"https:\/\/madabouthorror.co.uk\/de\/product\/dead-by-daylight-arctic-ghostface-mask\/","title":{"rendered":"Dead by Daylight Arktische GhostFace Maske"},"content":{"rendered":"<p>Fun World lizenziert Dead by Daylight GhostFace Maske<\/p>\n<p>Maske mit Leichentuch.<\/p>\n<p>Kopfzeile der Maske.<\/p>\n<p>WICHTIG: GF-Masken werden in Massenproduktion hergestellt und haben daher oft einen Fehler, auch wenn sie ein \"Sammlerst\u00fcck\" sind. Bitte kaufen Sie nicht, wenn Sie nicht gl\u00fccklich sind, dies zu akzeptieren. Wenn Sie eine Maske erhalten, mit der Sie nicht zufrieden sind, k\u00f6nnen Sie sie gerne zur\u00fcckschicken, allerdings auf Ihre eigenen Kosten.<\/p>","protected":false},"excerpt":{"rendered":"<p>Fun World lizenziert Dead by Daylight GhostFace Maske Maske mit Leichentuch. Maske Kopfzeile. WICHTIG: GF-Masken werden in Massenproduktion hergestellt und haben daher oft einen Fehler, auch wenn es sich um ein \"Sammlerst\u00fcck\" handelt. Bitte kaufen Sie nicht, wenn Sie dies nicht akzeptieren k\u00f6nnen. Wenn Sie eine Maske erhalten, mit der Sie unzufrieden sind, k\u00f6nnen Sie gerne [...]<\/p>","protected":false},"featured_media":127539,"comment_status":"closed","ping_status":"closed","template":"","meta":{"_acf_changed":false},"product_brand":[],"product_cat":[6580,10039,10041,10038,6541,6545,6644,6695],"product_tag":[],"class_list":{"0":"post-127540","1":"product","2":"type-product","3":"status-publish","4":"has-post-thumbnail","6":"product_cat-movie-tv","7":"product_cat-stocking-fillers","8":"product_cat-gifts-under-50","9":"product_cat-horror-gifts","10":"product_cat-masks","11":"product_cat-creepy-ghost-masks","12":"product_cat-deadbydaylight","13":"product_cat-scream","14":"product_shipping_class-small-parcel-economy-3-5-business-days","16":"first","17":"instock","18":"taxable","19":"shipping-taxable","20":"purchasable","21":"product-type-simple"},"supplier_id":467907,"supplier_sku":"1552I","barcode":"071765139076","atum_controlled":true,"out_stock_date":null,"out_stock_threshold":null,"inheritable":false,"inbound_stock":1,"stock_on_hold":0,"sold_today":0,"sales_last_days":2,"reserved_stock":0,"customer_returns":0,"warehouse_damage":0,"lost_in_post":0,"other_logs":0,"out_stock_days":0,"lost_sales":0,"has_location":false,"update_date":"2026-04-28T02:08:24","atum_locations":[],"atum_stock_status":"instock","restock_status":false,"low_stock_amount":1,"sales_update_date":"2026-04-28T02:08:22","calc_backorders":null,"acf":[],"yoast_head":"<!-- This site is optimized with the Yoast SEO plugin v27.4 - https:\/\/yoast.com\/product\/yoast-seo-wordpress\/ -->\n<title>Dead By Daylight - GhostFace Mask<\/title>\n<meta name=\"description\" content=\"Official Licensed Ghostface masks and props by Fun World. Horror masks, collectibles and props from the UK&#039;s leading horror collectibles and Halloween decor specialist Mad About Horror.\" \/>\n<meta name=\"robots\" content=\"index, follow, max-snippet:-1, max-image-preview:large, max-video-preview:-1\" \/>\n<link rel=\"canonical\" href=\"https:\/\/madabouthorror.co.uk\/de\/product\/dead-by-daylight-arctic-ghostface-mask\/\" \/>\n<meta property=\"og:locale\" content=\"de_DE\" \/>\n<meta property=\"og:type\" content=\"article\" \/>\n<meta property=\"og:title\" content=\"Dead By Daylight - GhostFace Mask\" \/>\n<meta property=\"og:description\" content=\"Official Licensed Ghostface masks and props by Fun World. Horror masks, collectibles and props from the UK&#039;s leading horror collectibles and Halloween decor specialist Mad About Horror.\" \/>\n<meta property=\"og:url\" content=\"https:\/\/madabouthorror.co.uk\/de\/product\/dead-by-daylight-arctic-ghostface-mask\/\" \/>\n<meta property=\"og:site_name\" content=\"Mad About Horror\" \/>\n<meta property=\"article:publisher\" content=\"https:\/\/www.facebook.com\/madabouthorror\/\" \/>\n<meta property=\"article:modified_time\" content=\"2026-04-26T14:33:59+00:00\" \/>\n<meta property=\"og:image\" content=\"https:\/\/madabouthorror.co.uk\/wp-content\/uploads\/2023\/03\/ghost_face_dead_by_daylight_mask.jpg\" \/>\n\t<meta property=\"og:image:width\" content=\"670\" \/>\n\t<meta property=\"og:image:height\" content=\"670\" \/>\n\t<meta property=\"og:image:type\" content=\"image\/jpeg\" \/>\n<meta name=\"twitter:card\" content=\"summary_large_image\" \/>\n<meta name=\"twitter:label1\" content=\"Gesch\u00e4tzte Lesezeit\" \/>\n\t<meta name=\"twitter:data1\" content=\"1\u00a0Minute\" \/>\n<script type=\"application\/ld+json\" class=\"yoast-schema-graph\">{\"@context\":\"https:\\\/\\\/schema.org\",\"@graph\":[{\"@type\":[\"WebPage\",\"ItemPage\"],\"@id\":\"https:\\\/\\\/madabouthorror.co.uk\\\/product\\\/dead-by-daylight-arctic-ghostface-mask\\\/\",\"url\":\"https:\\\/\\\/madabouthorror.co.uk\\\/product\\\/dead-by-daylight-arctic-ghostface-mask\\\/\",\"name\":\"Dead By Daylight - GhostFace Mask\",\"isPartOf\":{\"@id\":\"https:\\\/\\\/madabouthorror.co.uk\\\/#website\"},\"primaryImageOfPage\":{\"@id\":\"https:\\\/\\\/madabouthorror.co.uk\\\/product\\\/dead-by-daylight-arctic-ghostface-mask\\\/#primaryimage\"},\"image\":{\"@id\":\"https:\\\/\\\/madabouthorror.co.uk\\\/product\\\/dead-by-daylight-arctic-ghostface-mask\\\/#primaryimage\"},\"thumbnailUrl\":\"https:\\\/\\\/madabouthorror.co.uk\\\/wp-content\\\/uploads\\\/2023\\\/03\\\/ghost_face_dead_by_daylight_mask.jpg\",\"datePublished\":\"2023-03-04T18:20:35+00:00\",\"dateModified\":\"2026-04-26T14:33:59+00:00\",\"description\":\"Official Licensed Ghostface masks and props by Fun World. Horror masks, collectibles and props from the UK's leading horror collectibles and Halloween decor specialist Mad About Horror.\",\"breadcrumb\":{\"@id\":\"https:\\\/\\\/madabouthorror.co.uk\\\/product\\\/dead-by-daylight-arctic-ghostface-mask\\\/#breadcrumb\"},\"inLanguage\":\"de\",\"potentialAction\":[{\"@type\":\"ReadAction\",\"target\":[\"https:\\\/\\\/madabouthorror.co.uk\\\/product\\\/dead-by-daylight-arctic-ghostface-mask\\\/\"]}]},{\"@type\":\"ImageObject\",\"inLanguage\":\"de\",\"@id\":\"https:\\\/\\\/madabouthorror.co.uk\\\/product\\\/dead-by-daylight-arctic-ghostface-mask\\\/#primaryimage\",\"url\":\"https:\\\/\\\/madabouthorror.co.uk\\\/wp-content\\\/uploads\\\/2023\\\/03\\\/ghost_face_dead_by_daylight_mask.jpg\",\"contentUrl\":\"https:\\\/\\\/madabouthorror.co.uk\\\/wp-content\\\/uploads\\\/2023\\\/03\\\/ghost_face_dead_by_daylight_mask.jpg\",\"width\":670,\"height\":670,\"caption\":\"Dead by Daylight Arctic GhostFace Mask - Fun World\"},{\"@type\":\"BreadcrumbList\",\"@id\":\"https:\\\/\\\/madabouthorror.co.uk\\\/product\\\/dead-by-daylight-arctic-ghostface-mask\\\/#breadcrumb\",\"itemListElement\":[{\"@type\":\"ListItem\",\"position\":1,\"name\":\"Shop\",\"item\":\"https:\\\/\\\/madabouthorror.co.uk\\\/shop\\\/\"},{\"@type\":\"ListItem\",\"position\":2,\"name\":\"Dead by Daylight Arctic GhostFace Mask\"}]},{\"@type\":\"WebSite\",\"@id\":\"https:\\\/\\\/madabouthorror.co.uk\\\/#website\",\"url\":\"https:\\\/\\\/madabouthorror.co.uk\\\/\",\"name\":\"Mad About Horror\",\"description\":\"\",\"publisher\":{\"@id\":\"https:\\\/\\\/madabouthorror.co.uk\\\/#organization\"},\"alternateName\":\"Mad About Horror Limited\",\"potentialAction\":[{\"@type\":\"SearchAction\",\"target\":{\"@type\":\"EntryPoint\",\"urlTemplate\":\"https:\\\/\\\/madabouthorror.co.uk\\\/?s={search_term_string}\"},\"query-input\":{\"@type\":\"PropertyValueSpecification\",\"valueRequired\":true,\"valueName\":\"search_term_string\"}}],\"inLanguage\":\"de\"},{\"@type\":\"Organization\",\"@id\":\"https:\\\/\\\/madabouthorror.co.uk\\\/#organization\",\"name\":\"Mad About Horror\",\"url\":\"https:\\\/\\\/madabouthorror.co.uk\\\/\",\"logo\":{\"@type\":\"ImageObject\",\"inLanguage\":\"de\",\"@id\":\"https:\\\/\\\/madabouthorror.co.uk\\\/#\\\/schema\\\/logo\\\/image\\\/\",\"url\":\"https:\\\/\\\/madabouthorror.co.uk\\\/wp-content\\\/uploads\\\/2024\\\/02\\\/cropped-Logo.png\",\"contentUrl\":\"https:\\\/\\\/madabouthorror.co.uk\\\/wp-content\\\/uploads\\\/2024\\\/02\\\/cropped-Logo.png\",\"width\":240,\"height\":88,\"caption\":\"Mad About Horror\"},\"image\":{\"@id\":\"https:\\\/\\\/madabouthorror.co.uk\\\/#\\\/schema\\\/logo\\\/image\\\/\"},\"sameAs\":[\"https:\\\/\\\/www.facebook.com\\\/madabouthorror\\\/\",\"https:\\\/\\\/www.instagram.com\\\/madabouthorror\\\/\",\"https:\\\/\\\/www.pinterest.co.uk\\\/madabouthorror\\\/\",\"https:\\\/\\\/www.youtube.com\\\/channel\\\/UCBooLOIxjoQ89dj6T5lWm_w\",\"https:\\\/\\\/www.tiktok.com\\\/@weremadabouthorror\"]}]}<\/script>\n<!-- \/ Yoast SEO plugin. -->","yoast_head_json":{"title":"Dead By Daylight - GhostFace Maske","description":"Offiziell lizenzierte Ghostface-Masken und -Requisiten von Fun World. Horror-Masken, Sammlerst\u00fccke und Requisiten vom f\u00fchrenden britischen Spezialisten f\u00fcr Horror-Sammlerst\u00fccke und Halloween-Dekoration Mad About Horror.","robots":{"index":"index","follow":"follow","max-snippet":"max-snippet:-1","max-image-preview":"max-image-preview:large","max-video-preview":"max-video-preview:-1"},"canonical":"https:\/\/madabouthorror.co.uk\/de\/product\/dead-by-daylight-arctic-ghostface-mask\/","og_locale":"de_DE","og_type":"article","og_title":"Dead By Daylight - GhostFace Mask","og_description":"Official Licensed Ghostface masks and props by Fun World. Horror masks, collectibles and props from the UK's leading horror collectibles and Halloween decor specialist Mad About Horror.","og_url":"https:\/\/madabouthorror.co.uk\/de\/product\/dead-by-daylight-arctic-ghostface-mask\/","og_site_name":"Mad About Horror","article_publisher":"https:\/\/www.facebook.com\/madabouthorror\/","article_modified_time":"2026-04-26T14:33:59+00:00","og_image":[{"width":670,"height":670,"url":"https:\/\/madabouthorror.co.uk\/wp-content\/uploads\/2023\/03\/ghost_face_dead_by_daylight_mask.jpg","type":"image\/jpeg"}],"twitter_card":"summary_large_image","twitter_misc":{"Gesch\u00e4tzte Lesezeit":"1\u00a0Minute"},"schema":{"@context":"https:\/\/schema.org","@graph":[{"@type":["WebPage","ItemPage"],"@id":"https:\/\/madabouthorror.co.uk\/product\/dead-by-daylight-arctic-ghostface-mask\/","url":"https:\/\/madabouthorror.co.uk\/product\/dead-by-daylight-arctic-ghostface-mask\/","name":"Dead By Daylight - GhostFace Maske","isPartOf":{"@id":"https:\/\/madabouthorror.co.uk\/#website"},"primaryImageOfPage":{"@id":"https:\/\/madabouthorror.co.uk\/product\/dead-by-daylight-arctic-ghostface-mask\/#primaryimage"},"image":{"@id":"https:\/\/madabouthorror.co.uk\/product\/dead-by-daylight-arctic-ghostface-mask\/#primaryimage"},"thumbnailUrl":"https:\/\/madabouthorror.co.uk\/wp-content\/uploads\/2023\/03\/ghost_face_dead_by_daylight_mask.jpg","datePublished":"2023-03-04T18:20:35+00:00","dateModified":"2026-04-26T14:33:59+00:00","description":"Offiziell lizenzierte Ghostface-Masken und -Requisiten von Fun World. Horror-Masken, Sammlerst\u00fccke und Requisiten vom f\u00fchrenden britischen Spezialisten f\u00fcr Horror-Sammlerst\u00fccke und Halloween-Dekoration Mad About Horror.","breadcrumb":{"@id":"https:\/\/madabouthorror.co.uk\/product\/dead-by-daylight-arctic-ghostface-mask\/#breadcrumb"},"inLanguage":"de","potentialAction":[{"@type":"ReadAction","target":["https:\/\/madabouthorror.co.uk\/product\/dead-by-daylight-arctic-ghostface-mask\/"]}]},{"@type":"ImageObject","inLanguage":"de","@id":"https:\/\/madabouthorror.co.uk\/product\/dead-by-daylight-arctic-ghostface-mask\/#primaryimage","url":"https:\/\/madabouthorror.co.uk\/wp-content\/uploads\/2023\/03\/ghost_face_dead_by_daylight_mask.jpg","contentUrl":"https:\/\/madabouthorror.co.uk\/wp-content\/uploads\/2023\/03\/ghost_face_dead_by_daylight_mask.jpg","width":670,"height":670,"caption":"Dead by Daylight Arctic GhostFace Mask - Fun World"},{"@type":"BreadcrumbList","@id":"https:\/\/madabouthorror.co.uk\/product\/dead-by-daylight-arctic-ghostface-mask\/#breadcrumb","itemListElement":[{"@type":"ListItem","position":1,"name":"Shop","item":"https:\/\/madabouthorror.co.uk\/shop\/"},{"@type":"ListItem","position":2,"name":"Dead by Daylight Arctic GhostFace Mask"}]},{"@type":"WebSite","@id":"https:\/\/madabouthorror.co.uk\/#website","url":"https:\/\/madabouthorror.co.uk\/","name":"Verr\u00fcckt nach Horror","description":"","publisher":{"@id":"https:\/\/madabouthorror.co.uk\/#organization"},"alternateName":"Mad About Horror Limited","potentialAction":[{"@type":"SearchAction","target":{"@type":"EntryPoint","urlTemplate":"https:\/\/madabouthorror.co.uk\/?s={search_term_string}"},"query-input":{"@type":"PropertyValueSpecification","valueRequired":true,"valueName":"search_term_string"}}],"inLanguage":"de"},{"@type":"Organization","@id":"https:\/\/madabouthorror.co.uk\/#organization","name":"Verr\u00fcckt nach Horror","url":"https:\/\/madabouthorror.co.uk\/","logo":{"@type":"ImageObject","inLanguage":"de","@id":"https:\/\/madabouthorror.co.uk\/#\/schema\/logo\/image\/","url":"https:\/\/madabouthorror.co.uk\/wp-content\/uploads\/2024\/02\/cropped-Logo.png","contentUrl":"https:\/\/madabouthorror.co.uk\/wp-content\/uploads\/2024\/02\/cropped-Logo.png","width":240,"height":88,"caption":"Mad About Horror"},"image":{"@id":"https:\/\/madabouthorror.co.uk\/#\/schema\/logo\/image\/"},"sameAs":["https:\/\/www.facebook.com\/madabouthorror\/","https:\/\/www.instagram.com\/madabouthorror\/","https:\/\/www.pinterest.co.uk\/madabouthorror\/","https:\/\/www.youtube.com\/channel\/UCBooLOIxjoQ89dj6T5lWm_w","https:\/\/www.tiktok.com\/@weremadabouthorror"]}]}},"df_price":23.95,"df_sale_price":"","df_regular_price":23.95,"df_image_link":"https:\/\/madabouthorror.co.uk\/wp-content\/uploads\/2023\/03\/ghost_face_dead_by_daylight_mask-300x300.jpg","_links":{"self":[{"href":"https:\/\/madabouthorror.co.uk\/de\/wp-json\/wp\/v2\/product\/127540","targetHints":{"allow":["GET"]}}],"collection":[{"href":"https:\/\/madabouthorror.co.uk\/de\/wp-json\/wp\/v2\/product"}],"about":[{"href":"https:\/\/madabouthorror.co.uk\/de\/wp-json\/wp\/v2\/types\/product"}],"replies":[{"embeddable":true,"href":"https:\/\/madabouthorror.co.uk\/de\/wp-json\/wp\/v2\/comments?post=127540"}],"wp:featuredmedia":[{"embeddable":true,"href":"https:\/\/madabouthorror.co.uk\/de\/wp-json\/wp\/v2\/media\/127539"}],"wp:attachment":[{"href":"https:\/\/madabouthorror.co.uk\/de\/wp-json\/wp\/v2\/media?parent=127540"}],"wp:term":[{"taxonomy":"product_brand","embeddable":true,"href":"https:\/\/madabouthorror.co.uk\/de\/wp-json\/wp\/v2\/product_brand?post=127540"},{"taxonomy":"product_cat","embeddable":true,"href":"https:\/\/madabouthorror.co.uk\/de\/wp-json\/wp\/v2\/product_cat?post=127540"},{"taxonomy":"product_tag","embeddable":true,"href":"https:\/\/madabouthorror.co.uk\/de\/wp-json\/wp\/v2\/product_tag?post=127540"}],"curies":[{"name":"wp","href":"https:\/\/api.w.org\/{rel}","templated":true}]}}