{"id":127607,"date":"2023-03-16T11:33:05","date_gmt":"2023-03-16T11:33:05","guid":{"rendered":"https:\/\/mah.6bdv.ws\/product\/halloween-ends-coreys-scarecrow-plastic-mask\/"},"modified":"2026-04-20T13:42:49","modified_gmt":"2026-04-20T12:42:49","slug":"halloween-ends-coreys-scarecrow-plastic-mask","status":"publish","type":"product","link":"https:\/\/madabouthorror.co.uk\/de\/product\/halloween-ends-coreys-scarecrow-plastic-mask\/","title":{"rendered":"Halloween endet - Corey's Vogelscheuche Plastikmaske"},"content":{"rendered":"<p>Hier kommt die offiziell lizenzierte Halloween Ends Scarecrow Mask von Trick or Treat Studios, die von Christopher Nelson und Vincent Van Dyke gestaltet wurde. Diese Maske ist eine direkte Kreation des Filmmeisters, die der Maske nachempfunden ist, die Corey im letzten Teil der Blumhouse-Trilogie (2022) tr\u00e4gt. Die Maske ist aus Kunststoff gefertigt und mit einem elastischen Band versehen, um den Tragekomfort zu erh\u00f6hen. Sie wurde sorgf\u00e4ltig bemalt, um mit ihrem Gegenst\u00fcck aus dem Film \u00fcbereinzustimmen. Besitzen Sie ein St\u00fcck von Halloween Ends und verk\u00f6rpern Sie die Angst mit dieser authentischen und offiziell lizenzierten Vogelscheuchen-Maske!<\/p>\n<p><strong>Einzelheiten:<\/strong><\/p>\n<ul>\n<li>Kunststoff mit Gummiband<\/li>\n<li>Offiziell lizenziert von Trick or Treat Studios<\/li>\n<li>Halloween 2022<\/li>\n<\/ul>\n<div>\n<div><\/div>\n<\/div>\n<div><em>2022 Miramax, LLC. Alle Rechte vorbehalten. MIRAMAX und Halloween Ends sind Marken oder eingetragene Marken von Miramax, LLC. Verwendung unter Lizenz. www.miramax.com<\/em><\/div>","protected":false},"excerpt":{"rendered":"<p>Hier kommt die offiziell lizenzierte Halloween Ends Scarecrow Mask von Trick or Treat Studios, die von Christopher Nelson und Vincent Van Dyke gestaltet wurde. Diese Maske ist eine direkte Kreation des Filmmeisters, die der Maske nachempfunden ist, die Corey im letzten Teil der Blumhouse-Trilogie (2022) tr\u00e4gt. Gefertigt aus Kunststoff mit einem elastischen Band f\u00fcr Komfort, [...]<\/p>","protected":false},"featured_media":127606,"comment_status":"closed","ping_status":"closed","template":"","meta":{"_acf_changed":false},"product_brand":[],"product_cat":[6580,10132,10038,6784,9962,6541,6792,6660],"product_tag":[],"class_list":{"0":"post-127607","1":"product","2":"type-product","3":"status-publish","4":"has-post-thumbnail","6":"product_cat-movie-tv","7":"product_cat-masks-collectibles","8":"product_cat-horror-gifts","9":"product_cat-michael-myers","10":"product_cat-trick-or-treat-studios-masks","11":"product_cat-masks","12":"product_cat-trick-or-treat-studios","13":"product_cat-halloweenmichaelmyers","14":"product_shipping_class-small-parcel-economy-3-5-business-days","15":"pa_brand-trickortreatstudios","16":"pa_character-halloweenmichaelmyers","17":"pa_google_tax-e4-clothingaccessoriescostume","18":"pa_material-containslatex","20":"first","21":"instock","22":"taxable","23":"shipping-taxable","24":"purchasable","25":"product-type-simple"},"supplier_id":471029,"supplier_sku":"CNMF110","barcode":"810116281114","atum_controlled":true,"out_stock_date":null,"out_stock_threshold":null,"inheritable":false,"inbound_stock":3,"stock_on_hold":0,"sold_today":0,"sales_last_days":0,"reserved_stock":0,"customer_returns":0,"warehouse_damage":0,"lost_in_post":0,"other_logs":0,"out_stock_days":0,"lost_sales":0,"has_location":false,"update_date":"2026-04-23T01:55:52","atum_locations":[],"atum_stock_status":"instock","restock_status":false,"low_stock_amount":5,"sales_update_date":"2026-04-23T01:55:50","calc_backorders":null,"acf":[],"yoast_head":"<!-- This site is optimized with the Yoast SEO plugin v27.4 - https:\/\/yoast.com\/product\/yoast-seo-wordpress\/ -->\n<title>Halloween Ends - Corey&#039;s Scarecrow Plastic Mask<\/title>\n<meta name=\"description\" content=\"Official Halloween Ends Corey&#039;s Scarecrow plastic halloween mask by Trick or Treat Studios. Shop our full range of masks from Trick or Treat Studios!\" \/>\n<meta name=\"robots\" content=\"index, follow, max-snippet:-1, max-image-preview:large, max-video-preview:-1\" \/>\n<link rel=\"canonical\" href=\"https:\/\/madabouthorror.co.uk\/de\/product\/halloween-ends-coreys-scarecrow-plastic-mask\/\" \/>\n<meta property=\"og:locale\" content=\"de_DE\" \/>\n<meta property=\"og:type\" content=\"article\" \/>\n<meta property=\"og:title\" content=\"Halloween Ends - Corey&#039;s Scarecrow Plastic Mask\" \/>\n<meta property=\"og:description\" content=\"Official Halloween Ends Corey&#039;s Scarecrow plastic halloween mask by Trick or Treat Studios. Shop our full range of masks from Trick or Treat Studios!\" \/>\n<meta property=\"og:url\" content=\"https:\/\/madabouthorror.co.uk\/de\/product\/halloween-ends-coreys-scarecrow-plastic-mask\/\" \/>\n<meta property=\"og:site_name\" content=\"Mad About Horror\" \/>\n<meta property=\"article:publisher\" content=\"https:\/\/www.facebook.com\/madabouthorror\/\" \/>\n<meta property=\"article:modified_time\" content=\"2026-04-20T12:42:49+00:00\" \/>\n<meta property=\"og:image\" content=\"https:\/\/madabouthorror.co.uk\/wp-content\/uploads\/2023\/03\/tots_halloween_ends_coreys_mask.jpg\" \/>\n\t<meta property=\"og:image:width\" content=\"650\" \/>\n\t<meta property=\"og:image:height\" content=\"650\" \/>\n\t<meta property=\"og:image:type\" content=\"image\/jpeg\" \/>\n<meta name=\"twitter:card\" content=\"summary_large_image\" \/>\n<meta name=\"twitter:label1\" content=\"Gesch\u00e4tzte Lesezeit\" \/>\n\t<meta name=\"twitter:data1\" content=\"1\u00a0Minute\" \/>\n<script type=\"application\/ld+json\" class=\"yoast-schema-graph\">{\"@context\":\"https:\\\/\\\/schema.org\",\"@graph\":[{\"@type\":[\"WebPage\",\"ItemPage\"],\"@id\":\"https:\\\/\\\/madabouthorror.co.uk\\\/product\\\/halloween-ends-coreys-scarecrow-plastic-mask\\\/\",\"url\":\"https:\\\/\\\/madabouthorror.co.uk\\\/product\\\/halloween-ends-coreys-scarecrow-plastic-mask\\\/\",\"name\":\"Halloween Ends - Corey's Scarecrow Plastic Mask\",\"isPartOf\":{\"@id\":\"https:\\\/\\\/madabouthorror.co.uk\\\/#website\"},\"primaryImageOfPage\":{\"@id\":\"https:\\\/\\\/madabouthorror.co.uk\\\/product\\\/halloween-ends-coreys-scarecrow-plastic-mask\\\/#primaryimage\"},\"image\":{\"@id\":\"https:\\\/\\\/madabouthorror.co.uk\\\/product\\\/halloween-ends-coreys-scarecrow-plastic-mask\\\/#primaryimage\"},\"thumbnailUrl\":\"https:\\\/\\\/madabouthorror.co.uk\\\/wp-content\\\/uploads\\\/2023\\\/03\\\/tots_halloween_ends_coreys_mask.jpg\",\"datePublished\":\"2023-03-16T11:33:05+00:00\",\"dateModified\":\"2026-04-20T12:42:49+00:00\",\"description\":\"Official Halloween Ends Corey's Scarecrow plastic halloween mask by Trick or Treat Studios. Shop our full range of masks from Trick or Treat Studios!\",\"breadcrumb\":{\"@id\":\"https:\\\/\\\/madabouthorror.co.uk\\\/product\\\/halloween-ends-coreys-scarecrow-plastic-mask\\\/#breadcrumb\"},\"inLanguage\":\"de\",\"potentialAction\":[{\"@type\":\"ReadAction\",\"target\":[\"https:\\\/\\\/madabouthorror.co.uk\\\/product\\\/halloween-ends-coreys-scarecrow-plastic-mask\\\/\"]}]},{\"@type\":\"ImageObject\",\"inLanguage\":\"de\",\"@id\":\"https:\\\/\\\/madabouthorror.co.uk\\\/product\\\/halloween-ends-coreys-scarecrow-plastic-mask\\\/#primaryimage\",\"url\":\"https:\\\/\\\/madabouthorror.co.uk\\\/wp-content\\\/uploads\\\/2023\\\/03\\\/tots_halloween_ends_coreys_mask.jpg\",\"contentUrl\":\"https:\\\/\\\/madabouthorror.co.uk\\\/wp-content\\\/uploads\\\/2023\\\/03\\\/tots_halloween_ends_coreys_mask.jpg\",\"width\":650,\"height\":650,\"caption\":\"Halloween Ends - Corey's Scarecrow Plastic Mask\"},{\"@type\":\"BreadcrumbList\",\"@id\":\"https:\\\/\\\/madabouthorror.co.uk\\\/product\\\/halloween-ends-coreys-scarecrow-plastic-mask\\\/#breadcrumb\",\"itemListElement\":[{\"@type\":\"ListItem\",\"position\":1,\"name\":\"Shop\",\"item\":\"https:\\\/\\\/madabouthorror.co.uk\\\/shop\\\/\"},{\"@type\":\"ListItem\",\"position\":2,\"name\":\"Halloween Ends &#8211; Corey&#8217;s Scarecrow Plastic Mask\"}]},{\"@type\":\"WebSite\",\"@id\":\"https:\\\/\\\/madabouthorror.co.uk\\\/#website\",\"url\":\"https:\\\/\\\/madabouthorror.co.uk\\\/\",\"name\":\"Mad About Horror\",\"description\":\"\",\"publisher\":{\"@id\":\"https:\\\/\\\/madabouthorror.co.uk\\\/#organization\"},\"alternateName\":\"Mad About Horror Limited\",\"potentialAction\":[{\"@type\":\"SearchAction\",\"target\":{\"@type\":\"EntryPoint\",\"urlTemplate\":\"https:\\\/\\\/madabouthorror.co.uk\\\/?s={search_term_string}\"},\"query-input\":{\"@type\":\"PropertyValueSpecification\",\"valueRequired\":true,\"valueName\":\"search_term_string\"}}],\"inLanguage\":\"de\"},{\"@type\":\"Organization\",\"@id\":\"https:\\\/\\\/madabouthorror.co.uk\\\/#organization\",\"name\":\"Mad About Horror\",\"url\":\"https:\\\/\\\/madabouthorror.co.uk\\\/\",\"logo\":{\"@type\":\"ImageObject\",\"inLanguage\":\"de\",\"@id\":\"https:\\\/\\\/madabouthorror.co.uk\\\/#\\\/schema\\\/logo\\\/image\\\/\",\"url\":\"https:\\\/\\\/madabouthorror.co.uk\\\/wp-content\\\/uploads\\\/2024\\\/02\\\/cropped-Logo.png\",\"contentUrl\":\"https:\\\/\\\/madabouthorror.co.uk\\\/wp-content\\\/uploads\\\/2024\\\/02\\\/cropped-Logo.png\",\"width\":240,\"height\":88,\"caption\":\"Mad About Horror\"},\"image\":{\"@id\":\"https:\\\/\\\/madabouthorror.co.uk\\\/#\\\/schema\\\/logo\\\/image\\\/\"},\"sameAs\":[\"https:\\\/\\\/www.facebook.com\\\/madabouthorror\\\/\",\"https:\\\/\\\/www.instagram.com\\\/madabouthorror\\\/\",\"https:\\\/\\\/www.pinterest.co.uk\\\/madabouthorror\\\/\",\"https:\\\/\\\/www.youtube.com\\\/channel\\\/UCBooLOIxjoQ89dj6T5lWm_w\",\"https:\\\/\\\/www.tiktok.com\\\/@weremadabouthorror\"]}]}<\/script>\n<!-- \/ Yoast SEO plugin. -->","yoast_head_json":{"title":"Halloween endet - Corey's Vogelscheuche Plastikmaske","description":"Offizielle Halloween Maske Corey's Scarecrow aus Kunststoff von Trick or Treat Studios. Kaufen Sie unser gesamtes Sortiment an Masken von Trick or Treat Studios!","robots":{"index":"index","follow":"follow","max-snippet":"max-snippet:-1","max-image-preview":"max-image-preview:large","max-video-preview":"max-video-preview:-1"},"canonical":"https:\/\/madabouthorror.co.uk\/de\/product\/halloween-ends-coreys-scarecrow-plastic-mask\/","og_locale":"de_DE","og_type":"article","og_title":"Halloween Ends - Corey's Scarecrow Plastic Mask","og_description":"Official Halloween Ends Corey's Scarecrow plastic halloween mask by Trick or Treat Studios. Shop our full range of masks from Trick or Treat Studios!","og_url":"https:\/\/madabouthorror.co.uk\/de\/product\/halloween-ends-coreys-scarecrow-plastic-mask\/","og_site_name":"Mad About Horror","article_publisher":"https:\/\/www.facebook.com\/madabouthorror\/","article_modified_time":"2026-04-20T12:42:49+00:00","og_image":[{"width":650,"height":650,"url":"https:\/\/madabouthorror.co.uk\/wp-content\/uploads\/2023\/03\/tots_halloween_ends_coreys_mask.jpg","type":"image\/jpeg"}],"twitter_card":"summary_large_image","twitter_misc":{"Gesch\u00e4tzte Lesezeit":"1\u00a0Minute"},"schema":{"@context":"https:\/\/schema.org","@graph":[{"@type":["WebPage","ItemPage"],"@id":"https:\/\/madabouthorror.co.uk\/product\/halloween-ends-coreys-scarecrow-plastic-mask\/","url":"https:\/\/madabouthorror.co.uk\/product\/halloween-ends-coreys-scarecrow-plastic-mask\/","name":"Halloween endet - Corey's Vogelscheuche Plastikmaske","isPartOf":{"@id":"https:\/\/madabouthorror.co.uk\/#website"},"primaryImageOfPage":{"@id":"https:\/\/madabouthorror.co.uk\/product\/halloween-ends-coreys-scarecrow-plastic-mask\/#primaryimage"},"image":{"@id":"https:\/\/madabouthorror.co.uk\/product\/halloween-ends-coreys-scarecrow-plastic-mask\/#primaryimage"},"thumbnailUrl":"https:\/\/madabouthorror.co.uk\/wp-content\/uploads\/2023\/03\/tots_halloween_ends_coreys_mask.jpg","datePublished":"2023-03-16T11:33:05+00:00","dateModified":"2026-04-20T12:42:49+00:00","description":"Offizielle Halloween Maske Corey's Scarecrow aus Kunststoff von Trick or Treat Studios. Kaufen Sie unser gesamtes Sortiment an Masken von Trick or Treat Studios!","breadcrumb":{"@id":"https:\/\/madabouthorror.co.uk\/product\/halloween-ends-coreys-scarecrow-plastic-mask\/#breadcrumb"},"inLanguage":"de","potentialAction":[{"@type":"ReadAction","target":["https:\/\/madabouthorror.co.uk\/product\/halloween-ends-coreys-scarecrow-plastic-mask\/"]}]},{"@type":"ImageObject","inLanguage":"de","@id":"https:\/\/madabouthorror.co.uk\/product\/halloween-ends-coreys-scarecrow-plastic-mask\/#primaryimage","url":"https:\/\/madabouthorror.co.uk\/wp-content\/uploads\/2023\/03\/tots_halloween_ends_coreys_mask.jpg","contentUrl":"https:\/\/madabouthorror.co.uk\/wp-content\/uploads\/2023\/03\/tots_halloween_ends_coreys_mask.jpg","width":650,"height":650,"caption":"Halloween Ends - Corey's Scarecrow Plastic Mask"},{"@type":"BreadcrumbList","@id":"https:\/\/madabouthorror.co.uk\/product\/halloween-ends-coreys-scarecrow-plastic-mask\/#breadcrumb","itemListElement":[{"@type":"ListItem","position":1,"name":"Shop","item":"https:\/\/madabouthorror.co.uk\/shop\/"},{"@type":"ListItem","position":2,"name":"Halloween Ends &#8211; Corey&#8217;s Scarecrow Plastic Mask"}]},{"@type":"WebSite","@id":"https:\/\/madabouthorror.co.uk\/#website","url":"https:\/\/madabouthorror.co.uk\/","name":"Verr\u00fcckt nach Horror","description":"","publisher":{"@id":"https:\/\/madabouthorror.co.uk\/#organization"},"alternateName":"Mad About Horror Limited","potentialAction":[{"@type":"SearchAction","target":{"@type":"EntryPoint","urlTemplate":"https:\/\/madabouthorror.co.uk\/?s={search_term_string}"},"query-input":{"@type":"PropertyValueSpecification","valueRequired":true,"valueName":"search_term_string"}}],"inLanguage":"de"},{"@type":"Organization","@id":"https:\/\/madabouthorror.co.uk\/#organization","name":"Verr\u00fcckt nach Horror","url":"https:\/\/madabouthorror.co.uk\/","logo":{"@type":"ImageObject","inLanguage":"de","@id":"https:\/\/madabouthorror.co.uk\/#\/schema\/logo\/image\/","url":"https:\/\/madabouthorror.co.uk\/wp-content\/uploads\/2024\/02\/cropped-Logo.png","contentUrl":"https:\/\/madabouthorror.co.uk\/wp-content\/uploads\/2024\/02\/cropped-Logo.png","width":240,"height":88,"caption":"Mad About Horror"},"image":{"@id":"https:\/\/madabouthorror.co.uk\/#\/schema\/logo\/image\/"},"sameAs":["https:\/\/www.facebook.com\/madabouthorror\/","https:\/\/www.instagram.com\/madabouthorror\/","https:\/\/www.pinterest.co.uk\/madabouthorror\/","https:\/\/www.youtube.com\/channel\/UCBooLOIxjoQ89dj6T5lWm_w","https:\/\/www.tiktok.com\/@weremadabouthorror"]}]}},"df_price":28.08,"df_sale_price":"","df_regular_price":28.08,"df_image_link":"https:\/\/madabouthorror.co.uk\/wp-content\/uploads\/2023\/03\/tots_halloween_ends_coreys_mask-300x300.jpg","_links":{"self":[{"href":"https:\/\/madabouthorror.co.uk\/de\/wp-json\/wp\/v2\/product\/127607","targetHints":{"allow":["GET"]}}],"collection":[{"href":"https:\/\/madabouthorror.co.uk\/de\/wp-json\/wp\/v2\/product"}],"about":[{"href":"https:\/\/madabouthorror.co.uk\/de\/wp-json\/wp\/v2\/types\/product"}],"replies":[{"embeddable":true,"href":"https:\/\/madabouthorror.co.uk\/de\/wp-json\/wp\/v2\/comments?post=127607"}],"wp:featuredmedia":[{"embeddable":true,"href":"https:\/\/madabouthorror.co.uk\/de\/wp-json\/wp\/v2\/media\/127606"}],"wp:attachment":[{"href":"https:\/\/madabouthorror.co.uk\/de\/wp-json\/wp\/v2\/media?parent=127607"}],"wp:term":[{"taxonomy":"product_brand","embeddable":true,"href":"https:\/\/madabouthorror.co.uk\/de\/wp-json\/wp\/v2\/product_brand?post=127607"},{"taxonomy":"product_cat","embeddable":true,"href":"https:\/\/madabouthorror.co.uk\/de\/wp-json\/wp\/v2\/product_cat?post=127607"},{"taxonomy":"product_tag","embeddable":true,"href":"https:\/\/madabouthorror.co.uk\/de\/wp-json\/wp\/v2\/product_tag?post=127607"}],"curies":[{"name":"wp","href":"https:\/\/api.w.org\/{rel}","templated":true}]}}