{"id":131125,"date":"2023-04-18T10:49:18","date_gmt":"2023-04-18T09:49:18","guid":{"rendered":"https:\/\/mah.6bdv.ws\/product\/rob-zombie-s-halloween-2007-michael-myers-mask-pre-order\/"},"modified":"2026-04-20T15:40:12","modified_gmt":"2026-04-20T14:40:12","slug":"rob-zombie-s-halloween-2007-michael-myers-mask","status":"publish","type":"product","link":"https:\/\/madabouthorror.co.uk\/de\/product\/rob-zombie-s-halloween-2007-michael-myers-mask\/","title":{"rendered":"Rob Zombie's Halloween (2007) - Michael Myers Maske"},"content":{"rendered":"<p>Die offiziell lizenzierte Rob Zombie's Halloween (2007) Michael Myers Maske erweckt den Horror zum Leben! Diese Maske wurde von Wayne Toth, dem Special-Effects-K\u00fcnstler aus Rob Zombies Halloween-Reihe, angefertigt und wurde von Michael Myers w\u00e4hrend der verr\u00fcckten Ereignisse von Halloween (2007) getragen.<\/p>\n<p>Diese von den Trick or Treat Studios entwickelte Version von Halloween (2007) wurde unter der Aufsicht des Spezialeffektk\u00fcnstlers Wayne Toth sorgf\u00e4ltig aus der im Film verwendeten Urform hergestellt. Die Liebe zum Detail sorgt f\u00fcr eine unvergleichliche Authentizit\u00e4t und macht sie zu einem Muss f\u00fcr Horror-Enthusiasten und Sammler.<\/p>\n<p>Holen Sie sich den Terror nach Hause und verk\u00f6rpern Sie Michael Myers mit unserer authentischen und offiziell lizenzierten Rob Zombie's Halloween (2007) Michael Myers Maske. Bestellen Sie jetzt und erleben Sie den echten Schrecken und die Handwerkskunst, die diese Maske im Bereich der Horror-Memorabilia auszeichnet.<\/p>\n<div class=\"description rte section cf not-in-quickbuy\">\n<p><strong>Einzelheiten:<\/strong><\/p>\n<ul>\n<li>Maske der Meisterform<\/li>\n<li>Offiziell lizenziert<\/li>\n<li>Trick or Treat Studios<\/li>\n<li>Rob Zombies Halloween 2007<\/li>\n<\/ul>\n<p>Pr\u00fcfen Sie unsere mehr <a href=\"https:\/\/madabouthorror.co.uk\/de\/c\/character\/michael-myers\/\">Michael Myers hier<\/a><\/p>\n<p>Brauchen Sie Hilfe beim Haarstyling? Besuchen Sie unser <a href=\"https:\/\/www.youtube.com\/watch?v=pzCUkb0Wn68\">Lehrgang<\/a><\/p>\n<p>Brauchen Sie Hilfe bei der Gr\u00f6\u00dfenbestimmung? Sehen Sie sich unser <a href=\"https:\/\/www.youtube.com\/watch?v=HzLa4zcB3J4&amp;t=3s\">Leitfaden<\/a><\/p>\n<\/div>\n<p>&nbsp;<\/p>","protected":false},"excerpt":{"rendered":"<p>Die offiziell lizenzierte Rob Zombie's Halloween (2007) Michael Myers Maske erweckt den Horror zum Leben! Diese Maske wurde von Wayne Toth, dem Special-Effects-K\u00fcnstler aus Rob Zombies Halloween-Reihe, angefertigt und wurde von Michael w\u00e4hrend der verr\u00fcckten Ereignisse von Halloween (2007) getragen. Diese von Trick or Treat Studios entwickelte Version von Halloween (2007) wurde sorgf\u00e4ltig mit [...]<\/p>","protected":false},"featured_media":131124,"comment_status":"closed","ping_status":"closed","template":"","meta":{"_acf_changed":false},"product_brand":[],"product_cat":[6580,10100,10132,9978,7091,6551,10038,6784,9962,6541,6792,6660],"product_tag":[],"class_list":{"0":"post-131125","1":"product","2":"type-product","3":"status-publish","4":"has-post-thumbnail","6":"product_cat-movie-tv","7":"product_cat-latex-masks","8":"product_cat-masks-collectibles","9":"product_cat-michael-myers-costumes","10":"product_cat-tv-movie","11":"product_cat-costumes","12":"product_cat-horror-gifts","13":"product_cat-michael-myers","14":"product_cat-trick-or-treat-studios-masks","15":"product_cat-masks","16":"product_cat-trick-or-treat-studios","17":"product_cat-halloweenmichaelmyers","19":"first","20":"instock","21":"taxable","22":"shipping-taxable","23":"purchasable","24":"product-type-simple"},"supplier_id":467429,"supplier_sku":"WTLG101","barcode":"811501031796","atum_controlled":true,"out_stock_date":null,"out_stock_threshold":null,"inheritable":false,"inbound_stock":39,"stock_on_hold":0,"sold_today":0,"sales_last_days":3,"reserved_stock":0,"customer_returns":0,"warehouse_damage":0,"lost_in_post":0,"other_logs":0,"out_stock_days":0,"lost_sales":0,"has_location":false,"update_date":"2026-04-24T02:06:34","atum_locations":[],"atum_stock_status":"instock","restock_status":false,"low_stock_amount":19,"sales_update_date":"2026-04-24T02:06:32","calc_backorders":null,"acf":[],"yoast_head":"<!-- This site is optimized with the Yoast SEO plugin v27.4 - https:\/\/yoast.com\/product\/yoast-seo-wordpress\/ -->\n<title>Michael Myers Mask 2007 - Rob Zombie Halloween | Mad About Horror<\/title>\n<meta name=\"description\" content=\"Rob Zombie Myers Mask. Halloween 2007 - Michael Myers. Official UK Stockist of Trick or Treat Studios. Shop Horror collectibles and Halloween props.\" \/>\n<meta name=\"robots\" content=\"index, follow, max-snippet:-1, max-image-preview:large, max-video-preview:-1\" \/>\n<link rel=\"canonical\" href=\"https:\/\/madabouthorror.co.uk\/de\/product\/rob-zombie-s-halloween-2007-michael-myers-mask\/\" \/>\n<meta property=\"og:locale\" content=\"de_DE\" \/>\n<meta property=\"og:type\" content=\"article\" \/>\n<meta property=\"og:title\" content=\"Michael Myers Mask 2007 - Rob Zombie Halloween | Mad About Horror\" \/>\n<meta property=\"og:description\" content=\"Rob Zombie Myers Mask. Halloween 2007 - Michael Myers. Official UK Stockist of Trick or Treat Studios. Shop Horror collectibles and Halloween props.\" \/>\n<meta property=\"og:url\" content=\"https:\/\/madabouthorror.co.uk\/de\/product\/rob-zombie-s-halloween-2007-michael-myers-mask\/\" \/>\n<meta property=\"og:site_name\" content=\"Mad About Horror\" \/>\n<meta property=\"article:publisher\" content=\"https:\/\/www.facebook.com\/madabouthorror\/\" \/>\n<meta property=\"article:modified_time\" content=\"2026-04-20T14:40:12+00:00\" \/>\n<meta property=\"og:image\" content=\"https:\/\/madabouthorror.co.uk\/wp-content\/uploads\/2023\/04\/trick_or_treat_studios_rob_zombie_myers_mask.jpg\" \/>\n\t<meta property=\"og:image:width\" content=\"670\" \/>\n\t<meta property=\"og:image:height\" content=\"670\" \/>\n\t<meta property=\"og:image:type\" content=\"image\/jpeg\" \/>\n<meta name=\"twitter:card\" content=\"summary_large_image\" \/>\n<meta name=\"twitter:label1\" content=\"Gesch\u00e4tzte Lesezeit\" \/>\n\t<meta name=\"twitter:data1\" content=\"1\u00a0Minute\" \/>\n<script type=\"application\/ld+json\" class=\"yoast-schema-graph\">{\"@context\":\"https:\\\/\\\/schema.org\",\"@graph\":[{\"@type\":[\"WebPage\",\"ItemPage\"],\"@id\":\"https:\\\/\\\/madabouthorror.co.uk\\\/product\\\/rob-zombie-s-halloween-2007-michael-myers-mask\\\/\",\"url\":\"https:\\\/\\\/madabouthorror.co.uk\\\/product\\\/rob-zombie-s-halloween-2007-michael-myers-mask\\\/\",\"name\":\"Michael Myers Mask 2007 - Rob Zombie Halloween | Mad About Horror\",\"isPartOf\":{\"@id\":\"https:\\\/\\\/madabouthorror.co.uk\\\/#website\"},\"primaryImageOfPage\":{\"@id\":\"https:\\\/\\\/madabouthorror.co.uk\\\/product\\\/rob-zombie-s-halloween-2007-michael-myers-mask\\\/#primaryimage\"},\"image\":{\"@id\":\"https:\\\/\\\/madabouthorror.co.uk\\\/product\\\/rob-zombie-s-halloween-2007-michael-myers-mask\\\/#primaryimage\"},\"thumbnailUrl\":\"https:\\\/\\\/madabouthorror.co.uk\\\/wp-content\\\/uploads\\\/2023\\\/04\\\/trick_or_treat_studios_rob_zombie_myers_mask.jpg\",\"datePublished\":\"2023-04-18T09:49:18+00:00\",\"dateModified\":\"2026-04-20T14:40:12+00:00\",\"description\":\"Rob Zombie Myers Mask. Halloween 2007 - Michael Myers. Official UK Stockist of Trick or Treat Studios. Shop Horror collectibles and Halloween props.\",\"breadcrumb\":{\"@id\":\"https:\\\/\\\/madabouthorror.co.uk\\\/product\\\/rob-zombie-s-halloween-2007-michael-myers-mask\\\/#breadcrumb\"},\"inLanguage\":\"de\",\"potentialAction\":[{\"@type\":\"ReadAction\",\"target\":[\"https:\\\/\\\/madabouthorror.co.uk\\\/product\\\/rob-zombie-s-halloween-2007-michael-myers-mask\\\/\"]}]},{\"@type\":\"ImageObject\",\"inLanguage\":\"de\",\"@id\":\"https:\\\/\\\/madabouthorror.co.uk\\\/product\\\/rob-zombie-s-halloween-2007-michael-myers-mask\\\/#primaryimage\",\"url\":\"https:\\\/\\\/madabouthorror.co.uk\\\/wp-content\\\/uploads\\\/2023\\\/04\\\/trick_or_treat_studios_rob_zombie_myers_mask.jpg\",\"contentUrl\":\"https:\\\/\\\/madabouthorror.co.uk\\\/wp-content\\\/uploads\\\/2023\\\/04\\\/trick_or_treat_studios_rob_zombie_myers_mask.jpg\",\"width\":670,\"height\":670,\"caption\":\"Rob Zombie's Halloween (2007) - Michael Myers Mask\"},{\"@type\":\"BreadcrumbList\",\"@id\":\"https:\\\/\\\/madabouthorror.co.uk\\\/product\\\/rob-zombie-s-halloween-2007-michael-myers-mask\\\/#breadcrumb\",\"itemListElement\":[{\"@type\":\"ListItem\",\"position\":1,\"name\":\"Shop\",\"item\":\"https:\\\/\\\/madabouthorror.co.uk\\\/shop\\\/\"},{\"@type\":\"ListItem\",\"position\":2,\"name\":\"Rob Zombie&#8217;s Halloween (2007) &#8211; Michael Myers Mask\"}]},{\"@type\":\"WebSite\",\"@id\":\"https:\\\/\\\/madabouthorror.co.uk\\\/#website\",\"url\":\"https:\\\/\\\/madabouthorror.co.uk\\\/\",\"name\":\"Mad About Horror\",\"description\":\"\",\"publisher\":{\"@id\":\"https:\\\/\\\/madabouthorror.co.uk\\\/#organization\"},\"alternateName\":\"Mad About Horror Limited\",\"potentialAction\":[{\"@type\":\"SearchAction\",\"target\":{\"@type\":\"EntryPoint\",\"urlTemplate\":\"https:\\\/\\\/madabouthorror.co.uk\\\/?s={search_term_string}\"},\"query-input\":{\"@type\":\"PropertyValueSpecification\",\"valueRequired\":true,\"valueName\":\"search_term_string\"}}],\"inLanguage\":\"de\"},{\"@type\":\"Organization\",\"@id\":\"https:\\\/\\\/madabouthorror.co.uk\\\/#organization\",\"name\":\"Mad About Horror\",\"url\":\"https:\\\/\\\/madabouthorror.co.uk\\\/\",\"logo\":{\"@type\":\"ImageObject\",\"inLanguage\":\"de\",\"@id\":\"https:\\\/\\\/madabouthorror.co.uk\\\/#\\\/schema\\\/logo\\\/image\\\/\",\"url\":\"https:\\\/\\\/madabouthorror.co.uk\\\/wp-content\\\/uploads\\\/2024\\\/02\\\/cropped-Logo.png\",\"contentUrl\":\"https:\\\/\\\/madabouthorror.co.uk\\\/wp-content\\\/uploads\\\/2024\\\/02\\\/cropped-Logo.png\",\"width\":240,\"height\":88,\"caption\":\"Mad About Horror\"},\"image\":{\"@id\":\"https:\\\/\\\/madabouthorror.co.uk\\\/#\\\/schema\\\/logo\\\/image\\\/\"},\"sameAs\":[\"https:\\\/\\\/www.facebook.com\\\/madabouthorror\\\/\",\"https:\\\/\\\/www.instagram.com\\\/madabouthorror\\\/\",\"https:\\\/\\\/www.pinterest.co.uk\\\/madabouthorror\\\/\",\"https:\\\/\\\/www.youtube.com\\\/channel\\\/UCBooLOIxjoQ89dj6T5lWm_w\",\"https:\\\/\\\/www.tiktok.com\\\/@weremadabouthorror\"]}]}<\/script>\n<!-- \/ Yoast SEO plugin. -->","yoast_head_json":{"title":"Michael Myers Maske 2007 - Rob Zombie Halloween | Mad About Horror","description":"Rob Zombie Myers Maske. Halloween 2007 - Michael Myers. Offizieller UK-H\u00e4ndler von Trick or Treat Studios. Shop Horror Sammlerst\u00fccke und Halloween Requisiten.","robots":{"index":"index","follow":"follow","max-snippet":"max-snippet:-1","max-image-preview":"max-image-preview:large","max-video-preview":"max-video-preview:-1"},"canonical":"https:\/\/madabouthorror.co.uk\/de\/product\/rob-zombie-s-halloween-2007-michael-myers-mask\/","og_locale":"de_DE","og_type":"article","og_title":"Michael Myers Mask 2007 - Rob Zombie Halloween | Mad About Horror","og_description":"Rob Zombie Myers Mask. Halloween 2007 - Michael Myers. Official UK Stockist of Trick or Treat Studios. Shop Horror collectibles and Halloween props.","og_url":"https:\/\/madabouthorror.co.uk\/de\/product\/rob-zombie-s-halloween-2007-michael-myers-mask\/","og_site_name":"Mad About Horror","article_publisher":"https:\/\/www.facebook.com\/madabouthorror\/","article_modified_time":"2026-04-20T14:40:12+00:00","og_image":[{"width":670,"height":670,"url":"https:\/\/madabouthorror.co.uk\/wp-content\/uploads\/2023\/04\/trick_or_treat_studios_rob_zombie_myers_mask.jpg","type":"image\/jpeg"}],"twitter_card":"summary_large_image","twitter_misc":{"Gesch\u00e4tzte Lesezeit":"1\u00a0Minute"},"schema":{"@context":"https:\/\/schema.org","@graph":[{"@type":["WebPage","ItemPage"],"@id":"https:\/\/madabouthorror.co.uk\/product\/rob-zombie-s-halloween-2007-michael-myers-mask\/","url":"https:\/\/madabouthorror.co.uk\/product\/rob-zombie-s-halloween-2007-michael-myers-mask\/","name":"Michael Myers Maske 2007 - Rob Zombie Halloween | Mad About Horror","isPartOf":{"@id":"https:\/\/madabouthorror.co.uk\/#website"},"primaryImageOfPage":{"@id":"https:\/\/madabouthorror.co.uk\/product\/rob-zombie-s-halloween-2007-michael-myers-mask\/#primaryimage"},"image":{"@id":"https:\/\/madabouthorror.co.uk\/product\/rob-zombie-s-halloween-2007-michael-myers-mask\/#primaryimage"},"thumbnailUrl":"https:\/\/madabouthorror.co.uk\/wp-content\/uploads\/2023\/04\/trick_or_treat_studios_rob_zombie_myers_mask.jpg","datePublished":"2023-04-18T09:49:18+00:00","dateModified":"2026-04-20T14:40:12+00:00","description":"Rob Zombie Myers Maske. Halloween 2007 - Michael Myers. Offizieller UK-H\u00e4ndler von Trick or Treat Studios. Shop Horror Sammlerst\u00fccke und Halloween Requisiten.","breadcrumb":{"@id":"https:\/\/madabouthorror.co.uk\/product\/rob-zombie-s-halloween-2007-michael-myers-mask\/#breadcrumb"},"inLanguage":"de","potentialAction":[{"@type":"ReadAction","target":["https:\/\/madabouthorror.co.uk\/product\/rob-zombie-s-halloween-2007-michael-myers-mask\/"]}]},{"@type":"ImageObject","inLanguage":"de","@id":"https:\/\/madabouthorror.co.uk\/product\/rob-zombie-s-halloween-2007-michael-myers-mask\/#primaryimage","url":"https:\/\/madabouthorror.co.uk\/wp-content\/uploads\/2023\/04\/trick_or_treat_studios_rob_zombie_myers_mask.jpg","contentUrl":"https:\/\/madabouthorror.co.uk\/wp-content\/uploads\/2023\/04\/trick_or_treat_studios_rob_zombie_myers_mask.jpg","width":670,"height":670,"caption":"Rob Zombie's Halloween (2007) - Michael Myers Mask"},{"@type":"BreadcrumbList","@id":"https:\/\/madabouthorror.co.uk\/product\/rob-zombie-s-halloween-2007-michael-myers-mask\/#breadcrumb","itemListElement":[{"@type":"ListItem","position":1,"name":"Shop","item":"https:\/\/madabouthorror.co.uk\/shop\/"},{"@type":"ListItem","position":2,"name":"Rob Zombie&#8217;s Halloween (2007) &#8211; Michael Myers Mask"}]},{"@type":"WebSite","@id":"https:\/\/madabouthorror.co.uk\/#website","url":"https:\/\/madabouthorror.co.uk\/","name":"Verr\u00fcckt nach Horror","description":"","publisher":{"@id":"https:\/\/madabouthorror.co.uk\/#organization"},"alternateName":"Mad About Horror Limited","potentialAction":[{"@type":"SearchAction","target":{"@type":"EntryPoint","urlTemplate":"https:\/\/madabouthorror.co.uk\/?s={search_term_string}"},"query-input":{"@type":"PropertyValueSpecification","valueRequired":true,"valueName":"search_term_string"}}],"inLanguage":"de"},{"@type":"Organization","@id":"https:\/\/madabouthorror.co.uk\/#organization","name":"Verr\u00fcckt nach Horror","url":"https:\/\/madabouthorror.co.uk\/","logo":{"@type":"ImageObject","inLanguage":"de","@id":"https:\/\/madabouthorror.co.uk\/#\/schema\/logo\/image\/","url":"https:\/\/madabouthorror.co.uk\/wp-content\/uploads\/2024\/02\/cropped-Logo.png","contentUrl":"https:\/\/madabouthorror.co.uk\/wp-content\/uploads\/2024\/02\/cropped-Logo.png","width":240,"height":88,"caption":"Mad About Horror"},"image":{"@id":"https:\/\/madabouthorror.co.uk\/#\/schema\/logo\/image\/"},"sameAs":["https:\/\/www.facebook.com\/madabouthorror\/","https:\/\/www.instagram.com\/madabouthorror\/","https:\/\/www.pinterest.co.uk\/madabouthorror\/","https:\/\/www.youtube.com\/channel\/UCBooLOIxjoQ89dj6T5lWm_w","https:\/\/www.tiktok.com\/@weremadabouthorror"]}]}},"df_price":67.66,"df_sale_price":"","df_regular_price":67.66,"df_image_link":"https:\/\/madabouthorror.co.uk\/wp-content\/uploads\/2023\/04\/trick_or_treat_studios_rob_zombie_myers_mask-300x300.jpg","_links":{"self":[{"href":"https:\/\/madabouthorror.co.uk\/de\/wp-json\/wp\/v2\/product\/131125","targetHints":{"allow":["GET"]}}],"collection":[{"href":"https:\/\/madabouthorror.co.uk\/de\/wp-json\/wp\/v2\/product"}],"about":[{"href":"https:\/\/madabouthorror.co.uk\/de\/wp-json\/wp\/v2\/types\/product"}],"replies":[{"embeddable":true,"href":"https:\/\/madabouthorror.co.uk\/de\/wp-json\/wp\/v2\/comments?post=131125"}],"wp:featuredmedia":[{"embeddable":true,"href":"https:\/\/madabouthorror.co.uk\/de\/wp-json\/wp\/v2\/media\/131124"}],"wp:attachment":[{"href":"https:\/\/madabouthorror.co.uk\/de\/wp-json\/wp\/v2\/media?parent=131125"}],"wp:term":[{"taxonomy":"product_brand","embeddable":true,"href":"https:\/\/madabouthorror.co.uk\/de\/wp-json\/wp\/v2\/product_brand?post=131125"},{"taxonomy":"product_cat","embeddable":true,"href":"https:\/\/madabouthorror.co.uk\/de\/wp-json\/wp\/v2\/product_cat?post=131125"},{"taxonomy":"product_tag","embeddable":true,"href":"https:\/\/madabouthorror.co.uk\/de\/wp-json\/wp\/v2\/product_tag?post=131125"}],"curies":[{"name":"wp","href":"https:\/\/api.w.org\/{rel}","templated":true}]}}