{"id":131133,"date":"2023-04-18T11:57:47","date_gmt":"2023-04-18T10:57:47","guid":{"rendered":"https:\/\/mah.6bdv.ws\/product\/rob-zombie-halloween-2-2009-bowie-knife-pre-order\/"},"modified":"2026-04-02T09:39:32","modified_gmt":"2026-04-02T08:39:32","slug":"rob-zombie-halloween-2-2009-bowie-knife","status":"publish","type":"product","link":"https:\/\/madabouthorror.co.uk\/de\/product\/rob-zombie-halloween-2-2009-bowie-knife\/","title":{"rendered":"Rob Zombie Halloween 2 (2009) - Bowie-Messer"},"content":{"rendered":"<p>Aus der Halloween-Serie von Rob Zombie kommt das offiziell lizenzierte Bowie-Messer! Dieses imposant gro\u00dfe Messer ist aus Spritzguss-Kunststoff gefertigt und mit realistisch aussehendem Blut auf der Klinge verschmiert!<\/p>\n<div class=\"description rte section cf not-in-quickbuy\">\n<p>Dieses lizenzierte Requisit ist dem gro\u00dfen Jagdmesser nachempfunden, das Michael Myers in Halloween II (2009) verwendet! Es ist das perfekte Accessoire f\u00fcr Ihre Michael Myers-Maske (separat erh\u00e4ltlich) und f\u00fcr Halloween-Sammler!<\/p>\n<\/div>\n<div class=\"rte cf light-inner-row not-in-quickbuy\">\n<p>\u00ae \u2122 &amp; \u00a9 2023 Lions Gate Entertainment Inc. Alle Rechte vorbehalten.<\/p>\n<\/div>\n<div class=\"rte cf light-inner-row not-in-quickbuy\">\n<p>19\u2033 Gesamtl\u00e4nge, 13\u2033 Klinge<\/p>\n<\/div>","protected":false},"excerpt":{"rendered":"<p>Aus der Halloween-Serie von Rob Zombie kommt das offiziell lizenzierte Bowie-Messer! Dieses imposante Messer ist aus Spritzguss-Kunststoff gefertigt und mit realistisch aussehenden Blutspuren auf der Klinge versehen! Diese lizenzierte Requisite ist dem gro\u00dfen Jagdmesser nachempfunden, das Michael Myers in Halloween II (2009) verwendet! Es ist das perfekte Accessoire zu Ihrer Michael Myers-Maske (separat erh\u00e4ltlich) und f\u00fcr [...]<\/p>","protected":false},"featured_media":131132,"comment_status":"closed","ping_status":"closed","template":"","meta":{"_acf_changed":false},"product_brand":[],"product_cat":[10105,10078,7091,6551,10038,6552,6554,6792,6660],"product_tag":[],"class_list":{"0":"post-131133","1":"product","2":"type-product","3":"status-publish","4":"has-post-thumbnail","6":"product_cat-replica-knives","7":"product_cat-weapons-trick-or-treat-studios","8":"product_cat-tv-movie","9":"product_cat-costumes","10":"product_cat-horror-gifts","11":"product_cat-accessories","12":"product_cat-weapons","13":"product_cat-trick-or-treat-studios","14":"product_cat-halloweenmichaelmyers","15":"product_shipping_class-small-parcel-economy-3-5-business-days","17":"first","18":"outofstock","19":"taxable","20":"shipping-taxable","21":"purchasable","22":"product-type-simple"},"supplier_id":471029,"supplier_sku":"TTLG128","barcode":"810116281138","atum_controlled":true,"out_stock_date":"2025-07-04 22:03:28","out_stock_threshold":null,"inheritable":false,"inbound_stock":6,"stock_on_hold":0,"sold_today":0,"sales_last_days":0,"reserved_stock":0,"customer_returns":0,"warehouse_damage":0,"lost_in_post":0,"other_logs":0,"out_stock_days":275,"lost_sales":1317,"has_location":false,"update_date":"2026-04-06T01:33:36","atum_locations":[],"atum_stock_status":"outofstock","restock_status":false,"low_stock_amount":4,"sales_update_date":"2026-04-06T01:33:35","calc_backorders":null,"acf":[],"yoast_head":"<!-- This site is optimized with the Yoast SEO plugin v27.3 - https:\/\/yoast.com\/product\/yoast-seo-wordpress\/ -->\n<title>Halloween 2 Bowie knife - Rob Zombie<\/title>\n<meta name=\"description\" content=\"PRE ORDER NOW - Rob Zombie Halloween masks and props. Mad About Horror, official UK stockist of Trick or Treat Studios latex masks and collectibles. Huge range available from UK stock.\" \/>\n<meta name=\"robots\" content=\"index, follow, max-snippet:-1, max-image-preview:large, max-video-preview:-1\" \/>\n<link rel=\"canonical\" href=\"https:\/\/madabouthorror.co.uk\/de\/product\/rob-zombie-halloween-2-2009-bowie-knife\/\" \/>\n<meta property=\"og:locale\" content=\"de_DE\" \/>\n<meta property=\"og:type\" content=\"article\" \/>\n<meta property=\"og:title\" content=\"Halloween 2 Bowie knife - Rob Zombie\" \/>\n<meta property=\"og:description\" content=\"PRE ORDER NOW - Rob Zombie Halloween masks and props. Mad About Horror, official UK stockist of Trick or Treat Studios latex masks and collectibles. Huge range available from UK stock.\" \/>\n<meta property=\"og:url\" content=\"https:\/\/madabouthorror.co.uk\/de\/product\/rob-zombie-halloween-2-2009-bowie-knife\/\" \/>\n<meta property=\"og:site_name\" content=\"Mad About Horror\" \/>\n<meta property=\"article:publisher\" content=\"https:\/\/www.facebook.com\/madabouthorror\/\" \/>\n<meta property=\"article:modified_time\" content=\"2026-04-02T08:39:32+00:00\" \/>\n<meta property=\"og:image\" content=\"https:\/\/madabouthorror.co.uk\/wp-content\/uploads\/2023\/04\/rob_zombie_halloween_2_bowie_knife_tots.jpg\" \/>\n\t<meta property=\"og:image:width\" content=\"670\" \/>\n\t<meta property=\"og:image:height\" content=\"670\" \/>\n\t<meta property=\"og:image:type\" content=\"image\/jpeg\" \/>\n<meta name=\"twitter:card\" content=\"summary_large_image\" \/>\n<meta name=\"twitter:label1\" content=\"Gesch\u00e4tzte Lesezeit\" \/>\n\t<meta name=\"twitter:data1\" content=\"1\u00a0Minute\" \/>\n<script type=\"application\/ld+json\" class=\"yoast-schema-graph\">{\"@context\":\"https:\\\/\\\/schema.org\",\"@graph\":[{\"@type\":[\"WebPage\",\"ItemPage\"],\"@id\":\"https:\\\/\\\/madabouthorror.co.uk\\\/product\\\/rob-zombie-halloween-2-2009-bowie-knife\\\/\",\"url\":\"https:\\\/\\\/madabouthorror.co.uk\\\/product\\\/rob-zombie-halloween-2-2009-bowie-knife\\\/\",\"name\":\"Halloween 2 Bowie knife - Rob Zombie\",\"isPartOf\":{\"@id\":\"https:\\\/\\\/madabouthorror.co.uk\\\/#website\"},\"primaryImageOfPage\":{\"@id\":\"https:\\\/\\\/madabouthorror.co.uk\\\/product\\\/rob-zombie-halloween-2-2009-bowie-knife\\\/#primaryimage\"},\"image\":{\"@id\":\"https:\\\/\\\/madabouthorror.co.uk\\\/product\\\/rob-zombie-halloween-2-2009-bowie-knife\\\/#primaryimage\"},\"thumbnailUrl\":\"https:\\\/\\\/madabouthorror.co.uk\\\/wp-content\\\/uploads\\\/2023\\\/04\\\/rob_zombie_halloween_2_bowie_knife_tots.jpg\",\"datePublished\":\"2023-04-18T10:57:47+00:00\",\"dateModified\":\"2026-04-02T08:39:32+00:00\",\"description\":\"PRE ORDER NOW - Rob Zombie Halloween masks and props. Mad About Horror, official UK stockist of Trick or Treat Studios latex masks and collectibles. Huge range available from UK stock.\",\"breadcrumb\":{\"@id\":\"https:\\\/\\\/madabouthorror.co.uk\\\/product\\\/rob-zombie-halloween-2-2009-bowie-knife\\\/#breadcrumb\"},\"inLanguage\":\"de\",\"potentialAction\":[{\"@type\":\"ReadAction\",\"target\":[\"https:\\\/\\\/madabouthorror.co.uk\\\/product\\\/rob-zombie-halloween-2-2009-bowie-knife\\\/\"]}]},{\"@type\":\"ImageObject\",\"inLanguage\":\"de\",\"@id\":\"https:\\\/\\\/madabouthorror.co.uk\\\/product\\\/rob-zombie-halloween-2-2009-bowie-knife\\\/#primaryimage\",\"url\":\"https:\\\/\\\/madabouthorror.co.uk\\\/wp-content\\\/uploads\\\/2023\\\/04\\\/rob_zombie_halloween_2_bowie_knife_tots.jpg\",\"contentUrl\":\"https:\\\/\\\/madabouthorror.co.uk\\\/wp-content\\\/uploads\\\/2023\\\/04\\\/rob_zombie_halloween_2_bowie_knife_tots.jpg\",\"width\":670,\"height\":670,\"caption\":\"Rob Zombie Halloween 2 (2009) - Bowie Knife - Trick or Treat Studios\"},{\"@type\":\"BreadcrumbList\",\"@id\":\"https:\\\/\\\/madabouthorror.co.uk\\\/product\\\/rob-zombie-halloween-2-2009-bowie-knife\\\/#breadcrumb\",\"itemListElement\":[{\"@type\":\"ListItem\",\"position\":1,\"name\":\"Shop\",\"item\":\"https:\\\/\\\/madabouthorror.co.uk\\\/shop\\\/\"},{\"@type\":\"ListItem\",\"position\":2,\"name\":\"Rob Zombie Halloween 2 (2009) &#8211; Bowie Knife\"}]},{\"@type\":\"WebSite\",\"@id\":\"https:\\\/\\\/madabouthorror.co.uk\\\/#website\",\"url\":\"https:\\\/\\\/madabouthorror.co.uk\\\/\",\"name\":\"Mad About Horror\",\"description\":\"\",\"publisher\":{\"@id\":\"https:\\\/\\\/madabouthorror.co.uk\\\/#organization\"},\"alternateName\":\"Mad About Horror Limited\",\"potentialAction\":[{\"@type\":\"SearchAction\",\"target\":{\"@type\":\"EntryPoint\",\"urlTemplate\":\"https:\\\/\\\/madabouthorror.co.uk\\\/?s={search_term_string}\"},\"query-input\":{\"@type\":\"PropertyValueSpecification\",\"valueRequired\":true,\"valueName\":\"search_term_string\"}}],\"inLanguage\":\"de\"},{\"@type\":\"Organization\",\"@id\":\"https:\\\/\\\/madabouthorror.co.uk\\\/#organization\",\"name\":\"Mad About Horror\",\"url\":\"https:\\\/\\\/madabouthorror.co.uk\\\/\",\"logo\":{\"@type\":\"ImageObject\",\"inLanguage\":\"de\",\"@id\":\"https:\\\/\\\/madabouthorror.co.uk\\\/#\\\/schema\\\/logo\\\/image\\\/\",\"url\":\"https:\\\/\\\/madabouthorror.co.uk\\\/wp-content\\\/uploads\\\/2024\\\/02\\\/cropped-Logo.png\",\"contentUrl\":\"https:\\\/\\\/madabouthorror.co.uk\\\/wp-content\\\/uploads\\\/2024\\\/02\\\/cropped-Logo.png\",\"width\":240,\"height\":88,\"caption\":\"Mad About Horror\"},\"image\":{\"@id\":\"https:\\\/\\\/madabouthorror.co.uk\\\/#\\\/schema\\\/logo\\\/image\\\/\"},\"sameAs\":[\"https:\\\/\\\/www.facebook.com\\\/madabouthorror\\\/\",\"https:\\\/\\\/www.instagram.com\\\/madabouthorror\\\/\",\"https:\\\/\\\/www.pinterest.co.uk\\\/madabouthorror\\\/\",\"https:\\\/\\\/www.youtube.com\\\/channel\\\/UCBooLOIxjoQ89dj6T5lWm_w\",\"https:\\\/\\\/www.tiktok.com\\\/@weremadabouthorror\"]}]}<\/script>\n<!-- \/ Yoast SEO plugin. -->","yoast_head_json":{"title":"Halloween 2 Bowiemesser - Rob Zombie","description":"JETZT VORBESTELLEN - Rob Zombie Halloween Masken und Requisiten. Mad About Horror, offizieller britischer H\u00e4ndler von Trick or Treat Studios Latexmasken und Sammlerobjekten. Riesige Auswahl ab Lager UK verf\u00fcgbar.","robots":{"index":"index","follow":"follow","max-snippet":"max-snippet:-1","max-image-preview":"max-image-preview:large","max-video-preview":"max-video-preview:-1"},"canonical":"https:\/\/madabouthorror.co.uk\/de\/product\/rob-zombie-halloween-2-2009-bowie-knife\/","og_locale":"de_DE","og_type":"article","og_title":"Halloween 2 Bowie knife - Rob Zombie","og_description":"PRE ORDER NOW - Rob Zombie Halloween masks and props. Mad About Horror, official UK stockist of Trick or Treat Studios latex masks and collectibles. Huge range available from UK stock.","og_url":"https:\/\/madabouthorror.co.uk\/de\/product\/rob-zombie-halloween-2-2009-bowie-knife\/","og_site_name":"Mad About Horror","article_publisher":"https:\/\/www.facebook.com\/madabouthorror\/","article_modified_time":"2026-04-02T08:39:32+00:00","og_image":[{"width":670,"height":670,"url":"https:\/\/madabouthorror.co.uk\/wp-content\/uploads\/2023\/04\/rob_zombie_halloween_2_bowie_knife_tots.jpg","type":"image\/jpeg"}],"twitter_card":"summary_large_image","twitter_misc":{"Gesch\u00e4tzte Lesezeit":"1\u00a0Minute"},"schema":{"@context":"https:\/\/schema.org","@graph":[{"@type":["WebPage","ItemPage"],"@id":"https:\/\/madabouthorror.co.uk\/product\/rob-zombie-halloween-2-2009-bowie-knife\/","url":"https:\/\/madabouthorror.co.uk\/product\/rob-zombie-halloween-2-2009-bowie-knife\/","name":"Halloween 2 Bowiemesser - Rob Zombie","isPartOf":{"@id":"https:\/\/madabouthorror.co.uk\/#website"},"primaryImageOfPage":{"@id":"https:\/\/madabouthorror.co.uk\/product\/rob-zombie-halloween-2-2009-bowie-knife\/#primaryimage"},"image":{"@id":"https:\/\/madabouthorror.co.uk\/product\/rob-zombie-halloween-2-2009-bowie-knife\/#primaryimage"},"thumbnailUrl":"https:\/\/madabouthorror.co.uk\/wp-content\/uploads\/2023\/04\/rob_zombie_halloween_2_bowie_knife_tots.jpg","datePublished":"2023-04-18T10:57:47+00:00","dateModified":"2026-04-02T08:39:32+00:00","description":"JETZT VORBESTELLEN - Rob Zombie Halloween Masken und Requisiten. Mad About Horror, offizieller britischer H\u00e4ndler von Trick or Treat Studios Latexmasken und Sammlerobjekten. Riesige Auswahl ab Lager UK verf\u00fcgbar.","breadcrumb":{"@id":"https:\/\/madabouthorror.co.uk\/product\/rob-zombie-halloween-2-2009-bowie-knife\/#breadcrumb"},"inLanguage":"de","potentialAction":[{"@type":"ReadAction","target":["https:\/\/madabouthorror.co.uk\/product\/rob-zombie-halloween-2-2009-bowie-knife\/"]}]},{"@type":"ImageObject","inLanguage":"de","@id":"https:\/\/madabouthorror.co.uk\/product\/rob-zombie-halloween-2-2009-bowie-knife\/#primaryimage","url":"https:\/\/madabouthorror.co.uk\/wp-content\/uploads\/2023\/04\/rob_zombie_halloween_2_bowie_knife_tots.jpg","contentUrl":"https:\/\/madabouthorror.co.uk\/wp-content\/uploads\/2023\/04\/rob_zombie_halloween_2_bowie_knife_tots.jpg","width":670,"height":670,"caption":"Rob Zombie Halloween 2 (2009) - Bowie Knife - Trick or Treat Studios"},{"@type":"BreadcrumbList","@id":"https:\/\/madabouthorror.co.uk\/product\/rob-zombie-halloween-2-2009-bowie-knife\/#breadcrumb","itemListElement":[{"@type":"ListItem","position":1,"name":"Shop","item":"https:\/\/madabouthorror.co.uk\/shop\/"},{"@type":"ListItem","position":2,"name":"Rob Zombie Halloween 2 (2009) &#8211; Bowie Knife"}]},{"@type":"WebSite","@id":"https:\/\/madabouthorror.co.uk\/#website","url":"https:\/\/madabouthorror.co.uk\/","name":"Verr\u00fcckt nach Horror","description":"","publisher":{"@id":"https:\/\/madabouthorror.co.uk\/#organization"},"alternateName":"Mad About Horror Limited","potentialAction":[{"@type":"SearchAction","target":{"@type":"EntryPoint","urlTemplate":"https:\/\/madabouthorror.co.uk\/?s={search_term_string}"},"query-input":{"@type":"PropertyValueSpecification","valueRequired":true,"valueName":"search_term_string"}}],"inLanguage":"de"},{"@type":"Organization","@id":"https:\/\/madabouthorror.co.uk\/#organization","name":"Verr\u00fcckt nach Horror","url":"https:\/\/madabouthorror.co.uk\/","logo":{"@type":"ImageObject","inLanguage":"de","@id":"https:\/\/madabouthorror.co.uk\/#\/schema\/logo\/image\/","url":"https:\/\/madabouthorror.co.uk\/wp-content\/uploads\/2024\/02\/cropped-Logo.png","contentUrl":"https:\/\/madabouthorror.co.uk\/wp-content\/uploads\/2024\/02\/cropped-Logo.png","width":240,"height":88,"caption":"Mad About Horror"},"image":{"@id":"https:\/\/madabouthorror.co.uk\/#\/schema\/logo\/image\/"},"sameAs":["https:\/\/www.facebook.com\/madabouthorror\/","https:\/\/www.instagram.com\/madabouthorror\/","https:\/\/www.pinterest.co.uk\/madabouthorror\/","https:\/\/www.youtube.com\/channel\/UCBooLOIxjoQ89dj6T5lWm_w","https:\/\/www.tiktok.com\/@weremadabouthorror"]}]}},"df_price":29.12,"df_sale_price":"","df_regular_price":29.12,"df_image_link":"https:\/\/madabouthorror.co.uk\/wp-content\/uploads\/2023\/04\/rob_zombie_halloween_2_bowie_knife_tots-300x300.jpg","_links":{"self":[{"href":"https:\/\/madabouthorror.co.uk\/de\/wp-json\/wp\/v2\/product\/131133","targetHints":{"allow":["GET"]}}],"collection":[{"href":"https:\/\/madabouthorror.co.uk\/de\/wp-json\/wp\/v2\/product"}],"about":[{"href":"https:\/\/madabouthorror.co.uk\/de\/wp-json\/wp\/v2\/types\/product"}],"replies":[{"embeddable":true,"href":"https:\/\/madabouthorror.co.uk\/de\/wp-json\/wp\/v2\/comments?post=131133"}],"wp:featuredmedia":[{"embeddable":true,"href":"https:\/\/madabouthorror.co.uk\/de\/wp-json\/wp\/v2\/media\/131132"}],"wp:attachment":[{"href":"https:\/\/madabouthorror.co.uk\/de\/wp-json\/wp\/v2\/media?parent=131133"}],"wp:term":[{"taxonomy":"product_brand","embeddable":true,"href":"https:\/\/madabouthorror.co.uk\/de\/wp-json\/wp\/v2\/product_brand?post=131133"},{"taxonomy":"product_cat","embeddable":true,"href":"https:\/\/madabouthorror.co.uk\/de\/wp-json\/wp\/v2\/product_cat?post=131133"},{"taxonomy":"product_tag","embeddable":true,"href":"https:\/\/madabouthorror.co.uk\/de\/wp-json\/wp\/v2\/product_tag?post=131133"}],"curies":[{"name":"wp","href":"https:\/\/api.w.org\/{rel}","templated":true}]}}