{"id":131172,"date":"2023-04-27T10:59:39","date_gmt":"2023-04-27T09:59:39","guid":{"rendered":"https:\/\/mah.6bdv.ws\/product\/halloween-board-game\/"},"modified":"2026-04-24T00:24:56","modified_gmt":"2026-04-23T23:24:56","slug":"halloween-board-game","status":"publish","type":"product","link":"https:\/\/madabouthorror.co.uk\/de\/product\/halloween-board-game\/","title":{"rendered":"Halloween-Brettspiel"},"content":{"rendered":"<div class=\"description rte section cf not-in-quickbuy\">\n<p>Entworfen von \/ Illustrationen von Emerson Matsuuchi &amp; Nathan Thomas Milliner<\/p>\n<p>Kannst du \"The Shape\" entkommen?<\/p>\n<p>Es war die Nacht, in der ER nach Hause kam... und ein Spieler muss in die Rolle von Michael Myers schl\u00fcpfen! Die anderen \u00fcbernehmen die Kontrolle \u00fcber Laurie und ihre Freunde, die sich auf die Suche nach Waffen, den Kindern und einem Fluchtweg machen. Ihre Aufgabe wird dadurch erschwert, dass man Myers nur sehen kann, wenn man ihn direkt anschaut!<\/p>\n<p>Dieses 1 vs. Many-Spiel des renommierten Designers Emerson Matsuuchi ist das erste Mal, dass der Original-Halloween-Film in einem eigenen Brettspiel umgesetzt wurde.<\/p>\n<p>Anzahl der Spieler: 3-4<br \/>\nSpielzeit: 60 min<\/p>\n<\/div>\n<div class=\"rte cf light-inner-row not-in-quickbuy\">\n<p>\u00a9 2023 Compass International Pictures, Inc, Halloween (1978), einschlie\u00dflich aller zugeh\u00f6rigen Figuren und Schaupl\u00e4tze. Alle Rechte vorbehalten.<\/p>\n<\/div>","protected":false},"excerpt":{"rendered":"<p>Entworfen von \/ Illustrationen von Emerson Matsuuchi &amp; Nathan Thomas Milliner Kannst du \"The Shape\" entkommen? Es war die Nacht, in der ER nach Hause kam... und ein Spieler muss in die Rolle von Michael Myers schl\u00fcpfen! Die anderen \u00fcbernehmen die Kontrolle \u00fcber Laurie und ihre Freunde, die sich auf die Suche nach Waffen, den Kindern und einem Fluchtweg machen. Ihre [...]<\/p>","protected":false},"featured_media":131168,"comment_status":"closed","ping_status":"closed","template":"","meta":{"_acf_changed":false},"product_brand":[],"product_cat":[9950,10132,10130,6537,10038,6784,9949,6660],"product_tag":[],"class_list":{"0":"post-131172","1":"product","2":"type-product","3":"status-publish","4":"has-post-thumbnail","6":"product_cat-games","7":"product_cat-masks-collectibles","8":"product_cat-top-50-gifts","9":"product_cat-collectibles","10":"product_cat-horror-gifts","11":"product_cat-michael-myers","12":"product_cat-games-vinyl-records","13":"product_cat-halloweenmichaelmyers","15":"first","16":"outofstock","17":"taxable","18":"shipping-taxable","19":"purchasable","20":"product-type-simple"},"supplier_id":471029,"supplier_sku":"TPQHHB01","barcode":"811501039310","atum_controlled":true,"out_stock_date":"2026-04-24 00:24:56","out_stock_threshold":null,"inheritable":false,"inbound_stock":4,"stock_on_hold":0,"sold_today":0,"sales_last_days":2,"reserved_stock":0,"customer_returns":0,"warehouse_damage":0,"lost_in_post":0,"other_logs":0,"out_stock_days":1,"lost_sales":9,"has_location":false,"update_date":"2026-04-25T02:05:10","atum_locations":[],"atum_stock_status":"outofstock","restock_status":false,"low_stock_amount":5,"sales_update_date":"2026-04-25T02:05:09","calc_backorders":null,"acf":[],"yoast_head":"<!-- This site is optimized with the Yoast SEO plugin v27.4 - https:\/\/yoast.com\/product\/yoast-seo-wordpress\/ -->\n<title>Halloween Board Game<\/title>\n<meta name=\"description\" content=\"Officially licensed Horror Masks &amp; Collectibles from the UK&#039;s horror specialist Mad About Horror. Huge range of NECA, Mezco, Treat Studios and many more great brands. Fast delivery, UK stock.\" \/>\n<meta name=\"robots\" content=\"index, follow, max-snippet:-1, max-image-preview:large, max-video-preview:-1\" \/>\n<link rel=\"canonical\" href=\"https:\/\/madabouthorror.co.uk\/de\/product\/halloween-board-game\/\" \/>\n<meta property=\"og:locale\" content=\"de_DE\" \/>\n<meta property=\"og:type\" content=\"article\" \/>\n<meta property=\"og:title\" content=\"Halloween Board Game\" \/>\n<meta property=\"og:description\" content=\"Officially licensed Horror Masks &amp; Collectibles from the UK&#039;s horror specialist Mad About Horror. Huge range of NECA, Mezco, Treat Studios and many more great brands. Fast delivery, UK stock.\" \/>\n<meta property=\"og:url\" content=\"https:\/\/madabouthorror.co.uk\/de\/product\/halloween-board-game\/\" \/>\n<meta property=\"og:site_name\" content=\"Mad About Horror\" \/>\n<meta property=\"article:publisher\" content=\"https:\/\/www.facebook.com\/madabouthorror\/\" \/>\n<meta property=\"article:modified_time\" content=\"2026-04-23T23:24:56+00:00\" \/>\n<meta property=\"og:image\" content=\"https:\/\/madabouthorror.co.uk\/wp-content\/uploads\/2023\/04\/tt_halloween_game_.jpg\" \/>\n\t<meta property=\"og:image:width\" content=\"650\" \/>\n\t<meta property=\"og:image:height\" content=\"650\" \/>\n\t<meta property=\"og:image:type\" content=\"image\/jpeg\" \/>\n<meta name=\"twitter:card\" content=\"summary_large_image\" \/>\n<meta name=\"twitter:label1\" content=\"Gesch\u00e4tzte Lesezeit\" \/>\n\t<meta name=\"twitter:data1\" content=\"1\u00a0Minute\" \/>\n<script type=\"application\/ld+json\" class=\"yoast-schema-graph\">{\"@context\":\"https:\\\/\\\/schema.org\",\"@graph\":[{\"@type\":[\"WebPage\",\"ItemPage\"],\"@id\":\"https:\\\/\\\/madabouthorror.co.uk\\\/product\\\/halloween-board-game\\\/\",\"url\":\"https:\\\/\\\/madabouthorror.co.uk\\\/product\\\/halloween-board-game\\\/\",\"name\":\"Halloween Board Game\",\"isPartOf\":{\"@id\":\"https:\\\/\\\/madabouthorror.co.uk\\\/#website\"},\"primaryImageOfPage\":{\"@id\":\"https:\\\/\\\/madabouthorror.co.uk\\\/product\\\/halloween-board-game\\\/#primaryimage\"},\"image\":{\"@id\":\"https:\\\/\\\/madabouthorror.co.uk\\\/product\\\/halloween-board-game\\\/#primaryimage\"},\"thumbnailUrl\":\"https:\\\/\\\/madabouthorror.co.uk\\\/wp-content\\\/uploads\\\/2023\\\/04\\\/tt_halloween_game_.jpg\",\"datePublished\":\"2023-04-27T09:59:39+00:00\",\"dateModified\":\"2026-04-23T23:24:56+00:00\",\"description\":\"Officially licensed Horror Masks & Collectibles from the UK's horror specialist Mad About Horror. Huge range of NECA, Mezco, Treat Studios and many more great brands. Fast delivery, UK stock.\",\"breadcrumb\":{\"@id\":\"https:\\\/\\\/madabouthorror.co.uk\\\/product\\\/halloween-board-game\\\/#breadcrumb\"},\"inLanguage\":\"de\",\"potentialAction\":[{\"@type\":\"ReadAction\",\"target\":[\"https:\\\/\\\/madabouthorror.co.uk\\\/product\\\/halloween-board-game\\\/\"]}]},{\"@type\":\"ImageObject\",\"inLanguage\":\"de\",\"@id\":\"https:\\\/\\\/madabouthorror.co.uk\\\/product\\\/halloween-board-game\\\/#primaryimage\",\"url\":\"https:\\\/\\\/madabouthorror.co.uk\\\/wp-content\\\/uploads\\\/2023\\\/04\\\/tt_halloween_game_.jpg\",\"contentUrl\":\"https:\\\/\\\/madabouthorror.co.uk\\\/wp-content\\\/uploads\\\/2023\\\/04\\\/tt_halloween_game_.jpg\",\"width\":650,\"height\":650,\"caption\":\"Trick or Treat Studios Halloween Board Game\"},{\"@type\":\"BreadcrumbList\",\"@id\":\"https:\\\/\\\/madabouthorror.co.uk\\\/product\\\/halloween-board-game\\\/#breadcrumb\",\"itemListElement\":[{\"@type\":\"ListItem\",\"position\":1,\"name\":\"Shop\",\"item\":\"https:\\\/\\\/madabouthorror.co.uk\\\/shop\\\/\"},{\"@type\":\"ListItem\",\"position\":2,\"name\":\"Halloween Board Game\"}]},{\"@type\":\"WebSite\",\"@id\":\"https:\\\/\\\/madabouthorror.co.uk\\\/#website\",\"url\":\"https:\\\/\\\/madabouthorror.co.uk\\\/\",\"name\":\"Mad About Horror\",\"description\":\"\",\"publisher\":{\"@id\":\"https:\\\/\\\/madabouthorror.co.uk\\\/#organization\"},\"alternateName\":\"Mad About Horror Limited\",\"potentialAction\":[{\"@type\":\"SearchAction\",\"target\":{\"@type\":\"EntryPoint\",\"urlTemplate\":\"https:\\\/\\\/madabouthorror.co.uk\\\/?s={search_term_string}\"},\"query-input\":{\"@type\":\"PropertyValueSpecification\",\"valueRequired\":true,\"valueName\":\"search_term_string\"}}],\"inLanguage\":\"de\"},{\"@type\":\"Organization\",\"@id\":\"https:\\\/\\\/madabouthorror.co.uk\\\/#organization\",\"name\":\"Mad About Horror\",\"url\":\"https:\\\/\\\/madabouthorror.co.uk\\\/\",\"logo\":{\"@type\":\"ImageObject\",\"inLanguage\":\"de\",\"@id\":\"https:\\\/\\\/madabouthorror.co.uk\\\/#\\\/schema\\\/logo\\\/image\\\/\",\"url\":\"https:\\\/\\\/madabouthorror.co.uk\\\/wp-content\\\/uploads\\\/2024\\\/02\\\/cropped-Logo.png\",\"contentUrl\":\"https:\\\/\\\/madabouthorror.co.uk\\\/wp-content\\\/uploads\\\/2024\\\/02\\\/cropped-Logo.png\",\"width\":240,\"height\":88,\"caption\":\"Mad About Horror\"},\"image\":{\"@id\":\"https:\\\/\\\/madabouthorror.co.uk\\\/#\\\/schema\\\/logo\\\/image\\\/\"},\"sameAs\":[\"https:\\\/\\\/www.facebook.com\\\/madabouthorror\\\/\",\"https:\\\/\\\/www.instagram.com\\\/madabouthorror\\\/\",\"https:\\\/\\\/www.pinterest.co.uk\\\/madabouthorror\\\/\",\"https:\\\/\\\/www.youtube.com\\\/channel\\\/UCBooLOIxjoQ89dj6T5lWm_w\",\"https:\\\/\\\/www.tiktok.com\\\/@weremadabouthorror\"]}]}<\/script>\n<!-- \/ Yoast SEO plugin. -->","yoast_head_json":{"title":"Halloween-Brettspiel","description":"Offiziell lizenzierte Horror-Masken und Sammlerst\u00fccke vom britischen Horror-Spezialisten Mad About Horror. Riesige Auswahl an NECA, Mezco, Treat Studios und vielen anderen gro\u00dfen Marken. Schnelle Lieferung, UK Lager.","robots":{"index":"index","follow":"follow","max-snippet":"max-snippet:-1","max-image-preview":"max-image-preview:large","max-video-preview":"max-video-preview:-1"},"canonical":"https:\/\/madabouthorror.co.uk\/de\/product\/halloween-board-game\/","og_locale":"de_DE","og_type":"article","og_title":"Halloween Board Game","og_description":"Officially licensed Horror Masks & Collectibles from the UK's horror specialist Mad About Horror. Huge range of NECA, Mezco, Treat Studios and many more great brands. Fast delivery, UK stock.","og_url":"https:\/\/madabouthorror.co.uk\/de\/product\/halloween-board-game\/","og_site_name":"Mad About Horror","article_publisher":"https:\/\/www.facebook.com\/madabouthorror\/","article_modified_time":"2026-04-23T23:24:56+00:00","og_image":[{"width":650,"height":650,"url":"https:\/\/madabouthorror.co.uk\/wp-content\/uploads\/2023\/04\/tt_halloween_game_.jpg","type":"image\/jpeg"}],"twitter_card":"summary_large_image","twitter_misc":{"Gesch\u00e4tzte Lesezeit":"1\u00a0Minute"},"schema":{"@context":"https:\/\/schema.org","@graph":[{"@type":["WebPage","ItemPage"],"@id":"https:\/\/madabouthorror.co.uk\/product\/halloween-board-game\/","url":"https:\/\/madabouthorror.co.uk\/product\/halloween-board-game\/","name":"Halloween-Brettspiel","isPartOf":{"@id":"https:\/\/madabouthorror.co.uk\/#website"},"primaryImageOfPage":{"@id":"https:\/\/madabouthorror.co.uk\/product\/halloween-board-game\/#primaryimage"},"image":{"@id":"https:\/\/madabouthorror.co.uk\/product\/halloween-board-game\/#primaryimage"},"thumbnailUrl":"https:\/\/madabouthorror.co.uk\/wp-content\/uploads\/2023\/04\/tt_halloween_game_.jpg","datePublished":"2023-04-27T09:59:39+00:00","dateModified":"2026-04-23T23:24:56+00:00","description":"Offiziell lizenzierte Horror-Masken und Sammlerst\u00fccke vom britischen Horror-Spezialisten Mad About Horror. Riesige Auswahl an NECA, Mezco, Treat Studios und vielen anderen gro\u00dfen Marken. Schnelle Lieferung, UK Lager.","breadcrumb":{"@id":"https:\/\/madabouthorror.co.uk\/product\/halloween-board-game\/#breadcrumb"},"inLanguage":"de","potentialAction":[{"@type":"ReadAction","target":["https:\/\/madabouthorror.co.uk\/product\/halloween-board-game\/"]}]},{"@type":"ImageObject","inLanguage":"de","@id":"https:\/\/madabouthorror.co.uk\/product\/halloween-board-game\/#primaryimage","url":"https:\/\/madabouthorror.co.uk\/wp-content\/uploads\/2023\/04\/tt_halloween_game_.jpg","contentUrl":"https:\/\/madabouthorror.co.uk\/wp-content\/uploads\/2023\/04\/tt_halloween_game_.jpg","width":650,"height":650,"caption":"Trick or Treat Studios Halloween Board Game"},{"@type":"BreadcrumbList","@id":"https:\/\/madabouthorror.co.uk\/product\/halloween-board-game\/#breadcrumb","itemListElement":[{"@type":"ListItem","position":1,"name":"Shop","item":"https:\/\/madabouthorror.co.uk\/shop\/"},{"@type":"ListItem","position":2,"name":"Halloween Board Game"}]},{"@type":"WebSite","@id":"https:\/\/madabouthorror.co.uk\/#website","url":"https:\/\/madabouthorror.co.uk\/","name":"Verr\u00fcckt nach Horror","description":"","publisher":{"@id":"https:\/\/madabouthorror.co.uk\/#organization"},"alternateName":"Mad About Horror Limited","potentialAction":[{"@type":"SearchAction","target":{"@type":"EntryPoint","urlTemplate":"https:\/\/madabouthorror.co.uk\/?s={search_term_string}"},"query-input":{"@type":"PropertyValueSpecification","valueRequired":true,"valueName":"search_term_string"}}],"inLanguage":"de"},{"@type":"Organization","@id":"https:\/\/madabouthorror.co.uk\/#organization","name":"Verr\u00fcckt nach Horror","url":"https:\/\/madabouthorror.co.uk\/","logo":{"@type":"ImageObject","inLanguage":"de","@id":"https:\/\/madabouthorror.co.uk\/#\/schema\/logo\/image\/","url":"https:\/\/madabouthorror.co.uk\/wp-content\/uploads\/2024\/02\/cropped-Logo.png","contentUrl":"https:\/\/madabouthorror.co.uk\/wp-content\/uploads\/2024\/02\/cropped-Logo.png","width":240,"height":88,"caption":"Mad About Horror"},"image":{"@id":"https:\/\/madabouthorror.co.uk\/#\/schema\/logo\/image\/"},"sameAs":["https:\/\/www.facebook.com\/madabouthorror\/","https:\/\/www.instagram.com\/madabouthorror\/","https:\/\/www.pinterest.co.uk\/madabouthorror\/","https:\/\/www.youtube.com\/channel\/UCBooLOIxjoQ89dj6T5lWm_w","https:\/\/www.tiktok.com\/@weremadabouthorror"]}]}},"df_price":67.66,"df_sale_price":"","df_regular_price":67.66,"df_image_link":"https:\/\/madabouthorror.co.uk\/wp-content\/uploads\/2023\/04\/tt_halloween_game_-300x300.jpg","_links":{"self":[{"href":"https:\/\/madabouthorror.co.uk\/de\/wp-json\/wp\/v2\/product\/131172","targetHints":{"allow":["GET"]}}],"collection":[{"href":"https:\/\/madabouthorror.co.uk\/de\/wp-json\/wp\/v2\/product"}],"about":[{"href":"https:\/\/madabouthorror.co.uk\/de\/wp-json\/wp\/v2\/types\/product"}],"replies":[{"embeddable":true,"href":"https:\/\/madabouthorror.co.uk\/de\/wp-json\/wp\/v2\/comments?post=131172"}],"wp:featuredmedia":[{"embeddable":true,"href":"https:\/\/madabouthorror.co.uk\/de\/wp-json\/wp\/v2\/media\/131168"}],"wp:attachment":[{"href":"https:\/\/madabouthorror.co.uk\/de\/wp-json\/wp\/v2\/media?parent=131172"}],"wp:term":[{"taxonomy":"product_brand","embeddable":true,"href":"https:\/\/madabouthorror.co.uk\/de\/wp-json\/wp\/v2\/product_brand?post=131172"},{"taxonomy":"product_cat","embeddable":true,"href":"https:\/\/madabouthorror.co.uk\/de\/wp-json\/wp\/v2\/product_cat?post=131172"},{"taxonomy":"product_tag","embeddable":true,"href":"https:\/\/madabouthorror.co.uk\/de\/wp-json\/wp\/v2\/product_tag?post=131172"}],"curies":[{"name":"wp","href":"https:\/\/api.w.org\/{rel}","templated":true}]}}