{"id":131213,"date":"2023-05-01T14:16:06","date_gmt":"2023-05-01T13:16:06","guid":{"rendered":"https:\/\/mah.6bdv.ws\/product\/life-size-skeleton-with-moving-digiteyes\/"},"modified":"2026-01-27T16:29:36","modified_gmt":"2026-01-27T16:29:36","slug":"life-size-skeleton-with-moving-digiteyes","status":"publish","type":"product","link":"https:\/\/madabouthorror.co.uk\/de\/product\/life-size-skeleton-with-moving-digiteyes\/","title":{"rendered":"Lebensgro\u00dfes Skelett mit beweglichen Ziffernaugen"},"content":{"rendered":"<div class=\"page\" title=\"Seite 33\">\n<div class=\"section\">\n<div class=\"layoutArea\">\n<div class=\"column\">\n<p>Jedes Haunted House braucht ein Skelett, aber dieses ist etwas Besonderes! Seine Augen werden Ihnen wirklich durch den Raum folgen! Dieses lebensgro\u00dfe Halloween-Skelett hat bewegliche Digiteyes LED-Augen.<\/p>\n<ul>\n<li>1,5 m hoch (ca. 5 Fu\u00df)<\/li>\n<li>Posierbare Gliedma\u00dfen<\/li>\n<li>Batteriebetriebene LED-Digiteyes<\/li>\n<\/ul>\n<div><b>F\u00fcr die \u00fcberdachte Veranda oder f\u00fcr den Innenbereich.<\/b> <i>Bei Verwendung im Freien vor Witterungseinfl\u00fcssen sch\u00fctzen und nicht \u00fcber einen l\u00e4ngeren Zeitraum im Freien stehen lassen.<\/i><\/div>\n<div><\/div>\n<div><b>Bitte beachten:<\/b><i> Diese Requisiten sind nicht f\u00fcr den intensiven kommerziellen Gebrauch geeignet, d. h. sie sollten nicht \u00fcber l\u00e4ngere Zeitr\u00e4ume, z. B. tagelang, betrieben werden. Sie sind f\u00fcr die Verwendung an Halloween gedacht. Wenn Sie Fragen dazu haben, fragen Sie bitte.<\/i><\/div>\n<\/div>\n<\/div>\n<\/div>\n<\/div>","protected":false},"excerpt":{"rendered":"<p>Jedes Spukhaus braucht ein Skelett, aber dieses hier ist etwas Besonderes! Seine Augen werden Ihnen wirklich durch den Raum folgen! Dieses lebensgro\u00dfe Halloween-Skelett hat bewegliche Digiteyes-LED-Augen. 1,5 m gro\u00df (ca. 5 Fu\u00df) Biegsame Gliedma\u00dfen Batteriebetriebene LED-Digits Eyes F\u00fcr \u00fcberdachte Veranden oder den Innenbereich. Bei Au\u00dfenaufstellung vor Witterungseinfl\u00fcssen sch\u00fctzen und [\u2026]<\/p>","protected":false},"featured_media":456469,"comment_status":"closed","ping_status":"closed","template":"","meta":{"_acf_changed":false},"product_brand":[],"product_cat":[10068,10131,10108,10093,10094,6550,6547,6549,6963,7050,7051],"product_tag":[],"class_list":{"0":"post-131213","1":"product","2":"type-product","3":"status-publish","4":"has-post-thumbnail","6":"product_cat-halloween-decorations-2025","7":"product_cat-halloween-gifts","8":"product_cat-light-up-halloween-decorations","9":"product_cat-indoor-halloween-decorations","10":"product_cat-outdoor-halloween-decorations","11":"product_cat-graveyard-decorations","12":"product_cat-decorations","13":"product_cat-haunted-house","14":"product_cat-animatronics","15":"product_cat-haunted-house-animatronics","16":"product_cat-graveyard-animatronics","18":"first","19":"instock","20":"taxable","21":"shipping-taxable","22":"purchasable","23":"product-type-simple"},"supplier_id":467907,"supplier_sku":"6163C","barcode":"842445000000","atum_controlled":true,"out_stock_date":null,"out_stock_threshold":null,"inheritable":false,"inbound_stock":0,"stock_on_hold":0,"sold_today":0,"sales_last_days":0,"reserved_stock":0,"customer_returns":0,"warehouse_damage":0,"lost_in_post":0,"other_logs":0,"out_stock_days":0,"lost_sales":0,"has_location":false,"update_date":"2026-04-04T00:46:48","atum_locations":[],"atum_stock_status":"instock","restock_status":false,"low_stock_amount":2,"sales_update_date":"2026-04-04T00:46:47","calc_backorders":null,"acf":[],"yoast_head":"<!-- This site is optimized with the Yoast SEO plugin v27.3 - https:\/\/yoast.com\/product\/yoast-seo-wordpress\/ -->\n<title>Life Size Skeleton Halloween Prop - Moving Digiteyes<\/title>\n<meta name=\"description\" content=\"Life Size Skeleton Halloween Prop with Moving Digiteyes. Huge range of quality Halloween props, masks and accessories. UK Stock, Fast Delivery.\" \/>\n<meta name=\"robots\" content=\"index, follow, max-snippet:-1, max-image-preview:large, max-video-preview:-1\" \/>\n<link rel=\"canonical\" href=\"https:\/\/madabouthorror.co.uk\/de\/product\/life-size-skeleton-with-moving-digiteyes\/\" \/>\n<meta property=\"og:locale\" content=\"de_DE\" \/>\n<meta property=\"og:type\" content=\"article\" \/>\n<meta property=\"og:title\" content=\"Life Size Skeleton Halloween Prop - Moving Digiteyes\" \/>\n<meta property=\"og:description\" content=\"Life Size Skeleton Halloween Prop with Moving Digiteyes. Huge range of quality Halloween props, masks and accessories. UK Stock, Fast Delivery.\" \/>\n<meta property=\"og:url\" content=\"https:\/\/madabouthorror.co.uk\/de\/product\/life-size-skeleton-with-moving-digiteyes\/\" \/>\n<meta property=\"og:site_name\" content=\"Mad About Horror\" \/>\n<meta property=\"article:publisher\" content=\"https:\/\/www.facebook.com\/madabouthorror\/\" \/>\n<meta property=\"article:modified_time\" content=\"2026-01-27T16:29:36+00:00\" \/>\n<meta property=\"og:image\" content=\"https:\/\/madabouthorror.co.uk\/wp-content\/uploads\/2023\/05\/life-size-Halloween-skeleton-digiteyes-animated.jpg\" \/>\n\t<meta property=\"og:image:width\" content=\"1500\" \/>\n\t<meta property=\"og:image:height\" content=\"1500\" \/>\n\t<meta property=\"og:image:type\" content=\"image\/jpeg\" \/>\n<meta name=\"twitter:card\" content=\"summary_large_image\" \/>\n<meta name=\"twitter:label1\" content=\"Gesch\u00e4tzte Lesezeit\" \/>\n\t<meta name=\"twitter:data1\" content=\"1\u00a0Minute\" \/>\n<script type=\"application\/ld+json\" class=\"yoast-schema-graph\">{\"@context\":\"https:\\\/\\\/schema.org\",\"@graph\":[{\"@type\":[\"WebPage\",\"ItemPage\"],\"@id\":\"https:\\\/\\\/madabouthorror.co.uk\\\/product\\\/life-size-skeleton-with-moving-digiteyes\\\/\",\"url\":\"https:\\\/\\\/madabouthorror.co.uk\\\/product\\\/life-size-skeleton-with-moving-digiteyes\\\/\",\"name\":\"Life Size Skeleton Halloween Prop - Moving Digiteyes\",\"isPartOf\":{\"@id\":\"https:\\\/\\\/madabouthorror.co.uk\\\/#website\"},\"primaryImageOfPage\":{\"@id\":\"https:\\\/\\\/madabouthorror.co.uk\\\/product\\\/life-size-skeleton-with-moving-digiteyes\\\/#primaryimage\"},\"image\":{\"@id\":\"https:\\\/\\\/madabouthorror.co.uk\\\/product\\\/life-size-skeleton-with-moving-digiteyes\\\/#primaryimage\"},\"thumbnailUrl\":\"https:\\\/\\\/madabouthorror.co.uk\\\/wp-content\\\/uploads\\\/2023\\\/05\\\/life-size-Halloween-skeleton-digiteyes-animated.jpg\",\"datePublished\":\"2023-05-01T13:16:06+00:00\",\"dateModified\":\"2026-01-27T16:29:36+00:00\",\"description\":\"Life Size Skeleton Halloween Prop with Moving Digiteyes. Huge range of quality Halloween props, masks and accessories. UK Stock, Fast Delivery.\",\"breadcrumb\":{\"@id\":\"https:\\\/\\\/madabouthorror.co.uk\\\/product\\\/life-size-skeleton-with-moving-digiteyes\\\/#breadcrumb\"},\"inLanguage\":\"de\",\"potentialAction\":[{\"@type\":\"ReadAction\",\"target\":[\"https:\\\/\\\/madabouthorror.co.uk\\\/product\\\/life-size-skeleton-with-moving-digiteyes\\\/\"]}]},{\"@type\":\"ImageObject\",\"inLanguage\":\"de\",\"@id\":\"https:\\\/\\\/madabouthorror.co.uk\\\/product\\\/life-size-skeleton-with-moving-digiteyes\\\/#primaryimage\",\"url\":\"https:\\\/\\\/madabouthorror.co.uk\\\/wp-content\\\/uploads\\\/2023\\\/05\\\/life-size-Halloween-skeleton-digiteyes-animated.jpg\",\"contentUrl\":\"https:\\\/\\\/madabouthorror.co.uk\\\/wp-content\\\/uploads\\\/2023\\\/05\\\/life-size-Halloween-skeleton-digiteyes-animated.jpg\",\"width\":1500,\"height\":1500},{\"@type\":\"BreadcrumbList\",\"@id\":\"https:\\\/\\\/madabouthorror.co.uk\\\/product\\\/life-size-skeleton-with-moving-digiteyes\\\/#breadcrumb\",\"itemListElement\":[{\"@type\":\"ListItem\",\"position\":1,\"name\":\"Shop\",\"item\":\"https:\\\/\\\/madabouthorror.co.uk\\\/shop\\\/\"},{\"@type\":\"ListItem\",\"position\":2,\"name\":\"Life Size Skeleton with Moving Digiteyes\"}]},{\"@type\":\"WebSite\",\"@id\":\"https:\\\/\\\/madabouthorror.co.uk\\\/#website\",\"url\":\"https:\\\/\\\/madabouthorror.co.uk\\\/\",\"name\":\"Mad About Horror\",\"description\":\"\",\"publisher\":{\"@id\":\"https:\\\/\\\/madabouthorror.co.uk\\\/#organization\"},\"alternateName\":\"Mad About Horror Limited\",\"potentialAction\":[{\"@type\":\"SearchAction\",\"target\":{\"@type\":\"EntryPoint\",\"urlTemplate\":\"https:\\\/\\\/madabouthorror.co.uk\\\/?s={search_term_string}\"},\"query-input\":{\"@type\":\"PropertyValueSpecification\",\"valueRequired\":true,\"valueName\":\"search_term_string\"}}],\"inLanguage\":\"de\"},{\"@type\":\"Organization\",\"@id\":\"https:\\\/\\\/madabouthorror.co.uk\\\/#organization\",\"name\":\"Mad About Horror\",\"url\":\"https:\\\/\\\/madabouthorror.co.uk\\\/\",\"logo\":{\"@type\":\"ImageObject\",\"inLanguage\":\"de\",\"@id\":\"https:\\\/\\\/madabouthorror.co.uk\\\/#\\\/schema\\\/logo\\\/image\\\/\",\"url\":\"https:\\\/\\\/madabouthorror.co.uk\\\/wp-content\\\/uploads\\\/2024\\\/02\\\/cropped-Logo.png\",\"contentUrl\":\"https:\\\/\\\/madabouthorror.co.uk\\\/wp-content\\\/uploads\\\/2024\\\/02\\\/cropped-Logo.png\",\"width\":240,\"height\":88,\"caption\":\"Mad About Horror\"},\"image\":{\"@id\":\"https:\\\/\\\/madabouthorror.co.uk\\\/#\\\/schema\\\/logo\\\/image\\\/\"},\"sameAs\":[\"https:\\\/\\\/www.facebook.com\\\/madabouthorror\\\/\",\"https:\\\/\\\/www.instagram.com\\\/madabouthorror\\\/\",\"https:\\\/\\\/www.pinterest.co.uk\\\/madabouthorror\\\/\",\"https:\\\/\\\/www.youtube.com\\\/channel\\\/UCBooLOIxjoQ89dj6T5lWm_w\",\"https:\\\/\\\/www.tiktok.com\\\/@weremadabouthorror\"]}]}<\/script>\n<!-- \/ Yoast SEO plugin. -->","yoast_head_json":{"title":"Lebensgro\u00dfes Skelett Halloween Requisit - Bewegliche Digiteyes","description":"Lebensgro\u00dfe Skelett-Halloween-Requisite mit beweglichen Digiteyes. Riesige Auswahl an hochwertigen Halloween-Requisiten, Masken und Zubeh\u00f6r. UK Lager, schnelle Lieferung.","robots":{"index":"index","follow":"follow","max-snippet":"max-snippet:-1","max-image-preview":"max-image-preview:large","max-video-preview":"max-video-preview:-1"},"canonical":"https:\/\/madabouthorror.co.uk\/de\/product\/life-size-skeleton-with-moving-digiteyes\/","og_locale":"de_DE","og_type":"article","og_title":"Life Size Skeleton Halloween Prop - Moving Digiteyes","og_description":"Life Size Skeleton Halloween Prop with Moving Digiteyes. Huge range of quality Halloween props, masks and accessories. UK Stock, Fast Delivery.","og_url":"https:\/\/madabouthorror.co.uk\/de\/product\/life-size-skeleton-with-moving-digiteyes\/","og_site_name":"Mad About Horror","article_publisher":"https:\/\/www.facebook.com\/madabouthorror\/","article_modified_time":"2026-01-27T16:29:36+00:00","og_image":[{"width":1500,"height":1500,"url":"https:\/\/madabouthorror.co.uk\/wp-content\/uploads\/2023\/05\/life-size-Halloween-skeleton-digiteyes-animated.jpg","type":"image\/jpeg"}],"twitter_card":"summary_large_image","twitter_misc":{"Gesch\u00e4tzte Lesezeit":"1\u00a0Minute"},"schema":{"@context":"https:\/\/schema.org","@graph":[{"@type":["WebPage","ItemPage"],"@id":"https:\/\/madabouthorror.co.uk\/product\/life-size-skeleton-with-moving-digiteyes\/","url":"https:\/\/madabouthorror.co.uk\/product\/life-size-skeleton-with-moving-digiteyes\/","name":"Lebensgro\u00dfes Skelett Halloween Requisit - Bewegliche Digiteyes","isPartOf":{"@id":"https:\/\/madabouthorror.co.uk\/#website"},"primaryImageOfPage":{"@id":"https:\/\/madabouthorror.co.uk\/product\/life-size-skeleton-with-moving-digiteyes\/#primaryimage"},"image":{"@id":"https:\/\/madabouthorror.co.uk\/product\/life-size-skeleton-with-moving-digiteyes\/#primaryimage"},"thumbnailUrl":"https:\/\/madabouthorror.co.uk\/wp-content\/uploads\/2023\/05\/life-size-Halloween-skeleton-digiteyes-animated.jpg","datePublished":"2023-05-01T13:16:06+00:00","dateModified":"2026-01-27T16:29:36+00:00","description":"Lebensgro\u00dfe Skelett-Halloween-Requisite mit beweglichen Digiteyes. Riesige Auswahl an hochwertigen Halloween-Requisiten, Masken und Zubeh\u00f6r. UK Lager, schnelle Lieferung.","breadcrumb":{"@id":"https:\/\/madabouthorror.co.uk\/product\/life-size-skeleton-with-moving-digiteyes\/#breadcrumb"},"inLanguage":"de","potentialAction":[{"@type":"ReadAction","target":["https:\/\/madabouthorror.co.uk\/product\/life-size-skeleton-with-moving-digiteyes\/"]}]},{"@type":"ImageObject","inLanguage":"de","@id":"https:\/\/madabouthorror.co.uk\/product\/life-size-skeleton-with-moving-digiteyes\/#primaryimage","url":"https:\/\/madabouthorror.co.uk\/wp-content\/uploads\/2023\/05\/life-size-Halloween-skeleton-digiteyes-animated.jpg","contentUrl":"https:\/\/madabouthorror.co.uk\/wp-content\/uploads\/2023\/05\/life-size-Halloween-skeleton-digiteyes-animated.jpg","width":1500,"height":1500},{"@type":"BreadcrumbList","@id":"https:\/\/madabouthorror.co.uk\/product\/life-size-skeleton-with-moving-digiteyes\/#breadcrumb","itemListElement":[{"@type":"ListItem","position":1,"name":"Shop","item":"https:\/\/madabouthorror.co.uk\/shop\/"},{"@type":"ListItem","position":2,"name":"Life Size Skeleton with Moving Digiteyes"}]},{"@type":"WebSite","@id":"https:\/\/madabouthorror.co.uk\/#website","url":"https:\/\/madabouthorror.co.uk\/","name":"Verr\u00fcckt nach Horror","description":"","publisher":{"@id":"https:\/\/madabouthorror.co.uk\/#organization"},"alternateName":"Mad About Horror Limited","potentialAction":[{"@type":"SearchAction","target":{"@type":"EntryPoint","urlTemplate":"https:\/\/madabouthorror.co.uk\/?s={search_term_string}"},"query-input":{"@type":"PropertyValueSpecification","valueRequired":true,"valueName":"search_term_string"}}],"inLanguage":"de"},{"@type":"Organization","@id":"https:\/\/madabouthorror.co.uk\/#organization","name":"Verr\u00fcckt nach Horror","url":"https:\/\/madabouthorror.co.uk\/","logo":{"@type":"ImageObject","inLanguage":"de","@id":"https:\/\/madabouthorror.co.uk\/#\/schema\/logo\/image\/","url":"https:\/\/madabouthorror.co.uk\/wp-content\/uploads\/2024\/02\/cropped-Logo.png","contentUrl":"https:\/\/madabouthorror.co.uk\/wp-content\/uploads\/2024\/02\/cropped-Logo.png","width":240,"height":88,"caption":"Mad About Horror"},"image":{"@id":"https:\/\/madabouthorror.co.uk\/#\/schema\/logo\/image\/"},"sameAs":["https:\/\/www.facebook.com\/madabouthorror\/","https:\/\/www.instagram.com\/madabouthorror\/","https:\/\/www.pinterest.co.uk\/madabouthorror\/","https:\/\/www.youtube.com\/channel\/UCBooLOIxjoQ89dj6T5lWm_w","https:\/\/www.tiktok.com\/@weremadabouthorror"]}]}},"df_price":114.53,"df_sale_price":"","df_regular_price":114.53,"df_image_link":"https:\/\/madabouthorror.co.uk\/wp-content\/uploads\/2023\/05\/life-size-Halloween-skeleton-digiteyes-animated-300x300.jpg","_links":{"self":[{"href":"https:\/\/madabouthorror.co.uk\/de\/wp-json\/wp\/v2\/product\/131213","targetHints":{"allow":["GET"]}}],"collection":[{"href":"https:\/\/madabouthorror.co.uk\/de\/wp-json\/wp\/v2\/product"}],"about":[{"href":"https:\/\/madabouthorror.co.uk\/de\/wp-json\/wp\/v2\/types\/product"}],"replies":[{"embeddable":true,"href":"https:\/\/madabouthorror.co.uk\/de\/wp-json\/wp\/v2\/comments?post=131213"}],"wp:featuredmedia":[{"embeddable":true,"href":"https:\/\/madabouthorror.co.uk\/de\/wp-json\/wp\/v2\/media\/456469"}],"wp:attachment":[{"href":"https:\/\/madabouthorror.co.uk\/de\/wp-json\/wp\/v2\/media?parent=131213"}],"wp:term":[{"taxonomy":"product_brand","embeddable":true,"href":"https:\/\/madabouthorror.co.uk\/de\/wp-json\/wp\/v2\/product_brand?post=131213"},{"taxonomy":"product_cat","embeddable":true,"href":"https:\/\/madabouthorror.co.uk\/de\/wp-json\/wp\/v2\/product_cat?post=131213"},{"taxonomy":"product_tag","embeddable":true,"href":"https:\/\/madabouthorror.co.uk\/de\/wp-json\/wp\/v2\/product_tag?post=131213"}],"curies":[{"name":"wp","href":"https:\/\/api.w.org\/{rel}","templated":true}]}}