{"id":131279,"date":"2023-05-04T10:31:42","date_gmt":"2023-05-04T09:31:42","guid":{"rendered":"https:\/\/mah.6bdv.ws\/product\/the-texas-chainsaw-massacre-miniatures\/"},"modified":"2026-04-20T15:40:13","modified_gmt":"2026-04-20T14:40:13","slug":"the-texas-chainsaw-massacre-miniatures","status":"publish","type":"product","link":"https:\/\/madabouthorror.co.uk\/de\/product\/the-texas-chainsaw-massacre-miniatures\/","title":{"rendered":"Das Texas Chainsaw Massacre - Miniaturfiguren"},"content":{"rendered":"<p>Gebildet von Andy Manoloff, Alexander Ray und Terry Wolfinger.<\/p>\n<div class=\"description rte section cf not-in-quickbuy\">\n<p><span class=\"ui-provider crj crk c d e f g h i j k l m n o p q r s t crl crm w x y z ab ac ae af ag ah ai aj ak\" dir=\"ltr\">Das Texas Chainsaw Massacre-Set von\u00a0<\/span>11 fachm\u00e4nnisch modellierte Miniaturversionen von Figuren. Diese Sammlerminiaturen sind von der Basis bis zur Spitze 40 mm gro\u00df. Jede Figur ist bemalbar und kann so individuell gestaltet werden. Perfekt zum Ausstellen oder zur Verwendung im Brettspiel The Texas Chainsaw Massacre.<\/p>\n<p>The Texas Chainsaw Massacre \u00a9 1974 Vortex, Inc.\/Kim Henkel\/Tobe Hooper Alle Rechte vorbehalten.<\/p>\n<\/div>","protected":false},"excerpt":{"rendered":"<p>Gebildet von Andy Manoloff, Alexander Ray &amp; Terry Wolfinger. Das Texas Chainsaw Massacre Set besteht aus 11 fachm\u00e4nnisch modellierten Miniaturversionen der Charaktere. Diese Sammlerminiaturen sind von der Basis bis zur Spitze 40 mm gro\u00df. Jede Figur ist bemalbar und kann somit individuell gestaltet werden. Perfekt zum Ausstellen oder f\u00fcr das Brettspiel The Texas Chainsaw Massacre. The Texas Chainsaw Massacre \u00a9 [...]<\/p>","protected":false},"featured_media":470096,"comment_status":"closed","ping_status":"closed","template":"","meta":{"_acf_changed":false},"product_brand":[],"product_cat":[10075,6538,10041,10038,6604,6789,6792,6675],"product_tag":[],"class_list":{"0":"post-131279","1":"product","2":"type-product","3":"status-publish","4":"has-post-thumbnail","6":"product_cat-action-figures","7":"product_cat-figures","8":"product_cat-gifts-under-50","9":"product_cat-horror-gifts","10":"product_cat-pre-order-collectibles","11":"product_cat-leatherface","12":"product_cat-trick-or-treat-studios","13":"product_cat-texaschainsawmassacre","14":"product_shipping_class-small-parcel-economy-3-5-business-days","16":"first","17":"onbackorder","18":"taxable","19":"shipping-taxable","20":"purchasable","21":"product-type-simple"},"supplier_id":467429,"supplier_sku":"TPQTCM01","barcode":"810116281220","atum_controlled":true,"out_stock_date":"2026-01-10 23:08:59","out_stock_threshold":null,"inheritable":false,"inbound_stock":8,"stock_on_hold":0,"sold_today":0,"sales_last_days":0,"reserved_stock":0,"customer_returns":0,"warehouse_damage":0,"lost_in_post":0,"other_logs":0,"out_stock_days":108,"lost_sales":539,"has_location":false,"update_date":"2026-04-29T02:07:00","atum_locations":[],"atum_stock_status":"onbackorder","restock_status":false,"low_stock_amount":5,"sales_update_date":"2026-04-29T02:06:58","calc_backorders":0,"acf":[],"yoast_head":"<!-- This site is optimized with the Yoast SEO plugin v27.5 - https:\/\/yoast.com\/product\/yoast-seo-wordpress\/ -->\n<title>The Texas Chainsaw Massacre - Miniatures<\/title>\n<meta name=\"description\" content=\"Order from Mad About Horror, the UK&#039;s leading horror collectibles specialist. A huge range of horror collectibles, masks and merchandise from all the top brands including Iron Studios, PCS, Sideshow, NECA and Trick or Treat Studios. UK stockist.\" \/>\n<meta name=\"robots\" content=\"index, follow, max-snippet:-1, max-image-preview:large, max-video-preview:-1\" \/>\n<link rel=\"canonical\" href=\"https:\/\/madabouthorror.co.uk\/de\/product\/the-texas-chainsaw-massacre-miniatures\/\" \/>\n<meta property=\"og:locale\" content=\"de_DE\" \/>\n<meta property=\"og:type\" content=\"article\" \/>\n<meta property=\"og:title\" content=\"The Texas Chainsaw Massacre - Miniatures\" \/>\n<meta property=\"og:description\" content=\"Order from Mad About Horror, the UK&#039;s leading horror collectibles specialist. A huge range of horror collectibles, masks and merchandise from all the top brands including Iron Studios, PCS, Sideshow, NECA and Trick or Treat Studios. UK stockist.\" \/>\n<meta property=\"og:url\" content=\"https:\/\/madabouthorror.co.uk\/de\/product\/the-texas-chainsaw-massacre-miniatures\/\" \/>\n<meta property=\"og:site_name\" content=\"Mad About Horror\" \/>\n<meta property=\"article:publisher\" content=\"https:\/\/www.facebook.com\/madabouthorror\/\" \/>\n<meta property=\"article:modified_time\" content=\"2026-04-20T14:40:13+00:00\" \/>\n<meta property=\"og:image\" content=\"https:\/\/madabouthorror.co.uk\/wp-content\/uploads\/2023\/05\/texas-chainsaw-massacre-miniatures-for-TOTS-game.jpg\" \/>\n\t<meta property=\"og:image:width\" content=\"1500\" \/>\n\t<meta property=\"og:image:height\" content=\"1500\" \/>\n\t<meta property=\"og:image:type\" content=\"image\/jpeg\" \/>\n<meta name=\"twitter:card\" content=\"summary_large_image\" \/>\n<meta name=\"twitter:label1\" content=\"Gesch\u00e4tzte Lesezeit\" \/>\n\t<meta name=\"twitter:data1\" content=\"1\u00a0Minute\" \/>\n<script type=\"application\/ld+json\" class=\"yoast-schema-graph\">{\"@context\":\"https:\\\/\\\/schema.org\",\"@graph\":[{\"@type\":[\"WebPage\",\"ItemPage\"],\"@id\":\"https:\\\/\\\/madabouthorror.co.uk\\\/product\\\/the-texas-chainsaw-massacre-miniatures\\\/\",\"url\":\"https:\\\/\\\/madabouthorror.co.uk\\\/product\\\/the-texas-chainsaw-massacre-miniatures\\\/\",\"name\":\"The Texas Chainsaw Massacre - Miniatures\",\"isPartOf\":{\"@id\":\"https:\\\/\\\/madabouthorror.co.uk\\\/#website\"},\"primaryImageOfPage\":{\"@id\":\"https:\\\/\\\/madabouthorror.co.uk\\\/product\\\/the-texas-chainsaw-massacre-miniatures\\\/#primaryimage\"},\"image\":{\"@id\":\"https:\\\/\\\/madabouthorror.co.uk\\\/product\\\/the-texas-chainsaw-massacre-miniatures\\\/#primaryimage\"},\"thumbnailUrl\":\"https:\\\/\\\/madabouthorror.co.uk\\\/wp-content\\\/uploads\\\/2023\\\/05\\\/texas-chainsaw-massacre-miniatures-for-TOTS-game.jpg\",\"datePublished\":\"2023-05-04T09:31:42+00:00\",\"dateModified\":\"2026-04-20T14:40:13+00:00\",\"description\":\"Order from Mad About Horror, the UK's leading horror collectibles specialist. A huge range of horror collectibles, masks and merchandise from all the top brands including Iron Studios, PCS, Sideshow, NECA and Trick or Treat Studios. UK stockist.\",\"breadcrumb\":{\"@id\":\"https:\\\/\\\/madabouthorror.co.uk\\\/product\\\/the-texas-chainsaw-massacre-miniatures\\\/#breadcrumb\"},\"inLanguage\":\"de\",\"potentialAction\":[{\"@type\":\"ReadAction\",\"target\":[\"https:\\\/\\\/madabouthorror.co.uk\\\/product\\\/the-texas-chainsaw-massacre-miniatures\\\/\"]}]},{\"@type\":\"ImageObject\",\"inLanguage\":\"de\",\"@id\":\"https:\\\/\\\/madabouthorror.co.uk\\\/product\\\/the-texas-chainsaw-massacre-miniatures\\\/#primaryimage\",\"url\":\"https:\\\/\\\/madabouthorror.co.uk\\\/wp-content\\\/uploads\\\/2023\\\/05\\\/texas-chainsaw-massacre-miniatures-for-TOTS-game.jpg\",\"contentUrl\":\"https:\\\/\\\/madabouthorror.co.uk\\\/wp-content\\\/uploads\\\/2023\\\/05\\\/texas-chainsaw-massacre-miniatures-for-TOTS-game.jpg\",\"width\":1500,\"height\":1500,\"caption\":\"TOTS Texas Chainsaw Massacre game miniatures\"},{\"@type\":\"BreadcrumbList\",\"@id\":\"https:\\\/\\\/madabouthorror.co.uk\\\/product\\\/the-texas-chainsaw-massacre-miniatures\\\/#breadcrumb\",\"itemListElement\":[{\"@type\":\"ListItem\",\"position\":1,\"name\":\"Shop\",\"item\":\"https:\\\/\\\/madabouthorror.co.uk\\\/shop\\\/\"},{\"@type\":\"ListItem\",\"position\":2,\"name\":\"The Texas Chainsaw Massacre &#8211; Miniature Figures\"}]},{\"@type\":\"WebSite\",\"@id\":\"https:\\\/\\\/madabouthorror.co.uk\\\/#website\",\"url\":\"https:\\\/\\\/madabouthorror.co.uk\\\/\",\"name\":\"Mad About Horror\",\"description\":\"\",\"publisher\":{\"@id\":\"https:\\\/\\\/madabouthorror.co.uk\\\/#organization\"},\"alternateName\":\"Mad About Horror Limited\",\"potentialAction\":[{\"@type\":\"SearchAction\",\"target\":{\"@type\":\"EntryPoint\",\"urlTemplate\":\"https:\\\/\\\/madabouthorror.co.uk\\\/?s={search_term_string}\"},\"query-input\":{\"@type\":\"PropertyValueSpecification\",\"valueRequired\":true,\"valueName\":\"search_term_string\"}}],\"inLanguage\":\"de\"},{\"@type\":\"Organization\",\"@id\":\"https:\\\/\\\/madabouthorror.co.uk\\\/#organization\",\"name\":\"Mad About Horror\",\"url\":\"https:\\\/\\\/madabouthorror.co.uk\\\/\",\"logo\":{\"@type\":\"ImageObject\",\"inLanguage\":\"de\",\"@id\":\"https:\\\/\\\/madabouthorror.co.uk\\\/#\\\/schema\\\/logo\\\/image\\\/\",\"url\":\"https:\\\/\\\/madabouthorror.co.uk\\\/wp-content\\\/uploads\\\/2024\\\/02\\\/cropped-Logo.png\",\"contentUrl\":\"https:\\\/\\\/madabouthorror.co.uk\\\/wp-content\\\/uploads\\\/2024\\\/02\\\/cropped-Logo.png\",\"width\":240,\"height\":88,\"caption\":\"Mad About Horror\"},\"image\":{\"@id\":\"https:\\\/\\\/madabouthorror.co.uk\\\/#\\\/schema\\\/logo\\\/image\\\/\"},\"sameAs\":[\"https:\\\/\\\/www.facebook.com\\\/madabouthorror\\\/\",\"https:\\\/\\\/www.instagram.com\\\/madabouthorror\\\/\",\"https:\\\/\\\/www.pinterest.co.uk\\\/madabouthorror\\\/\",\"https:\\\/\\\/www.youtube.com\\\/channel\\\/UCBooLOIxjoQ89dj6T5lWm_w\",\"https:\\\/\\\/www.tiktok.com\\\/@weremadabouthorror\"]}]}<\/script>\n<!-- \/ Yoast SEO plugin. -->","yoast_head_json":{"title":"Das Texas Chainsaw Massacre - Miniaturen","description":"Bestellen Sie bei Mad About Horror, dem f\u00fchrenden Spezialisten f\u00fcr Horror-Sammlerst\u00fccke in Gro\u00dfbritannien. Eine riesige Auswahl an Horror-Sammlerst\u00fccken, Masken und Merchandise von allen Top-Marken wie Iron Studios, PCS, Sideshow, NECA und Trick or Treat Studios. UK-H\u00e4ndler.","robots":{"index":"index","follow":"follow","max-snippet":"max-snippet:-1","max-image-preview":"max-image-preview:large","max-video-preview":"max-video-preview:-1"},"canonical":"https:\/\/madabouthorror.co.uk\/de\/product\/the-texas-chainsaw-massacre-miniatures\/","og_locale":"de_DE","og_type":"article","og_title":"The Texas Chainsaw Massacre - Miniatures","og_description":"Order from Mad About Horror, the UK's leading horror collectibles specialist. A huge range of horror collectibles, masks and merchandise from all the top brands including Iron Studios, PCS, Sideshow, NECA and Trick or Treat Studios. UK stockist.","og_url":"https:\/\/madabouthorror.co.uk\/de\/product\/the-texas-chainsaw-massacre-miniatures\/","og_site_name":"Mad About Horror","article_publisher":"https:\/\/www.facebook.com\/madabouthorror\/","article_modified_time":"2026-04-20T14:40:13+00:00","og_image":[{"width":1500,"height":1500,"url":"https:\/\/madabouthorror.co.uk\/wp-content\/uploads\/2023\/05\/texas-chainsaw-massacre-miniatures-for-TOTS-game.jpg","type":"image\/jpeg"}],"twitter_card":"summary_large_image","twitter_misc":{"Gesch\u00e4tzte Lesezeit":"1\u00a0Minute"},"schema":{"@context":"https:\/\/schema.org","@graph":[{"@type":["WebPage","ItemPage"],"@id":"https:\/\/madabouthorror.co.uk\/product\/the-texas-chainsaw-massacre-miniatures\/","url":"https:\/\/madabouthorror.co.uk\/product\/the-texas-chainsaw-massacre-miniatures\/","name":"Das Texas Chainsaw Massacre - Miniaturen","isPartOf":{"@id":"https:\/\/madabouthorror.co.uk\/#website"},"primaryImageOfPage":{"@id":"https:\/\/madabouthorror.co.uk\/product\/the-texas-chainsaw-massacre-miniatures\/#primaryimage"},"image":{"@id":"https:\/\/madabouthorror.co.uk\/product\/the-texas-chainsaw-massacre-miniatures\/#primaryimage"},"thumbnailUrl":"https:\/\/madabouthorror.co.uk\/wp-content\/uploads\/2023\/05\/texas-chainsaw-massacre-miniatures-for-TOTS-game.jpg","datePublished":"2023-05-04T09:31:42+00:00","dateModified":"2026-04-20T14:40:13+00:00","description":"Bestellen Sie bei Mad About Horror, dem f\u00fchrenden Spezialisten f\u00fcr Horror-Sammlerst\u00fccke in Gro\u00dfbritannien. Eine riesige Auswahl an Horror-Sammlerst\u00fccken, Masken und Merchandise von allen Top-Marken wie Iron Studios, PCS, Sideshow, NECA und Trick or Treat Studios. UK-H\u00e4ndler.","breadcrumb":{"@id":"https:\/\/madabouthorror.co.uk\/product\/the-texas-chainsaw-massacre-miniatures\/#breadcrumb"},"inLanguage":"de","potentialAction":[{"@type":"ReadAction","target":["https:\/\/madabouthorror.co.uk\/product\/the-texas-chainsaw-massacre-miniatures\/"]}]},{"@type":"ImageObject","inLanguage":"de","@id":"https:\/\/madabouthorror.co.uk\/product\/the-texas-chainsaw-massacre-miniatures\/#primaryimage","url":"https:\/\/madabouthorror.co.uk\/wp-content\/uploads\/2023\/05\/texas-chainsaw-massacre-miniatures-for-TOTS-game.jpg","contentUrl":"https:\/\/madabouthorror.co.uk\/wp-content\/uploads\/2023\/05\/texas-chainsaw-massacre-miniatures-for-TOTS-game.jpg","width":1500,"height":1500,"caption":"TOTS Texas Chainsaw Massacre game miniatures"},{"@type":"BreadcrumbList","@id":"https:\/\/madabouthorror.co.uk\/product\/the-texas-chainsaw-massacre-miniatures\/#breadcrumb","itemListElement":[{"@type":"ListItem","position":1,"name":"Shop","item":"https:\/\/madabouthorror.co.uk\/shop\/"},{"@type":"ListItem","position":2,"name":"The Texas Chainsaw Massacre &#8211; Miniature Figures"}]},{"@type":"WebSite","@id":"https:\/\/madabouthorror.co.uk\/#website","url":"https:\/\/madabouthorror.co.uk\/","name":"Verr\u00fcckt nach Horror","description":"","publisher":{"@id":"https:\/\/madabouthorror.co.uk\/#organization"},"alternateName":"Mad About Horror Limited","potentialAction":[{"@type":"SearchAction","target":{"@type":"EntryPoint","urlTemplate":"https:\/\/madabouthorror.co.uk\/?s={search_term_string}"},"query-input":{"@type":"PropertyValueSpecification","valueRequired":true,"valueName":"search_term_string"}}],"inLanguage":"de"},{"@type":"Organization","@id":"https:\/\/madabouthorror.co.uk\/#organization","name":"Verr\u00fcckt nach Horror","url":"https:\/\/madabouthorror.co.uk\/","logo":{"@type":"ImageObject","inLanguage":"de","@id":"https:\/\/madabouthorror.co.uk\/#\/schema\/logo\/image\/","url":"https:\/\/madabouthorror.co.uk\/wp-content\/uploads\/2024\/02\/cropped-Logo.png","contentUrl":"https:\/\/madabouthorror.co.uk\/wp-content\/uploads\/2024\/02\/cropped-Logo.png","width":240,"height":88,"caption":"Mad About Horror"},"image":{"@id":"https:\/\/madabouthorror.co.uk\/#\/schema\/logo\/image\/"},"sameAs":["https:\/\/www.facebook.com\/madabouthorror\/","https:\/\/www.instagram.com\/madabouthorror\/","https:\/\/www.pinterest.co.uk\/madabouthorror\/","https:\/\/www.youtube.com\/channel\/UCBooLOIxjoQ89dj6T5lWm_w","https:\/\/www.tiktok.com\/@weremadabouthorror"]}]}},"df_price":34.95,"df_sale_price":"","df_regular_price":34.95,"df_image_link":"https:\/\/madabouthorror.co.uk\/wp-content\/uploads\/2023\/05\/texas-chainsaw-massacre-miniatures-for-TOTS-game-300x300.jpg","_links":{"self":[{"href":"https:\/\/madabouthorror.co.uk\/de\/wp-json\/wp\/v2\/product\/131279","targetHints":{"allow":["GET"]}}],"collection":[{"href":"https:\/\/madabouthorror.co.uk\/de\/wp-json\/wp\/v2\/product"}],"about":[{"href":"https:\/\/madabouthorror.co.uk\/de\/wp-json\/wp\/v2\/types\/product"}],"replies":[{"embeddable":true,"href":"https:\/\/madabouthorror.co.uk\/de\/wp-json\/wp\/v2\/comments?post=131279"}],"wp:featuredmedia":[{"embeddable":true,"href":"https:\/\/madabouthorror.co.uk\/de\/wp-json\/wp\/v2\/media\/470096"}],"wp:attachment":[{"href":"https:\/\/madabouthorror.co.uk\/de\/wp-json\/wp\/v2\/media?parent=131279"}],"wp:term":[{"taxonomy":"product_brand","embeddable":true,"href":"https:\/\/madabouthorror.co.uk\/de\/wp-json\/wp\/v2\/product_brand?post=131279"},{"taxonomy":"product_cat","embeddable":true,"href":"https:\/\/madabouthorror.co.uk\/de\/wp-json\/wp\/v2\/product_cat?post=131279"},{"taxonomy":"product_tag","embeddable":true,"href":"https:\/\/madabouthorror.co.uk\/de\/wp-json\/wp\/v2\/product_tag?post=131279"}],"curies":[{"name":"wp","href":"https:\/\/api.w.org\/{rel}","templated":true}]}}