{"id":254420,"date":"2023-06-22T12:01:20","date_gmt":"2023-06-22T11:01:20","guid":{"rendered":"https:\/\/mah.6bdv.ws\/product\/halloween-1978-miniature-characters\/"},"modified":"2026-04-20T15:40:13","modified_gmt":"2026-04-20T14:40:13","slug":"halloween-1978-miniature-characters","status":"publish","type":"product","link":"https:\/\/madabouthorror.co.uk\/de\/product\/halloween-1978-miniature-characters\/","title":{"rendered":"Halloween (1978) - Miniatur-Figuren"},"content":{"rendered":"<p><span class=\"ui-provider crj crk c d e f g h i j k l m n o p q r s t crl crm w x y z ab ac ae af ag ah ai aj ak\" dir=\"ltr\">Halloween (1978) Set aus\u00a0<\/span>7 meisterhaft gearbeitete Miniaturversionen von Charakteren von Andy Manoloff, Justin Mabry &amp; Alexander Ray. Jede Miniatur ist akribisch gestaltet und bemalbar, was eine ultimative Anpassung nach Ihren W\u00fcnschen erm\u00f6glicht. Ob zu Ausstellungszwecken oder f\u00fcr den Einsatz in einem Halloween-Brettspiel, diese Miniaturen sind eine unverzichtbare Erg\u00e4nzung f\u00fcr jede Horror-Sammlung.<\/p>\n<p>Verpassen Sie nicht die Gelegenheit, diese klassischen Charaktere in Miniaturform mit nach Hause zu nehmen!<\/p>\n<div class=\"description rte section cf not-in-quickbuy\">\n<p>\u00a9 2023 Compass International Pictures, Inc, Halloween (1978), einschlie\u00dflich aller zugeh\u00f6rigen Figuren und Schaupl\u00e4tze. Alle Rechte vorbehalten.<\/p>\n<div class=\"rte cf light-inner-row not-in-quickbuy\">\n<p>&nbsp;<\/p>\n<\/div>\n<\/div>","protected":false},"excerpt":{"rendered":"<p>Halloween (1978) Set aus 7 fachm\u00e4nnisch geformten Miniaturversionen von Charakteren von Andy Manoloff, Justin Mabry &amp; Alexander Ray. Jede Miniatur ist sorgf\u00e4ltig gestaltet und bemalbar, was eine individuelle Anpassung an Ihre Vorlieben erm\u00f6glicht. Ob zur Pr\u00e4sentation oder f\u00fcr ein Halloween-Brettspiel, diese Miniaturen sind eine unverzichtbare Erg\u00e4nzung f\u00fcr jede Horror-Sammlung. Verpassen Sie nicht [\u2026]<\/p>","protected":false},"featured_media":470084,"comment_status":"closed","ping_status":"closed","template":"","meta":{"_acf_changed":false},"product_brand":[],"product_cat":[6538,10075,10132,10041,6537,10038,6784,6604,6792,6660],"product_tag":[],"class_list":{"0":"post-254420","1":"product","2":"type-product","3":"status-publish","4":"has-post-thumbnail","6":"product_cat-figures","7":"product_cat-action-figures","8":"product_cat-masks-collectibles","9":"product_cat-gifts-under-50","10":"product_cat-collectibles","11":"product_cat-horror-gifts","12":"product_cat-michael-myers","13":"product_cat-pre-order-collectibles","14":"product_cat-trick-or-treat-studios","15":"product_cat-halloweenmichaelmyers","16":"product_shipping_class-small-parcel-economy-3-5-business-days","17":"pa_brand-trickortreatstudios","18":"pa_character-halloweenmichaelmyers","19":"pa_google_tax-ba-artsentertainmenthobbiescr","21":"first","22":"instock","23":"taxable","24":"shipping-taxable","25":"purchasable","26":"product-type-simple"},"supplier_id":467429,"supplier_sku":"TPQHMM01","barcode":"810116281237","atum_controlled":true,"out_stock_date":null,"out_stock_threshold":null,"inheritable":false,"inbound_stock":8,"stock_on_hold":0,"sold_today":0,"sales_last_days":0,"reserved_stock":0,"customer_returns":0,"warehouse_damage":0,"lost_in_post":0,"other_logs":0,"out_stock_days":0,"lost_sales":0,"has_location":false,"update_date":"2026-04-29T01:44:31","atum_locations":[],"atum_stock_status":"instock","restock_status":false,"low_stock_amount":7,"sales_update_date":"2026-04-29T01:44:30","calc_backorders":null,"acf":[],"yoast_head":"<!-- This site is optimized with the Yoast SEO plugin v27.5 - https:\/\/yoast.com\/product\/yoast-seo-wordpress\/ -->\n<title>Halloween (1978) - Miniature Characters<\/title>\n<meta name=\"description\" content=\"Order from Mad About Horror, the UK&#039;s leading horror collectibles specialist. Trick or Treat Studios, Iron Studios, PCS, Sideshow, NECA and more.\" \/>\n<meta name=\"robots\" content=\"index, follow, max-snippet:-1, max-image-preview:large, max-video-preview:-1\" \/>\n<link rel=\"canonical\" href=\"https:\/\/madabouthorror.co.uk\/de\/product\/halloween-1978-miniature-characters\/\" \/>\n<meta property=\"og:locale\" content=\"de_DE\" \/>\n<meta property=\"og:type\" content=\"article\" \/>\n<meta property=\"og:title\" content=\"Halloween (1978) - Miniature Characters\" \/>\n<meta property=\"og:description\" content=\"Order from Mad About Horror, the UK&#039;s leading horror collectibles specialist. Trick or Treat Studios, Iron Studios, PCS, Sideshow, NECA and more.\" \/>\n<meta property=\"og:url\" content=\"https:\/\/madabouthorror.co.uk\/de\/product\/halloween-1978-miniature-characters\/\" \/>\n<meta property=\"og:site_name\" content=\"Mad About Horror\" \/>\n<meta property=\"article:publisher\" content=\"https:\/\/www.facebook.com\/madabouthorror\/\" \/>\n<meta property=\"article:modified_time\" content=\"2026-04-20T14:40:13+00:00\" \/>\n<meta property=\"og:image\" content=\"https:\/\/madabouthorror.co.uk\/wp-content\/uploads\/2023\/06\/trick-or-treat-studios-halloweem-miniatures.jpg\" \/>\n\t<meta property=\"og:image:width\" content=\"1500\" \/>\n\t<meta property=\"og:image:height\" content=\"1500\" \/>\n\t<meta property=\"og:image:type\" content=\"image\/jpeg\" \/>\n<meta name=\"twitter:card\" content=\"summary_large_image\" \/>\n<meta name=\"twitter:label1\" content=\"Gesch\u00e4tzte Lesezeit\" \/>\n\t<meta name=\"twitter:data1\" content=\"1\u00a0Minute\" \/>\n<script type=\"application\/ld+json\" class=\"yoast-schema-graph\">{\"@context\":\"https:\\\/\\\/schema.org\",\"@graph\":[{\"@type\":[\"WebPage\",\"ItemPage\"],\"@id\":\"https:\\\/\\\/madabouthorror.co.uk\\\/product\\\/halloween-1978-miniature-characters\\\/\",\"url\":\"https:\\\/\\\/madabouthorror.co.uk\\\/product\\\/halloween-1978-miniature-characters\\\/\",\"name\":\"Halloween (1978) - Miniature Characters\",\"isPartOf\":{\"@id\":\"https:\\\/\\\/madabouthorror.co.uk\\\/#website\"},\"primaryImageOfPage\":{\"@id\":\"https:\\\/\\\/madabouthorror.co.uk\\\/product\\\/halloween-1978-miniature-characters\\\/#primaryimage\"},\"image\":{\"@id\":\"https:\\\/\\\/madabouthorror.co.uk\\\/product\\\/halloween-1978-miniature-characters\\\/#primaryimage\"},\"thumbnailUrl\":\"https:\\\/\\\/madabouthorror.co.uk\\\/wp-content\\\/uploads\\\/2023\\\/06\\\/trick-or-treat-studios-halloweem-miniatures.jpg\",\"datePublished\":\"2023-06-22T11:01:20+00:00\",\"dateModified\":\"2026-04-20T14:40:13+00:00\",\"description\":\"Order from Mad About Horror, the UK's leading horror collectibles specialist. Trick or Treat Studios, Iron Studios, PCS, Sideshow, NECA and more.\",\"breadcrumb\":{\"@id\":\"https:\\\/\\\/madabouthorror.co.uk\\\/product\\\/halloween-1978-miniature-characters\\\/#breadcrumb\"},\"inLanguage\":\"de\",\"potentialAction\":[{\"@type\":\"ReadAction\",\"target\":[\"https:\\\/\\\/madabouthorror.co.uk\\\/product\\\/halloween-1978-miniature-characters\\\/\"]}]},{\"@type\":\"ImageObject\",\"inLanguage\":\"de\",\"@id\":\"https:\\\/\\\/madabouthorror.co.uk\\\/product\\\/halloween-1978-miniature-characters\\\/#primaryimage\",\"url\":\"https:\\\/\\\/madabouthorror.co.uk\\\/wp-content\\\/uploads\\\/2023\\\/06\\\/trick-or-treat-studios-halloweem-miniatures.jpg\",\"contentUrl\":\"https:\\\/\\\/madabouthorror.co.uk\\\/wp-content\\\/uploads\\\/2023\\\/06\\\/trick-or-treat-studios-halloweem-miniatures.jpg\",\"width\":1500,\"height\":1500,\"caption\":\"trick or treat studios Halloween miniatures for game\"},{\"@type\":\"BreadcrumbList\",\"@id\":\"https:\\\/\\\/madabouthorror.co.uk\\\/product\\\/halloween-1978-miniature-characters\\\/#breadcrumb\",\"itemListElement\":[{\"@type\":\"ListItem\",\"position\":1,\"name\":\"Shop\",\"item\":\"https:\\\/\\\/madabouthorror.co.uk\\\/shop\\\/\"},{\"@type\":\"ListItem\",\"position\":2,\"name\":\"Halloween (1978) &#8211; Miniature Characters\"}]},{\"@type\":\"WebSite\",\"@id\":\"https:\\\/\\\/madabouthorror.co.uk\\\/#website\",\"url\":\"https:\\\/\\\/madabouthorror.co.uk\\\/\",\"name\":\"Mad About Horror\",\"description\":\"\",\"publisher\":{\"@id\":\"https:\\\/\\\/madabouthorror.co.uk\\\/#organization\"},\"alternateName\":\"Mad About Horror Limited\",\"potentialAction\":[{\"@type\":\"SearchAction\",\"target\":{\"@type\":\"EntryPoint\",\"urlTemplate\":\"https:\\\/\\\/madabouthorror.co.uk\\\/?s={search_term_string}\"},\"query-input\":{\"@type\":\"PropertyValueSpecification\",\"valueRequired\":true,\"valueName\":\"search_term_string\"}}],\"inLanguage\":\"de\"},{\"@type\":\"Organization\",\"@id\":\"https:\\\/\\\/madabouthorror.co.uk\\\/#organization\",\"name\":\"Mad About Horror\",\"url\":\"https:\\\/\\\/madabouthorror.co.uk\\\/\",\"logo\":{\"@type\":\"ImageObject\",\"inLanguage\":\"de\",\"@id\":\"https:\\\/\\\/madabouthorror.co.uk\\\/#\\\/schema\\\/logo\\\/image\\\/\",\"url\":\"https:\\\/\\\/madabouthorror.co.uk\\\/wp-content\\\/uploads\\\/2024\\\/02\\\/cropped-Logo.png\",\"contentUrl\":\"https:\\\/\\\/madabouthorror.co.uk\\\/wp-content\\\/uploads\\\/2024\\\/02\\\/cropped-Logo.png\",\"width\":240,\"height\":88,\"caption\":\"Mad About Horror\"},\"image\":{\"@id\":\"https:\\\/\\\/madabouthorror.co.uk\\\/#\\\/schema\\\/logo\\\/image\\\/\"},\"sameAs\":[\"https:\\\/\\\/www.facebook.com\\\/madabouthorror\\\/\",\"https:\\\/\\\/www.instagram.com\\\/madabouthorror\\\/\",\"https:\\\/\\\/www.pinterest.co.uk\\\/madabouthorror\\\/\",\"https:\\\/\\\/www.youtube.com\\\/channel\\\/UCBooLOIxjoQ89dj6T5lWm_w\",\"https:\\\/\\\/www.tiktok.com\\\/@weremadabouthorror\"]}]}<\/script>\n<!-- \/ Yoast SEO plugin. -->","yoast_head_json":{"title":"Halloween (1978) - Miniatur-Figuren","description":"Bestellen Sie bei Mad About Horror, dem f\u00fchrenden Spezialisten f\u00fcr Horror-Sammlerst\u00fccke in Gro\u00dfbritannien. Trick or Treat Studios, Iron Studios, PCS, Sideshow, NECA und mehr.","robots":{"index":"index","follow":"follow","max-snippet":"max-snippet:-1","max-image-preview":"max-image-preview:large","max-video-preview":"max-video-preview:-1"},"canonical":"https:\/\/madabouthorror.co.uk\/de\/product\/halloween-1978-miniature-characters\/","og_locale":"de_DE","og_type":"article","og_title":"Halloween (1978) - Miniature Characters","og_description":"Order from Mad About Horror, the UK's leading horror collectibles specialist. Trick or Treat Studios, Iron Studios, PCS, Sideshow, NECA and more.","og_url":"https:\/\/madabouthorror.co.uk\/de\/product\/halloween-1978-miniature-characters\/","og_site_name":"Mad About Horror","article_publisher":"https:\/\/www.facebook.com\/madabouthorror\/","article_modified_time":"2026-04-20T14:40:13+00:00","og_image":[{"width":1500,"height":1500,"url":"https:\/\/madabouthorror.co.uk\/wp-content\/uploads\/2023\/06\/trick-or-treat-studios-halloweem-miniatures.jpg","type":"image\/jpeg"}],"twitter_card":"summary_large_image","twitter_misc":{"Gesch\u00e4tzte Lesezeit":"1\u00a0Minute"},"schema":{"@context":"https:\/\/schema.org","@graph":[{"@type":["WebPage","ItemPage"],"@id":"https:\/\/madabouthorror.co.uk\/product\/halloween-1978-miniature-characters\/","url":"https:\/\/madabouthorror.co.uk\/product\/halloween-1978-miniature-characters\/","name":"Halloween (1978) - Miniatur-Figuren","isPartOf":{"@id":"https:\/\/madabouthorror.co.uk\/#website"},"primaryImageOfPage":{"@id":"https:\/\/madabouthorror.co.uk\/product\/halloween-1978-miniature-characters\/#primaryimage"},"image":{"@id":"https:\/\/madabouthorror.co.uk\/product\/halloween-1978-miniature-characters\/#primaryimage"},"thumbnailUrl":"https:\/\/madabouthorror.co.uk\/wp-content\/uploads\/2023\/06\/trick-or-treat-studios-halloweem-miniatures.jpg","datePublished":"2023-06-22T11:01:20+00:00","dateModified":"2026-04-20T14:40:13+00:00","description":"Bestellen Sie bei Mad About Horror, dem f\u00fchrenden Spezialisten f\u00fcr Horror-Sammlerst\u00fccke in Gro\u00dfbritannien. Trick or Treat Studios, Iron Studios, PCS, Sideshow, NECA und mehr.","breadcrumb":{"@id":"https:\/\/madabouthorror.co.uk\/product\/halloween-1978-miniature-characters\/#breadcrumb"},"inLanguage":"de","potentialAction":[{"@type":"ReadAction","target":["https:\/\/madabouthorror.co.uk\/product\/halloween-1978-miniature-characters\/"]}]},{"@type":"ImageObject","inLanguage":"de","@id":"https:\/\/madabouthorror.co.uk\/product\/halloween-1978-miniature-characters\/#primaryimage","url":"https:\/\/madabouthorror.co.uk\/wp-content\/uploads\/2023\/06\/trick-or-treat-studios-halloweem-miniatures.jpg","contentUrl":"https:\/\/madabouthorror.co.uk\/wp-content\/uploads\/2023\/06\/trick-or-treat-studios-halloweem-miniatures.jpg","width":1500,"height":1500,"caption":"trick or treat studios Halloween miniatures for game"},{"@type":"BreadcrumbList","@id":"https:\/\/madabouthorror.co.uk\/product\/halloween-1978-miniature-characters\/#breadcrumb","itemListElement":[{"@type":"ListItem","position":1,"name":"Shop","item":"https:\/\/madabouthorror.co.uk\/shop\/"},{"@type":"ListItem","position":2,"name":"Halloween (1978) &#8211; Miniature Characters"}]},{"@type":"WebSite","@id":"https:\/\/madabouthorror.co.uk\/#website","url":"https:\/\/madabouthorror.co.uk\/","name":"Verr\u00fcckt nach Horror","description":"","publisher":{"@id":"https:\/\/madabouthorror.co.uk\/#organization"},"alternateName":"Mad About Horror Limited","potentialAction":[{"@type":"SearchAction","target":{"@type":"EntryPoint","urlTemplate":"https:\/\/madabouthorror.co.uk\/?s={search_term_string}"},"query-input":{"@type":"PropertyValueSpecification","valueRequired":true,"valueName":"search_term_string"}}],"inLanguage":"de"},{"@type":"Organization","@id":"https:\/\/madabouthorror.co.uk\/#organization","name":"Verr\u00fcckt nach Horror","url":"https:\/\/madabouthorror.co.uk\/","logo":{"@type":"ImageObject","inLanguage":"de","@id":"https:\/\/madabouthorror.co.uk\/#\/schema\/logo\/image\/","url":"https:\/\/madabouthorror.co.uk\/wp-content\/uploads\/2024\/02\/cropped-Logo.png","contentUrl":"https:\/\/madabouthorror.co.uk\/wp-content\/uploads\/2024\/02\/cropped-Logo.png","width":240,"height":88,"caption":"Mad About Horror"},"image":{"@id":"https:\/\/madabouthorror.co.uk\/#\/schema\/logo\/image\/"},"sameAs":["https:\/\/www.facebook.com\/madabouthorror\/","https:\/\/www.instagram.com\/madabouthorror\/","https:\/\/www.pinterest.co.uk\/madabouthorror\/","https:\/\/www.youtube.com\/channel\/UCBooLOIxjoQ89dj6T5lWm_w","https:\/\/www.tiktok.com\/@weremadabouthorror"]}]}},"df_price":34.95,"df_sale_price":"","df_regular_price":34.95,"df_image_link":"https:\/\/madabouthorror.co.uk\/wp-content\/uploads\/2023\/06\/trick-or-treat-studios-halloweem-miniatures-300x300.jpg","_links":{"self":[{"href":"https:\/\/madabouthorror.co.uk\/de\/wp-json\/wp\/v2\/product\/254420","targetHints":{"allow":["GET"]}}],"collection":[{"href":"https:\/\/madabouthorror.co.uk\/de\/wp-json\/wp\/v2\/product"}],"about":[{"href":"https:\/\/madabouthorror.co.uk\/de\/wp-json\/wp\/v2\/types\/product"}],"replies":[{"embeddable":true,"href":"https:\/\/madabouthorror.co.uk\/de\/wp-json\/wp\/v2\/comments?post=254420"}],"wp:featuredmedia":[{"embeddable":true,"href":"https:\/\/madabouthorror.co.uk\/de\/wp-json\/wp\/v2\/media\/470084"}],"wp:attachment":[{"href":"https:\/\/madabouthorror.co.uk\/de\/wp-json\/wp\/v2\/media?parent=254420"}],"wp:term":[{"taxonomy":"product_brand","embeddable":true,"href":"https:\/\/madabouthorror.co.uk\/de\/wp-json\/wp\/v2\/product_brand?post=254420"},{"taxonomy":"product_cat","embeddable":true,"href":"https:\/\/madabouthorror.co.uk\/de\/wp-json\/wp\/v2\/product_cat?post=254420"},{"taxonomy":"product_tag","embeddable":true,"href":"https:\/\/madabouthorror.co.uk\/de\/wp-json\/wp\/v2\/product_tag?post=254420"}],"curies":[{"name":"wp","href":"https:\/\/api.w.org\/{rel}","templated":true}]}}