{"id":254931,"date":"2023-06-24T17:11:16","date_gmt":"2023-06-24T16:11:16","guid":{"rendered":"https:\/\/mah.6bdv.ws\/product\/life-size-hanging-body-female-torso-scarlett\/"},"modified":"2026-05-07T03:09:38","modified_gmt":"2026-05-07T02:09:38","slug":"life-size-hanging-body-female-torso-scarlett","status":"publish","type":"product","link":"https:\/\/madabouthorror.co.uk\/de\/product\/life-size-hanging-body-female-torso-scarlett\/","title":{"rendered":"Lebensgro\u00dfer h\u00e4ngender K\u00f6rper \u2013 weiblicher Torso \u2013 Scarlett"},"content":{"rendered":"<p>Ein kopf\u00fcber h\u00e4ngender weiblicher K\u00f6rper in Lebensgr\u00f6\u00dfe, auf H\u00f6he der Taille abgetrennt, mit verschiedenen Verletzungen und abgezogener Haut vom Gesicht, sodass der Sch\u00e4del darunter sichtbar ist.<\/p>\n<p>Perfekt f\u00fcr jede professionelle Horror-Veranstaltung sowie f\u00fcr Freizeitparks, Grusel-Labyrinthe und Escape Rooms. Ab Lager UK erh\u00e4ltlich.<\/p>\n<p>Kann Latex enthalten. Diese K\u00f6rper sind Abg\u00fcsse und werden von Hand gefertigt und fertiggestellt, sodass jedes St\u00fcck ein Unikat ist.<\/p>\n<p>Kommt mit befestigter Kette, die sich um ihre blutigen Handgelenke wickelt.<\/p>","protected":false},"excerpt":{"rendered":"<p>Ein h\u00e4ngender weiblicher K\u00f6rper in Lebensgr\u00f6\u00dfe, der in der Taille abgetrennt ist, mit verschiedenen Verletzungen und ihre Haut vom Gesicht abgezogen wurde, wodurch der darunter liegende Sch\u00e4del sichtbar wird. Perfekt f\u00fcr jede professionelle Veranstaltung mit Horror-Thema sowie f\u00fcr Freizeitparks, Grusel-Labyrinthe und Escape Rooms. Verf\u00fcgbar ab Lager in Gro\u00dfbritannien. Kann Latex enthalten. Diese K\u00f6rper sind lebensecht abgegossen und werden in Handarbeit hergestellt [\u2026]<\/p>","protected":false},"featured_media":254922,"comment_status":"closed","ping_status":"closed","template":"","meta":{"_acf_changed":false},"product_brand":[],"product_cat":[6821,6543],"product_tag":[],"class_list":{"0":"post-254931","1":"product","2":"type-product","3":"status-publish","4":"has-post-thumbnail","6":"product_cat-lifecast-bodies","7":"product_cat-professional","8":"product_shipping_class-props","9":"pa_brand-madabouthorror","10":"pa_character-other","11":"pa_google_tax-3e-businessindustrialretailre","12":"pa_material-containslatex","14":"first","15":"outofstock","16":"taxable","17":"shipping-taxable","18":"purchasable","19":"product-type-simple"},"supplier_id":467448,"supplier_sku":"","barcode":"","atum_controlled":true,"out_stock_date":"2025-08-14 10:40:57","out_stock_threshold":0,"inheritable":false,"inbound_stock":1,"stock_on_hold":0,"sold_today":0,"sales_last_days":0,"reserved_stock":0,"customer_returns":0,"warehouse_damage":0,"lost_in_post":0,"other_logs":0,"out_stock_days":265,"lost_sales":49024,"has_location":false,"update_date":"2026-05-07T02:09:38","atum_locations":[],"atum_stock_status":"outofstock","restock_status":false,"low_stock_amount":"","sales_update_date":"2026-05-07T02:09:36","calc_backorders":null,"acf":[],"yoast_head":"<!-- This site is optimized with the Yoast SEO plugin v27.5 - https:\/\/yoast.com\/product\/yoast-seo-wordpress\/ -->\n<title>Life Size Dead Body Prop - Mad About Horror<\/title>\n<meta name=\"description\" content=\"Halloween &amp; horror props for scare attractions, the entertainment industry, movies and escape rooms. A full range for the event industry. Professional quality. UK stock. Customisation available.\" \/>\n<meta name=\"robots\" content=\"index, follow, max-snippet:-1, max-image-preview:large, max-video-preview:-1\" \/>\n<link rel=\"canonical\" href=\"https:\/\/madabouthorror.co.uk\/de\/product\/life-size-hanging-body-female-torso-scarlett\/\" \/>\n<meta property=\"og:locale\" content=\"de_DE\" \/>\n<meta property=\"og:type\" content=\"article\" \/>\n<meta property=\"og:title\" content=\"Life Size Dead Body Prop - Mad About Horror\" \/>\n<meta property=\"og:description\" content=\"Halloween &amp; horror props for scare attractions, the entertainment industry, movies and escape rooms. A full range for the event industry. Professional quality. UK stock. Customisation available.\" \/>\n<meta property=\"og:url\" content=\"https:\/\/madabouthorror.co.uk\/de\/product\/life-size-hanging-body-female-torso-scarlett\/\" \/>\n<meta property=\"og:site_name\" content=\"Mad About Horror\" \/>\n<meta property=\"article:publisher\" content=\"https:\/\/www.facebook.com\/madabouthorror\/\" \/>\n<meta property=\"article:modified_time\" content=\"2026-05-07T02:09:38+00:00\" \/>\n<meta property=\"og:image\" content=\"https:\/\/madabouthorror.co.uk\/wp-content\/uploads\/2023\/06\/hanging_life_size_torso_female_horror_prop.jpg\" \/>\n\t<meta property=\"og:image:width\" content=\"670\" \/>\n\t<meta property=\"og:image:height\" content=\"670\" \/>\n\t<meta property=\"og:image:type\" content=\"image\/jpeg\" \/>\n<meta name=\"twitter:card\" content=\"summary_large_image\" \/>\n<meta name=\"twitter:label1\" content=\"Gesch\u00e4tzte Lesezeit\" \/>\n\t<meta name=\"twitter:data1\" content=\"1\u00a0Minute\" \/>\n<script type=\"application\/ld+json\" class=\"yoast-schema-graph\">{\"@context\":\"https:\\\/\\\/schema.org\",\"@graph\":[{\"@type\":[\"WebPage\",\"ItemPage\"],\"@id\":\"https:\\\/\\\/madabouthorror.co.uk\\\/product\\\/life-size-hanging-body-female-torso-scarlett\\\/\",\"url\":\"https:\\\/\\\/madabouthorror.co.uk\\\/product\\\/life-size-hanging-body-female-torso-scarlett\\\/\",\"name\":\"Life Size Dead Body Prop - Mad About Horror\",\"isPartOf\":{\"@id\":\"https:\\\/\\\/madabouthorror.co.uk\\\/#website\"},\"primaryImageOfPage\":{\"@id\":\"https:\\\/\\\/madabouthorror.co.uk\\\/product\\\/life-size-hanging-body-female-torso-scarlett\\\/#primaryimage\"},\"image\":{\"@id\":\"https:\\\/\\\/madabouthorror.co.uk\\\/product\\\/life-size-hanging-body-female-torso-scarlett\\\/#primaryimage\"},\"thumbnailUrl\":\"https:\\\/\\\/madabouthorror.co.uk\\\/wp-content\\\/uploads\\\/2023\\\/06\\\/hanging_life_size_torso_female_horror_prop.jpg\",\"datePublished\":\"2023-06-24T16:11:16+00:00\",\"dateModified\":\"2026-05-07T02:09:38+00:00\",\"description\":\"Halloween & horror props for scare attractions, the entertainment industry, movies and escape rooms. A full range for the event industry. Professional quality. UK stock. Customisation available.\",\"breadcrumb\":{\"@id\":\"https:\\\/\\\/madabouthorror.co.uk\\\/product\\\/life-size-hanging-body-female-torso-scarlett\\\/#breadcrumb\"},\"inLanguage\":\"de\",\"potentialAction\":[{\"@type\":\"ReadAction\",\"target\":[\"https:\\\/\\\/madabouthorror.co.uk\\\/product\\\/life-size-hanging-body-female-torso-scarlett\\\/\"]}]},{\"@type\":\"ImageObject\",\"inLanguage\":\"de\",\"@id\":\"https:\\\/\\\/madabouthorror.co.uk\\\/product\\\/life-size-hanging-body-female-torso-scarlett\\\/#primaryimage\",\"url\":\"https:\\\/\\\/madabouthorror.co.uk\\\/wp-content\\\/uploads\\\/2023\\\/06\\\/hanging_life_size_torso_female_horror_prop.jpg\",\"contentUrl\":\"https:\\\/\\\/madabouthorror.co.uk\\\/wp-content\\\/uploads\\\/2023\\\/06\\\/hanging_life_size_torso_female_horror_prop.jpg\",\"width\":670,\"height\":670,\"caption\":\"Life Size Hanging Body - Female Torso - horror body\"},{\"@type\":\"BreadcrumbList\",\"@id\":\"https:\\\/\\\/madabouthorror.co.uk\\\/product\\\/life-size-hanging-body-female-torso-scarlett\\\/#breadcrumb\",\"itemListElement\":[{\"@type\":\"ListItem\",\"position\":1,\"name\":\"Shop\",\"item\":\"https:\\\/\\\/madabouthorror.co.uk\\\/shop\\\/\"},{\"@type\":\"ListItem\",\"position\":2,\"name\":\"Life Size Hanging Body &#8211; Female Torso &#8211; Scarlett\"}]},{\"@type\":\"WebSite\",\"@id\":\"https:\\\/\\\/madabouthorror.co.uk\\\/#website\",\"url\":\"https:\\\/\\\/madabouthorror.co.uk\\\/\",\"name\":\"Mad About Horror\",\"description\":\"\",\"publisher\":{\"@id\":\"https:\\\/\\\/madabouthorror.co.uk\\\/#organization\"},\"alternateName\":\"Mad About Horror Limited\",\"potentialAction\":[{\"@type\":\"SearchAction\",\"target\":{\"@type\":\"EntryPoint\",\"urlTemplate\":\"https:\\\/\\\/madabouthorror.co.uk\\\/?s={search_term_string}\"},\"query-input\":{\"@type\":\"PropertyValueSpecification\",\"valueRequired\":true,\"valueName\":\"search_term_string\"}}],\"inLanguage\":\"de\"},{\"@type\":\"Organization\",\"@id\":\"https:\\\/\\\/madabouthorror.co.uk\\\/#organization\",\"name\":\"Mad About Horror\",\"url\":\"https:\\\/\\\/madabouthorror.co.uk\\\/\",\"logo\":{\"@type\":\"ImageObject\",\"inLanguage\":\"de\",\"@id\":\"https:\\\/\\\/madabouthorror.co.uk\\\/#\\\/schema\\\/logo\\\/image\\\/\",\"url\":\"https:\\\/\\\/madabouthorror.co.uk\\\/wp-content\\\/uploads\\\/2024\\\/02\\\/cropped-Logo.png\",\"contentUrl\":\"https:\\\/\\\/madabouthorror.co.uk\\\/wp-content\\\/uploads\\\/2024\\\/02\\\/cropped-Logo.png\",\"width\":240,\"height\":88,\"caption\":\"Mad About Horror\"},\"image\":{\"@id\":\"https:\\\/\\\/madabouthorror.co.uk\\\/#\\\/schema\\\/logo\\\/image\\\/\"},\"sameAs\":[\"https:\\\/\\\/www.facebook.com\\\/madabouthorror\\\/\",\"https:\\\/\\\/www.instagram.com\\\/madabouthorror\\\/\",\"https:\\\/\\\/www.pinterest.co.uk\\\/madabouthorror\\\/\",\"https:\\\/\\\/www.youtube.com\\\/channel\\\/UCBooLOIxjoQ89dj6T5lWm_w\",\"https:\\\/\\\/www.tiktok.com\\\/@weremadabouthorror\"]}]}<\/script>\n<!-- \/ Yoast SEO plugin. -->","yoast_head_json":{"title":"Lebensgro\u00dfe Leichenrequisite \u2013 Mad About Horror","description":"Halloween- &amp; Horror-Requisiten f\u00fcr Gruselattraktionen, die Unterhaltungsindustrie, Filme und Escape Rooms. Eine komplette Palette f\u00fcr die Eventbranche. Professionelle Qualit\u00e4t. Lagerware in Gro\u00dfbritannien. Individuelle Anpassungen m\u00f6glich.","robots":{"index":"index","follow":"follow","max-snippet":"max-snippet:-1","max-image-preview":"max-image-preview:large","max-video-preview":"max-video-preview:-1"},"canonical":"https:\/\/madabouthorror.co.uk\/de\/product\/life-size-hanging-body-female-torso-scarlett\/","og_locale":"de_DE","og_type":"article","og_title":"Life Size Dead Body Prop - Mad About Horror","og_description":"Halloween & horror props for scare attractions, the entertainment industry, movies and escape rooms. A full range for the event industry. Professional quality. UK stock. Customisation available.","og_url":"https:\/\/madabouthorror.co.uk\/de\/product\/life-size-hanging-body-female-torso-scarlett\/","og_site_name":"Mad About Horror","article_publisher":"https:\/\/www.facebook.com\/madabouthorror\/","article_modified_time":"2026-05-07T02:09:38+00:00","og_image":[{"width":670,"height":670,"url":"https:\/\/madabouthorror.co.uk\/wp-content\/uploads\/2023\/06\/hanging_life_size_torso_female_horror_prop.jpg","type":"image\/jpeg"}],"twitter_card":"summary_large_image","twitter_misc":{"Gesch\u00e4tzte Lesezeit":"1\u00a0Minute"},"schema":{"@context":"https:\/\/schema.org","@graph":[{"@type":["WebPage","ItemPage"],"@id":"https:\/\/madabouthorror.co.uk\/product\/life-size-hanging-body-female-torso-scarlett\/","url":"https:\/\/madabouthorror.co.uk\/product\/life-size-hanging-body-female-torso-scarlett\/","name":"Lebensgro\u00dfe Leichenrequisite \u2013 Mad About Horror","isPartOf":{"@id":"https:\/\/madabouthorror.co.uk\/#website"},"primaryImageOfPage":{"@id":"https:\/\/madabouthorror.co.uk\/product\/life-size-hanging-body-female-torso-scarlett\/#primaryimage"},"image":{"@id":"https:\/\/madabouthorror.co.uk\/product\/life-size-hanging-body-female-torso-scarlett\/#primaryimage"},"thumbnailUrl":"https:\/\/madabouthorror.co.uk\/wp-content\/uploads\/2023\/06\/hanging_life_size_torso_female_horror_prop.jpg","datePublished":"2023-06-24T16:11:16+00:00","dateModified":"2026-05-07T02:09:38+00:00","description":"Halloween- &amp; Horror-Requisiten f\u00fcr Gruselattraktionen, die Unterhaltungsindustrie, Filme und Escape Rooms. Eine komplette Palette f\u00fcr die Eventbranche. Professionelle Qualit\u00e4t. Lagerware in Gro\u00dfbritannien. Individuelle Anpassungen m\u00f6glich.","breadcrumb":{"@id":"https:\/\/madabouthorror.co.uk\/product\/life-size-hanging-body-female-torso-scarlett\/#breadcrumb"},"inLanguage":"de","potentialAction":[{"@type":"ReadAction","target":["https:\/\/madabouthorror.co.uk\/product\/life-size-hanging-body-female-torso-scarlett\/"]}]},{"@type":"ImageObject","inLanguage":"de","@id":"https:\/\/madabouthorror.co.uk\/product\/life-size-hanging-body-female-torso-scarlett\/#primaryimage","url":"https:\/\/madabouthorror.co.uk\/wp-content\/uploads\/2023\/06\/hanging_life_size_torso_female_horror_prop.jpg","contentUrl":"https:\/\/madabouthorror.co.uk\/wp-content\/uploads\/2023\/06\/hanging_life_size_torso_female_horror_prop.jpg","width":670,"height":670,"caption":"Life Size Hanging Body - Female Torso - horror body"},{"@type":"BreadcrumbList","@id":"https:\/\/madabouthorror.co.uk\/product\/life-size-hanging-body-female-torso-scarlett\/#breadcrumb","itemListElement":[{"@type":"ListItem","position":1,"name":"Shop","item":"https:\/\/madabouthorror.co.uk\/shop\/"},{"@type":"ListItem","position":2,"name":"Life Size Hanging Body &#8211; Female Torso &#8211; Scarlett"}]},{"@type":"WebSite","@id":"https:\/\/madabouthorror.co.uk\/#website","url":"https:\/\/madabouthorror.co.uk\/","name":"Verr\u00fcckt nach Horror","description":"","publisher":{"@id":"https:\/\/madabouthorror.co.uk\/#organization"},"alternateName":"Mad About Horror Limited","potentialAction":[{"@type":"SearchAction","target":{"@type":"EntryPoint","urlTemplate":"https:\/\/madabouthorror.co.uk\/?s={search_term_string}"},"query-input":{"@type":"PropertyValueSpecification","valueRequired":true,"valueName":"search_term_string"}}],"inLanguage":"de"},{"@type":"Organization","@id":"https:\/\/madabouthorror.co.uk\/#organization","name":"Verr\u00fcckt nach Horror","url":"https:\/\/madabouthorror.co.uk\/","logo":{"@type":"ImageObject","inLanguage":"de","@id":"https:\/\/madabouthorror.co.uk\/#\/schema\/logo\/image\/","url":"https:\/\/madabouthorror.co.uk\/wp-content\/uploads\/2024\/02\/cropped-Logo.png","contentUrl":"https:\/\/madabouthorror.co.uk\/wp-content\/uploads\/2024\/02\/cropped-Logo.png","width":240,"height":88,"caption":"Mad About Horror"},"image":{"@id":"https:\/\/madabouthorror.co.uk\/#\/schema\/logo\/image\/"},"sameAs":["https:\/\/www.facebook.com\/madabouthorror\/","https:\/\/www.instagram.com\/madabouthorror\/","https:\/\/www.pinterest.co.uk\/madabouthorror\/","https:\/\/www.youtube.com\/channel\/UCBooLOIxjoQ89dj6T5lWm_w","https:\/\/www.tiktok.com\/@weremadabouthorror"]}]}},"df_price":1295,"df_sale_price":"","df_regular_price":1295,"df_image_link":"https:\/\/madabouthorror.co.uk\/wp-content\/uploads\/2023\/06\/hanging_life_size_torso_female_horror_prop-300x300.jpg","_links":{"self":[{"href":"https:\/\/madabouthorror.co.uk\/de\/wp-json\/wp\/v2\/product\/254931","targetHints":{"allow":["GET"]}}],"collection":[{"href":"https:\/\/madabouthorror.co.uk\/de\/wp-json\/wp\/v2\/product"}],"about":[{"href":"https:\/\/madabouthorror.co.uk\/de\/wp-json\/wp\/v2\/types\/product"}],"replies":[{"embeddable":true,"href":"https:\/\/madabouthorror.co.uk\/de\/wp-json\/wp\/v2\/comments?post=254931"}],"wp:featuredmedia":[{"embeddable":true,"href":"https:\/\/madabouthorror.co.uk\/de\/wp-json\/wp\/v2\/media\/254922"}],"wp:attachment":[{"href":"https:\/\/madabouthorror.co.uk\/de\/wp-json\/wp\/v2\/media?parent=254931"}],"wp:term":[{"taxonomy":"product_brand","embeddable":true,"href":"https:\/\/madabouthorror.co.uk\/de\/wp-json\/wp\/v2\/product_brand?post=254931"},{"taxonomy":"product_cat","embeddable":true,"href":"https:\/\/madabouthorror.co.uk\/de\/wp-json\/wp\/v2\/product_cat?post=254931"},{"taxonomy":"product_tag","embeddable":true,"href":"https:\/\/madabouthorror.co.uk\/de\/wp-json\/wp\/v2\/product_tag?post=254931"}],"curies":[{"name":"wp","href":"https:\/\/api.w.org\/{rel}","templated":true}]}}