{"id":343843,"date":"2023-07-20T11:21:09","date_gmt":"2023-07-20T10:21:09","guid":{"rendered":"https:\/\/mah.6bdv.ws\/product\/scream-greats-candy-corn-jacob-atkins-8-figure\/"},"modified":"2026-04-02T09:40:46","modified_gmt":"2026-04-02T08:40:46","slug":"scream-greats-candy-corn-jacob-atkins-8-figure","status":"publish","type":"product","link":"https:\/\/madabouthorror.co.uk\/de\/product\/scream-greats-candy-corn-jacob-atkins-8-figure\/","title":{"rendered":"Scream Greats - Candy Corn - Jacob Atkins 8\u2033 Figur"},"content":{"rendered":"<div class=\"light-inner-row not-in-quickbuy\"><\/div>\n<div class=\"light-inner-row not-in-quickbuy\">Gebildet von Alexander Ray &amp; Justin Mabry.<\/div>\n<div class=\"light-inner-row not-in-quickbuy\"><\/div>\n<div class=\"light-inner-row not-in-quickbuy\">Trick or Treat Studios haben Candy Corn, Jacob Atkins Actionfigur als Teil unserer Scream Greats Series 1 Collection hinzugef\u00fcgt!<\/div>\n<div class=\"rte cf light-inner-row not-in-quickbuy\">\n<div class=\"description rte section cf not-in-quickbuy\">\n<p>Jede hochdetaillierte Figur ist 8 Zoll gro\u00df und eignet sich perfekt f\u00fcr jede Sammlung. Kaufen Sie unsere Scream Greats Series 1 Kollektion f\u00fcr Jacob Atkins und mehr!<\/p>\n<p>Enth\u00e4lt: 8\u2033 Scale Jacob Atkins Figur mit K\u00fcrbis Eimer Zubeh\u00f6r.<\/p>\n<p>Verpackt - R\u00fcckwandkarte mit Plastikblister.<\/p>\n<\/div>\n<div class=\"rte cf light-inner-row not-in-quickbuy\">\n<p>\u00a9 2023 Candy Corn LLC. Alle Rechte vorbehalten.<\/p>\n<\/div>\n<div class=\"rte cf light-inner-row not-in-quickbuy\">\n<p>8\u2033-Ma\u00dfstab<\/p>\n<\/div>\n<\/div>","protected":false},"excerpt":{"rendered":"<p>Geformt von Alexander Ray &amp; Justin Mabry. Trick or Treat Studios haben Candy Corn, Jacob Atkins Actionfigur als Teil unserer Scream Greats Series 1 Collection hinzugef\u00fcgt! Jede hochdetaillierte Figur hat einen Ma\u00dfstab von 8 Zoll und eignet sich perfekt f\u00fcr die Pr\u00e4sentation in jeder Sammlung. Kaufen Sie unsere Scream Greats Series 1 Collection f\u00fcr Jacob Atkins [...]<\/p>","protected":false},"featured_media":343837,"comment_status":"closed","ping_status":"closed","template":"","meta":{"_acf_changed":false},"product_brand":[],"product_cat":[6538,10075,10126,10039,10041,6537,10038,8802,6636,6792],"product_tag":[],"class_list":{"0":"post-343843","1":"product","2":"type-product","3":"status-publish","4":"has-post-thumbnail","6":"product_cat-figures","7":"product_cat-action-figures","8":"product_cat-scream-greats","9":"product_cat-stocking-fillers","10":"product_cat-gifts-under-50","11":"product_cat-collectibles","12":"product_cat-horror-gifts","13":"product_cat-sale","14":"product_cat-candycorn","15":"product_cat-trick-or-treat-studios","16":"product_shipping_class-small-parcel-economy-3-5-business-days","17":"pa_brand-trickortreatstudios","18":"pa_character-candycorn","19":"pa_google_tax-ba-artsentertainmenthobbiescr","21":"first","22":"instock","23":"sale","24":"taxable","25":"shipping-taxable","26":"purchasable","27":"product-type-simple"},"supplier_id":471029,"supplier_sku":"TTCC106","barcode":"811501038368","atum_controlled":true,"out_stock_date":null,"out_stock_threshold":null,"inheritable":false,"inbound_stock":0,"stock_on_hold":0,"sold_today":0,"sales_last_days":0,"reserved_stock":0,"customer_returns":0,"warehouse_damage":0,"lost_in_post":0,"other_logs":0,"out_stock_days":0,"lost_sales":0,"has_location":false,"update_date":"2026-04-19T01:29:13","atum_locations":[],"atum_stock_status":"instock","restock_status":false,"low_stock_amount":0,"sales_update_date":"2026-04-19T01:29:11","calc_backorders":null,"acf":[],"yoast_head":"<!-- This site is optimized with the Yoast SEO plugin v27.4 - https:\/\/yoast.com\/product\/yoast-seo-wordpress\/ -->\n<title>Scream Greats - Candy Corn - Jacob Atkins 8&quot; Figure<\/title>\n<meta name=\"description\" content=\"Scream Greats 8&quot; collectible action figures by Trick or Treat Studios including Halloween 1978 Michael Myers, Killer Klowns, Candyman and many more. Shop at the UK&#039;s leading horror collectibles specialist. 8&quot; Scale\" \/>\n<meta name=\"robots\" content=\"index, follow, max-snippet:-1, max-image-preview:large, max-video-preview:-1\" \/>\n<link rel=\"canonical\" href=\"https:\/\/madabouthorror.co.uk\/de\/product\/scream-greats-candy-corn-jacob-atkins-8-figure\/\" \/>\n<meta property=\"og:locale\" content=\"de_DE\" \/>\n<meta property=\"og:type\" content=\"article\" \/>\n<meta property=\"og:title\" content=\"Scream Greats - Candy Corn - Jacob Atkins 8&quot; Figure\" \/>\n<meta property=\"og:description\" content=\"Scream Greats 8&quot; collectible action figures by Trick or Treat Studios including Halloween 1978 Michael Myers, Killer Klowns, Candyman and many more. Shop at the UK&#039;s leading horror collectibles specialist. 8&quot; Scale\" \/>\n<meta property=\"og:url\" content=\"https:\/\/madabouthorror.co.uk\/de\/product\/scream-greats-candy-corn-jacob-atkins-8-figure\/\" \/>\n<meta property=\"og:site_name\" content=\"Mad About Horror\" \/>\n<meta property=\"article:publisher\" content=\"https:\/\/www.facebook.com\/madabouthorror\/\" \/>\n<meta property=\"article:modified_time\" content=\"2026-04-02T08:40:46+00:00\" \/>\n<meta property=\"og:image\" content=\"https:\/\/madabouthorror.co.uk\/wp-content\/uploads\/2023\/07\/scream_greats_candy_corn_jacob_.jpg\" \/>\n\t<meta property=\"og:image:width\" content=\"650\" \/>\n\t<meta property=\"og:image:height\" content=\"650\" \/>\n\t<meta property=\"og:image:type\" content=\"image\/jpeg\" \/>\n<meta name=\"twitter:card\" content=\"summary_large_image\" \/>\n<meta name=\"twitter:label1\" content=\"Gesch\u00e4tzte Lesezeit\" \/>\n\t<meta name=\"twitter:data1\" content=\"1\u00a0Minute\" \/>\n<script type=\"application\/ld+json\" class=\"yoast-schema-graph\">{\"@context\":\"https:\\\/\\\/schema.org\",\"@graph\":[{\"@type\":[\"WebPage\",\"ItemPage\"],\"@id\":\"https:\\\/\\\/madabouthorror.co.uk\\\/product\\\/scream-greats-candy-corn-jacob-atkins-8-figure\\\/\",\"url\":\"https:\\\/\\\/madabouthorror.co.uk\\\/product\\\/scream-greats-candy-corn-jacob-atkins-8-figure\\\/\",\"name\":\"Scream Greats - Candy Corn - Jacob Atkins 8\\\" Figure\",\"isPartOf\":{\"@id\":\"https:\\\/\\\/madabouthorror.co.uk\\\/#website\"},\"primaryImageOfPage\":{\"@id\":\"https:\\\/\\\/madabouthorror.co.uk\\\/product\\\/scream-greats-candy-corn-jacob-atkins-8-figure\\\/#primaryimage\"},\"image\":{\"@id\":\"https:\\\/\\\/madabouthorror.co.uk\\\/product\\\/scream-greats-candy-corn-jacob-atkins-8-figure\\\/#primaryimage\"},\"thumbnailUrl\":\"https:\\\/\\\/madabouthorror.co.uk\\\/wp-content\\\/uploads\\\/2023\\\/07\\\/scream_greats_candy_corn_jacob_.jpg\",\"datePublished\":\"2023-07-20T10:21:09+00:00\",\"dateModified\":\"2026-04-02T08:40:46+00:00\",\"description\":\"Scream Greats 8\\\" collectible action figures by Trick or Treat Studios including Halloween 1978 Michael Myers, Killer Klowns, Candyman and many more. Shop at the UK's leading horror collectibles specialist. 8\\\" Scale\",\"breadcrumb\":{\"@id\":\"https:\\\/\\\/madabouthorror.co.uk\\\/product\\\/scream-greats-candy-corn-jacob-atkins-8-figure\\\/#breadcrumb\"},\"inLanguage\":\"de\",\"potentialAction\":[{\"@type\":\"ReadAction\",\"target\":[\"https:\\\/\\\/madabouthorror.co.uk\\\/product\\\/scream-greats-candy-corn-jacob-atkins-8-figure\\\/\"]}]},{\"@type\":\"ImageObject\",\"inLanguage\":\"de\",\"@id\":\"https:\\\/\\\/madabouthorror.co.uk\\\/product\\\/scream-greats-candy-corn-jacob-atkins-8-figure\\\/#primaryimage\",\"url\":\"https:\\\/\\\/madabouthorror.co.uk\\\/wp-content\\\/uploads\\\/2023\\\/07\\\/scream_greats_candy_corn_jacob_.jpg\",\"contentUrl\":\"https:\\\/\\\/madabouthorror.co.uk\\\/wp-content\\\/uploads\\\/2023\\\/07\\\/scream_greats_candy_corn_jacob_.jpg\",\"width\":650,\"height\":650,\"caption\":\"Scream Greats - Candy Corn - Jacob Atkins 8\\\" Figure\"},{\"@type\":\"BreadcrumbList\",\"@id\":\"https:\\\/\\\/madabouthorror.co.uk\\\/product\\\/scream-greats-candy-corn-jacob-atkins-8-figure\\\/#breadcrumb\",\"itemListElement\":[{\"@type\":\"ListItem\",\"position\":1,\"name\":\"Shop\",\"item\":\"https:\\\/\\\/madabouthorror.co.uk\\\/shop\\\/\"},{\"@type\":\"ListItem\",\"position\":2,\"name\":\"Scream Greats &#8211; Candy Corn &#8211; Jacob Atkins 8&#8243; Figure\"}]},{\"@type\":\"WebSite\",\"@id\":\"https:\\\/\\\/madabouthorror.co.uk\\\/#website\",\"url\":\"https:\\\/\\\/madabouthorror.co.uk\\\/\",\"name\":\"Mad About Horror\",\"description\":\"\",\"publisher\":{\"@id\":\"https:\\\/\\\/madabouthorror.co.uk\\\/#organization\"},\"alternateName\":\"Mad About Horror Limited\",\"potentialAction\":[{\"@type\":\"SearchAction\",\"target\":{\"@type\":\"EntryPoint\",\"urlTemplate\":\"https:\\\/\\\/madabouthorror.co.uk\\\/?s={search_term_string}\"},\"query-input\":{\"@type\":\"PropertyValueSpecification\",\"valueRequired\":true,\"valueName\":\"search_term_string\"}}],\"inLanguage\":\"de\"},{\"@type\":\"Organization\",\"@id\":\"https:\\\/\\\/madabouthorror.co.uk\\\/#organization\",\"name\":\"Mad About Horror\",\"url\":\"https:\\\/\\\/madabouthorror.co.uk\\\/\",\"logo\":{\"@type\":\"ImageObject\",\"inLanguage\":\"de\",\"@id\":\"https:\\\/\\\/madabouthorror.co.uk\\\/#\\\/schema\\\/logo\\\/image\\\/\",\"url\":\"https:\\\/\\\/madabouthorror.co.uk\\\/wp-content\\\/uploads\\\/2024\\\/02\\\/cropped-Logo.png\",\"contentUrl\":\"https:\\\/\\\/madabouthorror.co.uk\\\/wp-content\\\/uploads\\\/2024\\\/02\\\/cropped-Logo.png\",\"width\":240,\"height\":88,\"caption\":\"Mad About Horror\"},\"image\":{\"@id\":\"https:\\\/\\\/madabouthorror.co.uk\\\/#\\\/schema\\\/logo\\\/image\\\/\"},\"sameAs\":[\"https:\\\/\\\/www.facebook.com\\\/madabouthorror\\\/\",\"https:\\\/\\\/www.instagram.com\\\/madabouthorror\\\/\",\"https:\\\/\\\/www.pinterest.co.uk\\\/madabouthorror\\\/\",\"https:\\\/\\\/www.youtube.com\\\/channel\\\/UCBooLOIxjoQ89dj6T5lWm_w\",\"https:\\\/\\\/www.tiktok.com\\\/@weremadabouthorror\"]}]}<\/script>\n<!-- \/ Yoast SEO plugin. -->","yoast_head_json":{"title":"Scream Greats - Candy Corn - Jacob Atkins 8\" Figur","description":"Scream Greats 8\" Sammelfiguren von Trick or Treat Studios, darunter Halloween 1978 Michael Myers, Killer Klowns, Candyman und viele mehr. Kaufen Sie bei Gro\u00dfbritanniens f\u00fchrendem Spezialisten f\u00fcr Horror-Sammelfiguren. 8\" Ma\u00dfstab","robots":{"index":"index","follow":"follow","max-snippet":"max-snippet:-1","max-image-preview":"max-image-preview:large","max-video-preview":"max-video-preview:-1"},"canonical":"https:\/\/madabouthorror.co.uk\/de\/product\/scream-greats-candy-corn-jacob-atkins-8-figure\/","og_locale":"de_DE","og_type":"article","og_title":"Scream Greats - Candy Corn - Jacob Atkins 8\" Figure","og_description":"Scream Greats 8\" collectible action figures by Trick or Treat Studios including Halloween 1978 Michael Myers, Killer Klowns, Candyman and many more. Shop at the UK's leading horror collectibles specialist. 8\" Scale","og_url":"https:\/\/madabouthorror.co.uk\/de\/product\/scream-greats-candy-corn-jacob-atkins-8-figure\/","og_site_name":"Mad About Horror","article_publisher":"https:\/\/www.facebook.com\/madabouthorror\/","article_modified_time":"2026-04-02T08:40:46+00:00","og_image":[{"width":650,"height":650,"url":"https:\/\/madabouthorror.co.uk\/wp-content\/uploads\/2023\/07\/scream_greats_candy_corn_jacob_.jpg","type":"image\/jpeg"}],"twitter_card":"summary_large_image","twitter_misc":{"Gesch\u00e4tzte Lesezeit":"1\u00a0Minute"},"schema":{"@context":"https:\/\/schema.org","@graph":[{"@type":["WebPage","ItemPage"],"@id":"https:\/\/madabouthorror.co.uk\/product\/scream-greats-candy-corn-jacob-atkins-8-figure\/","url":"https:\/\/madabouthorror.co.uk\/product\/scream-greats-candy-corn-jacob-atkins-8-figure\/","name":"Scream Greats - Candy Corn - Jacob Atkins 8\" Figur","isPartOf":{"@id":"https:\/\/madabouthorror.co.uk\/#website"},"primaryImageOfPage":{"@id":"https:\/\/madabouthorror.co.uk\/product\/scream-greats-candy-corn-jacob-atkins-8-figure\/#primaryimage"},"image":{"@id":"https:\/\/madabouthorror.co.uk\/product\/scream-greats-candy-corn-jacob-atkins-8-figure\/#primaryimage"},"thumbnailUrl":"https:\/\/madabouthorror.co.uk\/wp-content\/uploads\/2023\/07\/scream_greats_candy_corn_jacob_.jpg","datePublished":"2023-07-20T10:21:09+00:00","dateModified":"2026-04-02T08:40:46+00:00","description":"Scream Greats 8\" Sammelfiguren von Trick or Treat Studios, darunter Halloween 1978 Michael Myers, Killer Klowns, Candyman und viele mehr. Kaufen Sie bei Gro\u00dfbritanniens f\u00fchrendem Spezialisten f\u00fcr Horror-Sammelfiguren. 8\" Ma\u00dfstab","breadcrumb":{"@id":"https:\/\/madabouthorror.co.uk\/product\/scream-greats-candy-corn-jacob-atkins-8-figure\/#breadcrumb"},"inLanguage":"de","potentialAction":[{"@type":"ReadAction","target":["https:\/\/madabouthorror.co.uk\/product\/scream-greats-candy-corn-jacob-atkins-8-figure\/"]}]},{"@type":"ImageObject","inLanguage":"de","@id":"https:\/\/madabouthorror.co.uk\/product\/scream-greats-candy-corn-jacob-atkins-8-figure\/#primaryimage","url":"https:\/\/madabouthorror.co.uk\/wp-content\/uploads\/2023\/07\/scream_greats_candy_corn_jacob_.jpg","contentUrl":"https:\/\/madabouthorror.co.uk\/wp-content\/uploads\/2023\/07\/scream_greats_candy_corn_jacob_.jpg","width":650,"height":650,"caption":"Scream Greats - Candy Corn - Jacob Atkins 8\" Figure"},{"@type":"BreadcrumbList","@id":"https:\/\/madabouthorror.co.uk\/product\/scream-greats-candy-corn-jacob-atkins-8-figure\/#breadcrumb","itemListElement":[{"@type":"ListItem","position":1,"name":"Shop","item":"https:\/\/madabouthorror.co.uk\/shop\/"},{"@type":"ListItem","position":2,"name":"Scream Greats &#8211; Candy Corn &#8211; Jacob Atkins 8&#8243; Figure"}]},{"@type":"WebSite","@id":"https:\/\/madabouthorror.co.uk\/#website","url":"https:\/\/madabouthorror.co.uk\/","name":"Verr\u00fcckt nach Horror","description":"","publisher":{"@id":"https:\/\/madabouthorror.co.uk\/#organization"},"alternateName":"Mad About Horror Limited","potentialAction":[{"@type":"SearchAction","target":{"@type":"EntryPoint","urlTemplate":"https:\/\/madabouthorror.co.uk\/?s={search_term_string}"},"query-input":{"@type":"PropertyValueSpecification","valueRequired":true,"valueName":"search_term_string"}}],"inLanguage":"de"},{"@type":"Organization","@id":"https:\/\/madabouthorror.co.uk\/#organization","name":"Verr\u00fcckt nach Horror","url":"https:\/\/madabouthorror.co.uk\/","logo":{"@type":"ImageObject","inLanguage":"de","@id":"https:\/\/madabouthorror.co.uk\/#\/schema\/logo\/image\/","url":"https:\/\/madabouthorror.co.uk\/wp-content\/uploads\/2024\/02\/cropped-Logo.png","contentUrl":"https:\/\/madabouthorror.co.uk\/wp-content\/uploads\/2024\/02\/cropped-Logo.png","width":240,"height":88,"caption":"Mad About Horror"},"image":{"@id":"https:\/\/madabouthorror.co.uk\/#\/schema\/logo\/image\/"},"sameAs":["https:\/\/www.facebook.com\/madabouthorror\/","https:\/\/www.instagram.com\/madabouthorror\/","https:\/\/www.pinterest.co.uk\/madabouthorror\/","https:\/\/www.youtube.com\/channel\/UCBooLOIxjoQ89dj6T5lWm_w","https:\/\/www.tiktok.com\/@weremadabouthorror"]}]}},"df_price":20.78,"df_sale_price":20.78,"df_regular_price":31.2,"df_image_link":"https:\/\/madabouthorror.co.uk\/wp-content\/uploads\/2023\/07\/scream_greats_candy_corn_jacob_-300x300.jpg","_links":{"self":[{"href":"https:\/\/madabouthorror.co.uk\/de\/wp-json\/wp\/v2\/product\/343843","targetHints":{"allow":["GET"]}}],"collection":[{"href":"https:\/\/madabouthorror.co.uk\/de\/wp-json\/wp\/v2\/product"}],"about":[{"href":"https:\/\/madabouthorror.co.uk\/de\/wp-json\/wp\/v2\/types\/product"}],"replies":[{"embeddable":true,"href":"https:\/\/madabouthorror.co.uk\/de\/wp-json\/wp\/v2\/comments?post=343843"}],"wp:featuredmedia":[{"embeddable":true,"href":"https:\/\/madabouthorror.co.uk\/de\/wp-json\/wp\/v2\/media\/343837"}],"wp:attachment":[{"href":"https:\/\/madabouthorror.co.uk\/de\/wp-json\/wp\/v2\/media?parent=343843"}],"wp:term":[{"taxonomy":"product_brand","embeddable":true,"href":"https:\/\/madabouthorror.co.uk\/de\/wp-json\/wp\/v2\/product_brand?post=343843"},{"taxonomy":"product_cat","embeddable":true,"href":"https:\/\/madabouthorror.co.uk\/de\/wp-json\/wp\/v2\/product_cat?post=343843"},{"taxonomy":"product_tag","embeddable":true,"href":"https:\/\/madabouthorror.co.uk\/de\/wp-json\/wp\/v2\/product_tag?post=343843"}],"curies":[{"name":"wp","href":"https:\/\/api.w.org\/{rel}","templated":true}]}}