{"id":345060,"date":"2023-08-08T12:02:02","date_gmt":"2023-08-08T11:02:02","guid":{"rendered":"https:\/\/mah.6bdv.ws\/?post_type=product&#038;p=345060"},"modified":"2025-11-20T12:56:42","modified_gmt":"2025-11-20T12:56:42","slug":"98-jack-skellington-emoteglow-white-light-string","status":"publish","type":"product","link":"https:\/\/madabouthorror.co.uk\/de\/product\/98-jack-skellington-emoteglow-white-light-string\/","title":{"rendered":"Animierte Jack Skellington EmoteGlow Lichterkette"},"content":{"rendered":"<p>Aus dem beliebten Disney-Zeichentrickfilm Nightmare Before Christmas kommt eine lustige Jack Skellington Musical Light String! Kleine wei\u00dfe Jack o Lanterns mit projizierten Gesichtern singen schaurig Jack's Lament, das Lied des K\u00fcrbisk\u00f6nigs aus dem Film!<\/p>\n<p>F\u00fcgen Sie mehrere Strings zusammen, um einen Raum zu f\u00fcllen!<\/p>\n<p>Ungef\u00e4hr 98 Zoll lang, wobei die Jack Skellington K\u00f6pfe 3 Zoll hoch und 2,7 Zoll breit sind.<\/p>\n<p>Batteriebetrieben.<\/p>\n<div>\n<div><b>F\u00fcr die \u00fcberdachte Veranda oder f\u00fcr den Innenbereich.<\/b> <i>Bei Verwendung im Freien vor Witterungseinfl\u00fcssen sch\u00fctzen und nicht \u00fcber einen l\u00e4ngeren Zeitraum im Freien stehen lassen.<\/i><\/div>\n<div><\/div>\n<div><b>Bitte beachten:<\/b><i> Diese Requisiten sind nicht f\u00fcr den intensiven kommerziellen Gebrauch geeignet, d. h. sie sollten nicht \u00fcber l\u00e4ngere Zeitr\u00e4ume, z. B. tagelang, betrieben werden. Sie sind f\u00fcr die Verwendung an Halloween gedacht. Wenn Sie Fragen dazu haben, fragen Sie bitte.<\/i><\/div>\n<\/div>\n<p>&nbsp;<\/p>","protected":false},"excerpt":{"rendered":"<p>Aus dem beliebten Disney-Zeichentrickfilm Nightmare Before Christmas kommt eine lustige Jack Skellington Musical Light String! Kleine wei\u00dfe Jack o Lanterns mit projizierten Gesichtern singen schaurig Jack's Lament, das Lied des K\u00fcrbisk\u00f6nigs aus dem Film! F\u00fcgen Sie mehrere Strings zusammen, um einen Raum zu f\u00fcllen! Ungef\u00e4hr 98 Zoll lang, mit den Jack Skellington K\u00f6pfen, die 3 [...]<\/p>","protected":false},"featured_media":455920,"comment_status":"closed","ping_status":"closed","template":"","meta":{"_acf_changed":false},"product_brand":[],"product_cat":[10068,10117,10131,10108,10034,10093,10094,6547,6963,6597,7054,6682],"product_tag":[9994],"class_list":{"0":"post-345060","1":"product","2":"type-product","3":"status-publish","4":"has-post-thumbnail","6":"product_cat-halloween-decorations-2025","7":"product_cat-halloween-essentials","8":"product_cat-halloween-gifts","9":"product_cat-light-up-halloween-decorations","10":"product_cat-family-friendly","11":"product_cat-indoor-halloween-decorations","12":"product_cat-outdoor-halloween-decorations","13":"product_cat-decorations","14":"product_cat-animatronics","15":"product_cat-pumpkins","16":"product_cat-movie-tv-props","17":"product_cat-nightmarebeforechristmas","18":"product_tag-evil-pumpkin-patch","19":"product_shipping_class-small-parcel-economy-3-5-business-days","21":"first","22":"outofstock","23":"taxable","24":"shipping-taxable","25":"purchasable","26":"product-type-simple"},"supplier_id":467908,"supplier_sku":"SS229564G","barcode":"191245295648","atum_controlled":true,"out_stock_date":"2025-10-23 22:08:24","out_stock_threshold":null,"inheritable":false,"inbound_stock":0,"stock_on_hold":0,"sold_today":0,"sales_last_days":0,"reserved_stock":0,"customer_returns":0,"warehouse_damage":0,"lost_in_post":0,"other_logs":0,"out_stock_days":174,"lost_sales":1117,"has_location":false,"update_date":"2026-04-16T00:32:22","atum_locations":[],"atum_stock_status":"outofstock","restock_status":false,"low_stock_amount":"","sales_update_date":"2026-04-16T00:32:21","calc_backorders":null,"acf":[],"yoast_head":"<!-- This site is optimized with the Yoast SEO plugin v27.4 - https:\/\/yoast.com\/product\/yoast-seo-wordpress\/ -->\n<title>Animated Jack Skellington EmoteGlow String Lights | Mad About Horror<\/title>\n<meta name=\"description\" content=\"Musical Jack Skellington Lights. Shop Horror collectibles and Halloween props. UK Stock. PRE-ORDER now available in the UK from Mad About Horror.\" \/>\n<meta name=\"robots\" content=\"index, follow, max-snippet:-1, max-image-preview:large, max-video-preview:-1\" \/>\n<link rel=\"canonical\" href=\"https:\/\/madabouthorror.co.uk\/de\/product\/98-jack-skellington-emoteglow-white-light-string\/\" \/>\n<meta property=\"og:locale\" content=\"de_DE\" \/>\n<meta property=\"og:type\" content=\"article\" \/>\n<meta property=\"og:title\" content=\"Animated Jack Skellington EmoteGlow String Lights | Mad About Horror\" \/>\n<meta property=\"og:description\" content=\"Musical Jack Skellington Lights. Shop Horror collectibles and Halloween props. UK Stock. PRE-ORDER now available in the UK from Mad About Horror.\" \/>\n<meta property=\"og:url\" content=\"https:\/\/madabouthorror.co.uk\/de\/product\/98-jack-skellington-emoteglow-white-light-string\/\" \/>\n<meta property=\"og:site_name\" content=\"Mad About Horror\" \/>\n<meta property=\"article:publisher\" content=\"https:\/\/www.facebook.com\/madabouthorror\/\" \/>\n<meta property=\"article:modified_time\" content=\"2025-11-20T12:56:42+00:00\" \/>\n<meta property=\"og:image\" content=\"https:\/\/madabouthorror.co.uk\/wp-content\/uploads\/2023\/08\/vocals-halloween-decorationss229564g-a01-2.jpeg\" \/>\n\t<meta property=\"og:image:width\" content=\"1500\" \/>\n\t<meta property=\"og:image:height\" content=\"1500\" \/>\n\t<meta property=\"og:image:type\" content=\"image\/jpeg\" \/>\n<meta name=\"twitter:card\" content=\"summary_large_image\" \/>\n<meta name=\"twitter:label1\" content=\"Gesch\u00e4tzte Lesezeit\" \/>\n\t<meta name=\"twitter:data1\" content=\"1\u00a0Minute\" \/>\n<script type=\"application\/ld+json\" class=\"yoast-schema-graph\">{\"@context\":\"https:\\\/\\\/schema.org\",\"@graph\":[{\"@type\":[\"WebPage\",\"ItemPage\"],\"@id\":\"https:\\\/\\\/madabouthorror.co.uk\\\/product\\\/98-jack-skellington-emoteglow-white-light-string\\\/\",\"url\":\"https:\\\/\\\/madabouthorror.co.uk\\\/product\\\/98-jack-skellington-emoteglow-white-light-string\\\/\",\"name\":\"Animated Jack Skellington EmoteGlow String Lights | Mad About Horror\",\"isPartOf\":{\"@id\":\"https:\\\/\\\/madabouthorror.co.uk\\\/#website\"},\"primaryImageOfPage\":{\"@id\":\"https:\\\/\\\/madabouthorror.co.uk\\\/product\\\/98-jack-skellington-emoteglow-white-light-string\\\/#primaryimage\"},\"image\":{\"@id\":\"https:\\\/\\\/madabouthorror.co.uk\\\/product\\\/98-jack-skellington-emoteglow-white-light-string\\\/#primaryimage\"},\"thumbnailUrl\":\"https:\\\/\\\/madabouthorror.co.uk\\\/wp-content\\\/uploads\\\/2023\\\/08\\\/vocals-halloween-decorationss229564g-a01-2.jpeg\",\"datePublished\":\"2023-08-08T11:02:02+00:00\",\"dateModified\":\"2025-11-20T12:56:42+00:00\",\"description\":\"Musical Jack Skellington Lights. Shop Horror collectibles and Halloween props. UK Stock. PRE-ORDER now available in the UK from Mad About Horror.\",\"breadcrumb\":{\"@id\":\"https:\\\/\\\/madabouthorror.co.uk\\\/product\\\/98-jack-skellington-emoteglow-white-light-string\\\/#breadcrumb\"},\"inLanguage\":\"de\",\"potentialAction\":[{\"@type\":\"ReadAction\",\"target\":[\"https:\\\/\\\/madabouthorror.co.uk\\\/product\\\/98-jack-skellington-emoteglow-white-light-string\\\/\"]}]},{\"@type\":\"ImageObject\",\"inLanguage\":\"de\",\"@id\":\"https:\\\/\\\/madabouthorror.co.uk\\\/product\\\/98-jack-skellington-emoteglow-white-light-string\\\/#primaryimage\",\"url\":\"https:\\\/\\\/madabouthorror.co.uk\\\/wp-content\\\/uploads\\\/2023\\\/08\\\/vocals-halloween-decorationss229564g-a01-2.jpeg\",\"contentUrl\":\"https:\\\/\\\/madabouthorror.co.uk\\\/wp-content\\\/uploads\\\/2023\\\/08\\\/vocals-halloween-decorationss229564g-a01-2.jpeg\",\"width\":1500,\"height\":1500,\"caption\":\"Jack Skellington musical lights halloween decor\"},{\"@type\":\"BreadcrumbList\",\"@id\":\"https:\\\/\\\/madabouthorror.co.uk\\\/product\\\/98-jack-skellington-emoteglow-white-light-string\\\/#breadcrumb\",\"itemListElement\":[{\"@type\":\"ListItem\",\"position\":1,\"name\":\"Shop\",\"item\":\"https:\\\/\\\/madabouthorror.co.uk\\\/shop\\\/\"},{\"@type\":\"ListItem\",\"position\":2,\"name\":\"Animated Jack Skellington EmoteGlow String Lights\"}]},{\"@type\":\"WebSite\",\"@id\":\"https:\\\/\\\/madabouthorror.co.uk\\\/#website\",\"url\":\"https:\\\/\\\/madabouthorror.co.uk\\\/\",\"name\":\"Mad About Horror\",\"description\":\"\",\"publisher\":{\"@id\":\"https:\\\/\\\/madabouthorror.co.uk\\\/#organization\"},\"alternateName\":\"Mad About Horror Limited\",\"potentialAction\":[{\"@type\":\"SearchAction\",\"target\":{\"@type\":\"EntryPoint\",\"urlTemplate\":\"https:\\\/\\\/madabouthorror.co.uk\\\/?s={search_term_string}\"},\"query-input\":{\"@type\":\"PropertyValueSpecification\",\"valueRequired\":true,\"valueName\":\"search_term_string\"}}],\"inLanguage\":\"de\"},{\"@type\":\"Organization\",\"@id\":\"https:\\\/\\\/madabouthorror.co.uk\\\/#organization\",\"name\":\"Mad About Horror\",\"url\":\"https:\\\/\\\/madabouthorror.co.uk\\\/\",\"logo\":{\"@type\":\"ImageObject\",\"inLanguage\":\"de\",\"@id\":\"https:\\\/\\\/madabouthorror.co.uk\\\/#\\\/schema\\\/logo\\\/image\\\/\",\"url\":\"https:\\\/\\\/madabouthorror.co.uk\\\/wp-content\\\/uploads\\\/2024\\\/02\\\/cropped-Logo.png\",\"contentUrl\":\"https:\\\/\\\/madabouthorror.co.uk\\\/wp-content\\\/uploads\\\/2024\\\/02\\\/cropped-Logo.png\",\"width\":240,\"height\":88,\"caption\":\"Mad About Horror\"},\"image\":{\"@id\":\"https:\\\/\\\/madabouthorror.co.uk\\\/#\\\/schema\\\/logo\\\/image\\\/\"},\"sameAs\":[\"https:\\\/\\\/www.facebook.com\\\/madabouthorror\\\/\",\"https:\\\/\\\/www.instagram.com\\\/madabouthorror\\\/\",\"https:\\\/\\\/www.pinterest.co.uk\\\/madabouthorror\\\/\",\"https:\\\/\\\/www.youtube.com\\\/channel\\\/UCBooLOIxjoQ89dj6T5lWm_w\",\"https:\\\/\\\/www.tiktok.com\\\/@weremadabouthorror\"]}]}<\/script>\n<!-- \/ Yoast SEO plugin. -->","yoast_head_json":{"title":"Animierte Jack Skellington EmoteGlow Lichterkette | Mad About Horror","description":"Musikalische Jack Skellington Lichter. Shop Horror Sammlerst\u00fccke und Halloween Requisiten. UK Lagerbestand. PRE-ORDER jetzt verf\u00fcgbar in Gro\u00dfbritannien von Mad About Horror.","robots":{"index":"index","follow":"follow","max-snippet":"max-snippet:-1","max-image-preview":"max-image-preview:large","max-video-preview":"max-video-preview:-1"},"canonical":"https:\/\/madabouthorror.co.uk\/de\/product\/98-jack-skellington-emoteglow-white-light-string\/","og_locale":"de_DE","og_type":"article","og_title":"Animated Jack Skellington EmoteGlow String Lights | Mad About Horror","og_description":"Musical Jack Skellington Lights. Shop Horror collectibles and Halloween props. UK Stock. PRE-ORDER now available in the UK from Mad About Horror.","og_url":"https:\/\/madabouthorror.co.uk\/de\/product\/98-jack-skellington-emoteglow-white-light-string\/","og_site_name":"Mad About Horror","article_publisher":"https:\/\/www.facebook.com\/madabouthorror\/","article_modified_time":"2025-11-20T12:56:42+00:00","og_image":[{"width":1500,"height":1500,"url":"https:\/\/madabouthorror.co.uk\/wp-content\/uploads\/2023\/08\/vocals-halloween-decorationss229564g-a01-2.jpeg","type":"image\/jpeg"}],"twitter_card":"summary_large_image","twitter_misc":{"Gesch\u00e4tzte Lesezeit":"1\u00a0Minute"},"schema":{"@context":"https:\/\/schema.org","@graph":[{"@type":["WebPage","ItemPage"],"@id":"https:\/\/madabouthorror.co.uk\/product\/98-jack-skellington-emoteglow-white-light-string\/","url":"https:\/\/madabouthorror.co.uk\/product\/98-jack-skellington-emoteglow-white-light-string\/","name":"Animierte Jack Skellington EmoteGlow Lichterkette | Mad About Horror","isPartOf":{"@id":"https:\/\/madabouthorror.co.uk\/#website"},"primaryImageOfPage":{"@id":"https:\/\/madabouthorror.co.uk\/product\/98-jack-skellington-emoteglow-white-light-string\/#primaryimage"},"image":{"@id":"https:\/\/madabouthorror.co.uk\/product\/98-jack-skellington-emoteglow-white-light-string\/#primaryimage"},"thumbnailUrl":"https:\/\/madabouthorror.co.uk\/wp-content\/uploads\/2023\/08\/vocals-halloween-decorationss229564g-a01-2.jpeg","datePublished":"2023-08-08T11:02:02+00:00","dateModified":"2025-11-20T12:56:42+00:00","description":"Musikalische Jack Skellington Lichter. Shop Horror Sammlerst\u00fccke und Halloween Requisiten. UK Lagerbestand. PRE-ORDER jetzt verf\u00fcgbar in Gro\u00dfbritannien von Mad About Horror.","breadcrumb":{"@id":"https:\/\/madabouthorror.co.uk\/product\/98-jack-skellington-emoteglow-white-light-string\/#breadcrumb"},"inLanguage":"de","potentialAction":[{"@type":"ReadAction","target":["https:\/\/madabouthorror.co.uk\/product\/98-jack-skellington-emoteglow-white-light-string\/"]}]},{"@type":"ImageObject","inLanguage":"de","@id":"https:\/\/madabouthorror.co.uk\/product\/98-jack-skellington-emoteglow-white-light-string\/#primaryimage","url":"https:\/\/madabouthorror.co.uk\/wp-content\/uploads\/2023\/08\/vocals-halloween-decorationss229564g-a01-2.jpeg","contentUrl":"https:\/\/madabouthorror.co.uk\/wp-content\/uploads\/2023\/08\/vocals-halloween-decorationss229564g-a01-2.jpeg","width":1500,"height":1500,"caption":"Jack Skellington musical lights halloween decor"},{"@type":"BreadcrumbList","@id":"https:\/\/madabouthorror.co.uk\/product\/98-jack-skellington-emoteglow-white-light-string\/#breadcrumb","itemListElement":[{"@type":"ListItem","position":1,"name":"Shop","item":"https:\/\/madabouthorror.co.uk\/shop\/"},{"@type":"ListItem","position":2,"name":"Animated Jack Skellington EmoteGlow String Lights"}]},{"@type":"WebSite","@id":"https:\/\/madabouthorror.co.uk\/#website","url":"https:\/\/madabouthorror.co.uk\/","name":"Verr\u00fcckt nach Horror","description":"","publisher":{"@id":"https:\/\/madabouthorror.co.uk\/#organization"},"alternateName":"Mad About Horror Limited","potentialAction":[{"@type":"SearchAction","target":{"@type":"EntryPoint","urlTemplate":"https:\/\/madabouthorror.co.uk\/?s={search_term_string}"},"query-input":{"@type":"PropertyValueSpecification","valueRequired":true,"valueName":"search_term_string"}}],"inLanguage":"de"},{"@type":"Organization","@id":"https:\/\/madabouthorror.co.uk\/#organization","name":"Verr\u00fcckt nach Horror","url":"https:\/\/madabouthorror.co.uk\/","logo":{"@type":"ImageObject","inLanguage":"de","@id":"https:\/\/madabouthorror.co.uk\/#\/schema\/logo\/image\/","url":"https:\/\/madabouthorror.co.uk\/wp-content\/uploads\/2024\/02\/cropped-Logo.png","contentUrl":"https:\/\/madabouthorror.co.uk\/wp-content\/uploads\/2024\/02\/cropped-Logo.png","width":240,"height":88,"caption":"Mad About Horror"},"image":{"@id":"https:\/\/madabouthorror.co.uk\/#\/schema\/logo\/image\/"},"sameAs":["https:\/\/www.facebook.com\/madabouthorror\/","https:\/\/www.instagram.com\/madabouthorror\/","https:\/\/www.pinterest.co.uk\/madabouthorror\/","https:\/\/www.youtube.com\/channel\/UCBooLOIxjoQ89dj6T5lWm_w","https:\/\/www.tiktok.com\/@weremadabouthorror"]}]}},"df_price":46.83,"df_sale_price":"","df_regular_price":46.83,"df_image_link":"https:\/\/madabouthorror.co.uk\/wp-content\/uploads\/2023\/08\/vocals-halloween-decorationss229564g-a01-2-300x300.jpeg","_links":{"self":[{"href":"https:\/\/madabouthorror.co.uk\/de\/wp-json\/wp\/v2\/product\/345060","targetHints":{"allow":["GET"]}}],"collection":[{"href":"https:\/\/madabouthorror.co.uk\/de\/wp-json\/wp\/v2\/product"}],"about":[{"href":"https:\/\/madabouthorror.co.uk\/de\/wp-json\/wp\/v2\/types\/product"}],"replies":[{"embeddable":true,"href":"https:\/\/madabouthorror.co.uk\/de\/wp-json\/wp\/v2\/comments?post=345060"}],"wp:featuredmedia":[{"embeddable":true,"href":"https:\/\/madabouthorror.co.uk\/de\/wp-json\/wp\/v2\/media\/455920"}],"wp:attachment":[{"href":"https:\/\/madabouthorror.co.uk\/de\/wp-json\/wp\/v2\/media?parent=345060"}],"wp:term":[{"taxonomy":"product_brand","embeddable":true,"href":"https:\/\/madabouthorror.co.uk\/de\/wp-json\/wp\/v2\/product_brand?post=345060"},{"taxonomy":"product_cat","embeddable":true,"href":"https:\/\/madabouthorror.co.uk\/de\/wp-json\/wp\/v2\/product_cat?post=345060"},{"taxonomy":"product_tag","embeddable":true,"href":"https:\/\/madabouthorror.co.uk\/de\/wp-json\/wp\/v2\/product_tag?post=345060"}],"curies":[{"name":"wp","href":"https:\/\/api.w.org\/{rel}","templated":true}]}}