{"id":345913,"date":"2023-08-16T14:07:12","date_gmt":"2023-08-16T13:07:12","guid":{"rendered":"https:\/\/mah.6bdv.ws\/?post_type=product&#038;p=345913"},"modified":"2026-04-07T09:52:35","modified_gmt":"2026-04-07T08:52:35","slug":"spirit-halloween-krampus-animatronic","status":"publish","type":"product","link":"https:\/\/madabouthorror.co.uk\/de\/product\/spirit-halloween-krampus-animatronic\/","title":{"rendered":"Geist Halloween - Krampus Animatronic"},"content":{"rendered":"<p>Dieser Halb-Ziegenbock und Halb-D\u00e4mon ist hier, um ein Auge auf das Verhalten aller Feiernden zu werfen. Pass auf dich auf, denn der Krampus ist immer auf der Hut. Solltest du dich daneben benehmen, kann es sein, dass du eine Strafe bekommst!<\/p>\n<p>Dieser lebensgro\u00dfe animatronische Krampus verf\u00fcgt \u00fcber leuchtende Augen, heulende Ger\u00e4usche und bewegt sich von einer Seite zur anderen, um einen unvergleichlichen Schrecken zu verbreiten.<\/p>\n<p>Enth\u00e4lt:<\/p>\n<ul>\n<li>Animatronic<\/li>\n<li>Gebrauchsanweisung<\/li>\n<li>Lautst\u00e4rkeregler<\/li>\n<li>Externe Lautsprecherbuchse<\/li>\n<li>Heulende Ger\u00e4usche<\/li>\n<li>Animierte<\/li>\n<li>IR-Sensor aktiviert<\/li>\n<li>Kompatibel mit Trittfl\u00e4chen<\/li>\n<li>Kompatibel mit Multi-Prop-Fernausl\u00f6ser<\/li>\n<li>Try-me-Taste kompatibel<\/li>\n<\/ul>\n<p>Abmessungen: 78\u2033 H x 36\u2033 B x 49\u2033 T<\/p>\n<div><b>Wird mit einem UK-Netzadapter geliefert<\/b>. <i>Verwenden Sie nur den mitgelieferten Netzadapter, da falsche Netzadapter Sch\u00e4den verursachen k\u00f6nnen.<\/i><i><\/i><\/div>\n<div><\/div>\n<div><b>F\u00fcr die \u00fcberdachte Veranda oder f\u00fcr den Innenbereich.<\/b> <i>Bei Verwendung im Freien vor Witterungseinfl\u00fcssen sch\u00fctzen und nicht \u00fcber einen l\u00e4ngeren Zeitraum im Freien stehen lassen.<\/i><\/div>\n<div><\/div>\n<div><b>Bitte beachten:<\/b><i> Diese Requisiten sind nicht f\u00fcr den intensiven kommerziellen Gebrauch geeignet, d. h. sie sollten nicht \u00fcber l\u00e4ngere Zeitr\u00e4ume, z. B. tagelang, betrieben werden. Sie sind f\u00fcr die Verwendung an Halloween gedacht. Wenn Sie Fragen dazu haben, fragen Sie bitte.<\/i><\/div>","protected":false},"excerpt":{"rendered":"<p>Dieser Halb-Ziegenbock und Halb-D\u00e4mon ist hier, um ein Auge auf das Verhalten aller Feiernden zu werfen. Pass auf dich auf, denn der Krampus ist immer auf der Hut. Wenn du dich daneben benimmst, wirst du vielleicht bestraft! Dieser lebensgro\u00dfe animatronische Krampus hat leuchtende Augen, heulende Ger\u00e4usche und bewegt sich von einer Seite zur anderen, um dich zu erschrecken, [...]<\/p>","protected":false},"featured_media":345921,"comment_status":"closed","ping_status":"closed","template":"","meta":{"_acf_changed":false},"product_brand":[],"product_cat":[9892,10068,10131,10108,10110,9893,10093,10094,6547,6963,9839,7054,9919,6797,6674],"product_tag":[9993],"class_list":{"0":"post-345913","1":"product","2":"type-product","3":"status-publish","4":"has-post-thumbnail","6":"product_cat-christmas-animatronics","7":"product_cat-halloween-decorations-2025","8":"product_cat-halloween-gifts","9":"product_cat-light-up-halloween-decorations","10":"product_cat-us-imports","11":"product_cat-christmas-decorations","12":"product_cat-indoor-halloween-decorations","13":"product_cat-outdoor-halloween-decorations","14":"product_cat-decorations","15":"product_cat-animatronics","16":"product_cat-spirit-halloween-animatronics","17":"product_cat-movie-tv-props","18":"product_cat-christmas","19":"product_cat-spirit-halloween-uk-stockist","20":"product_cat-krampus","21":"product_tag-animatronics-imports","22":"product_shipping_class-eu-bulky-prop","24":"first","25":"outofstock","26":"taxable","27":"shipping-taxable","28":"purchasable","29":"product-type-simple"},"supplier_id":471382,"supplier_sku":"","barcode":"","atum_controlled":true,"out_stock_date":"2025-12-22 13:52:10","out_stock_threshold":null,"inheritable":false,"inbound_stock":0,"stock_on_hold":0,"sold_today":0,"sales_last_days":0,"reserved_stock":0,"customer_returns":0,"warehouse_damage":0,"lost_in_post":0,"other_logs":0,"out_stock_days":105,"lost_sales":14327,"has_location":false,"update_date":"2026-04-07T08:52:36","atum_locations":[],"atum_stock_status":"outofstock","restock_status":false,"low_stock_amount":"","sales_update_date":"2026-04-07T01:06:58","calc_backorders":null,"acf":[],"yoast_head":"<!-- This site is optimized with the Yoast SEO plugin v27.3 - https:\/\/yoast.com\/product\/yoast-seo-wordpress\/ -->\n<title>Spirit Halloween - Krampus Animatronic | Mad About Horror<\/title>\n<meta name=\"robots\" content=\"index, follow, max-snippet:-1, max-image-preview:large, max-video-preview:-1\" \/>\n<link rel=\"canonical\" href=\"https:\/\/madabouthorror.co.uk\/de\/product\/spirit-halloween-krampus-animatronic\/\" \/>\n<meta property=\"og:locale\" content=\"de_DE\" \/>\n<meta property=\"og:type\" content=\"article\" \/>\n<meta property=\"og:title\" content=\"Spirit Halloween - Krampus Animatronic | Mad About Horror\" \/>\n<meta property=\"og:description\" content=\"This half-goat, half-demon is here to keep an eye on the behavior of all who celebrate. Watch your back because Krampus is always watching. Should you decide to misbehave, you may be in for a punishment! This life-sized Krampus animatronic features light-up eyes, howling sounds, and moves from side to side for a scare that [&hellip;]\" \/>\n<meta property=\"og:url\" content=\"https:\/\/madabouthorror.co.uk\/de\/product\/spirit-halloween-krampus-animatronic\/\" \/>\n<meta property=\"og:site_name\" content=\"Mad About Horror\" \/>\n<meta property=\"article:publisher\" content=\"https:\/\/www.facebook.com\/madabouthorror\/\" \/>\n<meta property=\"article:modified_time\" content=\"2026-04-07T08:52:35+00:00\" \/>\n<meta property=\"og:image\" content=\"https:\/\/madabouthorror.co.uk\/wp-content\/uploads\/2023\/08\/Spirit-Halloween-krampus-animatronic-Halloween.jpg\" \/>\n\t<meta property=\"og:image:width\" content=\"1500\" \/>\n\t<meta property=\"og:image:height\" content=\"1500\" \/>\n\t<meta property=\"og:image:type\" content=\"image\/jpeg\" \/>\n<meta name=\"twitter:card\" content=\"summary_large_image\" \/>\n<meta name=\"twitter:label1\" content=\"Gesch\u00e4tzte Lesezeit\" \/>\n\t<meta name=\"twitter:data1\" content=\"1\u00a0Minute\" \/>\n<script type=\"application\/ld+json\" class=\"yoast-schema-graph\">{\"@context\":\"https:\\\/\\\/schema.org\",\"@graph\":[{\"@type\":[\"WebPage\",\"ItemPage\"],\"@id\":\"https:\\\/\\\/madabouthorror.co.uk\\\/product\\\/spirit-halloween-krampus-animatronic\\\/\",\"url\":\"https:\\\/\\\/madabouthorror.co.uk\\\/product\\\/spirit-halloween-krampus-animatronic\\\/\",\"name\":\"Spirit Halloween - Krampus Animatronic | Mad About Horror\",\"isPartOf\":{\"@id\":\"https:\\\/\\\/madabouthorror.co.uk\\\/#website\"},\"primaryImageOfPage\":{\"@id\":\"https:\\\/\\\/madabouthorror.co.uk\\\/product\\\/spirit-halloween-krampus-animatronic\\\/#primaryimage\"},\"image\":{\"@id\":\"https:\\\/\\\/madabouthorror.co.uk\\\/product\\\/spirit-halloween-krampus-animatronic\\\/#primaryimage\"},\"thumbnailUrl\":\"https:\\\/\\\/madabouthorror.co.uk\\\/wp-content\\\/uploads\\\/2023\\\/08\\\/Spirit-Halloween-krampus-animatronic-Halloween.jpg\",\"datePublished\":\"2023-08-16T13:07:12+00:00\",\"dateModified\":\"2026-04-07T08:52:35+00:00\",\"breadcrumb\":{\"@id\":\"https:\\\/\\\/madabouthorror.co.uk\\\/product\\\/spirit-halloween-krampus-animatronic\\\/#breadcrumb\"},\"inLanguage\":\"de\",\"potentialAction\":[{\"@type\":\"ReadAction\",\"target\":[\"https:\\\/\\\/madabouthorror.co.uk\\\/product\\\/spirit-halloween-krampus-animatronic\\\/\"]}]},{\"@type\":\"ImageObject\",\"inLanguage\":\"de\",\"@id\":\"https:\\\/\\\/madabouthorror.co.uk\\\/product\\\/spirit-halloween-krampus-animatronic\\\/#primaryimage\",\"url\":\"https:\\\/\\\/madabouthorror.co.uk\\\/wp-content\\\/uploads\\\/2023\\\/08\\\/Spirit-Halloween-krampus-animatronic-Halloween.jpg\",\"contentUrl\":\"https:\\\/\\\/madabouthorror.co.uk\\\/wp-content\\\/uploads\\\/2023\\\/08\\\/Spirit-Halloween-krampus-animatronic-Halloween.jpg\",\"width\":1500,\"height\":1500,\"caption\":\"Spirit Halloween Krampus Animatronic\"},{\"@type\":\"BreadcrumbList\",\"@id\":\"https:\\\/\\\/madabouthorror.co.uk\\\/product\\\/spirit-halloween-krampus-animatronic\\\/#breadcrumb\",\"itemListElement\":[{\"@type\":\"ListItem\",\"position\":1,\"name\":\"Shop\",\"item\":\"https:\\\/\\\/madabouthorror.co.uk\\\/shop\\\/\"},{\"@type\":\"ListItem\",\"position\":2,\"name\":\"Spirit Halloween &#8211; Krampus Animatronic\"}]},{\"@type\":\"WebSite\",\"@id\":\"https:\\\/\\\/madabouthorror.co.uk\\\/#website\",\"url\":\"https:\\\/\\\/madabouthorror.co.uk\\\/\",\"name\":\"Mad About Horror\",\"description\":\"\",\"publisher\":{\"@id\":\"https:\\\/\\\/madabouthorror.co.uk\\\/#organization\"},\"alternateName\":\"Mad About Horror Limited\",\"potentialAction\":[{\"@type\":\"SearchAction\",\"target\":{\"@type\":\"EntryPoint\",\"urlTemplate\":\"https:\\\/\\\/madabouthorror.co.uk\\\/?s={search_term_string}\"},\"query-input\":{\"@type\":\"PropertyValueSpecification\",\"valueRequired\":true,\"valueName\":\"search_term_string\"}}],\"inLanguage\":\"de\"},{\"@type\":\"Organization\",\"@id\":\"https:\\\/\\\/madabouthorror.co.uk\\\/#organization\",\"name\":\"Mad About Horror\",\"url\":\"https:\\\/\\\/madabouthorror.co.uk\\\/\",\"logo\":{\"@type\":\"ImageObject\",\"inLanguage\":\"de\",\"@id\":\"https:\\\/\\\/madabouthorror.co.uk\\\/#\\\/schema\\\/logo\\\/image\\\/\",\"url\":\"https:\\\/\\\/madabouthorror.co.uk\\\/wp-content\\\/uploads\\\/2024\\\/02\\\/cropped-Logo.png\",\"contentUrl\":\"https:\\\/\\\/madabouthorror.co.uk\\\/wp-content\\\/uploads\\\/2024\\\/02\\\/cropped-Logo.png\",\"width\":240,\"height\":88,\"caption\":\"Mad About Horror\"},\"image\":{\"@id\":\"https:\\\/\\\/madabouthorror.co.uk\\\/#\\\/schema\\\/logo\\\/image\\\/\"},\"sameAs\":[\"https:\\\/\\\/www.facebook.com\\\/madabouthorror\\\/\",\"https:\\\/\\\/www.instagram.com\\\/madabouthorror\\\/\",\"https:\\\/\\\/www.pinterest.co.uk\\\/madabouthorror\\\/\",\"https:\\\/\\\/www.youtube.com\\\/channel\\\/UCBooLOIxjoQ89dj6T5lWm_w\",\"https:\\\/\\\/www.tiktok.com\\\/@weremadabouthorror\"]}]}<\/script>\n<!-- \/ Yoast SEO plugin. -->","yoast_head_json":{"title":"Geist Halloween - Krampus Animatronic | Mad About Horror","robots":{"index":"index","follow":"follow","max-snippet":"max-snippet:-1","max-image-preview":"max-image-preview:large","max-video-preview":"max-video-preview:-1"},"canonical":"https:\/\/madabouthorror.co.uk\/de\/product\/spirit-halloween-krampus-animatronic\/","og_locale":"de_DE","og_type":"article","og_title":"Spirit Halloween - Krampus Animatronic | Mad About Horror","og_description":"This half-goat, half-demon is here to keep an eye on the behavior of all who celebrate. Watch your back because Krampus is always watching. Should you decide to misbehave, you may be in for a punishment! This life-sized Krampus animatronic features light-up eyes, howling sounds, and moves from side to side for a scare that [&hellip;]","og_url":"https:\/\/madabouthorror.co.uk\/de\/product\/spirit-halloween-krampus-animatronic\/","og_site_name":"Mad About Horror","article_publisher":"https:\/\/www.facebook.com\/madabouthorror\/","article_modified_time":"2026-04-07T08:52:35+00:00","og_image":[{"width":1500,"height":1500,"url":"https:\/\/madabouthorror.co.uk\/wp-content\/uploads\/2023\/08\/Spirit-Halloween-krampus-animatronic-Halloween.jpg","type":"image\/jpeg"}],"twitter_card":"summary_large_image","twitter_misc":{"Gesch\u00e4tzte Lesezeit":"1\u00a0Minute"},"schema":{"@context":"https:\/\/schema.org","@graph":[{"@type":["WebPage","ItemPage"],"@id":"https:\/\/madabouthorror.co.uk\/product\/spirit-halloween-krampus-animatronic\/","url":"https:\/\/madabouthorror.co.uk\/product\/spirit-halloween-krampus-animatronic\/","name":"Geist Halloween - Krampus Animatronic | Mad About Horror","isPartOf":{"@id":"https:\/\/madabouthorror.co.uk\/#website"},"primaryImageOfPage":{"@id":"https:\/\/madabouthorror.co.uk\/product\/spirit-halloween-krampus-animatronic\/#primaryimage"},"image":{"@id":"https:\/\/madabouthorror.co.uk\/product\/spirit-halloween-krampus-animatronic\/#primaryimage"},"thumbnailUrl":"https:\/\/madabouthorror.co.uk\/wp-content\/uploads\/2023\/08\/Spirit-Halloween-krampus-animatronic-Halloween.jpg","datePublished":"2023-08-16T13:07:12+00:00","dateModified":"2026-04-07T08:52:35+00:00","breadcrumb":{"@id":"https:\/\/madabouthorror.co.uk\/product\/spirit-halloween-krampus-animatronic\/#breadcrumb"},"inLanguage":"de","potentialAction":[{"@type":"ReadAction","target":["https:\/\/madabouthorror.co.uk\/product\/spirit-halloween-krampus-animatronic\/"]}]},{"@type":"ImageObject","inLanguage":"de","@id":"https:\/\/madabouthorror.co.uk\/product\/spirit-halloween-krampus-animatronic\/#primaryimage","url":"https:\/\/madabouthorror.co.uk\/wp-content\/uploads\/2023\/08\/Spirit-Halloween-krampus-animatronic-Halloween.jpg","contentUrl":"https:\/\/madabouthorror.co.uk\/wp-content\/uploads\/2023\/08\/Spirit-Halloween-krampus-animatronic-Halloween.jpg","width":1500,"height":1500,"caption":"Spirit Halloween Krampus Animatronic"},{"@type":"BreadcrumbList","@id":"https:\/\/madabouthorror.co.uk\/product\/spirit-halloween-krampus-animatronic\/#breadcrumb","itemListElement":[{"@type":"ListItem","position":1,"name":"Shop","item":"https:\/\/madabouthorror.co.uk\/shop\/"},{"@type":"ListItem","position":2,"name":"Spirit Halloween &#8211; Krampus Animatronic"}]},{"@type":"WebSite","@id":"https:\/\/madabouthorror.co.uk\/#website","url":"https:\/\/madabouthorror.co.uk\/","name":"Verr\u00fcckt nach Horror","description":"","publisher":{"@id":"https:\/\/madabouthorror.co.uk\/#organization"},"alternateName":"Mad About Horror Limited","potentialAction":[{"@type":"SearchAction","target":{"@type":"EntryPoint","urlTemplate":"https:\/\/madabouthorror.co.uk\/?s={search_term_string}"},"query-input":{"@type":"PropertyValueSpecification","valueRequired":true,"valueName":"search_term_string"}}],"inLanguage":"de"},{"@type":"Organization","@id":"https:\/\/madabouthorror.co.uk\/#organization","name":"Verr\u00fcckt nach Horror","url":"https:\/\/madabouthorror.co.uk\/","logo":{"@type":"ImageObject","inLanguage":"de","@id":"https:\/\/madabouthorror.co.uk\/#\/schema\/logo\/image\/","url":"https:\/\/madabouthorror.co.uk\/wp-content\/uploads\/2024\/02\/cropped-Logo.png","contentUrl":"https:\/\/madabouthorror.co.uk\/wp-content\/uploads\/2024\/02\/cropped-Logo.png","width":240,"height":88,"caption":"Mad About Horror"},"image":{"@id":"https:\/\/madabouthorror.co.uk\/#\/schema\/logo\/image\/"},"sameAs":["https:\/\/www.facebook.com\/madabouthorror\/","https:\/\/www.instagram.com\/madabouthorror\/","https:\/\/www.pinterest.co.uk\/madabouthorror\/","https:\/\/www.youtube.com\/channel\/UCBooLOIxjoQ89dj6T5lWm_w","https:\/\/www.tiktok.com\/@weremadabouthorror"]}]}},"df_price":829.12,"df_sale_price":"","df_regular_price":829.12,"df_image_link":"https:\/\/madabouthorror.co.uk\/wp-content\/uploads\/2023\/08\/Spirit-Halloween-krampus-animatronic-Halloween-300x300.jpg","_links":{"self":[{"href":"https:\/\/madabouthorror.co.uk\/de\/wp-json\/wp\/v2\/product\/345913","targetHints":{"allow":["GET"]}}],"collection":[{"href":"https:\/\/madabouthorror.co.uk\/de\/wp-json\/wp\/v2\/product"}],"about":[{"href":"https:\/\/madabouthorror.co.uk\/de\/wp-json\/wp\/v2\/types\/product"}],"replies":[{"embeddable":true,"href":"https:\/\/madabouthorror.co.uk\/de\/wp-json\/wp\/v2\/comments?post=345913"}],"wp:featuredmedia":[{"embeddable":true,"href":"https:\/\/madabouthorror.co.uk\/de\/wp-json\/wp\/v2\/media\/345921"}],"wp:attachment":[{"href":"https:\/\/madabouthorror.co.uk\/de\/wp-json\/wp\/v2\/media?parent=345913"}],"wp:term":[{"taxonomy":"product_brand","embeddable":true,"href":"https:\/\/madabouthorror.co.uk\/de\/wp-json\/wp\/v2\/product_brand?post=345913"},{"taxonomy":"product_cat","embeddable":true,"href":"https:\/\/madabouthorror.co.uk\/de\/wp-json\/wp\/v2\/product_cat?post=345913"},{"taxonomy":"product_tag","embeddable":true,"href":"https:\/\/madabouthorror.co.uk\/de\/wp-json\/wp\/v2\/product_tag?post=345913"}],"curies":[{"name":"wp","href":"https:\/\/api.w.org\/{rel}","templated":true}]}}