{"id":38236,"date":"2019-05-08T15:38:38","date_gmt":"2019-05-08T14:38:38","guid":{"rendered":"https:\/\/mah.6bdv.ws\/product\/trick-or-treat-studios-chiller-latex-mask\/"},"modified":"2026-04-02T16:26:24","modified_gmt":"2026-04-02T15:26:24","slug":"trick-or-treat-studios-chiller-latex-mask","status":"publish","type":"product","link":"https:\/\/madabouthorror.co.uk\/de\/product\/trick-or-treat-studios-chiller-latex-mask\/","title":{"rendered":"Chiller Latex Maske"},"content":{"rendered":"<h4>Chiller Latex Maske<\/h4>\n<p>Aus den tiefsten Gew\u00f6lben der \u00e4ltesten Krypta kommt die ultimative Full Head Chiller Latexmaske. Diese Kreatur, geboren aus dem B\u00f6sen und der Dunkelheit, verachtet alles Lebendige und das Licht, das sie n\u00e4hrt. In den Tiefen der dunkelsten Katakomben lauert Chiller auf sein n\u00e4chstes Opfer, wo sein Anblick alle Lebewesen erstarren l\u00e4sst.<\/p>\n<p>Diese Gr\u00e4ueltat wurde von den kalten, toten H\u00e4nden von Erich Lubatti geformt.<\/p>\n<p>Diese Halloween-Horror-Maske besteht aus hochwertigem Latex und ist so konzipiert, dass sie den Kopf und den Hals des Tr\u00e4gers bedeckt. Es handelt sich um eine Latex-\u00dcberkopfmaske in Sammlerqualit\u00e4t, die f\u00fcr eine sehr detaillierte Ausf\u00fchrung handbemalt wurde. Von Trick or Treat Studios, einem der besten Maskenstudios in den USA.<\/p>\n<p>&nbsp;<\/p>\n<p>&nbsp;<\/p>","protected":false},"excerpt":{"rendered":"<p>Chiller Latex Maske Aus den tiefsten Gew\u00f6lben der \u00e4ltesten Krypta kommt die ultimative Chiller Latex Maske mit vollem Kopf. Diese Kreatur, geboren aus dem B\u00f6sen und der Dunkelheit, verachtet alles Lebendige und das Licht, das sie n\u00e4hrt. In den Tiefen der dunkelsten Katakomben lauert Chiller auf sein n\u00e4chstes Opfer, wo der blo\u00dfe Anblick von [...]<\/p>","protected":false},"featured_media":38232,"comment_status":"closed","ping_status":"closed","template":"","meta":{"_acf_changed":false},"product_brand":[],"product_cat":[10038,9962,6541,6588,6792],"product_tag":[],"class_list":{"0":"post-38236","1":"product","2":"type-product","3":"status-publish","4":"has-post-thumbnail","6":"product_cat-horror-gifts","7":"product_cat-trick-or-treat-studios-masks","8":"product_cat-masks","9":"product_cat-masks-zombies","10":"product_cat-trick-or-treat-studios","12":"first","13":"outofstock","14":"taxable","15":"shipping-taxable","16":"purchasable","17":"product-type-simple"},"supplier_id":467429,"supplier_sku":"EL113","barcode":"853270003208","atum_controlled":true,"out_stock_date":"2025-10-24 01:09:07","out_stock_threshold":null,"inheritable":false,"inbound_stock":7,"stock_on_hold":0,"sold_today":0,"sales_last_days":0,"reserved_stock":0,"customer_returns":0,"warehouse_damage":0,"lost_in_post":0,"other_logs":0,"out_stock_days":162,"lost_sales":1664,"has_location":false,"update_date":"2026-04-04T01:51:10","atum_locations":[],"atum_stock_status":"outofstock","restock_status":false,"low_stock_amount":0,"sales_update_date":"2026-04-04T01:51:09","calc_backorders":null,"acf":[],"yoast_head":"<!-- This site is optimized with the Yoast SEO plugin v27.3 - https:\/\/yoast.com\/product\/yoast-seo-wordpress\/ -->\n<title>Chiller Latex Mask by Trick or Treat - Mad About Horror<\/title>\n<meta name=\"description\" content=\"Chiller Latex Mask by Trick or Treat Studios. A collectors quality, latex halloween horror mask. Available in the UK from Mad About Horror. Call 01482 935936.\" \/>\n<meta name=\"robots\" content=\"index, follow, max-snippet:-1, max-image-preview:large, max-video-preview:-1\" \/>\n<link rel=\"canonical\" href=\"https:\/\/madabouthorror.co.uk\/de\/product\/trick-or-treat-studios-chiller-latex-mask\/\" \/>\n<meta property=\"og:locale\" content=\"de_DE\" \/>\n<meta property=\"og:type\" content=\"article\" \/>\n<meta property=\"og:title\" content=\"Chiller Latex Mask by Trick or Treat - Mad About Horror\" \/>\n<meta property=\"og:description\" content=\"Chiller Latex Mask by Trick or Treat Studios. A collectors quality, latex halloween horror mask. Available in the UK from Mad About Horror. Call 01482 935936.\" \/>\n<meta property=\"og:url\" content=\"https:\/\/madabouthorror.co.uk\/de\/product\/trick-or-treat-studios-chiller-latex-mask\/\" \/>\n<meta property=\"og:site_name\" content=\"Mad About Horror\" \/>\n<meta property=\"article:publisher\" content=\"https:\/\/www.facebook.com\/madabouthorror\/\" \/>\n<meta property=\"article:modified_time\" content=\"2026-04-02T15:26:24+00:00\" \/>\n<meta property=\"og:image\" content=\"https:\/\/madabouthorror.co.uk\/wp-content\/uploads\/2019\/05\/66239857_3.jpg\" \/>\n\t<meta property=\"og:image:width\" content=\"1000\" \/>\n\t<meta property=\"og:image:height\" content=\"1000\" \/>\n\t<meta property=\"og:image:type\" content=\"image\/jpeg\" \/>\n<meta name=\"twitter:card\" content=\"summary_large_image\" \/>\n<meta name=\"twitter:label1\" content=\"Gesch\u00e4tzte Lesezeit\" \/>\n\t<meta name=\"twitter:data1\" content=\"1\u00a0Minute\" \/>\n<script type=\"application\/ld+json\" class=\"yoast-schema-graph\">{\"@context\":\"https:\\\/\\\/schema.org\",\"@graph\":[{\"@type\":[\"WebPage\",\"ItemPage\"],\"@id\":\"https:\\\/\\\/madabouthorror.co.uk\\\/product\\\/trick-or-treat-studios-chiller-latex-mask\\\/\",\"url\":\"https:\\\/\\\/madabouthorror.co.uk\\\/product\\\/trick-or-treat-studios-chiller-latex-mask\\\/\",\"name\":\"Chiller Latex Mask by Trick or Treat - Mad About Horror\",\"isPartOf\":{\"@id\":\"https:\\\/\\\/madabouthorror.co.uk\\\/#website\"},\"primaryImageOfPage\":{\"@id\":\"https:\\\/\\\/madabouthorror.co.uk\\\/product\\\/trick-or-treat-studios-chiller-latex-mask\\\/#primaryimage\"},\"image\":{\"@id\":\"https:\\\/\\\/madabouthorror.co.uk\\\/product\\\/trick-or-treat-studios-chiller-latex-mask\\\/#primaryimage\"},\"thumbnailUrl\":\"https:\\\/\\\/madabouthorror.co.uk\\\/wp-content\\\/uploads\\\/2019\\\/05\\\/66239857_3.jpg\",\"datePublished\":\"2019-05-08T14:38:38+00:00\",\"dateModified\":\"2026-04-02T15:26:24+00:00\",\"description\":\"Chiller Latex Mask by Trick or Treat Studios. A collectors quality, latex halloween horror mask. Available in the UK from Mad About Horror. Call 01482 935936.\",\"breadcrumb\":{\"@id\":\"https:\\\/\\\/madabouthorror.co.uk\\\/product\\\/trick-or-treat-studios-chiller-latex-mask\\\/#breadcrumb\"},\"inLanguage\":\"de\",\"potentialAction\":[{\"@type\":\"ReadAction\",\"target\":[\"https:\\\/\\\/madabouthorror.co.uk\\\/product\\\/trick-or-treat-studios-chiller-latex-mask\\\/\"]}]},{\"@type\":\"ImageObject\",\"inLanguage\":\"de\",\"@id\":\"https:\\\/\\\/madabouthorror.co.uk\\\/product\\\/trick-or-treat-studios-chiller-latex-mask\\\/#primaryimage\",\"url\":\"https:\\\/\\\/madabouthorror.co.uk\\\/wp-content\\\/uploads\\\/2019\\\/05\\\/66239857_3.jpg\",\"contentUrl\":\"https:\\\/\\\/madabouthorror.co.uk\\\/wp-content\\\/uploads\\\/2019\\\/05\\\/66239857_3.jpg\",\"width\":1000,\"height\":1000,\"caption\":\"Chiller Latex Mask-0\"},{\"@type\":\"BreadcrumbList\",\"@id\":\"https:\\\/\\\/madabouthorror.co.uk\\\/product\\\/trick-or-treat-studios-chiller-latex-mask\\\/#breadcrumb\",\"itemListElement\":[{\"@type\":\"ListItem\",\"position\":1,\"name\":\"Shop\",\"item\":\"https:\\\/\\\/madabouthorror.co.uk\\\/shop\\\/\"},{\"@type\":\"ListItem\",\"position\":2,\"name\":\"Chiller Latex Mask\"}]},{\"@type\":\"WebSite\",\"@id\":\"https:\\\/\\\/madabouthorror.co.uk\\\/#website\",\"url\":\"https:\\\/\\\/madabouthorror.co.uk\\\/\",\"name\":\"Mad About Horror\",\"description\":\"\",\"publisher\":{\"@id\":\"https:\\\/\\\/madabouthorror.co.uk\\\/#organization\"},\"alternateName\":\"Mad About Horror Limited\",\"potentialAction\":[{\"@type\":\"SearchAction\",\"target\":{\"@type\":\"EntryPoint\",\"urlTemplate\":\"https:\\\/\\\/madabouthorror.co.uk\\\/?s={search_term_string}\"},\"query-input\":{\"@type\":\"PropertyValueSpecification\",\"valueRequired\":true,\"valueName\":\"search_term_string\"}}],\"inLanguage\":\"de\"},{\"@type\":\"Organization\",\"@id\":\"https:\\\/\\\/madabouthorror.co.uk\\\/#organization\",\"name\":\"Mad About Horror\",\"url\":\"https:\\\/\\\/madabouthorror.co.uk\\\/\",\"logo\":{\"@type\":\"ImageObject\",\"inLanguage\":\"de\",\"@id\":\"https:\\\/\\\/madabouthorror.co.uk\\\/#\\\/schema\\\/logo\\\/image\\\/\",\"url\":\"https:\\\/\\\/madabouthorror.co.uk\\\/wp-content\\\/uploads\\\/2024\\\/02\\\/cropped-Logo.png\",\"contentUrl\":\"https:\\\/\\\/madabouthorror.co.uk\\\/wp-content\\\/uploads\\\/2024\\\/02\\\/cropped-Logo.png\",\"width\":240,\"height\":88,\"caption\":\"Mad About Horror\"},\"image\":{\"@id\":\"https:\\\/\\\/madabouthorror.co.uk\\\/#\\\/schema\\\/logo\\\/image\\\/\"},\"sameAs\":[\"https:\\\/\\\/www.facebook.com\\\/madabouthorror\\\/\",\"https:\\\/\\\/www.instagram.com\\\/madabouthorror\\\/\",\"https:\\\/\\\/www.pinterest.co.uk\\\/madabouthorror\\\/\",\"https:\\\/\\\/www.youtube.com\\\/channel\\\/UCBooLOIxjoQ89dj6T5lWm_w\",\"https:\\\/\\\/www.tiktok.com\\\/@weremadabouthorror\"]}]}<\/script>\n<!-- \/ Yoast SEO plugin. -->","yoast_head_json":{"title":"Chiller Latex Maske von Trick or Treat - Mad About Horror","description":"Chiller Latex Maske von Trick or Treat Studios. Eine Halloween-Horror-Maske aus Latex in Sammlerqualit\u00e4t. Erh\u00e4ltlich in Gro\u00dfbritannien bei Mad About Horror. Rufen Sie 01482 935936.","robots":{"index":"index","follow":"follow","max-snippet":"max-snippet:-1","max-image-preview":"max-image-preview:large","max-video-preview":"max-video-preview:-1"},"canonical":"https:\/\/madabouthorror.co.uk\/de\/product\/trick-or-treat-studios-chiller-latex-mask\/","og_locale":"de_DE","og_type":"article","og_title":"Chiller Latex Mask by Trick or Treat - Mad About Horror","og_description":"Chiller Latex Mask by Trick or Treat Studios. A collectors quality, latex halloween horror mask. Available in the UK from Mad About Horror. Call 01482 935936.","og_url":"https:\/\/madabouthorror.co.uk\/de\/product\/trick-or-treat-studios-chiller-latex-mask\/","og_site_name":"Mad About Horror","article_publisher":"https:\/\/www.facebook.com\/madabouthorror\/","article_modified_time":"2026-04-02T15:26:24+00:00","og_image":[{"width":1000,"height":1000,"url":"https:\/\/madabouthorror.co.uk\/wp-content\/uploads\/2019\/05\/66239857_3.jpg","type":"image\/jpeg"}],"twitter_card":"summary_large_image","twitter_misc":{"Gesch\u00e4tzte Lesezeit":"1\u00a0Minute"},"schema":{"@context":"https:\/\/schema.org","@graph":[{"@type":["WebPage","ItemPage"],"@id":"https:\/\/madabouthorror.co.uk\/product\/trick-or-treat-studios-chiller-latex-mask\/","url":"https:\/\/madabouthorror.co.uk\/product\/trick-or-treat-studios-chiller-latex-mask\/","name":"Chiller Latex Maske von Trick or Treat - Mad About Horror","isPartOf":{"@id":"https:\/\/madabouthorror.co.uk\/#website"},"primaryImageOfPage":{"@id":"https:\/\/madabouthorror.co.uk\/product\/trick-or-treat-studios-chiller-latex-mask\/#primaryimage"},"image":{"@id":"https:\/\/madabouthorror.co.uk\/product\/trick-or-treat-studios-chiller-latex-mask\/#primaryimage"},"thumbnailUrl":"https:\/\/madabouthorror.co.uk\/wp-content\/uploads\/2019\/05\/66239857_3.jpg","datePublished":"2019-05-08T14:38:38+00:00","dateModified":"2026-04-02T15:26:24+00:00","description":"Chiller Latex Maske von Trick or Treat Studios. Eine Halloween-Horror-Maske aus Latex in Sammlerqualit\u00e4t. Erh\u00e4ltlich in Gro\u00dfbritannien bei Mad About Horror. Rufen Sie 01482 935936.","breadcrumb":{"@id":"https:\/\/madabouthorror.co.uk\/product\/trick-or-treat-studios-chiller-latex-mask\/#breadcrumb"},"inLanguage":"de","potentialAction":[{"@type":"ReadAction","target":["https:\/\/madabouthorror.co.uk\/product\/trick-or-treat-studios-chiller-latex-mask\/"]}]},{"@type":"ImageObject","inLanguage":"de","@id":"https:\/\/madabouthorror.co.uk\/product\/trick-or-treat-studios-chiller-latex-mask\/#primaryimage","url":"https:\/\/madabouthorror.co.uk\/wp-content\/uploads\/2019\/05\/66239857_3.jpg","contentUrl":"https:\/\/madabouthorror.co.uk\/wp-content\/uploads\/2019\/05\/66239857_3.jpg","width":1000,"height":1000,"caption":"Chiller Latex Mask-0"},{"@type":"BreadcrumbList","@id":"https:\/\/madabouthorror.co.uk\/product\/trick-or-treat-studios-chiller-latex-mask\/#breadcrumb","itemListElement":[{"@type":"ListItem","position":1,"name":"Shop","item":"https:\/\/madabouthorror.co.uk\/shop\/"},{"@type":"ListItem","position":2,"name":"Chiller Latex Mask"}]},{"@type":"WebSite","@id":"https:\/\/madabouthorror.co.uk\/#website","url":"https:\/\/madabouthorror.co.uk\/","name":"Verr\u00fcckt nach Horror","description":"","publisher":{"@id":"https:\/\/madabouthorror.co.uk\/#organization"},"alternateName":"Mad About Horror Limited","potentialAction":[{"@type":"SearchAction","target":{"@type":"EntryPoint","urlTemplate":"https:\/\/madabouthorror.co.uk\/?s={search_term_string}"},"query-input":{"@type":"PropertyValueSpecification","valueRequired":true,"valueName":"search_term_string"}}],"inLanguage":"de"},{"@type":"Organization","@id":"https:\/\/madabouthorror.co.uk\/#organization","name":"Verr\u00fcckt nach Horror","url":"https:\/\/madabouthorror.co.uk\/","logo":{"@type":"ImageObject","inLanguage":"de","@id":"https:\/\/madabouthorror.co.uk\/#\/schema\/logo\/image\/","url":"https:\/\/madabouthorror.co.uk\/wp-content\/uploads\/2024\/02\/cropped-Logo.png","contentUrl":"https:\/\/madabouthorror.co.uk\/wp-content\/uploads\/2024\/02\/cropped-Logo.png","width":240,"height":88,"caption":"Mad About Horror"},"image":{"@id":"https:\/\/madabouthorror.co.uk\/#\/schema\/logo\/image\/"},"sameAs":["https:\/\/www.facebook.com\/madabouthorror\/","https:\/\/www.instagram.com\/madabouthorror\/","https:\/\/www.pinterest.co.uk\/madabouthorror\/","https:\/\/www.youtube.com\/channel\/UCBooLOIxjoQ89dj6T5lWm_w","https:\/\/www.tiktok.com\/@weremadabouthorror"]}]}},"df_price":62.45,"df_sale_price":"","df_regular_price":62.45,"df_image_link":"https:\/\/madabouthorror.co.uk\/wp-content\/uploads\/2019\/05\/66239857_3-300x300.jpg","_links":{"self":[{"href":"https:\/\/madabouthorror.co.uk\/de\/wp-json\/wp\/v2\/product\/38236","targetHints":{"allow":["GET"]}}],"collection":[{"href":"https:\/\/madabouthorror.co.uk\/de\/wp-json\/wp\/v2\/product"}],"about":[{"href":"https:\/\/madabouthorror.co.uk\/de\/wp-json\/wp\/v2\/types\/product"}],"replies":[{"embeddable":true,"href":"https:\/\/madabouthorror.co.uk\/de\/wp-json\/wp\/v2\/comments?post=38236"}],"wp:featuredmedia":[{"embeddable":true,"href":"https:\/\/madabouthorror.co.uk\/de\/wp-json\/wp\/v2\/media\/38232"}],"wp:attachment":[{"href":"https:\/\/madabouthorror.co.uk\/de\/wp-json\/wp\/v2\/media?parent=38236"}],"wp:term":[{"taxonomy":"product_brand","embeddable":true,"href":"https:\/\/madabouthorror.co.uk\/de\/wp-json\/wp\/v2\/product_brand?post=38236"},{"taxonomy":"product_cat","embeddable":true,"href":"https:\/\/madabouthorror.co.uk\/de\/wp-json\/wp\/v2\/product_cat?post=38236"},{"taxonomy":"product_tag","embeddable":true,"href":"https:\/\/madabouthorror.co.uk\/de\/wp-json\/wp\/v2\/product_tag?post=38236"}],"curies":[{"name":"wp","href":"https:\/\/api.w.org\/{rel}","templated":true}]}}