{"id":38253,"date":"2019-05-08T15:38:38","date_gmt":"2019-05-08T14:38:38","guid":{"rendered":"https:\/\/mah.6bdv.ws\/product\/official-licensed-saw-billy-puppet-prop\/"},"modified":"2026-04-28T22:48:25","modified_gmt":"2026-04-28T21:48:25","slug":"official-licensed-saw-billy-puppet-prop","status":"publish","type":"product","link":"https:\/\/madabouthorror.co.uk\/de\/product\/official-licensed-saw-billy-puppet-prop\/","title":{"rendered":"Offiziell lizenzierte S\u00e4ge Billy Puppet Requisite"},"content":{"rendered":"<p>Hier kommt die offiziell lizenzierte SAW Billy Puppet Prop von Trick or Treat Studios. Diese atemberaubende Requisite, die von dem meisterhaften Mark Anthony von The Scary Closet geformt wurde, ist eine originalgetreue Nachbildung der ikonischen Puppe, die von Jigsaw in der Saw-Franchise verwendet wurde. Jedes Detail, von Billys Anzug und Schuhen bis hin zu seinen Handschuhen, wurde originalgetreu nachgebildet. Die voll bewegliche Puppe verf\u00fcgt \u00fcber einen Drahtrahmen, der von einem Polyschaumk\u00f6rper umh\u00fcllt ist und so eine authentische und bedrohliche Pr\u00e4senz gew\u00e4hrleistet.<\/p>\n<p>Die SAW Billy Puppet Requisite ist ein Muss f\u00fcr jeden Horrorfan und bringt die schaurige Essenz von Jigsaws Spielen in deine Sammlung.<\/p>\n<p><strong>Einzelheiten:<\/strong><\/p>\n<ul>\n<li>Ungef\u00e4hr 40\u2033 Zoll von Kopf bis Fu\u00df.<\/li>\n<li>Vollst\u00e4ndig posierf\u00e4hig<\/li>\n<li>Trick or Treat Studios<\/li>\n<\/ul>\n<p>Sehen Sie sich unser vollst\u00e4ndiges <a href=\"https:\/\/madabouthorror.co.uk\/de\/c\/character\/billy-the-puppet\/\">S\u00e4ge Billy Bereich<\/a>.<\/p>","protected":false},"excerpt":{"rendered":"<p>Hier kommt die offiziell lizenzierte SAW Billy Puppet Prop von Trick or Treat Studios. Diese atemberaubende Requisite, die vom meisterhaften Mark Anthony von The Scary Closet geformt wurde, ist eine originalgetreue Nachbildung der ikonischen Puppe, die von Jigsaw in der Saw-Franchise verwendet wurde. Jedes Detail, von Billys Anzug und Schuhen bis hin zu seinen Handschuhen, ist in dieser Requisite originalgetreu nachgebildet [...]<\/p>","protected":false},"featured_media":38250,"comment_status":"closed","ping_status":"closed","template":"","meta":{"_acf_changed":false},"product_brand":[],"product_cat":[10129,10136,10076,10135,10093,9946,6537,10107,10038,6547,6728,6790,6792],"product_tag":[],"class_list":{"0":"post-38253","1":"product","2":"type-product","3":"status-publish","4":"has-post-thumbnail","6":"product_cat-main-gift","7":"product_cat-official-replica-dolls-props","8":"product_cat-replica-dolls-props","9":"product_cat-saw-jigsaw","10":"product_cat-indoor-halloween-decorations","11":"product_cat-replica-dolls","12":"product_cat-collectibles","13":"product_cat-licensed-halloween-decorations","14":"product_cat-horror-gifts","15":"product_cat-decorations","16":"product_cat-premium","17":"product_cat-billy-the-puppet","18":"product_cat-trick-or-treat-studios","19":"product_shipping_class-props","21":"first","22":"instock","23":"taxable","24":"shipping-taxable","25":"purchasable","26":"product-type-simple"},"supplier_id":471029,"supplier_sku":"MALG100","barcode":"855640006802","atum_controlled":true,"out_stock_date":null,"out_stock_threshold":null,"inheritable":false,"inbound_stock":12,"stock_on_hold":1,"sold_today":1,"sales_last_days":5,"reserved_stock":0,"customer_returns":0,"warehouse_damage":0,"lost_in_post":0,"other_logs":0,"out_stock_days":0,"lost_sales":0,"has_location":false,"update_date":"2026-04-28T21:48:31","atum_locations":[],"atum_stock_status":"instock","restock_status":false,"low_stock_amount":18,"sales_update_date":"2026-04-28T21:48:29","calc_backorders":null,"acf":[],"yoast_head":"<!-- This site is optimized with the Yoast SEO plugin v27.5 - https:\/\/yoast.com\/product\/yoast-seo-wordpress\/ -->\n<title>Saw Billy Puppet Prop | Mad About Horror<\/title>\n<meta name=\"description\" content=\"Official Licensed Saw Billy Puppet Prop by Trick or Treat Studios. A fantastic fully poseable prop. Available to buy from Mad About Horror.\" \/>\n<meta name=\"robots\" content=\"index, follow, max-snippet:-1, max-image-preview:large, max-video-preview:-1\" \/>\n<link rel=\"canonical\" href=\"https:\/\/madabouthorror.co.uk\/de\/product\/official-licensed-saw-billy-puppet-prop\/\" \/>\n<meta property=\"og:locale\" content=\"de_DE\" \/>\n<meta property=\"og:type\" content=\"article\" \/>\n<meta property=\"og:title\" content=\"Saw Billy Puppet Prop | Mad About Horror\" \/>\n<meta property=\"og:description\" content=\"Official Licensed Saw Billy Puppet Prop by Trick or Treat Studios. A fantastic fully poseable prop. Available to buy from Mad About Horror.\" \/>\n<meta property=\"og:url\" content=\"https:\/\/madabouthorror.co.uk\/de\/product\/official-licensed-saw-billy-puppet-prop\/\" \/>\n<meta property=\"og:site_name\" content=\"Mad About Horror\" \/>\n<meta property=\"article:publisher\" content=\"https:\/\/www.facebook.com\/madabouthorror\/\" \/>\n<meta property=\"article:modified_time\" content=\"2026-04-28T21:48:25+00:00\" \/>\n<meta property=\"og:image\" content=\"https:\/\/madabouthorror.co.uk\/wp-content\/uploads\/2019\/05\/66239974_3.jpg\" \/>\n\t<meta property=\"og:image:width\" content=\"1000\" \/>\n\t<meta property=\"og:image:height\" content=\"1000\" \/>\n\t<meta property=\"og:image:type\" content=\"image\/jpeg\" \/>\n<meta name=\"twitter:card\" content=\"summary_large_image\" \/>\n<meta name=\"twitter:label1\" content=\"Gesch\u00e4tzte Lesezeit\" \/>\n\t<meta name=\"twitter:data1\" content=\"1\u00a0Minute\" \/>\n<script type=\"application\/ld+json\" class=\"yoast-schema-graph\">{\"@context\":\"https:\\\/\\\/schema.org\",\"@graph\":[{\"@type\":[\"WebPage\",\"ItemPage\"],\"@id\":\"https:\\\/\\\/madabouthorror.co.uk\\\/product\\\/official-licensed-saw-billy-puppet-prop\\\/\",\"url\":\"https:\\\/\\\/madabouthorror.co.uk\\\/product\\\/official-licensed-saw-billy-puppet-prop\\\/\",\"name\":\"Saw Billy Puppet Prop | Mad About Horror\",\"isPartOf\":{\"@id\":\"https:\\\/\\\/madabouthorror.co.uk\\\/#website\"},\"primaryImageOfPage\":{\"@id\":\"https:\\\/\\\/madabouthorror.co.uk\\\/product\\\/official-licensed-saw-billy-puppet-prop\\\/#primaryimage\"},\"image\":{\"@id\":\"https:\\\/\\\/madabouthorror.co.uk\\\/product\\\/official-licensed-saw-billy-puppet-prop\\\/#primaryimage\"},\"thumbnailUrl\":\"https:\\\/\\\/madabouthorror.co.uk\\\/wp-content\\\/uploads\\\/2019\\\/05\\\/66239974_3.jpg\",\"datePublished\":\"2019-05-08T14:38:38+00:00\",\"dateModified\":\"2026-04-28T21:48:25+00:00\",\"description\":\"Official Licensed Saw Billy Puppet Prop by Trick or Treat Studios. A fantastic fully poseable prop. Available to buy from Mad About Horror.\",\"breadcrumb\":{\"@id\":\"https:\\\/\\\/madabouthorror.co.uk\\\/product\\\/official-licensed-saw-billy-puppet-prop\\\/#breadcrumb\"},\"inLanguage\":\"de\",\"potentialAction\":[{\"@type\":\"ReadAction\",\"target\":[\"https:\\\/\\\/madabouthorror.co.uk\\\/product\\\/official-licensed-saw-billy-puppet-prop\\\/\"]}]},{\"@type\":\"ImageObject\",\"inLanguage\":\"de\",\"@id\":\"https:\\\/\\\/madabouthorror.co.uk\\\/product\\\/official-licensed-saw-billy-puppet-prop\\\/#primaryimage\",\"url\":\"https:\\\/\\\/madabouthorror.co.uk\\\/wp-content\\\/uploads\\\/2019\\\/05\\\/66239974_3.jpg\",\"contentUrl\":\"https:\\\/\\\/madabouthorror.co.uk\\\/wp-content\\\/uploads\\\/2019\\\/05\\\/66239974_3.jpg\",\"width\":1000,\"height\":1000,\"caption\":\"Trick or Treat Studios - SAW - Billy Puppet Prop-0\"},{\"@type\":\"BreadcrumbList\",\"@id\":\"https:\\\/\\\/madabouthorror.co.uk\\\/product\\\/official-licensed-saw-billy-puppet-prop\\\/#breadcrumb\",\"itemListElement\":[{\"@type\":\"ListItem\",\"position\":1,\"name\":\"Shop\",\"item\":\"https:\\\/\\\/madabouthorror.co.uk\\\/shop\\\/\"},{\"@type\":\"ListItem\",\"position\":2,\"name\":\"Official Licensed Saw Billy Puppet Prop\"}]},{\"@type\":\"WebSite\",\"@id\":\"https:\\\/\\\/madabouthorror.co.uk\\\/#website\",\"url\":\"https:\\\/\\\/madabouthorror.co.uk\\\/\",\"name\":\"Mad About Horror\",\"description\":\"\",\"publisher\":{\"@id\":\"https:\\\/\\\/madabouthorror.co.uk\\\/#organization\"},\"alternateName\":\"Mad About Horror Limited\",\"potentialAction\":[{\"@type\":\"SearchAction\",\"target\":{\"@type\":\"EntryPoint\",\"urlTemplate\":\"https:\\\/\\\/madabouthorror.co.uk\\\/?s={search_term_string}\"},\"query-input\":{\"@type\":\"PropertyValueSpecification\",\"valueRequired\":true,\"valueName\":\"search_term_string\"}}],\"inLanguage\":\"de\"},{\"@type\":\"Organization\",\"@id\":\"https:\\\/\\\/madabouthorror.co.uk\\\/#organization\",\"name\":\"Mad About Horror\",\"url\":\"https:\\\/\\\/madabouthorror.co.uk\\\/\",\"logo\":{\"@type\":\"ImageObject\",\"inLanguage\":\"de\",\"@id\":\"https:\\\/\\\/madabouthorror.co.uk\\\/#\\\/schema\\\/logo\\\/image\\\/\",\"url\":\"https:\\\/\\\/madabouthorror.co.uk\\\/wp-content\\\/uploads\\\/2024\\\/02\\\/cropped-Logo.png\",\"contentUrl\":\"https:\\\/\\\/madabouthorror.co.uk\\\/wp-content\\\/uploads\\\/2024\\\/02\\\/cropped-Logo.png\",\"width\":240,\"height\":88,\"caption\":\"Mad About Horror\"},\"image\":{\"@id\":\"https:\\\/\\\/madabouthorror.co.uk\\\/#\\\/schema\\\/logo\\\/image\\\/\"},\"sameAs\":[\"https:\\\/\\\/www.facebook.com\\\/madabouthorror\\\/\",\"https:\\\/\\\/www.instagram.com\\\/madabouthorror\\\/\",\"https:\\\/\\\/www.pinterest.co.uk\\\/madabouthorror\\\/\",\"https:\\\/\\\/www.youtube.com\\\/channel\\\/UCBooLOIxjoQ89dj6T5lWm_w\",\"https:\\\/\\\/www.tiktok.com\\\/@weremadabouthorror\"]}]}<\/script>\n<!-- \/ Yoast SEO plugin. -->","yoast_head_json":{"title":"S\u00e4ge Billy Puppet Prop | Mad About Horror","description":"Offiziell lizenzierte S\u00e4ge Billy Puppet Prop von Trick or Treat Studios. Ein fantastisches, voll bewegliches Requisit. Zu kaufen bei Mad About Horror.","robots":{"index":"index","follow":"follow","max-snippet":"max-snippet:-1","max-image-preview":"max-image-preview:large","max-video-preview":"max-video-preview:-1"},"canonical":"https:\/\/madabouthorror.co.uk\/de\/product\/official-licensed-saw-billy-puppet-prop\/","og_locale":"de_DE","og_type":"article","og_title":"Saw Billy Puppet Prop | Mad About Horror","og_description":"Official Licensed Saw Billy Puppet Prop by Trick or Treat Studios. A fantastic fully poseable prop. Available to buy from Mad About Horror.","og_url":"https:\/\/madabouthorror.co.uk\/de\/product\/official-licensed-saw-billy-puppet-prop\/","og_site_name":"Mad About Horror","article_publisher":"https:\/\/www.facebook.com\/madabouthorror\/","article_modified_time":"2026-04-28T21:48:25+00:00","og_image":[{"width":1000,"height":1000,"url":"https:\/\/madabouthorror.co.uk\/wp-content\/uploads\/2019\/05\/66239974_3.jpg","type":"image\/jpeg"}],"twitter_card":"summary_large_image","twitter_misc":{"Gesch\u00e4tzte Lesezeit":"1\u00a0Minute"},"schema":{"@context":"https:\/\/schema.org","@graph":[{"@type":["WebPage","ItemPage"],"@id":"https:\/\/madabouthorror.co.uk\/product\/official-licensed-saw-billy-puppet-prop\/","url":"https:\/\/madabouthorror.co.uk\/product\/official-licensed-saw-billy-puppet-prop\/","name":"S\u00e4ge Billy Puppet Prop | Mad About Horror","isPartOf":{"@id":"https:\/\/madabouthorror.co.uk\/#website"},"primaryImageOfPage":{"@id":"https:\/\/madabouthorror.co.uk\/product\/official-licensed-saw-billy-puppet-prop\/#primaryimage"},"image":{"@id":"https:\/\/madabouthorror.co.uk\/product\/official-licensed-saw-billy-puppet-prop\/#primaryimage"},"thumbnailUrl":"https:\/\/madabouthorror.co.uk\/wp-content\/uploads\/2019\/05\/66239974_3.jpg","datePublished":"2019-05-08T14:38:38+00:00","dateModified":"2026-04-28T21:48:25+00:00","description":"Offiziell lizenzierte S\u00e4ge Billy Puppet Prop von Trick or Treat Studios. Ein fantastisches, voll bewegliches Requisit. Zu kaufen bei Mad About Horror.","breadcrumb":{"@id":"https:\/\/madabouthorror.co.uk\/product\/official-licensed-saw-billy-puppet-prop\/#breadcrumb"},"inLanguage":"de","potentialAction":[{"@type":"ReadAction","target":["https:\/\/madabouthorror.co.uk\/product\/official-licensed-saw-billy-puppet-prop\/"]}]},{"@type":"ImageObject","inLanguage":"de","@id":"https:\/\/madabouthorror.co.uk\/product\/official-licensed-saw-billy-puppet-prop\/#primaryimage","url":"https:\/\/madabouthorror.co.uk\/wp-content\/uploads\/2019\/05\/66239974_3.jpg","contentUrl":"https:\/\/madabouthorror.co.uk\/wp-content\/uploads\/2019\/05\/66239974_3.jpg","width":1000,"height":1000,"caption":"Trick or Treat Studios - SAW - Billy Puppet Prop-0"},{"@type":"BreadcrumbList","@id":"https:\/\/madabouthorror.co.uk\/product\/official-licensed-saw-billy-puppet-prop\/#breadcrumb","itemListElement":[{"@type":"ListItem","position":1,"name":"Shop","item":"https:\/\/madabouthorror.co.uk\/shop\/"},{"@type":"ListItem","position":2,"name":"Official Licensed Saw Billy Puppet Prop"}]},{"@type":"WebSite","@id":"https:\/\/madabouthorror.co.uk\/#website","url":"https:\/\/madabouthorror.co.uk\/","name":"Verr\u00fcckt nach Horror","description":"","publisher":{"@id":"https:\/\/madabouthorror.co.uk\/#organization"},"alternateName":"Mad About Horror Limited","potentialAction":[{"@type":"SearchAction","target":{"@type":"EntryPoint","urlTemplate":"https:\/\/madabouthorror.co.uk\/?s={search_term_string}"},"query-input":{"@type":"PropertyValueSpecification","valueRequired":true,"valueName":"search_term_string"}}],"inLanguage":"de"},{"@type":"Organization","@id":"https:\/\/madabouthorror.co.uk\/#organization","name":"Verr\u00fcckt nach Horror","url":"https:\/\/madabouthorror.co.uk\/","logo":{"@type":"ImageObject","inLanguage":"de","@id":"https:\/\/madabouthorror.co.uk\/#\/schema\/logo\/image\/","url":"https:\/\/madabouthorror.co.uk\/wp-content\/uploads\/2024\/02\/cropped-Logo.png","contentUrl":"https:\/\/madabouthorror.co.uk\/wp-content\/uploads\/2024\/02\/cropped-Logo.png","width":240,"height":88,"caption":"Mad About Horror"},"image":{"@id":"https:\/\/madabouthorror.co.uk\/#\/schema\/logo\/image\/"},"sameAs":["https:\/\/www.facebook.com\/madabouthorror\/","https:\/\/www.instagram.com\/madabouthorror\/","https:\/\/www.pinterest.co.uk\/madabouthorror\/","https:\/\/www.youtube.com\/channel\/UCBooLOIxjoQ89dj6T5lWm_w","https:\/\/www.tiktok.com\/@weremadabouthorror"]}]}},"df_price":239.95,"df_sale_price":"","df_regular_price":239.95,"df_image_link":"https:\/\/madabouthorror.co.uk\/wp-content\/uploads\/2019\/05\/66239974_3-300x300.jpg","_links":{"self":[{"href":"https:\/\/madabouthorror.co.uk\/de\/wp-json\/wp\/v2\/product\/38253","targetHints":{"allow":["GET"]}}],"collection":[{"href":"https:\/\/madabouthorror.co.uk\/de\/wp-json\/wp\/v2\/product"}],"about":[{"href":"https:\/\/madabouthorror.co.uk\/de\/wp-json\/wp\/v2\/types\/product"}],"replies":[{"embeddable":true,"href":"https:\/\/madabouthorror.co.uk\/de\/wp-json\/wp\/v2\/comments?post=38253"}],"wp:featuredmedia":[{"embeddable":true,"href":"https:\/\/madabouthorror.co.uk\/de\/wp-json\/wp\/v2\/media\/38250"}],"wp:attachment":[{"href":"https:\/\/madabouthorror.co.uk\/de\/wp-json\/wp\/v2\/media?parent=38253"}],"wp:term":[{"taxonomy":"product_brand","embeddable":true,"href":"https:\/\/madabouthorror.co.uk\/de\/wp-json\/wp\/v2\/product_brand?post=38253"},{"taxonomy":"product_cat","embeddable":true,"href":"https:\/\/madabouthorror.co.uk\/de\/wp-json\/wp\/v2\/product_cat?post=38253"},{"taxonomy":"product_tag","embeddable":true,"href":"https:\/\/madabouthorror.co.uk\/de\/wp-json\/wp\/v2\/product_tag?post=38253"}],"curies":[{"name":"wp","href":"https:\/\/api.w.org\/{rel}","templated":true}]}}