{"id":38321,"date":"2019-05-08T15:38:39","date_gmt":"2019-05-08T14:38:39","guid":{"rendered":"https:\/\/mah.6bdv.ws\/product\/trick-r-treat-bitten-lollipop\/"},"modified":"2026-04-20T13:42:26","modified_gmt":"2026-04-20T12:42:26","slug":"trick-r-treat-bitten-lollipop","status":"publish","type":"product","link":"https:\/\/madabouthorror.co.uk\/de\/product\/trick-r-treat-bitten-lollipop\/","title":{"rendered":"Trick R Treat Gebissener Lutscher"},"content":{"rendered":"<h4>Trick R Treat - Gebissener Lollipop<\/h4>\n<p>Trick or Treat Studios und Legendary sind stolz darauf, die Trick r Treat Bitten Lollipop Requisite zu pr\u00e4sentieren, eine exakte Nachbildung des Lutschers, den Sam in Trick r Treat als Waffe benutzt.<\/p>\n<p>Der Autor und Regisseur von Trick r Treat, Michael Dougherty, war so freundlich, den Trick or Treat Studios den echten Lutscher zur Verf\u00fcgung zu stellen, damit sie ihn abformen k\u00f6nnen, so dass Sie den auf der Leinwand verwendeten Lutscher fast in der Hand halten k\u00f6nnen.<\/p>\n<p>Vervollst\u00e4ndigen Sie Ihr Halloween-Kost\u00fcm mit einer unserer Trick r Treat Sam-Masken. Gr\u00f6\u00dfe: 28cm lang x 11cm breit.<\/p>","protected":false},"excerpt":{"rendered":"<p>Trick R Treat - Gebissener Lutscher Trick or Treat Studios und Legendary sind stolz darauf, die Trick r Treat Gebissener Lutscher-Requisite pr\u00e4sentieren zu k\u00f6nnen, die eine exakte Nachbildung des Lutschers ist, den Sam in Trick r Treat als Waffe benutzt. Der Drehbuchautor und Regisseur von Trick r Treat, Michael Dougherty, war so freundlich, die [...]<\/p>","protected":false},"featured_media":38320,"comment_status":"closed","ping_status":"closed","template":"","meta":{"_acf_changed":false},"product_brand":[],"product_cat":[10076,10078,6537,10038,9967,6792,6716],"product_tag":[],"class_list":{"0":"post-38321","1":"product","2":"type-product","3":"status-publish","4":"has-post-thumbnail","6":"product_cat-replica-dolls-props","7":"product_cat-weapons-trick-or-treat-studios","8":"product_cat-collectibles","9":"product_cat-horror-gifts","10":"product_cat-replica-props","11":"product_cat-trick-or-treat-studios","12":"product_cat-trickrtreat","13":"product_shipping_class-small-parcel-economy-3-5-business-days","15":"first","16":"instock","17":"taxable","18":"shipping-taxable","19":"purchasable","20":"product-type-simple"},"supplier_id":471029,"supplier_sku":"TTLE103","barcode":"859182005804","atum_controlled":true,"out_stock_date":null,"out_stock_threshold":null,"inheritable":false,"inbound_stock":0,"stock_on_hold":0,"sold_today":0,"sales_last_days":0,"reserved_stock":0,"customer_returns":0,"warehouse_damage":0,"lost_in_post":0,"other_logs":0,"out_stock_days":0,"lost_sales":0,"has_location":false,"update_date":"2026-04-27T01:48:52","atum_locations":[],"atum_stock_status":"instock","restock_status":false,"low_stock_amount":8,"sales_update_date":"2026-04-27T01:48:51","calc_backorders":null,"acf":[],"yoast_head":"<!-- This site is optimized with the Yoast SEO plugin v27.4 - https:\/\/yoast.com\/product\/yoast-seo-wordpress\/ -->\n<title>Trick R Treat - Bitten Lollipop Prop - Mad About Horror<\/title>\n<meta name=\"description\" content=\"Official licensed Trick R Treat Bitten Lollipop Halloween prop by Trick or Treat Studios. Available to buy in the UK from Mad About Horror. Call 01482 935936.\" \/>\n<meta name=\"robots\" content=\"index, follow, max-snippet:-1, max-image-preview:large, max-video-preview:-1\" \/>\n<link rel=\"canonical\" href=\"https:\/\/madabouthorror.co.uk\/de\/product\/trick-r-treat-bitten-lollipop\/\" \/>\n<meta property=\"og:locale\" content=\"de_DE\" \/>\n<meta property=\"og:type\" content=\"article\" \/>\n<meta property=\"og:title\" content=\"Trick R Treat - Bitten Lollipop Prop - Mad About Horror\" \/>\n<meta property=\"og:description\" content=\"Official licensed Trick R Treat Bitten Lollipop Halloween prop by Trick or Treat Studios. Available to buy in the UK from Mad About Horror. Call 01482 935936.\" \/>\n<meta property=\"og:url\" content=\"https:\/\/madabouthorror.co.uk\/de\/product\/trick-r-treat-bitten-lollipop\/\" \/>\n<meta property=\"og:site_name\" content=\"Mad About Horror\" \/>\n<meta property=\"article:publisher\" content=\"https:\/\/www.facebook.com\/madabouthorror\/\" \/>\n<meta property=\"article:modified_time\" content=\"2026-04-20T12:42:26+00:00\" \/>\n<meta property=\"og:image\" content=\"https:\/\/madabouthorror.co.uk\/wp-content\/uploads\/2019\/05\/sam-bitten-lollipop_3.jpg\" \/>\n\t<meta property=\"og:image:width\" content=\"1000\" \/>\n\t<meta property=\"og:image:height\" content=\"1000\" \/>\n\t<meta property=\"og:image:type\" content=\"image\/jpeg\" \/>\n<meta name=\"twitter:card\" content=\"summary_large_image\" \/>\n<meta name=\"twitter:label1\" content=\"Gesch\u00e4tzte Lesezeit\" \/>\n\t<meta name=\"twitter:data1\" content=\"1\u00a0Minute\" \/>\n<script type=\"application\/ld+json\" class=\"yoast-schema-graph\">{\"@context\":\"https:\\\/\\\/schema.org\",\"@graph\":[{\"@type\":[\"WebPage\",\"ItemPage\"],\"@id\":\"https:\\\/\\\/madabouthorror.co.uk\\\/product\\\/trick-r-treat-bitten-lollipop\\\/\",\"url\":\"https:\\\/\\\/madabouthorror.co.uk\\\/product\\\/trick-r-treat-bitten-lollipop\\\/\",\"name\":\"Trick R Treat - Bitten Lollipop Prop - Mad About Horror\",\"isPartOf\":{\"@id\":\"https:\\\/\\\/madabouthorror.co.uk\\\/#website\"},\"primaryImageOfPage\":{\"@id\":\"https:\\\/\\\/madabouthorror.co.uk\\\/product\\\/trick-r-treat-bitten-lollipop\\\/#primaryimage\"},\"image\":{\"@id\":\"https:\\\/\\\/madabouthorror.co.uk\\\/product\\\/trick-r-treat-bitten-lollipop\\\/#primaryimage\"},\"thumbnailUrl\":\"https:\\\/\\\/madabouthorror.co.uk\\\/wp-content\\\/uploads\\\/2019\\\/05\\\/sam-bitten-lollipop_3.jpg\",\"datePublished\":\"2019-05-08T14:38:39+00:00\",\"dateModified\":\"2026-04-20T12:42:26+00:00\",\"description\":\"Official licensed Trick R Treat Bitten Lollipop Halloween prop by Trick or Treat Studios. Available to buy in the UK from Mad About Horror. Call 01482 935936.\",\"breadcrumb\":{\"@id\":\"https:\\\/\\\/madabouthorror.co.uk\\\/product\\\/trick-r-treat-bitten-lollipop\\\/#breadcrumb\"},\"inLanguage\":\"de\",\"potentialAction\":[{\"@type\":\"ReadAction\",\"target\":[\"https:\\\/\\\/madabouthorror.co.uk\\\/product\\\/trick-r-treat-bitten-lollipop\\\/\"]}]},{\"@type\":\"ImageObject\",\"inLanguage\":\"de\",\"@id\":\"https:\\\/\\\/madabouthorror.co.uk\\\/product\\\/trick-r-treat-bitten-lollipop\\\/#primaryimage\",\"url\":\"https:\\\/\\\/madabouthorror.co.uk\\\/wp-content\\\/uploads\\\/2019\\\/05\\\/sam-bitten-lollipop_3.jpg\",\"contentUrl\":\"https:\\\/\\\/madabouthorror.co.uk\\\/wp-content\\\/uploads\\\/2019\\\/05\\\/sam-bitten-lollipop_3.jpg\",\"width\":1000,\"height\":1000,\"caption\":\"Trick R Treat - Bitten Lollipop\"},{\"@type\":\"BreadcrumbList\",\"@id\":\"https:\\\/\\\/madabouthorror.co.uk\\\/product\\\/trick-r-treat-bitten-lollipop\\\/#breadcrumb\",\"itemListElement\":[{\"@type\":\"ListItem\",\"position\":1,\"name\":\"Shop\",\"item\":\"https:\\\/\\\/madabouthorror.co.uk\\\/shop\\\/\"},{\"@type\":\"ListItem\",\"position\":2,\"name\":\"Trick R Treat Bitten Lollipop\"}]},{\"@type\":\"WebSite\",\"@id\":\"https:\\\/\\\/madabouthorror.co.uk\\\/#website\",\"url\":\"https:\\\/\\\/madabouthorror.co.uk\\\/\",\"name\":\"Mad About Horror\",\"description\":\"\",\"publisher\":{\"@id\":\"https:\\\/\\\/madabouthorror.co.uk\\\/#organization\"},\"alternateName\":\"Mad About Horror Limited\",\"potentialAction\":[{\"@type\":\"SearchAction\",\"target\":{\"@type\":\"EntryPoint\",\"urlTemplate\":\"https:\\\/\\\/madabouthorror.co.uk\\\/?s={search_term_string}\"},\"query-input\":{\"@type\":\"PropertyValueSpecification\",\"valueRequired\":true,\"valueName\":\"search_term_string\"}}],\"inLanguage\":\"de\"},{\"@type\":\"Organization\",\"@id\":\"https:\\\/\\\/madabouthorror.co.uk\\\/#organization\",\"name\":\"Mad About Horror\",\"url\":\"https:\\\/\\\/madabouthorror.co.uk\\\/\",\"logo\":{\"@type\":\"ImageObject\",\"inLanguage\":\"de\",\"@id\":\"https:\\\/\\\/madabouthorror.co.uk\\\/#\\\/schema\\\/logo\\\/image\\\/\",\"url\":\"https:\\\/\\\/madabouthorror.co.uk\\\/wp-content\\\/uploads\\\/2024\\\/02\\\/cropped-Logo.png\",\"contentUrl\":\"https:\\\/\\\/madabouthorror.co.uk\\\/wp-content\\\/uploads\\\/2024\\\/02\\\/cropped-Logo.png\",\"width\":240,\"height\":88,\"caption\":\"Mad About Horror\"},\"image\":{\"@id\":\"https:\\\/\\\/madabouthorror.co.uk\\\/#\\\/schema\\\/logo\\\/image\\\/\"},\"sameAs\":[\"https:\\\/\\\/www.facebook.com\\\/madabouthorror\\\/\",\"https:\\\/\\\/www.instagram.com\\\/madabouthorror\\\/\",\"https:\\\/\\\/www.pinterest.co.uk\\\/madabouthorror\\\/\",\"https:\\\/\\\/www.youtube.com\\\/channel\\\/UCBooLOIxjoQ89dj6T5lWm_w\",\"https:\\\/\\\/www.tiktok.com\\\/@weremadabouthorror\"]}]}<\/script>\n<!-- \/ Yoast SEO plugin. -->","yoast_head_json":{"title":"Trick R Treat - Gebissene Lutscher-Requisite - Mad About Horror","description":"Offiziell lizenzierte Trick R Treat Bittender Lollipop Halloween-Requisite von Trick or Treat Studios. Erh\u00e4ltlich in Gro\u00dfbritannien bei Mad About Horror. Rufen Sie 01482 935936 an.","robots":{"index":"index","follow":"follow","max-snippet":"max-snippet:-1","max-image-preview":"max-image-preview:large","max-video-preview":"max-video-preview:-1"},"canonical":"https:\/\/madabouthorror.co.uk\/de\/product\/trick-r-treat-bitten-lollipop\/","og_locale":"de_DE","og_type":"article","og_title":"Trick R Treat - Bitten Lollipop Prop - Mad About Horror","og_description":"Official licensed Trick R Treat Bitten Lollipop Halloween prop by Trick or Treat Studios. Available to buy in the UK from Mad About Horror. Call 01482 935936.","og_url":"https:\/\/madabouthorror.co.uk\/de\/product\/trick-r-treat-bitten-lollipop\/","og_site_name":"Mad About Horror","article_publisher":"https:\/\/www.facebook.com\/madabouthorror\/","article_modified_time":"2026-04-20T12:42:26+00:00","og_image":[{"width":1000,"height":1000,"url":"https:\/\/madabouthorror.co.uk\/wp-content\/uploads\/2019\/05\/sam-bitten-lollipop_3.jpg","type":"image\/jpeg"}],"twitter_card":"summary_large_image","twitter_misc":{"Gesch\u00e4tzte Lesezeit":"1\u00a0Minute"},"schema":{"@context":"https:\/\/schema.org","@graph":[{"@type":["WebPage","ItemPage"],"@id":"https:\/\/madabouthorror.co.uk\/product\/trick-r-treat-bitten-lollipop\/","url":"https:\/\/madabouthorror.co.uk\/product\/trick-r-treat-bitten-lollipop\/","name":"Trick R Treat - Gebissene Lutscher-Requisite - Mad About Horror","isPartOf":{"@id":"https:\/\/madabouthorror.co.uk\/#website"},"primaryImageOfPage":{"@id":"https:\/\/madabouthorror.co.uk\/product\/trick-r-treat-bitten-lollipop\/#primaryimage"},"image":{"@id":"https:\/\/madabouthorror.co.uk\/product\/trick-r-treat-bitten-lollipop\/#primaryimage"},"thumbnailUrl":"https:\/\/madabouthorror.co.uk\/wp-content\/uploads\/2019\/05\/sam-bitten-lollipop_3.jpg","datePublished":"2019-05-08T14:38:39+00:00","dateModified":"2026-04-20T12:42:26+00:00","description":"Offiziell lizenzierte Trick R Treat Bittender Lollipop Halloween-Requisite von Trick or Treat Studios. Erh\u00e4ltlich in Gro\u00dfbritannien bei Mad About Horror. Rufen Sie 01482 935936 an.","breadcrumb":{"@id":"https:\/\/madabouthorror.co.uk\/product\/trick-r-treat-bitten-lollipop\/#breadcrumb"},"inLanguage":"de","potentialAction":[{"@type":"ReadAction","target":["https:\/\/madabouthorror.co.uk\/product\/trick-r-treat-bitten-lollipop\/"]}]},{"@type":"ImageObject","inLanguage":"de","@id":"https:\/\/madabouthorror.co.uk\/product\/trick-r-treat-bitten-lollipop\/#primaryimage","url":"https:\/\/madabouthorror.co.uk\/wp-content\/uploads\/2019\/05\/sam-bitten-lollipop_3.jpg","contentUrl":"https:\/\/madabouthorror.co.uk\/wp-content\/uploads\/2019\/05\/sam-bitten-lollipop_3.jpg","width":1000,"height":1000,"caption":"Trick R Treat - Bitten Lollipop"},{"@type":"BreadcrumbList","@id":"https:\/\/madabouthorror.co.uk\/product\/trick-r-treat-bitten-lollipop\/#breadcrumb","itemListElement":[{"@type":"ListItem","position":1,"name":"Shop","item":"https:\/\/madabouthorror.co.uk\/shop\/"},{"@type":"ListItem","position":2,"name":"Trick R Treat Bitten Lollipop"}]},{"@type":"WebSite","@id":"https:\/\/madabouthorror.co.uk\/#website","url":"https:\/\/madabouthorror.co.uk\/","name":"Verr\u00fcckt nach Horror","description":"","publisher":{"@id":"https:\/\/madabouthorror.co.uk\/#organization"},"alternateName":"Mad About Horror Limited","potentialAction":[{"@type":"SearchAction","target":{"@type":"EntryPoint","urlTemplate":"https:\/\/madabouthorror.co.uk\/?s={search_term_string}"},"query-input":{"@type":"PropertyValueSpecification","valueRequired":true,"valueName":"search_term_string"}}],"inLanguage":"de"},{"@type":"Organization","@id":"https:\/\/madabouthorror.co.uk\/#organization","name":"Verr\u00fcckt nach Horror","url":"https:\/\/madabouthorror.co.uk\/","logo":{"@type":"ImageObject","inLanguage":"de","@id":"https:\/\/madabouthorror.co.uk\/#\/schema\/logo\/image\/","url":"https:\/\/madabouthorror.co.uk\/wp-content\/uploads\/2024\/02\/cropped-Logo.png","contentUrl":"https:\/\/madabouthorror.co.uk\/wp-content\/uploads\/2024\/02\/cropped-Logo.png","width":240,"height":88,"caption":"Mad About Horror"},"image":{"@id":"https:\/\/madabouthorror.co.uk\/#\/schema\/logo\/image\/"},"sameAs":["https:\/\/www.facebook.com\/madabouthorror\/","https:\/\/www.instagram.com\/madabouthorror\/","https:\/\/www.pinterest.co.uk\/madabouthorror\/","https:\/\/www.youtube.com\/channel\/UCBooLOIxjoQ89dj6T5lWm_w","https:\/\/www.tiktok.com\/@weremadabouthorror"]}]}},"df_price":31.2,"df_sale_price":"","df_regular_price":31.2,"df_image_link":"https:\/\/madabouthorror.co.uk\/wp-content\/uploads\/2019\/05\/sam-bitten-lollipop_3-300x300.jpg","_links":{"self":[{"href":"https:\/\/madabouthorror.co.uk\/de\/wp-json\/wp\/v2\/product\/38321","targetHints":{"allow":["GET"]}}],"collection":[{"href":"https:\/\/madabouthorror.co.uk\/de\/wp-json\/wp\/v2\/product"}],"about":[{"href":"https:\/\/madabouthorror.co.uk\/de\/wp-json\/wp\/v2\/types\/product"}],"replies":[{"embeddable":true,"href":"https:\/\/madabouthorror.co.uk\/de\/wp-json\/wp\/v2\/comments?post=38321"}],"wp:featuredmedia":[{"embeddable":true,"href":"https:\/\/madabouthorror.co.uk\/de\/wp-json\/wp\/v2\/media\/38320"}],"wp:attachment":[{"href":"https:\/\/madabouthorror.co.uk\/de\/wp-json\/wp\/v2\/media?parent=38321"}],"wp:term":[{"taxonomy":"product_brand","embeddable":true,"href":"https:\/\/madabouthorror.co.uk\/de\/wp-json\/wp\/v2\/product_brand?post=38321"},{"taxonomy":"product_cat","embeddable":true,"href":"https:\/\/madabouthorror.co.uk\/de\/wp-json\/wp\/v2\/product_cat?post=38321"},{"taxonomy":"product_tag","embeddable":true,"href":"https:\/\/madabouthorror.co.uk\/de\/wp-json\/wp\/v2\/product_tag?post=38321"}],"curies":[{"name":"wp","href":"https:\/\/api.w.org\/{rel}","templated":true}]}}