{"id":38672,"date":"2019-05-08T15:38:40","date_gmt":"2019-05-08T14:38:40","guid":{"rendered":"https:\/\/mah.6bdv.ws\/product\/trick-or-treat-studios-saw-pig-mask\/"},"modified":"2026-04-20T15:39:56","modified_gmt":"2026-04-20T14:39:56","slug":"trick-or-treat-studios-saw-pig-mask","status":"publish","type":"product","link":"https:\/\/madabouthorror.co.uk\/de\/product\/trick-or-treat-studios-saw-pig-mask\/","title":{"rendered":"S\u00e4ge Schwein Maske"},"content":{"rendered":"<p>Wir sind stolz, die offiziell lizenzierte SAW Schweine-Maske von Trick or Treat Studios f\u00fchren zu k\u00f6nnen. Geformt von Neal Kennemore, dem K\u00fcnstler, der eine Reihe von Charakteren aus dem Universal Studios Halloween Horror Nights \u2013 SAW Labyrinth modelliert hat, und unter Verwendung unz\u00e4hliger Screenshots, ist jedes Detail der erstaunlichen SAW Schweine-Maske in dieser Halloween-Maske umgesetzt.<\/p>\n<p>Die S\u00e4ge-Schwein Halloween-Maske verf\u00fcgt \u00fcber einen gen\u00e4hten Mund mit echten Fadenn\u00e4hten, eine Per\u00fccke aus professioneller Qualit\u00e4t mit langem schwarzem Haar und einen blutgetr\u00e4nkten R\u00fccken mit hervorstehendem Knochen.<\/p>\n<p><em>Hol dir also unsere offiziell lizenzierte SAW-Schweine maske und das Jigsaw-Kost\u00fcm und frag die S\u00fc\u00dfes-oder-Saurer-Sammler, ob sie an Halloween eine Runde spielen wollen! \u00a9 2014 Lions Gate Entertainment. Alle Rechte vorbehalten.<\/em><\/p>\n<p>Sehen Sie sich alle unsere <a href=\"https:\/\/madabouthorror.co.uk\/de\/c\/masks\/animal-masks\/pig-masks\/\">Schweinefresser hier<\/a>.<\/p>","protected":false},"excerpt":{"rendered":"<p>Wir sind stolz darauf, die offiziell lizenzierte SAW-Schweine-Maske von Trick or Treat Studios f\u00fchren zu k\u00f6nnen. Geformt von Neal Kennemore, dem K\u00fcnstler, der eine Reihe von Charakteren f\u00fcr die Universal Studios Halloween Horror Nights \u2013 SAW Maze gestaltet hat und anhand unz\u00e4hliger Screenshots wurde jedes Detail des erstaunlichen SAW-Schweins in dieser Halloween-![ ]-Maske exakt umgesetzt.<\/p>","protected":false},"featured_media":38667,"comment_status":"closed","ping_status":"closed","template":"","meta":{"_acf_changed":false},"product_brand":[],"product_cat":[10111,6580,10100,10136,10122,10135,10038,9962,6541,6792],"product_tag":[],"class_list":{"0":"post-38672","1":"product","2":"type-product","3":"status-publish","4":"has-post-thumbnail","6":"product_cat-animal-masks","7":"product_cat-movie-tv","8":"product_cat-latex-masks","9":"product_cat-official-replica-dolls-props","10":"product_cat-pig-masks","11":"product_cat-saw-jigsaw","12":"product_cat-horror-gifts","13":"product_cat-trick-or-treat-studios-masks","14":"product_cat-masks","15":"product_cat-trick-or-treat-studios","17":"first","18":"outofstock","19":"taxable","20":"shipping-taxable","21":"purchasable","22":"product-type-simple"},"supplier_id":467429,"supplier_sku":"TTLG100","barcode":"854146005005","atum_controlled":true,"out_stock_date":"2026-03-15 01:43:36","out_stock_threshold":null,"inheritable":false,"inbound_stock":20,"stock_on_hold":0,"sold_today":0,"sales_last_days":0,"reserved_stock":0,"customer_returns":0,"warehouse_damage":0,"lost_in_post":0,"other_logs":0,"out_stock_days":40,"lost_sales":428,"has_location":false,"update_date":"2026-04-25T01:38:29","atum_locations":[],"atum_stock_status":"outofstock","restock_status":false,"low_stock_amount":9,"sales_update_date":"2026-04-25T01:38:28","calc_backorders":null,"acf":[],"yoast_head":"<!-- This site is optimized with the Yoast SEO plugin v27.4 - https:\/\/yoast.com\/product\/yoast-seo-wordpress\/ -->\n<title>SAW - Pig Mask - Mad About Horror<\/title>\n<meta name=\"description\" content=\"Official Saw Pig Jigsaw Mask by Trick or Treat Studios. Collectors quality latex mask. Available to buy in the UK from Mad About Horror. Call 01482 935936.\" \/>\n<meta name=\"robots\" content=\"index, follow, max-snippet:-1, max-image-preview:large, max-video-preview:-1\" \/>\n<link rel=\"canonical\" href=\"https:\/\/madabouthorror.co.uk\/de\/product\/trick-or-treat-studios-saw-pig-mask\/\" \/>\n<meta property=\"og:locale\" content=\"de_DE\" \/>\n<meta property=\"og:type\" content=\"article\" \/>\n<meta property=\"og:title\" content=\"SAW - Pig Mask - Mad About Horror\" \/>\n<meta property=\"og:description\" content=\"Official Saw Pig Jigsaw Mask by Trick or Treat Studios. Collectors quality latex mask. Available to buy in the UK from Mad About Horror. Call 01482 935936.\" \/>\n<meta property=\"og:url\" content=\"https:\/\/madabouthorror.co.uk\/de\/product\/trick-or-treat-studios-saw-pig-mask\/\" \/>\n<meta property=\"og:site_name\" content=\"Mad About Horror\" \/>\n<meta property=\"article:publisher\" content=\"https:\/\/www.facebook.com\/madabouthorror\/\" \/>\n<meta property=\"article:modified_time\" content=\"2026-04-20T14:39:56+00:00\" \/>\n<meta property=\"og:image\" content=\"https:\/\/madabouthorror.co.uk\/wp-content\/uploads\/2019\/05\/saw-pig-mask-1_3.jpg\" \/>\n\t<meta property=\"og:image:width\" content=\"1000\" \/>\n\t<meta property=\"og:image:height\" content=\"1000\" \/>\n\t<meta property=\"og:image:type\" content=\"image\/jpeg\" \/>\n<meta name=\"twitter:card\" content=\"summary_large_image\" \/>\n<meta name=\"twitter:label1\" content=\"Gesch\u00e4tzte Lesezeit\" \/>\n\t<meta name=\"twitter:data1\" content=\"1\u00a0Minute\" \/>\n<script type=\"application\/ld+json\" class=\"yoast-schema-graph\">{\"@context\":\"https:\\\/\\\/schema.org\",\"@graph\":[{\"@type\":[\"WebPage\",\"ItemPage\"],\"@id\":\"https:\\\/\\\/madabouthorror.co.uk\\\/product\\\/trick-or-treat-studios-saw-pig-mask\\\/\",\"url\":\"https:\\\/\\\/madabouthorror.co.uk\\\/product\\\/trick-or-treat-studios-saw-pig-mask\\\/\",\"name\":\"SAW - Pig Mask - Mad About Horror\",\"isPartOf\":{\"@id\":\"https:\\\/\\\/madabouthorror.co.uk\\\/#website\"},\"primaryImageOfPage\":{\"@id\":\"https:\\\/\\\/madabouthorror.co.uk\\\/product\\\/trick-or-treat-studios-saw-pig-mask\\\/#primaryimage\"},\"image\":{\"@id\":\"https:\\\/\\\/madabouthorror.co.uk\\\/product\\\/trick-or-treat-studios-saw-pig-mask\\\/#primaryimage\"},\"thumbnailUrl\":\"https:\\\/\\\/madabouthorror.co.uk\\\/wp-content\\\/uploads\\\/2019\\\/05\\\/saw-pig-mask-1_3.jpg\",\"datePublished\":\"2019-05-08T14:38:40+00:00\",\"dateModified\":\"2026-04-20T14:39:56+00:00\",\"description\":\"Official Saw Pig Jigsaw Mask by Trick or Treat Studios. Collectors quality latex mask. Available to buy in the UK from Mad About Horror. Call 01482 935936.\",\"breadcrumb\":{\"@id\":\"https:\\\/\\\/madabouthorror.co.uk\\\/product\\\/trick-or-treat-studios-saw-pig-mask\\\/#breadcrumb\"},\"inLanguage\":\"de\",\"potentialAction\":[{\"@type\":\"ReadAction\",\"target\":[\"https:\\\/\\\/madabouthorror.co.uk\\\/product\\\/trick-or-treat-studios-saw-pig-mask\\\/\"]}]},{\"@type\":\"ImageObject\",\"inLanguage\":\"de\",\"@id\":\"https:\\\/\\\/madabouthorror.co.uk\\\/product\\\/trick-or-treat-studios-saw-pig-mask\\\/#primaryimage\",\"url\":\"https:\\\/\\\/madabouthorror.co.uk\\\/wp-content\\\/uploads\\\/2019\\\/05\\\/saw-pig-mask-1_3.jpg\",\"contentUrl\":\"https:\\\/\\\/madabouthorror.co.uk\\\/wp-content\\\/uploads\\\/2019\\\/05\\\/saw-pig-mask-1_3.jpg\",\"width\":1000,\"height\":1000,\"caption\":\"SAW - Pig Mask\"},{\"@type\":\"BreadcrumbList\",\"@id\":\"https:\\\/\\\/madabouthorror.co.uk\\\/product\\\/trick-or-treat-studios-saw-pig-mask\\\/#breadcrumb\",\"itemListElement\":[{\"@type\":\"ListItem\",\"position\":1,\"name\":\"Shop\",\"item\":\"https:\\\/\\\/madabouthorror.co.uk\\\/shop\\\/\"},{\"@type\":\"ListItem\",\"position\":2,\"name\":\"Saw Pig Mask\"}]},{\"@type\":\"WebSite\",\"@id\":\"https:\\\/\\\/madabouthorror.co.uk\\\/#website\",\"url\":\"https:\\\/\\\/madabouthorror.co.uk\\\/\",\"name\":\"Mad About Horror\",\"description\":\"\",\"publisher\":{\"@id\":\"https:\\\/\\\/madabouthorror.co.uk\\\/#organization\"},\"alternateName\":\"Mad About Horror Limited\",\"potentialAction\":[{\"@type\":\"SearchAction\",\"target\":{\"@type\":\"EntryPoint\",\"urlTemplate\":\"https:\\\/\\\/madabouthorror.co.uk\\\/?s={search_term_string}\"},\"query-input\":{\"@type\":\"PropertyValueSpecification\",\"valueRequired\":true,\"valueName\":\"search_term_string\"}}],\"inLanguage\":\"de\"},{\"@type\":\"Organization\",\"@id\":\"https:\\\/\\\/madabouthorror.co.uk\\\/#organization\",\"name\":\"Mad About Horror\",\"url\":\"https:\\\/\\\/madabouthorror.co.uk\\\/\",\"logo\":{\"@type\":\"ImageObject\",\"inLanguage\":\"de\",\"@id\":\"https:\\\/\\\/madabouthorror.co.uk\\\/#\\\/schema\\\/logo\\\/image\\\/\",\"url\":\"https:\\\/\\\/madabouthorror.co.uk\\\/wp-content\\\/uploads\\\/2024\\\/02\\\/cropped-Logo.png\",\"contentUrl\":\"https:\\\/\\\/madabouthorror.co.uk\\\/wp-content\\\/uploads\\\/2024\\\/02\\\/cropped-Logo.png\",\"width\":240,\"height\":88,\"caption\":\"Mad About Horror\"},\"image\":{\"@id\":\"https:\\\/\\\/madabouthorror.co.uk\\\/#\\\/schema\\\/logo\\\/image\\\/\"},\"sameAs\":[\"https:\\\/\\\/www.facebook.com\\\/madabouthorror\\\/\",\"https:\\\/\\\/www.instagram.com\\\/madabouthorror\\\/\",\"https:\\\/\\\/www.pinterest.co.uk\\\/madabouthorror\\\/\",\"https:\\\/\\\/www.youtube.com\\\/channel\\\/UCBooLOIxjoQ89dj6T5lWm_w\",\"https:\\\/\\\/www.tiktok.com\\\/@weremadabouthorror\"]}]}<\/script>\n<!-- \/ Yoast SEO plugin. -->","yoast_head_json":{"title":"SAW - Schweinemaske - Mad About Horror","description":"Offizielle Saw Schweinemaske von Trick or Treat Studios. Sammlerqualit\u00e4t Latexmaske. Erh\u00e4ltlich in Gro\u00dfbritannien bei Mad About Horror. Rufen Sie 01482 935936 an.","robots":{"index":"index","follow":"follow","max-snippet":"max-snippet:-1","max-image-preview":"max-image-preview:large","max-video-preview":"max-video-preview:-1"},"canonical":"https:\/\/madabouthorror.co.uk\/de\/product\/trick-or-treat-studios-saw-pig-mask\/","og_locale":"de_DE","og_type":"article","og_title":"SAW - Pig Mask - Mad About Horror","og_description":"Official Saw Pig Jigsaw Mask by Trick or Treat Studios. Collectors quality latex mask. Available to buy in the UK from Mad About Horror. Call 01482 935936.","og_url":"https:\/\/madabouthorror.co.uk\/de\/product\/trick-or-treat-studios-saw-pig-mask\/","og_site_name":"Mad About Horror","article_publisher":"https:\/\/www.facebook.com\/madabouthorror\/","article_modified_time":"2026-04-20T14:39:56+00:00","og_image":[{"width":1000,"height":1000,"url":"https:\/\/madabouthorror.co.uk\/wp-content\/uploads\/2019\/05\/saw-pig-mask-1_3.jpg","type":"image\/jpeg"}],"twitter_card":"summary_large_image","twitter_misc":{"Gesch\u00e4tzte Lesezeit":"1\u00a0Minute"},"schema":{"@context":"https:\/\/schema.org","@graph":[{"@type":["WebPage","ItemPage"],"@id":"https:\/\/madabouthorror.co.uk\/product\/trick-or-treat-studios-saw-pig-mask\/","url":"https:\/\/madabouthorror.co.uk\/product\/trick-or-treat-studios-saw-pig-mask\/","name":"SAW - Schweinemaske - Mad About Horror","isPartOf":{"@id":"https:\/\/madabouthorror.co.uk\/#website"},"primaryImageOfPage":{"@id":"https:\/\/madabouthorror.co.uk\/product\/trick-or-treat-studios-saw-pig-mask\/#primaryimage"},"image":{"@id":"https:\/\/madabouthorror.co.uk\/product\/trick-or-treat-studios-saw-pig-mask\/#primaryimage"},"thumbnailUrl":"https:\/\/madabouthorror.co.uk\/wp-content\/uploads\/2019\/05\/saw-pig-mask-1_3.jpg","datePublished":"2019-05-08T14:38:40+00:00","dateModified":"2026-04-20T14:39:56+00:00","description":"Offizielle Saw Schweinemaske von Trick or Treat Studios. Sammlerqualit\u00e4t Latexmaske. Erh\u00e4ltlich in Gro\u00dfbritannien bei Mad About Horror. Rufen Sie 01482 935936 an.","breadcrumb":{"@id":"https:\/\/madabouthorror.co.uk\/product\/trick-or-treat-studios-saw-pig-mask\/#breadcrumb"},"inLanguage":"de","potentialAction":[{"@type":"ReadAction","target":["https:\/\/madabouthorror.co.uk\/product\/trick-or-treat-studios-saw-pig-mask\/"]}]},{"@type":"ImageObject","inLanguage":"de","@id":"https:\/\/madabouthorror.co.uk\/product\/trick-or-treat-studios-saw-pig-mask\/#primaryimage","url":"https:\/\/madabouthorror.co.uk\/wp-content\/uploads\/2019\/05\/saw-pig-mask-1_3.jpg","contentUrl":"https:\/\/madabouthorror.co.uk\/wp-content\/uploads\/2019\/05\/saw-pig-mask-1_3.jpg","width":1000,"height":1000,"caption":"SAW - Pig Mask"},{"@type":"BreadcrumbList","@id":"https:\/\/madabouthorror.co.uk\/product\/trick-or-treat-studios-saw-pig-mask\/#breadcrumb","itemListElement":[{"@type":"ListItem","position":1,"name":"Shop","item":"https:\/\/madabouthorror.co.uk\/shop\/"},{"@type":"ListItem","position":2,"name":"Saw Pig Mask"}]},{"@type":"WebSite","@id":"https:\/\/madabouthorror.co.uk\/#website","url":"https:\/\/madabouthorror.co.uk\/","name":"Verr\u00fcckt nach Horror","description":"","publisher":{"@id":"https:\/\/madabouthorror.co.uk\/#organization"},"alternateName":"Mad About Horror Limited","potentialAction":[{"@type":"SearchAction","target":{"@type":"EntryPoint","urlTemplate":"https:\/\/madabouthorror.co.uk\/?s={search_term_string}"},"query-input":{"@type":"PropertyValueSpecification","valueRequired":true,"valueName":"search_term_string"}}],"inLanguage":"de"},{"@type":"Organization","@id":"https:\/\/madabouthorror.co.uk\/#organization","name":"Verr\u00fcckt nach Horror","url":"https:\/\/madabouthorror.co.uk\/","logo":{"@type":"ImageObject","inLanguage":"de","@id":"https:\/\/madabouthorror.co.uk\/#\/schema\/logo\/image\/","url":"https:\/\/madabouthorror.co.uk\/wp-content\/uploads\/2024\/02\/cropped-Logo.png","contentUrl":"https:\/\/madabouthorror.co.uk\/wp-content\/uploads\/2024\/02\/cropped-Logo.png","width":240,"height":88,"caption":"Mad About Horror"},"image":{"@id":"https:\/\/madabouthorror.co.uk\/#\/schema\/logo\/image\/"},"sameAs":["https:\/\/www.facebook.com\/madabouthorror\/","https:\/\/www.instagram.com\/madabouthorror\/","https:\/\/www.pinterest.co.uk\/madabouthorror\/","https:\/\/www.youtube.com\/channel\/UCBooLOIxjoQ89dj6T5lWm_w","https:\/\/www.tiktok.com\/@weremadabouthorror"]}]}},"df_price":78.08,"df_sale_price":"","df_regular_price":78.08,"df_image_link":"https:\/\/madabouthorror.co.uk\/wp-content\/uploads\/2019\/05\/saw-pig-mask-1_3-300x300.jpg","_links":{"self":[{"href":"https:\/\/madabouthorror.co.uk\/de\/wp-json\/wp\/v2\/product\/38672","targetHints":{"allow":["GET"]}}],"collection":[{"href":"https:\/\/madabouthorror.co.uk\/de\/wp-json\/wp\/v2\/product"}],"about":[{"href":"https:\/\/madabouthorror.co.uk\/de\/wp-json\/wp\/v2\/types\/product"}],"replies":[{"embeddable":true,"href":"https:\/\/madabouthorror.co.uk\/de\/wp-json\/wp\/v2\/comments?post=38672"}],"wp:featuredmedia":[{"embeddable":true,"href":"https:\/\/madabouthorror.co.uk\/de\/wp-json\/wp\/v2\/media\/38667"}],"wp:attachment":[{"href":"https:\/\/madabouthorror.co.uk\/de\/wp-json\/wp\/v2\/media?parent=38672"}],"wp:term":[{"taxonomy":"product_brand","embeddable":true,"href":"https:\/\/madabouthorror.co.uk\/de\/wp-json\/wp\/v2\/product_brand?post=38672"},{"taxonomy":"product_cat","embeddable":true,"href":"https:\/\/madabouthorror.co.uk\/de\/wp-json\/wp\/v2\/product_cat?post=38672"},{"taxonomy":"product_tag","embeddable":true,"href":"https:\/\/madabouthorror.co.uk\/de\/wp-json\/wp\/v2\/product_tag?post=38672"}],"curies":[{"name":"wp","href":"https:\/\/api.w.org\/{rel}","templated":true}]}}