{"id":39162,"date":"2019-05-08T15:38:41","date_gmt":"2019-05-08T14:38:41","guid":{"rendered":"https:\/\/mah.6bdv.ws\/product\/cauldron-cat-tastrophe-animated-prop\/"},"modified":"2025-11-20T12:45:32","modified_gmt":"2025-11-20T12:45:32","slug":"cauldron-cat-tastrophe-animated-prop","status":"publish","type":"product","link":"https:\/\/madabouthorror.co.uk\/de\/product\/cauldron-cat-tastrophe-animated-prop\/","title":{"rendered":"Kessel Katzenkatastrophe Animierte Requisite"},"content":{"rendered":"<p>Erschrecken Sie Ihre Halloween-G\u00e4ste mit unserem animierten Requisit \"Kesselkatastrophe\"! Schaffen Sie ein besonders gruseliges Ambiente mit Ihrer Halloween-Dekoration, indem Sie diese animierte Hexe mit ihrer armen Katze hinzuf\u00fcgen! Diese unheimliche Zauberin steht vor ihrem blubbernden schwarzen Kessel mit flackernden \"gl\u00fchenden Kohlen\" und h\u00e4lt eine r\u00e4udige Katze an den F\u00fc\u00dfen.<\/p>\n<p>Einmal aktiviert, leuchten die Augen der Hexe auf, Kopf und Oberk\u00f6rper drehen sich von einer Seite zur anderen, der Mund bewegt sich, die Katze zischt und fuchtelt mit dem gr\u00fcn blubbernden Kessel herum. Es ist sogar m\u00f6glich, eine Nebelmaschine an die Kontrollbox der Requisite anzuschlie\u00dfen (Nebelmaschine nicht im Lieferumfang enthalten).<\/p>\n<p style=\"padding-left: 30px;\">Die St\u00fctze sagt die folgenden S\u00e4tze, wenn sie aktiviert wird:<\/p>\n<p style=\"padding-left: 30px;\"><em>\"(b\u00f6ses Lachen)\"; \"Eh heh heh heh, du wirst eine leckere Mahlzeit abgeben - mein Lieblingsessen ist das Fleisch einer schwarzen Katze, aber du wirst gut sein! Eh heheheheh!\"; <\/em><\/p>\n<p style=\"padding-left: 30px;\"><em>\"Siehst du, was passiert, wenn du meinen Weg kreuzt? Lass dir das eine Lehre sein - und eine Mahlzeit f\u00fcr mich! Eh heheheh!\" <\/em><\/p>\n<p>Gr\u00f6\u00dfe: 80\u2033H x 40\u2033W x 45\u2033D, Animation rechts nach links 36\u2033<\/p>\n<p>Stecken Sie das Netzteil in eine normale Steckdose und w\u00e4hlen Sie zwischen den Aktivierungsoptionen Dauerlicht, Infrarotsensor oder Step-Here Pad (im Lieferumfang enthalten). Der Infrarotsensor funktioniert in einer Entfernung von bis zu 6,5\u2032 Fu\u00df und funktioniert bei allen Lichtverh\u00e4ltnissen - von hellem Licht bis hin zu keinem Licht! Inklusive Lautst\u00e4rkeregler. Montage erforderlich.<\/p>\n<p>Die ultimative Halloween-Dekoration, die mit Sicherheit f\u00fcr Gespr\u00e4chsstoff sorgen wird!<\/p>\n<p><b>Wird mit einem UK-Netzadapter geliefert<\/b>. <i>Verwenden Sie nur den mitgelieferten Netzadapter, da falsche Netzadapter Sch\u00e4den verursachen k\u00f6nnen.<\/i><\/p>\n<div>\n<div><b>F\u00fcr die \u00fcberdachte Veranda oder f\u00fcr den Innenbereich.<\/b> <i>Bei Verwendung im Freien vor Witterungseinfl\u00fcssen sch\u00fctzen und nicht \u00fcber einen l\u00e4ngeren Zeitraum im Freien stehen lassen.<\/i><\/div>\n<div><\/div>\n<div><b>Bitte beachten:<\/b><i> Diese Requisiten sind nicht f\u00fcr den intensiven kommerziellen Gebrauch geeignet, d. h. sie sollten nicht \u00fcber l\u00e4ngere Zeitr\u00e4ume, z. B. tagelang, betrieben werden. Sie sind f\u00fcr die Verwendung an Halloween gedacht. Wenn Sie Fragen dazu haben, fragen Sie bitte.<\/i><\/div>\n<\/div>","protected":false},"excerpt":{"rendered":"<p>Erschrecken Sie Ihre Halloween-G\u00e4ste mit unserem animierten Requisit \"Kesselkatastrophe\"! Schaffen Sie ein besonders gruseliges Ambiente mit Ihrer Halloween-Dekoration, indem Sie diese animierte Hexe mit ihrer armen Katze hinzuf\u00fcgen! Diese unheimliche Hexe steht vor ihrem blubbernden schwarzen Kessel mit flackernden \"gl\u00fchenden Kohlen\" und h\u00e4lt eine r\u00e4udige Katze an den F\u00fc\u00dfen. Einmal aktiviert, leuchten die Augen der Hexe [...]<\/p>","protected":false},"featured_media":456295,"comment_status":"closed","ping_status":"closed","template":"","meta":{"_acf_changed":false},"product_brand":[],"product_cat":[10068,10131,10108,10093,10094,6547,6963,6596,7055],"product_tag":[],"class_list":{"0":"post-39162","1":"product","2":"type-product","3":"status-publish","4":"has-post-thumbnail","6":"product_cat-halloween-decorations-2025","7":"product_cat-halloween-gifts","8":"product_cat-light-up-halloween-decorations","9":"product_cat-indoor-halloween-decorations","10":"product_cat-outdoor-halloween-decorations","11":"product_cat-decorations","12":"product_cat-animatronics","13":"product_cat-witch-decorations","14":"product_cat-animated-props-witches","15":"product_shipping_class-props","17":"first","18":"outofstock","19":"taxable","20":"shipping-taxable","21":"purchasable","22":"product-type-simple"},"supplier_id":467908,"supplier_sku":"MR124457","barcode":"842445116157","atum_controlled":true,"out_stock_date":"2025-05-10 19:43:34","out_stock_threshold":null,"inheritable":false,"inbound_stock":0,"stock_on_hold":0,"sold_today":0,"sales_last_days":0,"reserved_stock":0,"customer_returns":0,"warehouse_damage":0,"lost_in_post":0,"other_logs":0,"out_stock_days":337,"lost_sales":18773,"has_location":false,"update_date":"2026-04-13T00:29:08","atum_locations":[],"atum_stock_status":"outofstock","restock_status":false,"low_stock_amount":"","sales_update_date":"2026-04-13T00:29:06","calc_backorders":null,"acf":[],"yoast_head":"<!-- This site is optimized with the Yoast SEO plugin v27.3 - https:\/\/yoast.com\/product\/yoast-seo-wordpress\/ -->\n<title>Cauldron Cat-tastrophe - Animated Prop - Halloween<\/title>\n<meta name=\"description\" content=\"Cauldron Witch Animated Prop. Available in the UK from Mad About Horror. Shop Horror collectibles and Halloween props. Europe\u2019s leading Horror Specialist.\" \/>\n<meta name=\"robots\" content=\"index, follow, max-snippet:-1, max-image-preview:large, max-video-preview:-1\" \/>\n<link rel=\"canonical\" href=\"https:\/\/madabouthorror.co.uk\/de\/product\/cauldron-cat-tastrophe-animated-prop\/\" \/>\n<meta property=\"og:locale\" content=\"de_DE\" \/>\n<meta property=\"og:type\" content=\"article\" \/>\n<meta property=\"og:title\" content=\"Cauldron Cat-tastrophe - Animated Prop - Halloween\" \/>\n<meta property=\"og:description\" content=\"Cauldron Witch Animated Prop. Available in the UK from Mad About Horror. Shop Horror collectibles and Halloween props. Europe\u2019s leading Horror Specialist.\" \/>\n<meta property=\"og:url\" content=\"https:\/\/madabouthorror.co.uk\/de\/product\/cauldron-cat-tastrophe-animated-prop\/\" \/>\n<meta property=\"og:site_name\" content=\"Mad About Horror\" \/>\n<meta property=\"article:publisher\" content=\"https:\/\/www.facebook.com\/madabouthorror\/\" \/>\n<meta property=\"article:modified_time\" content=\"2025-11-20T12:45:32+00:00\" \/>\n<meta property=\"og:image\" content=\"https:\/\/madabouthorror.co.uk\/wp-content\/uploads\/2019\/05\/7-cauldron-cat-tastrophe-animated-prop-decorationmr124457-a03.jpg\" \/>\n\t<meta property=\"og:image:width\" content=\"1500\" \/>\n\t<meta property=\"og:image:height\" content=\"1500\" \/>\n\t<meta property=\"og:image:type\" content=\"image\/jpeg\" \/>\n<meta name=\"twitter:card\" content=\"summary_large_image\" \/>\n<meta name=\"twitter:label1\" content=\"Gesch\u00e4tzte Lesezeit\" \/>\n\t<meta name=\"twitter:data1\" content=\"2\u00a0Minuten\" \/>\n<script type=\"application\/ld+json\" class=\"yoast-schema-graph\">{\"@context\":\"https:\\\/\\\/schema.org\",\"@graph\":[{\"@type\":[\"WebPage\",\"ItemPage\"],\"@id\":\"https:\\\/\\\/madabouthorror.co.uk\\\/product\\\/cauldron-cat-tastrophe-animated-prop\\\/\",\"url\":\"https:\\\/\\\/madabouthorror.co.uk\\\/product\\\/cauldron-cat-tastrophe-animated-prop\\\/\",\"name\":\"Cauldron Cat-tastrophe - Animated Prop - Halloween\",\"isPartOf\":{\"@id\":\"https:\\\/\\\/madabouthorror.co.uk\\\/#website\"},\"primaryImageOfPage\":{\"@id\":\"https:\\\/\\\/madabouthorror.co.uk\\\/product\\\/cauldron-cat-tastrophe-animated-prop\\\/#primaryimage\"},\"image\":{\"@id\":\"https:\\\/\\\/madabouthorror.co.uk\\\/product\\\/cauldron-cat-tastrophe-animated-prop\\\/#primaryimage\"},\"thumbnailUrl\":\"https:\\\/\\\/madabouthorror.co.uk\\\/wp-content\\\/uploads\\\/2019\\\/05\\\/7-cauldron-cat-tastrophe-animated-prop-decorationmr124457-a03.jpg\",\"datePublished\":\"2019-05-08T14:38:41+00:00\",\"dateModified\":\"2025-11-20T12:45:32+00:00\",\"description\":\"Cauldron Witch Animated Prop. Available in the UK from Mad About Horror. Shop Horror collectibles and Halloween props. Europe\u2019s leading Horror Specialist.\",\"breadcrumb\":{\"@id\":\"https:\\\/\\\/madabouthorror.co.uk\\\/product\\\/cauldron-cat-tastrophe-animated-prop\\\/#breadcrumb\"},\"inLanguage\":\"de\",\"potentialAction\":[{\"@type\":\"ReadAction\",\"target\":[\"https:\\\/\\\/madabouthorror.co.uk\\\/product\\\/cauldron-cat-tastrophe-animated-prop\\\/\"]}]},{\"@type\":\"ImageObject\",\"inLanguage\":\"de\",\"@id\":\"https:\\\/\\\/madabouthorror.co.uk\\\/product\\\/cauldron-cat-tastrophe-animated-prop\\\/#primaryimage\",\"url\":\"https:\\\/\\\/madabouthorror.co.uk\\\/wp-content\\\/uploads\\\/2019\\\/05\\\/7-cauldron-cat-tastrophe-animated-prop-decorationmr124457-a03.jpg\",\"contentUrl\":\"https:\\\/\\\/madabouthorror.co.uk\\\/wp-content\\\/uploads\\\/2019\\\/05\\\/7-cauldron-cat-tastrophe-animated-prop-decorationmr124457-a03.jpg\",\"width\":1500,\"height\":1500,\"caption\":\"Cauldron Cat-tastrophe animated Halloween prop\"},{\"@type\":\"BreadcrumbList\",\"@id\":\"https:\\\/\\\/madabouthorror.co.uk\\\/product\\\/cauldron-cat-tastrophe-animated-prop\\\/#breadcrumb\",\"itemListElement\":[{\"@type\":\"ListItem\",\"position\":1,\"name\":\"Shop\",\"item\":\"https:\\\/\\\/madabouthorror.co.uk\\\/shop\\\/\"},{\"@type\":\"ListItem\",\"position\":2,\"name\":\"Cauldron Cat-tastrophe Animated Prop\"}]},{\"@type\":\"WebSite\",\"@id\":\"https:\\\/\\\/madabouthorror.co.uk\\\/#website\",\"url\":\"https:\\\/\\\/madabouthorror.co.uk\\\/\",\"name\":\"Mad About Horror\",\"description\":\"\",\"publisher\":{\"@id\":\"https:\\\/\\\/madabouthorror.co.uk\\\/#organization\"},\"alternateName\":\"Mad About Horror Limited\",\"potentialAction\":[{\"@type\":\"SearchAction\",\"target\":{\"@type\":\"EntryPoint\",\"urlTemplate\":\"https:\\\/\\\/madabouthorror.co.uk\\\/?s={search_term_string}\"},\"query-input\":{\"@type\":\"PropertyValueSpecification\",\"valueRequired\":true,\"valueName\":\"search_term_string\"}}],\"inLanguage\":\"de\"},{\"@type\":\"Organization\",\"@id\":\"https:\\\/\\\/madabouthorror.co.uk\\\/#organization\",\"name\":\"Mad About Horror\",\"url\":\"https:\\\/\\\/madabouthorror.co.uk\\\/\",\"logo\":{\"@type\":\"ImageObject\",\"inLanguage\":\"de\",\"@id\":\"https:\\\/\\\/madabouthorror.co.uk\\\/#\\\/schema\\\/logo\\\/image\\\/\",\"url\":\"https:\\\/\\\/madabouthorror.co.uk\\\/wp-content\\\/uploads\\\/2024\\\/02\\\/cropped-Logo.png\",\"contentUrl\":\"https:\\\/\\\/madabouthorror.co.uk\\\/wp-content\\\/uploads\\\/2024\\\/02\\\/cropped-Logo.png\",\"width\":240,\"height\":88,\"caption\":\"Mad About Horror\"},\"image\":{\"@id\":\"https:\\\/\\\/madabouthorror.co.uk\\\/#\\\/schema\\\/logo\\\/image\\\/\"},\"sameAs\":[\"https:\\\/\\\/www.facebook.com\\\/madabouthorror\\\/\",\"https:\\\/\\\/www.instagram.com\\\/madabouthorror\\\/\",\"https:\\\/\\\/www.pinterest.co.uk\\\/madabouthorror\\\/\",\"https:\\\/\\\/www.youtube.com\\\/channel\\\/UCBooLOIxjoQ89dj6T5lWm_w\",\"https:\\\/\\\/www.tiktok.com\\\/@weremadabouthorror\"]}]}<\/script>\n<!-- \/ Yoast SEO plugin. -->","yoast_head_json":{"title":"Kessel Katzenkatastrophe - Animierte Requisite - Halloween","description":"Kesselhexe Animierte Requisite, erh\u00e4ltlich in Gro\u00dfbritannien bei Mad About Horror. Shop Horror Sammlerst\u00fccke und Halloween Requisiten. Europas f\u00fchrender Horror-Spezialist.","robots":{"index":"index","follow":"follow","max-snippet":"max-snippet:-1","max-image-preview":"max-image-preview:large","max-video-preview":"max-video-preview:-1"},"canonical":"https:\/\/madabouthorror.co.uk\/de\/product\/cauldron-cat-tastrophe-animated-prop\/","og_locale":"de_DE","og_type":"article","og_title":"Cauldron Cat-tastrophe - Animated Prop - Halloween","og_description":"Cauldron Witch Animated Prop. Available in the UK from Mad About Horror. Shop Horror collectibles and Halloween props. Europe\u2019s leading Horror Specialist.","og_url":"https:\/\/madabouthorror.co.uk\/de\/product\/cauldron-cat-tastrophe-animated-prop\/","og_site_name":"Mad About Horror","article_publisher":"https:\/\/www.facebook.com\/madabouthorror\/","article_modified_time":"2025-11-20T12:45:32+00:00","og_image":[{"width":1500,"height":1500,"url":"https:\/\/madabouthorror.co.uk\/wp-content\/uploads\/2019\/05\/7-cauldron-cat-tastrophe-animated-prop-decorationmr124457-a03.jpg","type":"image\/jpeg"}],"twitter_card":"summary_large_image","twitter_misc":{"Gesch\u00e4tzte Lesezeit":"2\u00a0Minuten"},"schema":{"@context":"https:\/\/schema.org","@graph":[{"@type":["WebPage","ItemPage"],"@id":"https:\/\/madabouthorror.co.uk\/product\/cauldron-cat-tastrophe-animated-prop\/","url":"https:\/\/madabouthorror.co.uk\/product\/cauldron-cat-tastrophe-animated-prop\/","name":"Kessel Katzenkatastrophe - Animierte Requisite - Halloween","isPartOf":{"@id":"https:\/\/madabouthorror.co.uk\/#website"},"primaryImageOfPage":{"@id":"https:\/\/madabouthorror.co.uk\/product\/cauldron-cat-tastrophe-animated-prop\/#primaryimage"},"image":{"@id":"https:\/\/madabouthorror.co.uk\/product\/cauldron-cat-tastrophe-animated-prop\/#primaryimage"},"thumbnailUrl":"https:\/\/madabouthorror.co.uk\/wp-content\/uploads\/2019\/05\/7-cauldron-cat-tastrophe-animated-prop-decorationmr124457-a03.jpg","datePublished":"2019-05-08T14:38:41+00:00","dateModified":"2025-11-20T12:45:32+00:00","description":"Kesselhexe Animierte Requisite, erh\u00e4ltlich in Gro\u00dfbritannien bei Mad About Horror. Shop Horror Sammlerst\u00fccke und Halloween Requisiten. Europas f\u00fchrender Horror-Spezialist.","breadcrumb":{"@id":"https:\/\/madabouthorror.co.uk\/product\/cauldron-cat-tastrophe-animated-prop\/#breadcrumb"},"inLanguage":"de","potentialAction":[{"@type":"ReadAction","target":["https:\/\/madabouthorror.co.uk\/product\/cauldron-cat-tastrophe-animated-prop\/"]}]},{"@type":"ImageObject","inLanguage":"de","@id":"https:\/\/madabouthorror.co.uk\/product\/cauldron-cat-tastrophe-animated-prop\/#primaryimage","url":"https:\/\/madabouthorror.co.uk\/wp-content\/uploads\/2019\/05\/7-cauldron-cat-tastrophe-animated-prop-decorationmr124457-a03.jpg","contentUrl":"https:\/\/madabouthorror.co.uk\/wp-content\/uploads\/2019\/05\/7-cauldron-cat-tastrophe-animated-prop-decorationmr124457-a03.jpg","width":1500,"height":1500,"caption":"Cauldron Cat-tastrophe animated Halloween prop"},{"@type":"BreadcrumbList","@id":"https:\/\/madabouthorror.co.uk\/product\/cauldron-cat-tastrophe-animated-prop\/#breadcrumb","itemListElement":[{"@type":"ListItem","position":1,"name":"Shop","item":"https:\/\/madabouthorror.co.uk\/shop\/"},{"@type":"ListItem","position":2,"name":"Cauldron Cat-tastrophe Animated Prop"}]},{"@type":"WebSite","@id":"https:\/\/madabouthorror.co.uk\/#website","url":"https:\/\/madabouthorror.co.uk\/","name":"Verr\u00fcckt nach Horror","description":"","publisher":{"@id":"https:\/\/madabouthorror.co.uk\/#organization"},"alternateName":"Mad About Horror Limited","potentialAction":[{"@type":"SearchAction","target":{"@type":"EntryPoint","urlTemplate":"https:\/\/madabouthorror.co.uk\/?s={search_term_string}"},"query-input":{"@type":"PropertyValueSpecification","valueRequired":true,"valueName":"search_term_string"}}],"inLanguage":"de"},{"@type":"Organization","@id":"https:\/\/madabouthorror.co.uk\/#organization","name":"Verr\u00fcckt nach Horror","url":"https:\/\/madabouthorror.co.uk\/","logo":{"@type":"ImageObject","inLanguage":"de","@id":"https:\/\/madabouthorror.co.uk\/#\/schema\/logo\/image\/","url":"https:\/\/madabouthorror.co.uk\/wp-content\/uploads\/2024\/02\/cropped-Logo.png","contentUrl":"https:\/\/madabouthorror.co.uk\/wp-content\/uploads\/2024\/02\/cropped-Logo.png","width":240,"height":88,"caption":"Mad About Horror"},"image":{"@id":"https:\/\/madabouthorror.co.uk\/#\/schema\/logo\/image\/"},"sameAs":["https:\/\/www.facebook.com\/madabouthorror\/","https:\/\/www.instagram.com\/madabouthorror\/","https:\/\/www.pinterest.co.uk\/madabouthorror\/","https:\/\/www.youtube.com\/channel\/UCBooLOIxjoQ89dj6T5lWm_w","https:\/\/www.tiktok.com\/@weremadabouthorror"]}]}},"df_price":406.2,"df_sale_price":"","df_regular_price":406.2,"df_image_link":"https:\/\/madabouthorror.co.uk\/wp-content\/uploads\/2019\/05\/7-cauldron-cat-tastrophe-animated-prop-decorationmr124457-a03-300x300.jpg","_links":{"self":[{"href":"https:\/\/madabouthorror.co.uk\/de\/wp-json\/wp\/v2\/product\/39162","targetHints":{"allow":["GET"]}}],"collection":[{"href":"https:\/\/madabouthorror.co.uk\/de\/wp-json\/wp\/v2\/product"}],"about":[{"href":"https:\/\/madabouthorror.co.uk\/de\/wp-json\/wp\/v2\/types\/product"}],"replies":[{"embeddable":true,"href":"https:\/\/madabouthorror.co.uk\/de\/wp-json\/wp\/v2\/comments?post=39162"}],"wp:featuredmedia":[{"embeddable":true,"href":"https:\/\/madabouthorror.co.uk\/de\/wp-json\/wp\/v2\/media\/456295"}],"wp:attachment":[{"href":"https:\/\/madabouthorror.co.uk\/de\/wp-json\/wp\/v2\/media?parent=39162"}],"wp:term":[{"taxonomy":"product_brand","embeddable":true,"href":"https:\/\/madabouthorror.co.uk\/de\/wp-json\/wp\/v2\/product_brand?post=39162"},{"taxonomy":"product_cat","embeddable":true,"href":"https:\/\/madabouthorror.co.uk\/de\/wp-json\/wp\/v2\/product_cat?post=39162"},{"taxonomy":"product_tag","embeddable":true,"href":"https:\/\/madabouthorror.co.uk\/de\/wp-json\/wp\/v2\/product_tag?post=39162"}],"curies":[{"name":"wp","href":"https:\/\/api.w.org\/{rel}","templated":true}]}}