{"id":40066,"date":"2019-05-08T15:38:45","date_gmt":"2019-05-08T14:38:45","guid":{"rendered":"https:\/\/mah.6bdv.ws\/product\/halloween-2018-michael-myers-mask\/"},"modified":"2026-05-01T15:03:48","modified_gmt":"2026-05-01T14:03:48","slug":"halloween-2018-michael-myers-mask","status":"publish","type":"product","link":"https:\/\/madabouthorror.co.uk\/de\/product\/halloween-2018-michael-myers-mask\/","title":{"rendered":"Offizielle Halloween 2018 - Michael Myers Maske"},"content":{"rendered":"<p>Hier kommt die offiziell lizenzierte Halloween 2018 Michael Myers Maske von Trick or Treat Studios.<\/p>\n<p>G\u00f6nnen Sie sich Horror-Authentizit\u00e4t mit der Halloween 2018 Michael Myers Maske, die von Christopher Nelson, Vincent Van Dyke und Justin Mabry gestaltet wurde. Diese offiziell von den Trick or Treat Studios lizenzierte Maske ist eine Nachbildung aus dem ersten Film der Blumhouse-Trilogie, Halloween 2018. Sie ist mit unglaublichen Details wie Verwitterungsmerkmalen ausgestattet und verf\u00fcgt \u00fcber einen exakten Abdruck des Originals, das Michael Myers im Film tr\u00e4gt. Diese Maske, eine direkte Kreation des Meisters des Films, bestellen Sie jetzt!<\/p>\n<p><strong>Einzelheiten:<\/strong><\/p>\n<ul>\n<li>Latex und Kunsthaar<\/li>\n<li>Offiziell lizenziert von Trick or Treat Studios<\/li>\n<li>Halloween 2018<\/li>\n<\/ul>\n<p>Brauchen Sie Hilfe beim Haarstyling? Besuchen Sie unser <a href=\"https:\/\/www.youtube.com\/watch?v=pzCUkb0Wn68\">Lehrgang<\/a><\/p>\n<p>Brauchen Sie Hilfe bei der Gr\u00f6\u00dfenbestimmung? Sehen Sie sich unser <a href=\"https:\/\/www.youtube.com\/watch?v=HzLa4zcB3J4&amp;t=3s\">Leitfaden<\/a><\/p>\n<p>Schauen Sie sich alle unsere <a href=\"https:\/\/madabouthorror.co.uk\/de\/c\/halloween\/costumes\/tv-movie\/michael-myers-costumes\/\">Myers Kost\u00fcme hier<\/a><\/p>","protected":false},"excerpt":{"rendered":"<p>Hier kommt die offiziell lizenzierte Halloween 2018 Michael Myers Maske von Trick or Treat Studios. G\u00f6nnen Sie sich Horror-Authentizit\u00e4t mit der Halloween 2018 Michael Myers Maske, die von Christopher Nelson, Vincent Van Dyke und Justin Mabry gestaltet wurde. Diese offiziell von Trick or Treat Studios lizenzierte Maske ist eine Replik aus dem ersten Film der Blumhouse-Trilogie, [...]<\/p>","protected":false},"featured_media":40061,"comment_status":"closed","ping_status":"closed","template":"","meta":{"_acf_changed":false},"product_brand":[],"product_cat":[6580,10100,10132,9978,7091,6551,10038,6784,9962,6541,6792,6660],"product_tag":[],"class_list":{"0":"post-40066","1":"product","2":"type-product","3":"status-publish","4":"has-post-thumbnail","6":"product_cat-movie-tv","7":"product_cat-latex-masks","8":"product_cat-masks-collectibles","9":"product_cat-michael-myers-costumes","10":"product_cat-tv-movie","11":"product_cat-costumes","12":"product_cat-horror-gifts","13":"product_cat-michael-myers","14":"product_cat-trick-or-treat-studios-masks","15":"product_cat-masks","16":"product_cat-trick-or-treat-studios","17":"product_cat-halloweenmichaelmyers","19":"first","20":"instock","21":"taxable","22":"shipping-taxable","23":"purchasable","24":"product-type-simple"},"supplier_id":467429,"supplier_sku":"CNMF100","barcode":"850946008505","atum_controlled":true,"out_stock_date":null,"out_stock_threshold":null,"inheritable":false,"inbound_stock":201,"stock_on_hold":1,"sold_today":0,"sales_last_days":10,"reserved_stock":0,"customer_returns":0,"warehouse_damage":0,"lost_in_post":0,"other_logs":0,"out_stock_days":0,"lost_sales":0,"has_location":false,"update_date":"2026-05-03T02:07:27","atum_locations":[],"atum_stock_status":"instock","restock_status":false,"low_stock_amount":140,"sales_update_date":"2026-05-03T02:07:26","calc_backorders":null,"acf":[],"yoast_head":"<!-- This site is optimized with the Yoast SEO plugin v27.5 - https:\/\/yoast.com\/product\/yoast-seo-wordpress\/ -->\n<title>Halloween 2018 Michael Myers Mask | UK Stock, Mad About Horror<\/title>\n<meta name=\"description\" content=\"Halloween 2018 Michael Myers Mask. Official UK Stockist of Trick or Treat Studios. Shop Horror collectibles and Halloween props. UK Stock\" \/>\n<meta name=\"robots\" content=\"index, follow, max-snippet:-1, max-image-preview:large, max-video-preview:-1\" \/>\n<link rel=\"canonical\" href=\"https:\/\/madabouthorror.co.uk\/de\/product\/halloween-2018-michael-myers-mask\/\" \/>\n<meta property=\"og:locale\" content=\"de_DE\" \/>\n<meta property=\"og:type\" content=\"article\" \/>\n<meta property=\"og:title\" content=\"Halloween 2018 Michael Myers Mask | UK Stock, Mad About Horror\" \/>\n<meta property=\"og:description\" content=\"Halloween 2018 Michael Myers Mask. Official UK Stockist of Trick or Treat Studios. Shop Horror collectibles and Halloween props. UK Stock\" \/>\n<meta property=\"og:url\" content=\"https:\/\/madabouthorror.co.uk\/de\/product\/halloween-2018-michael-myers-mask\/\" \/>\n<meta property=\"og:site_name\" content=\"Mad About Horror\" \/>\n<meta property=\"article:publisher\" content=\"https:\/\/www.facebook.com\/madabouthorror\/\" \/>\n<meta property=\"article:modified_time\" content=\"2026-05-01T14:03:48+00:00\" \/>\n<meta property=\"og:image\" content=\"https:\/\/madabouthorror.co.uk\/wp-content\/uploads\/2019\/05\/87185857_3.jpg\" \/>\n\t<meta property=\"og:image:width\" content=\"1000\" \/>\n\t<meta property=\"og:image:height\" content=\"1000\" \/>\n\t<meta property=\"og:image:type\" content=\"image\/jpeg\" \/>\n<meta name=\"twitter:card\" content=\"summary_large_image\" \/>\n<meta name=\"twitter:label1\" content=\"Gesch\u00e4tzte Lesezeit\" \/>\n\t<meta name=\"twitter:data1\" content=\"1\u00a0Minute\" \/>\n<script type=\"application\/ld+json\" class=\"yoast-schema-graph\">{\"@context\":\"https:\\\/\\\/schema.org\",\"@graph\":[{\"@type\":[\"WebPage\",\"ItemPage\"],\"@id\":\"https:\\\/\\\/madabouthorror.co.uk\\\/product\\\/halloween-2018-michael-myers-mask\\\/\",\"url\":\"https:\\\/\\\/madabouthorror.co.uk\\\/product\\\/halloween-2018-michael-myers-mask\\\/\",\"name\":\"Halloween 2018 Michael Myers Mask | UK Stock, Mad About Horror\",\"isPartOf\":{\"@id\":\"https:\\\/\\\/madabouthorror.co.uk\\\/#website\"},\"primaryImageOfPage\":{\"@id\":\"https:\\\/\\\/madabouthorror.co.uk\\\/product\\\/halloween-2018-michael-myers-mask\\\/#primaryimage\"},\"image\":{\"@id\":\"https:\\\/\\\/madabouthorror.co.uk\\\/product\\\/halloween-2018-michael-myers-mask\\\/#primaryimage\"},\"thumbnailUrl\":\"https:\\\/\\\/madabouthorror.co.uk\\\/wp-content\\\/uploads\\\/2019\\\/05\\\/87185857_3.jpg\",\"datePublished\":\"2019-05-08T14:38:45+00:00\",\"dateModified\":\"2026-05-01T14:03:48+00:00\",\"description\":\"Halloween 2018 Michael Myers Mask. Official UK Stockist of Trick or Treat Studios. Shop Horror collectibles and Halloween props. UK Stock\",\"breadcrumb\":{\"@id\":\"https:\\\/\\\/madabouthorror.co.uk\\\/product\\\/halloween-2018-michael-myers-mask\\\/#breadcrumb\"},\"inLanguage\":\"de\",\"potentialAction\":[{\"@type\":\"ReadAction\",\"target\":[\"https:\\\/\\\/madabouthorror.co.uk\\\/product\\\/halloween-2018-michael-myers-mask\\\/\"]}]},{\"@type\":\"ImageObject\",\"inLanguage\":\"de\",\"@id\":\"https:\\\/\\\/madabouthorror.co.uk\\\/product\\\/halloween-2018-michael-myers-mask\\\/#primaryimage\",\"url\":\"https:\\\/\\\/madabouthorror.co.uk\\\/wp-content\\\/uploads\\\/2019\\\/05\\\/87185857_3.jpg\",\"contentUrl\":\"https:\\\/\\\/madabouthorror.co.uk\\\/wp-content\\\/uploads\\\/2019\\\/05\\\/87185857_3.jpg\",\"width\":1000,\"height\":1000,\"caption\":\"Halloween 2018 Michael Myers Mask-0\"},{\"@type\":\"BreadcrumbList\",\"@id\":\"https:\\\/\\\/madabouthorror.co.uk\\\/product\\\/halloween-2018-michael-myers-mask\\\/#breadcrumb\",\"itemListElement\":[{\"@type\":\"ListItem\",\"position\":1,\"name\":\"Shop\",\"item\":\"https:\\\/\\\/madabouthorror.co.uk\\\/shop\\\/\"},{\"@type\":\"ListItem\",\"position\":2,\"name\":\"Official Halloween 2018 &#8211; Michael Myers Mask\"}]},{\"@type\":\"WebSite\",\"@id\":\"https:\\\/\\\/madabouthorror.co.uk\\\/#website\",\"url\":\"https:\\\/\\\/madabouthorror.co.uk\\\/\",\"name\":\"Mad About Horror\",\"description\":\"\",\"publisher\":{\"@id\":\"https:\\\/\\\/madabouthorror.co.uk\\\/#organization\"},\"alternateName\":\"Mad About Horror Limited\",\"potentialAction\":[{\"@type\":\"SearchAction\",\"target\":{\"@type\":\"EntryPoint\",\"urlTemplate\":\"https:\\\/\\\/madabouthorror.co.uk\\\/?s={search_term_string}\"},\"query-input\":{\"@type\":\"PropertyValueSpecification\",\"valueRequired\":true,\"valueName\":\"search_term_string\"}}],\"inLanguage\":\"de\"},{\"@type\":\"Organization\",\"@id\":\"https:\\\/\\\/madabouthorror.co.uk\\\/#organization\",\"name\":\"Mad About Horror\",\"url\":\"https:\\\/\\\/madabouthorror.co.uk\\\/\",\"logo\":{\"@type\":\"ImageObject\",\"inLanguage\":\"de\",\"@id\":\"https:\\\/\\\/madabouthorror.co.uk\\\/#\\\/schema\\\/logo\\\/image\\\/\",\"url\":\"https:\\\/\\\/madabouthorror.co.uk\\\/wp-content\\\/uploads\\\/2024\\\/02\\\/cropped-Logo.png\",\"contentUrl\":\"https:\\\/\\\/madabouthorror.co.uk\\\/wp-content\\\/uploads\\\/2024\\\/02\\\/cropped-Logo.png\",\"width\":240,\"height\":88,\"caption\":\"Mad About Horror\"},\"image\":{\"@id\":\"https:\\\/\\\/madabouthorror.co.uk\\\/#\\\/schema\\\/logo\\\/image\\\/\"},\"sameAs\":[\"https:\\\/\\\/www.facebook.com\\\/madabouthorror\\\/\",\"https:\\\/\\\/www.instagram.com\\\/madabouthorror\\\/\",\"https:\\\/\\\/www.pinterest.co.uk\\\/madabouthorror\\\/\",\"https:\\\/\\\/www.youtube.com\\\/channel\\\/UCBooLOIxjoQ89dj6T5lWm_w\",\"https:\\\/\\\/www.tiktok.com\\\/@weremadabouthorror\"]}]}<\/script>\n<!-- \/ Yoast SEO plugin. -->","yoast_head_json":{"title":"Halloween 2018 Michael Myers Maske | UK Lager, Mad About Horror","description":"Halloween 2018 Michael Myers Maske. Offizieller UK-H\u00e4ndler von Trick or Treat Studios. Shop Horror Sammlerst\u00fccke und Halloween Requisiten. UK Lager","robots":{"index":"index","follow":"follow","max-snippet":"max-snippet:-1","max-image-preview":"max-image-preview:large","max-video-preview":"max-video-preview:-1"},"canonical":"https:\/\/madabouthorror.co.uk\/de\/product\/halloween-2018-michael-myers-mask\/","og_locale":"de_DE","og_type":"article","og_title":"Halloween 2018 Michael Myers Mask | UK Stock, Mad About Horror","og_description":"Halloween 2018 Michael Myers Mask. Official UK Stockist of Trick or Treat Studios. Shop Horror collectibles and Halloween props. UK Stock","og_url":"https:\/\/madabouthorror.co.uk\/de\/product\/halloween-2018-michael-myers-mask\/","og_site_name":"Mad About Horror","article_publisher":"https:\/\/www.facebook.com\/madabouthorror\/","article_modified_time":"2026-05-01T14:03:48+00:00","og_image":[{"width":1000,"height":1000,"url":"https:\/\/madabouthorror.co.uk\/wp-content\/uploads\/2019\/05\/87185857_3.jpg","type":"image\/jpeg"}],"twitter_card":"summary_large_image","twitter_misc":{"Gesch\u00e4tzte Lesezeit":"1\u00a0Minute"},"schema":{"@context":"https:\/\/schema.org","@graph":[{"@type":["WebPage","ItemPage"],"@id":"https:\/\/madabouthorror.co.uk\/product\/halloween-2018-michael-myers-mask\/","url":"https:\/\/madabouthorror.co.uk\/product\/halloween-2018-michael-myers-mask\/","name":"Halloween 2018 Michael Myers Maske | UK Lager, Mad About Horror","isPartOf":{"@id":"https:\/\/madabouthorror.co.uk\/#website"},"primaryImageOfPage":{"@id":"https:\/\/madabouthorror.co.uk\/product\/halloween-2018-michael-myers-mask\/#primaryimage"},"image":{"@id":"https:\/\/madabouthorror.co.uk\/product\/halloween-2018-michael-myers-mask\/#primaryimage"},"thumbnailUrl":"https:\/\/madabouthorror.co.uk\/wp-content\/uploads\/2019\/05\/87185857_3.jpg","datePublished":"2019-05-08T14:38:45+00:00","dateModified":"2026-05-01T14:03:48+00:00","description":"Halloween 2018 Michael Myers Maske. Offizieller UK-H\u00e4ndler von Trick or Treat Studios. Shop Horror Sammlerst\u00fccke und Halloween Requisiten. UK Lager","breadcrumb":{"@id":"https:\/\/madabouthorror.co.uk\/product\/halloween-2018-michael-myers-mask\/#breadcrumb"},"inLanguage":"de","potentialAction":[{"@type":"ReadAction","target":["https:\/\/madabouthorror.co.uk\/product\/halloween-2018-michael-myers-mask\/"]}]},{"@type":"ImageObject","inLanguage":"de","@id":"https:\/\/madabouthorror.co.uk\/product\/halloween-2018-michael-myers-mask\/#primaryimage","url":"https:\/\/madabouthorror.co.uk\/wp-content\/uploads\/2019\/05\/87185857_3.jpg","contentUrl":"https:\/\/madabouthorror.co.uk\/wp-content\/uploads\/2019\/05\/87185857_3.jpg","width":1000,"height":1000,"caption":"Halloween 2018 Michael Myers Mask-0"},{"@type":"BreadcrumbList","@id":"https:\/\/madabouthorror.co.uk\/product\/halloween-2018-michael-myers-mask\/#breadcrumb","itemListElement":[{"@type":"ListItem","position":1,"name":"Shop","item":"https:\/\/madabouthorror.co.uk\/shop\/"},{"@type":"ListItem","position":2,"name":"Official Halloween 2018 &#8211; Michael Myers Mask"}]},{"@type":"WebSite","@id":"https:\/\/madabouthorror.co.uk\/#website","url":"https:\/\/madabouthorror.co.uk\/","name":"Verr\u00fcckt nach Horror","description":"","publisher":{"@id":"https:\/\/madabouthorror.co.uk\/#organization"},"alternateName":"Mad About Horror Limited","potentialAction":[{"@type":"SearchAction","target":{"@type":"EntryPoint","urlTemplate":"https:\/\/madabouthorror.co.uk\/?s={search_term_string}"},"query-input":{"@type":"PropertyValueSpecification","valueRequired":true,"valueName":"search_term_string"}}],"inLanguage":"de"},{"@type":"Organization","@id":"https:\/\/madabouthorror.co.uk\/#organization","name":"Verr\u00fcckt nach Horror","url":"https:\/\/madabouthorror.co.uk\/","logo":{"@type":"ImageObject","inLanguage":"de","@id":"https:\/\/madabouthorror.co.uk\/#\/schema\/logo\/image\/","url":"https:\/\/madabouthorror.co.uk\/wp-content\/uploads\/2024\/02\/cropped-Logo.png","contentUrl":"https:\/\/madabouthorror.co.uk\/wp-content\/uploads\/2024\/02\/cropped-Logo.png","width":240,"height":88,"caption":"Mad About Horror"},"image":{"@id":"https:\/\/madabouthorror.co.uk\/#\/schema\/logo\/image\/"},"sameAs":["https:\/\/www.facebook.com\/madabouthorror\/","https:\/\/www.instagram.com\/madabouthorror\/","https:\/\/www.pinterest.co.uk\/madabouthorror\/","https:\/\/www.youtube.com\/channel\/UCBooLOIxjoQ89dj6T5lWm_w","https:\/\/www.tiktok.com\/@weremadabouthorror"]}]}},"df_price":64.95,"df_sale_price":"","df_regular_price":64.95,"df_image_link":"https:\/\/madabouthorror.co.uk\/wp-content\/uploads\/2019\/05\/87185857_3-300x300.jpg","_links":{"self":[{"href":"https:\/\/madabouthorror.co.uk\/de\/wp-json\/wp\/v2\/product\/40066","targetHints":{"allow":["GET"]}}],"collection":[{"href":"https:\/\/madabouthorror.co.uk\/de\/wp-json\/wp\/v2\/product"}],"about":[{"href":"https:\/\/madabouthorror.co.uk\/de\/wp-json\/wp\/v2\/types\/product"}],"replies":[{"embeddable":true,"href":"https:\/\/madabouthorror.co.uk\/de\/wp-json\/wp\/v2\/comments?post=40066"}],"wp:featuredmedia":[{"embeddable":true,"href":"https:\/\/madabouthorror.co.uk\/de\/wp-json\/wp\/v2\/media\/40061"}],"wp:attachment":[{"href":"https:\/\/madabouthorror.co.uk\/de\/wp-json\/wp\/v2\/media?parent=40066"}],"wp:term":[{"taxonomy":"product_brand","embeddable":true,"href":"https:\/\/madabouthorror.co.uk\/de\/wp-json\/wp\/v2\/product_brand?post=40066"},{"taxonomy":"product_cat","embeddable":true,"href":"https:\/\/madabouthorror.co.uk\/de\/wp-json\/wp\/v2\/product_cat?post=40066"},{"taxonomy":"product_tag","embeddable":true,"href":"https:\/\/madabouthorror.co.uk\/de\/wp-json\/wp\/v2\/product_tag?post=40066"}],"curies":[{"name":"wp","href":"https:\/\/api.w.org\/{rel}","templated":true}]}}