{"id":40135,"date":"2023-08-09T15:23:32","date_gmt":"2023-08-09T14:23:32","guid":{"rendered":"https:\/\/mah.6bdv.ws\/product\/trick-or-treat-studios-child-s-play-2-good-guy-chucky-replica-doll\/"},"modified":"2026-04-16T17:08:39","modified_gmt":"2026-04-16T16:08:39","slug":"trick-or-treat-studios-child-s-play-2-good-guy-chucky-replica-doll","status":"publish","type":"product","link":"https:\/\/madabouthorror.co.uk\/de\/product\/trick-or-treat-studios-child-s-play-2-good-guy-chucky-replica-doll\/","title":{"rendered":"TOTS One to One Scale Good Guy Puppe"},"content":{"rendered":"<p>Offiziell lizenzierte Good Guy Chucky Replica Puppe. Dies ist eine Child's Play 2 Chucky Puppe im Eins-zu-Eins-Ma\u00dfstab von Trick or Treat Studios - die originalgetreueste <a href=\"https:\/\/madabouthorror.co.uk\/de\/c\/movie\/childsplaychucky\/\">Ein Kinderspiel\u00a0<\/a> Produkt, das jemals hergestellt wurde. Jedes Detail dieser Puppe wurde sorgf\u00e4ltig aus echten, vom Bildschirm verwendeten Formen hergestellt, einschlie\u00dflich der Kleidung, die mit authentischen, vom Bildschirm verwendeten Mustern repliziert wurde.<\/p>\n<p>Der K\u00f6rper der Puppe besteht aus einem Drahtrahmen, der mit weichem, flexiblem Schaumstoff ummantelt ist, so dass die Pose individuell angepasst werden kann. Diese offiziell lizenzierte Chucky-Puppe wird in einer Good Guys-Box geliefert, die f\u00fcr zus\u00e4tzliche Authentizit\u00e4t sorgt.<\/p>\n<p>Erweitern Sie Ihre Sammlung mit erh\u00e4ltlichem Zubeh\u00f6r wie Batterie-Repliken und einem Helm, die Sie zusammen mit Ihrer Child's Play 2 Puppe im Eins-zu-Eins-Ma\u00dfstab bestellen k\u00f6nnen. Besitzen Sie ein wahres St\u00fcck Horrorgeschichte mit dieser bemerkenswerten und originalgetreuen Good Guy Chucky Replica Doll.<\/p>\n<p><em>Seed of Chucky ist ein Warenzeichen und Copyright von Universal Studios. Lizensiert durch Universal Studios LLC. Alle Rechte vorbehalten.<\/em><\/p>\n<p><span style=\"text-decoration: underline;\"><strong>HAFTUNGSAUSSCHLUSS - BITTE LESEN<\/strong><\/span><\/p>\n<p>Obwohl wir uns bem\u00fchen, die Ware sorgf\u00e4ltig zu verpacken, k\u00f6nnen wir bei internationalen Sendungen nicht garantieren, dass der Karton unbesch\u00e4digt ankommt. Leider sind wir nicht in der Lage, Ersatz zu liefern oder Anspr\u00fcche f\u00fcr Sch\u00e4den dieser Art zu bearbeiten. Unserer Erfahrung nach werden die Puppen selbst w\u00e4hrend des Transports normalerweise nicht besch\u00e4digt.<\/p>\n<p>Wenn der Zustand des Kartons f\u00fcr Sie entscheidend ist, \u00fcberlegen Sie bitte, ob dieser Kauf f\u00fcr Sie geeignet ist.<\/p>\n<p><strong>Bitte beachten Sie<\/strong> diese Nachbildungen im Ma\u00dfstab 1:1 sind Ausstellungsst\u00fccke f\u00fcr Sammler. Sie verf\u00fcgen \u00fcber einen flexiblen Drahtrahmen und eine dichte Schaumstoffauflage f\u00fcr den K\u00f6rper, die f\u00fcr sanftes Posieren ausgelegt ist. Wiederholtes oder extremes Posieren kann zu Rissen im Schaumstoff f\u00fchren. Diese Risse beschleunigen jedoch nicht den Verfall des Schaums und stellen kein strukturelles Problem dar.<\/p>","protected":false},"excerpt":{"rendered":"<p>Offiziell lizenzierte Good Guy Chucky Replica Puppe. Dies ist eine Child's Play 2 Chucky Puppe im Ma\u00dfstab 1:1 von Trick or Treat Studios - das originalgetreueste Child's Play Produkt, das je hergestellt wurde. Jedes Detail dieser Puppe wurde akribisch aus den tats\u00e4chlichen Formen des Films hergestellt, einschlie\u00dflich der Kleidung, die mit authentischen Mustern aus dem Film nachgebildet wurde. Der K\u00f6rper der Puppe ist mit einem [...]<\/p>","protected":false},"featured_media":40130,"comment_status":"closed","ping_status":"closed","template":"","meta":{"_acf_changed":false},"product_brand":[],"product_cat":[10133,10129,10134,10076,10093,9946,6537,10107,10038,6547,6728,9924,6792],"product_tag":[],"class_list":{"0":"post-40135","1":"product","2":"type-product","3":"status-publish","4":"has-post-thumbnail","6":"product_cat-chucky-dolls-childs-play","7":"product_cat-main-gift","8":"product_cat-official-replica-dolls-accessories","9":"product_cat-replica-dolls-props","10":"product_cat-indoor-halloween-decorations","11":"product_cat-replica-dolls","12":"product_cat-collectibles","13":"product_cat-licensed-halloween-decorations","14":"product_cat-horror-gifts","15":"product_cat-decorations","16":"product_cat-premium","17":"product_cat-trick-or-treat-studios-last-chance","18":"product_cat-trick-or-treat-studios","19":"product_shipping_class-props","21":"first","22":"outofstock","23":"taxable","24":"shipping-taxable","25":"purchasable","26":"product-type-simple"},"supplier_id":471029,"supplier_sku":"GZUS102-D","barcode":"811501030003","atum_controlled":true,"out_stock_date":"2026-04-10 09:31:48","out_stock_threshold":null,"inheritable":false,"inbound_stock":0,"stock_on_hold":0,"sold_today":0,"sales_last_days":1,"reserved_stock":0,"customer_returns":0,"warehouse_damage":0,"lost_in_post":0,"other_logs":0,"out_stock_days":7,"lost_sales":0,"has_location":false,"update_date":"2026-04-18T02:03:40","atum_locations":[],"atum_stock_status":"outofstock","restock_status":false,"low_stock_amount":"","sales_update_date":"2026-04-18T02:03:39","calc_backorders":null,"acf":[],"yoast_head":"<!-- This site is optimized with the Yoast SEO plugin v27.4 - https:\/\/yoast.com\/product\/yoast-seo-wordpress\/ -->\n<title>Good Guy Chucky Replica Doll | One to One Scale | Mad About Horror<\/title>\n<meta name=\"description\" content=\"Official 1:1 Scale Good Guy Chucky Replica Doll from Child Play 2 by Trick or Treat Studios. Available online from Mad About Horror. Official UK stockist.\" \/>\n<meta name=\"robots\" content=\"index, follow, max-snippet:-1, max-image-preview:large, max-video-preview:-1\" \/>\n<link rel=\"canonical\" href=\"https:\/\/madabouthorror.co.uk\/de\/product\/trick-or-treat-studios-child-s-play-2-good-guy-chucky-replica-doll\/\" \/>\n<meta property=\"og:locale\" content=\"de_DE\" \/>\n<meta property=\"og:type\" content=\"article\" \/>\n<meta property=\"og:title\" content=\"Good Guy Chucky Replica Doll | One to One Scale | Mad About Horror\" \/>\n<meta property=\"og:description\" content=\"Official 1:1 Scale Good Guy Chucky Replica Doll from Child Play 2 by Trick or Treat Studios. Available online from Mad About Horror. Official UK stockist.\" \/>\n<meta property=\"og:url\" content=\"https:\/\/madabouthorror.co.uk\/de\/product\/trick-or-treat-studios-child-s-play-2-good-guy-chucky-replica-doll\/\" \/>\n<meta property=\"og:site_name\" content=\"Mad About Horror\" \/>\n<meta property=\"article:publisher\" content=\"https:\/\/www.facebook.com\/madabouthorror\/\" \/>\n<meta property=\"article:modified_time\" content=\"2026-04-16T16:08:39+00:00\" \/>\n<meta property=\"og:image\" content=\"https:\/\/madabouthorror.co.uk\/wp-content\/uploads\/2019\/05\/118238019_3.jpg\" \/>\n\t<meta property=\"og:image:width\" content=\"1000\" \/>\n\t<meta property=\"og:image:height\" content=\"1000\" \/>\n\t<meta property=\"og:image:type\" content=\"image\/jpeg\" \/>\n<meta name=\"twitter:card\" content=\"summary_large_image\" \/>\n<meta name=\"twitter:label1\" content=\"Gesch\u00e4tzte Lesezeit\" \/>\n\t<meta name=\"twitter:data1\" content=\"2\u00a0Minuten\" \/>\n<script type=\"application\/ld+json\" class=\"yoast-schema-graph\">{\"@context\":\"https:\\\/\\\/schema.org\",\"@graph\":[{\"@type\":[\"WebPage\",\"ItemPage\"],\"@id\":\"https:\\\/\\\/madabouthorror.co.uk\\\/product\\\/trick-or-treat-studios-child-s-play-2-good-guy-chucky-replica-doll\\\/\",\"url\":\"https:\\\/\\\/madabouthorror.co.uk\\\/product\\\/trick-or-treat-studios-child-s-play-2-good-guy-chucky-replica-doll\\\/\",\"name\":\"Good Guy Chucky Replica Doll | One to One Scale | Mad About Horror\",\"isPartOf\":{\"@id\":\"https:\\\/\\\/madabouthorror.co.uk\\\/#website\"},\"primaryImageOfPage\":{\"@id\":\"https:\\\/\\\/madabouthorror.co.uk\\\/product\\\/trick-or-treat-studios-child-s-play-2-good-guy-chucky-replica-doll\\\/#primaryimage\"},\"image\":{\"@id\":\"https:\\\/\\\/madabouthorror.co.uk\\\/product\\\/trick-or-treat-studios-child-s-play-2-good-guy-chucky-replica-doll\\\/#primaryimage\"},\"thumbnailUrl\":\"https:\\\/\\\/madabouthorror.co.uk\\\/wp-content\\\/uploads\\\/2019\\\/05\\\/118238019_3.jpg\",\"datePublished\":\"2023-08-09T14:23:32+00:00\",\"dateModified\":\"2026-04-16T16:08:39+00:00\",\"description\":\"Official 1:1 Scale Good Guy Chucky Replica Doll from Child Play 2 by Trick or Treat Studios. Available online from Mad About Horror. Official UK stockist.\",\"breadcrumb\":{\"@id\":\"https:\\\/\\\/madabouthorror.co.uk\\\/product\\\/trick-or-treat-studios-child-s-play-2-good-guy-chucky-replica-doll\\\/#breadcrumb\"},\"inLanguage\":\"de\",\"potentialAction\":[{\"@type\":\"ReadAction\",\"target\":[\"https:\\\/\\\/madabouthorror.co.uk\\\/product\\\/trick-or-treat-studios-child-s-play-2-good-guy-chucky-replica-doll\\\/\"]}]},{\"@type\":\"ImageObject\",\"inLanguage\":\"de\",\"@id\":\"https:\\\/\\\/madabouthorror.co.uk\\\/product\\\/trick-or-treat-studios-child-s-play-2-good-guy-chucky-replica-doll\\\/#primaryimage\",\"url\":\"https:\\\/\\\/madabouthorror.co.uk\\\/wp-content\\\/uploads\\\/2019\\\/05\\\/118238019_3.jpg\",\"contentUrl\":\"https:\\\/\\\/madabouthorror.co.uk\\\/wp-content\\\/uploads\\\/2019\\\/05\\\/118238019_3.jpg\",\"width\":1000,\"height\":1000,\"caption\":\"Child's Play 2 -\u00a0One To One Scale Good Guys Chucky Doll, by\u00a0Trick or Treat Studios\"},{\"@type\":\"BreadcrumbList\",\"@id\":\"https:\\\/\\\/madabouthorror.co.uk\\\/product\\\/trick-or-treat-studios-child-s-play-2-good-guy-chucky-replica-doll\\\/#breadcrumb\",\"itemListElement\":[{\"@type\":\"ListItem\",\"position\":1,\"name\":\"Shop\",\"item\":\"https:\\\/\\\/madabouthorror.co.uk\\\/shop\\\/\"},{\"@type\":\"ListItem\",\"position\":2,\"name\":\"TOTS One to One Scale Good Guy Doll\"}]},{\"@type\":\"WebSite\",\"@id\":\"https:\\\/\\\/madabouthorror.co.uk\\\/#website\",\"url\":\"https:\\\/\\\/madabouthorror.co.uk\\\/\",\"name\":\"Mad About Horror\",\"description\":\"\",\"publisher\":{\"@id\":\"https:\\\/\\\/madabouthorror.co.uk\\\/#organization\"},\"alternateName\":\"Mad About Horror Limited\",\"potentialAction\":[{\"@type\":\"SearchAction\",\"target\":{\"@type\":\"EntryPoint\",\"urlTemplate\":\"https:\\\/\\\/madabouthorror.co.uk\\\/?s={search_term_string}\"},\"query-input\":{\"@type\":\"PropertyValueSpecification\",\"valueRequired\":true,\"valueName\":\"search_term_string\"}}],\"inLanguage\":\"de\"},{\"@type\":\"Organization\",\"@id\":\"https:\\\/\\\/madabouthorror.co.uk\\\/#organization\",\"name\":\"Mad About Horror\",\"url\":\"https:\\\/\\\/madabouthorror.co.uk\\\/\",\"logo\":{\"@type\":\"ImageObject\",\"inLanguage\":\"de\",\"@id\":\"https:\\\/\\\/madabouthorror.co.uk\\\/#\\\/schema\\\/logo\\\/image\\\/\",\"url\":\"https:\\\/\\\/madabouthorror.co.uk\\\/wp-content\\\/uploads\\\/2024\\\/02\\\/cropped-Logo.png\",\"contentUrl\":\"https:\\\/\\\/madabouthorror.co.uk\\\/wp-content\\\/uploads\\\/2024\\\/02\\\/cropped-Logo.png\",\"width\":240,\"height\":88,\"caption\":\"Mad About Horror\"},\"image\":{\"@id\":\"https:\\\/\\\/madabouthorror.co.uk\\\/#\\\/schema\\\/logo\\\/image\\\/\"},\"sameAs\":[\"https:\\\/\\\/www.facebook.com\\\/madabouthorror\\\/\",\"https:\\\/\\\/www.instagram.com\\\/madabouthorror\\\/\",\"https:\\\/\\\/www.pinterest.co.uk\\\/madabouthorror\\\/\",\"https:\\\/\\\/www.youtube.com\\\/channel\\\/UCBooLOIxjoQ89dj6T5lWm_w\",\"https:\\\/\\\/www.tiktok.com\\\/@weremadabouthorror\"]}]}<\/script>\n<!-- \/ Yoast SEO plugin. -->","yoast_head_json":{"title":"Good Guy Chucky Replik Puppe | Eins zu Eins Ma\u00dfstab | Mad About Horror","description":"Offizielle 1:1 Scale Good Guy Chucky Replica Doll von Child Play 2 von Trick or Treat Studios. Online erh\u00e4ltlich bei Mad About Horror. Offizieller UK-H\u00e4ndler.","robots":{"index":"index","follow":"follow","max-snippet":"max-snippet:-1","max-image-preview":"max-image-preview:large","max-video-preview":"max-video-preview:-1"},"canonical":"https:\/\/madabouthorror.co.uk\/de\/product\/trick-or-treat-studios-child-s-play-2-good-guy-chucky-replica-doll\/","og_locale":"de_DE","og_type":"article","og_title":"Good Guy Chucky Replica Doll | One to One Scale | Mad About Horror","og_description":"Official 1:1 Scale Good Guy Chucky Replica Doll from Child Play 2 by Trick or Treat Studios. Available online from Mad About Horror. Official UK stockist.","og_url":"https:\/\/madabouthorror.co.uk\/de\/product\/trick-or-treat-studios-child-s-play-2-good-guy-chucky-replica-doll\/","og_site_name":"Mad About Horror","article_publisher":"https:\/\/www.facebook.com\/madabouthorror\/","article_modified_time":"2026-04-16T16:08:39+00:00","og_image":[{"width":1000,"height":1000,"url":"https:\/\/madabouthorror.co.uk\/wp-content\/uploads\/2019\/05\/118238019_3.jpg","type":"image\/jpeg"}],"twitter_card":"summary_large_image","twitter_misc":{"Gesch\u00e4tzte Lesezeit":"2\u00a0Minuten"},"schema":{"@context":"https:\/\/schema.org","@graph":[{"@type":["WebPage","ItemPage"],"@id":"https:\/\/madabouthorror.co.uk\/product\/trick-or-treat-studios-child-s-play-2-good-guy-chucky-replica-doll\/","url":"https:\/\/madabouthorror.co.uk\/product\/trick-or-treat-studios-child-s-play-2-good-guy-chucky-replica-doll\/","name":"Good Guy Chucky Replik Puppe | Eins zu Eins Ma\u00dfstab | Mad About Horror","isPartOf":{"@id":"https:\/\/madabouthorror.co.uk\/#website"},"primaryImageOfPage":{"@id":"https:\/\/madabouthorror.co.uk\/product\/trick-or-treat-studios-child-s-play-2-good-guy-chucky-replica-doll\/#primaryimage"},"image":{"@id":"https:\/\/madabouthorror.co.uk\/product\/trick-or-treat-studios-child-s-play-2-good-guy-chucky-replica-doll\/#primaryimage"},"thumbnailUrl":"https:\/\/madabouthorror.co.uk\/wp-content\/uploads\/2019\/05\/118238019_3.jpg","datePublished":"2023-08-09T14:23:32+00:00","dateModified":"2026-04-16T16:08:39+00:00","description":"Offizielle 1:1 Scale Good Guy Chucky Replica Doll von Child Play 2 von Trick or Treat Studios. Online erh\u00e4ltlich bei Mad About Horror. Offizieller UK-H\u00e4ndler.","breadcrumb":{"@id":"https:\/\/madabouthorror.co.uk\/product\/trick-or-treat-studios-child-s-play-2-good-guy-chucky-replica-doll\/#breadcrumb"},"inLanguage":"de","potentialAction":[{"@type":"ReadAction","target":["https:\/\/madabouthorror.co.uk\/product\/trick-or-treat-studios-child-s-play-2-good-guy-chucky-replica-doll\/"]}]},{"@type":"ImageObject","inLanguage":"de","@id":"https:\/\/madabouthorror.co.uk\/product\/trick-or-treat-studios-child-s-play-2-good-guy-chucky-replica-doll\/#primaryimage","url":"https:\/\/madabouthorror.co.uk\/wp-content\/uploads\/2019\/05\/118238019_3.jpg","contentUrl":"https:\/\/madabouthorror.co.uk\/wp-content\/uploads\/2019\/05\/118238019_3.jpg","width":1000,"height":1000,"caption":"Child's Play 2 -\u00a0One To One Scale Good Guys Chucky Doll, by\u00a0Trick or Treat Studios"},{"@type":"BreadcrumbList","@id":"https:\/\/madabouthorror.co.uk\/product\/trick-or-treat-studios-child-s-play-2-good-guy-chucky-replica-doll\/#breadcrumb","itemListElement":[{"@type":"ListItem","position":1,"name":"Shop","item":"https:\/\/madabouthorror.co.uk\/shop\/"},{"@type":"ListItem","position":2,"name":"TOTS One to One Scale Good Guy Doll"}]},{"@type":"WebSite","@id":"https:\/\/madabouthorror.co.uk\/#website","url":"https:\/\/madabouthorror.co.uk\/","name":"Verr\u00fcckt nach Horror","description":"","publisher":{"@id":"https:\/\/madabouthorror.co.uk\/#organization"},"alternateName":"Mad About Horror Limited","potentialAction":[{"@type":"SearchAction","target":{"@type":"EntryPoint","urlTemplate":"https:\/\/madabouthorror.co.uk\/?s={search_term_string}"},"query-input":{"@type":"PropertyValueSpecification","valueRequired":true,"valueName":"search_term_string"}}],"inLanguage":"de"},{"@type":"Organization","@id":"https:\/\/madabouthorror.co.uk\/#organization","name":"Verr\u00fcckt nach Horror","url":"https:\/\/madabouthorror.co.uk\/","logo":{"@type":"ImageObject","inLanguage":"de","@id":"https:\/\/madabouthorror.co.uk\/#\/schema\/logo\/image\/","url":"https:\/\/madabouthorror.co.uk\/wp-content\/uploads\/2024\/02\/cropped-Logo.png","contentUrl":"https:\/\/madabouthorror.co.uk\/wp-content\/uploads\/2024\/02\/cropped-Logo.png","width":240,"height":88,"caption":"Mad About Horror"},"image":{"@id":"https:\/\/madabouthorror.co.uk\/#\/schema\/logo\/image\/"},"sameAs":["https:\/\/www.facebook.com\/madabouthorror\/","https:\/\/www.instagram.com\/madabouthorror\/","https:\/\/www.pinterest.co.uk\/madabouthorror\/","https:\/\/www.youtube.com\/channel\/UCBooLOIxjoQ89dj6T5lWm_w","https:\/\/www.tiktok.com\/@weremadabouthorror"]}]}},"df_price":729.12,"df_sale_price":"","df_regular_price":729.12,"df_image_link":"https:\/\/madabouthorror.co.uk\/wp-content\/uploads\/2019\/05\/118238019_3-300x300.jpg","_links":{"self":[{"href":"https:\/\/madabouthorror.co.uk\/de\/wp-json\/wp\/v2\/product\/40135","targetHints":{"allow":["GET"]}}],"collection":[{"href":"https:\/\/madabouthorror.co.uk\/de\/wp-json\/wp\/v2\/product"}],"about":[{"href":"https:\/\/madabouthorror.co.uk\/de\/wp-json\/wp\/v2\/types\/product"}],"replies":[{"embeddable":true,"href":"https:\/\/madabouthorror.co.uk\/de\/wp-json\/wp\/v2\/comments?post=40135"}],"wp:featuredmedia":[{"embeddable":true,"href":"https:\/\/madabouthorror.co.uk\/de\/wp-json\/wp\/v2\/media\/40130"}],"wp:attachment":[{"href":"https:\/\/madabouthorror.co.uk\/de\/wp-json\/wp\/v2\/media?parent=40135"}],"wp:term":[{"taxonomy":"product_brand","embeddable":true,"href":"https:\/\/madabouthorror.co.uk\/de\/wp-json\/wp\/v2\/product_brand?post=40135"},{"taxonomy":"product_cat","embeddable":true,"href":"https:\/\/madabouthorror.co.uk\/de\/wp-json\/wp\/v2\/product_cat?post=40135"},{"taxonomy":"product_tag","embeddable":true,"href":"https:\/\/madabouthorror.co.uk\/de\/wp-json\/wp\/v2\/product_tag?post=40135"}],"curies":[{"name":"wp","href":"https:\/\/api.w.org\/{rel}","templated":true}]}}