{"id":40273,"date":"2019-05-08T15:38:46","date_gmt":"2019-05-08T14:38:46","guid":{"rendered":"https:\/\/mah.6bdv.ws\/product\/neca-nightmare-on-elm-street-ultimate-freddy-30th-anniversary-figure\/"},"modified":"2026-04-14T11:53:24","modified_gmt":"2026-04-14T10:53:24","slug":"neca-nightmare-on-elm-street-ultimate-freddy-30th-anniversary-figure","status":"publish","type":"product","link":"https:\/\/madabouthorror.co.uk\/de\/product\/neca-nightmare-on-elm-street-ultimate-freddy-30th-anniversary-figure\/","title":{"rendered":"NECA Nightmare on Elm Street - Freddy Krueger Ultimate 7\u2033 Scale Action Figur"},"content":{"rendered":"<p>NECA pr\u00e4sentiert die ultimative Freddy Krueger-Figur, wie er erstmals im Klassiker von 1984 auftauchte. Freddy ist fast 7\u2033 gro\u00df und verf\u00fcgt \u00fcber einen voll beweglichen Unterk\u00f6rper mit kugelgelagerten Oberschenkeln und Knien.<\/p>\n<p>Die Figur wird mit 3 austauschbaren K\u00f6pfen geliefert, darunter ein geschlossener Mund, eine Grimasse mit offenem Mund und ein Sch\u00e4delgesicht. Er verf\u00fcgt \u00fcber eine austauschbare linke Hand mit 2 abgeschnittenen Fingern und beinhaltet eine Totenhautmaske, ein Zungentelefon und seinen treuen Filzhut.<\/p>\n<p>Diese Freddy-Figur ist vollgepackt mit Funktionen, Details und Beweglichkeiten! Sammlerfreundliche Fensterbox-Verpackung mit \u00d6ffnungsklappe.<\/p>","protected":false},"excerpt":{"rendered":"<p>NECA pr\u00e4sentiert die ultimative Freddy Krueger Figur, wie er erstmals im Klassiker von 1984 auftrat. Freddy ist knapp 18 cm gro\u00df und verf\u00fcgt \u00fcber einen voll beweglichen Unterk\u00f6rper mit Kugelgelenken an Oberschenkeln und Knien. Die Figur wird mit 3 austauschbaren K\u00f6pfen geliefert, darunter geschlossener Mund, grinsender offener Mund und Totenkopfgesicht. Er verf\u00fcgt \u00fcber eine austauschbare linke Hand mit [\u2026]<\/p>","protected":false},"featured_media":40261,"comment_status":"closed","ping_status":"closed","template":"","meta":{"_acf_changed":false},"product_brand":[],"product_cat":[6538,6781,6537,10038,9935,6793,6631],"product_tag":[],"class_list":{"0":"post-40273","1":"product","2":"type-product","3":"status-publish","4":"has-post-thumbnail","6":"product_cat-figures","7":"product_cat-freddy-krueger","8":"product_cat-collectibles","9":"product_cat-horror-gifts","10":"product_cat-neca-ultimates","11":"product_cat-neca","12":"product_cat-nightmareonelmstreet","13":"product_shipping_class-small-parcel-economy-3-5-business-days","15":"first","16":"instock","17":"taxable","18":"shipping-taxable","19":"purchasable","20":"product-type-simple"},"supplier_id":467442,"supplier_sku":"39759","barcode":"634482000000","atum_controlled":true,"out_stock_date":null,"out_stock_threshold":null,"inheritable":false,"inbound_stock":0,"stock_on_hold":0,"sold_today":0,"sales_last_days":1,"reserved_stock":0,"customer_returns":0,"warehouse_damage":0,"lost_in_post":0,"other_logs":0,"out_stock_days":0,"lost_sales":0,"has_location":false,"update_date":"2026-04-15T01:57:14","atum_locations":[],"atum_stock_status":"instock","restock_status":false,"low_stock_amount":2,"sales_update_date":"2026-04-15T01:57:13","calc_backorders":null,"acf":[],"yoast_head":"<!-- This site is optimized with the Yoast SEO plugin v27.4 - https:\/\/yoast.com\/product\/yoast-seo-wordpress\/ -->\n<title>NECA Nightmare on Elm Street - Freddy Krueger Ultimate Figure<\/title>\n<meta name=\"description\" content=\"NECA Nightmare on Elm Street Ultimate Freddy 30th Anniversary Figure. Available NOW in the UK from Mad About Horror. Buy online or call 01482 935936.\" \/>\n<meta name=\"robots\" content=\"index, follow, max-snippet:-1, max-image-preview:large, max-video-preview:-1\" \/>\n<link rel=\"canonical\" href=\"https:\/\/madabouthorror.co.uk\/de\/product\/neca-nightmare-on-elm-street-ultimate-freddy-30th-anniversary-figure\/\" \/>\n<meta property=\"og:locale\" content=\"de_DE\" \/>\n<meta property=\"og:type\" content=\"article\" \/>\n<meta property=\"og:title\" content=\"NECA Nightmare on Elm Street - Freddy Krueger Ultimate Figure\" \/>\n<meta property=\"og:description\" content=\"NECA Nightmare on Elm Street Ultimate Freddy 30th Anniversary Figure. Available NOW in the UK from Mad About Horror. Buy online or call 01482 935936.\" \/>\n<meta property=\"og:url\" content=\"https:\/\/madabouthorror.co.uk\/de\/product\/neca-nightmare-on-elm-street-ultimate-freddy-30th-anniversary-figure\/\" \/>\n<meta property=\"og:site_name\" content=\"Mad About Horror\" \/>\n<meta property=\"article:publisher\" content=\"https:\/\/www.facebook.com\/madabouthorror\/\" \/>\n<meta property=\"article:modified_time\" content=\"2026-04-14T10:53:24+00:00\" \/>\n<meta property=\"og:image\" content=\"https:\/\/madabouthorror.co.uk\/wp-content\/uploads\/2019\/05\/86950857_3.jpg\" \/>\n\t<meta property=\"og:image:width\" content=\"1000\" \/>\n\t<meta property=\"og:image:height\" content=\"1000\" \/>\n\t<meta property=\"og:image:type\" content=\"image\/jpeg\" \/>\n<meta name=\"twitter:card\" content=\"summary_large_image\" \/>\n<meta name=\"twitter:label1\" content=\"Gesch\u00e4tzte Lesezeit\" \/>\n\t<meta name=\"twitter:data1\" content=\"1\u00a0Minute\" \/>\n<script type=\"application\/ld+json\" class=\"yoast-schema-graph\">{\"@context\":\"https:\\\/\\\/schema.org\",\"@graph\":[{\"@type\":[\"WebPage\",\"ItemPage\"],\"@id\":\"https:\\\/\\\/madabouthorror.co.uk\\\/product\\\/neca-nightmare-on-elm-street-ultimate-freddy-30th-anniversary-figure\\\/\",\"url\":\"https:\\\/\\\/madabouthorror.co.uk\\\/product\\\/neca-nightmare-on-elm-street-ultimate-freddy-30th-anniversary-figure\\\/\",\"name\":\"NECA Nightmare on Elm Street - Freddy Krueger Ultimate Figure\",\"isPartOf\":{\"@id\":\"https:\\\/\\\/madabouthorror.co.uk\\\/#website\"},\"primaryImageOfPage\":{\"@id\":\"https:\\\/\\\/madabouthorror.co.uk\\\/product\\\/neca-nightmare-on-elm-street-ultimate-freddy-30th-anniversary-figure\\\/#primaryimage\"},\"image\":{\"@id\":\"https:\\\/\\\/madabouthorror.co.uk\\\/product\\\/neca-nightmare-on-elm-street-ultimate-freddy-30th-anniversary-figure\\\/#primaryimage\"},\"thumbnailUrl\":\"https:\\\/\\\/madabouthorror.co.uk\\\/wp-content\\\/uploads\\\/2019\\\/05\\\/86950857_3.jpg\",\"datePublished\":\"2019-05-08T14:38:46+00:00\",\"dateModified\":\"2026-04-14T10:53:24+00:00\",\"description\":\"NECA Nightmare on Elm Street Ultimate Freddy 30th Anniversary Figure. Available NOW in the UK from Mad About Horror. Buy online or call 01482 935936.\",\"breadcrumb\":{\"@id\":\"https:\\\/\\\/madabouthorror.co.uk\\\/product\\\/neca-nightmare-on-elm-street-ultimate-freddy-30th-anniversary-figure\\\/#breadcrumb\"},\"inLanguage\":\"de\",\"potentialAction\":[{\"@type\":\"ReadAction\",\"target\":[\"https:\\\/\\\/madabouthorror.co.uk\\\/product\\\/neca-nightmare-on-elm-street-ultimate-freddy-30th-anniversary-figure\\\/\"]}]},{\"@type\":\"ImageObject\",\"inLanguage\":\"de\",\"@id\":\"https:\\\/\\\/madabouthorror.co.uk\\\/product\\\/neca-nightmare-on-elm-street-ultimate-freddy-30th-anniversary-figure\\\/#primaryimage\",\"url\":\"https:\\\/\\\/madabouthorror.co.uk\\\/wp-content\\\/uploads\\\/2019\\\/05\\\/86950857_3.jpg\",\"contentUrl\":\"https:\\\/\\\/madabouthorror.co.uk\\\/wp-content\\\/uploads\\\/2019\\\/05\\\/86950857_3.jpg\",\"width\":1000,\"height\":1000,\"caption\":\"NECA Nightmare on Elm Street Ultimate Freddy 30th Anniversary Figure -0\"},{\"@type\":\"BreadcrumbList\",\"@id\":\"https:\\\/\\\/madabouthorror.co.uk\\\/product\\\/neca-nightmare-on-elm-street-ultimate-freddy-30th-anniversary-figure\\\/#breadcrumb\",\"itemListElement\":[{\"@type\":\"ListItem\",\"position\":1,\"name\":\"Shop\",\"item\":\"https:\\\/\\\/madabouthorror.co.uk\\\/shop\\\/\"},{\"@type\":\"ListItem\",\"position\":2,\"name\":\"NECA Nightmare on Elm Street &#8211; Freddy Krueger Ultimate 7&#8243; Scale Action Figure\"}]},{\"@type\":\"WebSite\",\"@id\":\"https:\\\/\\\/madabouthorror.co.uk\\\/#website\",\"url\":\"https:\\\/\\\/madabouthorror.co.uk\\\/\",\"name\":\"Mad About Horror\",\"description\":\"\",\"publisher\":{\"@id\":\"https:\\\/\\\/madabouthorror.co.uk\\\/#organization\"},\"alternateName\":\"Mad About Horror Limited\",\"potentialAction\":[{\"@type\":\"SearchAction\",\"target\":{\"@type\":\"EntryPoint\",\"urlTemplate\":\"https:\\\/\\\/madabouthorror.co.uk\\\/?s={search_term_string}\"},\"query-input\":{\"@type\":\"PropertyValueSpecification\",\"valueRequired\":true,\"valueName\":\"search_term_string\"}}],\"inLanguage\":\"de\"},{\"@type\":\"Organization\",\"@id\":\"https:\\\/\\\/madabouthorror.co.uk\\\/#organization\",\"name\":\"Mad About Horror\",\"url\":\"https:\\\/\\\/madabouthorror.co.uk\\\/\",\"logo\":{\"@type\":\"ImageObject\",\"inLanguage\":\"de\",\"@id\":\"https:\\\/\\\/madabouthorror.co.uk\\\/#\\\/schema\\\/logo\\\/image\\\/\",\"url\":\"https:\\\/\\\/madabouthorror.co.uk\\\/wp-content\\\/uploads\\\/2024\\\/02\\\/cropped-Logo.png\",\"contentUrl\":\"https:\\\/\\\/madabouthorror.co.uk\\\/wp-content\\\/uploads\\\/2024\\\/02\\\/cropped-Logo.png\",\"width\":240,\"height\":88,\"caption\":\"Mad About Horror\"},\"image\":{\"@id\":\"https:\\\/\\\/madabouthorror.co.uk\\\/#\\\/schema\\\/logo\\\/image\\\/\"},\"sameAs\":[\"https:\\\/\\\/www.facebook.com\\\/madabouthorror\\\/\",\"https:\\\/\\\/www.instagram.com\\\/madabouthorror\\\/\",\"https:\\\/\\\/www.pinterest.co.uk\\\/madabouthorror\\\/\",\"https:\\\/\\\/www.youtube.com\\\/channel\\\/UCBooLOIxjoQ89dj6T5lWm_w\",\"https:\\\/\\\/www.tiktok.com\\\/@weremadabouthorror\"]}]}<\/script>\n<!-- \/ Yoast SEO plugin. -->","yoast_head_json":{"title":"NECA Nightmare on Elm Street - Freddy Krueger Ultimate Figur","description":"NECA Nightmare on Elm Street Ultimate Freddy Figur zum 30-j\u00e4hrigen Jubil\u00e4um. JETZT in Gro\u00dfbritannien bei Mad About Horror erh\u00e4ltlich. Online kaufen oder anrufen unter 01482 935936.","robots":{"index":"index","follow":"follow","max-snippet":"max-snippet:-1","max-image-preview":"max-image-preview:large","max-video-preview":"max-video-preview:-1"},"canonical":"https:\/\/madabouthorror.co.uk\/de\/product\/neca-nightmare-on-elm-street-ultimate-freddy-30th-anniversary-figure\/","og_locale":"de_DE","og_type":"article","og_title":"NECA Nightmare on Elm Street - Freddy Krueger Ultimate Figure","og_description":"NECA Nightmare on Elm Street Ultimate Freddy 30th Anniversary Figure. Available NOW in the UK from Mad About Horror. Buy online or call 01482 935936.","og_url":"https:\/\/madabouthorror.co.uk\/de\/product\/neca-nightmare-on-elm-street-ultimate-freddy-30th-anniversary-figure\/","og_site_name":"Mad About Horror","article_publisher":"https:\/\/www.facebook.com\/madabouthorror\/","article_modified_time":"2026-04-14T10:53:24+00:00","og_image":[{"width":1000,"height":1000,"url":"https:\/\/madabouthorror.co.uk\/wp-content\/uploads\/2019\/05\/86950857_3.jpg","type":"image\/jpeg"}],"twitter_card":"summary_large_image","twitter_misc":{"Gesch\u00e4tzte Lesezeit":"1\u00a0Minute"},"schema":{"@context":"https:\/\/schema.org","@graph":[{"@type":["WebPage","ItemPage"],"@id":"https:\/\/madabouthorror.co.uk\/product\/neca-nightmare-on-elm-street-ultimate-freddy-30th-anniversary-figure\/","url":"https:\/\/madabouthorror.co.uk\/product\/neca-nightmare-on-elm-street-ultimate-freddy-30th-anniversary-figure\/","name":"NECA Nightmare on Elm Street - Freddy Krueger Ultimate Figur","isPartOf":{"@id":"https:\/\/madabouthorror.co.uk\/#website"},"primaryImageOfPage":{"@id":"https:\/\/madabouthorror.co.uk\/product\/neca-nightmare-on-elm-street-ultimate-freddy-30th-anniversary-figure\/#primaryimage"},"image":{"@id":"https:\/\/madabouthorror.co.uk\/product\/neca-nightmare-on-elm-street-ultimate-freddy-30th-anniversary-figure\/#primaryimage"},"thumbnailUrl":"https:\/\/madabouthorror.co.uk\/wp-content\/uploads\/2019\/05\/86950857_3.jpg","datePublished":"2019-05-08T14:38:46+00:00","dateModified":"2026-04-14T10:53:24+00:00","description":"NECA Nightmare on Elm Street Ultimate Freddy Figur zum 30-j\u00e4hrigen Jubil\u00e4um. JETZT in Gro\u00dfbritannien bei Mad About Horror erh\u00e4ltlich. Online kaufen oder anrufen unter 01482 935936.","breadcrumb":{"@id":"https:\/\/madabouthorror.co.uk\/product\/neca-nightmare-on-elm-street-ultimate-freddy-30th-anniversary-figure\/#breadcrumb"},"inLanguage":"de","potentialAction":[{"@type":"ReadAction","target":["https:\/\/madabouthorror.co.uk\/product\/neca-nightmare-on-elm-street-ultimate-freddy-30th-anniversary-figure\/"]}]},{"@type":"ImageObject","inLanguage":"de","@id":"https:\/\/madabouthorror.co.uk\/product\/neca-nightmare-on-elm-street-ultimate-freddy-30th-anniversary-figure\/#primaryimage","url":"https:\/\/madabouthorror.co.uk\/wp-content\/uploads\/2019\/05\/86950857_3.jpg","contentUrl":"https:\/\/madabouthorror.co.uk\/wp-content\/uploads\/2019\/05\/86950857_3.jpg","width":1000,"height":1000,"caption":"NECA Nightmare on Elm Street Ultimate Freddy 30th Anniversary Figure -0"},{"@type":"BreadcrumbList","@id":"https:\/\/madabouthorror.co.uk\/product\/neca-nightmare-on-elm-street-ultimate-freddy-30th-anniversary-figure\/#breadcrumb","itemListElement":[{"@type":"ListItem","position":1,"name":"Shop","item":"https:\/\/madabouthorror.co.uk\/shop\/"},{"@type":"ListItem","position":2,"name":"NECA Nightmare on Elm Street &#8211; Freddy Krueger Ultimate 7&#8243; Scale Action Figure"}]},{"@type":"WebSite","@id":"https:\/\/madabouthorror.co.uk\/#website","url":"https:\/\/madabouthorror.co.uk\/","name":"Verr\u00fcckt nach Horror","description":"","publisher":{"@id":"https:\/\/madabouthorror.co.uk\/#organization"},"alternateName":"Mad About Horror Limited","potentialAction":[{"@type":"SearchAction","target":{"@type":"EntryPoint","urlTemplate":"https:\/\/madabouthorror.co.uk\/?s={search_term_string}"},"query-input":{"@type":"PropertyValueSpecification","valueRequired":true,"valueName":"search_term_string"}}],"inLanguage":"de"},{"@type":"Organization","@id":"https:\/\/madabouthorror.co.uk\/#organization","name":"Verr\u00fcckt nach Horror","url":"https:\/\/madabouthorror.co.uk\/","logo":{"@type":"ImageObject","inLanguage":"de","@id":"https:\/\/madabouthorror.co.uk\/#\/schema\/logo\/image\/","url":"https:\/\/madabouthorror.co.uk\/wp-content\/uploads\/2024\/02\/cropped-Logo.png","contentUrl":"https:\/\/madabouthorror.co.uk\/wp-content\/uploads\/2024\/02\/cropped-Logo.png","width":240,"height":88,"caption":"Mad About Horror"},"image":{"@id":"https:\/\/madabouthorror.co.uk\/#\/schema\/logo\/image\/"},"sameAs":["https:\/\/www.facebook.com\/madabouthorror\/","https:\/\/www.instagram.com\/madabouthorror\/","https:\/\/www.pinterest.co.uk\/madabouthorror\/","https:\/\/www.youtube.com\/channel\/UCBooLOIxjoQ89dj6T5lWm_w","https:\/\/www.tiktok.com\/@weremadabouthorror"]}]}},"df_price":48.91,"df_sale_price":"","df_regular_price":48.91,"df_image_link":"https:\/\/madabouthorror.co.uk\/wp-content\/uploads\/2019\/05\/86950857_3-300x300.jpg","_links":{"self":[{"href":"https:\/\/madabouthorror.co.uk\/de\/wp-json\/wp\/v2\/product\/40273","targetHints":{"allow":["GET"]}}],"collection":[{"href":"https:\/\/madabouthorror.co.uk\/de\/wp-json\/wp\/v2\/product"}],"about":[{"href":"https:\/\/madabouthorror.co.uk\/de\/wp-json\/wp\/v2\/types\/product"}],"replies":[{"embeddable":true,"href":"https:\/\/madabouthorror.co.uk\/de\/wp-json\/wp\/v2\/comments?post=40273"}],"wp:featuredmedia":[{"embeddable":true,"href":"https:\/\/madabouthorror.co.uk\/de\/wp-json\/wp\/v2\/media\/40261"}],"wp:attachment":[{"href":"https:\/\/madabouthorror.co.uk\/de\/wp-json\/wp\/v2\/media?parent=40273"}],"wp:term":[{"taxonomy":"product_brand","embeddable":true,"href":"https:\/\/madabouthorror.co.uk\/de\/wp-json\/wp\/v2\/product_brand?post=40273"},{"taxonomy":"product_cat","embeddable":true,"href":"https:\/\/madabouthorror.co.uk\/de\/wp-json\/wp\/v2\/product_cat?post=40273"},{"taxonomy":"product_tag","embeddable":true,"href":"https:\/\/madabouthorror.co.uk\/de\/wp-json\/wp\/v2\/product_tag?post=40273"}],"curies":[{"name":"wp","href":"https:\/\/api.w.org\/{rel}","templated":true}]}}