{"id":41621,"date":"2019-05-08T15:38:52","date_gmt":"2019-05-08T14:38:52","guid":{"rendered":"https:\/\/mah.6bdv.ws\/product\/halloween-1978-young-michael-myers-clown-mask\/"},"modified":"2026-04-20T13:42:30","modified_gmt":"2026-04-20T12:42:30","slug":"halloween-1978-young-michael-myers-clown-mask","status":"publish","type":"product","link":"https:\/\/madabouthorror.co.uk\/de\/product\/halloween-1978-young-michael-myers-clown-mask\/","title":{"rendered":"Halloween 1978 Junge Michael Myers Clown Maske"},"content":{"rendered":"<h4>Halloween 1978 Junge Michael Myers Clown Maske<\/h4>\n<p class=\"\">Gebildet von Connor Deless und mit besonderem Dank an Mike Covert.<\/p>\n<p class=\"\">Trick or Treat Studios und Compass International Pictures sind stolz darauf, die offizielle Halloween Young Michael Myers Clown Mask zu pr\u00e4sentieren!!<\/p>\n<p class=\"\">Diese Maske ist eine wundersch\u00f6ne Nachbildung der Maske, die der junge Michael Myers in der Er\u00f6ffnungsszene von John Carpenters \"Halloween\" tr\u00e4gt.<\/p>\n<p class=\"\">Die offizielle Halloween Young Michael Myers Clown Maske wurde von Connor Deless entworfen und basiert auf zahlreichen Screenshots aus der Er\u00f6ffnungsszene von Halloween. Um alle Details dieser erstaunlichen Maske zu erhalten, haben wir beschlossen, sie aus Spritzgusskunststoff herzustellen.<\/p>\n<p class=\"\">Holen Sie sich also die offizielle Halloween Young Michael Myers Clown Maske und feiern Sie die Nacht, in der er nach Hause kam!<\/p>\n<p class=\"\"><em class=\"\">\u00a9 2018 Compass International Pictures, Inc. Alle Rechte vorbehalten.<\/em><\/p>","protected":false},"excerpt":{"rendered":"<p>Halloween 1978 Young Michael Myers Clown Mask Sculpted by Connor Deless &amp; Special Thanks to Mike Covert. Trick or Treat Studios und Compass International Pictures sind stolz, die offizielle Halloween Young Michael Myers Clown Maske zu pr\u00e4sentieren!! Diese Maske ist eine wundersch\u00f6ne Nachbildung der Maske, die der junge Michael Myers in der Er\u00f6ffnungsszene [...]<\/p>","protected":false},"featured_media":41620,"comment_status":"closed","ping_status":"closed","template":"","meta":{"_acf_changed":false},"product_brand":[],"product_cat":[6580,10132,9978,10039,10041,7091,6551,10038,6784,9962,6546,6541,6792,6660],"product_tag":[],"class_list":{"0":"post-41621","1":"product","2":"type-product","3":"status-publish","4":"has-post-thumbnail","6":"product_cat-movie-tv","7":"product_cat-masks-collectibles","8":"product_cat-michael-myers-costumes","9":"product_cat-stocking-fillers","10":"product_cat-gifts-under-50","11":"product_cat-tv-movie","12":"product_cat-costumes","13":"product_cat-horror-gifts","14":"product_cat-michael-myers","15":"product_cat-trick-or-treat-studios-masks","16":"product_cat-masks-clown","17":"product_cat-masks","18":"product_cat-trick-or-treat-studios","19":"product_cat-halloweenmichaelmyers","20":"product_shipping_class-small-parcel-economy-3-5-business-days","22":"first","23":"outofstock","24":"taxable","25":"shipping-taxable","26":"purchasable","27":"product-type-simple"},"supplier_id":471029,"supplier_sku":"CDTI100","barcode":"811501038467","atum_controlled":true,"out_stock_date":"2026-01-12 21:09:48","out_stock_threshold":null,"inheritable":false,"inbound_stock":40,"stock_on_hold":0,"sold_today":0,"sales_last_days":0,"reserved_stock":0,"customer_returns":0,"warehouse_damage":0,"lost_in_post":0,"other_logs":0,"out_stock_days":107,"lost_sales":411,"has_location":false,"update_date":"2026-04-30T01:43:10","atum_locations":[],"atum_stock_status":"outofstock","restock_status":false,"low_stock_amount":15,"sales_update_date":"2026-04-30T01:43:09","calc_backorders":null,"acf":[],"yoast_head":"<!-- This site is optimized with the Yoast SEO plugin v27.5 - https:\/\/yoast.com\/product\/yoast-seo-wordpress\/ -->\n<title>Halloween 1978 Young Michael Myers Clown Mask<\/title>\n<meta name=\"description\" content=\"Officially licensed Halloween 1978 Young Michael Myers Clown Mask by Trick or Treat Studios. Available to buy in the UK from Mad About Horror- Call 01482 935936\" \/>\n<meta name=\"robots\" content=\"index, follow, max-snippet:-1, max-image-preview:large, max-video-preview:-1\" \/>\n<link rel=\"canonical\" href=\"https:\/\/madabouthorror.co.uk\/de\/product\/halloween-1978-young-michael-myers-clown-mask\/\" \/>\n<meta property=\"og:locale\" content=\"de_DE\" \/>\n<meta property=\"og:type\" content=\"article\" \/>\n<meta property=\"og:title\" content=\"Halloween 1978 Young Michael Myers Clown Mask\" \/>\n<meta property=\"og:description\" content=\"Officially licensed Halloween 1978 Young Michael Myers Clown Mask by Trick or Treat Studios. Available to buy in the UK from Mad About Horror- Call 01482 935936\" \/>\n<meta property=\"og:url\" content=\"https:\/\/madabouthorror.co.uk\/de\/product\/halloween-1978-young-michael-myers-clown-mask\/\" \/>\n<meta property=\"og:site_name\" content=\"Mad About Horror\" \/>\n<meta property=\"article:publisher\" content=\"https:\/\/www.facebook.com\/madabouthorror\/\" \/>\n<meta property=\"article:modified_time\" content=\"2026-04-20T12:42:30+00:00\" \/>\n<meta property=\"og:image\" content=\"https:\/\/madabouthorror.co.uk\/wp-content\/uploads\/2019\/05\/tots_young_michael_myers_mask.jpg\" \/>\n\t<meta property=\"og:image:width\" content=\"650\" \/>\n\t<meta property=\"og:image:height\" content=\"650\" \/>\n\t<meta property=\"og:image:type\" content=\"image\/jpeg\" \/>\n<meta name=\"twitter:card\" content=\"summary_large_image\" \/>\n<meta name=\"twitter:label1\" content=\"Gesch\u00e4tzte Lesezeit\" \/>\n\t<meta name=\"twitter:data1\" content=\"1\u00a0Minute\" \/>\n<script type=\"application\/ld+json\" class=\"yoast-schema-graph\">{\"@context\":\"https:\\\/\\\/schema.org\",\"@graph\":[{\"@type\":[\"WebPage\",\"ItemPage\"],\"@id\":\"https:\\\/\\\/madabouthorror.co.uk\\\/product\\\/halloween-1978-young-michael-myers-clown-mask\\\/\",\"url\":\"https:\\\/\\\/madabouthorror.co.uk\\\/product\\\/halloween-1978-young-michael-myers-clown-mask\\\/\",\"name\":\"Halloween 1978 Young Michael Myers Clown Mask\",\"isPartOf\":{\"@id\":\"https:\\\/\\\/madabouthorror.co.uk\\\/#website\"},\"primaryImageOfPage\":{\"@id\":\"https:\\\/\\\/madabouthorror.co.uk\\\/product\\\/halloween-1978-young-michael-myers-clown-mask\\\/#primaryimage\"},\"image\":{\"@id\":\"https:\\\/\\\/madabouthorror.co.uk\\\/product\\\/halloween-1978-young-michael-myers-clown-mask\\\/#primaryimage\"},\"thumbnailUrl\":\"https:\\\/\\\/madabouthorror.co.uk\\\/wp-content\\\/uploads\\\/2019\\\/05\\\/tots_young_michael_myers_mask.jpg\",\"datePublished\":\"2019-05-08T14:38:52+00:00\",\"dateModified\":\"2026-04-20T12:42:30+00:00\",\"description\":\"Officially licensed Halloween 1978 Young Michael Myers Clown Mask by Trick or Treat Studios. Available to buy in the UK from Mad About Horror- Call 01482 935936\",\"breadcrumb\":{\"@id\":\"https:\\\/\\\/madabouthorror.co.uk\\\/product\\\/halloween-1978-young-michael-myers-clown-mask\\\/#breadcrumb\"},\"inLanguage\":\"de\",\"potentialAction\":[{\"@type\":\"ReadAction\",\"target\":[\"https:\\\/\\\/madabouthorror.co.uk\\\/product\\\/halloween-1978-young-michael-myers-clown-mask\\\/\"]}]},{\"@type\":\"ImageObject\",\"inLanguage\":\"de\",\"@id\":\"https:\\\/\\\/madabouthorror.co.uk\\\/product\\\/halloween-1978-young-michael-myers-clown-mask\\\/#primaryimage\",\"url\":\"https:\\\/\\\/madabouthorror.co.uk\\\/wp-content\\\/uploads\\\/2019\\\/05\\\/tots_young_michael_myers_mask.jpg\",\"contentUrl\":\"https:\\\/\\\/madabouthorror.co.uk\\\/wp-content\\\/uploads\\\/2019\\\/05\\\/tots_young_michael_myers_mask.jpg\",\"width\":650,\"height\":650,\"caption\":\"Halloween 1978 - Young Michael Myers Clown Mask-0\"},{\"@type\":\"BreadcrumbList\",\"@id\":\"https:\\\/\\\/madabouthorror.co.uk\\\/product\\\/halloween-1978-young-michael-myers-clown-mask\\\/#breadcrumb\",\"itemListElement\":[{\"@type\":\"ListItem\",\"position\":1,\"name\":\"Shop\",\"item\":\"https:\\\/\\\/madabouthorror.co.uk\\\/shop\\\/\"},{\"@type\":\"ListItem\",\"position\":2,\"name\":\"Halloween 1978 Young Michael Myers Clown Mask\"}]},{\"@type\":\"WebSite\",\"@id\":\"https:\\\/\\\/madabouthorror.co.uk\\\/#website\",\"url\":\"https:\\\/\\\/madabouthorror.co.uk\\\/\",\"name\":\"Mad About Horror\",\"description\":\"\",\"publisher\":{\"@id\":\"https:\\\/\\\/madabouthorror.co.uk\\\/#organization\"},\"alternateName\":\"Mad About Horror Limited\",\"potentialAction\":[{\"@type\":\"SearchAction\",\"target\":{\"@type\":\"EntryPoint\",\"urlTemplate\":\"https:\\\/\\\/madabouthorror.co.uk\\\/?s={search_term_string}\"},\"query-input\":{\"@type\":\"PropertyValueSpecification\",\"valueRequired\":true,\"valueName\":\"search_term_string\"}}],\"inLanguage\":\"de\"},{\"@type\":\"Organization\",\"@id\":\"https:\\\/\\\/madabouthorror.co.uk\\\/#organization\",\"name\":\"Mad About Horror\",\"url\":\"https:\\\/\\\/madabouthorror.co.uk\\\/\",\"logo\":{\"@type\":\"ImageObject\",\"inLanguage\":\"de\",\"@id\":\"https:\\\/\\\/madabouthorror.co.uk\\\/#\\\/schema\\\/logo\\\/image\\\/\",\"url\":\"https:\\\/\\\/madabouthorror.co.uk\\\/wp-content\\\/uploads\\\/2024\\\/02\\\/cropped-Logo.png\",\"contentUrl\":\"https:\\\/\\\/madabouthorror.co.uk\\\/wp-content\\\/uploads\\\/2024\\\/02\\\/cropped-Logo.png\",\"width\":240,\"height\":88,\"caption\":\"Mad About Horror\"},\"image\":{\"@id\":\"https:\\\/\\\/madabouthorror.co.uk\\\/#\\\/schema\\\/logo\\\/image\\\/\"},\"sameAs\":[\"https:\\\/\\\/www.facebook.com\\\/madabouthorror\\\/\",\"https:\\\/\\\/www.instagram.com\\\/madabouthorror\\\/\",\"https:\\\/\\\/www.pinterest.co.uk\\\/madabouthorror\\\/\",\"https:\\\/\\\/www.youtube.com\\\/channel\\\/UCBooLOIxjoQ89dj6T5lWm_w\",\"https:\\\/\\\/www.tiktok.com\\\/@weremadabouthorror\"]}]}<\/script>\n<!-- \/ Yoast SEO plugin. -->","yoast_head_json":{"title":"Halloween 1978 Junge Michael Myers Clown Maske","description":"Offiziell lizenzierte Halloween 1978 Young Michael Myers Clown Maske von Trick or Treat Studios. Erh\u00e4ltlich in Gro\u00dfbritannien von Mad About Horror- Rufen Sie 01482 935936","robots":{"index":"index","follow":"follow","max-snippet":"max-snippet:-1","max-image-preview":"max-image-preview:large","max-video-preview":"max-video-preview:-1"},"canonical":"https:\/\/madabouthorror.co.uk\/de\/product\/halloween-1978-young-michael-myers-clown-mask\/","og_locale":"de_DE","og_type":"article","og_title":"Halloween 1978 Young Michael Myers Clown Mask","og_description":"Officially licensed Halloween 1978 Young Michael Myers Clown Mask by Trick or Treat Studios. Available to buy in the UK from Mad About Horror- Call 01482 935936","og_url":"https:\/\/madabouthorror.co.uk\/de\/product\/halloween-1978-young-michael-myers-clown-mask\/","og_site_name":"Mad About Horror","article_publisher":"https:\/\/www.facebook.com\/madabouthorror\/","article_modified_time":"2026-04-20T12:42:30+00:00","og_image":[{"width":650,"height":650,"url":"https:\/\/madabouthorror.co.uk\/wp-content\/uploads\/2019\/05\/tots_young_michael_myers_mask.jpg","type":"image\/jpeg"}],"twitter_card":"summary_large_image","twitter_misc":{"Gesch\u00e4tzte Lesezeit":"1\u00a0Minute"},"schema":{"@context":"https:\/\/schema.org","@graph":[{"@type":["WebPage","ItemPage"],"@id":"https:\/\/madabouthorror.co.uk\/product\/halloween-1978-young-michael-myers-clown-mask\/","url":"https:\/\/madabouthorror.co.uk\/product\/halloween-1978-young-michael-myers-clown-mask\/","name":"Halloween 1978 Junge Michael Myers Clown Maske","isPartOf":{"@id":"https:\/\/madabouthorror.co.uk\/#website"},"primaryImageOfPage":{"@id":"https:\/\/madabouthorror.co.uk\/product\/halloween-1978-young-michael-myers-clown-mask\/#primaryimage"},"image":{"@id":"https:\/\/madabouthorror.co.uk\/product\/halloween-1978-young-michael-myers-clown-mask\/#primaryimage"},"thumbnailUrl":"https:\/\/madabouthorror.co.uk\/wp-content\/uploads\/2019\/05\/tots_young_michael_myers_mask.jpg","datePublished":"2019-05-08T14:38:52+00:00","dateModified":"2026-04-20T12:42:30+00:00","description":"Offiziell lizenzierte Halloween 1978 Young Michael Myers Clown Maske von Trick or Treat Studios. Erh\u00e4ltlich in Gro\u00dfbritannien von Mad About Horror- Rufen Sie 01482 935936","breadcrumb":{"@id":"https:\/\/madabouthorror.co.uk\/product\/halloween-1978-young-michael-myers-clown-mask\/#breadcrumb"},"inLanguage":"de","potentialAction":[{"@type":"ReadAction","target":["https:\/\/madabouthorror.co.uk\/product\/halloween-1978-young-michael-myers-clown-mask\/"]}]},{"@type":"ImageObject","inLanguage":"de","@id":"https:\/\/madabouthorror.co.uk\/product\/halloween-1978-young-michael-myers-clown-mask\/#primaryimage","url":"https:\/\/madabouthorror.co.uk\/wp-content\/uploads\/2019\/05\/tots_young_michael_myers_mask.jpg","contentUrl":"https:\/\/madabouthorror.co.uk\/wp-content\/uploads\/2019\/05\/tots_young_michael_myers_mask.jpg","width":650,"height":650,"caption":"Halloween 1978 - Young Michael Myers Clown Mask-0"},{"@type":"BreadcrumbList","@id":"https:\/\/madabouthorror.co.uk\/product\/halloween-1978-young-michael-myers-clown-mask\/#breadcrumb","itemListElement":[{"@type":"ListItem","position":1,"name":"Shop","item":"https:\/\/madabouthorror.co.uk\/shop\/"},{"@type":"ListItem","position":2,"name":"Halloween 1978 Young Michael Myers Clown Mask"}]},{"@type":"WebSite","@id":"https:\/\/madabouthorror.co.uk\/#website","url":"https:\/\/madabouthorror.co.uk\/","name":"Verr\u00fcckt nach Horror","description":"","publisher":{"@id":"https:\/\/madabouthorror.co.uk\/#organization"},"alternateName":"Mad About Horror Limited","potentialAction":[{"@type":"SearchAction","target":{"@type":"EntryPoint","urlTemplate":"https:\/\/madabouthorror.co.uk\/?s={search_term_string}"},"query-input":{"@type":"PropertyValueSpecification","valueRequired":true,"valueName":"search_term_string"}}],"inLanguage":"de"},{"@type":"Organization","@id":"https:\/\/madabouthorror.co.uk\/#organization","name":"Verr\u00fcckt nach Horror","url":"https:\/\/madabouthorror.co.uk\/","logo":{"@type":"ImageObject","inLanguage":"de","@id":"https:\/\/madabouthorror.co.uk\/#\/schema\/logo\/image\/","url":"https:\/\/madabouthorror.co.uk\/wp-content\/uploads\/2024\/02\/cropped-Logo.png","contentUrl":"https:\/\/madabouthorror.co.uk\/wp-content\/uploads\/2024\/02\/cropped-Logo.png","width":240,"height":88,"caption":"Mad About Horror"},"image":{"@id":"https:\/\/madabouthorror.co.uk\/#\/schema\/logo\/image\/"},"sameAs":["https:\/\/www.facebook.com\/madabouthorror\/","https:\/\/www.instagram.com\/madabouthorror\/","https:\/\/www.pinterest.co.uk\/madabouthorror\/","https:\/\/www.youtube.com\/channel\/UCBooLOIxjoQ89dj6T5lWm_w","https:\/\/www.tiktok.com\/@weremadabouthorror"]}]}},"df_price":26.95,"df_sale_price":"","df_regular_price":26.95,"df_image_link":"https:\/\/madabouthorror.co.uk\/wp-content\/uploads\/2019\/05\/tots_young_michael_myers_mask-300x300.jpg","_links":{"self":[{"href":"https:\/\/madabouthorror.co.uk\/de\/wp-json\/wp\/v2\/product\/41621","targetHints":{"allow":["GET"]}}],"collection":[{"href":"https:\/\/madabouthorror.co.uk\/de\/wp-json\/wp\/v2\/product"}],"about":[{"href":"https:\/\/madabouthorror.co.uk\/de\/wp-json\/wp\/v2\/types\/product"}],"replies":[{"embeddable":true,"href":"https:\/\/madabouthorror.co.uk\/de\/wp-json\/wp\/v2\/comments?post=41621"}],"wp:featuredmedia":[{"embeddable":true,"href":"https:\/\/madabouthorror.co.uk\/de\/wp-json\/wp\/v2\/media\/41620"}],"wp:attachment":[{"href":"https:\/\/madabouthorror.co.uk\/de\/wp-json\/wp\/v2\/media?parent=41621"}],"wp:term":[{"taxonomy":"product_brand","embeddable":true,"href":"https:\/\/madabouthorror.co.uk\/de\/wp-json\/wp\/v2\/product_brand?post=41621"},{"taxonomy":"product_cat","embeddable":true,"href":"https:\/\/madabouthorror.co.uk\/de\/wp-json\/wp\/v2\/product_cat?post=41621"},{"taxonomy":"product_tag","embeddable":true,"href":"https:\/\/madabouthorror.co.uk\/de\/wp-json\/wp\/v2\/product_tag?post=41621"}],"curies":[{"name":"wp","href":"https:\/\/api.w.org\/{rel}","templated":true}]}}