{"id":41635,"date":"2019-05-08T15:38:52","date_gmt":"2019-05-08T14:38:52","guid":{"rendered":"https:\/\/mah.6bdv.ws\/product\/neca-nightmare-on-elm-street-accessory-pack\/"},"modified":"2026-04-03T18:55:20","modified_gmt":"2026-04-03T17:55:20","slug":"neca-nightmare-on-elm-street-accessory-pack","status":"publish","type":"product","link":"https:\/\/madabouthorror.co.uk\/de\/product\/neca-nightmare-on-elm-street-accessory-pack\/","title":{"rendered":"NECA Nightmare on Elm Street Accessory Pack"},"content":{"rendered":"<p>Baue fantastische Szenen aus den Nightmare on Elm Street-Filmen mit diesem neuen Deluxe-Zubeh\u00f6rset!<\/p>\n<p>Diese unglaublichen Figuren sind perfekt auf die NECA-Figuren im 7er-Ma\u00dfstab abgestimmt und enthalten einige wirklich ikonische Figuren aus den Kult-Horrorfilmen. Das Set wird in einer geschlossenen Verpackung mit einem eigens f\u00fcr diese Ver\u00f6ffentlichung erstellten Artwork geliefert.<\/p>\n<p>Das Set enth\u00e4lt: Freddy Worm (wie in Dream Warriors), \u00fcber 12 Jahre gro\u00df! Verf\u00fcgt \u00fcber einen beweglichen Kopf und eine Ausstellungsbasis in Form von zerbrochenen Dielen, Freddy TV (wie in Dream Warriors). Kann an eine Dioramenwand montiert oder auf einem Schreibtisch oder Regal ausgestellt werden. Die Arme sind beweglich und die Antenne auf Freddys Kopf kann positioniert werden. Elm Street-Schilder. Enth\u00e4lt sowohl die normale als auch die Albtraumversion des Stra\u00dfenschilds, die \u00fcber 10 Meter hoch sind.<\/p>\n<p><span style=\"color: #ff0000;\">ENTH\u00c4LT NICHT DIE FREDDY-FIGUR (nur zur Veranschaulichung dargestellt)<\/span><\/p>\n<p>&nbsp;<\/p>","protected":false},"excerpt":{"rendered":"<p>Baue fantastische Szenen aus den Nightmare on Elm Street-Filmen mit diesem neuen Deluxe-Zubeh\u00f6rset nach! Diese unglaublichen Teile passen perfekt zu den NECA-Figuren im 7er-Ma\u00dfstab und enthalten einige wirklich ikonische Teile aus den Horror-Kultfilmen. Das Set wird in einer geschlossenen Verpackung mit einem eigens f\u00fcr dieses Set entworfenen [...]<\/p>","protected":false},"featured_media":489374,"comment_status":"closed","ping_status":"closed","template":"","meta":{"_acf_changed":false},"product_brand":[],"product_cat":[6538,10038,6631],"product_tag":[],"class_list":{"0":"post-41635","1":"product","2":"type-product","3":"status-publish","4":"has-post-thumbnail","6":"product_cat-figures","7":"product_cat-horror-gifts","8":"product_cat-nightmareonelmstreet","10":"first","11":"instock","12":"taxable","13":"shipping-taxable","14":"purchasable","15":"product-type-simple"},"supplier_id":467442,"supplier_sku":"39887","barcode":"634482000000","atum_controlled":true,"out_stock_date":null,"out_stock_threshold":null,"inheritable":false,"inbound_stock":0,"stock_on_hold":0,"sold_today":0,"sales_last_days":0,"reserved_stock":0,"customer_returns":0,"warehouse_damage":0,"lost_in_post":0,"other_logs":0,"out_stock_days":0,"lost_sales":0,"has_location":false,"update_date":"2026-04-30T01:12:20","atum_locations":[],"atum_stock_status":"instock","restock_status":false,"low_stock_amount":1,"sales_update_date":"2026-04-30T01:12:18","calc_backorders":null,"acf":[],"yoast_head":"<!-- This site is optimized with the Yoast SEO plugin v27.5 - https:\/\/yoast.com\/product\/yoast-seo-wordpress\/ -->\n<title>NECA - A Nightmare on ELM Street - Accessory Pack<\/title>\n<meta name=\"description\" content=\"Official Nightmare on Elm Street accessory pack by NECA. Available NOW in the UK from Mad About Horror.\" \/>\n<meta name=\"robots\" content=\"index, follow, max-snippet:-1, max-image-preview:large, max-video-preview:-1\" \/>\n<link rel=\"canonical\" href=\"https:\/\/madabouthorror.co.uk\/de\/product\/neca-nightmare-on-elm-street-accessory-pack\/\" \/>\n<meta property=\"og:locale\" content=\"de_DE\" \/>\n<meta property=\"og:type\" content=\"article\" \/>\n<meta property=\"og:title\" content=\"NECA - A Nightmare on ELM Street - Accessory Pack\" \/>\n<meta property=\"og:description\" content=\"Official Nightmare on Elm Street accessory pack by NECA. Available NOW in the UK from Mad About Horror.\" \/>\n<meta property=\"og:url\" content=\"https:\/\/madabouthorror.co.uk\/de\/product\/neca-nightmare-on-elm-street-accessory-pack\/\" \/>\n<meta property=\"og:site_name\" content=\"Mad About Horror\" \/>\n<meta property=\"article:publisher\" content=\"https:\/\/www.facebook.com\/madabouthorror\/\" \/>\n<meta property=\"article:modified_time\" content=\"2026-04-03T17:55:20+00:00\" \/>\n<meta property=\"og:image\" content=\"https:\/\/madabouthorror.co.uk\/wp-content\/uploads\/2019\/05\/nightmare-on-elm-street-722-accessory-pack.jpg\" \/>\n\t<meta property=\"og:image:width\" content=\"1500\" \/>\n\t<meta property=\"og:image:height\" content=\"1500\" \/>\n\t<meta property=\"og:image:type\" content=\"image\/jpeg\" \/>\n<meta name=\"twitter:card\" content=\"summary_large_image\" \/>\n<meta name=\"twitter:label1\" content=\"Gesch\u00e4tzte Lesezeit\" \/>\n\t<meta name=\"twitter:data1\" content=\"1\u00a0Minute\" \/>\n<script type=\"application\/ld+json\" class=\"yoast-schema-graph\">{\"@context\":\"https:\\\/\\\/schema.org\",\"@graph\":[{\"@type\":[\"WebPage\",\"ItemPage\"],\"@id\":\"https:\\\/\\\/madabouthorror.co.uk\\\/product\\\/neca-nightmare-on-elm-street-accessory-pack\\\/\",\"url\":\"https:\\\/\\\/madabouthorror.co.uk\\\/product\\\/neca-nightmare-on-elm-street-accessory-pack\\\/\",\"name\":\"NECA - A Nightmare on ELM Street - Accessory Pack\",\"isPartOf\":{\"@id\":\"https:\\\/\\\/madabouthorror.co.uk\\\/#website\"},\"primaryImageOfPage\":{\"@id\":\"https:\\\/\\\/madabouthorror.co.uk\\\/product\\\/neca-nightmare-on-elm-street-accessory-pack\\\/#primaryimage\"},\"image\":{\"@id\":\"https:\\\/\\\/madabouthorror.co.uk\\\/product\\\/neca-nightmare-on-elm-street-accessory-pack\\\/#primaryimage\"},\"thumbnailUrl\":\"https:\\\/\\\/madabouthorror.co.uk\\\/wp-content\\\/uploads\\\/2019\\\/05\\\/nightmare-on-elm-street-722-accessory-pack.jpg\",\"datePublished\":\"2019-05-08T14:38:52+00:00\",\"dateModified\":\"2026-04-03T17:55:20+00:00\",\"description\":\"Official Nightmare on Elm Street accessory pack by NECA. Available NOW in the UK from Mad About Horror.\",\"breadcrumb\":{\"@id\":\"https:\\\/\\\/madabouthorror.co.uk\\\/product\\\/neca-nightmare-on-elm-street-accessory-pack\\\/#breadcrumb\"},\"inLanguage\":\"de\",\"potentialAction\":[{\"@type\":\"ReadAction\",\"target\":[\"https:\\\/\\\/madabouthorror.co.uk\\\/product\\\/neca-nightmare-on-elm-street-accessory-pack\\\/\"]}]},{\"@type\":\"ImageObject\",\"inLanguage\":\"de\",\"@id\":\"https:\\\/\\\/madabouthorror.co.uk\\\/product\\\/neca-nightmare-on-elm-street-accessory-pack\\\/#primaryimage\",\"url\":\"https:\\\/\\\/madabouthorror.co.uk\\\/wp-content\\\/uploads\\\/2019\\\/05\\\/nightmare-on-elm-street-722-accessory-pack.jpg\",\"contentUrl\":\"https:\\\/\\\/madabouthorror.co.uk\\\/wp-content\\\/uploads\\\/2019\\\/05\\\/nightmare-on-elm-street-722-accessory-pack.jpg\",\"width\":1500,\"height\":1500,\"caption\":\"nightmare on elm street 7 accessory pack\"},{\"@type\":\"BreadcrumbList\",\"@id\":\"https:\\\/\\\/madabouthorror.co.uk\\\/product\\\/neca-nightmare-on-elm-street-accessory-pack\\\/#breadcrumb\",\"itemListElement\":[{\"@type\":\"ListItem\",\"position\":1,\"name\":\"Shop\",\"item\":\"https:\\\/\\\/madabouthorror.co.uk\\\/shop\\\/\"},{\"@type\":\"ListItem\",\"position\":2,\"name\":\"NECA Nightmare on Elm Street Accessory Pack\"}]},{\"@type\":\"WebSite\",\"@id\":\"https:\\\/\\\/madabouthorror.co.uk\\\/#website\",\"url\":\"https:\\\/\\\/madabouthorror.co.uk\\\/\",\"name\":\"Mad About Horror\",\"description\":\"\",\"publisher\":{\"@id\":\"https:\\\/\\\/madabouthorror.co.uk\\\/#organization\"},\"alternateName\":\"Mad About Horror Limited\",\"potentialAction\":[{\"@type\":\"SearchAction\",\"target\":{\"@type\":\"EntryPoint\",\"urlTemplate\":\"https:\\\/\\\/madabouthorror.co.uk\\\/?s={search_term_string}\"},\"query-input\":{\"@type\":\"PropertyValueSpecification\",\"valueRequired\":true,\"valueName\":\"search_term_string\"}}],\"inLanguage\":\"de\"},{\"@type\":\"Organization\",\"@id\":\"https:\\\/\\\/madabouthorror.co.uk\\\/#organization\",\"name\":\"Mad About Horror\",\"url\":\"https:\\\/\\\/madabouthorror.co.uk\\\/\",\"logo\":{\"@type\":\"ImageObject\",\"inLanguage\":\"de\",\"@id\":\"https:\\\/\\\/madabouthorror.co.uk\\\/#\\\/schema\\\/logo\\\/image\\\/\",\"url\":\"https:\\\/\\\/madabouthorror.co.uk\\\/wp-content\\\/uploads\\\/2024\\\/02\\\/cropped-Logo.png\",\"contentUrl\":\"https:\\\/\\\/madabouthorror.co.uk\\\/wp-content\\\/uploads\\\/2024\\\/02\\\/cropped-Logo.png\",\"width\":240,\"height\":88,\"caption\":\"Mad About Horror\"},\"image\":{\"@id\":\"https:\\\/\\\/madabouthorror.co.uk\\\/#\\\/schema\\\/logo\\\/image\\\/\"},\"sameAs\":[\"https:\\\/\\\/www.facebook.com\\\/madabouthorror\\\/\",\"https:\\\/\\\/www.instagram.com\\\/madabouthorror\\\/\",\"https:\\\/\\\/www.pinterest.co.uk\\\/madabouthorror\\\/\",\"https:\\\/\\\/www.youtube.com\\\/channel\\\/UCBooLOIxjoQ89dj6T5lWm_w\",\"https:\\\/\\\/www.tiktok.com\\\/@weremadabouthorror\"]}]}<\/script>\n<!-- \/ Yoast SEO plugin. -->","yoast_head_json":{"title":"NECA - A Nightmare on ELM Street - Zubeh\u00f6rpaket","description":"Offizielles Nightmare on Elm Street Zubeh\u00f6rpaket von NECA. JETZT in Gro\u00dfbritannien bei Mad About Horror erh\u00e4ltlich.","robots":{"index":"index","follow":"follow","max-snippet":"max-snippet:-1","max-image-preview":"max-image-preview:large","max-video-preview":"max-video-preview:-1"},"canonical":"https:\/\/madabouthorror.co.uk\/de\/product\/neca-nightmare-on-elm-street-accessory-pack\/","og_locale":"de_DE","og_type":"article","og_title":"NECA - A Nightmare on ELM Street - Accessory Pack","og_description":"Official Nightmare on Elm Street accessory pack by NECA. Available NOW in the UK from Mad About Horror.","og_url":"https:\/\/madabouthorror.co.uk\/de\/product\/neca-nightmare-on-elm-street-accessory-pack\/","og_site_name":"Mad About Horror","article_publisher":"https:\/\/www.facebook.com\/madabouthorror\/","article_modified_time":"2026-04-03T17:55:20+00:00","og_image":[{"width":1500,"height":1500,"url":"https:\/\/madabouthorror.co.uk\/wp-content\/uploads\/2019\/05\/nightmare-on-elm-street-722-accessory-pack.jpg","type":"image\/jpeg"}],"twitter_card":"summary_large_image","twitter_misc":{"Gesch\u00e4tzte Lesezeit":"1\u00a0Minute"},"schema":{"@context":"https:\/\/schema.org","@graph":[{"@type":["WebPage","ItemPage"],"@id":"https:\/\/madabouthorror.co.uk\/product\/neca-nightmare-on-elm-street-accessory-pack\/","url":"https:\/\/madabouthorror.co.uk\/product\/neca-nightmare-on-elm-street-accessory-pack\/","name":"NECA - A Nightmare on ELM Street - Zubeh\u00f6rpaket","isPartOf":{"@id":"https:\/\/madabouthorror.co.uk\/#website"},"primaryImageOfPage":{"@id":"https:\/\/madabouthorror.co.uk\/product\/neca-nightmare-on-elm-street-accessory-pack\/#primaryimage"},"image":{"@id":"https:\/\/madabouthorror.co.uk\/product\/neca-nightmare-on-elm-street-accessory-pack\/#primaryimage"},"thumbnailUrl":"https:\/\/madabouthorror.co.uk\/wp-content\/uploads\/2019\/05\/nightmare-on-elm-street-722-accessory-pack.jpg","datePublished":"2019-05-08T14:38:52+00:00","dateModified":"2026-04-03T17:55:20+00:00","description":"Offizielles Nightmare on Elm Street Zubeh\u00f6rpaket von NECA. JETZT in Gro\u00dfbritannien bei Mad About Horror erh\u00e4ltlich.","breadcrumb":{"@id":"https:\/\/madabouthorror.co.uk\/product\/neca-nightmare-on-elm-street-accessory-pack\/#breadcrumb"},"inLanguage":"de","potentialAction":[{"@type":"ReadAction","target":["https:\/\/madabouthorror.co.uk\/product\/neca-nightmare-on-elm-street-accessory-pack\/"]}]},{"@type":"ImageObject","inLanguage":"de","@id":"https:\/\/madabouthorror.co.uk\/product\/neca-nightmare-on-elm-street-accessory-pack\/#primaryimage","url":"https:\/\/madabouthorror.co.uk\/wp-content\/uploads\/2019\/05\/nightmare-on-elm-street-722-accessory-pack.jpg","contentUrl":"https:\/\/madabouthorror.co.uk\/wp-content\/uploads\/2019\/05\/nightmare-on-elm-street-722-accessory-pack.jpg","width":1500,"height":1500,"caption":"nightmare on elm street 7 accessory pack"},{"@type":"BreadcrumbList","@id":"https:\/\/madabouthorror.co.uk\/product\/neca-nightmare-on-elm-street-accessory-pack\/#breadcrumb","itemListElement":[{"@type":"ListItem","position":1,"name":"Shop","item":"https:\/\/madabouthorror.co.uk\/shop\/"},{"@type":"ListItem","position":2,"name":"NECA Nightmare on Elm Street Accessory Pack"}]},{"@type":"WebSite","@id":"https:\/\/madabouthorror.co.uk\/#website","url":"https:\/\/madabouthorror.co.uk\/","name":"Verr\u00fcckt nach Horror","description":"","publisher":{"@id":"https:\/\/madabouthorror.co.uk\/#organization"},"alternateName":"Mad About Horror Limited","potentialAction":[{"@type":"SearchAction","target":{"@type":"EntryPoint","urlTemplate":"https:\/\/madabouthorror.co.uk\/?s={search_term_string}"},"query-input":{"@type":"PropertyValueSpecification","valueRequired":true,"valueName":"search_term_string"}}],"inLanguage":"de"},{"@type":"Organization","@id":"https:\/\/madabouthorror.co.uk\/#organization","name":"Verr\u00fcckt nach Horror","url":"https:\/\/madabouthorror.co.uk\/","logo":{"@type":"ImageObject","inLanguage":"de","@id":"https:\/\/madabouthorror.co.uk\/#\/schema\/logo\/image\/","url":"https:\/\/madabouthorror.co.uk\/wp-content\/uploads\/2024\/02\/cropped-Logo.png","contentUrl":"https:\/\/madabouthorror.co.uk\/wp-content\/uploads\/2024\/02\/cropped-Logo.png","width":240,"height":88,"caption":"Mad About Horror"},"image":{"@id":"https:\/\/madabouthorror.co.uk\/#\/schema\/logo\/image\/"},"sameAs":["https:\/\/www.facebook.com\/madabouthorror\/","https:\/\/www.instagram.com\/madabouthorror\/","https:\/\/www.pinterest.co.uk\/madabouthorror\/","https:\/\/www.youtube.com\/channel\/UCBooLOIxjoQ89dj6T5lWm_w","https:\/\/www.tiktok.com\/@weremadabouthorror"]}]}},"df_price":75.95,"df_sale_price":"","df_regular_price":75.95,"df_image_link":"https:\/\/madabouthorror.co.uk\/wp-content\/uploads\/2019\/05\/nightmare-on-elm-street-722-accessory-pack-300x300.jpg","_links":{"self":[{"href":"https:\/\/madabouthorror.co.uk\/de\/wp-json\/wp\/v2\/product\/41635","targetHints":{"allow":["GET"]}}],"collection":[{"href":"https:\/\/madabouthorror.co.uk\/de\/wp-json\/wp\/v2\/product"}],"about":[{"href":"https:\/\/madabouthorror.co.uk\/de\/wp-json\/wp\/v2\/types\/product"}],"replies":[{"embeddable":true,"href":"https:\/\/madabouthorror.co.uk\/de\/wp-json\/wp\/v2\/comments?post=41635"}],"wp:featuredmedia":[{"embeddable":true,"href":"https:\/\/madabouthorror.co.uk\/de\/wp-json\/wp\/v2\/media\/489374"}],"wp:attachment":[{"href":"https:\/\/madabouthorror.co.uk\/de\/wp-json\/wp\/v2\/media?parent=41635"}],"wp:term":[{"taxonomy":"product_brand","embeddable":true,"href":"https:\/\/madabouthorror.co.uk\/de\/wp-json\/wp\/v2\/product_brand?post=41635"},{"taxonomy":"product_cat","embeddable":true,"href":"https:\/\/madabouthorror.co.uk\/de\/wp-json\/wp\/v2\/product_cat?post=41635"},{"taxonomy":"product_tag","embeddable":true,"href":"https:\/\/madabouthorror.co.uk\/de\/wp-json\/wp\/v2\/product_tag?post=41635"}],"curies":[{"name":"wp","href":"https:\/\/api.w.org\/{rel}","templated":true}]}}