{"id":41742,"date":"2019-05-08T15:38:52","date_gmt":"2019-05-08T14:38:52","guid":{"rendered":"https:\/\/mah.6bdv.ws\/product\/halloween-2-1981-7-ultimate-michael-myers-figure\/"},"modified":"2026-04-14T11:53:26","modified_gmt":"2026-04-14T10:53:26","slug":"neca-halloween-2-1981-7-ultimate-michael-myers-action-figure","status":"publish","type":"product","link":"https:\/\/madabouthorror.co.uk\/de\/product\/neca-halloween-2-1981-7-ultimate-michael-myers-action-figure\/","title":{"rendered":"Halloween 2 (1981) - Michael Myers Ultimative 7\u2033 Scale Action Figur"},"content":{"rendered":"<p>Aufgrund der gro\u00dfen Nachfrage taucht NECA in die klassischen Halloween-Filme ein! Basierend auf seinem Auftritt im Halloween 2 von 1981 ist diese Michael-Figur \u00fcber 17 cm gro\u00df und hat die Ultimate-Behandlung erhalten, mit \u00fcber 25 Artikulationspunkten und unz\u00e4hligen Accessoires. Die Figur wird mit 3 K\u00f6pfen, Spritze, Messer, Hammer und einem aufklappbaren K\u00fcrbis geliefert.<\/p>\n<p>Wird in einer displayfreundlichen Deluxe-Fensterbox mit Aufklapplasche geliefert.<\/p>","protected":false},"excerpt":{"rendered":"<p>Aufgrund der hohen Nachfrage taucht NECA in die klassischen Halloween-Filme ein! Basierend auf seinem Auftritt in Halloween 2 aus dem Jahr 1981 ist diese Michael-Figur \u00fcber 7 Zoll gro\u00df und wurde im Ultimate-Stil mit \u00fcber 25 Gelenkpunkten und jeder Menge Zubeh\u00f6r umgesetzt. Die Figur kommt mit 3 K\u00f6pfen, Spritze, Messer, Hammer und einem zu \u00f6ffnenden K\u00fcrbis<\/p>","protected":false},"featured_media":41735,"comment_status":"closed","ping_status":"closed","template":"","meta":{"_acf_changed":false},"product_brand":[],"product_cat":[6538,10132,10041,6537,10038,6784,9935,6780,6627,6793,6660],"product_tag":[],"class_list":{"0":"post-41742","1":"product","2":"type-product","3":"status-publish","4":"has-post-thumbnail","6":"product_cat-figures","7":"product_cat-masks-collectibles","8":"product_cat-gifts-under-50","9":"product_cat-collectibles","10":"product_cat-horror-gifts","11":"product_cat-michael-myers","12":"product_cat-neca-ultimates","13":"product_cat-brand","14":"product_cat-movie","15":"product_cat-neca","16":"product_cat-halloweenmichaelmyers","17":"product_shipping_class-small-parcel-economy-3-5-business-days","19":"first","20":"instock","21":"taxable","22":"shipping-taxable","23":"purchasable","24":"product-type-simple"},"supplier_id":467442,"supplier_sku":"60683","barcode":"634483000000","atum_controlled":true,"out_stock_date":null,"out_stock_threshold":null,"inheritable":false,"inbound_stock":0,"stock_on_hold":0,"sold_today":0,"sales_last_days":2,"reserved_stock":0,"customer_returns":0,"warehouse_damage":0,"lost_in_post":0,"other_logs":0,"out_stock_days":0,"lost_sales":0,"has_location":false,"update_date":"2026-04-30T01:41:44","atum_locations":[],"atum_stock_status":"instock","restock_status":false,"low_stock_amount":2,"sales_update_date":"2026-04-30T01:41:43","calc_backorders":null,"acf":[],"yoast_head":"<!-- This site is optimized with the Yoast SEO plugin v27.5 - https:\/\/yoast.com\/product\/yoast-seo-wordpress\/ -->\n<title>Halloween 2 (1981) Michael Myers Ultimate 7&quot; Scale Action Figure<\/title>\n<meta name=\"description\" content=\"Halloween 2 (1981) Ultimate Michael Myers 7&quot; NECA figure. Available NOW in the UK from Mad About Horror. Buy online or call 01482 935936.\" \/>\n<meta name=\"robots\" content=\"index, follow, max-snippet:-1, max-image-preview:large, max-video-preview:-1\" \/>\n<link rel=\"canonical\" href=\"https:\/\/madabouthorror.co.uk\/de\/product\/neca-halloween-2-1981-7-ultimate-michael-myers-action-figure\/\" \/>\n<meta property=\"og:locale\" content=\"de_DE\" \/>\n<meta property=\"og:type\" content=\"article\" \/>\n<meta property=\"og:title\" content=\"Halloween 2 (1981) Michael Myers Ultimate 7&quot; Scale Action Figure\" \/>\n<meta property=\"og:description\" content=\"Halloween 2 (1981) Ultimate Michael Myers 7&quot; NECA figure. Available NOW in the UK from Mad About Horror. Buy online or call 01482 935936.\" \/>\n<meta property=\"og:url\" content=\"https:\/\/madabouthorror.co.uk\/de\/product\/neca-halloween-2-1981-7-ultimate-michael-myers-action-figure\/\" \/>\n<meta property=\"og:site_name\" content=\"Mad About Horror\" \/>\n<meta property=\"article:publisher\" content=\"https:\/\/www.facebook.com\/madabouthorror\/\" \/>\n<meta property=\"article:modified_time\" content=\"2026-04-14T10:53:26+00:00\" \/>\n<meta property=\"og:image\" content=\"https:\/\/madabouthorror.co.uk\/wp-content\/uploads\/2019\/05\/halloween_2_neca_ultimate_michael_myers_action_figure.jpg\" \/>\n\t<meta property=\"og:image:width\" content=\"650\" \/>\n\t<meta property=\"og:image:height\" content=\"650\" \/>\n\t<meta property=\"og:image:type\" content=\"image\/jpeg\" \/>\n<meta name=\"twitter:card\" content=\"summary_large_image\" \/>\n<meta name=\"twitter:label1\" content=\"Gesch\u00e4tzte Lesezeit\" \/>\n\t<meta name=\"twitter:data1\" content=\"1\u00a0Minute\" \/>\n<script type=\"application\/ld+json\" class=\"yoast-schema-graph\">{\"@context\":\"https:\\\/\\\/schema.org\",\"@graph\":[{\"@type\":[\"WebPage\",\"ItemPage\"],\"@id\":\"https:\\\/\\\/madabouthorror.co.uk\\\/product\\\/neca-halloween-2-1981-7-ultimate-michael-myers-action-figure\\\/\",\"url\":\"https:\\\/\\\/madabouthorror.co.uk\\\/product\\\/neca-halloween-2-1981-7-ultimate-michael-myers-action-figure\\\/\",\"name\":\"Halloween 2 (1981) Michael Myers Ultimate 7\\\" Scale Action Figure\",\"isPartOf\":{\"@id\":\"https:\\\/\\\/madabouthorror.co.uk\\\/#website\"},\"primaryImageOfPage\":{\"@id\":\"https:\\\/\\\/madabouthorror.co.uk\\\/product\\\/neca-halloween-2-1981-7-ultimate-michael-myers-action-figure\\\/#primaryimage\"},\"image\":{\"@id\":\"https:\\\/\\\/madabouthorror.co.uk\\\/product\\\/neca-halloween-2-1981-7-ultimate-michael-myers-action-figure\\\/#primaryimage\"},\"thumbnailUrl\":\"https:\\\/\\\/madabouthorror.co.uk\\\/wp-content\\\/uploads\\\/2019\\\/05\\\/halloween_2_neca_ultimate_michael_myers_action_figure.jpg\",\"datePublished\":\"2019-05-08T14:38:52+00:00\",\"dateModified\":\"2026-04-14T10:53:26+00:00\",\"description\":\"Halloween 2 (1981) Ultimate Michael Myers 7\\\" NECA figure. Available NOW in the UK from Mad About Horror. Buy online or call 01482 935936.\",\"breadcrumb\":{\"@id\":\"https:\\\/\\\/madabouthorror.co.uk\\\/product\\\/neca-halloween-2-1981-7-ultimate-michael-myers-action-figure\\\/#breadcrumb\"},\"inLanguage\":\"de\",\"potentialAction\":[{\"@type\":\"ReadAction\",\"target\":[\"https:\\\/\\\/madabouthorror.co.uk\\\/product\\\/neca-halloween-2-1981-7-ultimate-michael-myers-action-figure\\\/\"]}]},{\"@type\":\"ImageObject\",\"inLanguage\":\"de\",\"@id\":\"https:\\\/\\\/madabouthorror.co.uk\\\/product\\\/neca-halloween-2-1981-7-ultimate-michael-myers-action-figure\\\/#primaryimage\",\"url\":\"https:\\\/\\\/madabouthorror.co.uk\\\/wp-content\\\/uploads\\\/2019\\\/05\\\/halloween_2_neca_ultimate_michael_myers_action_figure.jpg\",\"contentUrl\":\"https:\\\/\\\/madabouthorror.co.uk\\\/wp-content\\\/uploads\\\/2019\\\/05\\\/halloween_2_neca_ultimate_michael_myers_action_figure.jpg\",\"width\":650,\"height\":650,\"caption\":\"Halloween 2 (1981) 7\\\" Ultimate Michael Myers Action Figure\"},{\"@type\":\"BreadcrumbList\",\"@id\":\"https:\\\/\\\/madabouthorror.co.uk\\\/product\\\/neca-halloween-2-1981-7-ultimate-michael-myers-action-figure\\\/#breadcrumb\",\"itemListElement\":[{\"@type\":\"ListItem\",\"position\":1,\"name\":\"Shop\",\"item\":\"https:\\\/\\\/madabouthorror.co.uk\\\/shop\\\/\"},{\"@type\":\"ListItem\",\"position\":2,\"name\":\"Halloween 2 (1981) &#8211; Michael Myers Ultimate 7&#8243; Scale Action Figure\"}]},{\"@type\":\"WebSite\",\"@id\":\"https:\\\/\\\/madabouthorror.co.uk\\\/#website\",\"url\":\"https:\\\/\\\/madabouthorror.co.uk\\\/\",\"name\":\"Mad About Horror\",\"description\":\"\",\"publisher\":{\"@id\":\"https:\\\/\\\/madabouthorror.co.uk\\\/#organization\"},\"alternateName\":\"Mad About Horror Limited\",\"potentialAction\":[{\"@type\":\"SearchAction\",\"target\":{\"@type\":\"EntryPoint\",\"urlTemplate\":\"https:\\\/\\\/madabouthorror.co.uk\\\/?s={search_term_string}\"},\"query-input\":{\"@type\":\"PropertyValueSpecification\",\"valueRequired\":true,\"valueName\":\"search_term_string\"}}],\"inLanguage\":\"de\"},{\"@type\":\"Organization\",\"@id\":\"https:\\\/\\\/madabouthorror.co.uk\\\/#organization\",\"name\":\"Mad About Horror\",\"url\":\"https:\\\/\\\/madabouthorror.co.uk\\\/\",\"logo\":{\"@type\":\"ImageObject\",\"inLanguage\":\"de\",\"@id\":\"https:\\\/\\\/madabouthorror.co.uk\\\/#\\\/schema\\\/logo\\\/image\\\/\",\"url\":\"https:\\\/\\\/madabouthorror.co.uk\\\/wp-content\\\/uploads\\\/2024\\\/02\\\/cropped-Logo.png\",\"contentUrl\":\"https:\\\/\\\/madabouthorror.co.uk\\\/wp-content\\\/uploads\\\/2024\\\/02\\\/cropped-Logo.png\",\"width\":240,\"height\":88,\"caption\":\"Mad About Horror\"},\"image\":{\"@id\":\"https:\\\/\\\/madabouthorror.co.uk\\\/#\\\/schema\\\/logo\\\/image\\\/\"},\"sameAs\":[\"https:\\\/\\\/www.facebook.com\\\/madabouthorror\\\/\",\"https:\\\/\\\/www.instagram.com\\\/madabouthorror\\\/\",\"https:\\\/\\\/www.pinterest.co.uk\\\/madabouthorror\\\/\",\"https:\\\/\\\/www.youtube.com\\\/channel\\\/UCBooLOIxjoQ89dj6T5lWm_w\",\"https:\\\/\\\/www.tiktok.com\\\/@weremadabouthorror\"]}]}<\/script>\n<!-- \/ Yoast SEO plugin. -->","yoast_head_json":{"title":"Halloween 2 (1981) Michael Myers Ultimative 18 cm Actionfigur","description":"Halloween 2 (1981) Ultimate Michael Myers 7\" NECA-Figur. JETZT erh\u00e4ltlich in Gro\u00dfbritannien bei Mad About Horror. Kaufen Sie online oder rufen Sie 01482 935936 an.","robots":{"index":"index","follow":"follow","max-snippet":"max-snippet:-1","max-image-preview":"max-image-preview:large","max-video-preview":"max-video-preview:-1"},"canonical":"https:\/\/madabouthorror.co.uk\/de\/product\/neca-halloween-2-1981-7-ultimate-michael-myers-action-figure\/","og_locale":"de_DE","og_type":"article","og_title":"Halloween 2 (1981) Michael Myers Ultimate 7\" Scale Action Figure","og_description":"Halloween 2 (1981) Ultimate Michael Myers 7\" NECA figure. Available NOW in the UK from Mad About Horror. Buy online or call 01482 935936.","og_url":"https:\/\/madabouthorror.co.uk\/de\/product\/neca-halloween-2-1981-7-ultimate-michael-myers-action-figure\/","og_site_name":"Mad About Horror","article_publisher":"https:\/\/www.facebook.com\/madabouthorror\/","article_modified_time":"2026-04-14T10:53:26+00:00","og_image":[{"width":650,"height":650,"url":"https:\/\/madabouthorror.co.uk\/wp-content\/uploads\/2019\/05\/halloween_2_neca_ultimate_michael_myers_action_figure.jpg","type":"image\/jpeg"}],"twitter_card":"summary_large_image","twitter_misc":{"Gesch\u00e4tzte Lesezeit":"1\u00a0Minute"},"schema":{"@context":"https:\/\/schema.org","@graph":[{"@type":["WebPage","ItemPage"],"@id":"https:\/\/madabouthorror.co.uk\/product\/neca-halloween-2-1981-7-ultimate-michael-myers-action-figure\/","url":"https:\/\/madabouthorror.co.uk\/product\/neca-halloween-2-1981-7-ultimate-michael-myers-action-figure\/","name":"Halloween 2 (1981) Michael Myers Ultimative 18 cm Actionfigur","isPartOf":{"@id":"https:\/\/madabouthorror.co.uk\/#website"},"primaryImageOfPage":{"@id":"https:\/\/madabouthorror.co.uk\/product\/neca-halloween-2-1981-7-ultimate-michael-myers-action-figure\/#primaryimage"},"image":{"@id":"https:\/\/madabouthorror.co.uk\/product\/neca-halloween-2-1981-7-ultimate-michael-myers-action-figure\/#primaryimage"},"thumbnailUrl":"https:\/\/madabouthorror.co.uk\/wp-content\/uploads\/2019\/05\/halloween_2_neca_ultimate_michael_myers_action_figure.jpg","datePublished":"2019-05-08T14:38:52+00:00","dateModified":"2026-04-14T10:53:26+00:00","description":"Halloween 2 (1981) Ultimate Michael Myers 7\" NECA-Figur. JETZT erh\u00e4ltlich in Gro\u00dfbritannien bei Mad About Horror. Kaufen Sie online oder rufen Sie 01482 935936 an.","breadcrumb":{"@id":"https:\/\/madabouthorror.co.uk\/product\/neca-halloween-2-1981-7-ultimate-michael-myers-action-figure\/#breadcrumb"},"inLanguage":"de","potentialAction":[{"@type":"ReadAction","target":["https:\/\/madabouthorror.co.uk\/product\/neca-halloween-2-1981-7-ultimate-michael-myers-action-figure\/"]}]},{"@type":"ImageObject","inLanguage":"de","@id":"https:\/\/madabouthorror.co.uk\/product\/neca-halloween-2-1981-7-ultimate-michael-myers-action-figure\/#primaryimage","url":"https:\/\/madabouthorror.co.uk\/wp-content\/uploads\/2019\/05\/halloween_2_neca_ultimate_michael_myers_action_figure.jpg","contentUrl":"https:\/\/madabouthorror.co.uk\/wp-content\/uploads\/2019\/05\/halloween_2_neca_ultimate_michael_myers_action_figure.jpg","width":650,"height":650,"caption":"Halloween 2 (1981) 7\" Ultimate Michael Myers Action Figure"},{"@type":"BreadcrumbList","@id":"https:\/\/madabouthorror.co.uk\/product\/neca-halloween-2-1981-7-ultimate-michael-myers-action-figure\/#breadcrumb","itemListElement":[{"@type":"ListItem","position":1,"name":"Shop","item":"https:\/\/madabouthorror.co.uk\/shop\/"},{"@type":"ListItem","position":2,"name":"Halloween 2 (1981) &#8211; Michael Myers Ultimate 7&#8243; Scale Action Figure"}]},{"@type":"WebSite","@id":"https:\/\/madabouthorror.co.uk\/#website","url":"https:\/\/madabouthorror.co.uk\/","name":"Verr\u00fcckt nach Horror","description":"","publisher":{"@id":"https:\/\/madabouthorror.co.uk\/#organization"},"alternateName":"Mad About Horror Limited","potentialAction":[{"@type":"SearchAction","target":{"@type":"EntryPoint","urlTemplate":"https:\/\/madabouthorror.co.uk\/?s={search_term_string}"},"query-input":{"@type":"PropertyValueSpecification","valueRequired":true,"valueName":"search_term_string"}}],"inLanguage":"de"},{"@type":"Organization","@id":"https:\/\/madabouthorror.co.uk\/#organization","name":"Verr\u00fcckt nach Horror","url":"https:\/\/madabouthorror.co.uk\/","logo":{"@type":"ImageObject","inLanguage":"de","@id":"https:\/\/madabouthorror.co.uk\/#\/schema\/logo\/image\/","url":"https:\/\/madabouthorror.co.uk\/wp-content\/uploads\/2024\/02\/cropped-Logo.png","contentUrl":"https:\/\/madabouthorror.co.uk\/wp-content\/uploads\/2024\/02\/cropped-Logo.png","width":240,"height":88,"caption":"Mad About Horror"},"image":{"@id":"https:\/\/madabouthorror.co.uk\/#\/schema\/logo\/image\/"},"sameAs":["https:\/\/www.facebook.com\/madabouthorror\/","https:\/\/www.instagram.com\/madabouthorror\/","https:\/\/www.pinterest.co.uk\/madabouthorror\/","https:\/\/www.youtube.com\/channel\/UCBooLOIxjoQ89dj6T5lWm_w","https:\/\/www.tiktok.com\/@weremadabouthorror"]}]}},"df_price":46.95,"df_sale_price":"","df_regular_price":46.95,"df_image_link":"https:\/\/madabouthorror.co.uk\/wp-content\/uploads\/2019\/05\/halloween_2_neca_ultimate_michael_myers_action_figure-300x300.jpg","_links":{"self":[{"href":"https:\/\/madabouthorror.co.uk\/de\/wp-json\/wp\/v2\/product\/41742","targetHints":{"allow":["GET"]}}],"collection":[{"href":"https:\/\/madabouthorror.co.uk\/de\/wp-json\/wp\/v2\/product"}],"about":[{"href":"https:\/\/madabouthorror.co.uk\/de\/wp-json\/wp\/v2\/types\/product"}],"replies":[{"embeddable":true,"href":"https:\/\/madabouthorror.co.uk\/de\/wp-json\/wp\/v2\/comments?post=41742"}],"wp:featuredmedia":[{"embeddable":true,"href":"https:\/\/madabouthorror.co.uk\/de\/wp-json\/wp\/v2\/media\/41735"}],"wp:attachment":[{"href":"https:\/\/madabouthorror.co.uk\/de\/wp-json\/wp\/v2\/media?parent=41742"}],"wp:term":[{"taxonomy":"product_brand","embeddable":true,"href":"https:\/\/madabouthorror.co.uk\/de\/wp-json\/wp\/v2\/product_brand?post=41742"},{"taxonomy":"product_cat","embeddable":true,"href":"https:\/\/madabouthorror.co.uk\/de\/wp-json\/wp\/v2\/product_cat?post=41742"},{"taxonomy":"product_tag","embeddable":true,"href":"https:\/\/madabouthorror.co.uk\/de\/wp-json\/wp\/v2\/product_tag?post=41742"}],"curies":[{"name":"wp","href":"https:\/\/api.w.org\/{rel}","templated":true}]}}