{"id":41754,"date":"2019-05-08T15:38:53","date_gmt":"2019-05-08T14:38:53","guid":{"rendered":"https:\/\/mah.6bdv.ws\/product\/terrifier-art-the-clown-mask\/"},"modified":"2026-04-17T20:48:28","modified_gmt":"2026-04-17T19:48:28","slug":"terrifier-art-the-clown-mask","status":"publish","type":"product","link":"https:\/\/madabouthorror.co.uk\/de\/product\/terrifier-art-the-clown-mask\/","title":{"rendered":"Terrifier - Kunst der Clownsmaske"},"content":{"rendered":"<p>Wir stellen die offizielle Terrifier - Art the Clown Maske von Trick or Treat Studios vor! Diese von Russ Lukich entworfene Maske ist eine tadellose Nachbildung des Make-ups, das Art the Clown in dem Kultklassiker Terrifier tr\u00e4gt. Sie f\u00e4ngt jedes Detail ein, von den verr\u00fcckten Augen und der spitzen Nase bis hin zum wahnsinnigen Grinsen.<\/p>\n<p>Bestellen Sie noch heute Ihre offizielle Terrifier Art the Clown Maske und machen Sie sich bereit, die Nachbarschaft an diesem Halloween zu erschrecken!<\/p>\n<p>Sie wollen mehr? Besuchen Sie unser <a href=\"https:\/\/madabouthorror.co.uk\/de\/c\/masks\/movie-tv\/terrifier-art-the-clown\/\">Kunst der Clownsmasken<\/a>.<\/p>","protected":false},"excerpt":{"rendered":"<p>Wir stellen die offizielle Terrifier - Art the Clown Maske von Trick or Treat Studios vor! Diese von Russ Lukich entworfene Maske ist eine tadellose Nachbildung des Make-ups, das Art the Clown in dem Kultklassiker Terrifier tr\u00e4gt. Jedes Detail, von den verr\u00fcckten Augen \u00fcber die spitze Nase bis hin zum irren Grinsen, ist perfekt eingefangen. Bestellen Sie Ihre Offizielle [...]<\/p>","protected":false},"featured_media":41750,"comment_status":"closed","ping_status":"closed","template":"","meta":{"_acf_changed":false},"product_brand":[],"product_cat":[10079,10152,6580,10100,10130,10038,9962,6541,6787,6792,6701],"product_tag":[],"class_list":{"0":"post-41754","1":"product","2":"type-product","3":"status-publish","4":"has-post-thumbnail","6":"product_cat-art-the-clown-costume","7":"product_cat-art-the-clown-masks","8":"product_cat-movie-tv","9":"product_cat-latex-masks","10":"product_cat-top-50-gifts","11":"product_cat-horror-gifts","12":"product_cat-trick-or-treat-studios-masks","13":"product_cat-masks","14":"product_cat-art-the-clown","15":"product_cat-trick-or-treat-studios","16":"product_cat-terrifier","18":"first","19":"instock","20":"taxable","21":"shipping-taxable","22":"purchasable","23":"product-type-simple"},"supplier_id":467429,"supplier_sku":"RLDA100","barcode":"811501031192","atum_controlled":true,"out_stock_date":null,"out_stock_threshold":null,"inheritable":false,"inbound_stock":60,"stock_on_hold":1,"sold_today":0,"sales_last_days":4,"reserved_stock":0,"customer_returns":0,"warehouse_damage":0,"lost_in_post":0,"other_logs":0,"out_stock_days":0,"lost_sales":0,"has_location":false,"update_date":"2026-04-18T02:05:41","atum_locations":[],"atum_stock_status":"instock","restock_status":false,"low_stock_amount":4,"sales_update_date":"2026-04-18T02:05:40","calc_backorders":null,"acf":[],"yoast_head":"<!-- This site is optimized with the Yoast SEO plugin v27.4 - https:\/\/yoast.com\/product\/yoast-seo-wordpress\/ -->\n<title>Terrifier - Art the Clown Mask by TOTs - Mad About Horror<\/title>\n<meta name=\"description\" content=\"Official Terrifier - Art the Clown latex collectors mask by Trick or Treat Studios. Next day delivery available in the UK from Mad About Horror - 01482 935936\" \/>\n<meta name=\"robots\" content=\"index, follow, max-snippet:-1, max-image-preview:large, max-video-preview:-1\" \/>\n<link rel=\"canonical\" href=\"https:\/\/madabouthorror.co.uk\/de\/product\/terrifier-art-the-clown-mask\/\" \/>\n<meta property=\"og:locale\" content=\"de_DE\" \/>\n<meta property=\"og:type\" content=\"article\" \/>\n<meta property=\"og:title\" content=\"Terrifier - Art the Clown Mask by TOTs - Mad About Horror\" \/>\n<meta property=\"og:description\" content=\"Official Terrifier - Art the Clown latex collectors mask by Trick or Treat Studios. Next day delivery available in the UK from Mad About Horror - 01482 935936\" \/>\n<meta property=\"og:url\" content=\"https:\/\/madabouthorror.co.uk\/de\/product\/terrifier-art-the-clown-mask\/\" \/>\n<meta property=\"og:site_name\" content=\"Mad About Horror\" \/>\n<meta property=\"article:publisher\" content=\"https:\/\/www.facebook.com\/madabouthorror\/\" \/>\n<meta property=\"article:modified_time\" content=\"2026-04-17T19:48:28+00:00\" \/>\n<meta property=\"og:image\" content=\"https:\/\/madabouthorror.co.uk\/wp-content\/uploads\/2019\/05\/115469324_3.jpg\" \/>\n\t<meta property=\"og:image:width\" content=\"1000\" \/>\n\t<meta property=\"og:image:height\" content=\"1000\" \/>\n\t<meta property=\"og:image:type\" content=\"image\/jpeg\" \/>\n<meta name=\"twitter:card\" content=\"summary_large_image\" \/>\n<meta name=\"twitter:label1\" content=\"Gesch\u00e4tzte Lesezeit\" \/>\n\t<meta name=\"twitter:data1\" content=\"1\u00a0Minute\" \/>\n<script type=\"application\/ld+json\" class=\"yoast-schema-graph\">{\"@context\":\"https:\\\/\\\/schema.org\",\"@graph\":[{\"@type\":[\"WebPage\",\"ItemPage\"],\"@id\":\"https:\\\/\\\/madabouthorror.co.uk\\\/product\\\/terrifier-art-the-clown-mask\\\/\",\"url\":\"https:\\\/\\\/madabouthorror.co.uk\\\/product\\\/terrifier-art-the-clown-mask\\\/\",\"name\":\"Terrifier - Art the Clown Mask by TOTs - Mad About Horror\",\"isPartOf\":{\"@id\":\"https:\\\/\\\/madabouthorror.co.uk\\\/#website\"},\"primaryImageOfPage\":{\"@id\":\"https:\\\/\\\/madabouthorror.co.uk\\\/product\\\/terrifier-art-the-clown-mask\\\/#primaryimage\"},\"image\":{\"@id\":\"https:\\\/\\\/madabouthorror.co.uk\\\/product\\\/terrifier-art-the-clown-mask\\\/#primaryimage\"},\"thumbnailUrl\":\"https:\\\/\\\/madabouthorror.co.uk\\\/wp-content\\\/uploads\\\/2019\\\/05\\\/115469324_3.jpg\",\"datePublished\":\"2019-05-08T14:38:53+00:00\",\"dateModified\":\"2026-04-17T19:48:28+00:00\",\"description\":\"Official Terrifier - Art the Clown latex collectors mask by Trick or Treat Studios. Next day delivery available in the UK from Mad About Horror - 01482 935936\",\"breadcrumb\":{\"@id\":\"https:\\\/\\\/madabouthorror.co.uk\\\/product\\\/terrifier-art-the-clown-mask\\\/#breadcrumb\"},\"inLanguage\":\"de\",\"potentialAction\":[{\"@type\":\"ReadAction\",\"target\":[\"https:\\\/\\\/madabouthorror.co.uk\\\/product\\\/terrifier-art-the-clown-mask\\\/\"]}]},{\"@type\":\"ImageObject\",\"inLanguage\":\"de\",\"@id\":\"https:\\\/\\\/madabouthorror.co.uk\\\/product\\\/terrifier-art-the-clown-mask\\\/#primaryimage\",\"url\":\"https:\\\/\\\/madabouthorror.co.uk\\\/wp-content\\\/uploads\\\/2019\\\/05\\\/115469324_3.jpg\",\"contentUrl\":\"https:\\\/\\\/madabouthorror.co.uk\\\/wp-content\\\/uploads\\\/2019\\\/05\\\/115469324_3.jpg\",\"width\":1000,\"height\":1000,\"caption\":\"Terrifier - Art the Clown Mask - Trick or Treat Studios\"},{\"@type\":\"BreadcrumbList\",\"@id\":\"https:\\\/\\\/madabouthorror.co.uk\\\/product\\\/terrifier-art-the-clown-mask\\\/#breadcrumb\",\"itemListElement\":[{\"@type\":\"ListItem\",\"position\":1,\"name\":\"Shop\",\"item\":\"https:\\\/\\\/madabouthorror.co.uk\\\/shop\\\/\"},{\"@type\":\"ListItem\",\"position\":2,\"name\":\"Terrifier &#8211; Art the Clown Mask\"}]},{\"@type\":\"WebSite\",\"@id\":\"https:\\\/\\\/madabouthorror.co.uk\\\/#website\",\"url\":\"https:\\\/\\\/madabouthorror.co.uk\\\/\",\"name\":\"Mad About Horror\",\"description\":\"\",\"publisher\":{\"@id\":\"https:\\\/\\\/madabouthorror.co.uk\\\/#organization\"},\"alternateName\":\"Mad About Horror Limited\",\"potentialAction\":[{\"@type\":\"SearchAction\",\"target\":{\"@type\":\"EntryPoint\",\"urlTemplate\":\"https:\\\/\\\/madabouthorror.co.uk\\\/?s={search_term_string}\"},\"query-input\":{\"@type\":\"PropertyValueSpecification\",\"valueRequired\":true,\"valueName\":\"search_term_string\"}}],\"inLanguage\":\"de\"},{\"@type\":\"Organization\",\"@id\":\"https:\\\/\\\/madabouthorror.co.uk\\\/#organization\",\"name\":\"Mad About Horror\",\"url\":\"https:\\\/\\\/madabouthorror.co.uk\\\/\",\"logo\":{\"@type\":\"ImageObject\",\"inLanguage\":\"de\",\"@id\":\"https:\\\/\\\/madabouthorror.co.uk\\\/#\\\/schema\\\/logo\\\/image\\\/\",\"url\":\"https:\\\/\\\/madabouthorror.co.uk\\\/wp-content\\\/uploads\\\/2024\\\/02\\\/cropped-Logo.png\",\"contentUrl\":\"https:\\\/\\\/madabouthorror.co.uk\\\/wp-content\\\/uploads\\\/2024\\\/02\\\/cropped-Logo.png\",\"width\":240,\"height\":88,\"caption\":\"Mad About Horror\"},\"image\":{\"@id\":\"https:\\\/\\\/madabouthorror.co.uk\\\/#\\\/schema\\\/logo\\\/image\\\/\"},\"sameAs\":[\"https:\\\/\\\/www.facebook.com\\\/madabouthorror\\\/\",\"https:\\\/\\\/www.instagram.com\\\/madabouthorror\\\/\",\"https:\\\/\\\/www.pinterest.co.uk\\\/madabouthorror\\\/\",\"https:\\\/\\\/www.youtube.com\\\/channel\\\/UCBooLOIxjoQ89dj6T5lWm_w\",\"https:\\\/\\\/www.tiktok.com\\\/@weremadabouthorror\"]}]}<\/script>\n<!-- \/ Yoast SEO plugin. -->","yoast_head_json":{"title":"Terrifier - Art the Clown Mask von TOTs - Mad About Horror","description":"Offizielle Terrifier - Art the Clown Latex Sammlermaske von Trick or Treat Studios. Lieferung am n\u00e4chsten Tag in Gro\u00dfbritannien von Mad About Horror - 01482 935936","robots":{"index":"index","follow":"follow","max-snippet":"max-snippet:-1","max-image-preview":"max-image-preview:large","max-video-preview":"max-video-preview:-1"},"canonical":"https:\/\/madabouthorror.co.uk\/de\/product\/terrifier-art-the-clown-mask\/","og_locale":"de_DE","og_type":"article","og_title":"Terrifier - Art the Clown Mask by TOTs - Mad About Horror","og_description":"Official Terrifier - Art the Clown latex collectors mask by Trick or Treat Studios. Next day delivery available in the UK from Mad About Horror - 01482 935936","og_url":"https:\/\/madabouthorror.co.uk\/de\/product\/terrifier-art-the-clown-mask\/","og_site_name":"Mad About Horror","article_publisher":"https:\/\/www.facebook.com\/madabouthorror\/","article_modified_time":"2026-04-17T19:48:28+00:00","og_image":[{"width":1000,"height":1000,"url":"https:\/\/madabouthorror.co.uk\/wp-content\/uploads\/2019\/05\/115469324_3.jpg","type":"image\/jpeg"}],"twitter_card":"summary_large_image","twitter_misc":{"Gesch\u00e4tzte Lesezeit":"1\u00a0Minute"},"schema":{"@context":"https:\/\/schema.org","@graph":[{"@type":["WebPage","ItemPage"],"@id":"https:\/\/madabouthorror.co.uk\/product\/terrifier-art-the-clown-mask\/","url":"https:\/\/madabouthorror.co.uk\/product\/terrifier-art-the-clown-mask\/","name":"Terrifier - Art the Clown Mask von TOTs - Mad About Horror","isPartOf":{"@id":"https:\/\/madabouthorror.co.uk\/#website"},"primaryImageOfPage":{"@id":"https:\/\/madabouthorror.co.uk\/product\/terrifier-art-the-clown-mask\/#primaryimage"},"image":{"@id":"https:\/\/madabouthorror.co.uk\/product\/terrifier-art-the-clown-mask\/#primaryimage"},"thumbnailUrl":"https:\/\/madabouthorror.co.uk\/wp-content\/uploads\/2019\/05\/115469324_3.jpg","datePublished":"2019-05-08T14:38:53+00:00","dateModified":"2026-04-17T19:48:28+00:00","description":"Offizielle Terrifier - Art the Clown Latex Sammlermaske von Trick or Treat Studios. Lieferung am n\u00e4chsten Tag in Gro\u00dfbritannien von Mad About Horror - 01482 935936","breadcrumb":{"@id":"https:\/\/madabouthorror.co.uk\/product\/terrifier-art-the-clown-mask\/#breadcrumb"},"inLanguage":"de","potentialAction":[{"@type":"ReadAction","target":["https:\/\/madabouthorror.co.uk\/product\/terrifier-art-the-clown-mask\/"]}]},{"@type":"ImageObject","inLanguage":"de","@id":"https:\/\/madabouthorror.co.uk\/product\/terrifier-art-the-clown-mask\/#primaryimage","url":"https:\/\/madabouthorror.co.uk\/wp-content\/uploads\/2019\/05\/115469324_3.jpg","contentUrl":"https:\/\/madabouthorror.co.uk\/wp-content\/uploads\/2019\/05\/115469324_3.jpg","width":1000,"height":1000,"caption":"Terrifier - Art the Clown Mask - Trick or Treat Studios"},{"@type":"BreadcrumbList","@id":"https:\/\/madabouthorror.co.uk\/product\/terrifier-art-the-clown-mask\/#breadcrumb","itemListElement":[{"@type":"ListItem","position":1,"name":"Shop","item":"https:\/\/madabouthorror.co.uk\/shop\/"},{"@type":"ListItem","position":2,"name":"Terrifier &#8211; Art the Clown Mask"}]},{"@type":"WebSite","@id":"https:\/\/madabouthorror.co.uk\/#website","url":"https:\/\/madabouthorror.co.uk\/","name":"Verr\u00fcckt nach Horror","description":"","publisher":{"@id":"https:\/\/madabouthorror.co.uk\/#organization"},"alternateName":"Mad About Horror Limited","potentialAction":[{"@type":"SearchAction","target":{"@type":"EntryPoint","urlTemplate":"https:\/\/madabouthorror.co.uk\/?s={search_term_string}"},"query-input":{"@type":"PropertyValueSpecification","valueRequired":true,"valueName":"search_term_string"}}],"inLanguage":"de"},{"@type":"Organization","@id":"https:\/\/madabouthorror.co.uk\/#organization","name":"Verr\u00fcckt nach Horror","url":"https:\/\/madabouthorror.co.uk\/","logo":{"@type":"ImageObject","inLanguage":"de","@id":"https:\/\/madabouthorror.co.uk\/#\/schema\/logo\/image\/","url":"https:\/\/madabouthorror.co.uk\/wp-content\/uploads\/2024\/02\/cropped-Logo.png","contentUrl":"https:\/\/madabouthorror.co.uk\/wp-content\/uploads\/2024\/02\/cropped-Logo.png","width":240,"height":88,"caption":"Mad About Horror"},"image":{"@id":"https:\/\/madabouthorror.co.uk\/#\/schema\/logo\/image\/"},"sameAs":["https:\/\/www.facebook.com\/madabouthorror\/","https:\/\/www.instagram.com\/madabouthorror\/","https:\/\/www.pinterest.co.uk\/madabouthorror\/","https:\/\/www.youtube.com\/channel\/UCBooLOIxjoQ89dj6T5lWm_w","https:\/\/www.tiktok.com\/@weremadabouthorror"]}]}},"df_price":67.66,"df_sale_price":"","df_regular_price":67.66,"df_image_link":"https:\/\/madabouthorror.co.uk\/wp-content\/uploads\/2019\/05\/115469324_3-300x300.jpg","_links":{"self":[{"href":"https:\/\/madabouthorror.co.uk\/de\/wp-json\/wp\/v2\/product\/41754","targetHints":{"allow":["GET"]}}],"collection":[{"href":"https:\/\/madabouthorror.co.uk\/de\/wp-json\/wp\/v2\/product"}],"about":[{"href":"https:\/\/madabouthorror.co.uk\/de\/wp-json\/wp\/v2\/types\/product"}],"replies":[{"embeddable":true,"href":"https:\/\/madabouthorror.co.uk\/de\/wp-json\/wp\/v2\/comments?post=41754"}],"wp:featuredmedia":[{"embeddable":true,"href":"https:\/\/madabouthorror.co.uk\/de\/wp-json\/wp\/v2\/media\/41750"}],"wp:attachment":[{"href":"https:\/\/madabouthorror.co.uk\/de\/wp-json\/wp\/v2\/media?parent=41754"}],"wp:term":[{"taxonomy":"product_brand","embeddable":true,"href":"https:\/\/madabouthorror.co.uk\/de\/wp-json\/wp\/v2\/product_brand?post=41754"},{"taxonomy":"product_cat","embeddable":true,"href":"https:\/\/madabouthorror.co.uk\/de\/wp-json\/wp\/v2\/product_cat?post=41754"},{"taxonomy":"product_tag","embeddable":true,"href":"https:\/\/madabouthorror.co.uk\/de\/wp-json\/wp\/v2\/product_tag?post=41754"}],"curies":[{"name":"wp","href":"https:\/\/api.w.org\/{rel}","templated":true}]}}