{"id":41756,"date":"2019-05-08T15:38:53","date_gmt":"2019-05-08T14:38:53","guid":{"rendered":"https:\/\/mah.6bdv.ws\/product\/terrifier-art-the-clown-costume\/"},"modified":"2026-04-20T13:42:32","modified_gmt":"2026-04-20T12:42:32","slug":"terrifier-art-the-clown-costume","status":"publish","type":"product","link":"https:\/\/madabouthorror.co.uk\/de\/product\/terrifier-art-the-clown-costume\/","title":{"rendered":"Terrifier Art der Clown Kost\u00fcm"},"content":{"rendered":"<h4>Terrifier Art der Clown Kost\u00fcm<\/h4>\n<p>Trick or Treat Studios und Dark Age LLC sind stolz, das offizielle Terrifier - Art the Clown Kost\u00fcm zu pr\u00e4sentieren! <strong><span style=\"font-size: 14px;\">MASKE NICHT ENTHALTEN<\/span><\/strong><\/p>\n<p>Dieses erstaunliche Kost\u00fcm wurde aus dem gebrauchten Filmkost\u00fcm entwickelt, das TOTS freundlicherweise zur Verf\u00fcgung gestellt wurde, um eine Eins-zu-Eins-Replik zu erstellen. Damit kommt dieses Kost\u00fcm dem eigenen Filmkost\u00fcm so nahe wie nie zuvor!<\/p>\n<p>Jedes Detail des Kost\u00fcms von Art the Clown ist in diesem unglaublichen Kost\u00fcm enthalten.<\/p>\n<p>Also bestelle dein Offizielles Terrifier Art the Clown Kost\u00fcm und unsere Terrifier Art the Clown Maske und erschrecke deine Nachbarschaft dieses Halloween!<\/p>\n<p>Weitere Informationen finden Sie in unserem vollst\u00e4ndigen Angebot oder <a href=\"https:\/\/madabouthorror.co.uk\/de\/c\/movie\/terrifier\/art-the-clown-costume\/\">Art der Clown Kost\u00fcme<\/a>.<\/p>","protected":false},"excerpt":{"rendered":"<p>Terrifier Art the Clown Kost\u00fcm\nTrick or Treat Studios und Dark Age LLC freuen sich, das offizielle Terrifier \u2013 Art the Clown Kost\u00fcm pr\u00e4sentieren zu k\u00f6nnen!\nMASKE NICHT ENTHALTEN\nDieses erstaunliche Kost\u00fcm wurde unter Verwendung des Originalkost\u00fcms, das TOTS freundlicherweise zur Verf\u00fcgung gestellt wurde, entwickelt, um eine exakte Nachbildung zu erstellen, die Ihnen so nahe kommt, wie Sie jemals kommen werden [\u2026]<\/p>","protected":false},"featured_media":41755,"comment_status":"closed","ping_status":"closed","template":"","meta":{"_acf_changed":false},"product_brand":[],"product_cat":[10079,10074,7091,6551,6787,6792,6701],"product_tag":[],"class_list":{"0":"post-41756","1":"product","2":"type-product","3":"status-publish","4":"has-post-thumbnail","6":"product_cat-art-the-clown-costume","7":"product_cat-costumes-trick-or-treat-studios","8":"product_cat-tv-movie","9":"product_cat-costumes","10":"product_cat-art-the-clown","11":"product_cat-trick-or-treat-studios","12":"product_cat-terrifier","14":"first","15":"outofstock","16":"taxable","17":"shipping-taxable","18":"purchasable","19":"product-type-variable"},"supplier_id":471029,"supplier_sku":"TTDA100","barcode":"811501035374","atum_controlled":true,"out_stock_date":null,"out_stock_threshold":null,"inheritable":true,"inbound_stock":60,"stock_on_hold":0,"sold_today":0,"sales_last_days":0,"reserved_stock":0,"customer_returns":0,"warehouse_damage":0,"lost_in_post":0,"other_logs":0,"out_stock_days":0,"lost_sales":0,"has_location":false,"update_date":"2026-04-24T01:37:56","atum_locations":[],"atum_stock_status":"outofstock","restock_status":false,"low_stock_amount":"","sales_update_date":"2026-04-24T01:37:55","calc_backorders":null,"acf":[],"yoast_head":"<!-- This site is optimized with the Yoast SEO plugin v27.4 - https:\/\/yoast.com\/product\/yoast-seo-wordpress\/ -->\n<title>Terrifier Art the Clown Costume by TOTs - Mad About Horror<\/title>\n<meta name=\"description\" content=\"Officially licensed Terrifier Art the Clown Costume by Trick or Treat Studios. Next day delivery available in the UK from Mad About Horror - 01482 935936\" \/>\n<meta name=\"robots\" content=\"index, follow, max-snippet:-1, max-image-preview:large, max-video-preview:-1\" \/>\n<link rel=\"canonical\" href=\"https:\/\/madabouthorror.co.uk\/de\/product\/terrifier-art-the-clown-costume\/\" \/>\n<meta property=\"og:locale\" content=\"de_DE\" \/>\n<meta property=\"og:type\" content=\"article\" \/>\n<meta property=\"og:title\" content=\"Terrifier Art the Clown Costume by TOTs - Mad About Horror\" \/>\n<meta property=\"og:description\" content=\"Officially licensed Terrifier Art the Clown Costume by Trick or Treat Studios. Next day delivery available in the UK from Mad About Horror - 01482 935936\" \/>\n<meta property=\"og:url\" content=\"https:\/\/madabouthorror.co.uk\/de\/product\/terrifier-art-the-clown-costume\/\" \/>\n<meta property=\"og:site_name\" content=\"Mad About Horror\" \/>\n<meta property=\"article:publisher\" content=\"https:\/\/www.facebook.com\/madabouthorror\/\" \/>\n<meta property=\"article:modified_time\" content=\"2026-04-20T12:42:32+00:00\" \/>\n<meta property=\"og:image\" content=\"https:\/\/madabouthorror.co.uk\/wp-content\/uploads\/2019\/05\/115472697_3.jpg\" \/>\n\t<meta property=\"og:image:width\" content=\"1000\" \/>\n\t<meta property=\"og:image:height\" content=\"1000\" \/>\n\t<meta property=\"og:image:type\" content=\"image\/jpeg\" \/>\n<meta name=\"twitter:card\" content=\"summary_large_image\" \/>\n<meta name=\"twitter:label1\" content=\"Gesch\u00e4tzte Lesezeit\" \/>\n\t<meta name=\"twitter:data1\" content=\"1\u00a0Minute\" \/>\n<script type=\"application\/ld+json\" class=\"yoast-schema-graph\">{\"@context\":\"https:\\\/\\\/schema.org\",\"@graph\":[{\"@type\":[\"WebPage\",\"ItemPage\"],\"@id\":\"https:\\\/\\\/madabouthorror.co.uk\\\/product\\\/terrifier-art-the-clown-costume\\\/\",\"url\":\"https:\\\/\\\/madabouthorror.co.uk\\\/product\\\/terrifier-art-the-clown-costume\\\/\",\"name\":\"Terrifier Art the Clown Costume by TOTs - Mad About Horror\",\"isPartOf\":{\"@id\":\"https:\\\/\\\/madabouthorror.co.uk\\\/#website\"},\"primaryImageOfPage\":{\"@id\":\"https:\\\/\\\/madabouthorror.co.uk\\\/product\\\/terrifier-art-the-clown-costume\\\/#primaryimage\"},\"image\":{\"@id\":\"https:\\\/\\\/madabouthorror.co.uk\\\/product\\\/terrifier-art-the-clown-costume\\\/#primaryimage\"},\"thumbnailUrl\":\"https:\\\/\\\/madabouthorror.co.uk\\\/wp-content\\\/uploads\\\/2019\\\/05\\\/115472697_3.jpg\",\"datePublished\":\"2019-05-08T14:38:53+00:00\",\"dateModified\":\"2026-04-20T12:42:32+00:00\",\"description\":\"Officially licensed Terrifier Art the Clown Costume by Trick or Treat Studios. Next day delivery available in the UK from Mad About Horror - 01482 935936\",\"breadcrumb\":{\"@id\":\"https:\\\/\\\/madabouthorror.co.uk\\\/product\\\/terrifier-art-the-clown-costume\\\/#breadcrumb\"},\"inLanguage\":\"de\",\"potentialAction\":[{\"@type\":\"ReadAction\",\"target\":[\"https:\\\/\\\/madabouthorror.co.uk\\\/product\\\/terrifier-art-the-clown-costume\\\/\"]}]},{\"@type\":\"ImageObject\",\"inLanguage\":\"de\",\"@id\":\"https:\\\/\\\/madabouthorror.co.uk\\\/product\\\/terrifier-art-the-clown-costume\\\/#primaryimage\",\"url\":\"https:\\\/\\\/madabouthorror.co.uk\\\/wp-content\\\/uploads\\\/2019\\\/05\\\/115472697_3.jpg\",\"contentUrl\":\"https:\\\/\\\/madabouthorror.co.uk\\\/wp-content\\\/uploads\\\/2019\\\/05\\\/115472697_3.jpg\",\"width\":1000,\"height\":1000,\"caption\":\"Terrifier Art the Clown Costume -0\"},{\"@type\":\"BreadcrumbList\",\"@id\":\"https:\\\/\\\/madabouthorror.co.uk\\\/product\\\/terrifier-art-the-clown-costume\\\/#breadcrumb\",\"itemListElement\":[{\"@type\":\"ListItem\",\"position\":1,\"name\":\"Shop\",\"item\":\"https:\\\/\\\/madabouthorror.co.uk\\\/shop\\\/\"},{\"@type\":\"ListItem\",\"position\":2,\"name\":\"Terrifier Art the Clown Costume\"}]},{\"@type\":\"WebSite\",\"@id\":\"https:\\\/\\\/madabouthorror.co.uk\\\/#website\",\"url\":\"https:\\\/\\\/madabouthorror.co.uk\\\/\",\"name\":\"Mad About Horror\",\"description\":\"\",\"publisher\":{\"@id\":\"https:\\\/\\\/madabouthorror.co.uk\\\/#organization\"},\"alternateName\":\"Mad About Horror Limited\",\"potentialAction\":[{\"@type\":\"SearchAction\",\"target\":{\"@type\":\"EntryPoint\",\"urlTemplate\":\"https:\\\/\\\/madabouthorror.co.uk\\\/?s={search_term_string}\"},\"query-input\":{\"@type\":\"PropertyValueSpecification\",\"valueRequired\":true,\"valueName\":\"search_term_string\"}}],\"inLanguage\":\"de\"},{\"@type\":\"Organization\",\"@id\":\"https:\\\/\\\/madabouthorror.co.uk\\\/#organization\",\"name\":\"Mad About Horror\",\"url\":\"https:\\\/\\\/madabouthorror.co.uk\\\/\",\"logo\":{\"@type\":\"ImageObject\",\"inLanguage\":\"de\",\"@id\":\"https:\\\/\\\/madabouthorror.co.uk\\\/#\\\/schema\\\/logo\\\/image\\\/\",\"url\":\"https:\\\/\\\/madabouthorror.co.uk\\\/wp-content\\\/uploads\\\/2024\\\/02\\\/cropped-Logo.png\",\"contentUrl\":\"https:\\\/\\\/madabouthorror.co.uk\\\/wp-content\\\/uploads\\\/2024\\\/02\\\/cropped-Logo.png\",\"width\":240,\"height\":88,\"caption\":\"Mad About Horror\"},\"image\":{\"@id\":\"https:\\\/\\\/madabouthorror.co.uk\\\/#\\\/schema\\\/logo\\\/image\\\/\"},\"sameAs\":[\"https:\\\/\\\/www.facebook.com\\\/madabouthorror\\\/\",\"https:\\\/\\\/www.instagram.com\\\/madabouthorror\\\/\",\"https:\\\/\\\/www.pinterest.co.uk\\\/madabouthorror\\\/\",\"https:\\\/\\\/www.youtube.com\\\/channel\\\/UCBooLOIxjoQ89dj6T5lWm_w\",\"https:\\\/\\\/www.tiktok.com\\\/@weremadabouthorror\"]}]}<\/script>\n<!-- \/ Yoast SEO plugin. -->","yoast_head_json":{"title":"Terrifier Art the Clown Kost\u00fcm von TOTs - Mad About Horror","description":"Offiziell lizenziertes Art the Clown Kost\u00fcm von Terrifier von Trick or Treat Studios. Lieferung am n\u00e4chsten Tag in Gro\u00dfbritannien von Mad About Horror - 01482 935936","robots":{"index":"index","follow":"follow","max-snippet":"max-snippet:-1","max-image-preview":"max-image-preview:large","max-video-preview":"max-video-preview:-1"},"canonical":"https:\/\/madabouthorror.co.uk\/de\/product\/terrifier-art-the-clown-costume\/","og_locale":"de_DE","og_type":"article","og_title":"Terrifier Art the Clown Costume by TOTs - Mad About Horror","og_description":"Officially licensed Terrifier Art the Clown Costume by Trick or Treat Studios. Next day delivery available in the UK from Mad About Horror - 01482 935936","og_url":"https:\/\/madabouthorror.co.uk\/de\/product\/terrifier-art-the-clown-costume\/","og_site_name":"Mad About Horror","article_publisher":"https:\/\/www.facebook.com\/madabouthorror\/","article_modified_time":"2026-04-20T12:42:32+00:00","og_image":[{"width":1000,"height":1000,"url":"https:\/\/madabouthorror.co.uk\/wp-content\/uploads\/2019\/05\/115472697_3.jpg","type":"image\/jpeg"}],"twitter_card":"summary_large_image","twitter_misc":{"Gesch\u00e4tzte Lesezeit":"1\u00a0Minute"},"schema":{"@context":"https:\/\/schema.org","@graph":[{"@type":["WebPage","ItemPage"],"@id":"https:\/\/madabouthorror.co.uk\/product\/terrifier-art-the-clown-costume\/","url":"https:\/\/madabouthorror.co.uk\/product\/terrifier-art-the-clown-costume\/","name":"Terrifier Art the Clown Kost\u00fcm von TOTs - Mad About Horror","isPartOf":{"@id":"https:\/\/madabouthorror.co.uk\/#website"},"primaryImageOfPage":{"@id":"https:\/\/madabouthorror.co.uk\/product\/terrifier-art-the-clown-costume\/#primaryimage"},"image":{"@id":"https:\/\/madabouthorror.co.uk\/product\/terrifier-art-the-clown-costume\/#primaryimage"},"thumbnailUrl":"https:\/\/madabouthorror.co.uk\/wp-content\/uploads\/2019\/05\/115472697_3.jpg","datePublished":"2019-05-08T14:38:53+00:00","dateModified":"2026-04-20T12:42:32+00:00","description":"Offiziell lizenziertes Art the Clown Kost\u00fcm von Terrifier von Trick or Treat Studios. Lieferung am n\u00e4chsten Tag in Gro\u00dfbritannien von Mad About Horror - 01482 935936","breadcrumb":{"@id":"https:\/\/madabouthorror.co.uk\/product\/terrifier-art-the-clown-costume\/#breadcrumb"},"inLanguage":"de","potentialAction":[{"@type":"ReadAction","target":["https:\/\/madabouthorror.co.uk\/product\/terrifier-art-the-clown-costume\/"]}]},{"@type":"ImageObject","inLanguage":"de","@id":"https:\/\/madabouthorror.co.uk\/product\/terrifier-art-the-clown-costume\/#primaryimage","url":"https:\/\/madabouthorror.co.uk\/wp-content\/uploads\/2019\/05\/115472697_3.jpg","contentUrl":"https:\/\/madabouthorror.co.uk\/wp-content\/uploads\/2019\/05\/115472697_3.jpg","width":1000,"height":1000,"caption":"Terrifier Art the Clown Costume -0"},{"@type":"BreadcrumbList","@id":"https:\/\/madabouthorror.co.uk\/product\/terrifier-art-the-clown-costume\/#breadcrumb","itemListElement":[{"@type":"ListItem","position":1,"name":"Shop","item":"https:\/\/madabouthorror.co.uk\/shop\/"},{"@type":"ListItem","position":2,"name":"Terrifier Art the Clown Costume"}]},{"@type":"WebSite","@id":"https:\/\/madabouthorror.co.uk\/#website","url":"https:\/\/madabouthorror.co.uk\/","name":"Verr\u00fcckt nach Horror","description":"","publisher":{"@id":"https:\/\/madabouthorror.co.uk\/#organization"},"alternateName":"Mad About Horror Limited","potentialAction":[{"@type":"SearchAction","target":{"@type":"EntryPoint","urlTemplate":"https:\/\/madabouthorror.co.uk\/?s={search_term_string}"},"query-input":{"@type":"PropertyValueSpecification","valueRequired":true,"valueName":"search_term_string"}}],"inLanguage":"de"},{"@type":"Organization","@id":"https:\/\/madabouthorror.co.uk\/#organization","name":"Verr\u00fcckt nach Horror","url":"https:\/\/madabouthorror.co.uk\/","logo":{"@type":"ImageObject","inLanguage":"de","@id":"https:\/\/madabouthorror.co.uk\/#\/schema\/logo\/image\/","url":"https:\/\/madabouthorror.co.uk\/wp-content\/uploads\/2024\/02\/cropped-Logo.png","contentUrl":"https:\/\/madabouthorror.co.uk\/wp-content\/uploads\/2024\/02\/cropped-Logo.png","width":240,"height":88,"caption":"Mad About Horror"},"image":{"@id":"https:\/\/madabouthorror.co.uk\/#\/schema\/logo\/image\/"},"sameAs":["https:\/\/www.facebook.com\/madabouthorror\/","https:\/\/www.instagram.com\/madabouthorror\/","https:\/\/www.pinterest.co.uk\/madabouthorror\/","https:\/\/www.youtube.com\/channel\/UCBooLOIxjoQ89dj6T5lWm_w","https:\/\/www.tiktok.com\/@weremadabouthorror"]}]}},"df_price":72.87,"df_sale_price":"","df_regular_price":72.87,"df_image_link":"https:\/\/madabouthorror.co.uk\/wp-content\/uploads\/2019\/05\/115472697_3-300x300.jpg","_links":{"self":[{"href":"https:\/\/madabouthorror.co.uk\/de\/wp-json\/wp\/v2\/product\/41756","targetHints":{"allow":["GET"]}}],"collection":[{"href":"https:\/\/madabouthorror.co.uk\/de\/wp-json\/wp\/v2\/product"}],"about":[{"href":"https:\/\/madabouthorror.co.uk\/de\/wp-json\/wp\/v2\/types\/product"}],"replies":[{"embeddable":true,"href":"https:\/\/madabouthorror.co.uk\/de\/wp-json\/wp\/v2\/comments?post=41756"}],"wp:featuredmedia":[{"embeddable":true,"href":"https:\/\/madabouthorror.co.uk\/de\/wp-json\/wp\/v2\/media\/41755"}],"wp:attachment":[{"href":"https:\/\/madabouthorror.co.uk\/de\/wp-json\/wp\/v2\/media?parent=41756"}],"wp:term":[{"taxonomy":"product_brand","embeddable":true,"href":"https:\/\/madabouthorror.co.uk\/de\/wp-json\/wp\/v2\/product_brand?post=41756"},{"taxonomy":"product_cat","embeddable":true,"href":"https:\/\/madabouthorror.co.uk\/de\/wp-json\/wp\/v2\/product_cat?post=41756"},{"taxonomy":"product_tag","embeddable":true,"href":"https:\/\/madabouthorror.co.uk\/de\/wp-json\/wp\/v2\/product_tag?post=41756"}],"curies":[{"name":"wp","href":"https:\/\/api.w.org\/{rel}","templated":true}]}}