{"id":41936,"date":"2026-02-23T13:51:10","date_gmt":"2026-02-23T13:51:10","guid":{"rendered":"https:\/\/mah.6bdv.ws\/product\/happy-death-day-2u-mascot-mask\/"},"modified":"2026-04-20T13:42:32","modified_gmt":"2026-04-20T12:42:32","slug":"happy-death-day-2u-mascot-mask","status":"publish","type":"product","link":"https:\/\/madabouthorror.co.uk\/de\/product\/happy-death-day-2u-mascot-mask\/","title":{"rendered":"Happy Death Day 2U Maskottchen Maske"},"content":{"rendered":"<h4>Happy Death Day 2U Maskottchen Maske<\/h4>\n<p>Trick or Treat Studios und Blumhouse Productions sind stolz, die offizielle Happy Death Day 2U Maskottchen Maske zu pr\u00e4sentieren!<\/p>\n<p>Die Maske stammt direkt aus der Filmvorlage und ist eine perfekte Nachbildung der Maske, die von den Maskottchen in Happy Death Day 2U getragen wird!<\/p>\n<p>Die Maske ist aus Vacuform, einem hohlen Kunststoff, der mit einem Gummiband verbunden ist, ein echter R\u00fcckgriff auf die Halloweenmasken der 1960er Jahre.<\/p>\n<p>Der Unterschied zwischen der Mascot- und der Killer-Version ist die Farbe. Die Mascot-Version ist sauber und die Killer-Version ist schmutzig.<\/p>\n<p>Holen Sie sich also unsere Happy Death Day 2U Maskottchen Maske und erschrecken Sie Ihre Freunde immer und immer wieder an diesem Halloween!<\/p>\n<p><em>Happy Death Day 2U ist ein Warenzeichen und Copyright von Blumhouse Productions. Lizensiert durch Universal Studios LLC. Alle Rechte vorbehalten.<\/em><\/p>\n<p>&nbsp;<\/p>","protected":false},"excerpt":{"rendered":"<p>Happy Death Day 2U Mask Maskottchen Trick or Treat Studios und Blumhouse Productions sind stolz, die offizielle Happy Death Day 2U Maskottchen Maske zu pr\u00e4sentieren! Die Maske kommt direkt aus der Filmvorlage und ist eine perfekte Nachbildung der Maske, die von den Maskottchen in Happy Death Day 2U getragen wird! Die Maske ist aus [...]<\/p>","protected":false},"featured_media":41931,"comment_status":"closed","ping_status":"closed","template":"","meta":{"_acf_changed":false},"product_brand":[],"product_cat":[6580,10038,9962,6541,9924,6792,6661],"product_tag":[],"class_list":{"0":"post-41936","1":"product","2":"type-product","3":"status-publish","4":"has-post-thumbnail","6":"product_cat-movie-tv","7":"product_cat-horror-gifts","8":"product_cat-trick-or-treat-studios-masks","9":"product_cat-masks","10":"product_cat-trick-or-treat-studios-last-chance","11":"product_cat-trick-or-treat-studios","12":"product_cat-happydeathday","13":"product_shipping_class-small-parcel-economy-3-5-business-days","14":"pa_brand-trickortreatstudios","15":"pa_character-happydeathday","16":"pa_childs_hand-left","17":"pa_google_tax-e4-clothingaccessoriescostume","19":"first","20":"outofstock","21":"taxable","22":"shipping-taxable","23":"purchasable","24":"product-type-simple"},"supplier_id":471029,"supplier_sku":"TTUS133-D","barcode":"811501032380","atum_controlled":true,"out_stock_date":"2026-02-23 13:51:13","out_stock_threshold":null,"inheritable":false,"inbound_stock":0,"stock_on_hold":0,"sold_today":0,"sales_last_days":0,"reserved_stock":0,"customer_returns":0,"warehouse_damage":0,"lost_in_post":0,"other_logs":0,"out_stock_days":56,"lost_sales":0,"has_location":false,"update_date":"2026-04-21T01:55:30","atum_locations":[],"atum_stock_status":"outofstock","restock_status":false,"low_stock_amount":1,"sales_update_date":"2026-04-21T01:55:29","calc_backorders":null,"acf":[],"yoast_head":"<!-- This site is optimized with the Yoast SEO plugin v27.4 - https:\/\/yoast.com\/product\/yoast-seo-wordpress\/ -->\n<title>Happy Death Day 2U Mascot Mask - Mad About Horror<\/title>\n<meta name=\"description\" content=\"Officially licensed Happy Death Day 2U Mascot Mask by Trick or Treat Studios. Next day delivery available in the UK from Mad About Horror - 01482 935936\" \/>\n<meta name=\"robots\" content=\"index, follow, max-snippet:-1, max-image-preview:large, max-video-preview:-1\" \/>\n<link rel=\"canonical\" href=\"https:\/\/madabouthorror.co.uk\/de\/product\/happy-death-day-2u-mascot-mask\/\" \/>\n<meta property=\"og:locale\" content=\"de_DE\" \/>\n<meta property=\"og:type\" content=\"article\" \/>\n<meta property=\"og:title\" content=\"Happy Death Day 2U Mascot Mask - Mad About Horror\" \/>\n<meta property=\"og:description\" content=\"Officially licensed Happy Death Day 2U Mascot Mask by Trick or Treat Studios. Next day delivery available in the UK from Mad About Horror - 01482 935936\" \/>\n<meta property=\"og:url\" content=\"https:\/\/madabouthorror.co.uk\/de\/product\/happy-death-day-2u-mascot-mask\/\" \/>\n<meta property=\"og:site_name\" content=\"Mad About Horror\" \/>\n<meta property=\"article:publisher\" content=\"https:\/\/www.facebook.com\/madabouthorror\/\" \/>\n<meta property=\"article:modified_time\" content=\"2026-04-20T12:42:32+00:00\" \/>\n<meta property=\"og:image\" content=\"https:\/\/madabouthorror.co.uk\/wp-content\/uploads\/2019\/05\/119201059_3.jpg\" \/>\n\t<meta property=\"og:image:width\" content=\"1000\" \/>\n\t<meta property=\"og:image:height\" content=\"1000\" \/>\n\t<meta property=\"og:image:type\" content=\"image\/jpeg\" \/>\n<meta name=\"twitter:card\" content=\"summary_large_image\" \/>\n<meta name=\"twitter:label1\" content=\"Gesch\u00e4tzte Lesezeit\" \/>\n\t<meta name=\"twitter:data1\" content=\"1\u00a0Minute\" \/>\n<script type=\"application\/ld+json\" class=\"yoast-schema-graph\">{\"@context\":\"https:\\\/\\\/schema.org\",\"@graph\":[{\"@type\":[\"WebPage\",\"ItemPage\"],\"@id\":\"https:\\\/\\\/madabouthorror.co.uk\\\/product\\\/happy-death-day-2u-mascot-mask\\\/\",\"url\":\"https:\\\/\\\/madabouthorror.co.uk\\\/product\\\/happy-death-day-2u-mascot-mask\\\/\",\"name\":\"Happy Death Day 2U Mascot Mask - Mad About Horror\",\"isPartOf\":{\"@id\":\"https:\\\/\\\/madabouthorror.co.uk\\\/#website\"},\"primaryImageOfPage\":{\"@id\":\"https:\\\/\\\/madabouthorror.co.uk\\\/product\\\/happy-death-day-2u-mascot-mask\\\/#primaryimage\"},\"image\":{\"@id\":\"https:\\\/\\\/madabouthorror.co.uk\\\/product\\\/happy-death-day-2u-mascot-mask\\\/#primaryimage\"},\"thumbnailUrl\":\"https:\\\/\\\/madabouthorror.co.uk\\\/wp-content\\\/uploads\\\/2019\\\/05\\\/119201059_3.jpg\",\"datePublished\":\"2026-02-23T13:51:10+00:00\",\"dateModified\":\"2026-04-20T12:42:32+00:00\",\"description\":\"Officially licensed Happy Death Day 2U Mascot Mask by Trick or Treat Studios. Next day delivery available in the UK from Mad About Horror - 01482 935936\",\"breadcrumb\":{\"@id\":\"https:\\\/\\\/madabouthorror.co.uk\\\/product\\\/happy-death-day-2u-mascot-mask\\\/#breadcrumb\"},\"inLanguage\":\"de\",\"potentialAction\":[{\"@type\":\"ReadAction\",\"target\":[\"https:\\\/\\\/madabouthorror.co.uk\\\/product\\\/happy-death-day-2u-mascot-mask\\\/\"]}]},{\"@type\":\"ImageObject\",\"inLanguage\":\"de\",\"@id\":\"https:\\\/\\\/madabouthorror.co.uk\\\/product\\\/happy-death-day-2u-mascot-mask\\\/#primaryimage\",\"url\":\"https:\\\/\\\/madabouthorror.co.uk\\\/wp-content\\\/uploads\\\/2019\\\/05\\\/119201059_3.jpg\",\"contentUrl\":\"https:\\\/\\\/madabouthorror.co.uk\\\/wp-content\\\/uploads\\\/2019\\\/05\\\/119201059_3.jpg\",\"width\":1000,\"height\":1000,\"caption\":\"Happy Death Day 2U Mascot Mask-0\"},{\"@type\":\"BreadcrumbList\",\"@id\":\"https:\\\/\\\/madabouthorror.co.uk\\\/product\\\/happy-death-day-2u-mascot-mask\\\/#breadcrumb\",\"itemListElement\":[{\"@type\":\"ListItem\",\"position\":1,\"name\":\"Shop\",\"item\":\"https:\\\/\\\/madabouthorror.co.uk\\\/shop\\\/\"},{\"@type\":\"ListItem\",\"position\":2,\"name\":\"Happy Death Day 2U Mascot Mask\"}]},{\"@type\":\"WebSite\",\"@id\":\"https:\\\/\\\/madabouthorror.co.uk\\\/#website\",\"url\":\"https:\\\/\\\/madabouthorror.co.uk\\\/\",\"name\":\"Mad About Horror\",\"description\":\"\",\"publisher\":{\"@id\":\"https:\\\/\\\/madabouthorror.co.uk\\\/#organization\"},\"alternateName\":\"Mad About Horror Limited\",\"potentialAction\":[{\"@type\":\"SearchAction\",\"target\":{\"@type\":\"EntryPoint\",\"urlTemplate\":\"https:\\\/\\\/madabouthorror.co.uk\\\/?s={search_term_string}\"},\"query-input\":{\"@type\":\"PropertyValueSpecification\",\"valueRequired\":true,\"valueName\":\"search_term_string\"}}],\"inLanguage\":\"de\"},{\"@type\":\"Organization\",\"@id\":\"https:\\\/\\\/madabouthorror.co.uk\\\/#organization\",\"name\":\"Mad About Horror\",\"url\":\"https:\\\/\\\/madabouthorror.co.uk\\\/\",\"logo\":{\"@type\":\"ImageObject\",\"inLanguage\":\"de\",\"@id\":\"https:\\\/\\\/madabouthorror.co.uk\\\/#\\\/schema\\\/logo\\\/image\\\/\",\"url\":\"https:\\\/\\\/madabouthorror.co.uk\\\/wp-content\\\/uploads\\\/2024\\\/02\\\/cropped-Logo.png\",\"contentUrl\":\"https:\\\/\\\/madabouthorror.co.uk\\\/wp-content\\\/uploads\\\/2024\\\/02\\\/cropped-Logo.png\",\"width\":240,\"height\":88,\"caption\":\"Mad About Horror\"},\"image\":{\"@id\":\"https:\\\/\\\/madabouthorror.co.uk\\\/#\\\/schema\\\/logo\\\/image\\\/\"},\"sameAs\":[\"https:\\\/\\\/www.facebook.com\\\/madabouthorror\\\/\",\"https:\\\/\\\/www.instagram.com\\\/madabouthorror\\\/\",\"https:\\\/\\\/www.pinterest.co.uk\\\/madabouthorror\\\/\",\"https:\\\/\\\/www.youtube.com\\\/channel\\\/UCBooLOIxjoQ89dj6T5lWm_w\",\"https:\\\/\\\/www.tiktok.com\\\/@weremadabouthorror\"]}]}<\/script>\n<!-- \/ Yoast SEO plugin. -->","yoast_head_json":{"title":"Happy Death Day 2U Maskottchen Maske - Mad About Horror","description":"Offiziell lizenzierte Happy Death Day 2U Maskottchen Maske von Trick or Treat Studios. Lieferung am n\u00e4chsten Tag verf\u00fcgbar in Gro\u00dfbritannien von Mad About Horror - 01482 935936","robots":{"index":"index","follow":"follow","max-snippet":"max-snippet:-1","max-image-preview":"max-image-preview:large","max-video-preview":"max-video-preview:-1"},"canonical":"https:\/\/madabouthorror.co.uk\/de\/product\/happy-death-day-2u-mascot-mask\/","og_locale":"de_DE","og_type":"article","og_title":"Happy Death Day 2U Mascot Mask - Mad About Horror","og_description":"Officially licensed Happy Death Day 2U Mascot Mask by Trick or Treat Studios. Next day delivery available in the UK from Mad About Horror - 01482 935936","og_url":"https:\/\/madabouthorror.co.uk\/de\/product\/happy-death-day-2u-mascot-mask\/","og_site_name":"Mad About Horror","article_publisher":"https:\/\/www.facebook.com\/madabouthorror\/","article_modified_time":"2026-04-20T12:42:32+00:00","og_image":[{"width":1000,"height":1000,"url":"https:\/\/madabouthorror.co.uk\/wp-content\/uploads\/2019\/05\/119201059_3.jpg","type":"image\/jpeg"}],"twitter_card":"summary_large_image","twitter_misc":{"Gesch\u00e4tzte Lesezeit":"1\u00a0Minute"},"schema":{"@context":"https:\/\/schema.org","@graph":[{"@type":["WebPage","ItemPage"],"@id":"https:\/\/madabouthorror.co.uk\/product\/happy-death-day-2u-mascot-mask\/","url":"https:\/\/madabouthorror.co.uk\/product\/happy-death-day-2u-mascot-mask\/","name":"Happy Death Day 2U Maskottchen Maske - Mad About Horror","isPartOf":{"@id":"https:\/\/madabouthorror.co.uk\/#website"},"primaryImageOfPage":{"@id":"https:\/\/madabouthorror.co.uk\/product\/happy-death-day-2u-mascot-mask\/#primaryimage"},"image":{"@id":"https:\/\/madabouthorror.co.uk\/product\/happy-death-day-2u-mascot-mask\/#primaryimage"},"thumbnailUrl":"https:\/\/madabouthorror.co.uk\/wp-content\/uploads\/2019\/05\/119201059_3.jpg","datePublished":"2026-02-23T13:51:10+00:00","dateModified":"2026-04-20T12:42:32+00:00","description":"Offiziell lizenzierte Happy Death Day 2U Maskottchen Maske von Trick or Treat Studios. Lieferung am n\u00e4chsten Tag verf\u00fcgbar in Gro\u00dfbritannien von Mad About Horror - 01482 935936","breadcrumb":{"@id":"https:\/\/madabouthorror.co.uk\/product\/happy-death-day-2u-mascot-mask\/#breadcrumb"},"inLanguage":"de","potentialAction":[{"@type":"ReadAction","target":["https:\/\/madabouthorror.co.uk\/product\/happy-death-day-2u-mascot-mask\/"]}]},{"@type":"ImageObject","inLanguage":"de","@id":"https:\/\/madabouthorror.co.uk\/product\/happy-death-day-2u-mascot-mask\/#primaryimage","url":"https:\/\/madabouthorror.co.uk\/wp-content\/uploads\/2019\/05\/119201059_3.jpg","contentUrl":"https:\/\/madabouthorror.co.uk\/wp-content\/uploads\/2019\/05\/119201059_3.jpg","width":1000,"height":1000,"caption":"Happy Death Day 2U Mascot Mask-0"},{"@type":"BreadcrumbList","@id":"https:\/\/madabouthorror.co.uk\/product\/happy-death-day-2u-mascot-mask\/#breadcrumb","itemListElement":[{"@type":"ListItem","position":1,"name":"Shop","item":"https:\/\/madabouthorror.co.uk\/shop\/"},{"@type":"ListItem","position":2,"name":"Happy Death Day 2U Mascot Mask"}]},{"@type":"WebSite","@id":"https:\/\/madabouthorror.co.uk\/#website","url":"https:\/\/madabouthorror.co.uk\/","name":"Verr\u00fcckt nach Horror","description":"","publisher":{"@id":"https:\/\/madabouthorror.co.uk\/#organization"},"alternateName":"Mad About Horror Limited","potentialAction":[{"@type":"SearchAction","target":{"@type":"EntryPoint","urlTemplate":"https:\/\/madabouthorror.co.uk\/?s={search_term_string}"},"query-input":{"@type":"PropertyValueSpecification","valueRequired":true,"valueName":"search_term_string"}}],"inLanguage":"de"},{"@type":"Organization","@id":"https:\/\/madabouthorror.co.uk\/#organization","name":"Verr\u00fcckt nach Horror","url":"https:\/\/madabouthorror.co.uk\/","logo":{"@type":"ImageObject","inLanguage":"de","@id":"https:\/\/madabouthorror.co.uk\/#\/schema\/logo\/image\/","url":"https:\/\/madabouthorror.co.uk\/wp-content\/uploads\/2024\/02\/cropped-Logo.png","contentUrl":"https:\/\/madabouthorror.co.uk\/wp-content\/uploads\/2024\/02\/cropped-Logo.png","width":240,"height":88,"caption":"Mad About Horror"},"image":{"@id":"https:\/\/madabouthorror.co.uk\/#\/schema\/logo\/image\/"},"sameAs":["https:\/\/www.facebook.com\/madabouthorror\/","https:\/\/www.instagram.com\/madabouthorror\/","https:\/\/www.pinterest.co.uk\/madabouthorror\/","https:\/\/www.youtube.com\/channel\/UCBooLOIxjoQ89dj6T5lWm_w","https:\/\/www.tiktok.com\/@weremadabouthorror"]}]}},"df_price":31.2,"df_sale_price":"","df_regular_price":31.2,"df_image_link":"https:\/\/madabouthorror.co.uk\/wp-content\/uploads\/2019\/05\/119201059_3-300x300.jpg","_links":{"self":[{"href":"https:\/\/madabouthorror.co.uk\/de\/wp-json\/wp\/v2\/product\/41936","targetHints":{"allow":["GET"]}}],"collection":[{"href":"https:\/\/madabouthorror.co.uk\/de\/wp-json\/wp\/v2\/product"}],"about":[{"href":"https:\/\/madabouthorror.co.uk\/de\/wp-json\/wp\/v2\/types\/product"}],"replies":[{"embeddable":true,"href":"https:\/\/madabouthorror.co.uk\/de\/wp-json\/wp\/v2\/comments?post=41936"}],"wp:featuredmedia":[{"embeddable":true,"href":"https:\/\/madabouthorror.co.uk\/de\/wp-json\/wp\/v2\/media\/41931"}],"wp:attachment":[{"href":"https:\/\/madabouthorror.co.uk\/de\/wp-json\/wp\/v2\/media?parent=41936"}],"wp:term":[{"taxonomy":"product_brand","embeddable":true,"href":"https:\/\/madabouthorror.co.uk\/de\/wp-json\/wp\/v2\/product_brand?post=41936"},{"taxonomy":"product_cat","embeddable":true,"href":"https:\/\/madabouthorror.co.uk\/de\/wp-json\/wp\/v2\/product_cat?post=41936"},{"taxonomy":"product_tag","embeddable":true,"href":"https:\/\/madabouthorror.co.uk\/de\/wp-json\/wp\/v2\/product_tag?post=41936"}],"curies":[{"name":"wp","href":"https:\/\/api.w.org\/{rel}","templated":true}]}}