{"id":41999,"date":"2019-05-08T15:38:54","date_gmt":"2019-05-08T14:38:54","guid":{"rendered":"https:\/\/mah.6bdv.ws\/product\/stew-brewing-witch-animated-figure\/"},"modified":"2026-04-30T11:18:19","modified_gmt":"2026-04-30T10:18:19","slug":"stew-brewing-witch-animated-figure","status":"publish","type":"product","link":"https:\/\/madabouthorror.co.uk\/de\/product\/stew-brewing-witch-animated-figure\/","title":{"rendered":"Eintopf brauende Hexe Animierte Figur"},"content":{"rendered":"<p>Diese brauende Hexen-Figur wird an Halloween sicher die Kinder erschrecken. Diese gruselige b\u00f6se Hexe hat ein ungl\u00fcckliches kleines M\u00e4dchen gefangen und baumelt sie mit den Kn\u00f6cheln \u00fcber ihrem dampfenden Kessel. Sie wird Abendessen sein!<\/p>\n<p>Diese bedrohliche Zauberin steht vor ihrem brodelnden schwarzen Kessel mit flackernden \u201cschwelenden Kohlen\u201d und h\u00e4lt ein kleines blondhaariges Kleinkind an den F\u00fc\u00dfen. Die Hexe ist in ein gesprenkeltes braun-schwarzes Kleid mit einem Seilg\u00fcrtel, einen zerschlissenen Gaze-Schal, eine gruselige Knochenkette und einen passenden spitzen Hut gekleidet.<\/p>\n<p>Sobald sie aktiviert wird, bewegt sie sich von Seite zu Seite, ihre Augen leuchten und ihr Kiefer bewegt sich beim Sprechen und Lachen \u2013 das einzige, was das kleine M\u00e4dchen tun kann, ist um Hilfe zu schreien, w\u00e4hrend sie zappelt und versucht, sich ihrem Griff zu entziehen!<\/p>\n<p style=\"padding-left: 30px;\">Prop wird bei jeder Aktivierung einen von drei Spr\u00fcchen sagen:<\/p>\n<p style=\"padding-left: 30px;\"><em>\u201c(b\u00f6ses Gel\u00e4chter): Eh heh heh heh, du wirst eine leckere Mahlzeit abgeben \u2013 mein Favorit ist das Fleisch einer schwarzen Katze, aber du wirst auch gut passen!<\/em><\/p>\n<p style=\"padding-left: 30px;\"><em>Eh heheheheh!\u201d: \u201cSiehst du, was passiert, wenn du mir in den Weg l\u00e4ufst? Dies sei eine Lektion f\u00fcr dich \u2013 und eine Mahlzeit f\u00fcr mich! Eh heheheh!\u201d<\/em><\/p>\n<p><b>Wird mit einem UK-Netzadapter geliefert<\/b>. <i>Verwenden Sie nur den mitgelieferten Netzadapter, da falsche Netzadapter Sch\u00e4den verursachen k\u00f6nnen.<\/i><\/p>\n<div>\n<div><b>F\u00fcr die \u00fcberdachte Veranda oder f\u00fcr den Innenbereich.<\/b> <i>Bei Verwendung im Freien vor Witterungseinfl\u00fcssen sch\u00fctzen und nicht \u00fcber einen l\u00e4ngeren Zeitraum im Freien stehen lassen.<\/i><\/div>\n<div><\/div>\n<div><b>Bitte beachten:<\/b><i> Diese Requisiten sind nicht f\u00fcr den intensiven kommerziellen Gebrauch geeignet, d. h. sie sollten nicht \u00fcber l\u00e4ngere Zeitr\u00e4ume, z. B. tagelang, betrieben werden. Sie sind f\u00fcr die Verwendung an Halloween gedacht. Wenn Sie Fragen dazu haben, fragen Sie bitte.<\/i><\/div>\n<\/div>\n<p>Materialien: Eisen, PVC, Polyester und Baumwolle. Montage erforderlich. Feste H\u00f6he 80\u2033, Breite 40\u2033, Animation von rechts nach links 36\u2033, Tiefe 45\u2033<\/p>\n<p><strong>Nebelmittel und Nebelmaschine nicht im Lieferumfang enthalten. \u00a0<\/strong>Bitte beachten Sie, dass der Nebelmaschinen-Schlauchaufsatz nicht an allen Nebelmaschinen passt.<\/p>","protected":false},"excerpt":{"rendered":"<p>Diese Hexenfigur mit Eintopfbrauerei wird an Halloween sicherlich die Kinder erschrecken. Diese gruselige b\u00f6se Hexe hat ein ungl\u00fcckliches kleines M\u00e4dchen gefangen und baumelt sie \u00fcber ihrem dampfenden Kessel am Kn\u00f6chel. Sie wird das Abendessen sein! Diese bedrohliche Zauberin steht vor ihrem brodelnden schwarzen Kessel mit flackernden \u201cgl\u00fchenden Kohlen\u201d und h\u00e4lt eine kleine [\u2026]<\/p>","protected":false},"featured_media":543676,"comment_status":"closed","ping_status":"closed","template":"","meta":{"_acf_changed":false},"product_brand":[],"product_cat":[10068,10131,10108,10093,10094,6550,6547,6549,6963,6596,7050,7051,7055,8919],"product_tag":[],"class_list":{"0":"post-41999","1":"product","2":"type-product","3":"status-publish","4":"has-post-thumbnail","6":"product_cat-halloween-decorations-2025","7":"product_cat-halloween-gifts","8":"product_cat-light-up-halloween-decorations","9":"product_cat-indoor-halloween-decorations","10":"product_cat-outdoor-halloween-decorations","11":"product_cat-graveyard-decorations","12":"product_cat-decorations","13":"product_cat-haunted-house","14":"product_cat-animatronics","15":"product_cat-witch-decorations","16":"product_cat-haunted-house-animatronics","17":"product_cat-graveyard-animatronics","18":"product_cat-animated-props-witches","19":"product_cat-pre-order-animatronics","20":"product_shipping_class-props","22":"first","23":"onbackorder","24":"taxable","25":"shipping-taxable","26":"purchasable","27":"product-type-simple"},"supplier_id":467908,"supplier_sku":"MR124462","barcode":"842445116416","atum_controlled":true,"out_stock_date":"2025-07-25 15:16:17","out_stock_threshold":null,"inheritable":false,"inbound_stock":8,"stock_on_hold":0,"sold_today":0,"sales_last_days":0,"reserved_stock":0,"customer_returns":0,"warehouse_damage":0,"lost_in_post":0,"other_logs":0,"out_stock_days":285,"lost_sales":17505,"has_location":false,"update_date":"2026-05-07T00:24:46","atum_locations":[],"atum_stock_status":"onbackorder","restock_status":false,"low_stock_amount":"","sales_update_date":"2026-05-07T00:24:44","calc_backorders":0,"acf":[],"yoast_head":"<!-- This site is optimized with the Yoast SEO plugin v27.5 - https:\/\/yoast.com\/product\/yoast-seo-wordpress\/ -->\n<title>Stew Brewing Witch Animated Figure - Mad About Horror<\/title>\n<meta name=\"description\" content=\"Brewing Witch Animated Figure. Halloween props, masks and decorations. Shop Horror collectibles and Halloween props. Europe\u2019s leading Horror Specialist\" \/>\n<meta name=\"robots\" content=\"index, follow, max-snippet:-1, max-image-preview:large, max-video-preview:-1\" \/>\n<link rel=\"canonical\" href=\"https:\/\/madabouthorror.co.uk\/de\/product\/stew-brewing-witch-animated-figure\/\" \/>\n<meta property=\"og:locale\" content=\"de_DE\" \/>\n<meta property=\"og:type\" content=\"article\" \/>\n<meta property=\"og:title\" content=\"Stew Brewing Witch Animated Figure - Mad About Horror\" \/>\n<meta property=\"og:description\" content=\"Brewing Witch Animated Figure. Halloween props, masks and decorations. Shop Horror collectibles and Halloween props. Europe\u2019s leading Horror Specialist\" \/>\n<meta property=\"og:url\" content=\"https:\/\/madabouthorror.co.uk\/de\/product\/stew-brewing-witch-animated-figure\/\" \/>\n<meta property=\"og:site_name\" content=\"Mad About Horror\" \/>\n<meta property=\"article:publisher\" content=\"https:\/\/www.facebook.com\/madabouthorror\/\" \/>\n<meta property=\"article:modified_time\" content=\"2026-04-30T10:18:19+00:00\" \/>\n<meta property=\"og:image\" content=\"https:\/\/madabouthorror.co.uk\/wp-content\/uploads\/2019\/05\/Landingpagecircles-2copy9-ezgif.com-gif-to-webp-converter.webp\" \/>\n\t<meta property=\"og:image:width\" content=\"800\" \/>\n\t<meta property=\"og:image:height\" content=\"800\" \/>\n\t<meta property=\"og:image:type\" content=\"image\/webp\" \/>\n<meta name=\"twitter:card\" content=\"summary_large_image\" \/>\n<meta name=\"twitter:label1\" content=\"Gesch\u00e4tzte Lesezeit\" \/>\n\t<meta name=\"twitter:data1\" content=\"2\u00a0Minuten\" \/>\n<script type=\"application\/ld+json\" class=\"yoast-schema-graph\">{\"@context\":\"https:\\\/\\\/schema.org\",\"@graph\":[{\"@type\":[\"WebPage\",\"ItemPage\"],\"@id\":\"https:\\\/\\\/madabouthorror.co.uk\\\/product\\\/stew-brewing-witch-animated-figure\\\/\",\"url\":\"https:\\\/\\\/madabouthorror.co.uk\\\/product\\\/stew-brewing-witch-animated-figure\\\/\",\"name\":\"Stew Brewing Witch Animated Figure - Mad About Horror\",\"isPartOf\":{\"@id\":\"https:\\\/\\\/madabouthorror.co.uk\\\/#website\"},\"primaryImageOfPage\":{\"@id\":\"https:\\\/\\\/madabouthorror.co.uk\\\/product\\\/stew-brewing-witch-animated-figure\\\/#primaryimage\"},\"image\":{\"@id\":\"https:\\\/\\\/madabouthorror.co.uk\\\/product\\\/stew-brewing-witch-animated-figure\\\/#primaryimage\"},\"thumbnailUrl\":\"https:\\\/\\\/madabouthorror.co.uk\\\/wp-content\\\/uploads\\\/2019\\\/05\\\/Landingpagecircles-2copy9-ezgif.com-gif-to-webp-converter.webp\",\"datePublished\":\"2019-05-08T14:38:54+00:00\",\"dateModified\":\"2026-04-30T10:18:19+00:00\",\"description\":\"Brewing Witch Animated Figure. Halloween props, masks and decorations. Shop Horror collectibles and Halloween props. Europe\u2019s leading Horror Specialist\",\"breadcrumb\":{\"@id\":\"https:\\\/\\\/madabouthorror.co.uk\\\/product\\\/stew-brewing-witch-animated-figure\\\/#breadcrumb\"},\"inLanguage\":\"de\",\"potentialAction\":[{\"@type\":\"ReadAction\",\"target\":[\"https:\\\/\\\/madabouthorror.co.uk\\\/product\\\/stew-brewing-witch-animated-figure\\\/\"]}]},{\"@type\":\"ImageObject\",\"inLanguage\":\"de\",\"@id\":\"https:\\\/\\\/madabouthorror.co.uk\\\/product\\\/stew-brewing-witch-animated-figure\\\/#primaryimage\",\"url\":\"https:\\\/\\\/madabouthorror.co.uk\\\/wp-content\\\/uploads\\\/2019\\\/05\\\/Landingpagecircles-2copy9-ezgif.com-gif-to-webp-converter.webp\",\"contentUrl\":\"https:\\\/\\\/madabouthorror.co.uk\\\/wp-content\\\/uploads\\\/2019\\\/05\\\/Landingpagecircles-2copy9-ezgif.com-gif-to-webp-converter.webp\",\"width\":800,\"height\":800,\"caption\":\"Brewing Witch Animated Figure\"},{\"@type\":\"BreadcrumbList\",\"@id\":\"https:\\\/\\\/madabouthorror.co.uk\\\/product\\\/stew-brewing-witch-animated-figure\\\/#breadcrumb\",\"itemListElement\":[{\"@type\":\"ListItem\",\"position\":1,\"name\":\"Shop\",\"item\":\"https:\\\/\\\/madabouthorror.co.uk\\\/shop\\\/\"},{\"@type\":\"ListItem\",\"position\":2,\"name\":\"Stew Brewing Witch Animated Figure\"}]},{\"@type\":\"WebSite\",\"@id\":\"https:\\\/\\\/madabouthorror.co.uk\\\/#website\",\"url\":\"https:\\\/\\\/madabouthorror.co.uk\\\/\",\"name\":\"Mad About Horror\",\"description\":\"\",\"publisher\":{\"@id\":\"https:\\\/\\\/madabouthorror.co.uk\\\/#organization\"},\"alternateName\":\"Mad About Horror Limited\",\"potentialAction\":[{\"@type\":\"SearchAction\",\"target\":{\"@type\":\"EntryPoint\",\"urlTemplate\":\"https:\\\/\\\/madabouthorror.co.uk\\\/?s={search_term_string}\"},\"query-input\":{\"@type\":\"PropertyValueSpecification\",\"valueRequired\":true,\"valueName\":\"search_term_string\"}}],\"inLanguage\":\"de\"},{\"@type\":\"Organization\",\"@id\":\"https:\\\/\\\/madabouthorror.co.uk\\\/#organization\",\"name\":\"Mad About Horror\",\"url\":\"https:\\\/\\\/madabouthorror.co.uk\\\/\",\"logo\":{\"@type\":\"ImageObject\",\"inLanguage\":\"de\",\"@id\":\"https:\\\/\\\/madabouthorror.co.uk\\\/#\\\/schema\\\/logo\\\/image\\\/\",\"url\":\"https:\\\/\\\/madabouthorror.co.uk\\\/wp-content\\\/uploads\\\/2024\\\/02\\\/cropped-Logo.png\",\"contentUrl\":\"https:\\\/\\\/madabouthorror.co.uk\\\/wp-content\\\/uploads\\\/2024\\\/02\\\/cropped-Logo.png\",\"width\":240,\"height\":88,\"caption\":\"Mad About Horror\"},\"image\":{\"@id\":\"https:\\\/\\\/madabouthorror.co.uk\\\/#\\\/schema\\\/logo\\\/image\\\/\"},\"sameAs\":[\"https:\\\/\\\/www.facebook.com\\\/madabouthorror\\\/\",\"https:\\\/\\\/www.instagram.com\\\/madabouthorror\\\/\",\"https:\\\/\\\/www.pinterest.co.uk\\\/madabouthorror\\\/\",\"https:\\\/\\\/www.youtube.com\\\/channel\\\/UCBooLOIxjoQ89dj6T5lWm_w\",\"https:\\\/\\\/www.tiktok.com\\\/@weremadabouthorror\"]}]}<\/script>\n<!-- \/ Yoast SEO plugin. -->","yoast_head_json":{"title":"Hexenfigur mit kochendem Eintopf - Mad About Horror","description":"Brauende Hexe Animierte Figur. Halloween-Requisiten, Masken und Dekorationen. Kaufen Sie Horror-Sammlerst\u00fccke und Halloween-Requisiten. Europas f\u00fchrender Horror-Spezialist","robots":{"index":"index","follow":"follow","max-snippet":"max-snippet:-1","max-image-preview":"max-image-preview:large","max-video-preview":"max-video-preview:-1"},"canonical":"https:\/\/madabouthorror.co.uk\/de\/product\/stew-brewing-witch-animated-figure\/","og_locale":"de_DE","og_type":"article","og_title":"Stew Brewing Witch Animated Figure - Mad About Horror","og_description":"Brewing Witch Animated Figure. Halloween props, masks and decorations. Shop Horror collectibles and Halloween props. Europe\u2019s leading Horror Specialist","og_url":"https:\/\/madabouthorror.co.uk\/de\/product\/stew-brewing-witch-animated-figure\/","og_site_name":"Mad About Horror","article_publisher":"https:\/\/www.facebook.com\/madabouthorror\/","article_modified_time":"2026-04-30T10:18:19+00:00","og_image":[{"width":800,"height":800,"url":"https:\/\/madabouthorror.co.uk\/wp-content\/uploads\/2019\/05\/Landingpagecircles-2copy9-ezgif.com-gif-to-webp-converter.webp","type":"image\/webp"}],"twitter_card":"summary_large_image","twitter_misc":{"Gesch\u00e4tzte Lesezeit":"2\u00a0Minuten"},"schema":{"@context":"https:\/\/schema.org","@graph":[{"@type":["WebPage","ItemPage"],"@id":"https:\/\/madabouthorror.co.uk\/product\/stew-brewing-witch-animated-figure\/","url":"https:\/\/madabouthorror.co.uk\/product\/stew-brewing-witch-animated-figure\/","name":"Hexenfigur mit kochendem Eintopf - Mad About Horror","isPartOf":{"@id":"https:\/\/madabouthorror.co.uk\/#website"},"primaryImageOfPage":{"@id":"https:\/\/madabouthorror.co.uk\/product\/stew-brewing-witch-animated-figure\/#primaryimage"},"image":{"@id":"https:\/\/madabouthorror.co.uk\/product\/stew-brewing-witch-animated-figure\/#primaryimage"},"thumbnailUrl":"https:\/\/madabouthorror.co.uk\/wp-content\/uploads\/2019\/05\/Landingpagecircles-2copy9-ezgif.com-gif-to-webp-converter.webp","datePublished":"2019-05-08T14:38:54+00:00","dateModified":"2026-04-30T10:18:19+00:00","description":"Brauende Hexe Animierte Figur. Halloween-Requisiten, Masken und Dekorationen. Kaufen Sie Horror-Sammlerst\u00fccke und Halloween-Requisiten. Europas f\u00fchrender Horror-Spezialist","breadcrumb":{"@id":"https:\/\/madabouthorror.co.uk\/product\/stew-brewing-witch-animated-figure\/#breadcrumb"},"inLanguage":"de","potentialAction":[{"@type":"ReadAction","target":["https:\/\/madabouthorror.co.uk\/product\/stew-brewing-witch-animated-figure\/"]}]},{"@type":"ImageObject","inLanguage":"de","@id":"https:\/\/madabouthorror.co.uk\/product\/stew-brewing-witch-animated-figure\/#primaryimage","url":"https:\/\/madabouthorror.co.uk\/wp-content\/uploads\/2019\/05\/Landingpagecircles-2copy9-ezgif.com-gif-to-webp-converter.webp","contentUrl":"https:\/\/madabouthorror.co.uk\/wp-content\/uploads\/2019\/05\/Landingpagecircles-2copy9-ezgif.com-gif-to-webp-converter.webp","width":800,"height":800,"caption":"Brewing Witch Animated Figure"},{"@type":"BreadcrumbList","@id":"https:\/\/madabouthorror.co.uk\/product\/stew-brewing-witch-animated-figure\/#breadcrumb","itemListElement":[{"@type":"ListItem","position":1,"name":"Shop","item":"https:\/\/madabouthorror.co.uk\/shop\/"},{"@type":"ListItem","position":2,"name":"Stew Brewing Witch Animated Figure"}]},{"@type":"WebSite","@id":"https:\/\/madabouthorror.co.uk\/#website","url":"https:\/\/madabouthorror.co.uk\/","name":"Verr\u00fcckt nach Horror","description":"","publisher":{"@id":"https:\/\/madabouthorror.co.uk\/#organization"},"alternateName":"Mad About Horror Limited","potentialAction":[{"@type":"SearchAction","target":{"@type":"EntryPoint","urlTemplate":"https:\/\/madabouthorror.co.uk\/?s={search_term_string}"},"query-input":{"@type":"PropertyValueSpecification","valueRequired":true,"valueName":"search_term_string"}}],"inLanguage":"de"},{"@type":"Organization","@id":"https:\/\/madabouthorror.co.uk\/#organization","name":"Verr\u00fcckt nach Horror","url":"https:\/\/madabouthorror.co.uk\/","logo":{"@type":"ImageObject","inLanguage":"de","@id":"https:\/\/madabouthorror.co.uk\/#\/schema\/logo\/image\/","url":"https:\/\/madabouthorror.co.uk\/wp-content\/uploads\/2024\/02\/cropped-Logo.png","contentUrl":"https:\/\/madabouthorror.co.uk\/wp-content\/uploads\/2024\/02\/cropped-Logo.png","width":240,"height":88,"caption":"Mad About Horror"},"image":{"@id":"https:\/\/madabouthorror.co.uk\/#\/schema\/logo\/image\/"},"sameAs":["https:\/\/www.facebook.com\/madabouthorror\/","https:\/\/www.instagram.com\/madabouthorror\/","https:\/\/www.pinterest.co.uk\/madabouthorror\/","https:\/\/www.youtube.com\/channel\/UCBooLOIxjoQ89dj6T5lWm_w","https:\/\/www.tiktok.com\/@weremadabouthorror"]}]}},"df_price":429.95,"df_sale_price":"","df_regular_price":429.95,"df_image_link":"https:\/\/madabouthorror.co.uk\/wp-content\/uploads\/2019\/05\/Landingpagecircles-2copy9-ezgif.com-gif-to-webp-converter-300x300.webp","_links":{"self":[{"href":"https:\/\/madabouthorror.co.uk\/de\/wp-json\/wp\/v2\/product\/41999","targetHints":{"allow":["GET"]}}],"collection":[{"href":"https:\/\/madabouthorror.co.uk\/de\/wp-json\/wp\/v2\/product"}],"about":[{"href":"https:\/\/madabouthorror.co.uk\/de\/wp-json\/wp\/v2\/types\/product"}],"replies":[{"embeddable":true,"href":"https:\/\/madabouthorror.co.uk\/de\/wp-json\/wp\/v2\/comments?post=41999"}],"wp:featuredmedia":[{"embeddable":true,"href":"https:\/\/madabouthorror.co.uk\/de\/wp-json\/wp\/v2\/media\/543676"}],"wp:attachment":[{"href":"https:\/\/madabouthorror.co.uk\/de\/wp-json\/wp\/v2\/media?parent=41999"}],"wp:term":[{"taxonomy":"product_brand","embeddable":true,"href":"https:\/\/madabouthorror.co.uk\/de\/wp-json\/wp\/v2\/product_brand?post=41999"},{"taxonomy":"product_cat","embeddable":true,"href":"https:\/\/madabouthorror.co.uk\/de\/wp-json\/wp\/v2\/product_cat?post=41999"},{"taxonomy":"product_tag","embeddable":true,"href":"https:\/\/madabouthorror.co.uk\/de\/wp-json\/wp\/v2\/product_tag?post=41999"}],"curies":[{"name":"wp","href":"https:\/\/api.w.org\/{rel}","templated":true}]}}