{"id":42023,"date":"2025-01-27T11:16:53","date_gmt":"2025-01-27T11:16:53","guid":{"rendered":"https:\/\/mah.6bdv.ws\/product\/animated-cagey-the-clown-with-caged-girl\/"},"modified":"2026-04-29T15:54:57","modified_gmt":"2026-04-29T14:54:57","slug":"animated-cagey-the-clown-with-caged-girl","status":"publish","type":"product","link":"https:\/\/madabouthorror.co.uk\/de\/product\/animated-cagey-the-clown-with-caged-girl\/","title":{"rendered":"Animierter Cagey der Clown mit gefangenem M\u00e4dchen"},"content":{"rendered":"<p>7 Fu\u00df gro\u00df!<\/p>\n<p>Wenn Ihr Kind sich vorher nicht vor Clowns gef\u00fcrchtet hat, k\u00f6nnte dieser Kerl den gew\u00fcnschten Effekt erzielen: Cagey der Clown! Mit seinem leicht aufzubauenden Metallrahmen, zur\u00fcckgeschlagenem dunkelorangem Haar und seinem schmutzigen alten Kost\u00fcm mit roten Akzenten und gro\u00dfen burgunderroten Clownschuhen ist dieser einsch\u00fcchternde, 2,13 Meter gro\u00dfe, animierte Koloss, der einen gro\u00dfen K\u00e4fig mit einem schreienden Kind darin h\u00e4lt \u2013 er liebt es einfach, Kinder lachen zu h\u00f6ren und zu essen!<\/p>\n<p>Stecken Sie das UL-Netzteil in eine beliebige Steckdose und w\u00e4hlen Sie zwischen den Aktivierungsoptionen Dauerbetrieb, Infrarotsensor oder \"Step Here\"-Pad (im Lieferumfang enthalten). Nach der Aktivierung leuchten die Augen von Cagey, dem Clown, mit unheimlicher Fr\u00f6hlichkeit, und sein Kopf und Oberk\u00f6rper drehen sich von Seite zu Seite, w\u00e4hrend er einen von 6 furchteinfl\u00f6\u00dfenden Spr\u00fcchen von sich gibt, w\u00e4hrend das Kind schreit und zappelt.<\/p>\n<p>Der Infrarotsensor funktioniert bis zu einer Entfernung von 2 Metern und ist bei allen Lichtverh\u00e4ltnissen einsatzbereit \u2013 von hellem Licht bis v\u00f6lliger Dunkelheit! Im Lieferumfang ist eine Lautst\u00e4rkeregelung enthalten.<\/p>\n<p>Leicht zu montierende Steckstangen. Montage erforderlich. Nur f\u00fcr den Innenbereich oder \u00fcberdachte Veranden geeignet.<\/p>\n<p>Inklusive Step Here Aktivierungspad.<\/p>\n<p><b>Wird mit einem UK-Netzadapter geliefert<\/b>. <i>Verwenden Sie nur den mitgelieferten Netzadapter, da falsche Netzadapter Sch\u00e4den verursachen k\u00f6nnen.<\/i><\/p>\n<div>\n<div><b>F\u00fcr die \u00fcberdachte Veranda oder f\u00fcr den Innenbereich.<\/b> <i>Bei Verwendung im Freien vor Witterungseinfl\u00fcssen sch\u00fctzen und nicht \u00fcber einen l\u00e4ngeren Zeitraum im Freien stehen lassen.<\/i><\/div>\n<div><\/div>\n<div><b>Bitte beachten:<\/b><i> Diese Requisiten sind nicht f\u00fcr den intensiven kommerziellen Gebrauch geeignet, d. h. sie sollten nicht \u00fcber l\u00e4ngere Zeitr\u00e4ume, z. B. tagelang, betrieben werden. Sie sind f\u00fcr die Verwendung an Halloween gedacht. Wenn Sie Fragen dazu haben, fragen Sie bitte.<\/i><\/div>\n<\/div>\n<p>&nbsp;<\/p>","protected":false},"excerpt":{"rendered":"<p>7 Fu\u00df gro\u00df! Wenn Ihr Kind noch keine Angst vor Clowns hatte, k\u00f6nnte dieser Kerl sie dazu bringen: Cagey the Clown! Mit einem einfach zu montierenden Metallrahmen, nach hinten gefegten dunkelorangen Haaren, einem schmutzigen alten Kost\u00fcm mit roten Akzenten und gro\u00dfen burgunderroten Clownschuhen h\u00e4lt diese einsch\u00fcchternde, 7 Fu\u00df gro\u00dfe animierte, turmhohe Gruselgestalt einen gro\u00dfen K\u00e4fig mit [\u2026]<\/p>","protected":false},"featured_media":456298,"comment_status":"closed","ping_status":"closed","template":"","meta":{"_acf_changed":false},"product_brand":[],"product_cat":[10109,10068,10131,10158,10108,10093,10094,6547,6963,6967],"product_tag":[],"class_list":{"0":"post-42023","1":"product","2":"type-product","3":"status-publish","4":"has-post-thumbnail","6":"product_cat-clown-decorations","7":"product_cat-halloween-decorations-2025","8":"product_cat-halloween-gifts","9":"product_cat-in-stock-animatronics","10":"product_cat-light-up-halloween-decorations","11":"product_cat-indoor-halloween-decorations","12":"product_cat-outdoor-halloween-decorations","13":"product_cat-decorations","14":"product_cat-animatronics","15":"product_cat-clown-animatronics","16":"product_shipping_class-props","18":"first","19":"instock","20":"taxable","21":"shipping-taxable","22":"purchasable","23":"product-type-simple"},"supplier_id":467908,"supplier_sku":"MR124622","barcode":"842445130443","atum_controlled":true,"out_stock_date":null,"out_stock_threshold":null,"inheritable":false,"inbound_stock":12,"stock_on_hold":0,"sold_today":0,"sales_last_days":0,"reserved_stock":0,"customer_returns":0,"warehouse_damage":0,"lost_in_post":0,"other_logs":0,"out_stock_days":0,"lost_sales":0,"has_location":false,"update_date":"2026-05-02T00:22:35","atum_locations":[],"atum_stock_status":"instock","restock_status":false,"low_stock_amount":"","sales_update_date":"2026-05-02T00:22:33","calc_backorders":null,"acf":[],"yoast_head":"<!-- This site is optimized with the Yoast SEO plugin v27.5 - https:\/\/yoast.com\/product\/yoast-seo-wordpress\/ -->\n<title>Animated Clown Life Size Halloween Prop - Mad About Horror<\/title>\n<meta name=\"description\" content=\"Scary clown animated prop. BUY from the UK&#039;s leading Halloween &amp; Horror specialist. UK STOCK, Halloween prop imports from the US. Fast Delivery.\" \/>\n<meta name=\"robots\" content=\"index, follow, max-snippet:-1, max-image-preview:large, max-video-preview:-1\" \/>\n<link rel=\"canonical\" href=\"https:\/\/madabouthorror.co.uk\/de\/product\/animated-cagey-the-clown-with-caged-girl\/\" \/>\n<meta property=\"og:locale\" content=\"de_DE\" \/>\n<meta property=\"og:type\" content=\"article\" \/>\n<meta property=\"og:title\" content=\"Animated Clown Life Size Halloween Prop - Mad About Horror\" \/>\n<meta property=\"og:description\" content=\"Scary clown animated prop. BUY from the UK&#039;s leading Halloween &amp; Horror specialist. UK STOCK, Halloween prop imports from the US. Fast Delivery.\" \/>\n<meta property=\"og:url\" content=\"https:\/\/madabouthorror.co.uk\/de\/product\/animated-cagey-the-clown-with-caged-girl\/\" \/>\n<meta property=\"og:site_name\" content=\"Mad About Horror\" \/>\n<meta property=\"article:publisher\" content=\"https:\/\/www.facebook.com\/madabouthorror\/\" \/>\n<meta property=\"article:modified_time\" content=\"2026-04-29T14:54:57+00:00\" \/>\n<meta property=\"og:image\" content=\"https:\/\/madabouthorror.co.uk\/wp-content\/uploads\/2019\/05\/cagey-the-clown-with-caged-kid.jpg\" \/>\n\t<meta property=\"og:image:width\" content=\"1500\" \/>\n\t<meta property=\"og:image:height\" content=\"1500\" \/>\n\t<meta property=\"og:image:type\" content=\"image\/jpeg\" \/>\n<meta name=\"twitter:card\" content=\"summary_large_image\" \/>\n<meta name=\"twitter:label1\" content=\"Gesch\u00e4tzte Lesezeit\" \/>\n\t<meta name=\"twitter:data1\" content=\"2\u00a0Minuten\" \/>\n<script type=\"application\/ld+json\" class=\"yoast-schema-graph\">{\"@context\":\"https:\\\/\\\/schema.org\",\"@graph\":[{\"@type\":[\"WebPage\",\"ItemPage\"],\"@id\":\"https:\\\/\\\/madabouthorror.co.uk\\\/product\\\/animated-cagey-the-clown-with-caged-girl\\\/\",\"url\":\"https:\\\/\\\/madabouthorror.co.uk\\\/product\\\/animated-cagey-the-clown-with-caged-girl\\\/\",\"name\":\"Animated Clown Life Size Halloween Prop - Mad About Horror\",\"isPartOf\":{\"@id\":\"https:\\\/\\\/madabouthorror.co.uk\\\/#website\"},\"primaryImageOfPage\":{\"@id\":\"https:\\\/\\\/madabouthorror.co.uk\\\/product\\\/animated-cagey-the-clown-with-caged-girl\\\/#primaryimage\"},\"image\":{\"@id\":\"https:\\\/\\\/madabouthorror.co.uk\\\/product\\\/animated-cagey-the-clown-with-caged-girl\\\/#primaryimage\"},\"thumbnailUrl\":\"https:\\\/\\\/madabouthorror.co.uk\\\/wp-content\\\/uploads\\\/2019\\\/05\\\/cagey-the-clown-with-caged-kid.jpg\",\"datePublished\":\"2025-01-27T11:16:53+00:00\",\"dateModified\":\"2026-04-29T14:54:57+00:00\",\"description\":\"Scary clown animated prop. BUY from the UK's leading Halloween & Horror specialist. UK STOCK, Halloween prop imports from the US. Fast Delivery.\",\"breadcrumb\":{\"@id\":\"https:\\\/\\\/madabouthorror.co.uk\\\/product\\\/animated-cagey-the-clown-with-caged-girl\\\/#breadcrumb\"},\"inLanguage\":\"de\",\"potentialAction\":[{\"@type\":\"ReadAction\",\"target\":[\"https:\\\/\\\/madabouthorror.co.uk\\\/product\\\/animated-cagey-the-clown-with-caged-girl\\\/\"]}]},{\"@type\":\"ImageObject\",\"inLanguage\":\"de\",\"@id\":\"https:\\\/\\\/madabouthorror.co.uk\\\/product\\\/animated-cagey-the-clown-with-caged-girl\\\/#primaryimage\",\"url\":\"https:\\\/\\\/madabouthorror.co.uk\\\/wp-content\\\/uploads\\\/2019\\\/05\\\/cagey-the-clown-with-caged-kid.jpg\",\"contentUrl\":\"https:\\\/\\\/madabouthorror.co.uk\\\/wp-content\\\/uploads\\\/2019\\\/05\\\/cagey-the-clown-with-caged-kid.jpg\",\"width\":1500,\"height\":1500,\"caption\":\"Halloween animated prop Cagey the Clown with Kid\"},{\"@type\":\"BreadcrumbList\",\"@id\":\"https:\\\/\\\/madabouthorror.co.uk\\\/product\\\/animated-cagey-the-clown-with-caged-girl\\\/#breadcrumb\",\"itemListElement\":[{\"@type\":\"ListItem\",\"position\":1,\"name\":\"Shop\",\"item\":\"https:\\\/\\\/madabouthorror.co.uk\\\/shop\\\/\"},{\"@type\":\"ListItem\",\"position\":2,\"name\":\"Animated Cagey the Clown with Caged Girl\"}]},{\"@type\":\"WebSite\",\"@id\":\"https:\\\/\\\/madabouthorror.co.uk\\\/#website\",\"url\":\"https:\\\/\\\/madabouthorror.co.uk\\\/\",\"name\":\"Mad About Horror\",\"description\":\"\",\"publisher\":{\"@id\":\"https:\\\/\\\/madabouthorror.co.uk\\\/#organization\"},\"alternateName\":\"Mad About Horror Limited\",\"potentialAction\":[{\"@type\":\"SearchAction\",\"target\":{\"@type\":\"EntryPoint\",\"urlTemplate\":\"https:\\\/\\\/madabouthorror.co.uk\\\/?s={search_term_string}\"},\"query-input\":{\"@type\":\"PropertyValueSpecification\",\"valueRequired\":true,\"valueName\":\"search_term_string\"}}],\"inLanguage\":\"de\"},{\"@type\":\"Organization\",\"@id\":\"https:\\\/\\\/madabouthorror.co.uk\\\/#organization\",\"name\":\"Mad About Horror\",\"url\":\"https:\\\/\\\/madabouthorror.co.uk\\\/\",\"logo\":{\"@type\":\"ImageObject\",\"inLanguage\":\"de\",\"@id\":\"https:\\\/\\\/madabouthorror.co.uk\\\/#\\\/schema\\\/logo\\\/image\\\/\",\"url\":\"https:\\\/\\\/madabouthorror.co.uk\\\/wp-content\\\/uploads\\\/2024\\\/02\\\/cropped-Logo.png\",\"contentUrl\":\"https:\\\/\\\/madabouthorror.co.uk\\\/wp-content\\\/uploads\\\/2024\\\/02\\\/cropped-Logo.png\",\"width\":240,\"height\":88,\"caption\":\"Mad About Horror\"},\"image\":{\"@id\":\"https:\\\/\\\/madabouthorror.co.uk\\\/#\\\/schema\\\/logo\\\/image\\\/\"},\"sameAs\":[\"https:\\\/\\\/www.facebook.com\\\/madabouthorror\\\/\",\"https:\\\/\\\/www.instagram.com\\\/madabouthorror\\\/\",\"https:\\\/\\\/www.pinterest.co.uk\\\/madabouthorror\\\/\",\"https:\\\/\\\/www.youtube.com\\\/channel\\\/UCBooLOIxjoQ89dj6T5lWm_w\",\"https:\\\/\\\/www.tiktok.com\\\/@weremadabouthorror\"]}]}<\/script>\n<!-- \/ Yoast SEO plugin. -->","yoast_head_json":{"title":"Animierte lebensgro\u00dfe Halloween-Requisite: Clown - Mad About Horror","description":"Gruselige Clown-Animationsfigur. Kaufen Sie vom f\u00fchrenden britischen Spezialisten f\u00fcr Halloween &amp; Horror. Lagerbestand im Vereinigten K\u00f6nigreich, Halloween-Requisiten-Importe aus den USA. Schnelle Lieferung.","robots":{"index":"index","follow":"follow","max-snippet":"max-snippet:-1","max-image-preview":"max-image-preview:large","max-video-preview":"max-video-preview:-1"},"canonical":"https:\/\/madabouthorror.co.uk\/de\/product\/animated-cagey-the-clown-with-caged-girl\/","og_locale":"de_DE","og_type":"article","og_title":"Animated Clown Life Size Halloween Prop - Mad About Horror","og_description":"Scary clown animated prop. BUY from the UK's leading Halloween & Horror specialist. UK STOCK, Halloween prop imports from the US. Fast Delivery.","og_url":"https:\/\/madabouthorror.co.uk\/de\/product\/animated-cagey-the-clown-with-caged-girl\/","og_site_name":"Mad About Horror","article_publisher":"https:\/\/www.facebook.com\/madabouthorror\/","article_modified_time":"2026-04-29T14:54:57+00:00","og_image":[{"width":1500,"height":1500,"url":"https:\/\/madabouthorror.co.uk\/wp-content\/uploads\/2019\/05\/cagey-the-clown-with-caged-kid.jpg","type":"image\/jpeg"}],"twitter_card":"summary_large_image","twitter_misc":{"Gesch\u00e4tzte Lesezeit":"2\u00a0Minuten"},"schema":{"@context":"https:\/\/schema.org","@graph":[{"@type":["WebPage","ItemPage"],"@id":"https:\/\/madabouthorror.co.uk\/product\/animated-cagey-the-clown-with-caged-girl\/","url":"https:\/\/madabouthorror.co.uk\/product\/animated-cagey-the-clown-with-caged-girl\/","name":"Animierte lebensgro\u00dfe Halloween-Requisite: Clown - Mad About Horror","isPartOf":{"@id":"https:\/\/madabouthorror.co.uk\/#website"},"primaryImageOfPage":{"@id":"https:\/\/madabouthorror.co.uk\/product\/animated-cagey-the-clown-with-caged-girl\/#primaryimage"},"image":{"@id":"https:\/\/madabouthorror.co.uk\/product\/animated-cagey-the-clown-with-caged-girl\/#primaryimage"},"thumbnailUrl":"https:\/\/madabouthorror.co.uk\/wp-content\/uploads\/2019\/05\/cagey-the-clown-with-caged-kid.jpg","datePublished":"2025-01-27T11:16:53+00:00","dateModified":"2026-04-29T14:54:57+00:00","description":"Gruselige Clown-Animationsfigur. Kaufen Sie vom f\u00fchrenden britischen Spezialisten f\u00fcr Halloween &amp; Horror. Lagerbestand im Vereinigten K\u00f6nigreich, Halloween-Requisiten-Importe aus den USA. Schnelle Lieferung.","breadcrumb":{"@id":"https:\/\/madabouthorror.co.uk\/product\/animated-cagey-the-clown-with-caged-girl\/#breadcrumb"},"inLanguage":"de","potentialAction":[{"@type":"ReadAction","target":["https:\/\/madabouthorror.co.uk\/product\/animated-cagey-the-clown-with-caged-girl\/"]}]},{"@type":"ImageObject","inLanguage":"de","@id":"https:\/\/madabouthorror.co.uk\/product\/animated-cagey-the-clown-with-caged-girl\/#primaryimage","url":"https:\/\/madabouthorror.co.uk\/wp-content\/uploads\/2019\/05\/cagey-the-clown-with-caged-kid.jpg","contentUrl":"https:\/\/madabouthorror.co.uk\/wp-content\/uploads\/2019\/05\/cagey-the-clown-with-caged-kid.jpg","width":1500,"height":1500,"caption":"Halloween animated prop Cagey the Clown with Kid"},{"@type":"BreadcrumbList","@id":"https:\/\/madabouthorror.co.uk\/product\/animated-cagey-the-clown-with-caged-girl\/#breadcrumb","itemListElement":[{"@type":"ListItem","position":1,"name":"Shop","item":"https:\/\/madabouthorror.co.uk\/shop\/"},{"@type":"ListItem","position":2,"name":"Animated Cagey the Clown with Caged Girl"}]},{"@type":"WebSite","@id":"https:\/\/madabouthorror.co.uk\/#website","url":"https:\/\/madabouthorror.co.uk\/","name":"Verr\u00fcckt nach Horror","description":"","publisher":{"@id":"https:\/\/madabouthorror.co.uk\/#organization"},"alternateName":"Mad About Horror Limited","potentialAction":[{"@type":"SearchAction","target":{"@type":"EntryPoint","urlTemplate":"https:\/\/madabouthorror.co.uk\/?s={search_term_string}"},"query-input":{"@type":"PropertyValueSpecification","valueRequired":true,"valueName":"search_term_string"}}],"inLanguage":"de"},{"@type":"Organization","@id":"https:\/\/madabouthorror.co.uk\/#organization","name":"Verr\u00fcckt nach Horror","url":"https:\/\/madabouthorror.co.uk\/","logo":{"@type":"ImageObject","inLanguage":"de","@id":"https:\/\/madabouthorror.co.uk\/#\/schema\/logo\/image\/","url":"https:\/\/madabouthorror.co.uk\/wp-content\/uploads\/2024\/02\/cropped-Logo.png","contentUrl":"https:\/\/madabouthorror.co.uk\/wp-content\/uploads\/2024\/02\/cropped-Logo.png","width":240,"height":88,"caption":"Mad About Horror"},"image":{"@id":"https:\/\/madabouthorror.co.uk\/#\/schema\/logo\/image\/"},"sameAs":["https:\/\/www.facebook.com\/madabouthorror\/","https:\/\/www.instagram.com\/madabouthorror\/","https:\/\/www.pinterest.co.uk\/madabouthorror\/","https:\/\/www.youtube.com\/channel\/UCBooLOIxjoQ89dj6T5lWm_w","https:\/\/www.tiktok.com\/@weremadabouthorror"]}]}},"df_price":449.95,"df_sale_price":"","df_regular_price":449.95,"df_image_link":"https:\/\/madabouthorror.co.uk\/wp-content\/uploads\/2019\/05\/cagey-the-clown-with-caged-kid-300x300.jpg","_links":{"self":[{"href":"https:\/\/madabouthorror.co.uk\/de\/wp-json\/wp\/v2\/product\/42023","targetHints":{"allow":["GET"]}}],"collection":[{"href":"https:\/\/madabouthorror.co.uk\/de\/wp-json\/wp\/v2\/product"}],"about":[{"href":"https:\/\/madabouthorror.co.uk\/de\/wp-json\/wp\/v2\/types\/product"}],"replies":[{"embeddable":true,"href":"https:\/\/madabouthorror.co.uk\/de\/wp-json\/wp\/v2\/comments?post=42023"}],"wp:featuredmedia":[{"embeddable":true,"href":"https:\/\/madabouthorror.co.uk\/de\/wp-json\/wp\/v2\/media\/456298"}],"wp:attachment":[{"href":"https:\/\/madabouthorror.co.uk\/de\/wp-json\/wp\/v2\/media?parent=42023"}],"wp:term":[{"taxonomy":"product_brand","embeddable":true,"href":"https:\/\/madabouthorror.co.uk\/de\/wp-json\/wp\/v2\/product_brand?post=42023"},{"taxonomy":"product_cat","embeddable":true,"href":"https:\/\/madabouthorror.co.uk\/de\/wp-json\/wp\/v2\/product_cat?post=42023"},{"taxonomy":"product_tag","embeddable":true,"href":"https:\/\/madabouthorror.co.uk\/de\/wp-json\/wp\/v2\/product_tag?post=42023"}],"curies":[{"name":"wp","href":"https:\/\/api.w.org\/{rel}","templated":true}]}}