{"id":42035,"date":"2023-02-23T09:10:51","date_gmt":"2023-02-23T09:10:51","guid":{"rendered":"https:\/\/mah.6bdv.ws\/?post_type=product&#038;p=42035"},"modified":"2026-04-30T15:05:06","modified_gmt":"2026-04-30T14:05:06","slug":"animated-evil-clown-ferris-wheel-halloween-prop","status":"publish","type":"product","link":"https:\/\/madabouthorror.co.uk\/de\/product\/animated-evil-clown-ferris-wheel-halloween-prop\/","title":{"rendered":"Animierter b\u00f6ser Clown Riesenrad"},"content":{"rendered":"<p>Jedermanns Lieblingsfahrgesch\u00e4ft auf dem Rummel! Das Riesenrad wird mit 5 gruseligen Clowns neu interpretiert, die bis in alle Ewigkeit herumfahren. Der ultimative Clown Halloween animatronic.<\/p>\n<p>Kalliope-Musik erklingt, w\u00e4hrend das Riesenrad von Fun Land knarrt und im Hintergrund kindliches Gel\u00e4chter ert\u00f6nt.<\/p>\n<p>Stecken Sie den Netzadapter in eine normale Steckdose und w\u00e4hlen Sie zwischen den Aktivierungsoptionen Dauerlicht, Infrarotsensor oder Step-Here Pad (im Lieferumfang enthalten). Der Infrarotsensor funktioniert in einer Entfernung von bis zu 6,5 Fu\u00df und bei allen Lichtverh\u00e4ltnissen - ob helles Licht oder kein Licht! Der Artikel enth\u00e4lt einen Lautst\u00e4rkeregler.<\/p>\n<p>Einfach zu montierende Schnellverbindungsstangen.<\/p>\n<p>Inklusive Step Here Aktivierungspad.<\/p>\n<p>Montage erforderlich.<\/p>\n<p>73 Zoll hoch x 51 Zoll breit x 24 Zoll tief.<\/p>\n<p><b>Wird mit einem UK-Netzadapter geliefert<\/b>. <i>Verwenden Sie nur den mitgelieferten Netzadapter, da falsche Netzadapter Sch\u00e4den verursachen k\u00f6nnen.<\/i><\/p>\n<div>\n<div><b>F\u00fcr die \u00fcberdachte Veranda oder f\u00fcr den Innenbereich.<\/b> <i>Bei Verwendung im Freien vor Witterungseinfl\u00fcssen sch\u00fctzen und nicht \u00fcber einen l\u00e4ngeren Zeitraum im Freien stehen lassen.<\/i><\/div>\n<div><\/div>\n<div><b>Bitte beachten:<\/b><i> Diese Requisiten sind nicht f\u00fcr den intensiven kommerziellen Gebrauch geeignet, d. h. sie sollten nicht \u00fcber l\u00e4ngere Zeitr\u00e4ume, z. B. tagelang, betrieben werden. Sie sind f\u00fcr die Verwendung an Halloween gedacht. Wenn Sie Fragen dazu haben, fragen Sie bitte.<\/i><\/div>\n<\/div>\n<p>&nbsp;<\/p>","protected":false},"excerpt":{"rendered":"<p>Jedermanns Lieblingsfahrgesch\u00e4ft auf dem Rummel! Das Riesenrad wird mit 5 gruseligen Clowns neu interpretiert, die bis in alle Ewigkeit herumfahren. Der ultimative Clown Halloween animatronic. Kalliope-Musik ert\u00f6nt, w\u00e4hrend das Riesenrad aus dem Fun Land knarrt und kindliches Gel\u00e4chter im Hintergrund erklingt. Schlie\u00dfen Sie den Stromadapter an eine normale Steckdose an [...]<\/p>","protected":false},"featured_media":492594,"comment_status":"closed","ping_status":"closed","template":"","meta":{"_acf_changed":false},"product_brand":[],"product_cat":[10109,10068,10131,10093,10094,6547,6963,6967],"product_tag":[],"class_list":{"0":"post-42035","1":"product","2":"type-product","3":"status-publish","4":"has-post-thumbnail","6":"product_cat-clown-decorations","7":"product_cat-halloween-decorations-2025","8":"product_cat-halloween-gifts","9":"product_cat-indoor-halloween-decorations","10":"product_cat-outdoor-halloween-decorations","11":"product_cat-decorations","12":"product_cat-animatronics","13":"product_cat-clown-animatronics","14":"product_shipping_class-props","16":"first","17":"onbackorder","18":"taxable","19":"shipping-taxable","20":"purchasable","21":"product-type-simple"},"supplier_id":467908,"supplier_sku":"MR124632","barcode":"842445130542","atum_controlled":true,"out_stock_date":"2026-03-27 13:42:01","out_stock_threshold":null,"inheritable":false,"inbound_stock":8,"stock_on_hold":0,"sold_today":0,"sales_last_days":0,"reserved_stock":0,"customer_returns":0,"warehouse_damage":0,"lost_in_post":0,"other_logs":0,"out_stock_days":36,"lost_sales":1954,"has_location":false,"update_date":"2026-05-03T00:23:28","atum_locations":[],"atum_stock_status":"onbackorder","restock_status":false,"low_stock_amount":"","sales_update_date":"2026-05-03T00:23:26","calc_backorders":0,"acf":[],"yoast_head":"<!-- This site is optimized with the Yoast SEO plugin v27.5 - https:\/\/yoast.com\/product\/yoast-seo-wordpress\/ -->\n<title>Animated Evil Clown Ferris Wheel - Halloween Prop<\/title>\n<meta name=\"description\" content=\"Halloween Animated Props - Evil Clown Ferris wheel Prop - BUY from the UK&#039;s leading Halloween &amp; Horror specialist. UK STOCK, Halloween prop Fast Delivery.\" \/>\n<meta name=\"robots\" content=\"index, follow, max-snippet:-1, max-image-preview:large, max-video-preview:-1\" \/>\n<link rel=\"canonical\" href=\"https:\/\/madabouthorror.co.uk\/de\/product\/animated-evil-clown-ferris-wheel-halloween-prop\/\" \/>\n<meta property=\"og:locale\" content=\"de_DE\" \/>\n<meta property=\"og:type\" content=\"article\" \/>\n<meta property=\"og:title\" content=\"Animated Evil Clown Ferris Wheel - Halloween Prop\" \/>\n<meta property=\"og:description\" content=\"Halloween Animated Props - Evil Clown Ferris wheel Prop - BUY from the UK&#039;s leading Halloween &amp; Horror specialist. UK STOCK, Halloween prop Fast Delivery.\" \/>\n<meta property=\"og:url\" content=\"https:\/\/madabouthorror.co.uk\/de\/product\/animated-evil-clown-ferris-wheel-halloween-prop\/\" \/>\n<meta property=\"og:site_name\" content=\"Mad About Horror\" \/>\n<meta property=\"article:publisher\" content=\"https:\/\/www.facebook.com\/madabouthorror\/\" \/>\n<meta property=\"article:modified_time\" content=\"2026-04-30T14:05:06+00:00\" \/>\n<meta property=\"og:image\" content=\"https:\/\/madabouthorror.co.uk\/wp-content\/uploads\/2023\/02\/animated-halloween-prop-clown-ferris-wheel.jpg\" \/>\n\t<meta property=\"og:image:width\" content=\"1500\" \/>\n\t<meta property=\"og:image:height\" content=\"1500\" \/>\n\t<meta property=\"og:image:type\" content=\"image\/jpeg\" \/>\n<meta name=\"twitter:card\" content=\"summary_large_image\" \/>\n<meta name=\"twitter:label1\" content=\"Gesch\u00e4tzte Lesezeit\" \/>\n\t<meta name=\"twitter:data1\" content=\"2\u00a0Minuten\" \/>\n<script type=\"application\/ld+json\" class=\"yoast-schema-graph\">{\"@context\":\"https:\\\/\\\/schema.org\",\"@graph\":[{\"@type\":[\"WebPage\",\"ItemPage\"],\"@id\":\"https:\\\/\\\/madabouthorror.co.uk\\\/product\\\/animated-evil-clown-ferris-wheel-halloween-prop\\\/\",\"url\":\"https:\\\/\\\/madabouthorror.co.uk\\\/product\\\/animated-evil-clown-ferris-wheel-halloween-prop\\\/\",\"name\":\"Animated Evil Clown Ferris Wheel - Halloween Prop\",\"isPartOf\":{\"@id\":\"https:\\\/\\\/madabouthorror.co.uk\\\/#website\"},\"primaryImageOfPage\":{\"@id\":\"https:\\\/\\\/madabouthorror.co.uk\\\/product\\\/animated-evil-clown-ferris-wheel-halloween-prop\\\/#primaryimage\"},\"image\":{\"@id\":\"https:\\\/\\\/madabouthorror.co.uk\\\/product\\\/animated-evil-clown-ferris-wheel-halloween-prop\\\/#primaryimage\"},\"thumbnailUrl\":\"https:\\\/\\\/madabouthorror.co.uk\\\/wp-content\\\/uploads\\\/2023\\\/02\\\/animated-halloween-prop-clown-ferris-wheel.jpg\",\"datePublished\":\"2023-02-23T09:10:51+00:00\",\"dateModified\":\"2026-04-30T14:05:06+00:00\",\"description\":\"Halloween Animated Props - Evil Clown Ferris wheel Prop - BUY from the UK's leading Halloween & Horror specialist. UK STOCK, Halloween prop Fast Delivery.\",\"breadcrumb\":{\"@id\":\"https:\\\/\\\/madabouthorror.co.uk\\\/product\\\/animated-evil-clown-ferris-wheel-halloween-prop\\\/#breadcrumb\"},\"inLanguage\":\"de\",\"potentialAction\":[{\"@type\":\"ReadAction\",\"target\":[\"https:\\\/\\\/madabouthorror.co.uk\\\/product\\\/animated-evil-clown-ferris-wheel-halloween-prop\\\/\"]}]},{\"@type\":\"ImageObject\",\"inLanguage\":\"de\",\"@id\":\"https:\\\/\\\/madabouthorror.co.uk\\\/product\\\/animated-evil-clown-ferris-wheel-halloween-prop\\\/#primaryimage\",\"url\":\"https:\\\/\\\/madabouthorror.co.uk\\\/wp-content\\\/uploads\\\/2023\\\/02\\\/animated-halloween-prop-clown-ferris-wheel.jpg\",\"contentUrl\":\"https:\\\/\\\/madabouthorror.co.uk\\\/wp-content\\\/uploads\\\/2023\\\/02\\\/animated-halloween-prop-clown-ferris-wheel.jpg\",\"width\":1500,\"height\":1500},{\"@type\":\"BreadcrumbList\",\"@id\":\"https:\\\/\\\/madabouthorror.co.uk\\\/product\\\/animated-evil-clown-ferris-wheel-halloween-prop\\\/#breadcrumb\",\"itemListElement\":[{\"@type\":\"ListItem\",\"position\":1,\"name\":\"Shop\",\"item\":\"https:\\\/\\\/madabouthorror.co.uk\\\/shop\\\/\"},{\"@type\":\"ListItem\",\"position\":2,\"name\":\"Animated Evil Clown Ferris Wheel\"}]},{\"@type\":\"WebSite\",\"@id\":\"https:\\\/\\\/madabouthorror.co.uk\\\/#website\",\"url\":\"https:\\\/\\\/madabouthorror.co.uk\\\/\",\"name\":\"Mad About Horror\",\"description\":\"\",\"publisher\":{\"@id\":\"https:\\\/\\\/madabouthorror.co.uk\\\/#organization\"},\"alternateName\":\"Mad About Horror Limited\",\"potentialAction\":[{\"@type\":\"SearchAction\",\"target\":{\"@type\":\"EntryPoint\",\"urlTemplate\":\"https:\\\/\\\/madabouthorror.co.uk\\\/?s={search_term_string}\"},\"query-input\":{\"@type\":\"PropertyValueSpecification\",\"valueRequired\":true,\"valueName\":\"search_term_string\"}}],\"inLanguage\":\"de\"},{\"@type\":\"Organization\",\"@id\":\"https:\\\/\\\/madabouthorror.co.uk\\\/#organization\",\"name\":\"Mad About Horror\",\"url\":\"https:\\\/\\\/madabouthorror.co.uk\\\/\",\"logo\":{\"@type\":\"ImageObject\",\"inLanguage\":\"de\",\"@id\":\"https:\\\/\\\/madabouthorror.co.uk\\\/#\\\/schema\\\/logo\\\/image\\\/\",\"url\":\"https:\\\/\\\/madabouthorror.co.uk\\\/wp-content\\\/uploads\\\/2024\\\/02\\\/cropped-Logo.png\",\"contentUrl\":\"https:\\\/\\\/madabouthorror.co.uk\\\/wp-content\\\/uploads\\\/2024\\\/02\\\/cropped-Logo.png\",\"width\":240,\"height\":88,\"caption\":\"Mad About Horror\"},\"image\":{\"@id\":\"https:\\\/\\\/madabouthorror.co.uk\\\/#\\\/schema\\\/logo\\\/image\\\/\"},\"sameAs\":[\"https:\\\/\\\/www.facebook.com\\\/madabouthorror\\\/\",\"https:\\\/\\\/www.instagram.com\\\/madabouthorror\\\/\",\"https:\\\/\\\/www.pinterest.co.uk\\\/madabouthorror\\\/\",\"https:\\\/\\\/www.youtube.com\\\/channel\\\/UCBooLOIxjoQ89dj6T5lWm_w\",\"https:\\\/\\\/www.tiktok.com\\\/@weremadabouthorror\"]}]}<\/script>\n<!-- \/ Yoast SEO plugin. -->","yoast_head_json":{"title":"Animierter b\u00f6ser Clown Riesenrad - Halloween Requisite","description":"Halloween Animated Props - Evil Clown Ferris wheel Prop - BUY from the UK's leading Halloween &amp; Horror specialist. UK STOCK, Halloween prop Schnelle Lieferung.","robots":{"index":"index","follow":"follow","max-snippet":"max-snippet:-1","max-image-preview":"max-image-preview:large","max-video-preview":"max-video-preview:-1"},"canonical":"https:\/\/madabouthorror.co.uk\/de\/product\/animated-evil-clown-ferris-wheel-halloween-prop\/","og_locale":"de_DE","og_type":"article","og_title":"Animated Evil Clown Ferris Wheel - Halloween Prop","og_description":"Halloween Animated Props - Evil Clown Ferris wheel Prop - BUY from the UK's leading Halloween & Horror specialist. UK STOCK, Halloween prop Fast Delivery.","og_url":"https:\/\/madabouthorror.co.uk\/de\/product\/animated-evil-clown-ferris-wheel-halloween-prop\/","og_site_name":"Mad About Horror","article_publisher":"https:\/\/www.facebook.com\/madabouthorror\/","article_modified_time":"2026-04-30T14:05:06+00:00","og_image":[{"width":1500,"height":1500,"url":"https:\/\/madabouthorror.co.uk\/wp-content\/uploads\/2023\/02\/animated-halloween-prop-clown-ferris-wheel.jpg","type":"image\/jpeg"}],"twitter_card":"summary_large_image","twitter_misc":{"Gesch\u00e4tzte Lesezeit":"2\u00a0Minuten"},"schema":{"@context":"https:\/\/schema.org","@graph":[{"@type":["WebPage","ItemPage"],"@id":"https:\/\/madabouthorror.co.uk\/product\/animated-evil-clown-ferris-wheel-halloween-prop\/","url":"https:\/\/madabouthorror.co.uk\/product\/animated-evil-clown-ferris-wheel-halloween-prop\/","name":"Animierter b\u00f6ser Clown Riesenrad - Halloween Requisite","isPartOf":{"@id":"https:\/\/madabouthorror.co.uk\/#website"},"primaryImageOfPage":{"@id":"https:\/\/madabouthorror.co.uk\/product\/animated-evil-clown-ferris-wheel-halloween-prop\/#primaryimage"},"image":{"@id":"https:\/\/madabouthorror.co.uk\/product\/animated-evil-clown-ferris-wheel-halloween-prop\/#primaryimage"},"thumbnailUrl":"https:\/\/madabouthorror.co.uk\/wp-content\/uploads\/2023\/02\/animated-halloween-prop-clown-ferris-wheel.jpg","datePublished":"2023-02-23T09:10:51+00:00","dateModified":"2026-04-30T14:05:06+00:00","description":"Halloween Animated Props - Evil Clown Ferris wheel Prop - BUY from the UK's leading Halloween &amp; Horror specialist. UK STOCK, Halloween prop Schnelle Lieferung.","breadcrumb":{"@id":"https:\/\/madabouthorror.co.uk\/product\/animated-evil-clown-ferris-wheel-halloween-prop\/#breadcrumb"},"inLanguage":"de","potentialAction":[{"@type":"ReadAction","target":["https:\/\/madabouthorror.co.uk\/product\/animated-evil-clown-ferris-wheel-halloween-prop\/"]}]},{"@type":"ImageObject","inLanguage":"de","@id":"https:\/\/madabouthorror.co.uk\/product\/animated-evil-clown-ferris-wheel-halloween-prop\/#primaryimage","url":"https:\/\/madabouthorror.co.uk\/wp-content\/uploads\/2023\/02\/animated-halloween-prop-clown-ferris-wheel.jpg","contentUrl":"https:\/\/madabouthorror.co.uk\/wp-content\/uploads\/2023\/02\/animated-halloween-prop-clown-ferris-wheel.jpg","width":1500,"height":1500},{"@type":"BreadcrumbList","@id":"https:\/\/madabouthorror.co.uk\/product\/animated-evil-clown-ferris-wheel-halloween-prop\/#breadcrumb","itemListElement":[{"@type":"ListItem","position":1,"name":"Shop","item":"https:\/\/madabouthorror.co.uk\/shop\/"},{"@type":"ListItem","position":2,"name":"Animated Evil Clown Ferris Wheel"}]},{"@type":"WebSite","@id":"https:\/\/madabouthorror.co.uk\/#website","url":"https:\/\/madabouthorror.co.uk\/","name":"Verr\u00fcckt nach Horror","description":"","publisher":{"@id":"https:\/\/madabouthorror.co.uk\/#organization"},"alternateName":"Mad About Horror Limited","potentialAction":[{"@type":"SearchAction","target":{"@type":"EntryPoint","urlTemplate":"https:\/\/madabouthorror.co.uk\/?s={search_term_string}"},"query-input":{"@type":"PropertyValueSpecification","valueRequired":true,"valueName":"search_term_string"}}],"inLanguage":"de"},{"@type":"Organization","@id":"https:\/\/madabouthorror.co.uk\/#organization","name":"Verr\u00fcckt nach Horror","url":"https:\/\/madabouthorror.co.uk\/","logo":{"@type":"ImageObject","inLanguage":"de","@id":"https:\/\/madabouthorror.co.uk\/#\/schema\/logo\/image\/","url":"https:\/\/madabouthorror.co.uk\/wp-content\/uploads\/2024\/02\/cropped-Logo.png","contentUrl":"https:\/\/madabouthorror.co.uk\/wp-content\/uploads\/2024\/02\/cropped-Logo.png","width":240,"height":88,"caption":"Mad About Horror"},"image":{"@id":"https:\/\/madabouthorror.co.uk\/#\/schema\/logo\/image\/"},"sameAs":["https:\/\/www.facebook.com\/madabouthorror\/","https:\/\/www.instagram.com\/madabouthorror\/","https:\/\/www.pinterest.co.uk\/madabouthorror\/","https:\/\/www.youtube.com\/channel\/UCBooLOIxjoQ89dj6T5lWm_w","https:\/\/www.tiktok.com\/@weremadabouthorror"]}]}},"df_price":379.95,"df_sale_price":"","df_regular_price":379.95,"df_image_link":"https:\/\/madabouthorror.co.uk\/wp-content\/uploads\/2023\/02\/animated-halloween-prop-clown-ferris-wheel-300x300.jpg","_links":{"self":[{"href":"https:\/\/madabouthorror.co.uk\/de\/wp-json\/wp\/v2\/product\/42035","targetHints":{"allow":["GET"]}}],"collection":[{"href":"https:\/\/madabouthorror.co.uk\/de\/wp-json\/wp\/v2\/product"}],"about":[{"href":"https:\/\/madabouthorror.co.uk\/de\/wp-json\/wp\/v2\/types\/product"}],"replies":[{"embeddable":true,"href":"https:\/\/madabouthorror.co.uk\/de\/wp-json\/wp\/v2\/comments?post=42035"}],"wp:featuredmedia":[{"embeddable":true,"href":"https:\/\/madabouthorror.co.uk\/de\/wp-json\/wp\/v2\/media\/492594"}],"wp:attachment":[{"href":"https:\/\/madabouthorror.co.uk\/de\/wp-json\/wp\/v2\/media?parent=42035"}],"wp:term":[{"taxonomy":"product_brand","embeddable":true,"href":"https:\/\/madabouthorror.co.uk\/de\/wp-json\/wp\/v2\/product_brand?post=42035"},{"taxonomy":"product_cat","embeddable":true,"href":"https:\/\/madabouthorror.co.uk\/de\/wp-json\/wp\/v2\/product_cat?post=42035"},{"taxonomy":"product_tag","embeddable":true,"href":"https:\/\/madabouthorror.co.uk\/de\/wp-json\/wp\/v2\/product_tag?post=42035"}],"curies":[{"name":"wp","href":"https:\/\/api.w.org\/{rel}","templated":true}]}}