{"id":42228,"date":"2019-07-10T18:13:23","date_gmt":"2019-07-10T17:13:23","guid":{"rendered":"https:\/\/mah.6bdv.ws\/product\/halloween-1978-michael-myers-butcher-knife-prop\/"},"modified":"2026-04-20T13:42:32","modified_gmt":"2026-04-20T12:42:32","slug":"halloween-1978-michael-myers-butcher-knife-prop","status":"publish","type":"product","link":"https:\/\/madabouthorror.co.uk\/de\/product\/halloween-1978-michael-myers-butcher-knife-prop\/","title":{"rendered":"Halloween Michael Myers Schlachtermesser Requisite"},"content":{"rendered":"<p>Wir stellen das offiziell lizenzierte Halloween Michael Myers Metzger-Messer-Requisit von Tick or Treat Studios vor! Dieses bemerkenswerte Metzger-Messer ist eine authentische Nachbildung der ikonischen Waffe, die von einem der ber\u00fcchtigtsten Film-Serienm\u00f6rder in dem Film gef\u00fchrt wird, der Michael Myers unter Horrorfans zu einem bekannten Namen machte \u2013 John Carpenters Halloween.<\/p>\n<p>Mit einer L\u00e4nge von 18 1\/4 Zoll von Griff bis Spitze zeichnet sich das offizielle Halloween Michael Myers Metzger-Messer-Requisit durch akribische Details aus. Seine spritzgegossene Konstruktion und die galvanisierte Klinge verst\u00e4rken sein lebensechtes Aussehen. Fangen Sie die Essenz von \u201cDie Nacht, in der er nach Hause kam\u201d ein, indem Sie dieses Metzger-Messer mit der offiziellen Halloween Michael Myers Maske kombinieren.<\/p>\n<p>Ob Sie ein Horror-Enthusiast sind oder Ihr Halloween-Kost\u00fcm vervollst\u00e4ndigen m\u00f6chten, diese offiziell lizenzierte Metzger-Messer-Requisite ist ein Muss. Bestellen Sie Ihre noch heute und erleben Sie den Terror von John Carpenters Halloween mit diesem ikonischen St\u00fcck Filmgeschichte neu.<\/p>\n<p><em>\u00a9 2018 Compass International Pictures, Inc. Alle Rechte vorbehalten.<\/em><\/p>","protected":false},"excerpt":{"rendered":"<p>Hier ist das offiziell lizenzierte Halloween Michael Myers Metzger-Messer-Requisit von Tick or Treat Studios! Dieses bemerkenswerte Metzger-Messer ist eine authentische Nachbildung der ikonischen Waffe, die von einem der ber\u00fcchtigtsten Serienm\u00f6rder der Filmgeschichte gef\u00fchrt wurde, in dem Film, der Michael Myers unter Horrorfans zu einem bekannten Namen machte \u2013 John Carpenters Halloween. Mit einer L\u00e4nge von 18 [\u2026 ]<\/p>","protected":false},"featured_media":42226,"comment_status":"closed","ping_status":"closed","template":"","meta":{"_acf_changed":false},"product_brand":[],"product_cat":[10132,10105,10078,6537,7091,6551,10038,6784,6552,6543,6554,6792,6660],"product_tag":[],"class_list":{"0":"post-42228","1":"product","2":"type-product","3":"status-publish","4":"has-post-thumbnail","6":"product_cat-masks-collectibles","7":"product_cat-replica-knives","8":"product_cat-weapons-trick-or-treat-studios","9":"product_cat-collectibles","10":"product_cat-tv-movie","11":"product_cat-costumes","12":"product_cat-horror-gifts","13":"product_cat-michael-myers","14":"product_cat-accessories","15":"product_cat-professional","16":"product_cat-weapons","17":"product_cat-trick-or-treat-studios","18":"product_cat-halloweenmichaelmyers","19":"product_shipping_class-small-parcel-economy-3-5-business-days","21":"first","22":"instock","23":"taxable","24":"shipping-taxable","25":"purchasable","26":"product-type-simple"},"supplier_id":471029,"supplier_sku":"TMTI100","barcode":"811501031642","atum_controlled":true,"out_stock_date":null,"out_stock_threshold":null,"inheritable":false,"inbound_stock":24,"stock_on_hold":0,"sold_today":0,"sales_last_days":1,"reserved_stock":0,"customer_returns":0,"warehouse_damage":0,"lost_in_post":0,"other_logs":0,"out_stock_days":0,"lost_sales":0,"has_location":false,"update_date":"2026-04-24T01:37:59","atum_locations":[],"atum_stock_status":"instock","restock_status":false,"low_stock_amount":12,"sales_update_date":"2026-04-24T01:37:57","calc_backorders":null,"acf":[],"yoast_head":"<!-- This site is optimized with the Yoast SEO plugin v27.4 - https:\/\/yoast.com\/product\/yoast-seo-wordpress\/ -->\n<title>Halloween 1978 - Michael Myers - Butcher Knife Prop<\/title>\n<meta name=\"description\" content=\"Officially licensed Halloween Michael Myers Butcher Knife Prop from Tick or Treat Studios. Available to buy online from Mad About Horror.\" \/>\n<meta name=\"robots\" content=\"index, follow, max-snippet:-1, max-image-preview:large, max-video-preview:-1\" \/>\n<link rel=\"canonical\" href=\"https:\/\/madabouthorror.co.uk\/de\/product\/halloween-1978-michael-myers-butcher-knife-prop\/\" \/>\n<meta property=\"og:locale\" content=\"de_DE\" \/>\n<meta property=\"og:type\" content=\"article\" \/>\n<meta property=\"og:title\" content=\"Halloween 1978 - Michael Myers - Butcher Knife Prop\" \/>\n<meta property=\"og:description\" content=\"Officially licensed Halloween Michael Myers Butcher Knife Prop from Tick or Treat Studios. Available to buy online from Mad About Horror.\" \/>\n<meta property=\"og:url\" content=\"https:\/\/madabouthorror.co.uk\/de\/product\/halloween-1978-michael-myers-butcher-knife-prop\/\" \/>\n<meta property=\"og:site_name\" content=\"Mad About Horror\" \/>\n<meta property=\"article:publisher\" content=\"https:\/\/www.facebook.com\/madabouthorror\/\" \/>\n<meta property=\"article:modified_time\" content=\"2026-04-20T12:42:32+00:00\" \/>\n<meta property=\"og:image\" content=\"https:\/\/madabouthorror.co.uk\/wp-content\/uploads\/2019\/07\/halloween_78_butcher_knife_prop.jpg\" \/>\n\t<meta property=\"og:image:width\" content=\"670\" \/>\n\t<meta property=\"og:image:height\" content=\"670\" \/>\n\t<meta property=\"og:image:type\" content=\"image\/jpeg\" \/>\n<meta name=\"twitter:card\" content=\"summary_large_image\" \/>\n<meta name=\"twitter:label1\" content=\"Gesch\u00e4tzte Lesezeit\" \/>\n\t<meta name=\"twitter:data1\" content=\"1\u00a0Minute\" \/>\n<script type=\"application\/ld+json\" class=\"yoast-schema-graph\">{\"@context\":\"https:\\\/\\\/schema.org\",\"@graph\":[{\"@type\":[\"WebPage\",\"ItemPage\"],\"@id\":\"https:\\\/\\\/madabouthorror.co.uk\\\/product\\\/halloween-1978-michael-myers-butcher-knife-prop\\\/\",\"url\":\"https:\\\/\\\/madabouthorror.co.uk\\\/product\\\/halloween-1978-michael-myers-butcher-knife-prop\\\/\",\"name\":\"Halloween 1978 - Michael Myers - Butcher Knife Prop\",\"isPartOf\":{\"@id\":\"https:\\\/\\\/madabouthorror.co.uk\\\/#website\"},\"primaryImageOfPage\":{\"@id\":\"https:\\\/\\\/madabouthorror.co.uk\\\/product\\\/halloween-1978-michael-myers-butcher-knife-prop\\\/#primaryimage\"},\"image\":{\"@id\":\"https:\\\/\\\/madabouthorror.co.uk\\\/product\\\/halloween-1978-michael-myers-butcher-knife-prop\\\/#primaryimage\"},\"thumbnailUrl\":\"https:\\\/\\\/madabouthorror.co.uk\\\/wp-content\\\/uploads\\\/2019\\\/07\\\/halloween_78_butcher_knife_prop.jpg\",\"datePublished\":\"2019-07-10T17:13:23+00:00\",\"dateModified\":\"2026-04-20T12:42:32+00:00\",\"description\":\"Officially licensed Halloween Michael Myers Butcher Knife Prop from Tick or Treat Studios. Available to buy online from Mad About Horror.\",\"breadcrumb\":{\"@id\":\"https:\\\/\\\/madabouthorror.co.uk\\\/product\\\/halloween-1978-michael-myers-butcher-knife-prop\\\/#breadcrumb\"},\"inLanguage\":\"de\",\"potentialAction\":[{\"@type\":\"ReadAction\",\"target\":[\"https:\\\/\\\/madabouthorror.co.uk\\\/product\\\/halloween-1978-michael-myers-butcher-knife-prop\\\/\"]}]},{\"@type\":\"ImageObject\",\"inLanguage\":\"de\",\"@id\":\"https:\\\/\\\/madabouthorror.co.uk\\\/product\\\/halloween-1978-michael-myers-butcher-knife-prop\\\/#primaryimage\",\"url\":\"https:\\\/\\\/madabouthorror.co.uk\\\/wp-content\\\/uploads\\\/2019\\\/07\\\/halloween_78_butcher_knife_prop.jpg\",\"contentUrl\":\"https:\\\/\\\/madabouthorror.co.uk\\\/wp-content\\\/uploads\\\/2019\\\/07\\\/halloween_78_butcher_knife_prop.jpg\",\"width\":670,\"height\":670,\"caption\":\"Halloween 1978 - Michael Myers - Butcher Knife Prop\"},{\"@type\":\"BreadcrumbList\",\"@id\":\"https:\\\/\\\/madabouthorror.co.uk\\\/product\\\/halloween-1978-michael-myers-butcher-knife-prop\\\/#breadcrumb\",\"itemListElement\":[{\"@type\":\"ListItem\",\"position\":1,\"name\":\"Shop\",\"item\":\"https:\\\/\\\/madabouthorror.co.uk\\\/shop\\\/\"},{\"@type\":\"ListItem\",\"position\":2,\"name\":\"Halloween Michael Myers Butcher Knife Prop\"}]},{\"@type\":\"WebSite\",\"@id\":\"https:\\\/\\\/madabouthorror.co.uk\\\/#website\",\"url\":\"https:\\\/\\\/madabouthorror.co.uk\\\/\",\"name\":\"Mad About Horror\",\"description\":\"\",\"publisher\":{\"@id\":\"https:\\\/\\\/madabouthorror.co.uk\\\/#organization\"},\"alternateName\":\"Mad About Horror Limited\",\"potentialAction\":[{\"@type\":\"SearchAction\",\"target\":{\"@type\":\"EntryPoint\",\"urlTemplate\":\"https:\\\/\\\/madabouthorror.co.uk\\\/?s={search_term_string}\"},\"query-input\":{\"@type\":\"PropertyValueSpecification\",\"valueRequired\":true,\"valueName\":\"search_term_string\"}}],\"inLanguage\":\"de\"},{\"@type\":\"Organization\",\"@id\":\"https:\\\/\\\/madabouthorror.co.uk\\\/#organization\",\"name\":\"Mad About Horror\",\"url\":\"https:\\\/\\\/madabouthorror.co.uk\\\/\",\"logo\":{\"@type\":\"ImageObject\",\"inLanguage\":\"de\",\"@id\":\"https:\\\/\\\/madabouthorror.co.uk\\\/#\\\/schema\\\/logo\\\/image\\\/\",\"url\":\"https:\\\/\\\/madabouthorror.co.uk\\\/wp-content\\\/uploads\\\/2024\\\/02\\\/cropped-Logo.png\",\"contentUrl\":\"https:\\\/\\\/madabouthorror.co.uk\\\/wp-content\\\/uploads\\\/2024\\\/02\\\/cropped-Logo.png\",\"width\":240,\"height\":88,\"caption\":\"Mad About Horror\"},\"image\":{\"@id\":\"https:\\\/\\\/madabouthorror.co.uk\\\/#\\\/schema\\\/logo\\\/image\\\/\"},\"sameAs\":[\"https:\\\/\\\/www.facebook.com\\\/madabouthorror\\\/\",\"https:\\\/\\\/www.instagram.com\\\/madabouthorror\\\/\",\"https:\\\/\\\/www.pinterest.co.uk\\\/madabouthorror\\\/\",\"https:\\\/\\\/www.youtube.com\\\/channel\\\/UCBooLOIxjoQ89dj6T5lWm_w\",\"https:\\\/\\\/www.tiktok.com\\\/@weremadabouthorror\"]}]}<\/script>\n<!-- \/ Yoast SEO plugin. -->","yoast_head_json":{"title":"Halloween 1978 - Michael Myers - Schlachtermesser Requisite","description":"Offiziell lizenziertes Halloween Michael Myers Metzger-Messer-Requisite von Tick or Treat Studios. Online erh\u00e4ltlich bei Mad About Horror.","robots":{"index":"index","follow":"follow","max-snippet":"max-snippet:-1","max-image-preview":"max-image-preview:large","max-video-preview":"max-video-preview:-1"},"canonical":"https:\/\/madabouthorror.co.uk\/de\/product\/halloween-1978-michael-myers-butcher-knife-prop\/","og_locale":"de_DE","og_type":"article","og_title":"Halloween 1978 - Michael Myers - Butcher Knife Prop","og_description":"Officially licensed Halloween Michael Myers Butcher Knife Prop from Tick or Treat Studios. Available to buy online from Mad About Horror.","og_url":"https:\/\/madabouthorror.co.uk\/de\/product\/halloween-1978-michael-myers-butcher-knife-prop\/","og_site_name":"Mad About Horror","article_publisher":"https:\/\/www.facebook.com\/madabouthorror\/","article_modified_time":"2026-04-20T12:42:32+00:00","og_image":[{"width":670,"height":670,"url":"https:\/\/madabouthorror.co.uk\/wp-content\/uploads\/2019\/07\/halloween_78_butcher_knife_prop.jpg","type":"image\/jpeg"}],"twitter_card":"summary_large_image","twitter_misc":{"Gesch\u00e4tzte Lesezeit":"1\u00a0Minute"},"schema":{"@context":"https:\/\/schema.org","@graph":[{"@type":["WebPage","ItemPage"],"@id":"https:\/\/madabouthorror.co.uk\/product\/halloween-1978-michael-myers-butcher-knife-prop\/","url":"https:\/\/madabouthorror.co.uk\/product\/halloween-1978-michael-myers-butcher-knife-prop\/","name":"Halloween 1978 - Michael Myers - Schlachtermesser Requisite","isPartOf":{"@id":"https:\/\/madabouthorror.co.uk\/#website"},"primaryImageOfPage":{"@id":"https:\/\/madabouthorror.co.uk\/product\/halloween-1978-michael-myers-butcher-knife-prop\/#primaryimage"},"image":{"@id":"https:\/\/madabouthorror.co.uk\/product\/halloween-1978-michael-myers-butcher-knife-prop\/#primaryimage"},"thumbnailUrl":"https:\/\/madabouthorror.co.uk\/wp-content\/uploads\/2019\/07\/halloween_78_butcher_knife_prop.jpg","datePublished":"2019-07-10T17:13:23+00:00","dateModified":"2026-04-20T12:42:32+00:00","description":"Offiziell lizenziertes Halloween Michael Myers Metzger-Messer-Requisite von Tick or Treat Studios. Online erh\u00e4ltlich bei Mad About Horror.","breadcrumb":{"@id":"https:\/\/madabouthorror.co.uk\/product\/halloween-1978-michael-myers-butcher-knife-prop\/#breadcrumb"},"inLanguage":"de","potentialAction":[{"@type":"ReadAction","target":["https:\/\/madabouthorror.co.uk\/product\/halloween-1978-michael-myers-butcher-knife-prop\/"]}]},{"@type":"ImageObject","inLanguage":"de","@id":"https:\/\/madabouthorror.co.uk\/product\/halloween-1978-michael-myers-butcher-knife-prop\/#primaryimage","url":"https:\/\/madabouthorror.co.uk\/wp-content\/uploads\/2019\/07\/halloween_78_butcher_knife_prop.jpg","contentUrl":"https:\/\/madabouthorror.co.uk\/wp-content\/uploads\/2019\/07\/halloween_78_butcher_knife_prop.jpg","width":670,"height":670,"caption":"Halloween 1978 - Michael Myers - Butcher Knife Prop"},{"@type":"BreadcrumbList","@id":"https:\/\/madabouthorror.co.uk\/product\/halloween-1978-michael-myers-butcher-knife-prop\/#breadcrumb","itemListElement":[{"@type":"ListItem","position":1,"name":"Shop","item":"https:\/\/madabouthorror.co.uk\/shop\/"},{"@type":"ListItem","position":2,"name":"Halloween Michael Myers Butcher Knife Prop"}]},{"@type":"WebSite","@id":"https:\/\/madabouthorror.co.uk\/#website","url":"https:\/\/madabouthorror.co.uk\/","name":"Verr\u00fcckt nach Horror","description":"","publisher":{"@id":"https:\/\/madabouthorror.co.uk\/#organization"},"alternateName":"Mad About Horror Limited","potentialAction":[{"@type":"SearchAction","target":{"@type":"EntryPoint","urlTemplate":"https:\/\/madabouthorror.co.uk\/?s={search_term_string}"},"query-input":{"@type":"PropertyValueSpecification","valueRequired":true,"valueName":"search_term_string"}}],"inLanguage":"de"},{"@type":"Organization","@id":"https:\/\/madabouthorror.co.uk\/#organization","name":"Verr\u00fcckt nach Horror","url":"https:\/\/madabouthorror.co.uk\/","logo":{"@type":"ImageObject","inLanguage":"de","@id":"https:\/\/madabouthorror.co.uk\/#\/schema\/logo\/image\/","url":"https:\/\/madabouthorror.co.uk\/wp-content\/uploads\/2024\/02\/cropped-Logo.png","contentUrl":"https:\/\/madabouthorror.co.uk\/wp-content\/uploads\/2024\/02\/cropped-Logo.png","width":240,"height":88,"caption":"Mad About Horror"},"image":{"@id":"https:\/\/madabouthorror.co.uk\/#\/schema\/logo\/image\/"},"sameAs":["https:\/\/www.facebook.com\/madabouthorror\/","https:\/\/www.instagram.com\/madabouthorror\/","https:\/\/www.pinterest.co.uk\/madabouthorror\/","https:\/\/www.youtube.com\/channel\/UCBooLOIxjoQ89dj6T5lWm_w","https:\/\/www.tiktok.com\/@weremadabouthorror"]}]}},"df_price":28.08,"df_sale_price":"","df_regular_price":28.08,"df_image_link":"https:\/\/madabouthorror.co.uk\/wp-content\/uploads\/2019\/07\/halloween_78_butcher_knife_prop-300x300.jpg","_links":{"self":[{"href":"https:\/\/madabouthorror.co.uk\/de\/wp-json\/wp\/v2\/product\/42228","targetHints":{"allow":["GET"]}}],"collection":[{"href":"https:\/\/madabouthorror.co.uk\/de\/wp-json\/wp\/v2\/product"}],"about":[{"href":"https:\/\/madabouthorror.co.uk\/de\/wp-json\/wp\/v2\/types\/product"}],"replies":[{"embeddable":true,"href":"https:\/\/madabouthorror.co.uk\/de\/wp-json\/wp\/v2\/comments?post=42228"}],"wp:featuredmedia":[{"embeddable":true,"href":"https:\/\/madabouthorror.co.uk\/de\/wp-json\/wp\/v2\/media\/42226"}],"wp:attachment":[{"href":"https:\/\/madabouthorror.co.uk\/de\/wp-json\/wp\/v2\/media?parent=42228"}],"wp:term":[{"taxonomy":"product_brand","embeddable":true,"href":"https:\/\/madabouthorror.co.uk\/de\/wp-json\/wp\/v2\/product_brand?post=42228"},{"taxonomy":"product_cat","embeddable":true,"href":"https:\/\/madabouthorror.co.uk\/de\/wp-json\/wp\/v2\/product_cat?post=42228"},{"taxonomy":"product_tag","embeddable":true,"href":"https:\/\/madabouthorror.co.uk\/de\/wp-json\/wp\/v2\/product_tag?post=42228"}],"curies":[{"name":"wp","href":"https:\/\/api.w.org\/{rel}","templated":true}]}}