{"id":42234,"date":"2019-07-10T18:13:24","date_gmt":"2019-07-10T17:13:24","guid":{"rendered":"https:\/\/mah.6bdv.ws\/product\/twilight-zone-talky-tina-doll\/"},"modified":"2026-04-10T10:22:00","modified_gmt":"2026-04-10T09:22:00","slug":"twilight-zone-talky-tina-doll","status":"publish","type":"product","link":"https:\/\/madabouthorror.co.uk\/de\/product\/twilight-zone-talky-tina-doll\/","title":{"rendered":"Twilight Zone - Talky Tina Doll"},"content":{"rendered":"<p>Die Probleme einer gest\u00f6rten Familie werden noch verschlimmert, als sich die Puppe des Kindes nicht nur als empfindungsf\u00e4hig, sondern auch als b\u00f6se erweist. Living Doll ist die 126. Folge der Twilight Zone und dank der Hauptdarstellerin, der lebenden Puppe Talky Tina, wohl die ber\u00fchmteste Folge. Jetzt haben Sie die Chance, Ihre eigene Talky Tina-Puppe zu besitzen.<\/p>\n<p>Gebildet von Mark Anthony.<\/p>\n<p>Die offiziell lizenzierte Twilight Zone Talky Tina Puppe im Eins-zu-Eins-Ma\u00dfstab ist die originalgetreueste Talky Tina Puppe, die je hergestellt wurde. Jedes Detail von Talky Tina ist in dieser erstaunlichen Puppe enthalten.<\/p>\n<p>Der Kopf und der K\u00f6rper der Puppe sind aus Vinyl f\u00fcr maximale Haltbarkeit und Farbgenauigkeit. Die Arme, Beine und der Kopf sind beweglich, so dass du Talky Tina in jede gew\u00fcnschte Pose bringen kannst. Die Kleidung ist aus einem dicken Polyester-Baumwoll-Gemisch gefertigt und ist identisch mit der Puppe aus dem Film. Und genau wie die Leinwand verwendet Doll, steht Talky Tina 21\u2033 gro\u00df.<\/p>\n<p>Au\u00dferdem spricht Talky Tina und sagt alle ihre S\u00e4tze aus der Folge:<\/p>\n<p>Mein Name ist Talky Tina und ich liebe dich sehr.<br \/>\nMein Name ist Talky Tina und ich glaube, ich mag dich nicht.<br \/>\nMein Name ist Talky Tina und ich glaube, ich k\u00f6nnte dich sogar hassen.<br \/>\nMein Name ist Talky Tina und ich fange an, dich zu hassen.<br \/>\nIch k\u00f6nnte dich verletzen.<br \/>\nMein Name ist Talky Tina und ich vergebe dir nicht.<br \/>\nIch habe dir gesagt, dass es dir leidtun wird.<br \/>\nDu wirst sterben.<br \/>\nIch kann es ertragen, wenn du es kannst.<br \/>\nMein Name ist Talky Tina und ich werde dich umbringen.<br \/>\nIch hei\u00dfe Talky Tina und du bist besser nett zu mir.<\/p>\n<p>Die Puppen werden in einer sch\u00f6nen Sammlerbox mit Fenster geliefert.<\/p>\n<p><em>\u00a9 2017 CBS Television. Alle Rechte vorbehalten.<\/em><\/p>\n<p>&nbsp;<\/p>","protected":false},"excerpt":{"rendered":"<p>Die Probleme einer gest\u00f6rten Familie werden noch verschlimmert, als sich die Puppe des Kindes nicht nur als empfindungsf\u00e4hig, sondern auch als b\u00f6se erweist. Living Doll ist die 126. Folge der Twilight Zone und dank der Hauptdarstellerin, der lebenden Puppe Talky Tina, wohl die ber\u00fchmteste Folge. Jetzt haben Sie die Chance, die [...]<\/p>","protected":false},"featured_media":492056,"comment_status":"closed","ping_status":"closed","template":"","meta":{"_acf_changed":false},"product_brand":[],"product_cat":[10129,10076,10093,9946,6537,10107,10038,6547,6728,8802,6792,6711],"product_tag":[],"class_list":{"0":"post-42234","1":"product","2":"type-product","3":"status-publish","4":"has-post-thumbnail","6":"product_cat-main-gift","7":"product_cat-replica-dolls-props","8":"product_cat-indoor-halloween-decorations","9":"product_cat-replica-dolls","10":"product_cat-collectibles","11":"product_cat-licensed-halloween-decorations","12":"product_cat-horror-gifts","13":"product_cat-decorations","14":"product_cat-premium","15":"product_cat-sale","16":"product_cat-trick-or-treat-studios","17":"product_cat-thetwilightzone","18":"product_shipping_class-oversize-for-post","20":"first","21":"outofstock","22":"sale","23":"taxable","24":"shipping-taxable","25":"purchasable","26":"product-type-simple"},"supplier_id":467429,"supplier_sku":"MACBS101","barcode":"811501031086","atum_controlled":true,"out_stock_date":"2026-04-10 10:22:00","out_stock_threshold":null,"inheritable":false,"inbound_stock":0,"stock_on_hold":0,"sold_today":0,"sales_last_days":1,"reserved_stock":0,"customer_returns":0,"warehouse_damage":0,"lost_in_post":0,"other_logs":0,"out_stock_days":4,"lost_sales":154,"has_location":false,"update_date":"2026-04-15T01:56:35","atum_locations":[],"atum_stock_status":"outofstock","restock_status":false,"low_stock_amount":2,"sales_update_date":"2026-04-15T01:56:34","calc_backorders":null,"acf":[],"yoast_head":"<!-- This site is optimized with the Yoast SEO plugin v27.4 - https:\/\/yoast.com\/product\/yoast-seo-wordpress\/ -->\n<title>Twilight Zone - Talky Tina Doll | Mad About Horror<\/title>\n<meta name=\"description\" content=\"Officially licensed Twilight Zone - Talky Tina Doll by Trick or Treat Studios. Available to buy online from Mad About Horror or call 01482 935936.\" \/>\n<meta name=\"robots\" content=\"index, follow, max-snippet:-1, max-image-preview:large, max-video-preview:-1\" \/>\n<link rel=\"canonical\" href=\"https:\/\/madabouthorror.co.uk\/de\/product\/twilight-zone-talky-tina-doll\/\" \/>\n<meta property=\"og:locale\" content=\"de_DE\" \/>\n<meta property=\"og:type\" content=\"article\" \/>\n<meta property=\"og:title\" content=\"Twilight Zone - Talky Tina Doll | Mad About Horror\" \/>\n<meta property=\"og:description\" content=\"Officially licensed Twilight Zone - Talky Tina Doll by Trick or Treat Studios. Available to buy online from Mad About Horror or call 01482 935936.\" \/>\n<meta property=\"og:url\" content=\"https:\/\/madabouthorror.co.uk\/de\/product\/twilight-zone-talky-tina-doll\/\" \/>\n<meta property=\"og:site_name\" content=\"Mad About Horror\" \/>\n<meta property=\"article:publisher\" content=\"https:\/\/www.facebook.com\/madabouthorror\/\" \/>\n<meta property=\"article:modified_time\" content=\"2026-04-10T09:22:00+00:00\" \/>\n<meta property=\"og:image\" content=\"https:\/\/madabouthorror.co.uk\/wp-content\/uploads\/2019\/07\/talky-tina-trick-or-treat-studios-doll.png\" \/>\n\t<meta property=\"og:image:width\" content=\"1500\" \/>\n\t<meta property=\"og:image:height\" content=\"1500\" \/>\n\t<meta property=\"og:image:type\" content=\"image\/png\" \/>\n<meta name=\"twitter:card\" content=\"summary_large_image\" \/>\n<meta name=\"twitter:label1\" content=\"Gesch\u00e4tzte Lesezeit\" \/>\n\t<meta name=\"twitter:data1\" content=\"2\u00a0Minuten\" \/>\n<script type=\"application\/ld+json\" class=\"yoast-schema-graph\">{\"@context\":\"https:\\\/\\\/schema.org\",\"@graph\":[{\"@type\":[\"WebPage\",\"ItemPage\"],\"@id\":\"https:\\\/\\\/madabouthorror.co.uk\\\/product\\\/twilight-zone-talky-tina-doll\\\/\",\"url\":\"https:\\\/\\\/madabouthorror.co.uk\\\/product\\\/twilight-zone-talky-tina-doll\\\/\",\"name\":\"Twilight Zone - Talky Tina Doll | Mad About Horror\",\"isPartOf\":{\"@id\":\"https:\\\/\\\/madabouthorror.co.uk\\\/#website\"},\"primaryImageOfPage\":{\"@id\":\"https:\\\/\\\/madabouthorror.co.uk\\\/product\\\/twilight-zone-talky-tina-doll\\\/#primaryimage\"},\"image\":{\"@id\":\"https:\\\/\\\/madabouthorror.co.uk\\\/product\\\/twilight-zone-talky-tina-doll\\\/#primaryimage\"},\"thumbnailUrl\":\"https:\\\/\\\/madabouthorror.co.uk\\\/wp-content\\\/uploads\\\/2019\\\/07\\\/talky-tina-trick-or-treat-studios-doll.png\",\"datePublished\":\"2019-07-10T17:13:24+00:00\",\"dateModified\":\"2026-04-10T09:22:00+00:00\",\"description\":\"Officially licensed Twilight Zone - Talky Tina Doll by Trick or Treat Studios. Available to buy online from Mad About Horror or call 01482 935936.\",\"breadcrumb\":{\"@id\":\"https:\\\/\\\/madabouthorror.co.uk\\\/product\\\/twilight-zone-talky-tina-doll\\\/#breadcrumb\"},\"inLanguage\":\"de\",\"potentialAction\":[{\"@type\":\"ReadAction\",\"target\":[\"https:\\\/\\\/madabouthorror.co.uk\\\/product\\\/twilight-zone-talky-tina-doll\\\/\"]}]},{\"@type\":\"ImageObject\",\"inLanguage\":\"de\",\"@id\":\"https:\\\/\\\/madabouthorror.co.uk\\\/product\\\/twilight-zone-talky-tina-doll\\\/#primaryimage\",\"url\":\"https:\\\/\\\/madabouthorror.co.uk\\\/wp-content\\\/uploads\\\/2019\\\/07\\\/talky-tina-trick-or-treat-studios-doll.png\",\"contentUrl\":\"https:\\\/\\\/madabouthorror.co.uk\\\/wp-content\\\/uploads\\\/2019\\\/07\\\/talky-tina-trick-or-treat-studios-doll.png\",\"width\":1500,\"height\":1500,\"caption\":\"talky tina trick or treat studios doll\"},{\"@type\":\"BreadcrumbList\",\"@id\":\"https:\\\/\\\/madabouthorror.co.uk\\\/product\\\/twilight-zone-talky-tina-doll\\\/#breadcrumb\",\"itemListElement\":[{\"@type\":\"ListItem\",\"position\":1,\"name\":\"Shop\",\"item\":\"https:\\\/\\\/madabouthorror.co.uk\\\/shop\\\/\"},{\"@type\":\"ListItem\",\"position\":2,\"name\":\"Twilight Zone &#8211; Talky Tina Doll\"}]},{\"@type\":\"WebSite\",\"@id\":\"https:\\\/\\\/madabouthorror.co.uk\\\/#website\",\"url\":\"https:\\\/\\\/madabouthorror.co.uk\\\/\",\"name\":\"Mad About Horror\",\"description\":\"\",\"publisher\":{\"@id\":\"https:\\\/\\\/madabouthorror.co.uk\\\/#organization\"},\"alternateName\":\"Mad About Horror Limited\",\"potentialAction\":[{\"@type\":\"SearchAction\",\"target\":{\"@type\":\"EntryPoint\",\"urlTemplate\":\"https:\\\/\\\/madabouthorror.co.uk\\\/?s={search_term_string}\"},\"query-input\":{\"@type\":\"PropertyValueSpecification\",\"valueRequired\":true,\"valueName\":\"search_term_string\"}}],\"inLanguage\":\"de\"},{\"@type\":\"Organization\",\"@id\":\"https:\\\/\\\/madabouthorror.co.uk\\\/#organization\",\"name\":\"Mad About Horror\",\"url\":\"https:\\\/\\\/madabouthorror.co.uk\\\/\",\"logo\":{\"@type\":\"ImageObject\",\"inLanguage\":\"de\",\"@id\":\"https:\\\/\\\/madabouthorror.co.uk\\\/#\\\/schema\\\/logo\\\/image\\\/\",\"url\":\"https:\\\/\\\/madabouthorror.co.uk\\\/wp-content\\\/uploads\\\/2024\\\/02\\\/cropped-Logo.png\",\"contentUrl\":\"https:\\\/\\\/madabouthorror.co.uk\\\/wp-content\\\/uploads\\\/2024\\\/02\\\/cropped-Logo.png\",\"width\":240,\"height\":88,\"caption\":\"Mad About Horror\"},\"image\":{\"@id\":\"https:\\\/\\\/madabouthorror.co.uk\\\/#\\\/schema\\\/logo\\\/image\\\/\"},\"sameAs\":[\"https:\\\/\\\/www.facebook.com\\\/madabouthorror\\\/\",\"https:\\\/\\\/www.instagram.com\\\/madabouthorror\\\/\",\"https:\\\/\\\/www.pinterest.co.uk\\\/madabouthorror\\\/\",\"https:\\\/\\\/www.youtube.com\\\/channel\\\/UCBooLOIxjoQ89dj6T5lWm_w\",\"https:\\\/\\\/www.tiktok.com\\\/@weremadabouthorror\"]}]}<\/script>\n<!-- \/ Yoast SEO plugin. -->","yoast_head_json":{"title":"Twilight Zone - Talky Tina Doll | Mad About Horror","description":"Offiziell lizenzierte Twilight Zone - Talky Tina Doll von Trick or Treat Studios. Online zu kaufen bei Mad About Horror oder telefonisch unter 01482 935936.","robots":{"index":"index","follow":"follow","max-snippet":"max-snippet:-1","max-image-preview":"max-image-preview:large","max-video-preview":"max-video-preview:-1"},"canonical":"https:\/\/madabouthorror.co.uk\/de\/product\/twilight-zone-talky-tina-doll\/","og_locale":"de_DE","og_type":"article","og_title":"Twilight Zone - Talky Tina Doll | Mad About Horror","og_description":"Officially licensed Twilight Zone - Talky Tina Doll by Trick or Treat Studios. Available to buy online from Mad About Horror or call 01482 935936.","og_url":"https:\/\/madabouthorror.co.uk\/de\/product\/twilight-zone-talky-tina-doll\/","og_site_name":"Mad About Horror","article_publisher":"https:\/\/www.facebook.com\/madabouthorror\/","article_modified_time":"2026-04-10T09:22:00+00:00","og_image":[{"width":1500,"height":1500,"url":"https:\/\/madabouthorror.co.uk\/wp-content\/uploads\/2019\/07\/talky-tina-trick-or-treat-studios-doll.png","type":"image\/png"}],"twitter_card":"summary_large_image","twitter_misc":{"Gesch\u00e4tzte Lesezeit":"2\u00a0Minuten"},"schema":{"@context":"https:\/\/schema.org","@graph":[{"@type":["WebPage","ItemPage"],"@id":"https:\/\/madabouthorror.co.uk\/product\/twilight-zone-talky-tina-doll\/","url":"https:\/\/madabouthorror.co.uk\/product\/twilight-zone-talky-tina-doll\/","name":"Twilight Zone - Talky Tina Doll | Mad About Horror","isPartOf":{"@id":"https:\/\/madabouthorror.co.uk\/#website"},"primaryImageOfPage":{"@id":"https:\/\/madabouthorror.co.uk\/product\/twilight-zone-talky-tina-doll\/#primaryimage"},"image":{"@id":"https:\/\/madabouthorror.co.uk\/product\/twilight-zone-talky-tina-doll\/#primaryimage"},"thumbnailUrl":"https:\/\/madabouthorror.co.uk\/wp-content\/uploads\/2019\/07\/talky-tina-trick-or-treat-studios-doll.png","datePublished":"2019-07-10T17:13:24+00:00","dateModified":"2026-04-10T09:22:00+00:00","description":"Offiziell lizenzierte Twilight Zone - Talky Tina Doll von Trick or Treat Studios. Online zu kaufen bei Mad About Horror oder telefonisch unter 01482 935936.","breadcrumb":{"@id":"https:\/\/madabouthorror.co.uk\/product\/twilight-zone-talky-tina-doll\/#breadcrumb"},"inLanguage":"de","potentialAction":[{"@type":"ReadAction","target":["https:\/\/madabouthorror.co.uk\/product\/twilight-zone-talky-tina-doll\/"]}]},{"@type":"ImageObject","inLanguage":"de","@id":"https:\/\/madabouthorror.co.uk\/product\/twilight-zone-talky-tina-doll\/#primaryimage","url":"https:\/\/madabouthorror.co.uk\/wp-content\/uploads\/2019\/07\/talky-tina-trick-or-treat-studios-doll.png","contentUrl":"https:\/\/madabouthorror.co.uk\/wp-content\/uploads\/2019\/07\/talky-tina-trick-or-treat-studios-doll.png","width":1500,"height":1500,"caption":"talky tina trick or treat studios doll"},{"@type":"BreadcrumbList","@id":"https:\/\/madabouthorror.co.uk\/product\/twilight-zone-talky-tina-doll\/#breadcrumb","itemListElement":[{"@type":"ListItem","position":1,"name":"Shop","item":"https:\/\/madabouthorror.co.uk\/shop\/"},{"@type":"ListItem","position":2,"name":"Twilight Zone &#8211; Talky Tina Doll"}]},{"@type":"WebSite","@id":"https:\/\/madabouthorror.co.uk\/#website","url":"https:\/\/madabouthorror.co.uk\/","name":"Verr\u00fcckt nach Horror","description":"","publisher":{"@id":"https:\/\/madabouthorror.co.uk\/#organization"},"alternateName":"Mad About Horror Limited","potentialAction":[{"@type":"SearchAction","target":{"@type":"EntryPoint","urlTemplate":"https:\/\/madabouthorror.co.uk\/?s={search_term_string}"},"query-input":{"@type":"PropertyValueSpecification","valueRequired":true,"valueName":"search_term_string"}}],"inLanguage":"de"},{"@type":"Organization","@id":"https:\/\/madabouthorror.co.uk\/#organization","name":"Verr\u00fcckt nach Horror","url":"https:\/\/madabouthorror.co.uk\/","logo":{"@type":"ImageObject","inLanguage":"de","@id":"https:\/\/madabouthorror.co.uk\/#\/schema\/logo\/image\/","url":"https:\/\/madabouthorror.co.uk\/wp-content\/uploads\/2024\/02\/cropped-Logo.png","contentUrl":"https:\/\/madabouthorror.co.uk\/wp-content\/uploads\/2024\/02\/cropped-Logo.png","width":240,"height":88,"caption":"Mad About Horror"},"image":{"@id":"https:\/\/madabouthorror.co.uk\/#\/schema\/logo\/image\/"},"sameAs":["https:\/\/www.facebook.com\/madabouthorror\/","https:\/\/www.instagram.com\/madabouthorror\/","https:\/\/www.pinterest.co.uk\/madabouthorror\/","https:\/\/www.youtube.com\/channel\/UCBooLOIxjoQ89dj6T5lWm_w","https:\/\/www.tiktok.com\/@weremadabouthorror"]}]}},"df_price":239.53,"df_sale_price":239.53,"df_regular_price":281.2,"df_image_link":"https:\/\/madabouthorror.co.uk\/wp-content\/uploads\/2019\/07\/talky-tina-trick-or-treat-studios-doll-300x300.png","_links":{"self":[{"href":"https:\/\/madabouthorror.co.uk\/de\/wp-json\/wp\/v2\/product\/42234","targetHints":{"allow":["GET"]}}],"collection":[{"href":"https:\/\/madabouthorror.co.uk\/de\/wp-json\/wp\/v2\/product"}],"about":[{"href":"https:\/\/madabouthorror.co.uk\/de\/wp-json\/wp\/v2\/types\/product"}],"replies":[{"embeddable":true,"href":"https:\/\/madabouthorror.co.uk\/de\/wp-json\/wp\/v2\/comments?post=42234"}],"wp:featuredmedia":[{"embeddable":true,"href":"https:\/\/madabouthorror.co.uk\/de\/wp-json\/wp\/v2\/media\/492056"}],"wp:attachment":[{"href":"https:\/\/madabouthorror.co.uk\/de\/wp-json\/wp\/v2\/media?parent=42234"}],"wp:term":[{"taxonomy":"product_brand","embeddable":true,"href":"https:\/\/madabouthorror.co.uk\/de\/wp-json\/wp\/v2\/product_brand?post=42234"},{"taxonomy":"product_cat","embeddable":true,"href":"https:\/\/madabouthorror.co.uk\/de\/wp-json\/wp\/v2\/product_cat?post=42234"},{"taxonomy":"product_tag","embeddable":true,"href":"https:\/\/madabouthorror.co.uk\/de\/wp-json\/wp\/v2\/product_tag?post=42234"}],"curies":[{"name":"wp","href":"https:\/\/api.w.org\/{rel}","templated":true}]}}