{"id":42337,"date":"2019-07-10T18:13:27","date_gmt":"2019-07-10T17:13:27","guid":{"rendered":"https:\/\/mah.6bdv.ws\/product\/animated-sitting-scarecrow\/"},"modified":"2026-04-29T12:04:38","modified_gmt":"2026-04-29T11:04:38","slug":"animated-sitting-scarecrow","status":"publish","type":"product","link":"https:\/\/madabouthorror.co.uk\/de\/product\/animated-sitting-scarecrow\/","title":{"rendered":"Animierte sitzende Vogelscheuche"},"content":{"rendered":"<p>Verleihen Sie Ihrer Halloween-Dekoration einen klassischen Schrecken mit der animierten sitzenden Vogelscheuche. Auf den ersten Blick wirkt er wie jede andere Dekoration, die Leckereien anbietet \u2013 aber Vorsicht! Sobald jemand in seine Schale greift, schnellt sein Kopf hoch, um ein furchterregendes Gesicht zu enth\u00fcllen, gefolgt von einem Schrei und gruselndem Lachen. Bewegungs- und ger\u00e4uschaktiviert ist er mit Fu\u00dfmatten und externen Lautsprecherzubeh\u00f6rteilen kompatibel, f\u00fcr zus\u00e4tzliche Effekte. Er ist 53 Zoll gro\u00df. Eine gruselige \u00dcberraschung f\u00fcr jede Nacht des Schreckens!<\/p>\n<p>Ben\u00f6tigt 4 AA-Batterien (nicht im Lieferumfang enthalten).<\/p>\n<div>\n<p><strong>Bitte beachten:<\/strong> Diese Requisiten werden im Vereinigten K\u00f6nigreich als batteriebetriebene Artikel verkauft.<\/p>\n<p>Ein UK\/EU Style Power Adapter kann hier erworben werden <a href=\"https:\/\/madabouthorror.co.uk\/product\/power-supply-for-tekky-toys-props\/\">https:\/\/madabouthorror.co.uk\/product\/power-supply-for-tekky-toys-props\/<\/a><\/p>\n<p style=\"font-weight: 400;\"><em>F\u00fcr die \u00fcberdachte Veranda oder f\u00fcr den Innenbereich. Bei Verwendung im Freien vor Witterungseinfl\u00fcssen sch\u00fctzen und nicht \u00fcber einen l\u00e4ngeren Zeitraum im Freien stehen lassen.<\/em><\/p>\n<p style=\"font-weight: 400;\"><em>Bitte beachten Sie: Diese Requisiten sind nicht f\u00fcr den intensiven kommerziellen Gebrauch geeignet, d.h. sie sollten nicht \u00fcber l\u00e4ngere Zeitr\u00e4ume, z.B. tagelang, betrieben werden. Sie sind f\u00fcr die Verwendung an Halloween gedacht. Wenn Sie Fragen dazu haben, fragen Sie bitte.<\/em><\/p>\n<p style=\"font-weight: 400;\">\n<\/div>","protected":false},"excerpt":{"rendered":"<p>Verleihen Sie Ihrem Halloween-Arrangement mit der animierten sitzenden Vogelscheuche einen klassischen Gruselfaktor. Auf den ersten Blick scheint er nur eine weitere Dekoration zu sein, die Leckereien anbietet \u2013 aber Vorsicht! Sobald jemand in seine Schale greift, schnellt sein Kopf hoch und enth\u00fcllt ein furchterregendes Gesicht, gefolgt von einem Schrei und markersch\u00fctterndem Lachen. Bewegungs- und ger\u00e4uschaktiviert, ist er kompatibel [\u2026]<\/p>","protected":false},"featured_media":457191,"comment_status":"closed","ping_status":"closed","template":"","meta":{"_acf_changed":false},"product_brand":[],"product_cat":[10068,10131,10113,10114,10093,10094,6547,6963,9899],"product_tag":[10000],"class_list":{"0":"post-42337","1":"product","2":"type-product","3":"status-publish","4":"has-post-thumbnail","6":"product_cat-halloween-decorations-2025","7":"product_cat-halloween-gifts","8":"product_cat-scarecrow-pumpkin-animatronics","9":"product_cat-scarecrows","10":"product_cat-indoor-halloween-decorations","11":"product_cat-outdoor-halloween-decorations","12":"product_cat-decorations","13":"product_cat-animatronics","14":"product_cat-tekky-toys","15":"product_tag-evil-pumpkin-patch-animatronics","16":"product_shipping_class-props","18":"first","19":"outofstock","20":"taxable","21":"shipping-taxable","22":"purchasable","23":"product-type-simple"},"supplier_id":467908,"supplier_sku":"AR-TT58521","barcode":"669703585216","atum_controlled":true,"out_stock_date":"2025-08-21 07:15:14","out_stock_threshold":null,"inheritable":false,"inbound_stock":10,"stock_on_hold":0,"sold_today":0,"sales_last_days":0,"reserved_stock":0,"customer_returns":0,"warehouse_damage":0,"lost_in_post":0,"other_logs":0,"out_stock_days":251,"lost_sales":25811,"has_location":false,"update_date":"2026-04-30T02:07:45","atum_locations":[],"atum_stock_status":"outofstock","restock_status":false,"low_stock_amount":"","sales_update_date":"2026-04-30T02:07:44","calc_backorders":null,"acf":[],"yoast_head":"<!-- This site is optimized with the Yoast SEO plugin v27.5 - https:\/\/yoast.com\/product\/yoast-seo-wordpress\/ -->\n<title>Animated Sitting Scarecrow | Mad About Horror<\/title>\n<meta name=\"description\" content=\"Animated Sitting Scarecrow Prop. Horror collectibles and Halloween props available from Madabouthorror, Europe\u2019s leading horror specialist.\" \/>\n<meta name=\"robots\" content=\"index, follow, max-snippet:-1, max-image-preview:large, max-video-preview:-1\" \/>\n<link rel=\"canonical\" href=\"https:\/\/madabouthorror.co.uk\/de\/product\/animated-sitting-scarecrow\/\" \/>\n<meta property=\"og:locale\" content=\"de_DE\" \/>\n<meta property=\"og:type\" content=\"article\" \/>\n<meta property=\"og:title\" content=\"Animated Sitting Scarecrow | Mad About Horror\" \/>\n<meta property=\"og:description\" content=\"Animated Sitting Scarecrow Prop. Horror collectibles and Halloween props available from Madabouthorror, Europe\u2019s leading horror specialist.\" \/>\n<meta property=\"og:url\" content=\"https:\/\/madabouthorror.co.uk\/de\/product\/animated-sitting-scarecrow\/\" \/>\n<meta property=\"og:site_name\" content=\"Mad About Horror\" \/>\n<meta property=\"article:publisher\" content=\"https:\/\/www.facebook.com\/madabouthorror\/\" \/>\n<meta property=\"article:modified_time\" content=\"2026-04-29T11:04:38+00:00\" \/>\n<meta property=\"og:image\" content=\"https:\/\/madabouthorror.co.uk\/wp-content\/uploads\/2019\/07\/sittingscarecrow.png\" \/>\n\t<meta property=\"og:image:width\" content=\"1000\" \/>\n\t<meta property=\"og:image:height\" content=\"1000\" \/>\n\t<meta property=\"og:image:type\" content=\"image\/png\" \/>\n<meta name=\"twitter:card\" content=\"summary_large_image\" \/>\n<meta name=\"twitter:label1\" content=\"Gesch\u00e4tzte Lesezeit\" \/>\n\t<meta name=\"twitter:data1\" content=\"1\u00a0Minute\" \/>\n<script type=\"application\/ld+json\" class=\"yoast-schema-graph\">{\"@context\":\"https:\\\/\\\/schema.org\",\"@graph\":[{\"@type\":[\"WebPage\",\"ItemPage\"],\"@id\":\"https:\\\/\\\/madabouthorror.co.uk\\\/product\\\/animated-sitting-scarecrow\\\/\",\"url\":\"https:\\\/\\\/madabouthorror.co.uk\\\/product\\\/animated-sitting-scarecrow\\\/\",\"name\":\"Animated Sitting Scarecrow | Mad About Horror\",\"isPartOf\":{\"@id\":\"https:\\\/\\\/madabouthorror.co.uk\\\/#website\"},\"primaryImageOfPage\":{\"@id\":\"https:\\\/\\\/madabouthorror.co.uk\\\/product\\\/animated-sitting-scarecrow\\\/#primaryimage\"},\"image\":{\"@id\":\"https:\\\/\\\/madabouthorror.co.uk\\\/product\\\/animated-sitting-scarecrow\\\/#primaryimage\"},\"thumbnailUrl\":\"https:\\\/\\\/madabouthorror.co.uk\\\/wp-content\\\/uploads\\\/2019\\\/07\\\/sittingscarecrow.png\",\"datePublished\":\"2019-07-10T17:13:27+00:00\",\"dateModified\":\"2026-04-29T11:04:38+00:00\",\"description\":\"Animated Sitting Scarecrow Prop. Horror collectibles and Halloween props available from Madabouthorror, Europe\u2019s leading horror specialist.\",\"breadcrumb\":{\"@id\":\"https:\\\/\\\/madabouthorror.co.uk\\\/product\\\/animated-sitting-scarecrow\\\/#breadcrumb\"},\"inLanguage\":\"de\",\"potentialAction\":[{\"@type\":\"ReadAction\",\"target\":[\"https:\\\/\\\/madabouthorror.co.uk\\\/product\\\/animated-sitting-scarecrow\\\/\"]}]},{\"@type\":\"ImageObject\",\"inLanguage\":\"de\",\"@id\":\"https:\\\/\\\/madabouthorror.co.uk\\\/product\\\/animated-sitting-scarecrow\\\/#primaryimage\",\"url\":\"https:\\\/\\\/madabouthorror.co.uk\\\/wp-content\\\/uploads\\\/2019\\\/07\\\/sittingscarecrow.png\",\"contentUrl\":\"https:\\\/\\\/madabouthorror.co.uk\\\/wp-content\\\/uploads\\\/2019\\\/07\\\/sittingscarecrow.png\",\"width\":1000,\"height\":1000,\"caption\":\"tekky toys sitting scarecrow animated Halloween prop\"},{\"@type\":\"BreadcrumbList\",\"@id\":\"https:\\\/\\\/madabouthorror.co.uk\\\/product\\\/animated-sitting-scarecrow\\\/#breadcrumb\",\"itemListElement\":[{\"@type\":\"ListItem\",\"position\":1,\"name\":\"Shop\",\"item\":\"https:\\\/\\\/madabouthorror.co.uk\\\/shop\\\/\"},{\"@type\":\"ListItem\",\"position\":2,\"name\":\"Animated Sitting Scarecrow\"}]},{\"@type\":\"WebSite\",\"@id\":\"https:\\\/\\\/madabouthorror.co.uk\\\/#website\",\"url\":\"https:\\\/\\\/madabouthorror.co.uk\\\/\",\"name\":\"Mad About Horror\",\"description\":\"\",\"publisher\":{\"@id\":\"https:\\\/\\\/madabouthorror.co.uk\\\/#organization\"},\"alternateName\":\"Mad About Horror Limited\",\"potentialAction\":[{\"@type\":\"SearchAction\",\"target\":{\"@type\":\"EntryPoint\",\"urlTemplate\":\"https:\\\/\\\/madabouthorror.co.uk\\\/?s={search_term_string}\"},\"query-input\":{\"@type\":\"PropertyValueSpecification\",\"valueRequired\":true,\"valueName\":\"search_term_string\"}}],\"inLanguage\":\"de\"},{\"@type\":\"Organization\",\"@id\":\"https:\\\/\\\/madabouthorror.co.uk\\\/#organization\",\"name\":\"Mad About Horror\",\"url\":\"https:\\\/\\\/madabouthorror.co.uk\\\/\",\"logo\":{\"@type\":\"ImageObject\",\"inLanguage\":\"de\",\"@id\":\"https:\\\/\\\/madabouthorror.co.uk\\\/#\\\/schema\\\/logo\\\/image\\\/\",\"url\":\"https:\\\/\\\/madabouthorror.co.uk\\\/wp-content\\\/uploads\\\/2024\\\/02\\\/cropped-Logo.png\",\"contentUrl\":\"https:\\\/\\\/madabouthorror.co.uk\\\/wp-content\\\/uploads\\\/2024\\\/02\\\/cropped-Logo.png\",\"width\":240,\"height\":88,\"caption\":\"Mad About Horror\"},\"image\":{\"@id\":\"https:\\\/\\\/madabouthorror.co.uk\\\/#\\\/schema\\\/logo\\\/image\\\/\"},\"sameAs\":[\"https:\\\/\\\/www.facebook.com\\\/madabouthorror\\\/\",\"https:\\\/\\\/www.instagram.com\\\/madabouthorror\\\/\",\"https:\\\/\\\/www.pinterest.co.uk\\\/madabouthorror\\\/\",\"https:\\\/\\\/www.youtube.com\\\/channel\\\/UCBooLOIxjoQ89dj6T5lWm_w\",\"https:\\\/\\\/www.tiktok.com\\\/@weremadabouthorror\"]}]}<\/script>\n<!-- \/ Yoast SEO plugin. -->","yoast_head_json":{"title":"Animierter sitzender Vogelscheuche | Mad About Horror","description":"Animiertes sitzendes Vogelscheuchen-Requisit. Horror-Sammlerst\u00fccke und Halloween-Requisiten erh\u00e4ltlich bei Madabouthorror, Europas f\u00fchrendem Horror-Spezialisten.","robots":{"index":"index","follow":"follow","max-snippet":"max-snippet:-1","max-image-preview":"max-image-preview:large","max-video-preview":"max-video-preview:-1"},"canonical":"https:\/\/madabouthorror.co.uk\/de\/product\/animated-sitting-scarecrow\/","og_locale":"de_DE","og_type":"article","og_title":"Animated Sitting Scarecrow | Mad About Horror","og_description":"Animated Sitting Scarecrow Prop. Horror collectibles and Halloween props available from Madabouthorror, Europe\u2019s leading horror specialist.","og_url":"https:\/\/madabouthorror.co.uk\/de\/product\/animated-sitting-scarecrow\/","og_site_name":"Mad About Horror","article_publisher":"https:\/\/www.facebook.com\/madabouthorror\/","article_modified_time":"2026-04-29T11:04:38+00:00","og_image":[{"width":1000,"height":1000,"url":"https:\/\/madabouthorror.co.uk\/wp-content\/uploads\/2019\/07\/sittingscarecrow.png","type":"image\/png"}],"twitter_card":"summary_large_image","twitter_misc":{"Gesch\u00e4tzte Lesezeit":"1\u00a0Minute"},"schema":{"@context":"https:\/\/schema.org","@graph":[{"@type":["WebPage","ItemPage"],"@id":"https:\/\/madabouthorror.co.uk\/product\/animated-sitting-scarecrow\/","url":"https:\/\/madabouthorror.co.uk\/product\/animated-sitting-scarecrow\/","name":"Animierter sitzender Vogelscheuche | Mad About Horror","isPartOf":{"@id":"https:\/\/madabouthorror.co.uk\/#website"},"primaryImageOfPage":{"@id":"https:\/\/madabouthorror.co.uk\/product\/animated-sitting-scarecrow\/#primaryimage"},"image":{"@id":"https:\/\/madabouthorror.co.uk\/product\/animated-sitting-scarecrow\/#primaryimage"},"thumbnailUrl":"https:\/\/madabouthorror.co.uk\/wp-content\/uploads\/2019\/07\/sittingscarecrow.png","datePublished":"2019-07-10T17:13:27+00:00","dateModified":"2026-04-29T11:04:38+00:00","description":"Animiertes sitzendes Vogelscheuchen-Requisit. Horror-Sammlerst\u00fccke und Halloween-Requisiten erh\u00e4ltlich bei Madabouthorror, Europas f\u00fchrendem Horror-Spezialisten.","breadcrumb":{"@id":"https:\/\/madabouthorror.co.uk\/product\/animated-sitting-scarecrow\/#breadcrumb"},"inLanguage":"de","potentialAction":[{"@type":"ReadAction","target":["https:\/\/madabouthorror.co.uk\/product\/animated-sitting-scarecrow\/"]}]},{"@type":"ImageObject","inLanguage":"de","@id":"https:\/\/madabouthorror.co.uk\/product\/animated-sitting-scarecrow\/#primaryimage","url":"https:\/\/madabouthorror.co.uk\/wp-content\/uploads\/2019\/07\/sittingscarecrow.png","contentUrl":"https:\/\/madabouthorror.co.uk\/wp-content\/uploads\/2019\/07\/sittingscarecrow.png","width":1000,"height":1000,"caption":"tekky toys sitting scarecrow animated Halloween prop"},{"@type":"BreadcrumbList","@id":"https:\/\/madabouthorror.co.uk\/product\/animated-sitting-scarecrow\/#breadcrumb","itemListElement":[{"@type":"ListItem","position":1,"name":"Shop","item":"https:\/\/madabouthorror.co.uk\/shop\/"},{"@type":"ListItem","position":2,"name":"Animated Sitting Scarecrow"}]},{"@type":"WebSite","@id":"https:\/\/madabouthorror.co.uk\/#website","url":"https:\/\/madabouthorror.co.uk\/","name":"Verr\u00fcckt nach Horror","description":"","publisher":{"@id":"https:\/\/madabouthorror.co.uk\/#organization"},"alternateName":"Mad About Horror Limited","potentialAction":[{"@type":"SearchAction","target":{"@type":"EntryPoint","urlTemplate":"https:\/\/madabouthorror.co.uk\/?s={search_term_string}"},"query-input":{"@type":"PropertyValueSpecification","valueRequired":true,"valueName":"search_term_string"}}],"inLanguage":"de"},{"@type":"Organization","@id":"https:\/\/madabouthorror.co.uk\/#organization","name":"Verr\u00fcckt nach Horror","url":"https:\/\/madabouthorror.co.uk\/","logo":{"@type":"ImageObject","inLanguage":"de","@id":"https:\/\/madabouthorror.co.uk\/#\/schema\/logo\/image\/","url":"https:\/\/madabouthorror.co.uk\/wp-content\/uploads\/2024\/02\/cropped-Logo.png","contentUrl":"https:\/\/madabouthorror.co.uk\/wp-content\/uploads\/2024\/02\/cropped-Logo.png","width":240,"height":88,"caption":"Mad About Horror"},"image":{"@id":"https:\/\/madabouthorror.co.uk\/#\/schema\/logo\/image\/"},"sameAs":["https:\/\/www.facebook.com\/madabouthorror\/","https:\/\/www.instagram.com\/madabouthorror\/","https:\/\/www.pinterest.co.uk\/madabouthorror\/","https:\/\/www.youtube.com\/channel\/UCBooLOIxjoQ89dj6T5lWm_w","https:\/\/www.tiktok.com\/@weremadabouthorror"]}]}},"df_price":239.95,"df_sale_price":"","df_regular_price":239.95,"df_image_link":"https:\/\/madabouthorror.co.uk\/wp-content\/uploads\/2019\/07\/sittingscarecrow-300x300.png","_links":{"self":[{"href":"https:\/\/madabouthorror.co.uk\/de\/wp-json\/wp\/v2\/product\/42337","targetHints":{"allow":["GET"]}}],"collection":[{"href":"https:\/\/madabouthorror.co.uk\/de\/wp-json\/wp\/v2\/product"}],"about":[{"href":"https:\/\/madabouthorror.co.uk\/de\/wp-json\/wp\/v2\/types\/product"}],"replies":[{"embeddable":true,"href":"https:\/\/madabouthorror.co.uk\/de\/wp-json\/wp\/v2\/comments?post=42337"}],"wp:featuredmedia":[{"embeddable":true,"href":"https:\/\/madabouthorror.co.uk\/de\/wp-json\/wp\/v2\/media\/457191"}],"wp:attachment":[{"href":"https:\/\/madabouthorror.co.uk\/de\/wp-json\/wp\/v2\/media?parent=42337"}],"wp:term":[{"taxonomy":"product_brand","embeddable":true,"href":"https:\/\/madabouthorror.co.uk\/de\/wp-json\/wp\/v2\/product_brand?post=42337"},{"taxonomy":"product_cat","embeddable":true,"href":"https:\/\/madabouthorror.co.uk\/de\/wp-json\/wp\/v2\/product_cat?post=42337"},{"taxonomy":"product_tag","embeddable":true,"href":"https:\/\/madabouthorror.co.uk\/de\/wp-json\/wp\/v2\/product_tag?post=42337"}],"curies":[{"name":"wp","href":"https:\/\/api.w.org\/{rel}","templated":true}]}}