{"id":42439,"date":"2019-07-10T18:13:30","date_gmt":"2019-07-10T17:13:30","guid":{"rendered":"https:\/\/mah.6bdv.ws\/product\/a-nightmare-on-elm-street-deluxe-freddy-krueger-mask-with-fedora-hat\/"},"modified":"2026-04-20T14:53:52","modified_gmt":"2026-04-20T13:53:52","slug":"a-nightmare-on-elm-street-deluxe-freddy-krueger-mask-with-fedora-hat","status":"publish","type":"product","link":"https:\/\/madabouthorror.co.uk\/de\/product\/a-nightmare-on-elm-street-deluxe-freddy-krueger-mask-with-fedora-hat\/","title":{"rendered":"A Nightmare on Elm Street - Deluxe Freddy Krueger Maske mit Fedora Hut"},"content":{"rendered":"<p>Wir stellen vor: die offiziell lizenzierte Deluxe Freddy Maske mit Fedora Hut aus A Nightmare on Elm Street. Diese Maske wurde von Russ Lukich modelliert und ist die ultimative Darstellung von Freddy Krueger, die jedes Detail aus Wes Cravens originalem Klassiker einf\u00e4ngt. Basierend auf Hunderten von Film- und Behind-the-Scenes-Fotos ist diese Maske eine unheimlich genaue Darstellung von Robert Englunds ikonischem Freddy Krueger. Zus\u00e4tzlich enth\u00e4lt diese Deluxe-Version eine wundersch\u00f6ne Nachbildung des Fedora Hut, den Freddy in A Nightmare on Elm Street trug.<\/p>\n<p>Machen Sie sich bereit, den wahren K\u00f6nig der Albtr\u00e4ume zu zeigen mit der offiziellen Freddy Krueger Maske und dem Fedora Hut f\u00fcr Halloween.<\/p>\n<p><em>TM &amp; \u00a9 Warner Bros. Entertainment Inc.<\/em><\/p>\n<p>&nbsp;<\/p>","protected":false},"excerpt":{"rendered":"<p>Wir stellen die offiziell lizenzierte Deluxe Freddy Maske mit Fedora Hut aus A Nightmare on Elm Street vor. Diese von Russ Lukich geformte Maske ist die ultimative Darstellung von Freddy Krueger und erfasst jedes Detail aus Wes Cravens Originalklassiker. Basierend auf Hunderten von Produktions- und Behind-the-Scenes-Fotos ist diese Maske eine eindringlich genaue Darstellung von Robert Englunds ikonischem [\u2026]<\/p>","protected":false},"featured_media":576864,"comment_status":"closed","ping_status":"closed","template":"","meta":{"_acf_changed":false},"product_brand":[],"product_cat":[6781,10016,6580,10100,10038,9962,6541,6792,6631],"product_tag":[],"class_list":{"0":"post-42439","1":"product","2":"type-product","3":"status-publish","4":"has-post-thumbnail","6":"product_cat-freddy-krueger","7":"product_cat-freddy-krueger-masks","8":"product_cat-movie-tv","9":"product_cat-latex-masks","10":"product_cat-horror-gifts","11":"product_cat-trick-or-treat-studios-masks","12":"product_cat-masks","13":"product_cat-trick-or-treat-studios","14":"product_cat-nightmareonelmstreet","16":"first","17":"onbackorder","18":"taxable","19":"shipping-taxable","20":"purchasable","21":"product-type-simple"},"supplier_id":471030,"supplier_sku":"RLWB106","barcode":"811501033288","atum_controlled":true,"out_stock_date":"2026-01-03 16:05:08","out_stock_threshold":null,"inheritable":false,"inbound_stock":21,"stock_on_hold":0,"sold_today":0,"sales_last_days":0,"reserved_stock":0,"customer_returns":0,"warehouse_damage":0,"lost_in_post":0,"other_logs":0,"out_stock_days":120,"lost_sales":1542,"has_location":false,"update_date":"2026-05-04T02:03:32","atum_locations":[],"atum_stock_status":"onbackorder","restock_status":false,"low_stock_amount":9,"sales_update_date":"2026-05-04T02:03:30","calc_backorders":0,"acf":[],"yoast_head":"<!-- This site is optimized with the Yoast SEO plugin v27.5 - https:\/\/yoast.com\/product\/yoast-seo-wordpress\/ -->\n<title>Deluxe Freddy Krueger Mask with Fedora Hat: Mad About Horror<\/title>\n<meta name=\"description\" content=\"Officially licensed Deluxe Freddy Krueger Mask with Fedora Hat by Trick or Treat Studios. Available to buy online from Mad About Horror or call 01482 935936.\" \/>\n<meta name=\"robots\" content=\"index, follow, max-snippet:-1, max-image-preview:large, max-video-preview:-1\" \/>\n<link rel=\"canonical\" href=\"https:\/\/madabouthorror.co.uk\/de\/product\/a-nightmare-on-elm-street-deluxe-freddy-krueger-mask-with-fedora-hat\/\" \/>\n<meta property=\"og:locale\" content=\"de_DE\" \/>\n<meta property=\"og:type\" content=\"article\" \/>\n<meta property=\"og:title\" content=\"Deluxe Freddy Krueger Mask with Fedora Hat: Mad About Horror\" \/>\n<meta property=\"og:description\" content=\"Officially licensed Deluxe Freddy Krueger Mask with Fedora Hat by Trick or Treat Studios. Available to buy online from Mad About Horror or call 01482 935936.\" \/>\n<meta property=\"og:url\" content=\"https:\/\/madabouthorror.co.uk\/de\/product\/a-nightmare-on-elm-street-deluxe-freddy-krueger-mask-with-fedora-hat\/\" \/>\n<meta property=\"og:site_name\" content=\"Mad About Horror\" \/>\n<meta property=\"article:publisher\" content=\"https:\/\/www.facebook.com\/madabouthorror\/\" \/>\n<meta property=\"article:modified_time\" content=\"2026-04-20T13:53:52+00:00\" \/>\n<meta property=\"og:image\" content=\"https:\/\/madabouthorror.co.uk\/wp-content\/uploads\/2019\/07\/Freddy-Mask-Front.png\" \/>\n\t<meta property=\"og:image:width\" content=\"500\" \/>\n\t<meta property=\"og:image:height\" content=\"500\" \/>\n\t<meta property=\"og:image:type\" content=\"image\/png\" \/>\n<meta name=\"twitter:card\" content=\"summary_large_image\" \/>\n<meta name=\"twitter:label1\" content=\"Gesch\u00e4tzte Lesezeit\" \/>\n\t<meta name=\"twitter:data1\" content=\"1\u00a0Minute\" \/>\n<script type=\"application\/ld+json\" class=\"yoast-schema-graph\">{\"@context\":\"https:\\\/\\\/schema.org\",\"@graph\":[{\"@type\":[\"WebPage\",\"ItemPage\"],\"@id\":\"https:\\\/\\\/madabouthorror.co.uk\\\/product\\\/a-nightmare-on-elm-street-deluxe-freddy-krueger-mask-with-fedora-hat\\\/\",\"url\":\"https:\\\/\\\/madabouthorror.co.uk\\\/product\\\/a-nightmare-on-elm-street-deluxe-freddy-krueger-mask-with-fedora-hat\\\/\",\"name\":\"Deluxe Freddy Krueger Mask with Fedora Hat: Mad About Horror\",\"isPartOf\":{\"@id\":\"https:\\\/\\\/madabouthorror.co.uk\\\/#website\"},\"primaryImageOfPage\":{\"@id\":\"https:\\\/\\\/madabouthorror.co.uk\\\/product\\\/a-nightmare-on-elm-street-deluxe-freddy-krueger-mask-with-fedora-hat\\\/#primaryimage\"},\"image\":{\"@id\":\"https:\\\/\\\/madabouthorror.co.uk\\\/product\\\/a-nightmare-on-elm-street-deluxe-freddy-krueger-mask-with-fedora-hat\\\/#primaryimage\"},\"thumbnailUrl\":\"https:\\\/\\\/madabouthorror.co.uk\\\/wp-content\\\/uploads\\\/2019\\\/07\\\/Freddy-Mask-Front.png\",\"datePublished\":\"2019-07-10T17:13:30+00:00\",\"dateModified\":\"2026-04-20T13:53:52+00:00\",\"description\":\"Officially licensed Deluxe Freddy Krueger Mask with Fedora Hat by Trick or Treat Studios. Available to buy online from Mad About Horror or call 01482 935936.\",\"breadcrumb\":{\"@id\":\"https:\\\/\\\/madabouthorror.co.uk\\\/product\\\/a-nightmare-on-elm-street-deluxe-freddy-krueger-mask-with-fedora-hat\\\/#breadcrumb\"},\"inLanguage\":\"de\",\"potentialAction\":[{\"@type\":\"ReadAction\",\"target\":[\"https:\\\/\\\/madabouthorror.co.uk\\\/product\\\/a-nightmare-on-elm-street-deluxe-freddy-krueger-mask-with-fedora-hat\\\/\"]}]},{\"@type\":\"ImageObject\",\"inLanguage\":\"de\",\"@id\":\"https:\\\/\\\/madabouthorror.co.uk\\\/product\\\/a-nightmare-on-elm-street-deluxe-freddy-krueger-mask-with-fedora-hat\\\/#primaryimage\",\"url\":\"https:\\\/\\\/madabouthorror.co.uk\\\/wp-content\\\/uploads\\\/2019\\\/07\\\/Freddy-Mask-Front.png\",\"contentUrl\":\"https:\\\/\\\/madabouthorror.co.uk\\\/wp-content\\\/uploads\\\/2019\\\/07\\\/Freddy-Mask-Front.png\",\"width\":500,\"height\":500},{\"@type\":\"BreadcrumbList\",\"@id\":\"https:\\\/\\\/madabouthorror.co.uk\\\/product\\\/a-nightmare-on-elm-street-deluxe-freddy-krueger-mask-with-fedora-hat\\\/#breadcrumb\",\"itemListElement\":[{\"@type\":\"ListItem\",\"position\":1,\"name\":\"Shop\",\"item\":\"https:\\\/\\\/madabouthorror.co.uk\\\/shop\\\/\"},{\"@type\":\"ListItem\",\"position\":2,\"name\":\"A Nightmare on Elm Street &#8211; Deluxe Freddy Krueger Mask with Fedora Hat\"}]},{\"@type\":\"WebSite\",\"@id\":\"https:\\\/\\\/madabouthorror.co.uk\\\/#website\",\"url\":\"https:\\\/\\\/madabouthorror.co.uk\\\/\",\"name\":\"Mad About Horror\",\"description\":\"\",\"publisher\":{\"@id\":\"https:\\\/\\\/madabouthorror.co.uk\\\/#organization\"},\"alternateName\":\"Mad About Horror Limited\",\"potentialAction\":[{\"@type\":\"SearchAction\",\"target\":{\"@type\":\"EntryPoint\",\"urlTemplate\":\"https:\\\/\\\/madabouthorror.co.uk\\\/?s={search_term_string}\"},\"query-input\":{\"@type\":\"PropertyValueSpecification\",\"valueRequired\":true,\"valueName\":\"search_term_string\"}}],\"inLanguage\":\"de\"},{\"@type\":\"Organization\",\"@id\":\"https:\\\/\\\/madabouthorror.co.uk\\\/#organization\",\"name\":\"Mad About Horror\",\"url\":\"https:\\\/\\\/madabouthorror.co.uk\\\/\",\"logo\":{\"@type\":\"ImageObject\",\"inLanguage\":\"de\",\"@id\":\"https:\\\/\\\/madabouthorror.co.uk\\\/#\\\/schema\\\/logo\\\/image\\\/\",\"url\":\"https:\\\/\\\/madabouthorror.co.uk\\\/wp-content\\\/uploads\\\/2024\\\/02\\\/cropped-Logo.png\",\"contentUrl\":\"https:\\\/\\\/madabouthorror.co.uk\\\/wp-content\\\/uploads\\\/2024\\\/02\\\/cropped-Logo.png\",\"width\":240,\"height\":88,\"caption\":\"Mad About Horror\"},\"image\":{\"@id\":\"https:\\\/\\\/madabouthorror.co.uk\\\/#\\\/schema\\\/logo\\\/image\\\/\"},\"sameAs\":[\"https:\\\/\\\/www.facebook.com\\\/madabouthorror\\\/\",\"https:\\\/\\\/www.instagram.com\\\/madabouthorror\\\/\",\"https:\\\/\\\/www.pinterest.co.uk\\\/madabouthorror\\\/\",\"https:\\\/\\\/www.youtube.com\\\/channel\\\/UCBooLOIxjoQ89dj6T5lWm_w\",\"https:\\\/\\\/www.tiktok.com\\\/@weremadabouthorror\"]}]}<\/script>\n<!-- \/ Yoast SEO plugin. -->","yoast_head_json":{"title":"Deluxe Freddy Krueger Maske mit Fedora Hut: Mad About Horror","description":"Offiziell lizenziert Deluxe Freddy Krueger Maske mit Fedora Hut von Trick or Treat Studios. Online erh\u00e4ltlich bei Mad About Horror oder telefonisch unter 01482 935936.","robots":{"index":"index","follow":"follow","max-snippet":"max-snippet:-1","max-image-preview":"max-image-preview:large","max-video-preview":"max-video-preview:-1"},"canonical":"https:\/\/madabouthorror.co.uk\/de\/product\/a-nightmare-on-elm-street-deluxe-freddy-krueger-mask-with-fedora-hat\/","og_locale":"de_DE","og_type":"article","og_title":"Deluxe Freddy Krueger Mask with Fedora Hat: Mad About Horror","og_description":"Officially licensed Deluxe Freddy Krueger Mask with Fedora Hat by Trick or Treat Studios. Available to buy online from Mad About Horror or call 01482 935936.","og_url":"https:\/\/madabouthorror.co.uk\/de\/product\/a-nightmare-on-elm-street-deluxe-freddy-krueger-mask-with-fedora-hat\/","og_site_name":"Mad About Horror","article_publisher":"https:\/\/www.facebook.com\/madabouthorror\/","article_modified_time":"2026-04-20T13:53:52+00:00","og_image":[{"width":500,"height":500,"url":"https:\/\/madabouthorror.co.uk\/wp-content\/uploads\/2019\/07\/Freddy-Mask-Front.png","type":"image\/png"}],"twitter_card":"summary_large_image","twitter_misc":{"Gesch\u00e4tzte Lesezeit":"1\u00a0Minute"},"schema":{"@context":"https:\/\/schema.org","@graph":[{"@type":["WebPage","ItemPage"],"@id":"https:\/\/madabouthorror.co.uk\/product\/a-nightmare-on-elm-street-deluxe-freddy-krueger-mask-with-fedora-hat\/","url":"https:\/\/madabouthorror.co.uk\/product\/a-nightmare-on-elm-street-deluxe-freddy-krueger-mask-with-fedora-hat\/","name":"Deluxe Freddy Krueger Maske mit Fedora Hut: Mad About Horror","isPartOf":{"@id":"https:\/\/madabouthorror.co.uk\/#website"},"primaryImageOfPage":{"@id":"https:\/\/madabouthorror.co.uk\/product\/a-nightmare-on-elm-street-deluxe-freddy-krueger-mask-with-fedora-hat\/#primaryimage"},"image":{"@id":"https:\/\/madabouthorror.co.uk\/product\/a-nightmare-on-elm-street-deluxe-freddy-krueger-mask-with-fedora-hat\/#primaryimage"},"thumbnailUrl":"https:\/\/madabouthorror.co.uk\/wp-content\/uploads\/2019\/07\/Freddy-Mask-Front.png","datePublished":"2019-07-10T17:13:30+00:00","dateModified":"2026-04-20T13:53:52+00:00","description":"Offiziell lizenziert Deluxe Freddy Krueger Maske mit Fedora Hut von Trick or Treat Studios. Online erh\u00e4ltlich bei Mad About Horror oder telefonisch unter 01482 935936.","breadcrumb":{"@id":"https:\/\/madabouthorror.co.uk\/product\/a-nightmare-on-elm-street-deluxe-freddy-krueger-mask-with-fedora-hat\/#breadcrumb"},"inLanguage":"de","potentialAction":[{"@type":"ReadAction","target":["https:\/\/madabouthorror.co.uk\/product\/a-nightmare-on-elm-street-deluxe-freddy-krueger-mask-with-fedora-hat\/"]}]},{"@type":"ImageObject","inLanguage":"de","@id":"https:\/\/madabouthorror.co.uk\/product\/a-nightmare-on-elm-street-deluxe-freddy-krueger-mask-with-fedora-hat\/#primaryimage","url":"https:\/\/madabouthorror.co.uk\/wp-content\/uploads\/2019\/07\/Freddy-Mask-Front.png","contentUrl":"https:\/\/madabouthorror.co.uk\/wp-content\/uploads\/2019\/07\/Freddy-Mask-Front.png","width":500,"height":500},{"@type":"BreadcrumbList","@id":"https:\/\/madabouthorror.co.uk\/product\/a-nightmare-on-elm-street-deluxe-freddy-krueger-mask-with-fedora-hat\/#breadcrumb","itemListElement":[{"@type":"ListItem","position":1,"name":"Shop","item":"https:\/\/madabouthorror.co.uk\/shop\/"},{"@type":"ListItem","position":2,"name":"A Nightmare on Elm Street &#8211; Deluxe Freddy Krueger Mask with Fedora Hat"}]},{"@type":"WebSite","@id":"https:\/\/madabouthorror.co.uk\/#website","url":"https:\/\/madabouthorror.co.uk\/","name":"Verr\u00fcckt nach Horror","description":"","publisher":{"@id":"https:\/\/madabouthorror.co.uk\/#organization"},"alternateName":"Mad About Horror Limited","potentialAction":[{"@type":"SearchAction","target":{"@type":"EntryPoint","urlTemplate":"https:\/\/madabouthorror.co.uk\/?s={search_term_string}"},"query-input":{"@type":"PropertyValueSpecification","valueRequired":true,"valueName":"search_term_string"}}],"inLanguage":"de"},{"@type":"Organization","@id":"https:\/\/madabouthorror.co.uk\/#organization","name":"Verr\u00fcckt nach Horror","url":"https:\/\/madabouthorror.co.uk\/","logo":{"@type":"ImageObject","inLanguage":"de","@id":"https:\/\/madabouthorror.co.uk\/#\/schema\/logo\/image\/","url":"https:\/\/madabouthorror.co.uk\/wp-content\/uploads\/2024\/02\/cropped-Logo.png","contentUrl":"https:\/\/madabouthorror.co.uk\/wp-content\/uploads\/2024\/02\/cropped-Logo.png","width":240,"height":88,"caption":"Mad About Horror"},"image":{"@id":"https:\/\/madabouthorror.co.uk\/#\/schema\/logo\/image\/"},"sameAs":["https:\/\/www.facebook.com\/madabouthorror\/","https:\/\/www.instagram.com\/madabouthorror\/","https:\/\/www.pinterest.co.uk\/madabouthorror\/","https:\/\/www.youtube.com\/channel\/UCBooLOIxjoQ89dj6T5lWm_w","https:\/\/www.tiktok.com\/@weremadabouthorror"]}]}},"df_price":89.95,"df_sale_price":"","df_regular_price":89.95,"df_image_link":"https:\/\/madabouthorror.co.uk\/wp-content\/uploads\/2019\/07\/Freddy-Mask-Front-300x300.png","_links":{"self":[{"href":"https:\/\/madabouthorror.co.uk\/de\/wp-json\/wp\/v2\/product\/42439","targetHints":{"allow":["GET"]}}],"collection":[{"href":"https:\/\/madabouthorror.co.uk\/de\/wp-json\/wp\/v2\/product"}],"about":[{"href":"https:\/\/madabouthorror.co.uk\/de\/wp-json\/wp\/v2\/types\/product"}],"replies":[{"embeddable":true,"href":"https:\/\/madabouthorror.co.uk\/de\/wp-json\/wp\/v2\/comments?post=42439"}],"wp:featuredmedia":[{"embeddable":true,"href":"https:\/\/madabouthorror.co.uk\/de\/wp-json\/wp\/v2\/media\/576864"}],"wp:attachment":[{"href":"https:\/\/madabouthorror.co.uk\/de\/wp-json\/wp\/v2\/media?parent=42439"}],"wp:term":[{"taxonomy":"product_brand","embeddable":true,"href":"https:\/\/madabouthorror.co.uk\/de\/wp-json\/wp\/v2\/product_brand?post=42439"},{"taxonomy":"product_cat","embeddable":true,"href":"https:\/\/madabouthorror.co.uk\/de\/wp-json\/wp\/v2\/product_cat?post=42439"},{"taxonomy":"product_tag","embeddable":true,"href":"https:\/\/madabouthorror.co.uk\/de\/wp-json\/wp\/v2\/product_tag?post=42439"}],"curies":[{"name":"wp","href":"https:\/\/api.w.org\/{rel}","templated":true}]}}