{"id":42460,"date":"2019-07-10T18:13:31","date_gmt":"2019-07-10T17:13:31","guid":{"rendered":"https:\/\/mah.6bdv.ws\/product\/a-nightmare-on-elm-street-4-the-dream-master-deluxe-freddy-krueger-mask-trick-or-treat-studios\/"},"modified":"2026-04-11T08:01:59","modified_gmt":"2026-04-11T07:01:59","slug":"a-nightmare-on-elm-street-4-the-dream-master-deluxe-freddy-krueger-mask-trick-or-treat-studios","status":"publish","type":"product","link":"https:\/\/madabouthorror.co.uk\/de\/product\/a-nightmare-on-elm-street-4-the-dream-master-deluxe-freddy-krueger-mask-trick-or-treat-studios\/","title":{"rendered":"A Nightmare on Elm Street 4: Der Traummeister - Deluxe Freddy Krueger Maske"},"content":{"rendered":"<p>Hier kommt die offiziell lizenzierte A Nightmare on Elm Street 4: The Dream Master - Deluxe Freddy Krueger Maske von Trick or Treat Studios. Diese von Justin Mabry gefertigte Maske ist die ultimative Darstellung von Freddy Krueger, die jedes Detail aus Wes Cravens Kultfilm einf\u00e4ngt. Basierend auf Hunderten von Fotos von der Leinwand und hinter den Kulissen, diese Maske originalgetreu wiederhergestellt die schreckliche Visage von Robert Englund Freddy Krueger.<\/p>\n<p>Mach dich bereit, den wahren K\u00f6nig der Albtr\u00e4ume mit der offiziellen Deluxe Freddy Krueger Maske dieses Halloween zu pr\u00e4sentieren.<\/p>\n<p><em>TM &amp; \u00a9 Warner Bros. Entertainment Inc.<\/em><\/p>\n<p>&nbsp;<\/p>","protected":false},"excerpt":{"rendered":"<p>Hier kommt die offiziell lizenzierte A Nightmare on Elm Street 4: The Dream Master - Deluxe Freddy Krueger Maske von Trick or Treat Studios. Diese von Justin Mabry gefertigte Maske ist die ultimative Darstellung von Freddy Krueger, die jedes Detail aus Wes Cravens Kultfilm einf\u00e4ngt. Basierend auf Hunderten von Fotos von der Leinwand und hinter den Kulissen, diese Maske getreu [...]<\/p>","protected":false},"featured_media":42456,"comment_status":"closed","ping_status":"closed","template":"","meta":{"_acf_changed":false},"product_brand":[],"product_cat":[6781,10016,6580,10100,10038,9962,6541,6792,6631],"product_tag":[],"class_list":{"0":"post-42460","1":"product","2":"type-product","3":"status-publish","4":"has-post-thumbnail","6":"product_cat-freddy-krueger","7":"product_cat-freddy-krueger-masks","8":"product_cat-movie-tv","9":"product_cat-latex-masks","10":"product_cat-horror-gifts","11":"product_cat-trick-or-treat-studios-masks","12":"product_cat-masks","13":"product_cat-trick-or-treat-studios","14":"product_cat-nightmareonelmstreet","16":"first","17":"instock","18":"taxable","19":"shipping-taxable","20":"purchasable","21":"product-type-simple"},"supplier_id":470964,"supplier_sku":"TTWB119","barcode":"811501033448","atum_controlled":true,"out_stock_date":null,"out_stock_threshold":null,"inheritable":false,"inbound_stock":30,"stock_on_hold":0,"sold_today":0,"sales_last_days":5,"reserved_stock":0,"customer_returns":0,"warehouse_damage":0,"lost_in_post":0,"other_logs":0,"out_stock_days":0,"lost_sales":0,"has_location":false,"update_date":"2026-04-14T02:05:58","atum_locations":[],"atum_stock_status":"instock","restock_status":false,"low_stock_amount":5,"sales_update_date":"2026-04-14T02:05:56","calc_backorders":null,"acf":[],"yoast_head":"<!-- This site is optimized with the Yoast SEO plugin v27.4 - https:\/\/yoast.com\/product\/yoast-seo-wordpress\/ -->\n<title>A Nightmare on Elm Street 4 Freddy Krueger Mask | Mad About Horror<\/title>\n<meta name=\"description\" content=\"Officially licensed A Nightmare on Elm Street 4 The Dream Master Deluxe Freddy Krueger Mask by Trick or Treat Studios. Available from Mad About Horror.\" \/>\n<meta name=\"robots\" content=\"index, follow, max-snippet:-1, max-image-preview:large, max-video-preview:-1\" \/>\n<link rel=\"canonical\" href=\"https:\/\/madabouthorror.co.uk\/de\/product\/a-nightmare-on-elm-street-4-the-dream-master-deluxe-freddy-krueger-mask-trick-or-treat-studios\/\" \/>\n<meta property=\"og:locale\" content=\"de_DE\" \/>\n<meta property=\"og:type\" content=\"article\" \/>\n<meta property=\"og:title\" content=\"A Nightmare on Elm Street 4 Freddy Krueger Mask | Mad About Horror\" \/>\n<meta property=\"og:description\" content=\"Officially licensed A Nightmare on Elm Street 4 The Dream Master Deluxe Freddy Krueger Mask by Trick or Treat Studios. Available from Mad About Horror.\" \/>\n<meta property=\"og:url\" content=\"https:\/\/madabouthorror.co.uk\/de\/product\/a-nightmare-on-elm-street-4-the-dream-master-deluxe-freddy-krueger-mask-trick-or-treat-studios\/\" \/>\n<meta property=\"og:site_name\" content=\"Mad About Horror\" \/>\n<meta property=\"article:publisher\" content=\"https:\/\/www.facebook.com\/madabouthorror\/\" \/>\n<meta property=\"article:modified_time\" content=\"2026-04-11T07:01:59+00:00\" \/>\n<meta property=\"og:image\" content=\"https:\/\/madabouthorror.co.uk\/wp-content\/uploads\/2019\/07\/126130422_1.jpg\" \/>\n\t<meta property=\"og:image:width\" content=\"1000\" \/>\n\t<meta property=\"og:image:height\" content=\"1000\" \/>\n\t<meta property=\"og:image:type\" content=\"image\/jpeg\" \/>\n<meta name=\"twitter:card\" content=\"summary_large_image\" \/>\n<meta name=\"twitter:label1\" content=\"Gesch\u00e4tzte Lesezeit\" \/>\n\t<meta name=\"twitter:data1\" content=\"1\u00a0Minute\" \/>\n<script type=\"application\/ld+json\" class=\"yoast-schema-graph\">{\"@context\":\"https:\\\/\\\/schema.org\",\"@graph\":[{\"@type\":[\"WebPage\",\"ItemPage\"],\"@id\":\"https:\\\/\\\/madabouthorror.co.uk\\\/product\\\/a-nightmare-on-elm-street-4-the-dream-master-deluxe-freddy-krueger-mask-trick-or-treat-studios\\\/\",\"url\":\"https:\\\/\\\/madabouthorror.co.uk\\\/product\\\/a-nightmare-on-elm-street-4-the-dream-master-deluxe-freddy-krueger-mask-trick-or-treat-studios\\\/\",\"name\":\"A Nightmare on Elm Street 4 Freddy Krueger Mask | Mad About Horror\",\"isPartOf\":{\"@id\":\"https:\\\/\\\/madabouthorror.co.uk\\\/#website\"},\"primaryImageOfPage\":{\"@id\":\"https:\\\/\\\/madabouthorror.co.uk\\\/product\\\/a-nightmare-on-elm-street-4-the-dream-master-deluxe-freddy-krueger-mask-trick-or-treat-studios\\\/#primaryimage\"},\"image\":{\"@id\":\"https:\\\/\\\/madabouthorror.co.uk\\\/product\\\/a-nightmare-on-elm-street-4-the-dream-master-deluxe-freddy-krueger-mask-trick-or-treat-studios\\\/#primaryimage\"},\"thumbnailUrl\":\"https:\\\/\\\/madabouthorror.co.uk\\\/wp-content\\\/uploads\\\/2019\\\/07\\\/126130422_1.jpg\",\"datePublished\":\"2019-07-10T17:13:31+00:00\",\"dateModified\":\"2026-04-11T07:01:59+00:00\",\"description\":\"Officially licensed A Nightmare on Elm Street 4 The Dream Master Deluxe Freddy Krueger Mask by Trick or Treat Studios. Available from Mad About Horror.\",\"breadcrumb\":{\"@id\":\"https:\\\/\\\/madabouthorror.co.uk\\\/product\\\/a-nightmare-on-elm-street-4-the-dream-master-deluxe-freddy-krueger-mask-trick-or-treat-studios\\\/#breadcrumb\"},\"inLanguage\":\"de\",\"potentialAction\":[{\"@type\":\"ReadAction\",\"target\":[\"https:\\\/\\\/madabouthorror.co.uk\\\/product\\\/a-nightmare-on-elm-street-4-the-dream-master-deluxe-freddy-krueger-mask-trick-or-treat-studios\\\/\"]}]},{\"@type\":\"ImageObject\",\"inLanguage\":\"de\",\"@id\":\"https:\\\/\\\/madabouthorror.co.uk\\\/product\\\/a-nightmare-on-elm-street-4-the-dream-master-deluxe-freddy-krueger-mask-trick-or-treat-studios\\\/#primaryimage\",\"url\":\"https:\\\/\\\/madabouthorror.co.uk\\\/wp-content\\\/uploads\\\/2019\\\/07\\\/126130422_1.jpg\",\"contentUrl\":\"https:\\\/\\\/madabouthorror.co.uk\\\/wp-content\\\/uploads\\\/2019\\\/07\\\/126130422_1.jpg\",\"width\":1000,\"height\":1000,\"caption\":\"A Nightmare on Elm Street 4: The Dream Master - Deluxe Freddy Krueger Mask-0\"},{\"@type\":\"BreadcrumbList\",\"@id\":\"https:\\\/\\\/madabouthorror.co.uk\\\/product\\\/a-nightmare-on-elm-street-4-the-dream-master-deluxe-freddy-krueger-mask-trick-or-treat-studios\\\/#breadcrumb\",\"itemListElement\":[{\"@type\":\"ListItem\",\"position\":1,\"name\":\"Shop\",\"item\":\"https:\\\/\\\/madabouthorror.co.uk\\\/shop\\\/\"},{\"@type\":\"ListItem\",\"position\":2,\"name\":\"A Nightmare on Elm Street 4: The Dream Master &#8211; Deluxe Freddy Krueger Mask\"}]},{\"@type\":\"WebSite\",\"@id\":\"https:\\\/\\\/madabouthorror.co.uk\\\/#website\",\"url\":\"https:\\\/\\\/madabouthorror.co.uk\\\/\",\"name\":\"Mad About Horror\",\"description\":\"\",\"publisher\":{\"@id\":\"https:\\\/\\\/madabouthorror.co.uk\\\/#organization\"},\"alternateName\":\"Mad About Horror Limited\",\"potentialAction\":[{\"@type\":\"SearchAction\",\"target\":{\"@type\":\"EntryPoint\",\"urlTemplate\":\"https:\\\/\\\/madabouthorror.co.uk\\\/?s={search_term_string}\"},\"query-input\":{\"@type\":\"PropertyValueSpecification\",\"valueRequired\":true,\"valueName\":\"search_term_string\"}}],\"inLanguage\":\"de\"},{\"@type\":\"Organization\",\"@id\":\"https:\\\/\\\/madabouthorror.co.uk\\\/#organization\",\"name\":\"Mad About Horror\",\"url\":\"https:\\\/\\\/madabouthorror.co.uk\\\/\",\"logo\":{\"@type\":\"ImageObject\",\"inLanguage\":\"de\",\"@id\":\"https:\\\/\\\/madabouthorror.co.uk\\\/#\\\/schema\\\/logo\\\/image\\\/\",\"url\":\"https:\\\/\\\/madabouthorror.co.uk\\\/wp-content\\\/uploads\\\/2024\\\/02\\\/cropped-Logo.png\",\"contentUrl\":\"https:\\\/\\\/madabouthorror.co.uk\\\/wp-content\\\/uploads\\\/2024\\\/02\\\/cropped-Logo.png\",\"width\":240,\"height\":88,\"caption\":\"Mad About Horror\"},\"image\":{\"@id\":\"https:\\\/\\\/madabouthorror.co.uk\\\/#\\\/schema\\\/logo\\\/image\\\/\"},\"sameAs\":[\"https:\\\/\\\/www.facebook.com\\\/madabouthorror\\\/\",\"https:\\\/\\\/www.instagram.com\\\/madabouthorror\\\/\",\"https:\\\/\\\/www.pinterest.co.uk\\\/madabouthorror\\\/\",\"https:\\\/\\\/www.youtube.com\\\/channel\\\/UCBooLOIxjoQ89dj6T5lWm_w\",\"https:\\\/\\\/www.tiktok.com\\\/@weremadabouthorror\"]}]}<\/script>\n<!-- \/ Yoast SEO plugin. -->","yoast_head_json":{"title":"A Nightmare on Elm Street 4 Freddy Krueger Maske | Mad About Horror","description":"Offiziell lizenzierte A Nightmare on Elm Street 4 The Dream Master Deluxe Freddy Krueger Maske von Trick or Treat Studios. Erh\u00e4ltlich bei Mad About Horror.","robots":{"index":"index","follow":"follow","max-snippet":"max-snippet:-1","max-image-preview":"max-image-preview:large","max-video-preview":"max-video-preview:-1"},"canonical":"https:\/\/madabouthorror.co.uk\/de\/product\/a-nightmare-on-elm-street-4-the-dream-master-deluxe-freddy-krueger-mask-trick-or-treat-studios\/","og_locale":"de_DE","og_type":"article","og_title":"A Nightmare on Elm Street 4 Freddy Krueger Mask | Mad About Horror","og_description":"Officially licensed A Nightmare on Elm Street 4 The Dream Master Deluxe Freddy Krueger Mask by Trick or Treat Studios. Available from Mad About Horror.","og_url":"https:\/\/madabouthorror.co.uk\/de\/product\/a-nightmare-on-elm-street-4-the-dream-master-deluxe-freddy-krueger-mask-trick-or-treat-studios\/","og_site_name":"Mad About Horror","article_publisher":"https:\/\/www.facebook.com\/madabouthorror\/","article_modified_time":"2026-04-11T07:01:59+00:00","og_image":[{"width":1000,"height":1000,"url":"https:\/\/madabouthorror.co.uk\/wp-content\/uploads\/2019\/07\/126130422_1.jpg","type":"image\/jpeg"}],"twitter_card":"summary_large_image","twitter_misc":{"Gesch\u00e4tzte Lesezeit":"1\u00a0Minute"},"schema":{"@context":"https:\/\/schema.org","@graph":[{"@type":["WebPage","ItemPage"],"@id":"https:\/\/madabouthorror.co.uk\/product\/a-nightmare-on-elm-street-4-the-dream-master-deluxe-freddy-krueger-mask-trick-or-treat-studios\/","url":"https:\/\/madabouthorror.co.uk\/product\/a-nightmare-on-elm-street-4-the-dream-master-deluxe-freddy-krueger-mask-trick-or-treat-studios\/","name":"A Nightmare on Elm Street 4 Freddy Krueger Maske | Mad About Horror","isPartOf":{"@id":"https:\/\/madabouthorror.co.uk\/#website"},"primaryImageOfPage":{"@id":"https:\/\/madabouthorror.co.uk\/product\/a-nightmare-on-elm-street-4-the-dream-master-deluxe-freddy-krueger-mask-trick-or-treat-studios\/#primaryimage"},"image":{"@id":"https:\/\/madabouthorror.co.uk\/product\/a-nightmare-on-elm-street-4-the-dream-master-deluxe-freddy-krueger-mask-trick-or-treat-studios\/#primaryimage"},"thumbnailUrl":"https:\/\/madabouthorror.co.uk\/wp-content\/uploads\/2019\/07\/126130422_1.jpg","datePublished":"2019-07-10T17:13:31+00:00","dateModified":"2026-04-11T07:01:59+00:00","description":"Offiziell lizenzierte A Nightmare on Elm Street 4 The Dream Master Deluxe Freddy Krueger Maske von Trick or Treat Studios. Erh\u00e4ltlich bei Mad About Horror.","breadcrumb":{"@id":"https:\/\/madabouthorror.co.uk\/product\/a-nightmare-on-elm-street-4-the-dream-master-deluxe-freddy-krueger-mask-trick-or-treat-studios\/#breadcrumb"},"inLanguage":"de","potentialAction":[{"@type":"ReadAction","target":["https:\/\/madabouthorror.co.uk\/product\/a-nightmare-on-elm-street-4-the-dream-master-deluxe-freddy-krueger-mask-trick-or-treat-studios\/"]}]},{"@type":"ImageObject","inLanguage":"de","@id":"https:\/\/madabouthorror.co.uk\/product\/a-nightmare-on-elm-street-4-the-dream-master-deluxe-freddy-krueger-mask-trick-or-treat-studios\/#primaryimage","url":"https:\/\/madabouthorror.co.uk\/wp-content\/uploads\/2019\/07\/126130422_1.jpg","contentUrl":"https:\/\/madabouthorror.co.uk\/wp-content\/uploads\/2019\/07\/126130422_1.jpg","width":1000,"height":1000,"caption":"A Nightmare on Elm Street 4: The Dream Master - Deluxe Freddy Krueger Mask-0"},{"@type":"BreadcrumbList","@id":"https:\/\/madabouthorror.co.uk\/product\/a-nightmare-on-elm-street-4-the-dream-master-deluxe-freddy-krueger-mask-trick-or-treat-studios\/#breadcrumb","itemListElement":[{"@type":"ListItem","position":1,"name":"Shop","item":"https:\/\/madabouthorror.co.uk\/shop\/"},{"@type":"ListItem","position":2,"name":"A Nightmare on Elm Street 4: The Dream Master &#8211; Deluxe Freddy Krueger Mask"}]},{"@type":"WebSite","@id":"https:\/\/madabouthorror.co.uk\/#website","url":"https:\/\/madabouthorror.co.uk\/","name":"Verr\u00fcckt nach Horror","description":"","publisher":{"@id":"https:\/\/madabouthorror.co.uk\/#organization"},"alternateName":"Mad About Horror Limited","potentialAction":[{"@type":"SearchAction","target":{"@type":"EntryPoint","urlTemplate":"https:\/\/madabouthorror.co.uk\/?s={search_term_string}"},"query-input":{"@type":"PropertyValueSpecification","valueRequired":true,"valueName":"search_term_string"}}],"inLanguage":"de"},{"@type":"Organization","@id":"https:\/\/madabouthorror.co.uk\/#organization","name":"Verr\u00fcckt nach Horror","url":"https:\/\/madabouthorror.co.uk\/","logo":{"@type":"ImageObject","inLanguage":"de","@id":"https:\/\/madabouthorror.co.uk\/#\/schema\/logo\/image\/","url":"https:\/\/madabouthorror.co.uk\/wp-content\/uploads\/2024\/02\/cropped-Logo.png","contentUrl":"https:\/\/madabouthorror.co.uk\/wp-content\/uploads\/2024\/02\/cropped-Logo.png","width":240,"height":88,"caption":"Mad About Horror"},"image":{"@id":"https:\/\/madabouthorror.co.uk\/#\/schema\/logo\/image\/"},"sameAs":["https:\/\/www.facebook.com\/madabouthorror\/","https:\/\/www.instagram.com\/madabouthorror\/","https:\/\/www.pinterest.co.uk\/madabouthorror\/","https:\/\/www.youtube.com\/channel\/UCBooLOIxjoQ89dj6T5lWm_w","https:\/\/www.tiktok.com\/@weremadabouthorror"]}]}},"df_price":67.66,"df_sale_price":"","df_regular_price":67.66,"df_image_link":"https:\/\/madabouthorror.co.uk\/wp-content\/uploads\/2019\/07\/126130422_1-300x300.jpg","_links":{"self":[{"href":"https:\/\/madabouthorror.co.uk\/de\/wp-json\/wp\/v2\/product\/42460","targetHints":{"allow":["GET"]}}],"collection":[{"href":"https:\/\/madabouthorror.co.uk\/de\/wp-json\/wp\/v2\/product"}],"about":[{"href":"https:\/\/madabouthorror.co.uk\/de\/wp-json\/wp\/v2\/types\/product"}],"replies":[{"embeddable":true,"href":"https:\/\/madabouthorror.co.uk\/de\/wp-json\/wp\/v2\/comments?post=42460"}],"wp:featuredmedia":[{"embeddable":true,"href":"https:\/\/madabouthorror.co.uk\/de\/wp-json\/wp\/v2\/media\/42456"}],"wp:attachment":[{"href":"https:\/\/madabouthorror.co.uk\/de\/wp-json\/wp\/v2\/media?parent=42460"}],"wp:term":[{"taxonomy":"product_brand","embeddable":true,"href":"https:\/\/madabouthorror.co.uk\/de\/wp-json\/wp\/v2\/product_brand?post=42460"},{"taxonomy":"product_cat","embeddable":true,"href":"https:\/\/madabouthorror.co.uk\/de\/wp-json\/wp\/v2\/product_cat?post=42460"},{"taxonomy":"product_tag","embeddable":true,"href":"https:\/\/madabouthorror.co.uk\/de\/wp-json\/wp\/v2\/product_tag?post=42460"}],"curies":[{"name":"wp","href":"https:\/\/api.w.org\/{rel}","templated":true}]}}