{"id":42472,"date":"2023-02-23T09:11:12","date_gmt":"2023-02-23T09:11:12","guid":{"rendered":"https:\/\/mah.6bdv.ws\/?post_type=product&#038;p=42472"},"modified":"2026-03-24T14:11:40","modified_gmt":"2026-03-24T14:11:40","slug":"7ft-winter-dragon-animated-prop","status":"publish","type":"product","link":"https:\/\/madabouthorror.co.uk\/de\/product\/7ft-winter-dragon-animated-prop\/","title":{"rendered":"7ft Winter Dragon Animierte Requisite"},"content":{"rendered":"<p>Achtung, der Winter ist da - und er ist gefr\u00e4\u00dfig! Wir pr\u00e4sentieren den Winterdrachen, eine atemberaubende, 1,80 m gro\u00dfe Zeichentrickfigur, die Sie sicher beeindrucken wird. Kopf, Hals, Brust und Beine des Drachens sind aus Kunststoff geformt, die Fl\u00fcgel aus Stoff sind elegant drapiert.<\/p>\n<p>Beobachte, wie er mit den Fl\u00fcgeln schl\u00e4gt, seinen Kopf hin und her schwenkt und seine kalten blauen Augen aufleuchten.<\/p>\n<p>Stecken Sie den Stromadapter des Drachens einfach in eine normale Steckdose und w\u00e4hlen Sie aus drei Aktivierungsoptionen: Dauerlicht, Infrarotsensor oder das mitgelieferte Step-Here Pad. Der Infrarotsensor erkennt Bewegungen in einer Entfernung von bis zu 6,5 Metern und funktioniert perfekt bei allen Lichtverh\u00e4ltnissen, von hell bis stockdunkel!<\/p>\n<p>Der Artikel enth\u00e4lt auch einen Lautst\u00e4rkeregler.<\/p>\n<p>Schnell und einfach zu montieren mit einem schnell zu verbindenden Metallrahmen.<\/p>\n<p>Montage erforderlich.<\/p>\n<p><b>Wird mit einem UK-Netzadapter geliefert<\/b>. <i>Verwenden Sie nur den mitgelieferten Netzadapter, da falsche Netzadapter Sch\u00e4den verursachen k\u00f6nnen.<\/i><\/p>\n<div>\n<div><b>F\u00fcr die \u00fcberdachte Veranda oder f\u00fcr den Innenbereich.<\/b> <i>Bei Verwendung im Freien vor Witterungseinfl\u00fcssen sch\u00fctzen und nicht \u00fcber einen l\u00e4ngeren Zeitraum im Freien stehen lassen.<\/i><\/div>\n<div><\/div>\n<div><b>Bitte beachten:<\/b><i> Diese Requisiten sind nicht f\u00fcr den intensiven kommerziellen Gebrauch geeignet, d. h. sie sollten nicht \u00fcber l\u00e4ngere Zeitr\u00e4ume, z. B. tagelang, betrieben werden. Sie sind f\u00fcr die Verwendung an Halloween gedacht. Wenn Sie Fragen dazu haben, fragen Sie bitte.<\/i><\/div>\n<\/div>\n<p><strong>BITTE BEACHTEN SIE, DASS EINE NEBELMASCHINE BEN\u00d6TIGT WIRD, DAMIT DER DRACHE RAUCH SPUCKEN KANN. DIESE IST NICHT IM LIEFERUMFANG ENTHALTEN UND IST <span style=\"text-decoration: underline;\">NICHT<\/span> ZU KAUFEN BEI MAD ABOUT HORROR. <\/strong><\/p>\n<p><i>Nachstehend finden Sie Hinweise zu den erforderlichen Nebelmaschinen.<\/i><\/p>\n<p>Eine Nebelmaschine kann mit Hilfe des mitgelieferten Nebelschlauchs und des Ausl\u00f6seadapters an der St\u00fctze befestigt werden, MUSS aber die folgenden Kriterien erf\u00fcllen.<\/p>\n<ul>\n<li>Maximal 400Watt Leistung.<\/li>\n<li>Ausgangsd\u00fcsen-Durchmesser 40mm oder 44mm (der Nebelschlauch hat einen abnehmbaren Innenkragen)<\/li>\n<li>Triggereingang mit IEC-Stecker (Kettle-Typ-Stecker).<\/li>\n<\/ul>\n<p>Die Nebelmaschine MUSS im getriggerten Modus mit dem mitgelieferten Trigger-Adapterkabel betrieben werden.<\/p>\n<p>Die Nebelmaschine DARF NICHT im Dauerbetrieb verwendet werden, da dies zu einer \u00fcberm\u00e4\u00dfigen W\u00e4rmeentwicklung am Anschlussst\u00fcck des Nebelschlauchs f\u00fchren kann.<\/p>\n<div><\/div>\n<p>&nbsp;<\/p>","protected":false},"excerpt":{"rendered":"<p>Achtung, der Winter ist da - und er ist gefr\u00e4\u00dfig! Wir pr\u00e4sentieren den Winterdrachen, eine atemberaubende, 1,80 m gro\u00dfe Zeichentrickfigur, die Sie sicher beeindrucken wird. Kopf, Hals, Brust und Beine dieses Drachens sind aus Kunststoff geformt, und er hat elegante Fl\u00fcgel aus Stoff. Beobachte, wie seine Fl\u00fcgel flattern, sein Kopf sich von einer Seite zur anderen dreht und seine kalten blauen Augen leuchten [...]<\/p>","protected":false},"featured_media":564695,"comment_status":"closed","ping_status":"closed","template":"","meta":{"_acf_changed":false},"product_brand":[],"product_cat":[10068,10131,10108,10034,10093,10094,6550,6547,6963,7051,7053],"product_tag":[],"class_list":{"0":"post-42472","1":"product","2":"type-product","3":"status-publish","4":"has-post-thumbnail","6":"product_cat-halloween-decorations-2025","7":"product_cat-halloween-gifts","8":"product_cat-light-up-halloween-decorations","9":"product_cat-family-friendly","10":"product_cat-indoor-halloween-decorations","11":"product_cat-outdoor-halloween-decorations","12":"product_cat-graveyard-decorations","13":"product_cat-decorations","14":"product_cat-animatronics","15":"product_cat-graveyard-animatronics","16":"product_cat-animated-props-zombies","17":"product_shipping_class-eu-bulky-prop","19":"first","20":"instock","21":"taxable","22":"shipping-taxable","23":"purchasable","24":"product-type-simple"},"supplier_id":467908,"supplier_sku":"MR124527","barcode":"842445125029","atum_controlled":true,"out_stock_date":null,"out_stock_threshold":null,"inheritable":false,"inbound_stock":10,"stock_on_hold":0,"sold_today":0,"sales_last_days":0,"reserved_stock":0,"customer_returns":0,"warehouse_damage":0,"lost_in_post":0,"other_logs":0,"out_stock_days":0,"lost_sales":0,"has_location":false,"update_date":"2026-04-04T01:32:35","atum_locations":[],"atum_stock_status":"instock","restock_status":false,"low_stock_amount":"","sales_update_date":"2026-04-04T01:32:34","calc_backorders":null,"acf":[],"yoast_head":"<!-- This site is optimized with the Yoast SEO plugin v27.3 - https:\/\/yoast.com\/product\/yoast-seo-wordpress\/ -->\n<title>7ft Winter Dragon Animated Prop - Mad About Horror<\/title>\n<meta name=\"description\" content=\"7ft Winter Dragon Animated Prop. Huge range of professional quality horror props, Buy from the UK &amp; Europe&#039;s leading horror and Halloween specialist.\" \/>\n<meta name=\"robots\" content=\"index, follow, max-snippet:-1, max-image-preview:large, max-video-preview:-1\" \/>\n<link rel=\"canonical\" href=\"https:\/\/madabouthorror.co.uk\/de\/product\/7ft-winter-dragon-animated-prop\/\" \/>\n<meta property=\"og:locale\" content=\"de_DE\" \/>\n<meta property=\"og:type\" content=\"article\" \/>\n<meta property=\"og:title\" content=\"7ft Winter Dragon Animated Prop - Mad About Horror\" \/>\n<meta property=\"og:description\" content=\"7ft Winter Dragon Animated Prop. Huge range of professional quality horror props, Buy from the UK &amp; Europe&#039;s leading horror and Halloween specialist.\" \/>\n<meta property=\"og:url\" content=\"https:\/\/madabouthorror.co.uk\/de\/product\/7ft-winter-dragon-animated-prop\/\" \/>\n<meta property=\"og:site_name\" content=\"Mad About Horror\" \/>\n<meta property=\"article:publisher\" content=\"https:\/\/www.facebook.com\/madabouthorror\/\" \/>\n<meta property=\"article:modified_time\" content=\"2026-03-24T14:11:40+00:00\" \/>\n<meta property=\"og:image\" content=\"https:\/\/madabouthorror.co.uk\/wp-content\/uploads\/2023\/02\/7-animated-winter-dragon-halloween-decorationmr124527-a03.jpeg\" \/>\n\t<meta property=\"og:image:width\" content=\"1500\" \/>\n\t<meta property=\"og:image:height\" content=\"1500\" \/>\n\t<meta property=\"og:image:type\" content=\"image\/jpeg\" \/>\n<meta name=\"twitter:card\" content=\"summary_large_image\" \/>\n<meta name=\"twitter:label1\" content=\"Gesch\u00e4tzte Lesezeit\" \/>\n\t<meta name=\"twitter:data1\" content=\"2\u00a0Minuten\" \/>\n<script type=\"application\/ld+json\" class=\"yoast-schema-graph\">{\"@context\":\"https:\\\/\\\/schema.org\",\"@graph\":[{\"@type\":[\"WebPage\",\"ItemPage\"],\"@id\":\"https:\\\/\\\/madabouthorror.co.uk\\\/product\\\/7ft-winter-dragon-animated-prop\\\/\",\"url\":\"https:\\\/\\\/madabouthorror.co.uk\\\/product\\\/7ft-winter-dragon-animated-prop\\\/\",\"name\":\"7ft Winter Dragon Animated Prop - Mad About Horror\",\"isPartOf\":{\"@id\":\"https:\\\/\\\/madabouthorror.co.uk\\\/#website\"},\"primaryImageOfPage\":{\"@id\":\"https:\\\/\\\/madabouthorror.co.uk\\\/product\\\/7ft-winter-dragon-animated-prop\\\/#primaryimage\"},\"image\":{\"@id\":\"https:\\\/\\\/madabouthorror.co.uk\\\/product\\\/7ft-winter-dragon-animated-prop\\\/#primaryimage\"},\"thumbnailUrl\":\"https:\\\/\\\/madabouthorror.co.uk\\\/wp-content\\\/uploads\\\/2023\\\/02\\\/7-animated-winter-dragon-halloween-decorationmr124527-a03.jpeg\",\"datePublished\":\"2023-02-23T09:11:12+00:00\",\"dateModified\":\"2026-03-24T14:11:40+00:00\",\"description\":\"7ft Winter Dragon Animated Prop. Huge range of professional quality horror props, Buy from the UK & Europe's leading horror and Halloween specialist.\",\"breadcrumb\":{\"@id\":\"https:\\\/\\\/madabouthorror.co.uk\\\/product\\\/7ft-winter-dragon-animated-prop\\\/#breadcrumb\"},\"inLanguage\":\"de\",\"potentialAction\":[{\"@type\":\"ReadAction\",\"target\":[\"https:\\\/\\\/madabouthorror.co.uk\\\/product\\\/7ft-winter-dragon-animated-prop\\\/\"]}]},{\"@type\":\"ImageObject\",\"inLanguage\":\"de\",\"@id\":\"https:\\\/\\\/madabouthorror.co.uk\\\/product\\\/7ft-winter-dragon-animated-prop\\\/#primaryimage\",\"url\":\"https:\\\/\\\/madabouthorror.co.uk\\\/wp-content\\\/uploads\\\/2023\\\/02\\\/7-animated-winter-dragon-halloween-decorationmr124527-a03.jpeg\",\"contentUrl\":\"https:\\\/\\\/madabouthorror.co.uk\\\/wp-content\\\/uploads\\\/2023\\\/02\\\/7-animated-winter-dragon-halloween-decorationmr124527-a03.jpeg\",\"width\":1500,\"height\":1500,\"caption\":\"7ft Winter Dragon Animated Prop\"},{\"@type\":\"BreadcrumbList\",\"@id\":\"https:\\\/\\\/madabouthorror.co.uk\\\/product\\\/7ft-winter-dragon-animated-prop\\\/#breadcrumb\",\"itemListElement\":[{\"@type\":\"ListItem\",\"position\":1,\"name\":\"Shop\",\"item\":\"https:\\\/\\\/madabouthorror.co.uk\\\/shop\\\/\"},{\"@type\":\"ListItem\",\"position\":2,\"name\":\"7ft Winter Dragon Animated Prop\"}]},{\"@type\":\"WebSite\",\"@id\":\"https:\\\/\\\/madabouthorror.co.uk\\\/#website\",\"url\":\"https:\\\/\\\/madabouthorror.co.uk\\\/\",\"name\":\"Mad About Horror\",\"description\":\"\",\"publisher\":{\"@id\":\"https:\\\/\\\/madabouthorror.co.uk\\\/#organization\"},\"alternateName\":\"Mad About Horror Limited\",\"potentialAction\":[{\"@type\":\"SearchAction\",\"target\":{\"@type\":\"EntryPoint\",\"urlTemplate\":\"https:\\\/\\\/madabouthorror.co.uk\\\/?s={search_term_string}\"},\"query-input\":{\"@type\":\"PropertyValueSpecification\",\"valueRequired\":true,\"valueName\":\"search_term_string\"}}],\"inLanguage\":\"de\"},{\"@type\":\"Organization\",\"@id\":\"https:\\\/\\\/madabouthorror.co.uk\\\/#organization\",\"name\":\"Mad About Horror\",\"url\":\"https:\\\/\\\/madabouthorror.co.uk\\\/\",\"logo\":{\"@type\":\"ImageObject\",\"inLanguage\":\"de\",\"@id\":\"https:\\\/\\\/madabouthorror.co.uk\\\/#\\\/schema\\\/logo\\\/image\\\/\",\"url\":\"https:\\\/\\\/madabouthorror.co.uk\\\/wp-content\\\/uploads\\\/2024\\\/02\\\/cropped-Logo.png\",\"contentUrl\":\"https:\\\/\\\/madabouthorror.co.uk\\\/wp-content\\\/uploads\\\/2024\\\/02\\\/cropped-Logo.png\",\"width\":240,\"height\":88,\"caption\":\"Mad About Horror\"},\"image\":{\"@id\":\"https:\\\/\\\/madabouthorror.co.uk\\\/#\\\/schema\\\/logo\\\/image\\\/\"},\"sameAs\":[\"https:\\\/\\\/www.facebook.com\\\/madabouthorror\\\/\",\"https:\\\/\\\/www.instagram.com\\\/madabouthorror\\\/\",\"https:\\\/\\\/www.pinterest.co.uk\\\/madabouthorror\\\/\",\"https:\\\/\\\/www.youtube.com\\\/channel\\\/UCBooLOIxjoQ89dj6T5lWm_w\",\"https:\\\/\\\/www.tiktok.com\\\/@weremadabouthorror\"]}]}<\/script>\n<!-- \/ Yoast SEO plugin. -->","yoast_head_json":{"title":"7ft Winter Dragon Animated Prop - Mad About Horror","description":"7ft Winter Dragon Animated Prop. riesige Auswahl an professionellen Qualit\u00e4t Horror Requisiten, Kaufen Sie von der UK &amp; Europa's f\u00fchrende Horror und Halloween Spezialist.","robots":{"index":"index","follow":"follow","max-snippet":"max-snippet:-1","max-image-preview":"max-image-preview:large","max-video-preview":"max-video-preview:-1"},"canonical":"https:\/\/madabouthorror.co.uk\/de\/product\/7ft-winter-dragon-animated-prop\/","og_locale":"de_DE","og_type":"article","og_title":"7ft Winter Dragon Animated Prop - Mad About Horror","og_description":"7ft Winter Dragon Animated Prop. Huge range of professional quality horror props, Buy from the UK & Europe's leading horror and Halloween specialist.","og_url":"https:\/\/madabouthorror.co.uk\/de\/product\/7ft-winter-dragon-animated-prop\/","og_site_name":"Mad About Horror","article_publisher":"https:\/\/www.facebook.com\/madabouthorror\/","article_modified_time":"2026-03-24T14:11:40+00:00","og_image":[{"width":1500,"height":1500,"url":"https:\/\/madabouthorror.co.uk\/wp-content\/uploads\/2023\/02\/7-animated-winter-dragon-halloween-decorationmr124527-a03.jpeg","type":"image\/jpeg"}],"twitter_card":"summary_large_image","twitter_misc":{"Gesch\u00e4tzte Lesezeit":"2\u00a0Minuten"},"schema":{"@context":"https:\/\/schema.org","@graph":[{"@type":["WebPage","ItemPage"],"@id":"https:\/\/madabouthorror.co.uk\/product\/7ft-winter-dragon-animated-prop\/","url":"https:\/\/madabouthorror.co.uk\/product\/7ft-winter-dragon-animated-prop\/","name":"7ft Winter Dragon Animated Prop - Mad About Horror","isPartOf":{"@id":"https:\/\/madabouthorror.co.uk\/#website"},"primaryImageOfPage":{"@id":"https:\/\/madabouthorror.co.uk\/product\/7ft-winter-dragon-animated-prop\/#primaryimage"},"image":{"@id":"https:\/\/madabouthorror.co.uk\/product\/7ft-winter-dragon-animated-prop\/#primaryimage"},"thumbnailUrl":"https:\/\/madabouthorror.co.uk\/wp-content\/uploads\/2023\/02\/7-animated-winter-dragon-halloween-decorationmr124527-a03.jpeg","datePublished":"2023-02-23T09:11:12+00:00","dateModified":"2026-03-24T14:11:40+00:00","description":"7ft Winter Dragon Animated Prop. riesige Auswahl an professionellen Qualit\u00e4t Horror Requisiten, Kaufen Sie von der UK &amp; Europa's f\u00fchrende Horror und Halloween Spezialist.","breadcrumb":{"@id":"https:\/\/madabouthorror.co.uk\/product\/7ft-winter-dragon-animated-prop\/#breadcrumb"},"inLanguage":"de","potentialAction":[{"@type":"ReadAction","target":["https:\/\/madabouthorror.co.uk\/product\/7ft-winter-dragon-animated-prop\/"]}]},{"@type":"ImageObject","inLanguage":"de","@id":"https:\/\/madabouthorror.co.uk\/product\/7ft-winter-dragon-animated-prop\/#primaryimage","url":"https:\/\/madabouthorror.co.uk\/wp-content\/uploads\/2023\/02\/7-animated-winter-dragon-halloween-decorationmr124527-a03.jpeg","contentUrl":"https:\/\/madabouthorror.co.uk\/wp-content\/uploads\/2023\/02\/7-animated-winter-dragon-halloween-decorationmr124527-a03.jpeg","width":1500,"height":1500,"caption":"7ft Winter Dragon Animated Prop"},{"@type":"BreadcrumbList","@id":"https:\/\/madabouthorror.co.uk\/product\/7ft-winter-dragon-animated-prop\/#breadcrumb","itemListElement":[{"@type":"ListItem","position":1,"name":"Shop","item":"https:\/\/madabouthorror.co.uk\/shop\/"},{"@type":"ListItem","position":2,"name":"7ft Winter Dragon Animated Prop"}]},{"@type":"WebSite","@id":"https:\/\/madabouthorror.co.uk\/#website","url":"https:\/\/madabouthorror.co.uk\/","name":"Verr\u00fcckt nach Horror","description":"","publisher":{"@id":"https:\/\/madabouthorror.co.uk\/#organization"},"alternateName":"Mad About Horror Limited","potentialAction":[{"@type":"SearchAction","target":{"@type":"EntryPoint","urlTemplate":"https:\/\/madabouthorror.co.uk\/?s={search_term_string}"},"query-input":{"@type":"PropertyValueSpecification","valueRequired":true,"valueName":"search_term_string"}}],"inLanguage":"de"},{"@type":"Organization","@id":"https:\/\/madabouthorror.co.uk\/#organization","name":"Verr\u00fcckt nach Horror","url":"https:\/\/madabouthorror.co.uk\/","logo":{"@type":"ImageObject","inLanguage":"de","@id":"https:\/\/madabouthorror.co.uk\/#\/schema\/logo\/image\/","url":"https:\/\/madabouthorror.co.uk\/wp-content\/uploads\/2024\/02\/cropped-Logo.png","contentUrl":"https:\/\/madabouthorror.co.uk\/wp-content\/uploads\/2024\/02\/cropped-Logo.png","width":240,"height":88,"caption":"Mad About Horror"},"image":{"@id":"https:\/\/madabouthorror.co.uk\/#\/schema\/logo\/image\/"},"sameAs":["https:\/\/www.facebook.com\/madabouthorror\/","https:\/\/www.instagram.com\/madabouthorror\/","https:\/\/www.pinterest.co.uk\/madabouthorror\/","https:\/\/www.youtube.com\/channel\/UCBooLOIxjoQ89dj6T5lWm_w","https:\/\/www.tiktok.com\/@weremadabouthorror"]}]}},"df_price":624.95,"df_sale_price":"","df_regular_price":624.95,"df_image_link":"https:\/\/madabouthorror.co.uk\/wp-content\/uploads\/2023\/02\/7-animated-winter-dragon-halloween-decorationmr124527-a03-300x300.jpeg","_links":{"self":[{"href":"https:\/\/madabouthorror.co.uk\/de\/wp-json\/wp\/v2\/product\/42472","targetHints":{"allow":["GET"]}}],"collection":[{"href":"https:\/\/madabouthorror.co.uk\/de\/wp-json\/wp\/v2\/product"}],"about":[{"href":"https:\/\/madabouthorror.co.uk\/de\/wp-json\/wp\/v2\/types\/product"}],"replies":[{"embeddable":true,"href":"https:\/\/madabouthorror.co.uk\/de\/wp-json\/wp\/v2\/comments?post=42472"}],"wp:featuredmedia":[{"embeddable":true,"href":"https:\/\/madabouthorror.co.uk\/de\/wp-json\/wp\/v2\/media\/564695"}],"wp:attachment":[{"href":"https:\/\/madabouthorror.co.uk\/de\/wp-json\/wp\/v2\/media?parent=42472"}],"wp:term":[{"taxonomy":"product_brand","embeddable":true,"href":"https:\/\/madabouthorror.co.uk\/de\/wp-json\/wp\/v2\/product_brand?post=42472"},{"taxonomy":"product_cat","embeddable":true,"href":"https:\/\/madabouthorror.co.uk\/de\/wp-json\/wp\/v2\/product_cat?post=42472"},{"taxonomy":"product_tag","embeddable":true,"href":"https:\/\/madabouthorror.co.uk\/de\/wp-json\/wp\/v2\/product_tag?post=42472"}],"curies":[{"name":"wp","href":"https:\/\/api.w.org\/{rel}","templated":true}]}}