{"id":42732,"date":"2019-07-27T13:49:06","date_gmt":"2019-07-27T12:49:06","guid":{"rendered":"https:\/\/mah.6bdv.ws\/product\/professional-bleeding-knife-prop\/"},"modified":"2026-04-17T17:21:18","modified_gmt":"2026-04-17T16:21:18","slug":"professional-bleeding-knife-prop","status":"publish","type":"product","link":"https:\/\/madabouthorror.co.uk\/de\/product\/professional-bleeding-knife-prop\/","title":{"rendered":"Professionelle Bleeding Knife Prop"},"content":{"rendered":"<p>Diese professionelle Standardrequisite erweckt den Eindruck, dass Blut vergossen wurde, wenn man \u00fcber menschliches Fleisch zieht. Dieses handgefertigte und hochwertige Messer hat einen Holzgriff und eine Metallklinge.<\/p>\n<p>Auf einer Seite der Klinge ist ein Mechanismus versteckt, bei dem eine Flasche mit Blut gef\u00fcllt werden kann (nat\u00fcrlich eine Attrappe, die ebenfalls von Mad About Horror geliefert wird und separat erh\u00e4ltlich ist).<\/p>\n<p>Ziehen Sie leicht \u00fcber die Haut, w\u00e4hrend Sie die Flasche im Griff zusammendr\u00fccken, um einen realistischen, blutigen Effekt zu erzielen. Bitte beachten Sie, dass die Klinge zwar abgestumpft ist, aber bei zu aggressivem Gebrauch immer noch Schaden anrichten kann. Dr\u00fccken Sie nicht zu fest auf das Fleisch.<\/p>\n<p>Dies ist eine professionelle Requisite, kein Spielzeug. F\u00fcr Personen ab 21 Jahren<\/p>\n<p>Nur f\u00fcr den professionellen Gebrauch, nicht f\u00fcr den Verkauf an die breite \u00d6ffentlichkeit. Um die aktuelle britische Gesetzgebung einzuhalten, ben\u00f6tigen wir einen Nachweis, dass Sie ein professioneller Nutzer sind und einen Nachweis, dass Sie \u00fcber 18 Jahre alt sind, bevor wir Ihre Bestellung aufgeben k\u00f6nnen.<\/p>\n<p>Sehen Sie sich alle unsere <a href=\"https:\/\/madabouthorror.co.uk\/de\/c\/weapons\/replica-knives\/\">Gef\u00e4lschte Messer hier<\/a>.<\/p>","protected":false},"excerpt":{"rendered":"<p>Diese professionelle Standardrequisite erweckt den Eindruck, dass Blut vergossen wurde, wenn man \u00fcber menschliches Fleisch zieht. Dieses handgefertigte und hochwertige Messer hat einen Holzgriff und eine Metallklinge. Auf einer Seite der Klinge ist ein Mechanismus versteckt, der eine Squeezy Bottle beinhaltet, die mit Blut gef\u00fcllt werden kann (nat\u00fcrlich eine F\u00e4lschung, die auch [...]<\/p>","protected":false},"featured_media":42730,"comment_status":"closed","ping_status":"closed","template":"","meta":{"_acf_changed":false},"product_brand":[],"product_cat":[10105,6552,6543,6554],"product_tag":[],"class_list":{"0":"post-42732","1":"product","2":"type-product","3":"status-publish","4":"has-post-thumbnail","6":"product_cat-replica-knives","7":"product_cat-accessories","8":"product_cat-professional","9":"product_cat-weapons","10":"pa_brand-other","11":"pa_character-other","12":"pa_google_tax-3e-businessindustrialretailre","14":"first","15":"outofstock","16":"taxable","17":"shipping-taxable","18":"purchasable","19":"product-type-simple"},"supplier_id":null,"supplier_sku":"","barcode":"","atum_controlled":true,"out_stock_date":"2026-04-17 17:21:18","out_stock_threshold":null,"inheritable":false,"inbound_stock":0,"stock_on_hold":0,"sold_today":0,"sales_last_days":1,"reserved_stock":0,"customer_returns":0,"warehouse_damage":0,"lost_in_post":0,"other_logs":0,"out_stock_days":9,"lost_sales":244,"has_location":false,"update_date":"2026-04-27T01:33:00","atum_locations":[],"atum_stock_status":"outofstock","restock_status":false,"low_stock_amount":"","sales_update_date":"2026-04-27T01:32:59","calc_backorders":null,"acf":[],"yoast_head":"<!-- This site is optimized with the Yoast SEO plugin v27.4 - https:\/\/yoast.com\/product\/yoast-seo-wordpress\/ -->\n<title>Professional Bleeding Knife Prop - Mad About Horror<\/title>\n<meta name=\"description\" content=\"Professional Bleeding Knife Prop from Mad About Horror. Decorations, Animatronics \/ Props for sale. Immediate Despatch from UK stock. Call 01482 935936.\" \/>\n<meta name=\"robots\" content=\"index, follow, max-snippet:-1, max-image-preview:large, max-video-preview:-1\" \/>\n<link rel=\"canonical\" href=\"https:\/\/madabouthorror.co.uk\/de\/product\/professional-bleeding-knife-prop\/\" \/>\n<meta property=\"og:locale\" content=\"de_DE\" \/>\n<meta property=\"og:type\" content=\"article\" \/>\n<meta property=\"og:title\" content=\"Professional Bleeding Knife Prop - Mad About Horror\" \/>\n<meta property=\"og:description\" content=\"Professional Bleeding Knife Prop from Mad About Horror. Decorations, Animatronics \/ Props for sale. Immediate Despatch from UK stock. Call 01482 935936.\" \/>\n<meta property=\"og:url\" content=\"https:\/\/madabouthorror.co.uk\/de\/product\/professional-bleeding-knife-prop\/\" \/>\n<meta property=\"og:site_name\" content=\"Mad About Horror\" \/>\n<meta property=\"article:publisher\" content=\"https:\/\/www.facebook.com\/madabouthorror\/\" \/>\n<meta property=\"article:modified_time\" content=\"2026-04-17T16:21:18+00:00\" \/>\n<meta property=\"og:image\" content=\"https:\/\/madabouthorror.co.uk\/wp-content\/uploads\/2019\/07\/professional_bleeding_knife_prop.jpg\" \/>\n\t<meta property=\"og:image:width\" content=\"1000\" \/>\n\t<meta property=\"og:image:height\" content=\"1000\" \/>\n\t<meta property=\"og:image:type\" content=\"image\/jpeg\" \/>\n<meta name=\"twitter:card\" content=\"summary_large_image\" \/>\n<meta name=\"twitter:label1\" content=\"Gesch\u00e4tzte Lesezeit\" \/>\n\t<meta name=\"twitter:data1\" content=\"1\u00a0Minute\" \/>\n<script type=\"application\/ld+json\" class=\"yoast-schema-graph\">{\"@context\":\"https:\\\/\\\/schema.org\",\"@graph\":[{\"@type\":[\"WebPage\",\"ItemPage\"],\"@id\":\"https:\\\/\\\/madabouthorror.co.uk\\\/product\\\/professional-bleeding-knife-prop\\\/\",\"url\":\"https:\\\/\\\/madabouthorror.co.uk\\\/product\\\/professional-bleeding-knife-prop\\\/\",\"name\":\"Professional Bleeding Knife Prop - Mad About Horror\",\"isPartOf\":{\"@id\":\"https:\\\/\\\/madabouthorror.co.uk\\\/#website\"},\"primaryImageOfPage\":{\"@id\":\"https:\\\/\\\/madabouthorror.co.uk\\\/product\\\/professional-bleeding-knife-prop\\\/#primaryimage\"},\"image\":{\"@id\":\"https:\\\/\\\/madabouthorror.co.uk\\\/product\\\/professional-bleeding-knife-prop\\\/#primaryimage\"},\"thumbnailUrl\":\"https:\\\/\\\/madabouthorror.co.uk\\\/wp-content\\\/uploads\\\/2019\\\/07\\\/professional_bleeding_knife_prop.jpg\",\"datePublished\":\"2019-07-27T12:49:06+00:00\",\"dateModified\":\"2026-04-17T16:21:18+00:00\",\"description\":\"Professional Bleeding Knife Prop from Mad About Horror. Decorations, Animatronics \\\/ Props for sale. Immediate Despatch from UK stock. Call 01482 935936.\",\"breadcrumb\":{\"@id\":\"https:\\\/\\\/madabouthorror.co.uk\\\/product\\\/professional-bleeding-knife-prop\\\/#breadcrumb\"},\"inLanguage\":\"de\",\"potentialAction\":[{\"@type\":\"ReadAction\",\"target\":[\"https:\\\/\\\/madabouthorror.co.uk\\\/product\\\/professional-bleeding-knife-prop\\\/\"]}]},{\"@type\":\"ImageObject\",\"inLanguage\":\"de\",\"@id\":\"https:\\\/\\\/madabouthorror.co.uk\\\/product\\\/professional-bleeding-knife-prop\\\/#primaryimage\",\"url\":\"https:\\\/\\\/madabouthorror.co.uk\\\/wp-content\\\/uploads\\\/2019\\\/07\\\/professional_bleeding_knife_prop.jpg\",\"contentUrl\":\"https:\\\/\\\/madabouthorror.co.uk\\\/wp-content\\\/uploads\\\/2019\\\/07\\\/professional_bleeding_knife_prop.jpg\",\"width\":1000,\"height\":1000,\"caption\":\"Professional Bleeding Knife Prop-0\"},{\"@type\":\"BreadcrumbList\",\"@id\":\"https:\\\/\\\/madabouthorror.co.uk\\\/product\\\/professional-bleeding-knife-prop\\\/#breadcrumb\",\"itemListElement\":[{\"@type\":\"ListItem\",\"position\":1,\"name\":\"Shop\",\"item\":\"https:\\\/\\\/madabouthorror.co.uk\\\/shop\\\/\"},{\"@type\":\"ListItem\",\"position\":2,\"name\":\"Professional Bleeding Knife Prop\"}]},{\"@type\":\"WebSite\",\"@id\":\"https:\\\/\\\/madabouthorror.co.uk\\\/#website\",\"url\":\"https:\\\/\\\/madabouthorror.co.uk\\\/\",\"name\":\"Mad About Horror\",\"description\":\"\",\"publisher\":{\"@id\":\"https:\\\/\\\/madabouthorror.co.uk\\\/#organization\"},\"alternateName\":\"Mad About Horror Limited\",\"potentialAction\":[{\"@type\":\"SearchAction\",\"target\":{\"@type\":\"EntryPoint\",\"urlTemplate\":\"https:\\\/\\\/madabouthorror.co.uk\\\/?s={search_term_string}\"},\"query-input\":{\"@type\":\"PropertyValueSpecification\",\"valueRequired\":true,\"valueName\":\"search_term_string\"}}],\"inLanguage\":\"de\"},{\"@type\":\"Organization\",\"@id\":\"https:\\\/\\\/madabouthorror.co.uk\\\/#organization\",\"name\":\"Mad About Horror\",\"url\":\"https:\\\/\\\/madabouthorror.co.uk\\\/\",\"logo\":{\"@type\":\"ImageObject\",\"inLanguage\":\"de\",\"@id\":\"https:\\\/\\\/madabouthorror.co.uk\\\/#\\\/schema\\\/logo\\\/image\\\/\",\"url\":\"https:\\\/\\\/madabouthorror.co.uk\\\/wp-content\\\/uploads\\\/2024\\\/02\\\/cropped-Logo.png\",\"contentUrl\":\"https:\\\/\\\/madabouthorror.co.uk\\\/wp-content\\\/uploads\\\/2024\\\/02\\\/cropped-Logo.png\",\"width\":240,\"height\":88,\"caption\":\"Mad About Horror\"},\"image\":{\"@id\":\"https:\\\/\\\/madabouthorror.co.uk\\\/#\\\/schema\\\/logo\\\/image\\\/\"},\"sameAs\":[\"https:\\\/\\\/www.facebook.com\\\/madabouthorror\\\/\",\"https:\\\/\\\/www.instagram.com\\\/madabouthorror\\\/\",\"https:\\\/\\\/www.pinterest.co.uk\\\/madabouthorror\\\/\",\"https:\\\/\\\/www.youtube.com\\\/channel\\\/UCBooLOIxjoQ89dj6T5lWm_w\",\"https:\\\/\\\/www.tiktok.com\\\/@weremadabouthorror\"]}]}<\/script>\n<!-- \/ Yoast SEO plugin. -->","yoast_head_json":{"title":"Professionelle blutende Messerrequisite - Mad About Horror","description":"Professionelle blutende Messer-Requisite von Mad About Horror. Dekorationen, Animatronics \/ Requisiten zu verkaufen. Sofortiger Versand aus UK Lager. Rufen Sie 01482 935936.","robots":{"index":"index","follow":"follow","max-snippet":"max-snippet:-1","max-image-preview":"max-image-preview:large","max-video-preview":"max-video-preview:-1"},"canonical":"https:\/\/madabouthorror.co.uk\/de\/product\/professional-bleeding-knife-prop\/","og_locale":"de_DE","og_type":"article","og_title":"Professional Bleeding Knife Prop - Mad About Horror","og_description":"Professional Bleeding Knife Prop from Mad About Horror. Decorations, Animatronics \/ Props for sale. Immediate Despatch from UK stock. Call 01482 935936.","og_url":"https:\/\/madabouthorror.co.uk\/de\/product\/professional-bleeding-knife-prop\/","og_site_name":"Mad About Horror","article_publisher":"https:\/\/www.facebook.com\/madabouthorror\/","article_modified_time":"2026-04-17T16:21:18+00:00","og_image":[{"width":1000,"height":1000,"url":"https:\/\/madabouthorror.co.uk\/wp-content\/uploads\/2019\/07\/professional_bleeding_knife_prop.jpg","type":"image\/jpeg"}],"twitter_card":"summary_large_image","twitter_misc":{"Gesch\u00e4tzte Lesezeit":"1\u00a0Minute"},"schema":{"@context":"https:\/\/schema.org","@graph":[{"@type":["WebPage","ItemPage"],"@id":"https:\/\/madabouthorror.co.uk\/product\/professional-bleeding-knife-prop\/","url":"https:\/\/madabouthorror.co.uk\/product\/professional-bleeding-knife-prop\/","name":"Professionelle blutende Messerrequisite - Mad About Horror","isPartOf":{"@id":"https:\/\/madabouthorror.co.uk\/#website"},"primaryImageOfPage":{"@id":"https:\/\/madabouthorror.co.uk\/product\/professional-bleeding-knife-prop\/#primaryimage"},"image":{"@id":"https:\/\/madabouthorror.co.uk\/product\/professional-bleeding-knife-prop\/#primaryimage"},"thumbnailUrl":"https:\/\/madabouthorror.co.uk\/wp-content\/uploads\/2019\/07\/professional_bleeding_knife_prop.jpg","datePublished":"2019-07-27T12:49:06+00:00","dateModified":"2026-04-17T16:21:18+00:00","description":"Professionelle blutende Messer-Requisite von Mad About Horror. Dekorationen, Animatronics \/ Requisiten zu verkaufen. Sofortiger Versand aus UK Lager. Rufen Sie 01482 935936.","breadcrumb":{"@id":"https:\/\/madabouthorror.co.uk\/product\/professional-bleeding-knife-prop\/#breadcrumb"},"inLanguage":"de","potentialAction":[{"@type":"ReadAction","target":["https:\/\/madabouthorror.co.uk\/product\/professional-bleeding-knife-prop\/"]}]},{"@type":"ImageObject","inLanguage":"de","@id":"https:\/\/madabouthorror.co.uk\/product\/professional-bleeding-knife-prop\/#primaryimage","url":"https:\/\/madabouthorror.co.uk\/wp-content\/uploads\/2019\/07\/professional_bleeding_knife_prop.jpg","contentUrl":"https:\/\/madabouthorror.co.uk\/wp-content\/uploads\/2019\/07\/professional_bleeding_knife_prop.jpg","width":1000,"height":1000,"caption":"Professional Bleeding Knife Prop-0"},{"@type":"BreadcrumbList","@id":"https:\/\/madabouthorror.co.uk\/product\/professional-bleeding-knife-prop\/#breadcrumb","itemListElement":[{"@type":"ListItem","position":1,"name":"Shop","item":"https:\/\/madabouthorror.co.uk\/shop\/"},{"@type":"ListItem","position":2,"name":"Professional Bleeding Knife Prop"}]},{"@type":"WebSite","@id":"https:\/\/madabouthorror.co.uk\/#website","url":"https:\/\/madabouthorror.co.uk\/","name":"Verr\u00fcckt nach Horror","description":"","publisher":{"@id":"https:\/\/madabouthorror.co.uk\/#organization"},"alternateName":"Mad About Horror Limited","potentialAction":[{"@type":"SearchAction","target":{"@type":"EntryPoint","urlTemplate":"https:\/\/madabouthorror.co.uk\/?s={search_term_string}"},"query-input":{"@type":"PropertyValueSpecification","valueRequired":true,"valueName":"search_term_string"}}],"inLanguage":"de"},{"@type":"Organization","@id":"https:\/\/madabouthorror.co.uk\/#organization","name":"Verr\u00fcckt nach Horror","url":"https:\/\/madabouthorror.co.uk\/","logo":{"@type":"ImageObject","inLanguage":"de","@id":"https:\/\/madabouthorror.co.uk\/#\/schema\/logo\/image\/","url":"https:\/\/madabouthorror.co.uk\/wp-content\/uploads\/2024\/02\/cropped-Logo.png","contentUrl":"https:\/\/madabouthorror.co.uk\/wp-content\/uploads\/2024\/02\/cropped-Logo.png","width":240,"height":88,"caption":"Mad About Horror"},"image":{"@id":"https:\/\/madabouthorror.co.uk\/#\/schema\/logo\/image\/"},"sameAs":["https:\/\/www.facebook.com\/madabouthorror\/","https:\/\/www.instagram.com\/madabouthorror\/","https:\/\/www.pinterest.co.uk\/madabouthorror\/","https:\/\/www.youtube.com\/channel\/UCBooLOIxjoQ89dj6T5lWm_w","https:\/\/www.tiktok.com\/@weremadabouthorror"]}]}},"df_price":197.87,"df_sale_price":"","df_regular_price":197.87,"df_image_link":"https:\/\/madabouthorror.co.uk\/wp-content\/uploads\/2019\/07\/professional_bleeding_knife_prop-300x300.jpg","_links":{"self":[{"href":"https:\/\/madabouthorror.co.uk\/de\/wp-json\/wp\/v2\/product\/42732","targetHints":{"allow":["GET"]}}],"collection":[{"href":"https:\/\/madabouthorror.co.uk\/de\/wp-json\/wp\/v2\/product"}],"about":[{"href":"https:\/\/madabouthorror.co.uk\/de\/wp-json\/wp\/v2\/types\/product"}],"replies":[{"embeddable":true,"href":"https:\/\/madabouthorror.co.uk\/de\/wp-json\/wp\/v2\/comments?post=42732"}],"wp:featuredmedia":[{"embeddable":true,"href":"https:\/\/madabouthorror.co.uk\/de\/wp-json\/wp\/v2\/media\/42730"}],"wp:attachment":[{"href":"https:\/\/madabouthorror.co.uk\/de\/wp-json\/wp\/v2\/media?parent=42732"}],"wp:term":[{"taxonomy":"product_brand","embeddable":true,"href":"https:\/\/madabouthorror.co.uk\/de\/wp-json\/wp\/v2\/product_brand?post=42732"},{"taxonomy":"product_cat","embeddable":true,"href":"https:\/\/madabouthorror.co.uk\/de\/wp-json\/wp\/v2\/product_cat?post=42732"},{"taxonomy":"product_tag","embeddable":true,"href":"https:\/\/madabouthorror.co.uk\/de\/wp-json\/wp\/v2\/product_tag?post=42732"}],"curies":[{"name":"wp","href":"https:\/\/api.w.org\/{rel}","templated":true}]}}