{"id":42751,"date":"2019-07-27T16:14:11","date_gmt":"2019-07-27T15:14:11","guid":{"rendered":"https:\/\/mah.6bdv.ws\/product\/evil-dead-2-kandarian-dagger-prop\/"},"modified":"2026-04-20T13:42:33","modified_gmt":"2026-04-20T12:42:33","slug":"evil-dead-2-kandarian-dagger-prop","status":"publish","type":"product","link":"https:\/\/madabouthorror.co.uk\/de\/product\/evil-dead-2-kandarian-dagger-prop\/","title":{"rendered":"Evil Dead 2: Kandarische Dolch-Requisite"},"content":{"rendered":"<p>Entfessle die dunklen M\u00e4chte mit der offiziellen Evil Dead 2: Kandarian Dagger Requisite von Trick or Treat Studios und Studio Canal. Diese von Russ Lukich gefertigte, ma\u00dfstabsgetreue Nachbildung des Kandarian Dagger aus dem Kultklassiker Evil Dead 2: Dead by Dawn ist ein wahrer Augenschmaus. Jedes Detail, von den modellierten Z\u00e4hnen und dem R\u00fcckenmark bis hin zum Sch\u00e4del und den Rippenknochen, ist akribisch nachgebildet.<\/p>\n<p>Gefertigt aus hochwertigem Harz, misst der Dolch 25\u2033 vom Griff bis zur t\u00f6dlichen Spitze. Er wird mit einem fein modellierten St\u00e4nder f\u00fcr die sichere Pr\u00e4sentation geliefert, verpackt in einer sch\u00f6nen Sammlerbox. Der Kandarian Dagger ist die perfekte Erg\u00e4nzung f\u00fcr dein Hexen-, Zombie- oder Evil Ash-Kost\u00fcm!<\/p>\n<p>&nbsp;<\/p>\n<p>&nbsp;<\/p>","protected":false},"excerpt":{"rendered":"<p>Entfessle die dunklen M\u00e4chte mit der offiziellen Evil Dead 2: Kandarian Dagger Requisite von Trick or Treat Studios und Studio Canal. Diese von Russ Lukich gefertigte, ma\u00dfstabsgetreue Nachbildung des Kandarian Dagger aus dem Kultklassiker Evil Dead 2: Dead by Dawn ist ein wahrer Augenschmaus. Jedes Detail, von den modellierten Z\u00e4hnen und der Wirbels\u00e4ule [...]<\/p>","protected":false},"featured_media":42748,"comment_status":"closed","ping_status":"closed","template":"","meta":{"_acf_changed":false},"product_brand":[],"product_cat":[10129,10076,10078,10093,6537,10107,10038,6547,9967,6650,6792],"product_tag":[],"class_list":{"0":"post-42751","1":"product","2":"type-product","3":"status-publish","4":"has-post-thumbnail","6":"product_cat-main-gift","7":"product_cat-replica-dolls-props","8":"product_cat-weapons-trick-or-treat-studios","9":"product_cat-indoor-halloween-decorations","10":"product_cat-collectibles","11":"product_cat-licensed-halloween-decorations","12":"product_cat-horror-gifts","13":"product_cat-decorations","14":"product_cat-replica-props","15":"product_cat-evildeadashvevildead","16":"product_cat-trick-or-treat-studios","18":"first","19":"onbackorder","20":"taxable","21":"shipping-taxable","22":"purchasable","23":"product-type-simple"},"supplier_id":471029,"supplier_sku":"RLSC103","barcode":"811501031727","atum_controlled":true,"out_stock_date":"2026-02-15 03:51:20","out_stock_threshold":null,"inheritable":false,"inbound_stock":10,"stock_on_hold":0,"sold_today":0,"sales_last_days":0,"reserved_stock":0,"customer_returns":0,"warehouse_damage":0,"lost_in_post":0,"other_logs":0,"out_stock_days":73,"lost_sales":1563,"has_location":false,"update_date":"2026-04-30T01:28:32","atum_locations":[],"atum_stock_status":"onbackorder","restock_status":false,"low_stock_amount":6,"sales_update_date":"2026-04-30T01:28:31","calc_backorders":0,"acf":[],"yoast_head":"<!-- This site is optimized with the Yoast SEO plugin v27.5 - https:\/\/yoast.com\/product\/yoast-seo-wordpress\/ -->\n<title>Evil Dead 2: Kandarian Dagger Prop - Mad About Horror<\/title>\n<meta name=\"description\" content=\"Officially licensed Evil Dead 2 - Kandarian Dagger Prop by Trick or Treat Studios. Available to buy online from Mad About Horror or call 01482 935936.\" \/>\n<meta name=\"robots\" content=\"index, follow, max-snippet:-1, max-image-preview:large, max-video-preview:-1\" \/>\n<link rel=\"canonical\" href=\"https:\/\/madabouthorror.co.uk\/de\/product\/evil-dead-2-kandarian-dagger-prop\/\" \/>\n<meta property=\"og:locale\" content=\"de_DE\" \/>\n<meta property=\"og:type\" content=\"article\" \/>\n<meta property=\"og:title\" content=\"Evil Dead 2: Kandarian Dagger Prop - Mad About Horror\" \/>\n<meta property=\"og:description\" content=\"Officially licensed Evil Dead 2 - Kandarian Dagger Prop by Trick or Treat Studios. Available to buy online from Mad About Horror or call 01482 935936.\" \/>\n<meta property=\"og:url\" content=\"https:\/\/madabouthorror.co.uk\/de\/product\/evil-dead-2-kandarian-dagger-prop\/\" \/>\n<meta property=\"og:site_name\" content=\"Mad About Horror\" \/>\n<meta property=\"article:publisher\" content=\"https:\/\/www.facebook.com\/madabouthorror\/\" \/>\n<meta property=\"article:modified_time\" content=\"2026-04-20T12:42:33+00:00\" \/>\n<meta property=\"og:image\" content=\"https:\/\/madabouthorror.co.uk\/wp-content\/uploads\/2019\/07\/evil_dead_2_kandarian_dagger_prop_trick_or_treat_studios_3.jpg\" \/>\n\t<meta property=\"og:image:width\" content=\"1000\" \/>\n\t<meta property=\"og:image:height\" content=\"1000\" \/>\n\t<meta property=\"og:image:type\" content=\"image\/jpeg\" \/>\n<meta name=\"twitter:card\" content=\"summary_large_image\" \/>\n<meta name=\"twitter:label1\" content=\"Gesch\u00e4tzte Lesezeit\" \/>\n\t<meta name=\"twitter:data1\" content=\"1\u00a0Minute\" \/>\n<script type=\"application\/ld+json\" class=\"yoast-schema-graph\">{\"@context\":\"https:\\\/\\\/schema.org\",\"@graph\":[{\"@type\":[\"WebPage\",\"ItemPage\"],\"@id\":\"https:\\\/\\\/madabouthorror.co.uk\\\/product\\\/evil-dead-2-kandarian-dagger-prop\\\/\",\"url\":\"https:\\\/\\\/madabouthorror.co.uk\\\/product\\\/evil-dead-2-kandarian-dagger-prop\\\/\",\"name\":\"Evil Dead 2: Kandarian Dagger Prop - Mad About Horror\",\"isPartOf\":{\"@id\":\"https:\\\/\\\/madabouthorror.co.uk\\\/#website\"},\"primaryImageOfPage\":{\"@id\":\"https:\\\/\\\/madabouthorror.co.uk\\\/product\\\/evil-dead-2-kandarian-dagger-prop\\\/#primaryimage\"},\"image\":{\"@id\":\"https:\\\/\\\/madabouthorror.co.uk\\\/product\\\/evil-dead-2-kandarian-dagger-prop\\\/#primaryimage\"},\"thumbnailUrl\":\"https:\\\/\\\/madabouthorror.co.uk\\\/wp-content\\\/uploads\\\/2019\\\/07\\\/evil_dead_2_kandarian_dagger_prop_trick_or_treat_studios_3.jpg\",\"datePublished\":\"2019-07-27T15:14:11+00:00\",\"dateModified\":\"2026-04-20T12:42:33+00:00\",\"description\":\"Officially licensed Evil Dead 2 - Kandarian Dagger Prop by Trick or Treat Studios. Available to buy online from Mad About Horror or call 01482 935936.\",\"breadcrumb\":{\"@id\":\"https:\\\/\\\/madabouthorror.co.uk\\\/product\\\/evil-dead-2-kandarian-dagger-prop\\\/#breadcrumb\"},\"inLanguage\":\"de\",\"potentialAction\":[{\"@type\":\"ReadAction\",\"target\":[\"https:\\\/\\\/madabouthorror.co.uk\\\/product\\\/evil-dead-2-kandarian-dagger-prop\\\/\"]}]},{\"@type\":\"ImageObject\",\"inLanguage\":\"de\",\"@id\":\"https:\\\/\\\/madabouthorror.co.uk\\\/product\\\/evil-dead-2-kandarian-dagger-prop\\\/#primaryimage\",\"url\":\"https:\\\/\\\/madabouthorror.co.uk\\\/wp-content\\\/uploads\\\/2019\\\/07\\\/evil_dead_2_kandarian_dagger_prop_trick_or_treat_studios_3.jpg\",\"contentUrl\":\"https:\\\/\\\/madabouthorror.co.uk\\\/wp-content\\\/uploads\\\/2019\\\/07\\\/evil_dead_2_kandarian_dagger_prop_trick_or_treat_studios_3.jpg\",\"width\":1000,\"height\":1000,\"caption\":\"trick or treat studios Evil Dead 2: Kandarian Dagger Prop\"},{\"@type\":\"BreadcrumbList\",\"@id\":\"https:\\\/\\\/madabouthorror.co.uk\\\/product\\\/evil-dead-2-kandarian-dagger-prop\\\/#breadcrumb\",\"itemListElement\":[{\"@type\":\"ListItem\",\"position\":1,\"name\":\"Shop\",\"item\":\"https:\\\/\\\/madabouthorror.co.uk\\\/shop\\\/\"},{\"@type\":\"ListItem\",\"position\":2,\"name\":\"Evil Dead 2: Kandarian Dagger Prop\"}]},{\"@type\":\"WebSite\",\"@id\":\"https:\\\/\\\/madabouthorror.co.uk\\\/#website\",\"url\":\"https:\\\/\\\/madabouthorror.co.uk\\\/\",\"name\":\"Mad About Horror\",\"description\":\"\",\"publisher\":{\"@id\":\"https:\\\/\\\/madabouthorror.co.uk\\\/#organization\"},\"alternateName\":\"Mad About Horror Limited\",\"potentialAction\":[{\"@type\":\"SearchAction\",\"target\":{\"@type\":\"EntryPoint\",\"urlTemplate\":\"https:\\\/\\\/madabouthorror.co.uk\\\/?s={search_term_string}\"},\"query-input\":{\"@type\":\"PropertyValueSpecification\",\"valueRequired\":true,\"valueName\":\"search_term_string\"}}],\"inLanguage\":\"de\"},{\"@type\":\"Organization\",\"@id\":\"https:\\\/\\\/madabouthorror.co.uk\\\/#organization\",\"name\":\"Mad About Horror\",\"url\":\"https:\\\/\\\/madabouthorror.co.uk\\\/\",\"logo\":{\"@type\":\"ImageObject\",\"inLanguage\":\"de\",\"@id\":\"https:\\\/\\\/madabouthorror.co.uk\\\/#\\\/schema\\\/logo\\\/image\\\/\",\"url\":\"https:\\\/\\\/madabouthorror.co.uk\\\/wp-content\\\/uploads\\\/2024\\\/02\\\/cropped-Logo.png\",\"contentUrl\":\"https:\\\/\\\/madabouthorror.co.uk\\\/wp-content\\\/uploads\\\/2024\\\/02\\\/cropped-Logo.png\",\"width\":240,\"height\":88,\"caption\":\"Mad About Horror\"},\"image\":{\"@id\":\"https:\\\/\\\/madabouthorror.co.uk\\\/#\\\/schema\\\/logo\\\/image\\\/\"},\"sameAs\":[\"https:\\\/\\\/www.facebook.com\\\/madabouthorror\\\/\",\"https:\\\/\\\/www.instagram.com\\\/madabouthorror\\\/\",\"https:\\\/\\\/www.pinterest.co.uk\\\/madabouthorror\\\/\",\"https:\\\/\\\/www.youtube.com\\\/channel\\\/UCBooLOIxjoQ89dj6T5lWm_w\",\"https:\\\/\\\/www.tiktok.com\\\/@weremadabouthorror\"]}]}<\/script>\n<!-- \/ Yoast SEO plugin. -->","yoast_head_json":{"title":"Evil Dead 2: Kandarische Dolch-Requisite - Mad About Horror","description":"Offiziell lizenzierte Evil Dead 2 - Kandarian Dagger Prop von Trick or Treat Studios. Online zu kaufen bei Mad About Horror oder telefonisch unter 01482 935936.","robots":{"index":"index","follow":"follow","max-snippet":"max-snippet:-1","max-image-preview":"max-image-preview:large","max-video-preview":"max-video-preview:-1"},"canonical":"https:\/\/madabouthorror.co.uk\/de\/product\/evil-dead-2-kandarian-dagger-prop\/","og_locale":"de_DE","og_type":"article","og_title":"Evil Dead 2: Kandarian Dagger Prop - Mad About Horror","og_description":"Officially licensed Evil Dead 2 - Kandarian Dagger Prop by Trick or Treat Studios. Available to buy online from Mad About Horror or call 01482 935936.","og_url":"https:\/\/madabouthorror.co.uk\/de\/product\/evil-dead-2-kandarian-dagger-prop\/","og_site_name":"Mad About Horror","article_publisher":"https:\/\/www.facebook.com\/madabouthorror\/","article_modified_time":"2026-04-20T12:42:33+00:00","og_image":[{"width":1000,"height":1000,"url":"https:\/\/madabouthorror.co.uk\/wp-content\/uploads\/2019\/07\/evil_dead_2_kandarian_dagger_prop_trick_or_treat_studios_3.jpg","type":"image\/jpeg"}],"twitter_card":"summary_large_image","twitter_misc":{"Gesch\u00e4tzte Lesezeit":"1\u00a0Minute"},"schema":{"@context":"https:\/\/schema.org","@graph":[{"@type":["WebPage","ItemPage"],"@id":"https:\/\/madabouthorror.co.uk\/product\/evil-dead-2-kandarian-dagger-prop\/","url":"https:\/\/madabouthorror.co.uk\/product\/evil-dead-2-kandarian-dagger-prop\/","name":"Evil Dead 2: Kandarische Dolch-Requisite - Mad About Horror","isPartOf":{"@id":"https:\/\/madabouthorror.co.uk\/#website"},"primaryImageOfPage":{"@id":"https:\/\/madabouthorror.co.uk\/product\/evil-dead-2-kandarian-dagger-prop\/#primaryimage"},"image":{"@id":"https:\/\/madabouthorror.co.uk\/product\/evil-dead-2-kandarian-dagger-prop\/#primaryimage"},"thumbnailUrl":"https:\/\/madabouthorror.co.uk\/wp-content\/uploads\/2019\/07\/evil_dead_2_kandarian_dagger_prop_trick_or_treat_studios_3.jpg","datePublished":"2019-07-27T15:14:11+00:00","dateModified":"2026-04-20T12:42:33+00:00","description":"Offiziell lizenzierte Evil Dead 2 - Kandarian Dagger Prop von Trick or Treat Studios. Online zu kaufen bei Mad About Horror oder telefonisch unter 01482 935936.","breadcrumb":{"@id":"https:\/\/madabouthorror.co.uk\/product\/evil-dead-2-kandarian-dagger-prop\/#breadcrumb"},"inLanguage":"de","potentialAction":[{"@type":"ReadAction","target":["https:\/\/madabouthorror.co.uk\/product\/evil-dead-2-kandarian-dagger-prop\/"]}]},{"@type":"ImageObject","inLanguage":"de","@id":"https:\/\/madabouthorror.co.uk\/product\/evil-dead-2-kandarian-dagger-prop\/#primaryimage","url":"https:\/\/madabouthorror.co.uk\/wp-content\/uploads\/2019\/07\/evil_dead_2_kandarian_dagger_prop_trick_or_treat_studios_3.jpg","contentUrl":"https:\/\/madabouthorror.co.uk\/wp-content\/uploads\/2019\/07\/evil_dead_2_kandarian_dagger_prop_trick_or_treat_studios_3.jpg","width":1000,"height":1000,"caption":"trick or treat studios Evil Dead 2: Kandarian Dagger Prop"},{"@type":"BreadcrumbList","@id":"https:\/\/madabouthorror.co.uk\/product\/evil-dead-2-kandarian-dagger-prop\/#breadcrumb","itemListElement":[{"@type":"ListItem","position":1,"name":"Shop","item":"https:\/\/madabouthorror.co.uk\/shop\/"},{"@type":"ListItem","position":2,"name":"Evil Dead 2: Kandarian Dagger Prop"}]},{"@type":"WebSite","@id":"https:\/\/madabouthorror.co.uk\/#website","url":"https:\/\/madabouthorror.co.uk\/","name":"Verr\u00fcckt nach Horror","description":"","publisher":{"@id":"https:\/\/madabouthorror.co.uk\/#organization"},"alternateName":"Mad About Horror Limited","potentialAction":[{"@type":"SearchAction","target":{"@type":"EntryPoint","urlTemplate":"https:\/\/madabouthorror.co.uk\/?s={search_term_string}"},"query-input":{"@type":"PropertyValueSpecification","valueRequired":true,"valueName":"search_term_string"}}],"inLanguage":"de"},{"@type":"Organization","@id":"https:\/\/madabouthorror.co.uk\/#organization","name":"Verr\u00fcckt nach Horror","url":"https:\/\/madabouthorror.co.uk\/","logo":{"@type":"ImageObject","inLanguage":"de","@id":"https:\/\/madabouthorror.co.uk\/#\/schema\/logo\/image\/","url":"https:\/\/madabouthorror.co.uk\/wp-content\/uploads\/2024\/02\/cropped-Logo.png","contentUrl":"https:\/\/madabouthorror.co.uk\/wp-content\/uploads\/2024\/02\/cropped-Logo.png","width":240,"height":88,"caption":"Mad About Horror"},"image":{"@id":"https:\/\/madabouthorror.co.uk\/#\/schema\/logo\/image\/"},"sameAs":["https:\/\/www.facebook.com\/madabouthorror\/","https:\/\/www.instagram.com\/madabouthorror\/","https:\/\/www.pinterest.co.uk\/madabouthorror\/","https:\/\/www.youtube.com\/channel\/UCBooLOIxjoQ89dj6T5lWm_w","https:\/\/www.tiktok.com\/@weremadabouthorror"]}]}},"df_price":149.95,"df_sale_price":"","df_regular_price":149.95,"df_image_link":"https:\/\/madabouthorror.co.uk\/wp-content\/uploads\/2019\/07\/evil_dead_2_kandarian_dagger_prop_trick_or_treat_studios_3-300x300.jpg","_links":{"self":[{"href":"https:\/\/madabouthorror.co.uk\/de\/wp-json\/wp\/v2\/product\/42751","targetHints":{"allow":["GET"]}}],"collection":[{"href":"https:\/\/madabouthorror.co.uk\/de\/wp-json\/wp\/v2\/product"}],"about":[{"href":"https:\/\/madabouthorror.co.uk\/de\/wp-json\/wp\/v2\/types\/product"}],"replies":[{"embeddable":true,"href":"https:\/\/madabouthorror.co.uk\/de\/wp-json\/wp\/v2\/comments?post=42751"}],"wp:featuredmedia":[{"embeddable":true,"href":"https:\/\/madabouthorror.co.uk\/de\/wp-json\/wp\/v2\/media\/42748"}],"wp:attachment":[{"href":"https:\/\/madabouthorror.co.uk\/de\/wp-json\/wp\/v2\/media?parent=42751"}],"wp:term":[{"taxonomy":"product_brand","embeddable":true,"href":"https:\/\/madabouthorror.co.uk\/de\/wp-json\/wp\/v2\/product_brand?post=42751"},{"taxonomy":"product_cat","embeddable":true,"href":"https:\/\/madabouthorror.co.uk\/de\/wp-json\/wp\/v2\/product_cat?post=42751"},{"taxonomy":"product_tag","embeddable":true,"href":"https:\/\/madabouthorror.co.uk\/de\/wp-json\/wp\/v2\/product_tag?post=42751"}],"curies":[{"name":"wp","href":"https:\/\/api.w.org\/{rel}","templated":true}]}}