{"id":43821,"date":"2020-01-27T11:28:07","date_gmt":"2020-01-27T11:28:07","guid":{"rendered":"https:\/\/mah.6bdv.ws\/product\/silicone-skinned-face-mask-zombie-rachelle\/"},"modified":"2025-11-02T18:09:07","modified_gmt":"2025-11-02T18:09:07","slug":"silicone-skinned-face-mask-zombie-rachelle","status":"publish","type":"product","link":"https:\/\/madabouthorror.co.uk\/de\/product\/silicone-skinned-face-mask-zombie-rachelle\/","title":{"rendered":"Gesichtsmaske mit Silikonhaut - ZOMBIE RACHELLE"},"content":{"rendered":"<p>Supergruselige Gesichtsmaske, die von einem unabh\u00e4ngigen US-K\u00fcnstler von Hand gefertigt wurde. Da es sich um einen Abguss und nicht um eine Skulptur handelt, ist sie unglaublich realistisch. Es sieht so aus, als ob du das geh\u00e4utete Gesicht eines anderen Menschen tragen w\u00fcrdest.<\/p>\n<p>Zombieversion mit freiliegenden Z\u00e4hnen.<\/p>\n<p>Die elastischen B\u00e4nder werden auf der R\u00fcckseite verschlossen, so dass die Maske eng am Gesicht anliegt. Aufgrund der flexiblen Natur des Silikons gibt es sogar ein gewisses Ma\u00df an Bewegung.<\/p>\n<p>Hergestellt aus Silikon (nicht verwenden, wenn Sie allergisch gegen Silikon sind)<\/p>\n<p>Details k\u00f6nnen variieren, da diese Masken handgefertigt sind und jede ein Unikat ist.<\/p>","protected":false},"excerpt":{"rendered":"<p>Supergruselige Gesichtsmaske, die von einem unabh\u00e4ngigen US-K\u00fcnstler von Hand gefertigt wurde. Da es sich um einen Abguss und nicht um eine Skulptur handelt, ist sie unglaublich realistisch. Es sieht aus, als ob Sie das geh\u00e4utete Gesicht eines anderen Menschen tragen w\u00fcrden. Zombie-Version mit freiliegenden Z\u00e4hnen. Die elastischen B\u00e4nder werden auf der R\u00fcckseite verknotet, damit die Maske gut am Gesicht anliegt. [...]<\/p>","protected":false},"featured_media":43817,"comment_status":"closed","ping_status":"closed","template":"","meta":{"_acf_changed":false},"product_brand":[],"product_cat":[8732,6542,7094,6541,7098,6610,7101,6543,6824,6588],"product_tag":[],"class_list":{"0":"post-43821","1":"product","2":"type-product","3":"status-publish","4":"has-post-thumbnail","6":"product_cat-professional-range-silicone-masks","7":"product_cat-premium-masks","8":"product_cat-zombie-masks","9":"product_cat-masks","10":"product_cat-butchers-shop","11":"product_cat-masks-gory","12":"product_cat-hillbilly","13":"product_cat-professional","14":"product_cat-professional-masks","15":"product_cat-masks-zombies","16":"pa_brand-other","17":"pa_character-other","18":"pa_google_tax-e4-clothingaccessoriescostume","20":"first","21":"outofstock","22":"taxable","23":"shipping-taxable","24":"purchasable","25":"product-type-simple"},"supplier_id":467894,"supplier_sku":"","barcode":"","atum_controlled":true,"out_stock_date":"2025-11-02 18:09:07","out_stock_threshold":null,"inheritable":false,"inbound_stock":0,"stock_on_hold":0,"sold_today":0,"sales_last_days":0,"reserved_stock":0,"customer_returns":0,"warehouse_damage":0,"lost_in_post":0,"other_logs":0,"out_stock_days":180,"lost_sales":3855,"has_location":false,"update_date":"2026-05-02T00:46:19","atum_locations":[],"atum_stock_status":"outofstock","restock_status":false,"low_stock_amount":"","sales_update_date":"2026-05-02T00:46:18","calc_backorders":null,"acf":[],"yoast_head":"<!-- This site is optimized with the Yoast SEO plugin v27.5 - https:\/\/yoast.com\/product\/yoast-seo-wordpress\/ -->\n<title>Skinned Face Mask | Professional Silicone Mask | Mad About Horror<\/title>\n<meta name=\"description\" content=\"Extra gory silicone face mask. Perfect for scare actors or even as a prop. Despatched from the UK by Mad About Horror. Call 01482 935936.\" \/>\n<meta name=\"robots\" content=\"index, follow, max-snippet:-1, max-image-preview:large, max-video-preview:-1\" \/>\n<link rel=\"canonical\" href=\"https:\/\/madabouthorror.co.uk\/de\/product\/silicone-skinned-face-mask-zombie-rachelle\/\" \/>\n<meta property=\"og:locale\" content=\"de_DE\" \/>\n<meta property=\"og:type\" content=\"article\" \/>\n<meta property=\"og:title\" content=\"Skinned Face Mask | Professional Silicone Mask | Mad About Horror\" \/>\n<meta property=\"og:description\" content=\"Extra gory silicone face mask. Perfect for scare actors or even as a prop. Despatched from the UK by Mad About Horror. Call 01482 935936.\" \/>\n<meta property=\"og:url\" content=\"https:\/\/madabouthorror.co.uk\/de\/product\/silicone-skinned-face-mask-zombie-rachelle\/\" \/>\n<meta property=\"og:site_name\" content=\"Mad About Horror\" \/>\n<meta property=\"article:publisher\" content=\"https:\/\/www.facebook.com\/madabouthorror\/\" \/>\n<meta property=\"article:modified_time\" content=\"2025-11-02T18:09:07+00:00\" \/>\n<meta property=\"og:image\" content=\"https:\/\/madabouthorror.co.uk\/wp-content\/uploads\/2020\/01\/silicone_skinned_face_mask_zombie_rachelle.jpg\" \/>\n\t<meta property=\"og:image:width\" content=\"650\" \/>\n\t<meta property=\"og:image:height\" content=\"650\" \/>\n\t<meta property=\"og:image:type\" content=\"image\/jpeg\" \/>\n<meta name=\"twitter:card\" content=\"summary_large_image\" \/>\n<meta name=\"twitter:label1\" content=\"Gesch\u00e4tzte Lesezeit\" \/>\n\t<meta name=\"twitter:data1\" content=\"1\u00a0Minute\" \/>\n<script type=\"application\/ld+json\" class=\"yoast-schema-graph\">{\"@context\":\"https:\\\/\\\/schema.org\",\"@graph\":[{\"@type\":[\"WebPage\",\"ItemPage\"],\"@id\":\"https:\\\/\\\/madabouthorror.co.uk\\\/product\\\/silicone-skinned-face-mask-zombie-rachelle\\\/\",\"url\":\"https:\\\/\\\/madabouthorror.co.uk\\\/product\\\/silicone-skinned-face-mask-zombie-rachelle\\\/\",\"name\":\"Skinned Face Mask | Professional Silicone Mask | Mad About Horror\",\"isPartOf\":{\"@id\":\"https:\\\/\\\/madabouthorror.co.uk\\\/#website\"},\"primaryImageOfPage\":{\"@id\":\"https:\\\/\\\/madabouthorror.co.uk\\\/product\\\/silicone-skinned-face-mask-zombie-rachelle\\\/#primaryimage\"},\"image\":{\"@id\":\"https:\\\/\\\/madabouthorror.co.uk\\\/product\\\/silicone-skinned-face-mask-zombie-rachelle\\\/#primaryimage\"},\"thumbnailUrl\":\"https:\\\/\\\/madabouthorror.co.uk\\\/wp-content\\\/uploads\\\/2020\\\/01\\\/silicone_skinned_face_mask_zombie_rachelle.jpg\",\"datePublished\":\"2020-01-27T11:28:07+00:00\",\"dateModified\":\"2025-11-02T18:09:07+00:00\",\"description\":\"Extra gory silicone face mask. Perfect for scare actors or even as a prop. Despatched from the UK by Mad About Horror. Call 01482 935936.\",\"breadcrumb\":{\"@id\":\"https:\\\/\\\/madabouthorror.co.uk\\\/product\\\/silicone-skinned-face-mask-zombie-rachelle\\\/#breadcrumb\"},\"inLanguage\":\"de\",\"potentialAction\":[{\"@type\":\"ReadAction\",\"target\":[\"https:\\\/\\\/madabouthorror.co.uk\\\/product\\\/silicone-skinned-face-mask-zombie-rachelle\\\/\"]}]},{\"@type\":\"ImageObject\",\"inLanguage\":\"de\",\"@id\":\"https:\\\/\\\/madabouthorror.co.uk\\\/product\\\/silicone-skinned-face-mask-zombie-rachelle\\\/#primaryimage\",\"url\":\"https:\\\/\\\/madabouthorror.co.uk\\\/wp-content\\\/uploads\\\/2020\\\/01\\\/silicone_skinned_face_mask_zombie_rachelle.jpg\",\"contentUrl\":\"https:\\\/\\\/madabouthorror.co.uk\\\/wp-content\\\/uploads\\\/2020\\\/01\\\/silicone_skinned_face_mask_zombie_rachelle.jpg\",\"width\":650,\"height\":650,\"caption\":\"Silicone Skinned Face Mask - ZOMBIE RACHELLE-0\"},{\"@type\":\"BreadcrumbList\",\"@id\":\"https:\\\/\\\/madabouthorror.co.uk\\\/product\\\/silicone-skinned-face-mask-zombie-rachelle\\\/#breadcrumb\",\"itemListElement\":[{\"@type\":\"ListItem\",\"position\":1,\"name\":\"Shop\",\"item\":\"https:\\\/\\\/madabouthorror.co.uk\\\/shop\\\/\"},{\"@type\":\"ListItem\",\"position\":2,\"name\":\"Silicone Skinned Face Mask &#8211; ZOMBIE RACHELLE\"}]},{\"@type\":\"WebSite\",\"@id\":\"https:\\\/\\\/madabouthorror.co.uk\\\/#website\",\"url\":\"https:\\\/\\\/madabouthorror.co.uk\\\/\",\"name\":\"Mad About Horror\",\"description\":\"\",\"publisher\":{\"@id\":\"https:\\\/\\\/madabouthorror.co.uk\\\/#organization\"},\"alternateName\":\"Mad About Horror Limited\",\"potentialAction\":[{\"@type\":\"SearchAction\",\"target\":{\"@type\":\"EntryPoint\",\"urlTemplate\":\"https:\\\/\\\/madabouthorror.co.uk\\\/?s={search_term_string}\"},\"query-input\":{\"@type\":\"PropertyValueSpecification\",\"valueRequired\":true,\"valueName\":\"search_term_string\"}}],\"inLanguage\":\"de\"},{\"@type\":\"Organization\",\"@id\":\"https:\\\/\\\/madabouthorror.co.uk\\\/#organization\",\"name\":\"Mad About Horror\",\"url\":\"https:\\\/\\\/madabouthorror.co.uk\\\/\",\"logo\":{\"@type\":\"ImageObject\",\"inLanguage\":\"de\",\"@id\":\"https:\\\/\\\/madabouthorror.co.uk\\\/#\\\/schema\\\/logo\\\/image\\\/\",\"url\":\"https:\\\/\\\/madabouthorror.co.uk\\\/wp-content\\\/uploads\\\/2024\\\/02\\\/cropped-Logo.png\",\"contentUrl\":\"https:\\\/\\\/madabouthorror.co.uk\\\/wp-content\\\/uploads\\\/2024\\\/02\\\/cropped-Logo.png\",\"width\":240,\"height\":88,\"caption\":\"Mad About Horror\"},\"image\":{\"@id\":\"https:\\\/\\\/madabouthorror.co.uk\\\/#\\\/schema\\\/logo\\\/image\\\/\"},\"sameAs\":[\"https:\\\/\\\/www.facebook.com\\\/madabouthorror\\\/\",\"https:\\\/\\\/www.instagram.com\\\/madabouthorror\\\/\",\"https:\\\/\\\/www.pinterest.co.uk\\\/madabouthorror\\\/\",\"https:\\\/\\\/www.youtube.com\\\/channel\\\/UCBooLOIxjoQ89dj6T5lWm_w\",\"https:\\\/\\\/www.tiktok.com\\\/@weremadabouthorror\"]}]}<\/script>\n<!-- \/ Yoast SEO plugin. -->","yoast_head_json":{"title":"Skined Face Mask | Professionelle Silikonmaske | Mad About Horror","description":"Extra blutige Gesichtsmaske aus Silikon. Perfekt f\u00fcr Gruselschauspieler oder sogar als Requisite. Wird von Mad About Horror aus dem Vereinigten K\u00f6nigreich verschickt. Rufen Sie 01482 935936.","robots":{"index":"index","follow":"follow","max-snippet":"max-snippet:-1","max-image-preview":"max-image-preview:large","max-video-preview":"max-video-preview:-1"},"canonical":"https:\/\/madabouthorror.co.uk\/de\/product\/silicone-skinned-face-mask-zombie-rachelle\/","og_locale":"de_DE","og_type":"article","og_title":"Skinned Face Mask | Professional Silicone Mask | Mad About Horror","og_description":"Extra gory silicone face mask. Perfect for scare actors or even as a prop. Despatched from the UK by Mad About Horror. Call 01482 935936.","og_url":"https:\/\/madabouthorror.co.uk\/de\/product\/silicone-skinned-face-mask-zombie-rachelle\/","og_site_name":"Mad About Horror","article_publisher":"https:\/\/www.facebook.com\/madabouthorror\/","article_modified_time":"2025-11-02T18:09:07+00:00","og_image":[{"width":650,"height":650,"url":"https:\/\/madabouthorror.co.uk\/wp-content\/uploads\/2020\/01\/silicone_skinned_face_mask_zombie_rachelle.jpg","type":"image\/jpeg"}],"twitter_card":"summary_large_image","twitter_misc":{"Gesch\u00e4tzte Lesezeit":"1\u00a0Minute"},"schema":{"@context":"https:\/\/schema.org","@graph":[{"@type":["WebPage","ItemPage"],"@id":"https:\/\/madabouthorror.co.uk\/product\/silicone-skinned-face-mask-zombie-rachelle\/","url":"https:\/\/madabouthorror.co.uk\/product\/silicone-skinned-face-mask-zombie-rachelle\/","name":"Skined Face Mask | Professionelle Silikonmaske | Mad About Horror","isPartOf":{"@id":"https:\/\/madabouthorror.co.uk\/#website"},"primaryImageOfPage":{"@id":"https:\/\/madabouthorror.co.uk\/product\/silicone-skinned-face-mask-zombie-rachelle\/#primaryimage"},"image":{"@id":"https:\/\/madabouthorror.co.uk\/product\/silicone-skinned-face-mask-zombie-rachelle\/#primaryimage"},"thumbnailUrl":"https:\/\/madabouthorror.co.uk\/wp-content\/uploads\/2020\/01\/silicone_skinned_face_mask_zombie_rachelle.jpg","datePublished":"2020-01-27T11:28:07+00:00","dateModified":"2025-11-02T18:09:07+00:00","description":"Extra blutige Gesichtsmaske aus Silikon. Perfekt f\u00fcr Gruselschauspieler oder sogar als Requisite. Wird von Mad About Horror aus dem Vereinigten K\u00f6nigreich verschickt. Rufen Sie 01482 935936.","breadcrumb":{"@id":"https:\/\/madabouthorror.co.uk\/product\/silicone-skinned-face-mask-zombie-rachelle\/#breadcrumb"},"inLanguage":"de","potentialAction":[{"@type":"ReadAction","target":["https:\/\/madabouthorror.co.uk\/product\/silicone-skinned-face-mask-zombie-rachelle\/"]}]},{"@type":"ImageObject","inLanguage":"de","@id":"https:\/\/madabouthorror.co.uk\/product\/silicone-skinned-face-mask-zombie-rachelle\/#primaryimage","url":"https:\/\/madabouthorror.co.uk\/wp-content\/uploads\/2020\/01\/silicone_skinned_face_mask_zombie_rachelle.jpg","contentUrl":"https:\/\/madabouthorror.co.uk\/wp-content\/uploads\/2020\/01\/silicone_skinned_face_mask_zombie_rachelle.jpg","width":650,"height":650,"caption":"Silicone Skinned Face Mask - ZOMBIE RACHELLE-0"},{"@type":"BreadcrumbList","@id":"https:\/\/madabouthorror.co.uk\/product\/silicone-skinned-face-mask-zombie-rachelle\/#breadcrumb","itemListElement":[{"@type":"ListItem","position":1,"name":"Shop","item":"https:\/\/madabouthorror.co.uk\/shop\/"},{"@type":"ListItem","position":2,"name":"Silicone Skinned Face Mask &#8211; ZOMBIE RACHELLE"}]},{"@type":"WebSite","@id":"https:\/\/madabouthorror.co.uk\/#website","url":"https:\/\/madabouthorror.co.uk\/","name":"Verr\u00fcckt nach Horror","description":"","publisher":{"@id":"https:\/\/madabouthorror.co.uk\/#organization"},"alternateName":"Mad About Horror Limited","potentialAction":[{"@type":"SearchAction","target":{"@type":"EntryPoint","urlTemplate":"https:\/\/madabouthorror.co.uk\/?s={search_term_string}"},"query-input":{"@type":"PropertyValueSpecification","valueRequired":true,"valueName":"search_term_string"}}],"inLanguage":"de"},{"@type":"Organization","@id":"https:\/\/madabouthorror.co.uk\/#organization","name":"Verr\u00fcckt nach Horror","url":"https:\/\/madabouthorror.co.uk\/","logo":{"@type":"ImageObject","inLanguage":"de","@id":"https:\/\/madabouthorror.co.uk\/#\/schema\/logo\/image\/","url":"https:\/\/madabouthorror.co.uk\/wp-content\/uploads\/2024\/02\/cropped-Logo.png","contentUrl":"https:\/\/madabouthorror.co.uk\/wp-content\/uploads\/2024\/02\/cropped-Logo.png","width":240,"height":88,"caption":"Mad About Horror"},"image":{"@id":"https:\/\/madabouthorror.co.uk\/#\/schema\/logo\/image\/"},"sameAs":["https:\/\/www.facebook.com\/madabouthorror\/","https:\/\/www.instagram.com\/madabouthorror\/","https:\/\/www.pinterest.co.uk\/madabouthorror\/","https:\/\/www.youtube.com\/channel\/UCBooLOIxjoQ89dj6T5lWm_w","https:\/\/www.tiktok.com\/@weremadabouthorror"]}]}},"df_price":149.95,"df_sale_price":"","df_regular_price":149.95,"df_image_link":"https:\/\/madabouthorror.co.uk\/wp-content\/uploads\/2020\/01\/silicone_skinned_face_mask_zombie_rachelle-300x300.jpg","_links":{"self":[{"href":"https:\/\/madabouthorror.co.uk\/de\/wp-json\/wp\/v2\/product\/43821","targetHints":{"allow":["GET"]}}],"collection":[{"href":"https:\/\/madabouthorror.co.uk\/de\/wp-json\/wp\/v2\/product"}],"about":[{"href":"https:\/\/madabouthorror.co.uk\/de\/wp-json\/wp\/v2\/types\/product"}],"replies":[{"embeddable":true,"href":"https:\/\/madabouthorror.co.uk\/de\/wp-json\/wp\/v2\/comments?post=43821"}],"wp:featuredmedia":[{"embeddable":true,"href":"https:\/\/madabouthorror.co.uk\/de\/wp-json\/wp\/v2\/media\/43817"}],"wp:attachment":[{"href":"https:\/\/madabouthorror.co.uk\/de\/wp-json\/wp\/v2\/media?parent=43821"}],"wp:term":[{"taxonomy":"product_brand","embeddable":true,"href":"https:\/\/madabouthorror.co.uk\/de\/wp-json\/wp\/v2\/product_brand?post=43821"},{"taxonomy":"product_cat","embeddable":true,"href":"https:\/\/madabouthorror.co.uk\/de\/wp-json\/wp\/v2\/product_cat?post=43821"},{"taxonomy":"product_tag","embeddable":true,"href":"https:\/\/madabouthorror.co.uk\/de\/wp-json\/wp\/v2\/product_tag?post=43821"}],"curies":[{"name":"wp","href":"https:\/\/api.w.org\/{rel}","templated":true}]}}