{"id":44045,"date":"2020-02-28T15:54:04","date_gmt":"2020-02-28T15:54:04","guid":{"rendered":"https:\/\/mah.6bdv.ws\/product\/scary-stories-to-tell-in-the-dark-big-toe-mask\/"},"modified":"2026-04-02T09:32:01","modified_gmt":"2026-04-02T08:32:01","slug":"scary-stories-to-tell-in-the-dark-big-toe-mask","status":"publish","type":"product","link":"https:\/\/madabouthorror.co.uk\/de\/product\/scary-stories-to-tell-in-the-dark-big-toe-mask\/","title":{"rendered":"Gruselige Geschichten im Dunkeln - Big Toe Mask"},"content":{"rendered":"<h4>Gruselige Geschichten im Dunkeln - Big Toe Mask &nbsp;<\/h4>\n<p>Gebildet von Connor Deless<\/p>\n<p>Trick or Treat Studios und CBS sind stolz darauf, den Big Toe aus dem Kinofilm Scary Stories To Tell In The Dark zu pr\u00e4sentieren.<\/p>\n<p>Eine der ber\u00fchmtesten Geschichten aus Alvin Schwartz' Scary Stories to Tell in the Darks ist der gro\u00dfe Zeh. In dieser Geschichte findet ein Junge einen abgetrennten Zeh in seinem Garten, und der Besitzer dieses Zehs kommt, um ihn zur\u00fcckzuholen. Der Besitzer des Zehs ist jedoch schon lange tot.<\/p>\n<p>Diese erstaunliche Maske ist eine wundersch\u00f6ne Replik von Big Toe. Jedes Detail der Big Toe ist hier in dieser unglaublichen Skulptur einschlie\u00dflich der Big Toe's lange tote schwarze Haare, leere Augen und tote Z\u00e4hne.<\/p>\n<p>Holen Sie sich jetzt Big Toe und pirschen Sie sich an diesem Halloween an Ihre Opfer heran, um S\u00fc\u00dfigkeiten zu ergattern!<\/p>\n<p>&nbsp;<\/p>","protected":false},"excerpt":{"rendered":"<p>Scary Stories to Tell in the Dark - Big Toe Mask Sculpted by Connor Deless Trick or Treat Studios und CBS sind stolz, den Big Toe aus dem Kinofilm Scary Stories To Tell In The Dark zu pr\u00e4sentieren. Eine der ber\u00fchmten Geschichten aus Alvin Schwartz' Scary Stories to Tell in the Darks [...]<\/p>","protected":false},"featured_media":44043,"comment_status":"closed","ping_status":"closed","template":"","meta":{"_acf_changed":false},"product_brand":[],"product_cat":[6580,10100,10038,9962,6541,6792,6693],"product_tag":[],"class_list":{"0":"post-44045","1":"product","2":"type-product","3":"status-publish","4":"has-post-thumbnail","6":"product_cat-movie-tv","7":"product_cat-latex-masks","8":"product_cat-horror-gifts","9":"product_cat-trick-or-treat-studios-masks","10":"product_cat-masks","11":"product_cat-trick-or-treat-studios","12":"product_cat-scarystoriestotellinthedark","13":"pa_brand-trickortreatstudios","14":"pa_character-scarystoriestotellinthedark","15":"pa_google_tax-e4-clothingaccessoriescostume","16":"pa_material-latex","18":"first","19":"outofstock","20":"taxable","21":"shipping-taxable","22":"purchasable","23":"product-type-simple"},"supplier_id":471029,"supplier_sku":"CDCBS101","barcode":"811501034513","atum_controlled":true,"out_stock_date":"2025-10-08 21:40:40","out_stock_threshold":null,"inheritable":false,"inbound_stock":2,"stock_on_hold":0,"sold_today":0,"sales_last_days":0,"reserved_stock":0,"customer_returns":0,"warehouse_damage":0,"lost_in_post":0,"other_logs":0,"out_stock_days":184,"lost_sales":1707,"has_location":false,"update_date":"2026-04-11T01:48:19","atum_locations":[],"atum_stock_status":"outofstock","restock_status":false,"low_stock_amount":0,"sales_update_date":"2026-04-11T01:48:18","calc_backorders":null,"acf":[],"yoast_head":"<!-- This site is optimized with the Yoast SEO plugin v27.3 - https:\/\/yoast.com\/product\/yoast-seo-wordpress\/ -->\n<title>Scary Stories to Tell in the Dark - Big Toe Mask<\/title>\n<meta name=\"description\" content=\"Scary Stories to Tell in the Dark - Big Toe Mask by Trick or treat Studios - Buy From Mad About Horror\" \/>\n<meta name=\"robots\" content=\"index, follow, max-snippet:-1, max-image-preview:large, max-video-preview:-1\" \/>\n<link rel=\"canonical\" href=\"https:\/\/madabouthorror.co.uk\/de\/product\/scary-stories-to-tell-in-the-dark-big-toe-mask\/\" \/>\n<meta property=\"og:locale\" content=\"de_DE\" \/>\n<meta property=\"og:type\" content=\"article\" \/>\n<meta property=\"og:title\" content=\"Scary Stories to Tell in the Dark - Big Toe Mask\" \/>\n<meta property=\"og:description\" content=\"Scary Stories to Tell in the Dark - Big Toe Mask by Trick or treat Studios - Buy From Mad About Horror\" \/>\n<meta property=\"og:url\" content=\"https:\/\/madabouthorror.co.uk\/de\/product\/scary-stories-to-tell-in-the-dark-big-toe-mask\/\" \/>\n<meta property=\"og:site_name\" content=\"Mad About Horror\" \/>\n<meta property=\"article:publisher\" content=\"https:\/\/www.facebook.com\/madabouthorror\/\" \/>\n<meta property=\"article:modified_time\" content=\"2026-04-02T08:32:01+00:00\" \/>\n<meta property=\"og:image\" content=\"https:\/\/madabouthorror.co.uk\/wp-content\/uploads\/2020\/02\/scary_stories_to_tell_in_the_dark_big_toe_mask.jpg\" \/>\n\t<meta property=\"og:image:width\" content=\"1000\" \/>\n\t<meta property=\"og:image:height\" content=\"1000\" \/>\n\t<meta property=\"og:image:type\" content=\"image\/jpeg\" \/>\n<meta name=\"twitter:card\" content=\"summary_large_image\" \/>\n<meta name=\"twitter:label1\" content=\"Gesch\u00e4tzte Lesezeit\" \/>\n\t<meta name=\"twitter:data1\" content=\"1\u00a0Minute\" \/>\n<script type=\"application\/ld+json\" class=\"yoast-schema-graph\">{\"@context\":\"https:\\\/\\\/schema.org\",\"@graph\":[{\"@type\":[\"WebPage\",\"ItemPage\"],\"@id\":\"https:\\\/\\\/madabouthorror.co.uk\\\/product\\\/scary-stories-to-tell-in-the-dark-big-toe-mask\\\/\",\"url\":\"https:\\\/\\\/madabouthorror.co.uk\\\/product\\\/scary-stories-to-tell-in-the-dark-big-toe-mask\\\/\",\"name\":\"Scary Stories to Tell in the Dark - Big Toe Mask\",\"isPartOf\":{\"@id\":\"https:\\\/\\\/madabouthorror.co.uk\\\/#website\"},\"primaryImageOfPage\":{\"@id\":\"https:\\\/\\\/madabouthorror.co.uk\\\/product\\\/scary-stories-to-tell-in-the-dark-big-toe-mask\\\/#primaryimage\"},\"image\":{\"@id\":\"https:\\\/\\\/madabouthorror.co.uk\\\/product\\\/scary-stories-to-tell-in-the-dark-big-toe-mask\\\/#primaryimage\"},\"thumbnailUrl\":\"https:\\\/\\\/madabouthorror.co.uk\\\/wp-content\\\/uploads\\\/2020\\\/02\\\/scary_stories_to_tell_in_the_dark_big_toe_mask.jpg\",\"datePublished\":\"2020-02-28T15:54:04+00:00\",\"dateModified\":\"2026-04-02T08:32:01+00:00\",\"description\":\"Scary Stories to Tell in the Dark - Big Toe Mask by Trick or treat Studios - Buy From Mad About Horror\",\"breadcrumb\":{\"@id\":\"https:\\\/\\\/madabouthorror.co.uk\\\/product\\\/scary-stories-to-tell-in-the-dark-big-toe-mask\\\/#breadcrumb\"},\"inLanguage\":\"de\",\"potentialAction\":[{\"@type\":\"ReadAction\",\"target\":[\"https:\\\/\\\/madabouthorror.co.uk\\\/product\\\/scary-stories-to-tell-in-the-dark-big-toe-mask\\\/\"]}]},{\"@type\":\"ImageObject\",\"inLanguage\":\"de\",\"@id\":\"https:\\\/\\\/madabouthorror.co.uk\\\/product\\\/scary-stories-to-tell-in-the-dark-big-toe-mask\\\/#primaryimage\",\"url\":\"https:\\\/\\\/madabouthorror.co.uk\\\/wp-content\\\/uploads\\\/2020\\\/02\\\/scary_stories_to_tell_in_the_dark_big_toe_mask.jpg\",\"contentUrl\":\"https:\\\/\\\/madabouthorror.co.uk\\\/wp-content\\\/uploads\\\/2020\\\/02\\\/scary_stories_to_tell_in_the_dark_big_toe_mask.jpg\",\"width\":1000,\"height\":1000,\"caption\":\"Scary Stories to Tell in the Dark - Big Toe Mask-0\"},{\"@type\":\"BreadcrumbList\",\"@id\":\"https:\\\/\\\/madabouthorror.co.uk\\\/product\\\/scary-stories-to-tell-in-the-dark-big-toe-mask\\\/#breadcrumb\",\"itemListElement\":[{\"@type\":\"ListItem\",\"position\":1,\"name\":\"Shop\",\"item\":\"https:\\\/\\\/madabouthorror.co.uk\\\/shop\\\/\"},{\"@type\":\"ListItem\",\"position\":2,\"name\":\"Scary Stories to Tell in the Dark &#8211; Big Toe Mask\"}]},{\"@type\":\"WebSite\",\"@id\":\"https:\\\/\\\/madabouthorror.co.uk\\\/#website\",\"url\":\"https:\\\/\\\/madabouthorror.co.uk\\\/\",\"name\":\"Mad About Horror\",\"description\":\"\",\"publisher\":{\"@id\":\"https:\\\/\\\/madabouthorror.co.uk\\\/#organization\"},\"alternateName\":\"Mad About Horror Limited\",\"potentialAction\":[{\"@type\":\"SearchAction\",\"target\":{\"@type\":\"EntryPoint\",\"urlTemplate\":\"https:\\\/\\\/madabouthorror.co.uk\\\/?s={search_term_string}\"},\"query-input\":{\"@type\":\"PropertyValueSpecification\",\"valueRequired\":true,\"valueName\":\"search_term_string\"}}],\"inLanguage\":\"de\"},{\"@type\":\"Organization\",\"@id\":\"https:\\\/\\\/madabouthorror.co.uk\\\/#organization\",\"name\":\"Mad About Horror\",\"url\":\"https:\\\/\\\/madabouthorror.co.uk\\\/\",\"logo\":{\"@type\":\"ImageObject\",\"inLanguage\":\"de\",\"@id\":\"https:\\\/\\\/madabouthorror.co.uk\\\/#\\\/schema\\\/logo\\\/image\\\/\",\"url\":\"https:\\\/\\\/madabouthorror.co.uk\\\/wp-content\\\/uploads\\\/2024\\\/02\\\/cropped-Logo.png\",\"contentUrl\":\"https:\\\/\\\/madabouthorror.co.uk\\\/wp-content\\\/uploads\\\/2024\\\/02\\\/cropped-Logo.png\",\"width\":240,\"height\":88,\"caption\":\"Mad About Horror\"},\"image\":{\"@id\":\"https:\\\/\\\/madabouthorror.co.uk\\\/#\\\/schema\\\/logo\\\/image\\\/\"},\"sameAs\":[\"https:\\\/\\\/www.facebook.com\\\/madabouthorror\\\/\",\"https:\\\/\\\/www.instagram.com\\\/madabouthorror\\\/\",\"https:\\\/\\\/www.pinterest.co.uk\\\/madabouthorror\\\/\",\"https:\\\/\\\/www.youtube.com\\\/channel\\\/UCBooLOIxjoQ89dj6T5lWm_w\",\"https:\\\/\\\/www.tiktok.com\\\/@weremadabouthorror\"]}]}<\/script>\n<!-- \/ Yoast SEO plugin. -->","yoast_head_json":{"title":"Gruselige Geschichten im Dunkeln - Big Toe Mask","description":"Scary Stories to Tell in the Dark - Big Toe Mask von Trick or treat Studios - Kaufen bei Mad About Horror","robots":{"index":"index","follow":"follow","max-snippet":"max-snippet:-1","max-image-preview":"max-image-preview:large","max-video-preview":"max-video-preview:-1"},"canonical":"https:\/\/madabouthorror.co.uk\/de\/product\/scary-stories-to-tell-in-the-dark-big-toe-mask\/","og_locale":"de_DE","og_type":"article","og_title":"Scary Stories to Tell in the Dark - Big Toe Mask","og_description":"Scary Stories to Tell in the Dark - Big Toe Mask by Trick or treat Studios - Buy From Mad About Horror","og_url":"https:\/\/madabouthorror.co.uk\/de\/product\/scary-stories-to-tell-in-the-dark-big-toe-mask\/","og_site_name":"Mad About Horror","article_publisher":"https:\/\/www.facebook.com\/madabouthorror\/","article_modified_time":"2026-04-02T08:32:01+00:00","og_image":[{"width":1000,"height":1000,"url":"https:\/\/madabouthorror.co.uk\/wp-content\/uploads\/2020\/02\/scary_stories_to_tell_in_the_dark_big_toe_mask.jpg","type":"image\/jpeg"}],"twitter_card":"summary_large_image","twitter_misc":{"Gesch\u00e4tzte Lesezeit":"1\u00a0Minute"},"schema":{"@context":"https:\/\/schema.org","@graph":[{"@type":["WebPage","ItemPage"],"@id":"https:\/\/madabouthorror.co.uk\/product\/scary-stories-to-tell-in-the-dark-big-toe-mask\/","url":"https:\/\/madabouthorror.co.uk\/product\/scary-stories-to-tell-in-the-dark-big-toe-mask\/","name":"Gruselige Geschichten im Dunkeln - Big Toe Mask","isPartOf":{"@id":"https:\/\/madabouthorror.co.uk\/#website"},"primaryImageOfPage":{"@id":"https:\/\/madabouthorror.co.uk\/product\/scary-stories-to-tell-in-the-dark-big-toe-mask\/#primaryimage"},"image":{"@id":"https:\/\/madabouthorror.co.uk\/product\/scary-stories-to-tell-in-the-dark-big-toe-mask\/#primaryimage"},"thumbnailUrl":"https:\/\/madabouthorror.co.uk\/wp-content\/uploads\/2020\/02\/scary_stories_to_tell_in_the_dark_big_toe_mask.jpg","datePublished":"2020-02-28T15:54:04+00:00","dateModified":"2026-04-02T08:32:01+00:00","description":"Scary Stories to Tell in the Dark - Big Toe Mask von Trick or treat Studios - Kaufen bei Mad About Horror","breadcrumb":{"@id":"https:\/\/madabouthorror.co.uk\/product\/scary-stories-to-tell-in-the-dark-big-toe-mask\/#breadcrumb"},"inLanguage":"de","potentialAction":[{"@type":"ReadAction","target":["https:\/\/madabouthorror.co.uk\/product\/scary-stories-to-tell-in-the-dark-big-toe-mask\/"]}]},{"@type":"ImageObject","inLanguage":"de","@id":"https:\/\/madabouthorror.co.uk\/product\/scary-stories-to-tell-in-the-dark-big-toe-mask\/#primaryimage","url":"https:\/\/madabouthorror.co.uk\/wp-content\/uploads\/2020\/02\/scary_stories_to_tell_in_the_dark_big_toe_mask.jpg","contentUrl":"https:\/\/madabouthorror.co.uk\/wp-content\/uploads\/2020\/02\/scary_stories_to_tell_in_the_dark_big_toe_mask.jpg","width":1000,"height":1000,"caption":"Scary Stories to Tell in the Dark - Big Toe Mask-0"},{"@type":"BreadcrumbList","@id":"https:\/\/madabouthorror.co.uk\/product\/scary-stories-to-tell-in-the-dark-big-toe-mask\/#breadcrumb","itemListElement":[{"@type":"ListItem","position":1,"name":"Shop","item":"https:\/\/madabouthorror.co.uk\/shop\/"},{"@type":"ListItem","position":2,"name":"Scary Stories to Tell in the Dark &#8211; Big Toe Mask"}]},{"@type":"WebSite","@id":"https:\/\/madabouthorror.co.uk\/#website","url":"https:\/\/madabouthorror.co.uk\/","name":"Verr\u00fcckt nach Horror","description":"","publisher":{"@id":"https:\/\/madabouthorror.co.uk\/#organization"},"alternateName":"Mad About Horror Limited","potentialAction":[{"@type":"SearchAction","target":{"@type":"EntryPoint","urlTemplate":"https:\/\/madabouthorror.co.uk\/?s={search_term_string}"},"query-input":{"@type":"PropertyValueSpecification","valueRequired":true,"valueName":"search_term_string"}}],"inLanguage":"de"},{"@type":"Organization","@id":"https:\/\/madabouthorror.co.uk\/#organization","name":"Verr\u00fcckt nach Horror","url":"https:\/\/madabouthorror.co.uk\/","logo":{"@type":"ImageObject","inLanguage":"de","@id":"https:\/\/madabouthorror.co.uk\/#\/schema\/logo\/image\/","url":"https:\/\/madabouthorror.co.uk\/wp-content\/uploads\/2024\/02\/cropped-Logo.png","contentUrl":"https:\/\/madabouthorror.co.uk\/wp-content\/uploads\/2024\/02\/cropped-Logo.png","width":240,"height":88,"caption":"Mad About Horror"},"image":{"@id":"https:\/\/madabouthorror.co.uk\/#\/schema\/logo\/image\/"},"sameAs":["https:\/\/www.facebook.com\/madabouthorror\/","https:\/\/www.instagram.com\/madabouthorror\/","https:\/\/www.pinterest.co.uk\/madabouthorror\/","https:\/\/www.youtube.com\/channel\/UCBooLOIxjoQ89dj6T5lWm_w","https:\/\/www.tiktok.com\/@weremadabouthorror"]}]}},"df_price":67.66,"df_sale_price":"","df_regular_price":67.66,"df_image_link":"https:\/\/madabouthorror.co.uk\/wp-content\/uploads\/2020\/02\/scary_stories_to_tell_in_the_dark_big_toe_mask-300x300.jpg","_links":{"self":[{"href":"https:\/\/madabouthorror.co.uk\/de\/wp-json\/wp\/v2\/product\/44045","targetHints":{"allow":["GET"]}}],"collection":[{"href":"https:\/\/madabouthorror.co.uk\/de\/wp-json\/wp\/v2\/product"}],"about":[{"href":"https:\/\/madabouthorror.co.uk\/de\/wp-json\/wp\/v2\/types\/product"}],"replies":[{"embeddable":true,"href":"https:\/\/madabouthorror.co.uk\/de\/wp-json\/wp\/v2\/comments?post=44045"}],"wp:featuredmedia":[{"embeddable":true,"href":"https:\/\/madabouthorror.co.uk\/de\/wp-json\/wp\/v2\/media\/44043"}],"wp:attachment":[{"href":"https:\/\/madabouthorror.co.uk\/de\/wp-json\/wp\/v2\/media?parent=44045"}],"wp:term":[{"taxonomy":"product_brand","embeddable":true,"href":"https:\/\/madabouthorror.co.uk\/de\/wp-json\/wp\/v2\/product_brand?post=44045"},{"taxonomy":"product_cat","embeddable":true,"href":"https:\/\/madabouthorror.co.uk\/de\/wp-json\/wp\/v2\/product_cat?post=44045"},{"taxonomy":"product_tag","embeddable":true,"href":"https:\/\/madabouthorror.co.uk\/de\/wp-json\/wp\/v2\/product_tag?post=44045"}],"curies":[{"name":"wp","href":"https:\/\/api.w.org\/{rel}","templated":true}]}}