{"id":44333,"date":"2020-03-26T15:29:22","date_gmt":"2020-03-26T15:29:22","guid":{"rendered":"https:\/\/mah.6bdv.ws\/product\/confession-mask\/"},"modified":"2026-03-02T16:01:07","modified_gmt":"2026-03-02T16:01:07","slug":"confession-mask","status":"publish","type":"product","link":"https:\/\/madabouthorror.co.uk\/de\/product\/confession-mask\/","title":{"rendered":"Bekenntnis Maske"},"content":{"rendered":"<p>Sie kennt deine S\u00fcnden....<\/p>\n<p>Wir freuen uns, diese unglaubliche Reihe von Horrormasken anbieten zu k\u00f6nnen, die von Brian Blair von Pumpkin Pulp, einem talentierten US-amerikanischen Horrork\u00fcnstler, von Hand geformt und bemalt worden sind. Der Sch\u00f6pfer dieser erstaunlichen Werke der Horrorkunst hat einige der einzigartigsten Masken und Requisiten in der Haunt-Industrie herausgebracht.<\/p>\n<p>Seine Kreationen werden heute von Prominenten, Sammlern und Gesch\u00e4ftsinhabern auf der ganzen Welt gekauft. Er hat auch viele verschiedene Make-up- und F\/X-Jobs f\u00fcr Film und B\u00fchne geschaffen.   Diese Maske ist super gruselig...<\/p>\n<p>Diese Masken sind in der Spukindustrie sehr beliebt, da sie unglaublich detailliert und realistisch sind und sich sehr gut tragen lassen: Sie haben strapazierf\u00e4hige, verstellbare B\u00e4nder, die sich bequem an den Kopf anpassen und das Maskendesign erg\u00e4nzen, w\u00e4hrend der Kopf atmen kann.<\/p>","protected":false},"excerpt":{"rendered":"<p>Sie kennt deine S\u00fcnden\u2026. Wir freuen uns, diese unglaubliche Auswahl an Horror-Masken anbieten zu k\u00f6nnen, die von Brian Blair von Pumpkin Pulp, einem talentierten US-Horror-K\u00fcnstler, handgefertigt und bemalt wurden. Der Sch\u00f6pfer dieser erstaunlichen Werke der Horror-Kunst hat einige der einzigartigsten Masken und Requisiten herausgebracht, die [ ]<\/p>","protected":false},"featured_media":44326,"comment_status":"closed","ping_status":"closed","template":"","meta":{"_acf_changed":false},"product_brand":[],"product_cat":[10100,6542,7095,6541,7100,6543,6824,6590,6805],"product_tag":[],"class_list":{"0":"post-44333","1":"product","2":"type-product","3":"status-publish","4":"has-post-thumbnail","6":"product_cat-latex-masks","7":"product_cat-premium-masks","8":"product_cat-pro-haunted-house","9":"product_cat-masks","10":"product_cat-satanic-witchcraft","11":"product_cat-professional","12":"product_cat-professional-masks","13":"product_cat-masks-witches","14":"product_cat-pumpkin-pulp","15":"product_shipping_class-small-parcel-economy-3-5-business-days","16":"pa_brand-pumpkinpulp","17":"pa_character-other","18":"pa_google_tax-e4-clothingaccessoriescostume","19":"pa_material-containslatex","20":"pa_material-latex","22":"first","23":"outofstock","24":"taxable","25":"shipping-taxable","26":"purchasable","27":"product-type-simple"},"supplier_id":467905,"supplier_sku":"","barcode":"","atum_controlled":true,"out_stock_date":"2025-09-09 12:19:04","out_stock_threshold":null,"inheritable":false,"inbound_stock":1,"stock_on_hold":0,"sold_today":0,"sales_last_days":0,"reserved_stock":0,"customer_returns":0,"warehouse_damage":0,"lost_in_post":0,"other_logs":0,"out_stock_days":233,"lost_sales":7655,"has_location":false,"update_date":"2026-05-01T02:02:26","atum_locations":[],"atum_stock_status":"outofstock","restock_status":false,"low_stock_amount":"","sales_update_date":"2026-05-01T02:02:24","calc_backorders":null,"acf":[],"yoast_head":"<!-- This site is optimized with the Yoast SEO plugin v27.5 - https:\/\/yoast.com\/product\/yoast-seo-wordpress\/ -->\n<title>Confession Mask - PUMPKIN PULP | Mad About Horror<\/title>\n<meta name=\"description\" content=\"Confession Witch Mask - PUMPKIN PULP | Professional supplier of Horror props and masks, Mad About Horror\" \/>\n<meta name=\"robots\" content=\"index, follow, max-snippet:-1, max-image-preview:large, max-video-preview:-1\" \/>\n<link rel=\"canonical\" href=\"https:\/\/madabouthorror.co.uk\/de\/product\/confession-mask\/\" \/>\n<meta property=\"og:locale\" content=\"de_DE\" \/>\n<meta property=\"og:type\" content=\"article\" \/>\n<meta property=\"og:title\" content=\"Confession Mask - PUMPKIN PULP | Mad About Horror\" \/>\n<meta property=\"og:description\" content=\"Confession Witch Mask - PUMPKIN PULP | Professional supplier of Horror props and masks, Mad About Horror\" \/>\n<meta property=\"og:url\" content=\"https:\/\/madabouthorror.co.uk\/de\/product\/confession-mask\/\" \/>\n<meta property=\"og:site_name\" content=\"Mad About Horror\" \/>\n<meta property=\"article:publisher\" content=\"https:\/\/www.facebook.com\/madabouthorror\/\" \/>\n<meta property=\"article:modified_time\" content=\"2026-03-02T16:01:07+00:00\" \/>\n<meta property=\"og:image\" content=\"https:\/\/madabouthorror.co.uk\/wp-content\/uploads\/2020\/03\/pumpkin_pulp_confession_mask_1.jpg\" \/>\n\t<meta property=\"og:image:width\" content=\"1000\" \/>\n\t<meta property=\"og:image:height\" content=\"1000\" \/>\n\t<meta property=\"og:image:type\" content=\"image\/jpeg\" \/>\n<meta name=\"twitter:card\" content=\"summary_large_image\" \/>\n<meta name=\"twitter:label1\" content=\"Gesch\u00e4tzte Lesezeit\" \/>\n\t<meta name=\"twitter:data1\" content=\"1\u00a0Minute\" \/>\n<script type=\"application\/ld+json\" class=\"yoast-schema-graph\">{\"@context\":\"https:\\\/\\\/schema.org\",\"@graph\":[{\"@type\":[\"WebPage\",\"ItemPage\"],\"@id\":\"https:\\\/\\\/madabouthorror.co.uk\\\/product\\\/confession-mask\\\/\",\"url\":\"https:\\\/\\\/madabouthorror.co.uk\\\/product\\\/confession-mask\\\/\",\"name\":\"Confession Mask - PUMPKIN PULP | Mad About Horror\",\"isPartOf\":{\"@id\":\"https:\\\/\\\/madabouthorror.co.uk\\\/#website\"},\"primaryImageOfPage\":{\"@id\":\"https:\\\/\\\/madabouthorror.co.uk\\\/product\\\/confession-mask\\\/#primaryimage\"},\"image\":{\"@id\":\"https:\\\/\\\/madabouthorror.co.uk\\\/product\\\/confession-mask\\\/#primaryimage\"},\"thumbnailUrl\":\"https:\\\/\\\/madabouthorror.co.uk\\\/wp-content\\\/uploads\\\/2020\\\/03\\\/pumpkin_pulp_confession_mask_1.jpg\",\"datePublished\":\"2020-03-26T15:29:22+00:00\",\"dateModified\":\"2026-03-02T16:01:07+00:00\",\"description\":\"Confession Witch Mask - PUMPKIN PULP | Professional supplier of Horror props and masks, Mad About Horror\",\"breadcrumb\":{\"@id\":\"https:\\\/\\\/madabouthorror.co.uk\\\/product\\\/confession-mask\\\/#breadcrumb\"},\"inLanguage\":\"de\",\"potentialAction\":[{\"@type\":\"ReadAction\",\"target\":[\"https:\\\/\\\/madabouthorror.co.uk\\\/product\\\/confession-mask\\\/\"]}]},{\"@type\":\"ImageObject\",\"inLanguage\":\"de\",\"@id\":\"https:\\\/\\\/madabouthorror.co.uk\\\/product\\\/confession-mask\\\/#primaryimage\",\"url\":\"https:\\\/\\\/madabouthorror.co.uk\\\/wp-content\\\/uploads\\\/2020\\\/03\\\/pumpkin_pulp_confession_mask_1.jpg\",\"contentUrl\":\"https:\\\/\\\/madabouthorror.co.uk\\\/wp-content\\\/uploads\\\/2020\\\/03\\\/pumpkin_pulp_confession_mask_1.jpg\",\"width\":1000,\"height\":1000,\"caption\":\"Confession Mask -0\"},{\"@type\":\"BreadcrumbList\",\"@id\":\"https:\\\/\\\/madabouthorror.co.uk\\\/product\\\/confession-mask\\\/#breadcrumb\",\"itemListElement\":[{\"@type\":\"ListItem\",\"position\":1,\"name\":\"Shop\",\"item\":\"https:\\\/\\\/madabouthorror.co.uk\\\/shop\\\/\"},{\"@type\":\"ListItem\",\"position\":2,\"name\":\"Confession Mask\"}]},{\"@type\":\"WebSite\",\"@id\":\"https:\\\/\\\/madabouthorror.co.uk\\\/#website\",\"url\":\"https:\\\/\\\/madabouthorror.co.uk\\\/\",\"name\":\"Mad About Horror\",\"description\":\"\",\"publisher\":{\"@id\":\"https:\\\/\\\/madabouthorror.co.uk\\\/#organization\"},\"alternateName\":\"Mad About Horror Limited\",\"potentialAction\":[{\"@type\":\"SearchAction\",\"target\":{\"@type\":\"EntryPoint\",\"urlTemplate\":\"https:\\\/\\\/madabouthorror.co.uk\\\/?s={search_term_string}\"},\"query-input\":{\"@type\":\"PropertyValueSpecification\",\"valueRequired\":true,\"valueName\":\"search_term_string\"}}],\"inLanguage\":\"de\"},{\"@type\":\"Organization\",\"@id\":\"https:\\\/\\\/madabouthorror.co.uk\\\/#organization\",\"name\":\"Mad About Horror\",\"url\":\"https:\\\/\\\/madabouthorror.co.uk\\\/\",\"logo\":{\"@type\":\"ImageObject\",\"inLanguage\":\"de\",\"@id\":\"https:\\\/\\\/madabouthorror.co.uk\\\/#\\\/schema\\\/logo\\\/image\\\/\",\"url\":\"https:\\\/\\\/madabouthorror.co.uk\\\/wp-content\\\/uploads\\\/2024\\\/02\\\/cropped-Logo.png\",\"contentUrl\":\"https:\\\/\\\/madabouthorror.co.uk\\\/wp-content\\\/uploads\\\/2024\\\/02\\\/cropped-Logo.png\",\"width\":240,\"height\":88,\"caption\":\"Mad About Horror\"},\"image\":{\"@id\":\"https:\\\/\\\/madabouthorror.co.uk\\\/#\\\/schema\\\/logo\\\/image\\\/\"},\"sameAs\":[\"https:\\\/\\\/www.facebook.com\\\/madabouthorror\\\/\",\"https:\\\/\\\/www.instagram.com\\\/madabouthorror\\\/\",\"https:\\\/\\\/www.pinterest.co.uk\\\/madabouthorror\\\/\",\"https:\\\/\\\/www.youtube.com\\\/channel\\\/UCBooLOIxjoQ89dj6T5lWm_w\",\"https:\\\/\\\/www.tiktok.com\\\/@weremadabouthorror\"]}]}<\/script>\n<!-- \/ Yoast SEO plugin. -->","yoast_head_json":{"title":"Beichtmaske - PUMPKIN PULP | Mad About Horror","description":"Gest\u00e4ndnis-Hexenmaske - PUMPKIN PULP | Professioneller Anbieter von Horror-Requisiten und Masken, Mad About Horror","robots":{"index":"index","follow":"follow","max-snippet":"max-snippet:-1","max-image-preview":"max-image-preview:large","max-video-preview":"max-video-preview:-1"},"canonical":"https:\/\/madabouthorror.co.uk\/de\/product\/confession-mask\/","og_locale":"de_DE","og_type":"article","og_title":"Confession Mask - PUMPKIN PULP | Mad About Horror","og_description":"Confession Witch Mask - PUMPKIN PULP | Professional supplier of Horror props and masks, Mad About Horror","og_url":"https:\/\/madabouthorror.co.uk\/de\/product\/confession-mask\/","og_site_name":"Mad About Horror","article_publisher":"https:\/\/www.facebook.com\/madabouthorror\/","article_modified_time":"2026-03-02T16:01:07+00:00","og_image":[{"width":1000,"height":1000,"url":"https:\/\/madabouthorror.co.uk\/wp-content\/uploads\/2020\/03\/pumpkin_pulp_confession_mask_1.jpg","type":"image\/jpeg"}],"twitter_card":"summary_large_image","twitter_misc":{"Gesch\u00e4tzte Lesezeit":"1\u00a0Minute"},"schema":{"@context":"https:\/\/schema.org","@graph":[{"@type":["WebPage","ItemPage"],"@id":"https:\/\/madabouthorror.co.uk\/product\/confession-mask\/","url":"https:\/\/madabouthorror.co.uk\/product\/confession-mask\/","name":"Beichtmaske - PUMPKIN PULP | Mad About Horror","isPartOf":{"@id":"https:\/\/madabouthorror.co.uk\/#website"},"primaryImageOfPage":{"@id":"https:\/\/madabouthorror.co.uk\/product\/confession-mask\/#primaryimage"},"image":{"@id":"https:\/\/madabouthorror.co.uk\/product\/confession-mask\/#primaryimage"},"thumbnailUrl":"https:\/\/madabouthorror.co.uk\/wp-content\/uploads\/2020\/03\/pumpkin_pulp_confession_mask_1.jpg","datePublished":"2020-03-26T15:29:22+00:00","dateModified":"2026-03-02T16:01:07+00:00","description":"Gest\u00e4ndnis-Hexenmaske - PUMPKIN PULP | Professioneller Anbieter von Horror-Requisiten und Masken, Mad About Horror","breadcrumb":{"@id":"https:\/\/madabouthorror.co.uk\/product\/confession-mask\/#breadcrumb"},"inLanguage":"de","potentialAction":[{"@type":"ReadAction","target":["https:\/\/madabouthorror.co.uk\/product\/confession-mask\/"]}]},{"@type":"ImageObject","inLanguage":"de","@id":"https:\/\/madabouthorror.co.uk\/product\/confession-mask\/#primaryimage","url":"https:\/\/madabouthorror.co.uk\/wp-content\/uploads\/2020\/03\/pumpkin_pulp_confession_mask_1.jpg","contentUrl":"https:\/\/madabouthorror.co.uk\/wp-content\/uploads\/2020\/03\/pumpkin_pulp_confession_mask_1.jpg","width":1000,"height":1000,"caption":"Confession Mask -0"},{"@type":"BreadcrumbList","@id":"https:\/\/madabouthorror.co.uk\/product\/confession-mask\/#breadcrumb","itemListElement":[{"@type":"ListItem","position":1,"name":"Shop","item":"https:\/\/madabouthorror.co.uk\/shop\/"},{"@type":"ListItem","position":2,"name":"Confession Mask"}]},{"@type":"WebSite","@id":"https:\/\/madabouthorror.co.uk\/#website","url":"https:\/\/madabouthorror.co.uk\/","name":"Verr\u00fcckt nach Horror","description":"","publisher":{"@id":"https:\/\/madabouthorror.co.uk\/#organization"},"alternateName":"Mad About Horror Limited","potentialAction":[{"@type":"SearchAction","target":{"@type":"EntryPoint","urlTemplate":"https:\/\/madabouthorror.co.uk\/?s={search_term_string}"},"query-input":{"@type":"PropertyValueSpecification","valueRequired":true,"valueName":"search_term_string"}}],"inLanguage":"de"},{"@type":"Organization","@id":"https:\/\/madabouthorror.co.uk\/#organization","name":"Verr\u00fcckt nach Horror","url":"https:\/\/madabouthorror.co.uk\/","logo":{"@type":"ImageObject","inLanguage":"de","@id":"https:\/\/madabouthorror.co.uk\/#\/schema\/logo\/image\/","url":"https:\/\/madabouthorror.co.uk\/wp-content\/uploads\/2024\/02\/cropped-Logo.png","contentUrl":"https:\/\/madabouthorror.co.uk\/wp-content\/uploads\/2024\/02\/cropped-Logo.png","width":240,"height":88,"caption":"Mad About Horror"},"image":{"@id":"https:\/\/madabouthorror.co.uk\/#\/schema\/logo\/image\/"},"sameAs":["https:\/\/www.facebook.com\/madabouthorror\/","https:\/\/www.instagram.com\/madabouthorror\/","https:\/\/www.pinterest.co.uk\/madabouthorror\/","https:\/\/www.youtube.com\/channel\/UCBooLOIxjoQ89dj6T5lWm_w","https:\/\/www.tiktok.com\/@weremadabouthorror"]}]}},"df_price":230,"df_sale_price":"","df_regular_price":230,"df_image_link":"https:\/\/madabouthorror.co.uk\/wp-content\/uploads\/2020\/03\/pumpkin_pulp_confession_mask_1-300x300.jpg","_links":{"self":[{"href":"https:\/\/madabouthorror.co.uk\/de\/wp-json\/wp\/v2\/product\/44333","targetHints":{"allow":["GET"]}}],"collection":[{"href":"https:\/\/madabouthorror.co.uk\/de\/wp-json\/wp\/v2\/product"}],"about":[{"href":"https:\/\/madabouthorror.co.uk\/de\/wp-json\/wp\/v2\/types\/product"}],"replies":[{"embeddable":true,"href":"https:\/\/madabouthorror.co.uk\/de\/wp-json\/wp\/v2\/comments?post=44333"}],"wp:featuredmedia":[{"embeddable":true,"href":"https:\/\/madabouthorror.co.uk\/de\/wp-json\/wp\/v2\/media\/44326"}],"wp:attachment":[{"href":"https:\/\/madabouthorror.co.uk\/de\/wp-json\/wp\/v2\/media?parent=44333"}],"wp:term":[{"taxonomy":"product_brand","embeddable":true,"href":"https:\/\/madabouthorror.co.uk\/de\/wp-json\/wp\/v2\/product_brand?post=44333"},{"taxonomy":"product_cat","embeddable":true,"href":"https:\/\/madabouthorror.co.uk\/de\/wp-json\/wp\/v2\/product_cat?post=44333"},{"taxonomy":"product_tag","embeddable":true,"href":"https:\/\/madabouthorror.co.uk\/de\/wp-json\/wp\/v2\/product_tag?post=44333"}],"curies":[{"name":"wp","href":"https:\/\/api.w.org\/{rel}","templated":true}]}}