{"id":44406,"date":"2023-02-22T17:01:14","date_gmt":"2023-02-22T17:01:14","guid":{"rendered":"https:\/\/mah.6bdv.ws\/?post_type=product&#038;p=44406"},"modified":"2026-04-29T15:42:24","modified_gmt":"2026-04-29T14:42:24","slug":"animated-forest-dragon","status":"publish","type":"product","link":"https:\/\/madabouthorror.co.uk\/de\/product\/animated-forest-dragon\/","title":{"rendered":"Animierter Walddrache"},"content":{"rendered":"<p>Vorsicht, der Winter ist da \u2013 und er scheint hungrig! Der Forest Dragon-Animatronic ist eine pr\u00e4chtige, 2,13 Meter hohe animierte Figur mit einem Kopf, Hals, Brust und Beinen aus geformtem Kunststoff sowie passenden Fl\u00fcgeln aus Stoff. Seine Fl\u00fcgel schlagen hin und her, sein Kopf dreht sich von Seite zu Seite, seine unheilvoll goldenen Augen leuchten und wenn er an Ihre Nebelmaschine angeschlossen ist, spr\u00fcht Nebel aus seinem Maul, w\u00e4hrend er br\u00fcllt!<\/p>\n<p>Bestelle noch heute diesen furchterregenden Wald-Drachen-Animatronic f\u00fcr deine Halloween-Pl\u00e4ne in diesem Jahr!<\/p>\n<p>Artikel beinhaltet Lautst\u00e4rkeregelung. Leicht zu montierender Schnellverschluss-Metallrahmen. Montage ist erforderlich. Ma\u00dfe ca. 213 cm hoch, 228 cm Spannweite und 61 cm tief<\/p>\n<p><b>Wird mit einem UK-Netzadapter geliefert<\/b>. <i>Verwenden Sie nur den mitgelieferten Netzadapter, da falsche Netzadapter Sch\u00e4den verursachen k\u00f6nnen.<\/i><\/p>\n<div>\n<div><b>F\u00fcr die \u00fcberdachte Veranda oder f\u00fcr den Innenbereich.<\/b> <i>Bei Verwendung im Freien vor Witterungseinfl\u00fcssen sch\u00fctzen und nicht \u00fcber einen l\u00e4ngeren Zeitraum im Freien stehen lassen.<\/i><\/div>\n<div><\/div>\n<div><b>Bitte beachten:<\/b><i> Diese Requisiten sind nicht f\u00fcr den intensiven kommerziellen Gebrauch geeignet, d. h. sie sollten nicht \u00fcber l\u00e4ngere Zeitr\u00e4ume, z. B. tagelang, betrieben werden. Sie sind f\u00fcr die Verwendung an Halloween gedacht. Wenn Sie Fragen dazu haben, fragen Sie bitte.<\/i><\/div>\n<\/div>\n<p><strong>BITTE BEACHTEN SIE, DASS EINE NEBELMASCHINE BEN\u00d6TIGT WIRD, DAMIT DER DRACHE RAUCH SPUCKEN KANN. DIESE IST NICHT IM LIEFERUMFANG ENTHALTEN UND IST <span style=\"text-decoration: underline;\">NICHT<\/span> ZU KAUFEN BEI MAD ABOUT HORROR. <\/strong><\/p>\n<p><i>Nachstehend finden Sie Hinweise zu den erforderlichen Nebelmaschinen.<\/i><\/p>\n<p>Eine Nebelmaschine kann mit Hilfe des mitgelieferten Nebelschlauchs und des Ausl\u00f6seadapters an der St\u00fctze befestigt werden, MUSS aber die folgenden Kriterien erf\u00fcllen.<\/p>\n<ul>\n<li>Maximal 400Watt Leistung.<\/li>\n<li>Ausgangsd\u00fcsen-Durchmesser 40mm oder 44mm (der Nebelschlauch hat einen abnehmbaren Innenkragen)<\/li>\n<li>Triggereingang mit IEC-Stecker (Kettle-Typ-Stecker).<\/li>\n<\/ul>\n<p>Die Nebelmaschine MUSS im getriggerten Modus mit dem mitgelieferten Trigger-Adapterkabel betrieben werden.<\/p>\n<p>Die Nebelmaschine DARF NICHT im Dauerbetrieb verwendet werden, da dies zu einer \u00fcberm\u00e4\u00dfigen W\u00e4rmeentwicklung am Anschlussst\u00fcck des Nebelschlauchs f\u00fchren kann.<\/p>\n<div><\/div>\n<p>&nbsp;<\/p>","protected":false},"excerpt":{"rendered":"<p>Vorsicht, der Winter ist da \u2013 und er sieht hungrig aus! Der animatronische Wald-Drache ist eine pr\u00e4chtige, 2,13 Meter gro\u00dfe animierte Figur mit einem Kopf, Hals, Brust und Beinen aus geformtem Kunststoff sowie passenden, drapierten Stofffl\u00fcgeln. Seine Fl\u00fcgel schlagen hin und her, sein Kopf dreht sich von Seite zu Seite, seine unheimlichen goldenen Augen leuchten auf und wenn er an Ihre Nebelmaschine angeschlossen ist, spr\u00fcht Nebel [\u2026]<\/p>","protected":false},"featured_media":564698,"comment_status":"closed","ping_status":"closed","template":"","meta":{"_acf_changed":false},"product_brand":[],"product_cat":[10068,10131,10158,10108,10034,10093,10094,6550,6547,6963,7051,7053],"product_tag":[],"class_list":{"0":"post-44406","1":"product","2":"type-product","3":"status-publish","4":"has-post-thumbnail","6":"product_cat-halloween-decorations-2025","7":"product_cat-halloween-gifts","8":"product_cat-in-stock-animatronics","9":"product_cat-light-up-halloween-decorations","10":"product_cat-family-friendly","11":"product_cat-indoor-halloween-decorations","12":"product_cat-outdoor-halloween-decorations","13":"product_cat-graveyard-decorations","14":"product_cat-decorations","15":"product_cat-animatronics","16":"product_cat-graveyard-animatronics","17":"product_cat-animated-props-zombies","18":"product_shipping_class-eu-bulky-prop","20":"first","21":"instock","22":"taxable","23":"shipping-taxable","24":"purchasable","25":"product-type-simple"},"supplier_id":467908,"supplier_sku":"MR124633","barcode":"842445130559","atum_controlled":true,"out_stock_date":null,"out_stock_threshold":null,"inheritable":false,"inbound_stock":13,"stock_on_hold":0,"sold_today":0,"sales_last_days":0,"reserved_stock":0,"customer_returns":0,"warehouse_damage":0,"lost_in_post":0,"other_logs":0,"out_stock_days":0,"lost_sales":0,"has_location":false,"update_date":"2026-04-30T01:26:55","atum_locations":[],"atum_stock_status":"instock","restock_status":false,"low_stock_amount":"","sales_update_date":"2026-04-30T01:26:53","calc_backorders":null,"acf":[],"yoast_head":"<!-- This site is optimized with the Yoast SEO plugin v27.5 - https:\/\/yoast.com\/product\/yoast-seo-wordpress\/ -->\n<title>Animated Forest Dragon - Halloween Decorations<\/title>\n<meta name=\"description\" content=\"Huge Animatronic Forest Dragon for Halloween. Browse our website for the best range of Halloween props. UK stock, fast delivery from Mad About Horror.\" \/>\n<meta name=\"robots\" content=\"index, follow, max-snippet:-1, max-image-preview:large, max-video-preview:-1\" \/>\n<link rel=\"canonical\" href=\"https:\/\/madabouthorror.co.uk\/de\/product\/animated-forest-dragon\/\" \/>\n<meta property=\"og:locale\" content=\"de_DE\" \/>\n<meta property=\"og:type\" content=\"article\" \/>\n<meta property=\"og:title\" content=\"Animated Forest Dragon - Halloween Decorations\" \/>\n<meta property=\"og:description\" content=\"Huge Animatronic Forest Dragon for Halloween. Browse our website for the best range of Halloween props. UK stock, fast delivery from Mad About Horror.\" \/>\n<meta property=\"og:url\" content=\"https:\/\/madabouthorror.co.uk\/de\/product\/animated-forest-dragon\/\" \/>\n<meta property=\"og:site_name\" content=\"Mad About Horror\" \/>\n<meta property=\"article:publisher\" content=\"https:\/\/www.facebook.com\/madabouthorror\/\" \/>\n<meta property=\"article:modified_time\" content=\"2026-04-29T14:42:24+00:00\" \/>\n<meta property=\"og:image\" content=\"https:\/\/madabouthorror.co.uk\/wp-content\/uploads\/2023\/02\/animated-7-ft-dark-forest-dragonmr124633-a01.jpeg\" \/>\n\t<meta property=\"og:image:width\" content=\"1500\" \/>\n\t<meta property=\"og:image:height\" content=\"1500\" \/>\n\t<meta property=\"og:image:type\" content=\"image\/jpeg\" \/>\n<meta name=\"twitter:card\" content=\"summary_large_image\" \/>\n<meta name=\"twitter:label1\" content=\"Gesch\u00e4tzte Lesezeit\" \/>\n\t<meta name=\"twitter:data1\" content=\"2\u00a0Minuten\" \/>\n<script type=\"application\/ld+json\" class=\"yoast-schema-graph\">{\"@context\":\"https:\\\/\\\/schema.org\",\"@graph\":[{\"@type\":[\"WebPage\",\"ItemPage\"],\"@id\":\"https:\\\/\\\/madabouthorror.co.uk\\\/product\\\/animated-forest-dragon\\\/\",\"url\":\"https:\\\/\\\/madabouthorror.co.uk\\\/product\\\/animated-forest-dragon\\\/\",\"name\":\"Animated Forest Dragon - Halloween Decorations\",\"isPartOf\":{\"@id\":\"https:\\\/\\\/madabouthorror.co.uk\\\/#website\"},\"primaryImageOfPage\":{\"@id\":\"https:\\\/\\\/madabouthorror.co.uk\\\/product\\\/animated-forest-dragon\\\/#primaryimage\"},\"image\":{\"@id\":\"https:\\\/\\\/madabouthorror.co.uk\\\/product\\\/animated-forest-dragon\\\/#primaryimage\"},\"thumbnailUrl\":\"https:\\\/\\\/madabouthorror.co.uk\\\/wp-content\\\/uploads\\\/2023\\\/02\\\/animated-7-ft-dark-forest-dragonmr124633-a01.jpeg\",\"datePublished\":\"2023-02-22T17:01:14+00:00\",\"dateModified\":\"2026-04-29T14:42:24+00:00\",\"description\":\"Huge Animatronic Forest Dragon for Halloween. Browse our website for the best range of Halloween props. UK stock, fast delivery from Mad About Horror.\",\"breadcrumb\":{\"@id\":\"https:\\\/\\\/madabouthorror.co.uk\\\/product\\\/animated-forest-dragon\\\/#breadcrumb\"},\"inLanguage\":\"de\",\"potentialAction\":[{\"@type\":\"ReadAction\",\"target\":[\"https:\\\/\\\/madabouthorror.co.uk\\\/product\\\/animated-forest-dragon\\\/\"]}]},{\"@type\":\"ImageObject\",\"inLanguage\":\"de\",\"@id\":\"https:\\\/\\\/madabouthorror.co.uk\\\/product\\\/animated-forest-dragon\\\/#primaryimage\",\"url\":\"https:\\\/\\\/madabouthorror.co.uk\\\/wp-content\\\/uploads\\\/2023\\\/02\\\/animated-7-ft-dark-forest-dragonmr124633-a01.jpeg\",\"contentUrl\":\"https:\\\/\\\/madabouthorror.co.uk\\\/wp-content\\\/uploads\\\/2023\\\/02\\\/animated-7-ft-dark-forest-dragonmr124633-a01.jpeg\",\"width\":1500,\"height\":1500,\"caption\":\"Animated Forest Dragon\"},{\"@type\":\"BreadcrumbList\",\"@id\":\"https:\\\/\\\/madabouthorror.co.uk\\\/product\\\/animated-forest-dragon\\\/#breadcrumb\",\"itemListElement\":[{\"@type\":\"ListItem\",\"position\":1,\"name\":\"Shop\",\"item\":\"https:\\\/\\\/madabouthorror.co.uk\\\/shop\\\/\"},{\"@type\":\"ListItem\",\"position\":2,\"name\":\"Animated Forest Dragon\"}]},{\"@type\":\"WebSite\",\"@id\":\"https:\\\/\\\/madabouthorror.co.uk\\\/#website\",\"url\":\"https:\\\/\\\/madabouthorror.co.uk\\\/\",\"name\":\"Mad About Horror\",\"description\":\"\",\"publisher\":{\"@id\":\"https:\\\/\\\/madabouthorror.co.uk\\\/#organization\"},\"alternateName\":\"Mad About Horror Limited\",\"potentialAction\":[{\"@type\":\"SearchAction\",\"target\":{\"@type\":\"EntryPoint\",\"urlTemplate\":\"https:\\\/\\\/madabouthorror.co.uk\\\/?s={search_term_string}\"},\"query-input\":{\"@type\":\"PropertyValueSpecification\",\"valueRequired\":true,\"valueName\":\"search_term_string\"}}],\"inLanguage\":\"de\"},{\"@type\":\"Organization\",\"@id\":\"https:\\\/\\\/madabouthorror.co.uk\\\/#organization\",\"name\":\"Mad About Horror\",\"url\":\"https:\\\/\\\/madabouthorror.co.uk\\\/\",\"logo\":{\"@type\":\"ImageObject\",\"inLanguage\":\"de\",\"@id\":\"https:\\\/\\\/madabouthorror.co.uk\\\/#\\\/schema\\\/logo\\\/image\\\/\",\"url\":\"https:\\\/\\\/madabouthorror.co.uk\\\/wp-content\\\/uploads\\\/2024\\\/02\\\/cropped-Logo.png\",\"contentUrl\":\"https:\\\/\\\/madabouthorror.co.uk\\\/wp-content\\\/uploads\\\/2024\\\/02\\\/cropped-Logo.png\",\"width\":240,\"height\":88,\"caption\":\"Mad About Horror\"},\"image\":{\"@id\":\"https:\\\/\\\/madabouthorror.co.uk\\\/#\\\/schema\\\/logo\\\/image\\\/\"},\"sameAs\":[\"https:\\\/\\\/www.facebook.com\\\/madabouthorror\\\/\",\"https:\\\/\\\/www.instagram.com\\\/madabouthorror\\\/\",\"https:\\\/\\\/www.pinterest.co.uk\\\/madabouthorror\\\/\",\"https:\\\/\\\/www.youtube.com\\\/channel\\\/UCBooLOIxjoQ89dj6T5lWm_w\",\"https:\\\/\\\/www.tiktok.com\\\/@weremadabouthorror\"]}]}<\/script>\n<!-- \/ Yoast SEO plugin. -->","yoast_head_json":{"title":"Animierter Wald-Drache - Halloween Dekorationen","description":"Riesiger animatronischer Wald Drache f\u00fcr Halloween. Besuchen Sie unsere Website f\u00fcr die beste Auswahl an Halloween-Requisiten. UK-Lagerbestand, schnelle Lieferung von Mad About Horror.","robots":{"index":"index","follow":"follow","max-snippet":"max-snippet:-1","max-image-preview":"max-image-preview:large","max-video-preview":"max-video-preview:-1"},"canonical":"https:\/\/madabouthorror.co.uk\/de\/product\/animated-forest-dragon\/","og_locale":"de_DE","og_type":"article","og_title":"Animated Forest Dragon - Halloween Decorations","og_description":"Huge Animatronic Forest Dragon for Halloween. Browse our website for the best range of Halloween props. UK stock, fast delivery from Mad About Horror.","og_url":"https:\/\/madabouthorror.co.uk\/de\/product\/animated-forest-dragon\/","og_site_name":"Mad About Horror","article_publisher":"https:\/\/www.facebook.com\/madabouthorror\/","article_modified_time":"2026-04-29T14:42:24+00:00","og_image":[{"width":1500,"height":1500,"url":"https:\/\/madabouthorror.co.uk\/wp-content\/uploads\/2023\/02\/animated-7-ft-dark-forest-dragonmr124633-a01.jpeg","type":"image\/jpeg"}],"twitter_card":"summary_large_image","twitter_misc":{"Gesch\u00e4tzte Lesezeit":"2\u00a0Minuten"},"schema":{"@context":"https:\/\/schema.org","@graph":[{"@type":["WebPage","ItemPage"],"@id":"https:\/\/madabouthorror.co.uk\/product\/animated-forest-dragon\/","url":"https:\/\/madabouthorror.co.uk\/product\/animated-forest-dragon\/","name":"Animierter Wald-Drache - Halloween Dekorationen","isPartOf":{"@id":"https:\/\/madabouthorror.co.uk\/#website"},"primaryImageOfPage":{"@id":"https:\/\/madabouthorror.co.uk\/product\/animated-forest-dragon\/#primaryimage"},"image":{"@id":"https:\/\/madabouthorror.co.uk\/product\/animated-forest-dragon\/#primaryimage"},"thumbnailUrl":"https:\/\/madabouthorror.co.uk\/wp-content\/uploads\/2023\/02\/animated-7-ft-dark-forest-dragonmr124633-a01.jpeg","datePublished":"2023-02-22T17:01:14+00:00","dateModified":"2026-04-29T14:42:24+00:00","description":"Riesiger animatronischer Wald Drache f\u00fcr Halloween. Besuchen Sie unsere Website f\u00fcr die beste Auswahl an Halloween-Requisiten. UK-Lagerbestand, schnelle Lieferung von Mad About Horror.","breadcrumb":{"@id":"https:\/\/madabouthorror.co.uk\/product\/animated-forest-dragon\/#breadcrumb"},"inLanguage":"de","potentialAction":[{"@type":"ReadAction","target":["https:\/\/madabouthorror.co.uk\/product\/animated-forest-dragon\/"]}]},{"@type":"ImageObject","inLanguage":"de","@id":"https:\/\/madabouthorror.co.uk\/product\/animated-forest-dragon\/#primaryimage","url":"https:\/\/madabouthorror.co.uk\/wp-content\/uploads\/2023\/02\/animated-7-ft-dark-forest-dragonmr124633-a01.jpeg","contentUrl":"https:\/\/madabouthorror.co.uk\/wp-content\/uploads\/2023\/02\/animated-7-ft-dark-forest-dragonmr124633-a01.jpeg","width":1500,"height":1500,"caption":"Animated Forest Dragon"},{"@type":"BreadcrumbList","@id":"https:\/\/madabouthorror.co.uk\/product\/animated-forest-dragon\/#breadcrumb","itemListElement":[{"@type":"ListItem","position":1,"name":"Shop","item":"https:\/\/madabouthorror.co.uk\/shop\/"},{"@type":"ListItem","position":2,"name":"Animated Forest Dragon"}]},{"@type":"WebSite","@id":"https:\/\/madabouthorror.co.uk\/#website","url":"https:\/\/madabouthorror.co.uk\/","name":"Verr\u00fcckt nach Horror","description":"","publisher":{"@id":"https:\/\/madabouthorror.co.uk\/#organization"},"alternateName":"Mad About Horror Limited","potentialAction":[{"@type":"SearchAction","target":{"@type":"EntryPoint","urlTemplate":"https:\/\/madabouthorror.co.uk\/?s={search_term_string}"},"query-input":{"@type":"PropertyValueSpecification","valueRequired":true,"valueName":"search_term_string"}}],"inLanguage":"de"},{"@type":"Organization","@id":"https:\/\/madabouthorror.co.uk\/#organization","name":"Verr\u00fcckt nach Horror","url":"https:\/\/madabouthorror.co.uk\/","logo":{"@type":"ImageObject","inLanguage":"de","@id":"https:\/\/madabouthorror.co.uk\/#\/schema\/logo\/image\/","url":"https:\/\/madabouthorror.co.uk\/wp-content\/uploads\/2024\/02\/cropped-Logo.png","contentUrl":"https:\/\/madabouthorror.co.uk\/wp-content\/uploads\/2024\/02\/cropped-Logo.png","width":240,"height":88,"caption":"Mad About Horror"},"image":{"@id":"https:\/\/madabouthorror.co.uk\/#\/schema\/logo\/image\/"},"sameAs":["https:\/\/www.facebook.com\/madabouthorror\/","https:\/\/www.instagram.com\/madabouthorror\/","https:\/\/www.pinterest.co.uk\/madabouthorror\/","https:\/\/www.youtube.com\/channel\/UCBooLOIxjoQ89dj6T5lWm_w","https:\/\/www.tiktok.com\/@weremadabouthorror"]}]}},"df_price":599.95,"df_sale_price":"","df_regular_price":599.95,"df_image_link":"https:\/\/madabouthorror.co.uk\/wp-content\/uploads\/2023\/02\/animated-7-ft-dark-forest-dragonmr124633-a01-300x300.jpeg","_links":{"self":[{"href":"https:\/\/madabouthorror.co.uk\/de\/wp-json\/wp\/v2\/product\/44406","targetHints":{"allow":["GET"]}}],"collection":[{"href":"https:\/\/madabouthorror.co.uk\/de\/wp-json\/wp\/v2\/product"}],"about":[{"href":"https:\/\/madabouthorror.co.uk\/de\/wp-json\/wp\/v2\/types\/product"}],"replies":[{"embeddable":true,"href":"https:\/\/madabouthorror.co.uk\/de\/wp-json\/wp\/v2\/comments?post=44406"}],"wp:featuredmedia":[{"embeddable":true,"href":"https:\/\/madabouthorror.co.uk\/de\/wp-json\/wp\/v2\/media\/564698"}],"wp:attachment":[{"href":"https:\/\/madabouthorror.co.uk\/de\/wp-json\/wp\/v2\/media?parent=44406"}],"wp:term":[{"taxonomy":"product_brand","embeddable":true,"href":"https:\/\/madabouthorror.co.uk\/de\/wp-json\/wp\/v2\/product_brand?post=44406"},{"taxonomy":"product_cat","embeddable":true,"href":"https:\/\/madabouthorror.co.uk\/de\/wp-json\/wp\/v2\/product_cat?post=44406"},{"taxonomy":"product_tag","embeddable":true,"href":"https:\/\/madabouthorror.co.uk\/de\/wp-json\/wp\/v2\/product_tag?post=44406"}],"curies":[{"name":"wp","href":"https:\/\/api.w.org\/{rel}","templated":true}]}}