{"id":44645,"date":"2020-05-09T16:22:03","date_gmt":"2020-05-09T15:22:03","guid":{"rendered":"https:\/\/mah.6bdv.ws\/product\/dawn-of-the-dead-airport-zombie-bust\/"},"modified":"2026-04-19T06:08:12","modified_gmt":"2026-04-19T05:08:12","slug":"dawn-of-the-dead-airport-zombie-bust","status":"publish","type":"product","link":"https:\/\/madabouthorror.co.uk\/de\/product\/dawn-of-the-dead-airport-zombie-bust\/","title":{"rendered":"Dawn of the Dead - Flughafen-Zombie-B\u00fcste"},"content":{"rendered":"<p>Erfasse die Essenz von George A. Romeros Zombie-Klassiker Dawn of the Dead mit der offiziellen Flughafen-Zombie-B\u00fcste von Trick or Treat Studios.<\/p>\n<p>Diese hochdetaillierte B\u00fcste ist vollst\u00e4ndig bemalt und vom Meisterb\u00fcstenbildhauer William Paquet modelliert. Diese unglaubliche B\u00fcste ist aus Resin und ist 9\u2033 gro\u00df und um das Ganze abzurunden, wird die Dawn of the Dead Airport Zombie B\u00fcste in einer sch\u00f6nen Sammlerbox geliefert, die die Kunstfertigkeit zeigt, die das Zombie-Genre definiert.<\/p>\n<p><em>\u00a9 1978 2018 New Amsterdam Ent\/MKR<\/em><\/p>","protected":false},"excerpt":{"rendered":"<p>Fangen Sie die Essenz von George A. Romeros Zombie-Klassiker Dawn of the Dead mit der offiziellen Airport Zombie-B\u00fcste von Trick or Treat Studios ein. Diese hochdetaillierte B\u00fcste ist vollst\u00e4ndig bemalt und vom Meisterb\u00fcstenbildhauer William Paquet modelliert. Diese unglaubliche B\u00fcste ist aus Harz gefertigt und ist 9\u2033 gro\u00df und um es zu toppen [...]<\/p>","protected":false},"featured_media":44637,"comment_status":"closed","ping_status":"closed","template":"","meta":{"_acf_changed":false},"product_brand":[],"product_cat":[10077,6537,10040,10038,6654,6792],"product_tag":[],"class_list":{"0":"post-44645","1":"product","2":"type-product","3":"status-publish","4":"has-post-thumbnail","6":"product_cat-statues-trick-or-treat-studios","7":"product_cat-collectibles","8":"product_cat-gifts-under-100","9":"product_cat-horror-gifts","10":"product_cat-dawn-of-the-dead","11":"product_cat-trick-or-treat-studios","13":"first","14":"instock","15":"taxable","16":"shipping-taxable","17":"purchasable","18":"product-type-simple"},"supplier_id":471029,"supplier_sku":"WPRL100-S1","barcode":"811501036296","atum_controlled":true,"out_stock_date":null,"out_stock_threshold":null,"inheritable":false,"inbound_stock":1,"stock_on_hold":0,"sold_today":0,"sales_last_days":1,"reserved_stock":0,"customer_returns":0,"warehouse_damage":0,"lost_in_post":0,"other_logs":0,"out_stock_days":0,"lost_sales":0,"has_location":false,"update_date":"2026-04-30T02:08:59","atum_locations":[],"atum_stock_status":"instock","restock_status":false,"low_stock_amount":2,"sales_update_date":"2026-04-30T02:08:58","calc_backorders":null,"acf":[],"yoast_head":"<!-- This site is optimized with the Yoast SEO plugin v27.5 - https:\/\/yoast.com\/product\/yoast-seo-wordpress\/ -->\n<title>Dawn of the Dead - Airport Zombie Bust - Mad About Horror<\/title>\n<meta name=\"description\" content=\"Officially licensed Dawn of the Dead - Airport Zombie Bust by Trick or Treat - Shop Horror collectibles and Halloween props. UK stockist\" \/>\n<meta name=\"robots\" content=\"index, follow, max-snippet:-1, max-image-preview:large, max-video-preview:-1\" \/>\n<link rel=\"canonical\" href=\"https:\/\/madabouthorror.co.uk\/de\/product\/dawn-of-the-dead-airport-zombie-bust\/\" \/>\n<meta property=\"og:locale\" content=\"de_DE\" \/>\n<meta property=\"og:type\" content=\"article\" \/>\n<meta property=\"og:title\" content=\"Dawn of the Dead - Airport Zombie Bust - Mad About Horror\" \/>\n<meta property=\"og:description\" content=\"Officially licensed Dawn of the Dead - Airport Zombie Bust by Trick or Treat - Shop Horror collectibles and Halloween props. UK stockist\" \/>\n<meta property=\"og:url\" content=\"https:\/\/madabouthorror.co.uk\/de\/product\/dawn-of-the-dead-airport-zombie-bust\/\" \/>\n<meta property=\"og:site_name\" content=\"Mad About Horror\" \/>\n<meta property=\"article:publisher\" content=\"https:\/\/www.facebook.com\/madabouthorror\/\" \/>\n<meta property=\"article:modified_time\" content=\"2026-04-19T05:08:12+00:00\" \/>\n<meta property=\"og:image\" content=\"https:\/\/madabouthorror.co.uk\/wp-content\/uploads\/2020\/05\/trick_or_treat_studios_dawn_of_the_dead_airport_zombie_bust.jpg\" \/>\n\t<meta property=\"og:image:width\" content=\"650\" \/>\n\t<meta property=\"og:image:height\" content=\"650\" \/>\n\t<meta property=\"og:image:type\" content=\"image\/jpeg\" \/>\n<meta name=\"twitter:card\" content=\"summary_large_image\" \/>\n<meta name=\"twitter:label1\" content=\"Gesch\u00e4tzte Lesezeit\" \/>\n\t<meta name=\"twitter:data1\" content=\"1\u00a0Minute\" \/>\n<script type=\"application\/ld+json\" class=\"yoast-schema-graph\">{\"@context\":\"https:\\\/\\\/schema.org\",\"@graph\":[{\"@type\":[\"WebPage\",\"ItemPage\"],\"@id\":\"https:\\\/\\\/madabouthorror.co.uk\\\/product\\\/dawn-of-the-dead-airport-zombie-bust\\\/\",\"url\":\"https:\\\/\\\/madabouthorror.co.uk\\\/product\\\/dawn-of-the-dead-airport-zombie-bust\\\/\",\"name\":\"Dawn of the Dead - Airport Zombie Bust - Mad About Horror\",\"isPartOf\":{\"@id\":\"https:\\\/\\\/madabouthorror.co.uk\\\/#website\"},\"primaryImageOfPage\":{\"@id\":\"https:\\\/\\\/madabouthorror.co.uk\\\/product\\\/dawn-of-the-dead-airport-zombie-bust\\\/#primaryimage\"},\"image\":{\"@id\":\"https:\\\/\\\/madabouthorror.co.uk\\\/product\\\/dawn-of-the-dead-airport-zombie-bust\\\/#primaryimage\"},\"thumbnailUrl\":\"https:\\\/\\\/madabouthorror.co.uk\\\/wp-content\\\/uploads\\\/2020\\\/05\\\/trick_or_treat_studios_dawn_of_the_dead_airport_zombie_bust.jpg\",\"datePublished\":\"2020-05-09T15:22:03+00:00\",\"dateModified\":\"2026-04-19T05:08:12+00:00\",\"description\":\"Officially licensed Dawn of the Dead - Airport Zombie Bust by Trick or Treat - Shop Horror collectibles and Halloween props. UK stockist\",\"breadcrumb\":{\"@id\":\"https:\\\/\\\/madabouthorror.co.uk\\\/product\\\/dawn-of-the-dead-airport-zombie-bust\\\/#breadcrumb\"},\"inLanguage\":\"de\",\"potentialAction\":[{\"@type\":\"ReadAction\",\"target\":[\"https:\\\/\\\/madabouthorror.co.uk\\\/product\\\/dawn-of-the-dead-airport-zombie-bust\\\/\"]}]},{\"@type\":\"ImageObject\",\"inLanguage\":\"de\",\"@id\":\"https:\\\/\\\/madabouthorror.co.uk\\\/product\\\/dawn-of-the-dead-airport-zombie-bust\\\/#primaryimage\",\"url\":\"https:\\\/\\\/madabouthorror.co.uk\\\/wp-content\\\/uploads\\\/2020\\\/05\\\/trick_or_treat_studios_dawn_of_the_dead_airport_zombie_bust.jpg\",\"contentUrl\":\"https:\\\/\\\/madabouthorror.co.uk\\\/wp-content\\\/uploads\\\/2020\\\/05\\\/trick_or_treat_studios_dawn_of_the_dead_airport_zombie_bust.jpg\",\"width\":650,\"height\":650,\"caption\":\"Trick or Treat Studios - Dawn of the Dead - Airport Zombie Bust\"},{\"@type\":\"BreadcrumbList\",\"@id\":\"https:\\\/\\\/madabouthorror.co.uk\\\/product\\\/dawn-of-the-dead-airport-zombie-bust\\\/#breadcrumb\",\"itemListElement\":[{\"@type\":\"ListItem\",\"position\":1,\"name\":\"Shop\",\"item\":\"https:\\\/\\\/madabouthorror.co.uk\\\/shop\\\/\"},{\"@type\":\"ListItem\",\"position\":2,\"name\":\"Dawn of the Dead &#8211; Airport Zombie Bust\"}]},{\"@type\":\"WebSite\",\"@id\":\"https:\\\/\\\/madabouthorror.co.uk\\\/#website\",\"url\":\"https:\\\/\\\/madabouthorror.co.uk\\\/\",\"name\":\"Mad About Horror\",\"description\":\"\",\"publisher\":{\"@id\":\"https:\\\/\\\/madabouthorror.co.uk\\\/#organization\"},\"alternateName\":\"Mad About Horror Limited\",\"potentialAction\":[{\"@type\":\"SearchAction\",\"target\":{\"@type\":\"EntryPoint\",\"urlTemplate\":\"https:\\\/\\\/madabouthorror.co.uk\\\/?s={search_term_string}\"},\"query-input\":{\"@type\":\"PropertyValueSpecification\",\"valueRequired\":true,\"valueName\":\"search_term_string\"}}],\"inLanguage\":\"de\"},{\"@type\":\"Organization\",\"@id\":\"https:\\\/\\\/madabouthorror.co.uk\\\/#organization\",\"name\":\"Mad About Horror\",\"url\":\"https:\\\/\\\/madabouthorror.co.uk\\\/\",\"logo\":{\"@type\":\"ImageObject\",\"inLanguage\":\"de\",\"@id\":\"https:\\\/\\\/madabouthorror.co.uk\\\/#\\\/schema\\\/logo\\\/image\\\/\",\"url\":\"https:\\\/\\\/madabouthorror.co.uk\\\/wp-content\\\/uploads\\\/2024\\\/02\\\/cropped-Logo.png\",\"contentUrl\":\"https:\\\/\\\/madabouthorror.co.uk\\\/wp-content\\\/uploads\\\/2024\\\/02\\\/cropped-Logo.png\",\"width\":240,\"height\":88,\"caption\":\"Mad About Horror\"},\"image\":{\"@id\":\"https:\\\/\\\/madabouthorror.co.uk\\\/#\\\/schema\\\/logo\\\/image\\\/\"},\"sameAs\":[\"https:\\\/\\\/www.facebook.com\\\/madabouthorror\\\/\",\"https:\\\/\\\/www.instagram.com\\\/madabouthorror\\\/\",\"https:\\\/\\\/www.pinterest.co.uk\\\/madabouthorror\\\/\",\"https:\\\/\\\/www.youtube.com\\\/channel\\\/UCBooLOIxjoQ89dj6T5lWm_w\",\"https:\\\/\\\/www.tiktok.com\\\/@weremadabouthorror\"]}]}<\/script>\n<!-- \/ Yoast SEO plugin. -->","yoast_head_json":{"title":"Dawn of the Dead - Flughafen-Zombie-B\u00fcste - Mad About Horror","description":"Offiziell lizenzierte Dawn of the Dead - Airport Zombie Bust von Trick or Treat - Shop Horror Sammlerst\u00fccke und Halloween Requisiten. UK-H\u00e4ndler","robots":{"index":"index","follow":"follow","max-snippet":"max-snippet:-1","max-image-preview":"max-image-preview:large","max-video-preview":"max-video-preview:-1"},"canonical":"https:\/\/madabouthorror.co.uk\/de\/product\/dawn-of-the-dead-airport-zombie-bust\/","og_locale":"de_DE","og_type":"article","og_title":"Dawn of the Dead - Airport Zombie Bust - Mad About Horror","og_description":"Officially licensed Dawn of the Dead - Airport Zombie Bust by Trick or Treat - Shop Horror collectibles and Halloween props. UK stockist","og_url":"https:\/\/madabouthorror.co.uk\/de\/product\/dawn-of-the-dead-airport-zombie-bust\/","og_site_name":"Mad About Horror","article_publisher":"https:\/\/www.facebook.com\/madabouthorror\/","article_modified_time":"2026-04-19T05:08:12+00:00","og_image":[{"width":650,"height":650,"url":"https:\/\/madabouthorror.co.uk\/wp-content\/uploads\/2020\/05\/trick_or_treat_studios_dawn_of_the_dead_airport_zombie_bust.jpg","type":"image\/jpeg"}],"twitter_card":"summary_large_image","twitter_misc":{"Gesch\u00e4tzte Lesezeit":"1\u00a0Minute"},"schema":{"@context":"https:\/\/schema.org","@graph":[{"@type":["WebPage","ItemPage"],"@id":"https:\/\/madabouthorror.co.uk\/product\/dawn-of-the-dead-airport-zombie-bust\/","url":"https:\/\/madabouthorror.co.uk\/product\/dawn-of-the-dead-airport-zombie-bust\/","name":"Dawn of the Dead - Flughafen-Zombie-B\u00fcste - Mad About Horror","isPartOf":{"@id":"https:\/\/madabouthorror.co.uk\/#website"},"primaryImageOfPage":{"@id":"https:\/\/madabouthorror.co.uk\/product\/dawn-of-the-dead-airport-zombie-bust\/#primaryimage"},"image":{"@id":"https:\/\/madabouthorror.co.uk\/product\/dawn-of-the-dead-airport-zombie-bust\/#primaryimage"},"thumbnailUrl":"https:\/\/madabouthorror.co.uk\/wp-content\/uploads\/2020\/05\/trick_or_treat_studios_dawn_of_the_dead_airport_zombie_bust.jpg","datePublished":"2020-05-09T15:22:03+00:00","dateModified":"2026-04-19T05:08:12+00:00","description":"Offiziell lizenzierte Dawn of the Dead - Airport Zombie Bust von Trick or Treat - Shop Horror Sammlerst\u00fccke und Halloween Requisiten. UK-H\u00e4ndler","breadcrumb":{"@id":"https:\/\/madabouthorror.co.uk\/product\/dawn-of-the-dead-airport-zombie-bust\/#breadcrumb"},"inLanguage":"de","potentialAction":[{"@type":"ReadAction","target":["https:\/\/madabouthorror.co.uk\/product\/dawn-of-the-dead-airport-zombie-bust\/"]}]},{"@type":"ImageObject","inLanguage":"de","@id":"https:\/\/madabouthorror.co.uk\/product\/dawn-of-the-dead-airport-zombie-bust\/#primaryimage","url":"https:\/\/madabouthorror.co.uk\/wp-content\/uploads\/2020\/05\/trick_or_treat_studios_dawn_of_the_dead_airport_zombie_bust.jpg","contentUrl":"https:\/\/madabouthorror.co.uk\/wp-content\/uploads\/2020\/05\/trick_or_treat_studios_dawn_of_the_dead_airport_zombie_bust.jpg","width":650,"height":650,"caption":"Trick or Treat Studios - Dawn of the Dead - Airport Zombie Bust"},{"@type":"BreadcrumbList","@id":"https:\/\/madabouthorror.co.uk\/product\/dawn-of-the-dead-airport-zombie-bust\/#breadcrumb","itemListElement":[{"@type":"ListItem","position":1,"name":"Shop","item":"https:\/\/madabouthorror.co.uk\/shop\/"},{"@type":"ListItem","position":2,"name":"Dawn of the Dead &#8211; Airport Zombie Bust"}]},{"@type":"WebSite","@id":"https:\/\/madabouthorror.co.uk\/#website","url":"https:\/\/madabouthorror.co.uk\/","name":"Verr\u00fcckt nach Horror","description":"","publisher":{"@id":"https:\/\/madabouthorror.co.uk\/#organization"},"alternateName":"Mad About Horror Limited","potentialAction":[{"@type":"SearchAction","target":{"@type":"EntryPoint","urlTemplate":"https:\/\/madabouthorror.co.uk\/?s={search_term_string}"},"query-input":{"@type":"PropertyValueSpecification","valueRequired":true,"valueName":"search_term_string"}}],"inLanguage":"de"},{"@type":"Organization","@id":"https:\/\/madabouthorror.co.uk\/#organization","name":"Verr\u00fcckt nach Horror","url":"https:\/\/madabouthorror.co.uk\/","logo":{"@type":"ImageObject","inLanguage":"de","@id":"https:\/\/madabouthorror.co.uk\/#\/schema\/logo\/image\/","url":"https:\/\/madabouthorror.co.uk\/wp-content\/uploads\/2024\/02\/cropped-Logo.png","contentUrl":"https:\/\/madabouthorror.co.uk\/wp-content\/uploads\/2024\/02\/cropped-Logo.png","width":240,"height":88,"caption":"Mad About Horror"},"image":{"@id":"https:\/\/madabouthorror.co.uk\/#\/schema\/logo\/image\/"},"sameAs":["https:\/\/www.facebook.com\/madabouthorror\/","https:\/\/www.instagram.com\/madabouthorror\/","https:\/\/www.pinterest.co.uk\/madabouthorror\/","https:\/\/www.youtube.com\/channel\/UCBooLOIxjoQ89dj6T5lWm_w","https:\/\/www.tiktok.com\/@weremadabouthorror"]}]}},"df_price":99.95,"df_sale_price":"","df_regular_price":99.95,"df_image_link":"https:\/\/madabouthorror.co.uk\/wp-content\/uploads\/2020\/05\/trick_or_treat_studios_dawn_of_the_dead_airport_zombie_bust-300x300.jpg","_links":{"self":[{"href":"https:\/\/madabouthorror.co.uk\/de\/wp-json\/wp\/v2\/product\/44645","targetHints":{"allow":["GET"]}}],"collection":[{"href":"https:\/\/madabouthorror.co.uk\/de\/wp-json\/wp\/v2\/product"}],"about":[{"href":"https:\/\/madabouthorror.co.uk\/de\/wp-json\/wp\/v2\/types\/product"}],"replies":[{"embeddable":true,"href":"https:\/\/madabouthorror.co.uk\/de\/wp-json\/wp\/v2\/comments?post=44645"}],"wp:featuredmedia":[{"embeddable":true,"href":"https:\/\/madabouthorror.co.uk\/de\/wp-json\/wp\/v2\/media\/44637"}],"wp:attachment":[{"href":"https:\/\/madabouthorror.co.uk\/de\/wp-json\/wp\/v2\/media?parent=44645"}],"wp:term":[{"taxonomy":"product_brand","embeddable":true,"href":"https:\/\/madabouthorror.co.uk\/de\/wp-json\/wp\/v2\/product_brand?post=44645"},{"taxonomy":"product_cat","embeddable":true,"href":"https:\/\/madabouthorror.co.uk\/de\/wp-json\/wp\/v2\/product_cat?post=44645"},{"taxonomy":"product_tag","embeddable":true,"href":"https:\/\/madabouthorror.co.uk\/de\/wp-json\/wp\/v2\/product_tag?post=44645"}],"curies":[{"name":"wp","href":"https:\/\/api.w.org\/{rel}","templated":true}]}}