{"id":44677,"date":"2020-05-09T17:29:31","date_gmt":"2020-05-09T16:29:31","guid":{"rendered":"https:\/\/mah.6bdv.ws\/product\/house-by-the-cemetery-dr-freudstein-bust\/"},"modified":"2026-04-20T13:42:35","modified_gmt":"2026-04-20T12:42:35","slug":"house-by-the-cemetery-dr-freudstein-bust","status":"publish","type":"product","link":"https:\/\/madabouthorror.co.uk\/de\/product\/house-by-the-cemetery-dr-freudstein-bust\/","title":{"rendered":"Haus am Friedhof - Dr. Freudstein-B\u00fcste"},"content":{"rendered":"<p>Wir pr\u00e4sentieren die offizielle Dr. Freudstein-B\u00fcste aus Lucio Fulcis klassischem Abschluss seiner Zombie-Trilogie, House by the Cemetery. Diese hochdetaillierte B\u00fcste wurde vom Meisterb\u00fcstenbildhauer William Paquet geschaffen und stellt die ikonische Figur des Dr. Freudstein aus dem Film dar.<\/p>\n<p>Mit einer H\u00f6he von 9\u2033 ist die vollst\u00e4ndig bemalte B\u00fcste aus Harz gefertigt und wird in einer sch\u00f6nen Sammlerbox geliefert. Bringen Sie die Essenz des italienischen Zombie-Kinos in Ihre Sammlung mit der House by the Cemetery Dr. Freudstein B\u00fcste - bestellen Sie sie noch heute!<\/p>\n<p><em>\u00a92020 Blue Underground, Inc. Alle Rechte vorbehalten.<\/em><\/p>","protected":false},"excerpt":{"rendered":"<p>Wir pr\u00e4sentieren die offizielle Dr. Freudstein-B\u00fcste aus Lucio Fulcis klassischem Abschluss seiner Zombie-Trilogie, House by the Cemetery. Geformt von Master Bust Sculptor William Paquet, f\u00e4ngt diese sehr detaillierte B\u00fcste den ikonischen Charakter von Dr. Freudstein aus dem Film. Stehend bei 9\u2033 hoch, ist die voll bemalte B\u00fcste aus Harz und kommt verpackt [...]<\/p>","protected":false},"featured_media":44667,"comment_status":"closed","ping_status":"closed","template":"","meta":{"_acf_changed":false},"product_brand":[],"product_cat":[10077,6537,7036,6792,6752],"product_tag":[],"class_list":{"0":"post-44677","1":"product","2":"type-product","3":"status-publish","4":"has-post-thumbnail","6":"product_cat-statues-trick-or-treat-studios","7":"product_cat-collectibles","8":"product_cat-ornaments","9":"product_cat-trick-or-treat-studios","10":"product_cat-housebythecemetery","12":"first","13":"outofstock","14":"taxable","15":"shipping-taxable","16":"purchasable","17":"product-type-simple"},"supplier_id":471029,"supplier_sku":"WPBU103","barcode":"811501036258","atum_controlled":true,"out_stock_date":"2026-04-04 15:11:59","out_stock_threshold":null,"inheritable":false,"inbound_stock":1,"stock_on_hold":0,"sold_today":0,"sales_last_days":1,"reserved_stock":0,"customer_returns":0,"warehouse_damage":0,"lost_in_post":0,"other_logs":0,"out_stock_days":17,"lost_sales":242,"has_location":false,"update_date":"2026-04-22T01:46:14","atum_locations":[],"atum_stock_status":"outofstock","restock_status":false,"low_stock_amount":1,"sales_update_date":"2026-04-22T01:46:13","calc_backorders":null,"acf":[],"yoast_head":"<!-- This site is optimized with the Yoast SEO plugin v27.4 - https:\/\/yoast.com\/product\/yoast-seo-wordpress\/ -->\n<title>House by the Cemetery - Dr Freudstein Bust - Trick or Treat<\/title>\n<meta name=\"description\" content=\"Official House by the Cemetery - Dr Freudstein Bust by Trick or Treat - BUY from UK horror collectible specialist Mad About Horror\" \/>\n<meta name=\"robots\" content=\"index, follow, max-snippet:-1, max-image-preview:large, max-video-preview:-1\" \/>\n<link rel=\"canonical\" href=\"https:\/\/madabouthorror.co.uk\/de\/product\/house-by-the-cemetery-dr-freudstein-bust\/\" \/>\n<meta property=\"og:locale\" content=\"de_DE\" \/>\n<meta property=\"og:type\" content=\"article\" \/>\n<meta property=\"og:title\" content=\"House by the Cemetery - Dr Freudstein Bust - Trick or Treat\" \/>\n<meta property=\"og:description\" content=\"Official House by the Cemetery - Dr Freudstein Bust by Trick or Treat - BUY from UK horror collectible specialist Mad About Horror\" \/>\n<meta property=\"og:url\" content=\"https:\/\/madabouthorror.co.uk\/de\/product\/house-by-the-cemetery-dr-freudstein-bust\/\" \/>\n<meta property=\"og:site_name\" content=\"Mad About Horror\" \/>\n<meta property=\"article:publisher\" content=\"https:\/\/www.facebook.com\/madabouthorror\/\" \/>\n<meta property=\"article:modified_time\" content=\"2026-04-20T12:42:35+00:00\" \/>\n<meta property=\"og:image\" content=\"https:\/\/madabouthorror.co.uk\/wp-content\/uploads\/2020\/05\/house_by_the_cemetery_dr_freudstein_bust_tots.jpg\" \/>\n\t<meta property=\"og:image:width\" content=\"1000\" \/>\n\t<meta property=\"og:image:height\" content=\"1000\" \/>\n\t<meta property=\"og:image:type\" content=\"image\/jpeg\" \/>\n<meta name=\"twitter:card\" content=\"summary_large_image\" \/>\n<meta name=\"twitter:label1\" content=\"Gesch\u00e4tzte Lesezeit\" \/>\n\t<meta name=\"twitter:data1\" content=\"1\u00a0Minute\" \/>\n<script type=\"application\/ld+json\" class=\"yoast-schema-graph\">{\"@context\":\"https:\\\/\\\/schema.org\",\"@graph\":[{\"@type\":[\"WebPage\",\"ItemPage\"],\"@id\":\"https:\\\/\\\/madabouthorror.co.uk\\\/product\\\/house-by-the-cemetery-dr-freudstein-bust\\\/\",\"url\":\"https:\\\/\\\/madabouthorror.co.uk\\\/product\\\/house-by-the-cemetery-dr-freudstein-bust\\\/\",\"name\":\"House by the Cemetery - Dr Freudstein Bust - Trick or Treat\",\"isPartOf\":{\"@id\":\"https:\\\/\\\/madabouthorror.co.uk\\\/#website\"},\"primaryImageOfPage\":{\"@id\":\"https:\\\/\\\/madabouthorror.co.uk\\\/product\\\/house-by-the-cemetery-dr-freudstein-bust\\\/#primaryimage\"},\"image\":{\"@id\":\"https:\\\/\\\/madabouthorror.co.uk\\\/product\\\/house-by-the-cemetery-dr-freudstein-bust\\\/#primaryimage\"},\"thumbnailUrl\":\"https:\\\/\\\/madabouthorror.co.uk\\\/wp-content\\\/uploads\\\/2020\\\/05\\\/house_by_the_cemetery_dr_freudstein_bust_tots.jpg\",\"datePublished\":\"2020-05-09T16:29:31+00:00\",\"dateModified\":\"2026-04-20T12:42:35+00:00\",\"description\":\"Official House by the Cemetery - Dr Freudstein Bust by Trick or Treat - BUY from UK horror collectible specialist Mad About Horror\",\"breadcrumb\":{\"@id\":\"https:\\\/\\\/madabouthorror.co.uk\\\/product\\\/house-by-the-cemetery-dr-freudstein-bust\\\/#breadcrumb\"},\"inLanguage\":\"de\",\"potentialAction\":[{\"@type\":\"ReadAction\",\"target\":[\"https:\\\/\\\/madabouthorror.co.uk\\\/product\\\/house-by-the-cemetery-dr-freudstein-bust\\\/\"]}]},{\"@type\":\"ImageObject\",\"inLanguage\":\"de\",\"@id\":\"https:\\\/\\\/madabouthorror.co.uk\\\/product\\\/house-by-the-cemetery-dr-freudstein-bust\\\/#primaryimage\",\"url\":\"https:\\\/\\\/madabouthorror.co.uk\\\/wp-content\\\/uploads\\\/2020\\\/05\\\/house_by_the_cemetery_dr_freudstein_bust_tots.jpg\",\"contentUrl\":\"https:\\\/\\\/madabouthorror.co.uk\\\/wp-content\\\/uploads\\\/2020\\\/05\\\/house_by_the_cemetery_dr_freudstein_bust_tots.jpg\",\"width\":1000,\"height\":1000,\"caption\":\"House by the Cemetery Dr Freudstein bust - Trick or Treat Studios\"},{\"@type\":\"BreadcrumbList\",\"@id\":\"https:\\\/\\\/madabouthorror.co.uk\\\/product\\\/house-by-the-cemetery-dr-freudstein-bust\\\/#breadcrumb\",\"itemListElement\":[{\"@type\":\"ListItem\",\"position\":1,\"name\":\"Shop\",\"item\":\"https:\\\/\\\/madabouthorror.co.uk\\\/shop\\\/\"},{\"@type\":\"ListItem\",\"position\":2,\"name\":\"House by the Cemetery &#8211; Dr Freudstein Bust\"}]},{\"@type\":\"WebSite\",\"@id\":\"https:\\\/\\\/madabouthorror.co.uk\\\/#website\",\"url\":\"https:\\\/\\\/madabouthorror.co.uk\\\/\",\"name\":\"Mad About Horror\",\"description\":\"\",\"publisher\":{\"@id\":\"https:\\\/\\\/madabouthorror.co.uk\\\/#organization\"},\"alternateName\":\"Mad About Horror Limited\",\"potentialAction\":[{\"@type\":\"SearchAction\",\"target\":{\"@type\":\"EntryPoint\",\"urlTemplate\":\"https:\\\/\\\/madabouthorror.co.uk\\\/?s={search_term_string}\"},\"query-input\":{\"@type\":\"PropertyValueSpecification\",\"valueRequired\":true,\"valueName\":\"search_term_string\"}}],\"inLanguage\":\"de\"},{\"@type\":\"Organization\",\"@id\":\"https:\\\/\\\/madabouthorror.co.uk\\\/#organization\",\"name\":\"Mad About Horror\",\"url\":\"https:\\\/\\\/madabouthorror.co.uk\\\/\",\"logo\":{\"@type\":\"ImageObject\",\"inLanguage\":\"de\",\"@id\":\"https:\\\/\\\/madabouthorror.co.uk\\\/#\\\/schema\\\/logo\\\/image\\\/\",\"url\":\"https:\\\/\\\/madabouthorror.co.uk\\\/wp-content\\\/uploads\\\/2024\\\/02\\\/cropped-Logo.png\",\"contentUrl\":\"https:\\\/\\\/madabouthorror.co.uk\\\/wp-content\\\/uploads\\\/2024\\\/02\\\/cropped-Logo.png\",\"width\":240,\"height\":88,\"caption\":\"Mad About Horror\"},\"image\":{\"@id\":\"https:\\\/\\\/madabouthorror.co.uk\\\/#\\\/schema\\\/logo\\\/image\\\/\"},\"sameAs\":[\"https:\\\/\\\/www.facebook.com\\\/madabouthorror\\\/\",\"https:\\\/\\\/www.instagram.com\\\/madabouthorror\\\/\",\"https:\\\/\\\/www.pinterest.co.uk\\\/madabouthorror\\\/\",\"https:\\\/\\\/www.youtube.com\\\/channel\\\/UCBooLOIxjoQ89dj6T5lWm_w\",\"https:\\\/\\\/www.tiktok.com\\\/@weremadabouthorror\"]}]}<\/script>\n<!-- \/ Yoast SEO plugin. -->","yoast_head_json":{"title":"Haus am Friedhof - Dr. Freudstein-B\u00fcste - S\u00fc\u00dfes oder Saures","description":"Offizielles Haus am Friedhof - Dr. Freudstein B\u00fcste von Trick or Treat - KAUFEN bei Mad About Horror, dem britischen Spezialisten f\u00fcr Horror-Sammlerst\u00fccke","robots":{"index":"index","follow":"follow","max-snippet":"max-snippet:-1","max-image-preview":"max-image-preview:large","max-video-preview":"max-video-preview:-1"},"canonical":"https:\/\/madabouthorror.co.uk\/de\/product\/house-by-the-cemetery-dr-freudstein-bust\/","og_locale":"de_DE","og_type":"article","og_title":"House by the Cemetery - Dr Freudstein Bust - Trick or Treat","og_description":"Official House by the Cemetery - Dr Freudstein Bust by Trick or Treat - BUY from UK horror collectible specialist Mad About Horror","og_url":"https:\/\/madabouthorror.co.uk\/de\/product\/house-by-the-cemetery-dr-freudstein-bust\/","og_site_name":"Mad About Horror","article_publisher":"https:\/\/www.facebook.com\/madabouthorror\/","article_modified_time":"2026-04-20T12:42:35+00:00","og_image":[{"width":1000,"height":1000,"url":"https:\/\/madabouthorror.co.uk\/wp-content\/uploads\/2020\/05\/house_by_the_cemetery_dr_freudstein_bust_tots.jpg","type":"image\/jpeg"}],"twitter_card":"summary_large_image","twitter_misc":{"Gesch\u00e4tzte Lesezeit":"1\u00a0Minute"},"schema":{"@context":"https:\/\/schema.org","@graph":[{"@type":["WebPage","ItemPage"],"@id":"https:\/\/madabouthorror.co.uk\/product\/house-by-the-cemetery-dr-freudstein-bust\/","url":"https:\/\/madabouthorror.co.uk\/product\/house-by-the-cemetery-dr-freudstein-bust\/","name":"Haus am Friedhof - Dr. Freudstein-B\u00fcste - S\u00fc\u00dfes oder Saures","isPartOf":{"@id":"https:\/\/madabouthorror.co.uk\/#website"},"primaryImageOfPage":{"@id":"https:\/\/madabouthorror.co.uk\/product\/house-by-the-cemetery-dr-freudstein-bust\/#primaryimage"},"image":{"@id":"https:\/\/madabouthorror.co.uk\/product\/house-by-the-cemetery-dr-freudstein-bust\/#primaryimage"},"thumbnailUrl":"https:\/\/madabouthorror.co.uk\/wp-content\/uploads\/2020\/05\/house_by_the_cemetery_dr_freudstein_bust_tots.jpg","datePublished":"2020-05-09T16:29:31+00:00","dateModified":"2026-04-20T12:42:35+00:00","description":"Offizielles Haus am Friedhof - Dr. Freudstein B\u00fcste von Trick or Treat - KAUFEN bei Mad About Horror, dem britischen Spezialisten f\u00fcr Horror-Sammlerst\u00fccke","breadcrumb":{"@id":"https:\/\/madabouthorror.co.uk\/product\/house-by-the-cemetery-dr-freudstein-bust\/#breadcrumb"},"inLanguage":"de","potentialAction":[{"@type":"ReadAction","target":["https:\/\/madabouthorror.co.uk\/product\/house-by-the-cemetery-dr-freudstein-bust\/"]}]},{"@type":"ImageObject","inLanguage":"de","@id":"https:\/\/madabouthorror.co.uk\/product\/house-by-the-cemetery-dr-freudstein-bust\/#primaryimage","url":"https:\/\/madabouthorror.co.uk\/wp-content\/uploads\/2020\/05\/house_by_the_cemetery_dr_freudstein_bust_tots.jpg","contentUrl":"https:\/\/madabouthorror.co.uk\/wp-content\/uploads\/2020\/05\/house_by_the_cemetery_dr_freudstein_bust_tots.jpg","width":1000,"height":1000,"caption":"House by the Cemetery Dr Freudstein bust - Trick or Treat Studios"},{"@type":"BreadcrumbList","@id":"https:\/\/madabouthorror.co.uk\/product\/house-by-the-cemetery-dr-freudstein-bust\/#breadcrumb","itemListElement":[{"@type":"ListItem","position":1,"name":"Shop","item":"https:\/\/madabouthorror.co.uk\/shop\/"},{"@type":"ListItem","position":2,"name":"House by the Cemetery &#8211; Dr Freudstein Bust"}]},{"@type":"WebSite","@id":"https:\/\/madabouthorror.co.uk\/#website","url":"https:\/\/madabouthorror.co.uk\/","name":"Verr\u00fcckt nach Horror","description":"","publisher":{"@id":"https:\/\/madabouthorror.co.uk\/#organization"},"alternateName":"Mad About Horror Limited","potentialAction":[{"@type":"SearchAction","target":{"@type":"EntryPoint","urlTemplate":"https:\/\/madabouthorror.co.uk\/?s={search_term_string}"},"query-input":{"@type":"PropertyValueSpecification","valueRequired":true,"valueName":"search_term_string"}}],"inLanguage":"de"},{"@type":"Organization","@id":"https:\/\/madabouthorror.co.uk\/#organization","name":"Verr\u00fcckt nach Horror","url":"https:\/\/madabouthorror.co.uk\/","logo":{"@type":"ImageObject","inLanguage":"de","@id":"https:\/\/madabouthorror.co.uk\/#\/schema\/logo\/image\/","url":"https:\/\/madabouthorror.co.uk\/wp-content\/uploads\/2024\/02\/cropped-Logo.png","contentUrl":"https:\/\/madabouthorror.co.uk\/wp-content\/uploads\/2024\/02\/cropped-Logo.png","width":240,"height":88,"caption":"Mad About Horror"},"image":{"@id":"https:\/\/madabouthorror.co.uk\/#\/schema\/logo\/image\/"},"sameAs":["https:\/\/www.facebook.com\/madabouthorror\/","https:\/\/www.instagram.com\/madabouthorror\/","https:\/\/www.pinterest.co.uk\/madabouthorror\/","https:\/\/www.youtube.com\/channel\/UCBooLOIxjoQ89dj6T5lWm_w","https:\/\/www.tiktok.com\/@weremadabouthorror"]}]}},"df_price":104.12,"df_sale_price":"","df_regular_price":104.12,"df_image_link":"https:\/\/madabouthorror.co.uk\/wp-content\/uploads\/2020\/05\/house_by_the_cemetery_dr_freudstein_bust_tots-300x300.jpg","_links":{"self":[{"href":"https:\/\/madabouthorror.co.uk\/de\/wp-json\/wp\/v2\/product\/44677","targetHints":{"allow":["GET"]}}],"collection":[{"href":"https:\/\/madabouthorror.co.uk\/de\/wp-json\/wp\/v2\/product"}],"about":[{"href":"https:\/\/madabouthorror.co.uk\/de\/wp-json\/wp\/v2\/types\/product"}],"replies":[{"embeddable":true,"href":"https:\/\/madabouthorror.co.uk\/de\/wp-json\/wp\/v2\/comments?post=44677"}],"wp:featuredmedia":[{"embeddable":true,"href":"https:\/\/madabouthorror.co.uk\/de\/wp-json\/wp\/v2\/media\/44667"}],"wp:attachment":[{"href":"https:\/\/madabouthorror.co.uk\/de\/wp-json\/wp\/v2\/media?parent=44677"}],"wp:term":[{"taxonomy":"product_brand","embeddable":true,"href":"https:\/\/madabouthorror.co.uk\/de\/wp-json\/wp\/v2\/product_brand?post=44677"},{"taxonomy":"product_cat","embeddable":true,"href":"https:\/\/madabouthorror.co.uk\/de\/wp-json\/wp\/v2\/product_cat?post=44677"},{"taxonomy":"product_tag","embeddable":true,"href":"https:\/\/madabouthorror.co.uk\/de\/wp-json\/wp\/v2\/product_tag?post=44677"}],"curies":[{"name":"wp","href":"https:\/\/api.w.org\/{rel}","templated":true}]}}