{"id":45013,"date":"2025-01-27T11:24:40","date_gmt":"2025-01-27T11:24:40","guid":{"rendered":"https:\/\/mah.6bdv.ws\/product\/giant-jumping-spider-halloween-animated-prop\/"},"modified":"2026-05-01T18:34:25","modified_gmt":"2026-05-01T17:34:25","slug":"giant-jumping-spider-halloween-animated-prop","status":"publish","type":"product","link":"https:\/\/madabouthorror.co.uk\/de\/product\/giant-jumping-spider-halloween-animated-prop\/","title":{"rendered":"Schwarze springende Spinne Prop"},"content":{"rendered":"<p>Was ist schlimmer als eine riesige, pelzige Spinne mit leuchtend roten Augen? Eine, die dich anspringt, wenn du es am wenigsten erwartest! Diese riesige Springspinnen-Requisite wartet nur darauf, ihre Beute anzuspringen und wird deinen Halloween-G\u00e4sten sicher einen Schrecken einjagen! Stell nur sicher, dass sie wissen, dass *du* nicht das Abendessen bist.<\/p>\n<ul>\n<li>Rote Augen<\/li>\n<li>Schreckliche Spukger\u00e4usche<\/li>\n<li>Ger\u00e4usch- oder bewegungsaktiviert<\/li>\n<li>36 Zoll breit mit Beinen (3 Fu\u00df)<\/li>\n<li>Batteriebetrieben (Batterien nicht enthalten)<\/li>\n<\/ul>\n<div>\n<div>\n<p><strong>Bitte beachten:<\/strong> Diese Requisiten werden batteriebetrieben, k\u00f6nnen aber auch mit einem separat erh\u00e4ltlichen 6-Volt-Netzteil betrieben werden.<\/p>\n<p>Ein Netzteil im britisch\/europ\u00e4ischen Stil mit 6 Volt kann hier gekauft werden <a href=\"https:\/\/madabouthorror.co.uk\/product\/power-supply-for-tekky-toys-props\/\">https:\/\/madabouthorror.co.uk\/product\/power-supply-for-tekky-toys-props\/<\/a><\/p>\n<\/div>\n<div><b>F\u00fcr die \u00fcberdachte Veranda oder f\u00fcr den Innenbereich.<\/b> <i>Bei Verwendung im Freien vor Witterungseinfl\u00fcssen sch\u00fctzen und nicht \u00fcber einen l\u00e4ngeren Zeitraum im Freien stehen lassen.<\/i><\/div>\n<div><\/div>\n<div><b>Bitte beachten:<\/b><i> Diese Requisiten sind nicht f\u00fcr den intensiven kommerziellen Gebrauch geeignet, d. h. sie sollten nicht \u00fcber l\u00e4ngere Zeitr\u00e4ume, z. B. tagelang, betrieben werden. Sie sind f\u00fcr die Verwendung an Halloween gedacht. Wenn Sie Fragen dazu haben, fragen Sie bitte.<\/i><\/div>\n<\/div>\n<p>Mehr Spinnen gef\u00e4llig? Entdecken Sie unser volles Sortiment an S<a href=\"https:\/\/madabouthorror.co.uk\/de\/c\/halloween\/decorations\/creatures-spiders-decorations\/\">Spinnen-Halloween-Dekorationen hier<\/a>.<\/p>","protected":false},"excerpt":{"rendered":"<p>Was ist schlimmer als eine riesige, pelzige Spinne mit leuchtend roten Augen? Eine, die auf dich springt, wenn du es am wenigsten erwartest! Diese riesige Spinnen-Requisite wartet nur darauf, auf ihre Beute zu springen, und wird Ihren G\u00e4sten auf der Halloween-Party sicher einen Schrecken einjagen! Stellen Sie nur sicher, dass sie wissen, dass es sich nicht um ihr Abendessen handelt [...]<\/p>","protected":false},"featured_media":45010,"comment_status":"closed","ping_status":"closed","template":"","meta":{"_acf_changed":false},"product_brand":[],"product_cat":[10068,10117,10131,10093,10094,6550,6547,6549,6963,6593,6596,7050,7051,7055,7056,8919,9899],"product_tag":[10000],"class_list":{"0":"post-45013","1":"product","2":"type-product","3":"status-publish","4":"has-post-thumbnail","6":"product_cat-halloween-decorations-2025","7":"product_cat-halloween-essentials","8":"product_cat-halloween-gifts","9":"product_cat-indoor-halloween-decorations","10":"product_cat-outdoor-halloween-decorations","11":"product_cat-graveyard-decorations","12":"product_cat-decorations","13":"product_cat-haunted-house","14":"product_cat-animatronics","15":"product_cat-creatures-spiders-decorations","16":"product_cat-witch-decorations","17":"product_cat-haunted-house-animatronics","18":"product_cat-graveyard-animatronics","19":"product_cat-animated-props-witches","20":"product_cat-animals-creatures","21":"product_cat-pre-order-animatronics","22":"product_cat-tekky-toys","23":"product_tag-evil-pumpkin-patch-animatronics","25":"first","26":"onbackorder","27":"taxable","28":"shipping-taxable","29":"purchasable","30":"product-type-simple"},"supplier_id":467908,"supplier_sku":"AR-TT56018","barcode":"669703560183","atum_controlled":true,"out_stock_date":null,"out_stock_threshold":null,"inheritable":false,"inbound_stock":30,"stock_on_hold":0,"sold_today":0,"sales_last_days":0,"reserved_stock":0,"customer_returns":0,"warehouse_damage":0,"lost_in_post":0,"other_logs":0,"out_stock_days":0,"lost_sales":0,"has_location":false,"update_date":"2026-05-04T02:19:14","atum_locations":[],"atum_stock_status":"onbackorder","restock_status":false,"low_stock_amount":"","sales_update_date":"2026-05-04T02:19:13","calc_backorders":-2,"acf":[],"yoast_head":"<!-- This site is optimized with the Yoast SEO plugin v27.5 - https:\/\/yoast.com\/product\/yoast-seo-wordpress\/ -->\n<title>Halloween Giant Jumping Spider Prop | Mad About Horror<\/title>\n<meta name=\"description\" content=\"Giant Black Jumping Spider Prop for Halloween from the UK&#039;s leading Halloween &amp; Horror specialist. UK stock, fast dispatch. Huge range of animated props.\" \/>\n<meta name=\"robots\" content=\"index, follow, max-snippet:-1, max-image-preview:large, max-video-preview:-1\" \/>\n<link rel=\"canonical\" href=\"https:\/\/madabouthorror.co.uk\/de\/product\/giant-jumping-spider-halloween-animated-prop\/\" \/>\n<meta property=\"og:locale\" content=\"de_DE\" \/>\n<meta property=\"og:type\" content=\"article\" \/>\n<meta property=\"og:title\" content=\"Halloween Giant Jumping Spider Prop | Mad About Horror\" \/>\n<meta property=\"og:description\" content=\"Giant Black Jumping Spider Prop for Halloween from the UK&#039;s leading Halloween &amp; Horror specialist. UK stock, fast dispatch. Huge range of animated props.\" \/>\n<meta property=\"og:url\" content=\"https:\/\/madabouthorror.co.uk\/de\/product\/giant-jumping-spider-halloween-animated-prop\/\" \/>\n<meta property=\"og:site_name\" content=\"Mad About Horror\" \/>\n<meta property=\"article:publisher\" content=\"https:\/\/www.facebook.com\/madabouthorror\/\" \/>\n<meta property=\"article:modified_time\" content=\"2026-05-01T17:34:25+00:00\" \/>\n<meta property=\"og:image\" content=\"https:\/\/madabouthorror.co.uk\/wp-content\/uploads\/2020\/06\/halloween_animated_prop_giant_jumping_spider_black.jpg\" \/>\n\t<meta property=\"og:image:width\" content=\"650\" \/>\n\t<meta property=\"og:image:height\" content=\"650\" \/>\n\t<meta property=\"og:image:type\" content=\"image\/jpeg\" \/>\n<meta name=\"twitter:card\" content=\"summary_large_image\" \/>\n<meta name=\"twitter:label1\" content=\"Gesch\u00e4tzte Lesezeit\" \/>\n\t<meta name=\"twitter:data1\" content=\"1\u00a0Minute\" \/>\n<script type=\"application\/ld+json\" class=\"yoast-schema-graph\">{\"@context\":\"https:\\\/\\\/schema.org\",\"@graph\":[{\"@type\":[\"WebPage\",\"ItemPage\"],\"@id\":\"https:\\\/\\\/madabouthorror.co.uk\\\/product\\\/giant-jumping-spider-halloween-animated-prop\\\/\",\"url\":\"https:\\\/\\\/madabouthorror.co.uk\\\/product\\\/giant-jumping-spider-halloween-animated-prop\\\/\",\"name\":\"Halloween Giant Jumping Spider Prop | Mad About Horror\",\"isPartOf\":{\"@id\":\"https:\\\/\\\/madabouthorror.co.uk\\\/#website\"},\"primaryImageOfPage\":{\"@id\":\"https:\\\/\\\/madabouthorror.co.uk\\\/product\\\/giant-jumping-spider-halloween-animated-prop\\\/#primaryimage\"},\"image\":{\"@id\":\"https:\\\/\\\/madabouthorror.co.uk\\\/product\\\/giant-jumping-spider-halloween-animated-prop\\\/#primaryimage\"},\"thumbnailUrl\":\"https:\\\/\\\/madabouthorror.co.uk\\\/wp-content\\\/uploads\\\/2020\\\/06\\\/halloween_animated_prop_giant_jumping_spider_black.jpg\",\"datePublished\":\"2025-01-27T11:24:40+00:00\",\"dateModified\":\"2026-05-01T17:34:25+00:00\",\"description\":\"Giant Black Jumping Spider Prop for Halloween from the UK's leading Halloween & Horror specialist. UK stock, fast dispatch. Huge range of animated props.\",\"breadcrumb\":{\"@id\":\"https:\\\/\\\/madabouthorror.co.uk\\\/product\\\/giant-jumping-spider-halloween-animated-prop\\\/#breadcrumb\"},\"inLanguage\":\"de\",\"potentialAction\":[{\"@type\":\"ReadAction\",\"target\":[\"https:\\\/\\\/madabouthorror.co.uk\\\/product\\\/giant-jumping-spider-halloween-animated-prop\\\/\"]}]},{\"@type\":\"ImageObject\",\"inLanguage\":\"de\",\"@id\":\"https:\\\/\\\/madabouthorror.co.uk\\\/product\\\/giant-jumping-spider-halloween-animated-prop\\\/#primaryimage\",\"url\":\"https:\\\/\\\/madabouthorror.co.uk\\\/wp-content\\\/uploads\\\/2020\\\/06\\\/halloween_animated_prop_giant_jumping_spider_black.jpg\",\"contentUrl\":\"https:\\\/\\\/madabouthorror.co.uk\\\/wp-content\\\/uploads\\\/2020\\\/06\\\/halloween_animated_prop_giant_jumping_spider_black.jpg\",\"width\":650,\"height\":650,\"caption\":\"Giant Jumping Spider Prop\"},{\"@type\":\"BreadcrumbList\",\"@id\":\"https:\\\/\\\/madabouthorror.co.uk\\\/product\\\/giant-jumping-spider-halloween-animated-prop\\\/#breadcrumb\",\"itemListElement\":[{\"@type\":\"ListItem\",\"position\":1,\"name\":\"Shop\",\"item\":\"https:\\\/\\\/madabouthorror.co.uk\\\/shop\\\/\"},{\"@type\":\"ListItem\",\"position\":2,\"name\":\"Black Jumping Spider Prop\"}]},{\"@type\":\"WebSite\",\"@id\":\"https:\\\/\\\/madabouthorror.co.uk\\\/#website\",\"url\":\"https:\\\/\\\/madabouthorror.co.uk\\\/\",\"name\":\"Mad About Horror\",\"description\":\"\",\"publisher\":{\"@id\":\"https:\\\/\\\/madabouthorror.co.uk\\\/#organization\"},\"alternateName\":\"Mad About Horror Limited\",\"potentialAction\":[{\"@type\":\"SearchAction\",\"target\":{\"@type\":\"EntryPoint\",\"urlTemplate\":\"https:\\\/\\\/madabouthorror.co.uk\\\/?s={search_term_string}\"},\"query-input\":{\"@type\":\"PropertyValueSpecification\",\"valueRequired\":true,\"valueName\":\"search_term_string\"}}],\"inLanguage\":\"de\"},{\"@type\":\"Organization\",\"@id\":\"https:\\\/\\\/madabouthorror.co.uk\\\/#organization\",\"name\":\"Mad About Horror\",\"url\":\"https:\\\/\\\/madabouthorror.co.uk\\\/\",\"logo\":{\"@type\":\"ImageObject\",\"inLanguage\":\"de\",\"@id\":\"https:\\\/\\\/madabouthorror.co.uk\\\/#\\\/schema\\\/logo\\\/image\\\/\",\"url\":\"https:\\\/\\\/madabouthorror.co.uk\\\/wp-content\\\/uploads\\\/2024\\\/02\\\/cropped-Logo.png\",\"contentUrl\":\"https:\\\/\\\/madabouthorror.co.uk\\\/wp-content\\\/uploads\\\/2024\\\/02\\\/cropped-Logo.png\",\"width\":240,\"height\":88,\"caption\":\"Mad About Horror\"},\"image\":{\"@id\":\"https:\\\/\\\/madabouthorror.co.uk\\\/#\\\/schema\\\/logo\\\/image\\\/\"},\"sameAs\":[\"https:\\\/\\\/www.facebook.com\\\/madabouthorror\\\/\",\"https:\\\/\\\/www.instagram.com\\\/madabouthorror\\\/\",\"https:\\\/\\\/www.pinterest.co.uk\\\/madabouthorror\\\/\",\"https:\\\/\\\/www.youtube.com\\\/channel\\\/UCBooLOIxjoQ89dj6T5lWm_w\",\"https:\\\/\\\/www.tiktok.com\\\/@weremadabouthorror\"]}]}<\/script>\n<!-- \/ Yoast SEO plugin. -->","yoast_head_json":{"title":"Halloween riesige Springspinnen-Requisite | Mad About Horror","description":"Riesige schwarze Springspinnen-Requisite f\u00fcr Halloween vom f\u00fchrenden britischen Spezialisten f\u00fcr Halloween &amp; Horror. UK-Lagerbestand, schneller Versand. Riesige Auswahl an animierten Requisiten.","robots":{"index":"index","follow":"follow","max-snippet":"max-snippet:-1","max-image-preview":"max-image-preview:large","max-video-preview":"max-video-preview:-1"},"canonical":"https:\/\/madabouthorror.co.uk\/de\/product\/giant-jumping-spider-halloween-animated-prop\/","og_locale":"de_DE","og_type":"article","og_title":"Halloween Giant Jumping Spider Prop | Mad About Horror","og_description":"Giant Black Jumping Spider Prop for Halloween from the UK's leading Halloween & Horror specialist. UK stock, fast dispatch. Huge range of animated props.","og_url":"https:\/\/madabouthorror.co.uk\/de\/product\/giant-jumping-spider-halloween-animated-prop\/","og_site_name":"Mad About Horror","article_publisher":"https:\/\/www.facebook.com\/madabouthorror\/","article_modified_time":"2026-05-01T17:34:25+00:00","og_image":[{"width":650,"height":650,"url":"https:\/\/madabouthorror.co.uk\/wp-content\/uploads\/2020\/06\/halloween_animated_prop_giant_jumping_spider_black.jpg","type":"image\/jpeg"}],"twitter_card":"summary_large_image","twitter_misc":{"Gesch\u00e4tzte Lesezeit":"1\u00a0Minute"},"schema":{"@context":"https:\/\/schema.org","@graph":[{"@type":["WebPage","ItemPage"],"@id":"https:\/\/madabouthorror.co.uk\/product\/giant-jumping-spider-halloween-animated-prop\/","url":"https:\/\/madabouthorror.co.uk\/product\/giant-jumping-spider-halloween-animated-prop\/","name":"Halloween riesige Springspinnen-Requisite | Mad About Horror","isPartOf":{"@id":"https:\/\/madabouthorror.co.uk\/#website"},"primaryImageOfPage":{"@id":"https:\/\/madabouthorror.co.uk\/product\/giant-jumping-spider-halloween-animated-prop\/#primaryimage"},"image":{"@id":"https:\/\/madabouthorror.co.uk\/product\/giant-jumping-spider-halloween-animated-prop\/#primaryimage"},"thumbnailUrl":"https:\/\/madabouthorror.co.uk\/wp-content\/uploads\/2020\/06\/halloween_animated_prop_giant_jumping_spider_black.jpg","datePublished":"2025-01-27T11:24:40+00:00","dateModified":"2026-05-01T17:34:25+00:00","description":"Riesige schwarze Springspinnen-Requisite f\u00fcr Halloween vom f\u00fchrenden britischen Spezialisten f\u00fcr Halloween &amp; Horror. UK-Lagerbestand, schneller Versand. Riesige Auswahl an animierten Requisiten.","breadcrumb":{"@id":"https:\/\/madabouthorror.co.uk\/product\/giant-jumping-spider-halloween-animated-prop\/#breadcrumb"},"inLanguage":"de","potentialAction":[{"@type":"ReadAction","target":["https:\/\/madabouthorror.co.uk\/product\/giant-jumping-spider-halloween-animated-prop\/"]}]},{"@type":"ImageObject","inLanguage":"de","@id":"https:\/\/madabouthorror.co.uk\/product\/giant-jumping-spider-halloween-animated-prop\/#primaryimage","url":"https:\/\/madabouthorror.co.uk\/wp-content\/uploads\/2020\/06\/halloween_animated_prop_giant_jumping_spider_black.jpg","contentUrl":"https:\/\/madabouthorror.co.uk\/wp-content\/uploads\/2020\/06\/halloween_animated_prop_giant_jumping_spider_black.jpg","width":650,"height":650,"caption":"Giant Jumping Spider Prop"},{"@type":"BreadcrumbList","@id":"https:\/\/madabouthorror.co.uk\/product\/giant-jumping-spider-halloween-animated-prop\/#breadcrumb","itemListElement":[{"@type":"ListItem","position":1,"name":"Shop","item":"https:\/\/madabouthorror.co.uk\/shop\/"},{"@type":"ListItem","position":2,"name":"Black Jumping Spider Prop"}]},{"@type":"WebSite","@id":"https:\/\/madabouthorror.co.uk\/#website","url":"https:\/\/madabouthorror.co.uk\/","name":"Verr\u00fcckt nach Horror","description":"","publisher":{"@id":"https:\/\/madabouthorror.co.uk\/#organization"},"alternateName":"Mad About Horror Limited","potentialAction":[{"@type":"SearchAction","target":{"@type":"EntryPoint","urlTemplate":"https:\/\/madabouthorror.co.uk\/?s={search_term_string}"},"query-input":{"@type":"PropertyValueSpecification","valueRequired":true,"valueName":"search_term_string"}}],"inLanguage":"de"},{"@type":"Organization","@id":"https:\/\/madabouthorror.co.uk\/#organization","name":"Verr\u00fcckt nach Horror","url":"https:\/\/madabouthorror.co.uk\/","logo":{"@type":"ImageObject","inLanguage":"de","@id":"https:\/\/madabouthorror.co.uk\/#\/schema\/logo\/image\/","url":"https:\/\/madabouthorror.co.uk\/wp-content\/uploads\/2024\/02\/cropped-Logo.png","contentUrl":"https:\/\/madabouthorror.co.uk\/wp-content\/uploads\/2024\/02\/cropped-Logo.png","width":240,"height":88,"caption":"Mad About Horror"},"image":{"@id":"https:\/\/madabouthorror.co.uk\/#\/schema\/logo\/image\/"},"sameAs":["https:\/\/www.facebook.com\/madabouthorror\/","https:\/\/www.instagram.com\/madabouthorror\/","https:\/\/www.pinterest.co.uk\/madabouthorror\/","https:\/\/www.youtube.com\/channel\/UCBooLOIxjoQ89dj6T5lWm_w","https:\/\/www.tiktok.com\/@weremadabouthorror"]}]}},"df_price":109.95,"df_sale_price":"","df_regular_price":109.95,"df_image_link":"https:\/\/madabouthorror.co.uk\/wp-content\/uploads\/2020\/06\/halloween_animated_prop_giant_jumping_spider_black-300x300.jpg","_links":{"self":[{"href":"https:\/\/madabouthorror.co.uk\/de\/wp-json\/wp\/v2\/product\/45013","targetHints":{"allow":["GET"]}}],"collection":[{"href":"https:\/\/madabouthorror.co.uk\/de\/wp-json\/wp\/v2\/product"}],"about":[{"href":"https:\/\/madabouthorror.co.uk\/de\/wp-json\/wp\/v2\/types\/product"}],"replies":[{"embeddable":true,"href":"https:\/\/madabouthorror.co.uk\/de\/wp-json\/wp\/v2\/comments?post=45013"}],"wp:featuredmedia":[{"embeddable":true,"href":"https:\/\/madabouthorror.co.uk\/de\/wp-json\/wp\/v2\/media\/45010"}],"wp:attachment":[{"href":"https:\/\/madabouthorror.co.uk\/de\/wp-json\/wp\/v2\/media?parent=45013"}],"wp:term":[{"taxonomy":"product_brand","embeddable":true,"href":"https:\/\/madabouthorror.co.uk\/de\/wp-json\/wp\/v2\/product_brand?post=45013"},{"taxonomy":"product_cat","embeddable":true,"href":"https:\/\/madabouthorror.co.uk\/de\/wp-json\/wp\/v2\/product_cat?post=45013"},{"taxonomy":"product_tag","embeddable":true,"href":"https:\/\/madabouthorror.co.uk\/de\/wp-json\/wp\/v2\/product_tag?post=45013"}],"curies":[{"name":"wp","href":"https:\/\/api.w.org\/{rel}","templated":true}]}}