{"id":45127,"date":"2020-06-22T10:09:48","date_gmt":"2020-06-22T09:09:48","guid":{"rendered":"https:\/\/mah.6bdv.ws\/product\/witches-cauldron\/"},"modified":"2026-03-02T09:18:48","modified_gmt":"2026-03-02T09:18:48","slug":"witches-cauldron","status":"publish","type":"product","link":"https:\/\/madabouthorror.co.uk\/de\/product\/witches-cauldron\/","title":{"rendered":"Hexenkessel"},"content":{"rendered":"<p>Schwarzer Kunststoffkessel mit Griff, perfekt f\u00fcr Ihr Hexengebr\u00e4u.<\/p>\n<p>32cm Durchmesser<\/p>","protected":false},"excerpt":{"rendered":"<p>Schwarzer Kunststoffkessel mit Griff, perfekt f\u00fcr Ihr Hexengebr\u00e4u. 32cm Durchmesser<\/p>","protected":false},"featured_media":45126,"comment_status":"closed","ping_status":"closed","template":"","meta":{"_acf_changed":false},"product_brand":[],"product_cat":[10117,6547,6596,8802],"product_tag":[],"class_list":{"0":"post-45127","1":"product","2":"type-product","3":"status-publish","4":"has-post-thumbnail","6":"product_cat-halloween-essentials","7":"product_cat-decorations","8":"product_cat-witch-decorations","9":"product_cat-sale","10":"product_shipping_class-small-parcel-economy-3-5-business-days","12":"first","13":"instock","14":"sale","15":"taxable","16":"shipping-taxable","17":"purchasable","18":"product-type-simple"},"supplier_id":467926,"supplier_sku":"26286 - d","barcode":"8434077262863","atum_controlled":true,"out_stock_date":null,"out_stock_threshold":null,"inheritable":false,"inbound_stock":0,"stock_on_hold":0,"sold_today":0,"sales_last_days":0,"reserved_stock":0,"customer_returns":0,"warehouse_damage":0,"lost_in_post":0,"other_logs":0,"out_stock_days":0,"lost_sales":0,"has_location":false,"update_date":"2026-04-09T01:13:36","atum_locations":[],"atum_stock_status":"instock","restock_status":false,"low_stock_amount":"","sales_update_date":"2026-04-09T01:13:34","calc_backorders":null,"acf":[],"yoast_head":"<!-- This site is optimized with the Yoast SEO plugin v27.3 - https:\/\/yoast.com\/product\/yoast-seo-wordpress\/ -->\n<title>Witches Cauldron - Halloween Decor - Mad About Horror<\/title>\n<meta name=\"description\" content=\"BUY Halloween Witches Cauldron for your Halloween Party from the UK&#039;s leading Halloween &amp; Horror specialist\" \/>\n<meta name=\"robots\" content=\"index, follow, max-snippet:-1, max-image-preview:large, max-video-preview:-1\" \/>\n<link rel=\"canonical\" href=\"https:\/\/madabouthorror.co.uk\/de\/product\/witches-cauldron\/\" \/>\n<meta property=\"og:locale\" content=\"de_DE\" \/>\n<meta property=\"og:type\" content=\"article\" \/>\n<meta property=\"og:title\" content=\"Witches Cauldron - Halloween Decor - Mad About Horror\" \/>\n<meta property=\"og:description\" content=\"BUY Halloween Witches Cauldron for your Halloween Party from the UK&#039;s leading Halloween &amp; Horror specialist\" \/>\n<meta property=\"og:url\" content=\"https:\/\/madabouthorror.co.uk\/de\/product\/witches-cauldron\/\" \/>\n<meta property=\"og:site_name\" content=\"Mad About Horror\" \/>\n<meta property=\"article:publisher\" content=\"https:\/\/www.facebook.com\/madabouthorror\/\" \/>\n<meta property=\"article:modified_time\" content=\"2026-03-02T09:18:48+00:00\" \/>\n<meta property=\"og:image\" content=\"https:\/\/madabouthorror.co.uk\/wp-content\/uploads\/2020\/06\/witches_cauldron_halloween_decoration.jpg\" \/>\n\t<meta property=\"og:image:width\" content=\"1000\" \/>\n\t<meta property=\"og:image:height\" content=\"1000\" \/>\n\t<meta property=\"og:image:type\" content=\"image\/jpeg\" \/>\n<meta name=\"twitter:card\" content=\"summary_large_image\" \/>\n<meta name=\"twitter:label1\" content=\"Gesch\u00e4tzte Lesezeit\" \/>\n\t<meta name=\"twitter:data1\" content=\"1\u00a0Minute\" \/>\n<script type=\"application\/ld+json\" class=\"yoast-schema-graph\">{\"@context\":\"https:\\\/\\\/schema.org\",\"@graph\":[{\"@type\":[\"WebPage\",\"ItemPage\"],\"@id\":\"https:\\\/\\\/madabouthorror.co.uk\\\/product\\\/witches-cauldron\\\/\",\"url\":\"https:\\\/\\\/madabouthorror.co.uk\\\/product\\\/witches-cauldron\\\/\",\"name\":\"Witches Cauldron - Halloween Decor - Mad About Horror\",\"isPartOf\":{\"@id\":\"https:\\\/\\\/madabouthorror.co.uk\\\/#website\"},\"primaryImageOfPage\":{\"@id\":\"https:\\\/\\\/madabouthorror.co.uk\\\/product\\\/witches-cauldron\\\/#primaryimage\"},\"image\":{\"@id\":\"https:\\\/\\\/madabouthorror.co.uk\\\/product\\\/witches-cauldron\\\/#primaryimage\"},\"thumbnailUrl\":\"https:\\\/\\\/madabouthorror.co.uk\\\/wp-content\\\/uploads\\\/2020\\\/06\\\/witches_cauldron_halloween_decoration.jpg\",\"datePublished\":\"2020-06-22T09:09:48+00:00\",\"dateModified\":\"2026-03-02T09:18:48+00:00\",\"description\":\"BUY Halloween Witches Cauldron for your Halloween Party from the UK's leading Halloween & Horror specialist\",\"breadcrumb\":{\"@id\":\"https:\\\/\\\/madabouthorror.co.uk\\\/product\\\/witches-cauldron\\\/#breadcrumb\"},\"inLanguage\":\"de\",\"potentialAction\":[{\"@type\":\"ReadAction\",\"target\":[\"https:\\\/\\\/madabouthorror.co.uk\\\/product\\\/witches-cauldron\\\/\"]}]},{\"@type\":\"ImageObject\",\"inLanguage\":\"de\",\"@id\":\"https:\\\/\\\/madabouthorror.co.uk\\\/product\\\/witches-cauldron\\\/#primaryimage\",\"url\":\"https:\\\/\\\/madabouthorror.co.uk\\\/wp-content\\\/uploads\\\/2020\\\/06\\\/witches_cauldron_halloween_decoration.jpg\",\"contentUrl\":\"https:\\\/\\\/madabouthorror.co.uk\\\/wp-content\\\/uploads\\\/2020\\\/06\\\/witches_cauldron_halloween_decoration.jpg\",\"width\":1000,\"height\":1000,\"caption\":\"Witches Cauldron-0\"},{\"@type\":\"BreadcrumbList\",\"@id\":\"https:\\\/\\\/madabouthorror.co.uk\\\/product\\\/witches-cauldron\\\/#breadcrumb\",\"itemListElement\":[{\"@type\":\"ListItem\",\"position\":1,\"name\":\"Shop\",\"item\":\"https:\\\/\\\/madabouthorror.co.uk\\\/shop\\\/\"},{\"@type\":\"ListItem\",\"position\":2,\"name\":\"Witches Cauldron\"}]},{\"@type\":\"WebSite\",\"@id\":\"https:\\\/\\\/madabouthorror.co.uk\\\/#website\",\"url\":\"https:\\\/\\\/madabouthorror.co.uk\\\/\",\"name\":\"Mad About Horror\",\"description\":\"\",\"publisher\":{\"@id\":\"https:\\\/\\\/madabouthorror.co.uk\\\/#organization\"},\"alternateName\":\"Mad About Horror Limited\",\"potentialAction\":[{\"@type\":\"SearchAction\",\"target\":{\"@type\":\"EntryPoint\",\"urlTemplate\":\"https:\\\/\\\/madabouthorror.co.uk\\\/?s={search_term_string}\"},\"query-input\":{\"@type\":\"PropertyValueSpecification\",\"valueRequired\":true,\"valueName\":\"search_term_string\"}}],\"inLanguage\":\"de\"},{\"@type\":\"Organization\",\"@id\":\"https:\\\/\\\/madabouthorror.co.uk\\\/#organization\",\"name\":\"Mad About Horror\",\"url\":\"https:\\\/\\\/madabouthorror.co.uk\\\/\",\"logo\":{\"@type\":\"ImageObject\",\"inLanguage\":\"de\",\"@id\":\"https:\\\/\\\/madabouthorror.co.uk\\\/#\\\/schema\\\/logo\\\/image\\\/\",\"url\":\"https:\\\/\\\/madabouthorror.co.uk\\\/wp-content\\\/uploads\\\/2024\\\/02\\\/cropped-Logo.png\",\"contentUrl\":\"https:\\\/\\\/madabouthorror.co.uk\\\/wp-content\\\/uploads\\\/2024\\\/02\\\/cropped-Logo.png\",\"width\":240,\"height\":88,\"caption\":\"Mad About Horror\"},\"image\":{\"@id\":\"https:\\\/\\\/madabouthorror.co.uk\\\/#\\\/schema\\\/logo\\\/image\\\/\"},\"sameAs\":[\"https:\\\/\\\/www.facebook.com\\\/madabouthorror\\\/\",\"https:\\\/\\\/www.instagram.com\\\/madabouthorror\\\/\",\"https:\\\/\\\/www.pinterest.co.uk\\\/madabouthorror\\\/\",\"https:\\\/\\\/www.youtube.com\\\/channel\\\/UCBooLOIxjoQ89dj6T5lWm_w\",\"https:\\\/\\\/www.tiktok.com\\\/@weremadabouthorror\"]}]}<\/script>\n<!-- \/ Yoast SEO plugin. -->","yoast_head_json":{"title":"Hexenkessel - Halloween Dekoration - Mad About Horror","description":"BUY Halloween Witches Cauldron f\u00fcr Ihre Halloween-Party von Gro\u00dfbritanniens f\u00fchrendem Spezialisten f\u00fcr Halloween und Horror","robots":{"index":"index","follow":"follow","max-snippet":"max-snippet:-1","max-image-preview":"max-image-preview:large","max-video-preview":"max-video-preview:-1"},"canonical":"https:\/\/madabouthorror.co.uk\/de\/product\/witches-cauldron\/","og_locale":"de_DE","og_type":"article","og_title":"Witches Cauldron - Halloween Decor - Mad About Horror","og_description":"BUY Halloween Witches Cauldron for your Halloween Party from the UK's leading Halloween & Horror specialist","og_url":"https:\/\/madabouthorror.co.uk\/de\/product\/witches-cauldron\/","og_site_name":"Mad About Horror","article_publisher":"https:\/\/www.facebook.com\/madabouthorror\/","article_modified_time":"2026-03-02T09:18:48+00:00","og_image":[{"width":1000,"height":1000,"url":"https:\/\/madabouthorror.co.uk\/wp-content\/uploads\/2020\/06\/witches_cauldron_halloween_decoration.jpg","type":"image\/jpeg"}],"twitter_card":"summary_large_image","twitter_misc":{"Gesch\u00e4tzte Lesezeit":"1\u00a0Minute"},"schema":{"@context":"https:\/\/schema.org","@graph":[{"@type":["WebPage","ItemPage"],"@id":"https:\/\/madabouthorror.co.uk\/product\/witches-cauldron\/","url":"https:\/\/madabouthorror.co.uk\/product\/witches-cauldron\/","name":"Hexenkessel - Halloween Dekoration - Mad About Horror","isPartOf":{"@id":"https:\/\/madabouthorror.co.uk\/#website"},"primaryImageOfPage":{"@id":"https:\/\/madabouthorror.co.uk\/product\/witches-cauldron\/#primaryimage"},"image":{"@id":"https:\/\/madabouthorror.co.uk\/product\/witches-cauldron\/#primaryimage"},"thumbnailUrl":"https:\/\/madabouthorror.co.uk\/wp-content\/uploads\/2020\/06\/witches_cauldron_halloween_decoration.jpg","datePublished":"2020-06-22T09:09:48+00:00","dateModified":"2026-03-02T09:18:48+00:00","description":"BUY Halloween Witches Cauldron f\u00fcr Ihre Halloween-Party von Gro\u00dfbritanniens f\u00fchrendem Spezialisten f\u00fcr Halloween und Horror","breadcrumb":{"@id":"https:\/\/madabouthorror.co.uk\/product\/witches-cauldron\/#breadcrumb"},"inLanguage":"de","potentialAction":[{"@type":"ReadAction","target":["https:\/\/madabouthorror.co.uk\/product\/witches-cauldron\/"]}]},{"@type":"ImageObject","inLanguage":"de","@id":"https:\/\/madabouthorror.co.uk\/product\/witches-cauldron\/#primaryimage","url":"https:\/\/madabouthorror.co.uk\/wp-content\/uploads\/2020\/06\/witches_cauldron_halloween_decoration.jpg","contentUrl":"https:\/\/madabouthorror.co.uk\/wp-content\/uploads\/2020\/06\/witches_cauldron_halloween_decoration.jpg","width":1000,"height":1000,"caption":"Witches Cauldron-0"},{"@type":"BreadcrumbList","@id":"https:\/\/madabouthorror.co.uk\/product\/witches-cauldron\/#breadcrumb","itemListElement":[{"@type":"ListItem","position":1,"name":"Shop","item":"https:\/\/madabouthorror.co.uk\/shop\/"},{"@type":"ListItem","position":2,"name":"Witches Cauldron"}]},{"@type":"WebSite","@id":"https:\/\/madabouthorror.co.uk\/#website","url":"https:\/\/madabouthorror.co.uk\/","name":"Verr\u00fcckt nach Horror","description":"","publisher":{"@id":"https:\/\/madabouthorror.co.uk\/#organization"},"alternateName":"Mad About Horror Limited","potentialAction":[{"@type":"SearchAction","target":{"@type":"EntryPoint","urlTemplate":"https:\/\/madabouthorror.co.uk\/?s={search_term_string}"},"query-input":{"@type":"PropertyValueSpecification","valueRequired":true,"valueName":"search_term_string"}}],"inLanguage":"de"},{"@type":"Organization","@id":"https:\/\/madabouthorror.co.uk\/#organization","name":"Verr\u00fcckt nach Horror","url":"https:\/\/madabouthorror.co.uk\/","logo":{"@type":"ImageObject","inLanguage":"de","@id":"https:\/\/madabouthorror.co.uk\/#\/schema\/logo\/image\/","url":"https:\/\/madabouthorror.co.uk\/wp-content\/uploads\/2024\/02\/cropped-Logo.png","contentUrl":"https:\/\/madabouthorror.co.uk\/wp-content\/uploads\/2024\/02\/cropped-Logo.png","width":240,"height":88,"caption":"Mad About Horror"},"image":{"@id":"https:\/\/madabouthorror.co.uk\/#\/schema\/logo\/image\/"},"sameAs":["https:\/\/www.facebook.com\/madabouthorror\/","https:\/\/www.instagram.com\/madabouthorror\/","https:\/\/www.pinterest.co.uk\/madabouthorror\/","https:\/\/www.youtube.com\/channel\/UCBooLOIxjoQ89dj6T5lWm_w","https:\/\/www.tiktok.com\/@weremadabouthorror"]}]}},"df_price":4.12,"df_sale_price":4.12,"df_regular_price":8.28,"df_image_link":"https:\/\/madabouthorror.co.uk\/wp-content\/uploads\/2020\/06\/witches_cauldron_halloween_decoration-300x300.jpg","_links":{"self":[{"href":"https:\/\/madabouthorror.co.uk\/de\/wp-json\/wp\/v2\/product\/45127","targetHints":{"allow":["GET"]}}],"collection":[{"href":"https:\/\/madabouthorror.co.uk\/de\/wp-json\/wp\/v2\/product"}],"about":[{"href":"https:\/\/madabouthorror.co.uk\/de\/wp-json\/wp\/v2\/types\/product"}],"replies":[{"embeddable":true,"href":"https:\/\/madabouthorror.co.uk\/de\/wp-json\/wp\/v2\/comments?post=45127"}],"wp:featuredmedia":[{"embeddable":true,"href":"https:\/\/madabouthorror.co.uk\/de\/wp-json\/wp\/v2\/media\/45126"}],"wp:attachment":[{"href":"https:\/\/madabouthorror.co.uk\/de\/wp-json\/wp\/v2\/media?parent=45127"}],"wp:term":[{"taxonomy":"product_brand","embeddable":true,"href":"https:\/\/madabouthorror.co.uk\/de\/wp-json\/wp\/v2\/product_brand?post=45127"},{"taxonomy":"product_cat","embeddable":true,"href":"https:\/\/madabouthorror.co.uk\/de\/wp-json\/wp\/v2\/product_cat?post=45127"},{"taxonomy":"product_tag","embeddable":true,"href":"https:\/\/madabouthorror.co.uk\/de\/wp-json\/wp\/v2\/product_tag?post=45127"}],"curies":[{"name":"wp","href":"https:\/\/api.w.org\/{rel}","templated":true}]}}