{"id":455257,"date":"2023-09-06T12:40:23","date_gmt":"2023-09-06T11:40:23","guid":{"rendered":"https:\/\/madabouthorror.co.uk\/?post_type=product&#038;p=455257"},"modified":"2025-11-24T11:22:39","modified_gmt":"2025-11-24T11:22:39","slug":"psycho-killer-costume","status":"publish","type":"product","link":"https:\/\/madabouthorror.co.uk\/de\/product\/psycho-killer-costume\/","title":{"rendered":"Psycho-Killer-Overall"},"content":{"rendered":"<p>Dieses Kost\u00fcm wurde von unserem eigenen Kost\u00fcmdesigner entworfen und besteht aus einem hochwertigen Overall mit handbemalten Gef\u00e4ngnisstreifen, einem Aufn\u00e4her f\u00fcr die Psychiatrie auf der Vorderseite und einem gelb bemalten Smiley auf der R\u00fcckseite.<\/p>\n<p>Mad About Horror bringt Ihnen eine eigene neue Reihe professioneller Kost\u00fcme f\u00fcr die Grusel-, Halloween- und Horror-Event-Branche.<\/p>\n<p>F\u00fcgen Sie unsere separat erh\u00e4ltliche Sackmaske hinzu, wie auf den Fotos gezeigt.<\/p>\n<p>Gr\u00f6\u00dfe Erwachsene: Standard bis 40 Brust, XL bis 50 Brust, 2XL 50+ Brust<\/p>\n<p>Finden Sie alle unsere <a href=\"https:\/\/madabouthorror.co.uk\/de\/c\/halloween\/costumes\/\">Gruselige Kost\u00fcme<\/a> f\u00fcr Halloween hier.<\/p>","protected":false},"excerpt":{"rendered":"<p>Dieses Kost\u00fcm wurde von unserem eigenen Kost\u00fcmdesigner entworfen und besteht aus einem hochwertigen Overall, der von Hand mit Gef\u00e4ngnisstreifen bemalt wurde. Auf der Vorderseite befindet sich ein Aufn\u00e4her mit der Aufschrift \"Psycho Ward\" und auf der R\u00fcckseite ein gelbes Smiley. Mad About Horror bietet Ihnen ein eigenes Sortiment an professionellen Kost\u00fcmen f\u00fcr die Grusel-, Halloween- und Horror-Event-Branche. F\u00fcgen Sie unseren Sack [...]<\/p>","protected":false},"featured_media":455259,"comment_status":"closed","ping_status":"closed","template":"","meta":{"_acf_changed":false},"product_brand":[],"product_cat":[6551,6543,6829],"product_tag":[],"class_list":{"0":"post-455257","1":"product","2":"type-product","3":"status-publish","4":"has-post-thumbnail","6":"product_cat-costumes","7":"product_cat-professional","8":"product_cat-professional-range-costumes","9":"pa_brand-madabouthorror","10":"pa_character-other","11":"pa_google_tax-9c-clothingaccessoriescostume","13":"first","14":"instock","15":"taxable","16":"shipping-taxable","17":"purchasable","18":"product-type-variable"},"supplier_id":467463,"supplier_sku":"","barcode":"","atum_controlled":true,"out_stock_date":null,"out_stock_threshold":null,"inheritable":true,"inbound_stock":0,"stock_on_hold":0,"sold_today":0,"sales_last_days":0,"reserved_stock":0,"customer_returns":0,"warehouse_damage":0,"lost_in_post":0,"other_logs":0,"out_stock_days":0,"lost_sales":0,"has_location":false,"update_date":"2026-04-07T00:19:54","atum_locations":[],"atum_stock_status":"instock","restock_status":false,"low_stock_amount":"","sales_update_date":"2026-04-07T00:19:53","calc_backorders":null,"acf":[],"yoast_head":"<!-- This site is optimized with the Yoast SEO plugin v27.3 - https:\/\/yoast.com\/product\/yoast-seo-wordpress\/ -->\n<title>Psycho Killer Halloween Costume<\/title>\n<meta name=\"description\" content=\"Professional range of Scare \/ Haunt Costumes for the entertainment industry. UK stock, fast delivery. Customisation available.\" \/>\n<meta name=\"robots\" content=\"index, follow, max-snippet:-1, max-image-preview:large, max-video-preview:-1\" \/>\n<link rel=\"canonical\" href=\"https:\/\/madabouthorror.co.uk\/de\/product\/psycho-killer-costume\/\" \/>\n<meta property=\"og:locale\" content=\"de_DE\" \/>\n<meta property=\"og:type\" content=\"article\" \/>\n<meta property=\"og:title\" content=\"Psycho Killer Halloween Costume\" \/>\n<meta property=\"og:description\" content=\"Professional range of Scare \/ Haunt Costumes for the entertainment industry. UK stock, fast delivery. Customisation available.\" \/>\n<meta property=\"og:url\" content=\"https:\/\/madabouthorror.co.uk\/de\/product\/psycho-killer-costume\/\" \/>\n<meta property=\"og:site_name\" content=\"Mad About Horror\" \/>\n<meta property=\"article:publisher\" content=\"https:\/\/www.facebook.com\/madabouthorror\/\" \/>\n<meta property=\"article:modified_time\" content=\"2025-11-24T11:22:39+00:00\" \/>\n<meta property=\"og:image\" content=\"https:\/\/madabouthorror.co.uk\/wp-content\/uploads\/2023\/09\/psycho-ward-killer-costume-3.jpg\" \/>\n\t<meta property=\"og:image:width\" content=\"1848\" \/>\n\t<meta property=\"og:image:height\" content=\"2048\" \/>\n\t<meta property=\"og:image:type\" content=\"image\/jpeg\" \/>\n<meta name=\"twitter:card\" content=\"summary_large_image\" \/>\n<meta name=\"twitter:label1\" content=\"Gesch\u00e4tzte Lesezeit\" \/>\n\t<meta name=\"twitter:data1\" content=\"1\u00a0Minute\" \/>\n<script type=\"application\/ld+json\" class=\"yoast-schema-graph\">{\"@context\":\"https:\\\/\\\/schema.org\",\"@graph\":[{\"@type\":[\"WebPage\",\"ItemPage\"],\"@id\":\"https:\\\/\\\/madabouthorror.co.uk\\\/product\\\/psycho-killer-costume\\\/\",\"url\":\"https:\\\/\\\/madabouthorror.co.uk\\\/product\\\/psycho-killer-costume\\\/\",\"name\":\"Psycho Killer Halloween Costume\",\"isPartOf\":{\"@id\":\"https:\\\/\\\/madabouthorror.co.uk\\\/#website\"},\"primaryImageOfPage\":{\"@id\":\"https:\\\/\\\/madabouthorror.co.uk\\\/product\\\/psycho-killer-costume\\\/#primaryimage\"},\"image\":{\"@id\":\"https:\\\/\\\/madabouthorror.co.uk\\\/product\\\/psycho-killer-costume\\\/#primaryimage\"},\"thumbnailUrl\":\"https:\\\/\\\/madabouthorror.co.uk\\\/wp-content\\\/uploads\\\/2023\\\/09\\\/psycho-ward-killer-costume-3.jpg\",\"datePublished\":\"2023-09-06T11:40:23+00:00\",\"dateModified\":\"2025-11-24T11:22:39+00:00\",\"description\":\"Professional range of Scare \\\/ Haunt Costumes for the entertainment industry. UK stock, fast delivery. Customisation available.\",\"breadcrumb\":{\"@id\":\"https:\\\/\\\/madabouthorror.co.uk\\\/product\\\/psycho-killer-costume\\\/#breadcrumb\"},\"inLanguage\":\"de\",\"potentialAction\":[{\"@type\":\"ReadAction\",\"target\":[\"https:\\\/\\\/madabouthorror.co.uk\\\/product\\\/psycho-killer-costume\\\/\"]}]},{\"@type\":\"ImageObject\",\"inLanguage\":\"de\",\"@id\":\"https:\\\/\\\/madabouthorror.co.uk\\\/product\\\/psycho-killer-costume\\\/#primaryimage\",\"url\":\"https:\\\/\\\/madabouthorror.co.uk\\\/wp-content\\\/uploads\\\/2023\\\/09\\\/psycho-ward-killer-costume-3.jpg\",\"contentUrl\":\"https:\\\/\\\/madabouthorror.co.uk\\\/wp-content\\\/uploads\\\/2023\\\/09\\\/psycho-ward-killer-costume-3.jpg\",\"width\":1848,\"height\":2048,\"caption\":\"psycho ward killer halloween costume\"},{\"@type\":\"BreadcrumbList\",\"@id\":\"https:\\\/\\\/madabouthorror.co.uk\\\/product\\\/psycho-killer-costume\\\/#breadcrumb\",\"itemListElement\":[{\"@type\":\"ListItem\",\"position\":1,\"name\":\"Shop\",\"item\":\"https:\\\/\\\/madabouthorror.co.uk\\\/shop\\\/\"},{\"@type\":\"ListItem\",\"position\":2,\"name\":\"Psycho Killer Coveralls\"}]},{\"@type\":\"WebSite\",\"@id\":\"https:\\\/\\\/madabouthorror.co.uk\\\/#website\",\"url\":\"https:\\\/\\\/madabouthorror.co.uk\\\/\",\"name\":\"Mad About Horror\",\"description\":\"\",\"publisher\":{\"@id\":\"https:\\\/\\\/madabouthorror.co.uk\\\/#organization\"},\"alternateName\":\"Mad About Horror Limited\",\"potentialAction\":[{\"@type\":\"SearchAction\",\"target\":{\"@type\":\"EntryPoint\",\"urlTemplate\":\"https:\\\/\\\/madabouthorror.co.uk\\\/?s={search_term_string}\"},\"query-input\":{\"@type\":\"PropertyValueSpecification\",\"valueRequired\":true,\"valueName\":\"search_term_string\"}}],\"inLanguage\":\"de\"},{\"@type\":\"Organization\",\"@id\":\"https:\\\/\\\/madabouthorror.co.uk\\\/#organization\",\"name\":\"Mad About Horror\",\"url\":\"https:\\\/\\\/madabouthorror.co.uk\\\/\",\"logo\":{\"@type\":\"ImageObject\",\"inLanguage\":\"de\",\"@id\":\"https:\\\/\\\/madabouthorror.co.uk\\\/#\\\/schema\\\/logo\\\/image\\\/\",\"url\":\"https:\\\/\\\/madabouthorror.co.uk\\\/wp-content\\\/uploads\\\/2024\\\/02\\\/cropped-Logo.png\",\"contentUrl\":\"https:\\\/\\\/madabouthorror.co.uk\\\/wp-content\\\/uploads\\\/2024\\\/02\\\/cropped-Logo.png\",\"width\":240,\"height\":88,\"caption\":\"Mad About Horror\"},\"image\":{\"@id\":\"https:\\\/\\\/madabouthorror.co.uk\\\/#\\\/schema\\\/logo\\\/image\\\/\"},\"sameAs\":[\"https:\\\/\\\/www.facebook.com\\\/madabouthorror\\\/\",\"https:\\\/\\\/www.instagram.com\\\/madabouthorror\\\/\",\"https:\\\/\\\/www.pinterest.co.uk\\\/madabouthorror\\\/\",\"https:\\\/\\\/www.youtube.com\\\/channel\\\/UCBooLOIxjoQ89dj6T5lWm_w\",\"https:\\\/\\\/www.tiktok.com\\\/@weremadabouthorror\"]}]}<\/script>\n<!-- \/ Yoast SEO plugin. -->","yoast_head_json":{"title":"Psycho Killer Halloween Kost\u00fcm","description":"Professionelles Angebot an Grusel-\/Haunt-Kost\u00fcmen f\u00fcr die Unterhaltungsindustrie. UK Lager, schnelle Lieferung. Individuelle Anpassung m\u00f6glich.","robots":{"index":"index","follow":"follow","max-snippet":"max-snippet:-1","max-image-preview":"max-image-preview:large","max-video-preview":"max-video-preview:-1"},"canonical":"https:\/\/madabouthorror.co.uk\/de\/product\/psycho-killer-costume\/","og_locale":"de_DE","og_type":"article","og_title":"Psycho Killer Halloween Costume","og_description":"Professional range of Scare \/ Haunt Costumes for the entertainment industry. UK stock, fast delivery. Customisation available.","og_url":"https:\/\/madabouthorror.co.uk\/de\/product\/psycho-killer-costume\/","og_site_name":"Mad About Horror","article_publisher":"https:\/\/www.facebook.com\/madabouthorror\/","article_modified_time":"2025-11-24T11:22:39+00:00","og_image":[{"width":1848,"height":2048,"url":"https:\/\/madabouthorror.co.uk\/wp-content\/uploads\/2023\/09\/psycho-ward-killer-costume-3.jpg","type":"image\/jpeg"}],"twitter_card":"summary_large_image","twitter_misc":{"Gesch\u00e4tzte Lesezeit":"1\u00a0Minute"},"schema":{"@context":"https:\/\/schema.org","@graph":[{"@type":["WebPage","ItemPage"],"@id":"https:\/\/madabouthorror.co.uk\/product\/psycho-killer-costume\/","url":"https:\/\/madabouthorror.co.uk\/product\/psycho-killer-costume\/","name":"Psycho Killer Halloween Kost\u00fcm","isPartOf":{"@id":"https:\/\/madabouthorror.co.uk\/#website"},"primaryImageOfPage":{"@id":"https:\/\/madabouthorror.co.uk\/product\/psycho-killer-costume\/#primaryimage"},"image":{"@id":"https:\/\/madabouthorror.co.uk\/product\/psycho-killer-costume\/#primaryimage"},"thumbnailUrl":"https:\/\/madabouthorror.co.uk\/wp-content\/uploads\/2023\/09\/psycho-ward-killer-costume-3.jpg","datePublished":"2023-09-06T11:40:23+00:00","dateModified":"2025-11-24T11:22:39+00:00","description":"Professionelles Angebot an Grusel-\/Haunt-Kost\u00fcmen f\u00fcr die Unterhaltungsindustrie. UK Lager, schnelle Lieferung. Individuelle Anpassung m\u00f6glich.","breadcrumb":{"@id":"https:\/\/madabouthorror.co.uk\/product\/psycho-killer-costume\/#breadcrumb"},"inLanguage":"de","potentialAction":[{"@type":"ReadAction","target":["https:\/\/madabouthorror.co.uk\/product\/psycho-killer-costume\/"]}]},{"@type":"ImageObject","inLanguage":"de","@id":"https:\/\/madabouthorror.co.uk\/product\/psycho-killer-costume\/#primaryimage","url":"https:\/\/madabouthorror.co.uk\/wp-content\/uploads\/2023\/09\/psycho-ward-killer-costume-3.jpg","contentUrl":"https:\/\/madabouthorror.co.uk\/wp-content\/uploads\/2023\/09\/psycho-ward-killer-costume-3.jpg","width":1848,"height":2048,"caption":"psycho ward killer halloween costume"},{"@type":"BreadcrumbList","@id":"https:\/\/madabouthorror.co.uk\/product\/psycho-killer-costume\/#breadcrumb","itemListElement":[{"@type":"ListItem","position":1,"name":"Shop","item":"https:\/\/madabouthorror.co.uk\/shop\/"},{"@type":"ListItem","position":2,"name":"Psycho Killer Coveralls"}]},{"@type":"WebSite","@id":"https:\/\/madabouthorror.co.uk\/#website","url":"https:\/\/madabouthorror.co.uk\/","name":"Verr\u00fcckt nach Horror","description":"","publisher":{"@id":"https:\/\/madabouthorror.co.uk\/#organization"},"alternateName":"Mad About Horror Limited","potentialAction":[{"@type":"SearchAction","target":{"@type":"EntryPoint","urlTemplate":"https:\/\/madabouthorror.co.uk\/?s={search_term_string}"},"query-input":{"@type":"PropertyValueSpecification","valueRequired":true,"valueName":"search_term_string"}}],"inLanguage":"de"},{"@type":"Organization","@id":"https:\/\/madabouthorror.co.uk\/#organization","name":"Verr\u00fcckt nach Horror","url":"https:\/\/madabouthorror.co.uk\/","logo":{"@type":"ImageObject","inLanguage":"de","@id":"https:\/\/madabouthorror.co.uk\/#\/schema\/logo\/image\/","url":"https:\/\/madabouthorror.co.uk\/wp-content\/uploads\/2024\/02\/cropped-Logo.png","contentUrl":"https:\/\/madabouthorror.co.uk\/wp-content\/uploads\/2024\/02\/cropped-Logo.png","width":240,"height":88,"caption":"Mad About Horror"},"image":{"@id":"https:\/\/madabouthorror.co.uk\/#\/schema\/logo\/image\/"},"sameAs":["https:\/\/www.facebook.com\/madabouthorror\/","https:\/\/www.instagram.com\/madabouthorror\/","https:\/\/www.pinterest.co.uk\/madabouthorror\/","https:\/\/www.youtube.com\/channel\/UCBooLOIxjoQ89dj6T5lWm_w","https:\/\/www.tiktok.com\/@weremadabouthorror"]}]}},"df_price":98.96,"df_sale_price":"","df_regular_price":98.96,"df_image_link":"https:\/\/madabouthorror.co.uk\/wp-content\/uploads\/2023\/09\/psycho-ward-killer-costume-3-271x300.jpg","_links":{"self":[{"href":"https:\/\/madabouthorror.co.uk\/de\/wp-json\/wp\/v2\/product\/455257","targetHints":{"allow":["GET"]}}],"collection":[{"href":"https:\/\/madabouthorror.co.uk\/de\/wp-json\/wp\/v2\/product"}],"about":[{"href":"https:\/\/madabouthorror.co.uk\/de\/wp-json\/wp\/v2\/types\/product"}],"replies":[{"embeddable":true,"href":"https:\/\/madabouthorror.co.uk\/de\/wp-json\/wp\/v2\/comments?post=455257"}],"wp:featuredmedia":[{"embeddable":true,"href":"https:\/\/madabouthorror.co.uk\/de\/wp-json\/wp\/v2\/media\/455259"}],"wp:attachment":[{"href":"https:\/\/madabouthorror.co.uk\/de\/wp-json\/wp\/v2\/media?parent=455257"}],"wp:term":[{"taxonomy":"product_brand","embeddable":true,"href":"https:\/\/madabouthorror.co.uk\/de\/wp-json\/wp\/v2\/product_brand?post=455257"},{"taxonomy":"product_cat","embeddable":true,"href":"https:\/\/madabouthorror.co.uk\/de\/wp-json\/wp\/v2\/product_cat?post=455257"},{"taxonomy":"product_tag","embeddable":true,"href":"https:\/\/madabouthorror.co.uk\/de\/wp-json\/wp\/v2\/product_tag?post=455257"}],"curies":[{"name":"wp","href":"https:\/\/api.w.org\/{rel}","templated":true}]}}