{"id":455986,"date":"2023-10-08T21:30:48","date_gmt":"2023-10-08T20:30:48","guid":{"rendered":"https:\/\/madabouthorror.co.uk\/?post_type=product&#038;p=455986"},"modified":"2025-11-20T12:40:32","modified_gmt":"2025-11-20T12:40:32","slug":"5-ft-regan-animatronic-the-exorcist","status":"publish","type":"product","link":"https:\/\/madabouthorror.co.uk\/de\/product\/5-ft-regan-animatronic-the-exorcist\/","title":{"rendered":"5 Ft Regan Animatronic - Der Exorzist"},"content":{"rendered":"<p style=\"font-weight: 400;\">Regan dreht den Kopf und das Bild des D\u00e4mons projiziert aus ihrem R\u00fccken!<\/p>\n<p style=\"font-weight: 400;\">Regan lebte ein normales Leben als s\u00fc\u00dfes und reines 12-j\u00e4hriges M\u00e4dchen in Georgetown mit ihrer Mutter Chris. Nachdem beunruhigende Ger\u00e4usche aus dem Haus kamen und mehrere gewaltt\u00e4tige und bizarre Episoden von Regan auftraten, wusste Chris, dass etwas nicht stimmte, und w\u00fcrde alles tun, um Antworten zu finden. Nach verschiedenen Tests von \u00c4rzten und Bewertungen von jedem, der Antworten haben k\u00f6nnte, war eines klar: Regan war Regan nicht mehr. Von einem alten D\u00e4mon besessen, spricht Regan nun in vulg\u00e4rer Sprache, weist verschiedene Narben und Wunden auf ihrem K\u00f6rper auf und kann sich auf verschiedene verst\u00f6rende Weisen verrenken. Die einzige Antwort, um dieses M\u00e4dchen von ihrer Besessenheit zu retten? Ein Exorzismus.<\/p>\n<p style=\"font-weight: 400;\">Der Regan-Animatronic wird jeden Fan des Horrorfilms Der Exorzist zum Zusammenzucken bringen. Mit verst\u00f6renden Kopfdrehungen, genau wie im Film, und echten Sprachzeilen aus dem Film ist dieser Regan-Animatronic wirklichkeitsgetreu. Mit einer Gr\u00f6\u00dfe von fast anderthalb Metern werden Ihre G\u00e4ste beeindruckt sein, wie gruselig Ihre Animatronic-Ausstellung ist, wenn sie das unheimliche Lichtbild des D\u00e4mons sehen, der sie besessen hat und das von Regans R\u00fccken projiziert wird.<\/p>\n<p style=\"font-weight: 400;\">Offiziell lizenziert<\/p>\n<p style=\"font-weight: 400;\">Produktweisheiten<\/p>\n<p style=\"font-weight: 400;\"><em>\u201cWas f\u00fcr ein exzellenter Tag f\u00fcr eine Exorzismus. Er wird uns zusammenbringen\u2026 dich und uns. (Schreie und knackende Nackenknochen, w\u00e4hrend sich der Kopf dreht)\u201d<\/em><\/p>\n<p style=\"font-weight: 400;\"><em>\u201cIch bin nicht Regan\u2026 Ich bin der Teufel!\u201d (Diverse Exorzismus-Ger\u00e4usche) (Knirschen des Nackens \u201cEs brennt, es brennt!\u201d), w\u00e4hrend sich der Kopf dreht.<\/em><\/p>\n<p style=\"font-weight: 400;\"><em>\u201c(Teuflische Ger\u00e4usche) ... Du hast deine Mutter get\u00f6tet, du hast sie allein sterben lassen! \u201dBleib weg, die Sau geh\u00f6rt mir!\u201c (Genickknacken beim Drehen des Kopfes)<\/em><\/p>\n<p style=\"font-weight: 400;\"><em>\u201cDeine Mutter ist hier bei uns, Karras. M\u00f6chtest du ihr etwas ausrichten? Ich werde daf\u00fcr sorgen, dass sie es bekommt\u201d (Teufel st\u00f6hnt und Knochen knacken, w\u00e4hrend sich der Kopf dreht)\u201d<\/em><\/p>\n<ul>\n<li style=\"font-weight: 400;\">Animierte<\/li>\n<li style=\"font-weight: 400;\">IR-Sensor aktiviert<\/li>\n<li style=\"font-weight: 400;\">Kompatibel mit Trittfl\u00e4chen<\/li>\n<li style=\"font-weight: 400;\">Abmessungen: 151,1 cm H x 55,9 cm B x 50,8 cm T<\/li>\n<\/ul>\n<div><b>Wird mit einem UK-Netzadapter geliefert<\/b>. <i>Verwenden Sie nur den mitgelieferten Netzadapter, da falsche Netzadapter Sch\u00e4den verursachen k\u00f6nnen.<\/i><i><\/i><\/div>\n<div><\/div>\n<div><b>F\u00fcr die \u00fcberdachte Veranda oder f\u00fcr den Innenbereich.<\/b> <i>Bei Verwendung im Freien vor Witterungseinfl\u00fcssen sch\u00fctzen und nicht \u00fcber einen l\u00e4ngeren Zeitraum im Freien stehen lassen.<\/i><\/div>\n<div><\/div>\n<div><b>Bitte beachten:<\/b><i> Diese Requisiten sind nicht f\u00fcr den intensiven kommerziellen Gebrauch geeignet, d. h. sie sollten nicht \u00fcber l\u00e4ngere Zeitr\u00e4ume, z. B. tagelang, betrieben werden. Sie sind f\u00fcr die Verwendung an Halloween gedacht. Wenn Sie Fragen dazu haben, fragen Sie bitte.<\/i><\/div>","protected":false},"excerpt":{"rendered":"<p>Kopf dreht sich und das Bild des D\u00e4mons projiziert sich aus Regans R\u00fccken! Regan f\u00fchrte ein normales Leben als s\u00fc\u00dfes und reines 12-j\u00e4hriges M\u00e4dchen in Georgetown mit ihrer Mutter Chris. Nachdem beunruhigende Ger\u00e4usche aus dem Haus kamen und mehrere gewaltsame und bizarre Episoden von Regan auftraten, wusste Chris, dass etwas nicht stimmte und [\u2026]<\/p>","protected":false},"featured_media":494688,"comment_status":"closed","ping_status":"closed","template":"","meta":{"_acf_changed":false},"product_brand":[],"product_cat":[10068,10131,10110,10093,10094,6550,6547,6549,6963,9839,7050,7051,7054,7058,6797,6704],"product_tag":[9993],"class_list":{"0":"post-455986","1":"product","2":"type-product","3":"status-publish","4":"has-post-thumbnail","6":"product_cat-halloween-decorations-2025","7":"product_cat-halloween-gifts","8":"product_cat-us-imports","9":"product_cat-indoor-halloween-decorations","10":"product_cat-outdoor-halloween-decorations","11":"product_cat-graveyard-decorations","12":"product_cat-decorations","13":"product_cat-haunted-house","14":"product_cat-animatronics","15":"product_cat-spirit-halloween-animatronics","16":"product_cat-haunted-house-animatronics","17":"product_cat-graveyard-animatronics","18":"product_cat-movie-tv-props","19":"product_cat-ghosts-demons","20":"product_cat-spirit-halloween-uk-stockist","21":"product_cat-theexorcist","22":"product_tag-animatronics-imports","23":"product_shipping_class-props","25":"first","26":"outofstock","27":"taxable","28":"shipping-taxable","29":"purchasable","30":"product-type-simple"},"supplier_id":471382,"supplier_sku":"","barcode":"","atum_controlled":true,"out_stock_date":"2024-10-09 15:22:34","out_stock_threshold":null,"inheritable":false,"inbound_stock":0,"stock_on_hold":0,"sold_today":0,"sales_last_days":0,"reserved_stock":0,"customer_returns":0,"warehouse_damage":0,"lost_in_post":0,"other_logs":0,"out_stock_days":571,"lost_sales":0,"has_location":false,"update_date":"2026-05-04T01:17:16","atum_locations":[],"atum_stock_status":"outofstock","restock_status":false,"low_stock_amount":"","sales_update_date":"2026-05-04T01:17:15","calc_backorders":null,"acf":[],"yoast_head":"<!-- This site is optimized with the Yoast SEO plugin v27.5 - https:\/\/yoast.com\/product\/yoast-seo-wordpress\/ -->\n<title>5 Ft Regan Animatronic - The Exorcist | Mad About Horror<\/title>\n<meta name=\"description\" content=\"Spirit Halloween - UK stockist! Check out our huge range of animated Halloween props including Spirit Halloween, Home Depot, Lowes and much more! All available from Mad About Horror, the UK &amp; Europe&#039;s leading horror &amp; Halloween specialist.\" \/>\n<meta name=\"robots\" content=\"index, follow, max-snippet:-1, max-image-preview:large, max-video-preview:-1\" \/>\n<link rel=\"canonical\" href=\"https:\/\/madabouthorror.co.uk\/de\/product\/5-ft-regan-animatronic-the-exorcist\/\" \/>\n<meta property=\"og:locale\" content=\"de_DE\" \/>\n<meta property=\"og:type\" content=\"article\" \/>\n<meta property=\"og:title\" content=\"5 Ft Regan Animatronic - The Exorcist | Mad About Horror\" \/>\n<meta property=\"og:description\" content=\"Spirit Halloween - UK stockist! Check out our huge range of animated Halloween props including Spirit Halloween, Home Depot, Lowes and much more! All available from Mad About Horror, the UK &amp; Europe&#039;s leading horror &amp; Halloween specialist.\" \/>\n<meta property=\"og:url\" content=\"https:\/\/madabouthorror.co.uk\/de\/product\/5-ft-regan-animatronic-the-exorcist\/\" \/>\n<meta property=\"og:site_name\" content=\"Mad About Horror\" \/>\n<meta property=\"article:publisher\" content=\"https:\/\/www.facebook.com\/madabouthorror\/\" \/>\n<meta property=\"article:modified_time\" content=\"2025-11-20T12:40:32+00:00\" \/>\n<meta property=\"og:image\" content=\"https:\/\/madabouthorror.co.uk\/wp-content\/uploads\/2023\/10\/spirit-halloween-regan-the-exorcist-animated-prop.jpg\" \/>\n\t<meta property=\"og:image:width\" content=\"1500\" \/>\n\t<meta property=\"og:image:height\" content=\"1500\" \/>\n\t<meta property=\"og:image:type\" content=\"image\/jpeg\" \/>\n<meta name=\"twitter:card\" content=\"summary_large_image\" \/>\n<meta name=\"twitter:label1\" content=\"Gesch\u00e4tzte Lesezeit\" \/>\n\t<meta name=\"twitter:data1\" content=\"2\u00a0Minuten\" \/>\n<script type=\"application\/ld+json\" class=\"yoast-schema-graph\">{\"@context\":\"https:\\\/\\\/schema.org\",\"@graph\":[{\"@type\":[\"WebPage\",\"ItemPage\"],\"@id\":\"https:\\\/\\\/madabouthorror.co.uk\\\/product\\\/5-ft-regan-animatronic-the-exorcist\\\/\",\"url\":\"https:\\\/\\\/madabouthorror.co.uk\\\/product\\\/5-ft-regan-animatronic-the-exorcist\\\/\",\"name\":\"5 Ft Regan Animatronic - The Exorcist | Mad About Horror\",\"isPartOf\":{\"@id\":\"https:\\\/\\\/madabouthorror.co.uk\\\/#website\"},\"primaryImageOfPage\":{\"@id\":\"https:\\\/\\\/madabouthorror.co.uk\\\/product\\\/5-ft-regan-animatronic-the-exorcist\\\/#primaryimage\"},\"image\":{\"@id\":\"https:\\\/\\\/madabouthorror.co.uk\\\/product\\\/5-ft-regan-animatronic-the-exorcist\\\/#primaryimage\"},\"thumbnailUrl\":\"https:\\\/\\\/madabouthorror.co.uk\\\/wp-content\\\/uploads\\\/2023\\\/10\\\/spirit-halloween-regan-the-exorcist-animated-prop.jpg\",\"datePublished\":\"2023-10-08T20:30:48+00:00\",\"dateModified\":\"2025-11-20T12:40:32+00:00\",\"description\":\"Spirit Halloween - UK stockist! Check out our huge range of animated Halloween props including Spirit Halloween, Home Depot, Lowes and much more! All available from Mad About Horror, the UK & Europe's leading horror & Halloween specialist.\",\"breadcrumb\":{\"@id\":\"https:\\\/\\\/madabouthorror.co.uk\\\/product\\\/5-ft-regan-animatronic-the-exorcist\\\/#breadcrumb\"},\"inLanguage\":\"de\",\"potentialAction\":[{\"@type\":\"ReadAction\",\"target\":[\"https:\\\/\\\/madabouthorror.co.uk\\\/product\\\/5-ft-regan-animatronic-the-exorcist\\\/\"]}]},{\"@type\":\"ImageObject\",\"inLanguage\":\"de\",\"@id\":\"https:\\\/\\\/madabouthorror.co.uk\\\/product\\\/5-ft-regan-animatronic-the-exorcist\\\/#primaryimage\",\"url\":\"https:\\\/\\\/madabouthorror.co.uk\\\/wp-content\\\/uploads\\\/2023\\\/10\\\/spirit-halloween-regan-the-exorcist-animated-prop.jpg\",\"contentUrl\":\"https:\\\/\\\/madabouthorror.co.uk\\\/wp-content\\\/uploads\\\/2023\\\/10\\\/spirit-halloween-regan-the-exorcist-animated-prop.jpg\",\"width\":1500,\"height\":1500},{\"@type\":\"BreadcrumbList\",\"@id\":\"https:\\\/\\\/madabouthorror.co.uk\\\/product\\\/5-ft-regan-animatronic-the-exorcist\\\/#breadcrumb\",\"itemListElement\":[{\"@type\":\"ListItem\",\"position\":1,\"name\":\"Shop\",\"item\":\"https:\\\/\\\/madabouthorror.co.uk\\\/shop\\\/\"},{\"@type\":\"ListItem\",\"position\":2,\"name\":\"5 Ft Regan Animatronic &#8211; The Exorcist\"}]},{\"@type\":\"WebSite\",\"@id\":\"https:\\\/\\\/madabouthorror.co.uk\\\/#website\",\"url\":\"https:\\\/\\\/madabouthorror.co.uk\\\/\",\"name\":\"Mad About Horror\",\"description\":\"\",\"publisher\":{\"@id\":\"https:\\\/\\\/madabouthorror.co.uk\\\/#organization\"},\"alternateName\":\"Mad About Horror Limited\",\"potentialAction\":[{\"@type\":\"SearchAction\",\"target\":{\"@type\":\"EntryPoint\",\"urlTemplate\":\"https:\\\/\\\/madabouthorror.co.uk\\\/?s={search_term_string}\"},\"query-input\":{\"@type\":\"PropertyValueSpecification\",\"valueRequired\":true,\"valueName\":\"search_term_string\"}}],\"inLanguage\":\"de\"},{\"@type\":\"Organization\",\"@id\":\"https:\\\/\\\/madabouthorror.co.uk\\\/#organization\",\"name\":\"Mad About Horror\",\"url\":\"https:\\\/\\\/madabouthorror.co.uk\\\/\",\"logo\":{\"@type\":\"ImageObject\",\"inLanguage\":\"de\",\"@id\":\"https:\\\/\\\/madabouthorror.co.uk\\\/#\\\/schema\\\/logo\\\/image\\\/\",\"url\":\"https:\\\/\\\/madabouthorror.co.uk\\\/wp-content\\\/uploads\\\/2024\\\/02\\\/cropped-Logo.png\",\"contentUrl\":\"https:\\\/\\\/madabouthorror.co.uk\\\/wp-content\\\/uploads\\\/2024\\\/02\\\/cropped-Logo.png\",\"width\":240,\"height\":88,\"caption\":\"Mad About Horror\"},\"image\":{\"@id\":\"https:\\\/\\\/madabouthorror.co.uk\\\/#\\\/schema\\\/logo\\\/image\\\/\"},\"sameAs\":[\"https:\\\/\\\/www.facebook.com\\\/madabouthorror\\\/\",\"https:\\\/\\\/www.instagram.com\\\/madabouthorror\\\/\",\"https:\\\/\\\/www.pinterest.co.uk\\\/madabouthorror\\\/\",\"https:\\\/\\\/www.youtube.com\\\/channel\\\/UCBooLOIxjoQ89dj6T5lWm_w\",\"https:\\\/\\\/www.tiktok.com\\\/@weremadabouthorror\"]}]}<\/script>\n<!-- \/ Yoast SEO plugin. -->","yoast_head_json":{"title":"5 Ft Regan Animatronic - Der Exorzist | Mad About Horror","description":"Spirit Halloween - H\u00e4ndler f\u00fcr Gro\u00dfbritannien! Sehen Sie sich unser riesiges Angebot an animierten Halloween-Requisiten an, darunter Spirit Halloween, Home Depot, Lowes und vieles mehr! Alles erh\u00e4ltlich bei Mad About Horror, dem f\u00fchrenden Horror- und Halloween-Spezialisten in Gro\u00dfbritannien und Europa.","robots":{"index":"index","follow":"follow","max-snippet":"max-snippet:-1","max-image-preview":"max-image-preview:large","max-video-preview":"max-video-preview:-1"},"canonical":"https:\/\/madabouthorror.co.uk\/de\/product\/5-ft-regan-animatronic-the-exorcist\/","og_locale":"de_DE","og_type":"article","og_title":"5 Ft Regan Animatronic - The Exorcist | Mad About Horror","og_description":"Spirit Halloween - UK stockist! Check out our huge range of animated Halloween props including Spirit Halloween, Home Depot, Lowes and much more! All available from Mad About Horror, the UK & Europe's leading horror & Halloween specialist.","og_url":"https:\/\/madabouthorror.co.uk\/de\/product\/5-ft-regan-animatronic-the-exorcist\/","og_site_name":"Mad About Horror","article_publisher":"https:\/\/www.facebook.com\/madabouthorror\/","article_modified_time":"2025-11-20T12:40:32+00:00","og_image":[{"width":1500,"height":1500,"url":"https:\/\/madabouthorror.co.uk\/wp-content\/uploads\/2023\/10\/spirit-halloween-regan-the-exorcist-animated-prop.jpg","type":"image\/jpeg"}],"twitter_card":"summary_large_image","twitter_misc":{"Gesch\u00e4tzte Lesezeit":"2\u00a0Minuten"},"schema":{"@context":"https:\/\/schema.org","@graph":[{"@type":["WebPage","ItemPage"],"@id":"https:\/\/madabouthorror.co.uk\/product\/5-ft-regan-animatronic-the-exorcist\/","url":"https:\/\/madabouthorror.co.uk\/product\/5-ft-regan-animatronic-the-exorcist\/","name":"5 Ft Regan Animatronic - Der Exorzist | Mad About Horror","isPartOf":{"@id":"https:\/\/madabouthorror.co.uk\/#website"},"primaryImageOfPage":{"@id":"https:\/\/madabouthorror.co.uk\/product\/5-ft-regan-animatronic-the-exorcist\/#primaryimage"},"image":{"@id":"https:\/\/madabouthorror.co.uk\/product\/5-ft-regan-animatronic-the-exorcist\/#primaryimage"},"thumbnailUrl":"https:\/\/madabouthorror.co.uk\/wp-content\/uploads\/2023\/10\/spirit-halloween-regan-the-exorcist-animated-prop.jpg","datePublished":"2023-10-08T20:30:48+00:00","dateModified":"2025-11-20T12:40:32+00:00","description":"Spirit Halloween - H\u00e4ndler f\u00fcr Gro\u00dfbritannien! Sehen Sie sich unser riesiges Angebot an animierten Halloween-Requisiten an, darunter Spirit Halloween, Home Depot, Lowes und vieles mehr! Alles erh\u00e4ltlich bei Mad About Horror, dem f\u00fchrenden Horror- und Halloween-Spezialisten in Gro\u00dfbritannien und Europa.","breadcrumb":{"@id":"https:\/\/madabouthorror.co.uk\/product\/5-ft-regan-animatronic-the-exorcist\/#breadcrumb"},"inLanguage":"de","potentialAction":[{"@type":"ReadAction","target":["https:\/\/madabouthorror.co.uk\/product\/5-ft-regan-animatronic-the-exorcist\/"]}]},{"@type":"ImageObject","inLanguage":"de","@id":"https:\/\/madabouthorror.co.uk\/product\/5-ft-regan-animatronic-the-exorcist\/#primaryimage","url":"https:\/\/madabouthorror.co.uk\/wp-content\/uploads\/2023\/10\/spirit-halloween-regan-the-exorcist-animated-prop.jpg","contentUrl":"https:\/\/madabouthorror.co.uk\/wp-content\/uploads\/2023\/10\/spirit-halloween-regan-the-exorcist-animated-prop.jpg","width":1500,"height":1500},{"@type":"BreadcrumbList","@id":"https:\/\/madabouthorror.co.uk\/product\/5-ft-regan-animatronic-the-exorcist\/#breadcrumb","itemListElement":[{"@type":"ListItem","position":1,"name":"Shop","item":"https:\/\/madabouthorror.co.uk\/shop\/"},{"@type":"ListItem","position":2,"name":"5 Ft Regan Animatronic &#8211; The Exorcist"}]},{"@type":"WebSite","@id":"https:\/\/madabouthorror.co.uk\/#website","url":"https:\/\/madabouthorror.co.uk\/","name":"Verr\u00fcckt nach Horror","description":"","publisher":{"@id":"https:\/\/madabouthorror.co.uk\/#organization"},"alternateName":"Mad About Horror Limited","potentialAction":[{"@type":"SearchAction","target":{"@type":"EntryPoint","urlTemplate":"https:\/\/madabouthorror.co.uk\/?s={search_term_string}"},"query-input":{"@type":"PropertyValueSpecification","valueRequired":true,"valueName":"search_term_string"}}],"inLanguage":"de"},{"@type":"Organization","@id":"https:\/\/madabouthorror.co.uk\/#organization","name":"Verr\u00fcckt nach Horror","url":"https:\/\/madabouthorror.co.uk\/","logo":{"@type":"ImageObject","inLanguage":"de","@id":"https:\/\/madabouthorror.co.uk\/#\/schema\/logo\/image\/","url":"https:\/\/madabouthorror.co.uk\/wp-content\/uploads\/2024\/02\/cropped-Logo.png","contentUrl":"https:\/\/madabouthorror.co.uk\/wp-content\/uploads\/2024\/02\/cropped-Logo.png","width":240,"height":88,"caption":"Mad About Horror"},"image":{"@id":"https:\/\/madabouthorror.co.uk\/#\/schema\/logo\/image\/"},"sameAs":["https:\/\/www.facebook.com\/madabouthorror\/","https:\/\/www.instagram.com\/madabouthorror\/","https:\/\/www.pinterest.co.uk\/madabouthorror\/","https:\/\/www.youtube.com\/channel\/UCBooLOIxjoQ89dj6T5lWm_w","https:\/\/www.tiktok.com\/@weremadabouthorror"]}]}},"df_price":549.95,"df_sale_price":"","df_regular_price":549.95,"df_image_link":"https:\/\/madabouthorror.co.uk\/wp-content\/uploads\/2023\/10\/spirit-halloween-regan-the-exorcist-animated-prop-300x300.jpg","_links":{"self":[{"href":"https:\/\/madabouthorror.co.uk\/de\/wp-json\/wp\/v2\/product\/455986","targetHints":{"allow":["GET"]}}],"collection":[{"href":"https:\/\/madabouthorror.co.uk\/de\/wp-json\/wp\/v2\/product"}],"about":[{"href":"https:\/\/madabouthorror.co.uk\/de\/wp-json\/wp\/v2\/types\/product"}],"replies":[{"embeddable":true,"href":"https:\/\/madabouthorror.co.uk\/de\/wp-json\/wp\/v2\/comments?post=455986"}],"wp:featuredmedia":[{"embeddable":true,"href":"https:\/\/madabouthorror.co.uk\/de\/wp-json\/wp\/v2\/media\/494688"}],"wp:attachment":[{"href":"https:\/\/madabouthorror.co.uk\/de\/wp-json\/wp\/v2\/media?parent=455986"}],"wp:term":[{"taxonomy":"product_brand","embeddable":true,"href":"https:\/\/madabouthorror.co.uk\/de\/wp-json\/wp\/v2\/product_brand?post=455986"},{"taxonomy":"product_cat","embeddable":true,"href":"https:\/\/madabouthorror.co.uk\/de\/wp-json\/wp\/v2\/product_cat?post=455986"},{"taxonomy":"product_tag","embeddable":true,"href":"https:\/\/madabouthorror.co.uk\/de\/wp-json\/wp\/v2\/product_tag?post=455986"}],"curies":[{"name":"wp","href":"https:\/\/api.w.org\/{rel}","templated":true}]}}