{"id":456241,"date":"2023-10-07T21:06:07","date_gmt":"2023-10-07T20:06:07","guid":{"rendered":"https:\/\/madabouthorror.co.uk\/?post_type=product&#038;p=456241"},"modified":"2025-11-20T12:40:54","modified_gmt":"2025-11-20T12:40:54","slug":"5-8-ft-beetlejuice-animatronic","status":"publish","type":"product","link":"https:\/\/madabouthorror.co.uk\/de\/product\/5-8-ft-beetlejuice-animatronic\/","title":{"rendered":"5.8 Ft Beetlejuice Animatronic"},"content":{"rendered":"<p>Brauchst du eine gelungene Schauergeschichte? Sage dreimal \u201cBeetlejuice\u201d und der richtige Mann f\u00fcr den Job wird erscheinen! Als wahrer untoter Profi werden Beetlejuices freche Pers\u00f6nlichkeit und sein noch frecherer Stil jeden in seinen Spuren erstarren lassen. Seine \u00fcbertriebene Pr\u00e4senz und seine unmanierlichen Witze reichen aus, um jeden Lebenden oder Toten zu \u00fcberw\u00e4ltigen, und wenn er erst einmal gerufen wurde, ist es nicht immer so einfach, ihn wieder loszuwerden, frag nur die Maitlands. Nachdem sein Plan, aus dem Niemandsland zu entkommen und durch die Heirat mit Lydia Deetz frei durch die Welt zu streifen, gescheitert war, wurde er in das Wartezimmer f\u00fcr Verstorbene geschickt, wo er auf die n\u00e4chste ungl\u00fcckliche Person wartet, die ihn herbeiruft, um wieder durch die Welt zu streifen.<\/p>\n<p>Halte dich f\u00fcr ungl\u00fccklich, sobald diese Beetlejuice-Animatronic zum Leben erwacht! Du wirst nicht wissen, was du sagen sollst, wenn sich sein Oberk\u00f6rper von Seite zu Seite dreht und er dich mit seinen witzigen Spr\u00fcchen aus dem Film verspottet!<\/p>\n<ul>\n<li>Offiziell lizenziert<\/li>\n<li>Enth\u00e4lt:\n<ul>\n<li>Animatronic<\/li>\n<li>Gebrauchsanweisung<\/li>\n<li>Lautst\u00e4rkeregler<\/li>\n<li>Externe Lautsprecherbuchse<\/li>\n<li>Adapter<\/li>\n<\/ul>\n<\/li>\n<li>Produktweisheiten:\n<ul>\n<li>\u201cIch f\u00fchle mich ein wenig, \u00e4h, \u00e4ngstlich, wenn Sie verstehen, was ich meine. Es sind schlie\u00dflich etwa sechshundert Jahre vergangen. Ich frage mich, wo ein Kerl, ein Jedermann wie ich, ein bisschen Action finden kann.\u201d \u201cJetzt! Schalten wir den Strom ein und sehen, was sich ergibt.\u201d<\/li>\n<li>\u201cPuh, danke, danke. Deshalb mache ich keine zwei Shows mehr am Abend. Ich werde es nicht tun. Ich werde sie nicht tun.\u2018 \u201dHey, das sind nicht meine Regeln. Wenn ich dar\u00fcber nachdenke, habe ich keine Regeln.\u201c<\/li>\n<li>\u201cIch habe die Juilliard besucht. Ich bin Absolvent der Harvard Business School. Ich reise viel. Ich habe die Schwarze Pest \u00fcberlebt, und es hat mir dabei ziemlich gut gefallen. Ich habe den Exorzisten etwa 167 Mal gesehen und er wird jedes Mal, wenn ich ihn sehe, noch lustiger!\u201d\u2026. \u201cIch bin der Geist mit dem meisten Babe.\u201d<\/li>\n<li>\u201cSag es einmal. Sag es zweimal. Aller guten Dinge sind drei! ... Sag es einfach! ... Es ist Showtime!\u201d<\/li>\n<li>\u201cIch muss sagen, Sie sehen aus, als ob ich mit Ihnen reden k\u00f6nnte. Vielleicht k\u00f6nnten Sie mir helfen, hier rauszukommen? Ich sage Ihnen, dieser Tote... er ist einfach zu gruselig. Sehen Sie, hier ist mein Problem. Ich habe mich mit Freunden getroffen, und es ist eine Art von Treffen, bei dem ich pers\u00f6nlich anwesend sein muss. K\u00f6nnten Sie mir also helfen, hier rauszukommen?\u201d<\/li>\n<\/ul>\n<\/li>\n<li>Animierte<\/li>\n<li>IR-Sensor aktiviert<\/li>\n<li>Kompatibel mit Trittfl\u00e4chen<\/li>\n<li>Multi-Prop-Fernbedienung kompatibel<\/li>\n<li>Abmessungen: 70\u2033 H x 30\u2033 B x 22,8\u2033 T<\/li>\n<li>Verpackungsabmessungen: 21,5\u2033 H x 11\u2033 B x 40,8\u2033 T<\/li>\n<li>Gewicht: 17,3 Pfund<\/li>\n<li>Material: Metall, Stoff, Kunststoff<\/li>\n<li>Pflege: Punktuell reinigen<\/li>\n<\/ul>\n<div><b>Wird mit einem UK-Netzadapter geliefert<\/b>. <i>Verwenden Sie nur den mitgelieferten Netzadapter, da falsche Netzadapter Sch\u00e4den verursachen k\u00f6nnen.<\/i><i><\/i><\/div>\n<div><\/div>\n<div><b>F\u00fcr die \u00fcberdachte Veranda oder f\u00fcr den Innenbereich.<\/b> <i>Bei Verwendung im Freien vor Witterungseinfl\u00fcssen sch\u00fctzen und nicht \u00fcber einen l\u00e4ngeren Zeitraum im Freien stehen lassen.<\/i><\/div>\n<div><\/div>\n<div><b>Bitte beachten:<\/b><i> Diese Requisiten sind nicht f\u00fcr den intensiven kommerziellen Gebrauch geeignet, d. h. sie sollten nicht \u00fcber l\u00e4ngere Zeitr\u00e4ume, z. B. tagelang, betrieben werden. Sie sind f\u00fcr die Verwendung an Halloween gedacht. Wenn Sie Fragen dazu haben, fragen Sie bitte.<\/i><\/div>","protected":false},"excerpt":{"rendered":"<p>Brauchst du einen ordentlichen Schrecken? Sag dreimal \u201cBeetlejuice\u201d und der Richtige f\u00fcr den Job erscheint! Als wahrer untoter Profi werden Beetlejuices k\u00fchne Pers\u00f6nlichkeit und sein noch k\u00fchnerer Stil jeden erstarren lassen. Seine \u00fcbertriebene Pr\u00e4senz und seine unh\u00f6flichen Witze reichen aus, um jeden Lebenden oder Toten zu \u00fcberw\u00e4ltigen, und einmal beschworen, [\u2026]<\/p>","protected":false},"featured_media":456246,"comment_status":"closed","ping_status":"closed","template":"","meta":{"_acf_changed":false},"product_brand":[],"product_cat":[10109,10068,10131,10110,6782,10093,10094,6547,6963,9839,6967,6635,7054,6797],"product_tag":[9993],"class_list":{"0":"post-456241","1":"product","2":"type-product","3":"status-publish","4":"has-post-thumbnail","6":"product_cat-clown-decorations","7":"product_cat-halloween-decorations-2025","8":"product_cat-halloween-gifts","9":"product_cat-us-imports","10":"product_cat-beetlejuice-1","11":"product_cat-indoor-halloween-decorations","12":"product_cat-outdoor-halloween-decorations","13":"product_cat-decorations","14":"product_cat-animatronics","15":"product_cat-spirit-halloween-animatronics","16":"product_cat-clown-animatronics","17":"product_cat-beetlejuice","18":"product_cat-movie-tv-props","19":"product_cat-spirit-halloween-uk-stockist","20":"product_tag-animatronics-imports","21":"product_shipping_class-props","23":"first","24":"outofstock","25":"taxable","26":"shipping-taxable","27":"purchasable","28":"product-type-simple"},"supplier_id":471382,"supplier_sku":"","barcode":"","atum_controlled":true,"out_stock_date":"2024-12-19 18:30:52","out_stock_threshold":null,"inheritable":false,"inbound_stock":0,"stock_on_hold":0,"sold_today":0,"sales_last_days":0,"reserved_stock":0,"customer_returns":0,"warehouse_damage":0,"lost_in_post":0,"other_logs":0,"out_stock_days":500,"lost_sales":35710,"has_location":false,"update_date":"2026-05-04T01:17:18","atum_locations":[],"atum_stock_status":"outofstock","restock_status":false,"low_stock_amount":"","sales_update_date":"2026-05-04T01:17:16","calc_backorders":null,"acf":[],"yoast_head":"<!-- This site is optimized with the Yoast SEO plugin v27.5 - https:\/\/yoast.com\/product\/yoast-seo-wordpress\/ -->\n<title>5.8 Ft Beetlejuice Animatronic | Mad About Horror<\/title>\n<meta name=\"description\" content=\"Spirit Halloween - UK stockist! Check out our huge range of animated Halloween props including Spirit Halloween, Home Depot, Lowes and much more! All available from Mad About Horror, the UK &amp; Europe&#039;s leading horror &amp; Halloween specialist.\" \/>\n<meta name=\"robots\" content=\"index, follow, max-snippet:-1, max-image-preview:large, max-video-preview:-1\" \/>\n<link rel=\"canonical\" href=\"https:\/\/madabouthorror.co.uk\/de\/product\/5-8-ft-beetlejuice-animatronic\/\" \/>\n<meta property=\"og:locale\" content=\"de_DE\" \/>\n<meta property=\"og:type\" content=\"article\" \/>\n<meta property=\"og:title\" content=\"5.8 Ft Beetlejuice Animatronic | Mad About Horror\" \/>\n<meta property=\"og:description\" content=\"Spirit Halloween - UK stockist! Check out our huge range of animated Halloween props including Spirit Halloween, Home Depot, Lowes and much more! All available from Mad About Horror, the UK &amp; Europe&#039;s leading horror &amp; Halloween specialist.\" \/>\n<meta property=\"og:url\" content=\"https:\/\/madabouthorror.co.uk\/de\/product\/5-8-ft-beetlejuice-animatronic\/\" \/>\n<meta property=\"og:site_name\" content=\"Mad About Horror\" \/>\n<meta property=\"article:publisher\" content=\"https:\/\/www.facebook.com\/madabouthorror\/\" \/>\n<meta property=\"article:modified_time\" content=\"2025-11-20T12:40:54+00:00\" \/>\n<meta property=\"og:image\" content=\"https:\/\/madabouthorror.co.uk\/wp-content\/uploads\/2023\/09\/Screenshot-2023-09-12-at-13.45.17-e1694523365166.png\" \/>\n\t<meta property=\"og:image:width\" content=\"718\" \/>\n\t<meta property=\"og:image:height\" content=\"718\" \/>\n\t<meta property=\"og:image:type\" content=\"image\/png\" \/>\n<meta name=\"twitter:card\" content=\"summary_large_image\" \/>\n<meta name=\"twitter:label1\" content=\"Gesch\u00e4tzte Lesezeit\" \/>\n\t<meta name=\"twitter:data1\" content=\"3\u00a0Minuten\" \/>\n<script type=\"application\/ld+json\" class=\"yoast-schema-graph\">{\"@context\":\"https:\\\/\\\/schema.org\",\"@graph\":[{\"@type\":[\"WebPage\",\"ItemPage\"],\"@id\":\"https:\\\/\\\/madabouthorror.co.uk\\\/product\\\/5-8-ft-beetlejuice-animatronic\\\/\",\"url\":\"https:\\\/\\\/madabouthorror.co.uk\\\/product\\\/5-8-ft-beetlejuice-animatronic\\\/\",\"name\":\"5.8 Ft Beetlejuice Animatronic | Mad About Horror\",\"isPartOf\":{\"@id\":\"https:\\\/\\\/madabouthorror.co.uk\\\/#website\"},\"primaryImageOfPage\":{\"@id\":\"https:\\\/\\\/madabouthorror.co.uk\\\/product\\\/5-8-ft-beetlejuice-animatronic\\\/#primaryimage\"},\"image\":{\"@id\":\"https:\\\/\\\/madabouthorror.co.uk\\\/product\\\/5-8-ft-beetlejuice-animatronic\\\/#primaryimage\"},\"thumbnailUrl\":\"https:\\\/\\\/madabouthorror.co.uk\\\/wp-content\\\/uploads\\\/2023\\\/09\\\/Screenshot-2023-09-12-at-13.45.17-e1694523365166.png\",\"datePublished\":\"2023-10-07T20:06:07+00:00\",\"dateModified\":\"2025-11-20T12:40:54+00:00\",\"description\":\"Spirit Halloween - UK stockist! Check out our huge range of animated Halloween props including Spirit Halloween, Home Depot, Lowes and much more! All available from Mad About Horror, the UK & Europe's leading horror & Halloween specialist.\",\"breadcrumb\":{\"@id\":\"https:\\\/\\\/madabouthorror.co.uk\\\/product\\\/5-8-ft-beetlejuice-animatronic\\\/#breadcrumb\"},\"inLanguage\":\"de\",\"potentialAction\":[{\"@type\":\"ReadAction\",\"target\":[\"https:\\\/\\\/madabouthorror.co.uk\\\/product\\\/5-8-ft-beetlejuice-animatronic\\\/\"]}]},{\"@type\":\"ImageObject\",\"inLanguage\":\"de\",\"@id\":\"https:\\\/\\\/madabouthorror.co.uk\\\/product\\\/5-8-ft-beetlejuice-animatronic\\\/#primaryimage\",\"url\":\"https:\\\/\\\/madabouthorror.co.uk\\\/wp-content\\\/uploads\\\/2023\\\/09\\\/Screenshot-2023-09-12-at-13.45.17-e1694523365166.png\",\"contentUrl\":\"https:\\\/\\\/madabouthorror.co.uk\\\/wp-content\\\/uploads\\\/2023\\\/09\\\/Screenshot-2023-09-12-at-13.45.17-e1694523365166.png\",\"width\":718,\"height\":718,\"caption\":\"Spirit Halloween - Beetlejuice animated halloween prop\"},{\"@type\":\"BreadcrumbList\",\"@id\":\"https:\\\/\\\/madabouthorror.co.uk\\\/product\\\/5-8-ft-beetlejuice-animatronic\\\/#breadcrumb\",\"itemListElement\":[{\"@type\":\"ListItem\",\"position\":1,\"name\":\"Shop\",\"item\":\"https:\\\/\\\/madabouthorror.co.uk\\\/shop\\\/\"},{\"@type\":\"ListItem\",\"position\":2,\"name\":\"5.8 Ft Beetlejuice Animatronic\"}]},{\"@type\":\"WebSite\",\"@id\":\"https:\\\/\\\/madabouthorror.co.uk\\\/#website\",\"url\":\"https:\\\/\\\/madabouthorror.co.uk\\\/\",\"name\":\"Mad About Horror\",\"description\":\"\",\"publisher\":{\"@id\":\"https:\\\/\\\/madabouthorror.co.uk\\\/#organization\"},\"alternateName\":\"Mad About Horror Limited\",\"potentialAction\":[{\"@type\":\"SearchAction\",\"target\":{\"@type\":\"EntryPoint\",\"urlTemplate\":\"https:\\\/\\\/madabouthorror.co.uk\\\/?s={search_term_string}\"},\"query-input\":{\"@type\":\"PropertyValueSpecification\",\"valueRequired\":true,\"valueName\":\"search_term_string\"}}],\"inLanguage\":\"de\"},{\"@type\":\"Organization\",\"@id\":\"https:\\\/\\\/madabouthorror.co.uk\\\/#organization\",\"name\":\"Mad About Horror\",\"url\":\"https:\\\/\\\/madabouthorror.co.uk\\\/\",\"logo\":{\"@type\":\"ImageObject\",\"inLanguage\":\"de\",\"@id\":\"https:\\\/\\\/madabouthorror.co.uk\\\/#\\\/schema\\\/logo\\\/image\\\/\",\"url\":\"https:\\\/\\\/madabouthorror.co.uk\\\/wp-content\\\/uploads\\\/2024\\\/02\\\/cropped-Logo.png\",\"contentUrl\":\"https:\\\/\\\/madabouthorror.co.uk\\\/wp-content\\\/uploads\\\/2024\\\/02\\\/cropped-Logo.png\",\"width\":240,\"height\":88,\"caption\":\"Mad About Horror\"},\"image\":{\"@id\":\"https:\\\/\\\/madabouthorror.co.uk\\\/#\\\/schema\\\/logo\\\/image\\\/\"},\"sameAs\":[\"https:\\\/\\\/www.facebook.com\\\/madabouthorror\\\/\",\"https:\\\/\\\/www.instagram.com\\\/madabouthorror\\\/\",\"https:\\\/\\\/www.pinterest.co.uk\\\/madabouthorror\\\/\",\"https:\\\/\\\/www.youtube.com\\\/channel\\\/UCBooLOIxjoQ89dj6T5lWm_w\",\"https:\\\/\\\/www.tiktok.com\\\/@weremadabouthorror\"]}]}<\/script>\n<!-- \/ Yoast SEO plugin. -->","yoast_head_json":{"title":"5,8 Fu\u00df Beetlejuice Animatronic | Mad About Horror","description":"Spirit Halloween - H\u00e4ndler f\u00fcr Gro\u00dfbritannien! Sehen Sie sich unser riesiges Angebot an animierten Halloween-Requisiten an, darunter Spirit Halloween, Home Depot, Lowes und vieles mehr! Alles erh\u00e4ltlich bei Mad About Horror, dem f\u00fchrenden Horror- und Halloween-Spezialisten in Gro\u00dfbritannien und Europa.","robots":{"index":"index","follow":"follow","max-snippet":"max-snippet:-1","max-image-preview":"max-image-preview:large","max-video-preview":"max-video-preview:-1"},"canonical":"https:\/\/madabouthorror.co.uk\/de\/product\/5-8-ft-beetlejuice-animatronic\/","og_locale":"de_DE","og_type":"article","og_title":"5.8 Ft Beetlejuice Animatronic | Mad About Horror","og_description":"Spirit Halloween - UK stockist! Check out our huge range of animated Halloween props including Spirit Halloween, Home Depot, Lowes and much more! All available from Mad About Horror, the UK & Europe's leading horror & Halloween specialist.","og_url":"https:\/\/madabouthorror.co.uk\/de\/product\/5-8-ft-beetlejuice-animatronic\/","og_site_name":"Mad About Horror","article_publisher":"https:\/\/www.facebook.com\/madabouthorror\/","article_modified_time":"2025-11-20T12:40:54+00:00","og_image":[{"width":718,"height":718,"url":"https:\/\/madabouthorror.co.uk\/wp-content\/uploads\/2023\/09\/Screenshot-2023-09-12-at-13.45.17-e1694523365166.png","type":"image\/png"}],"twitter_card":"summary_large_image","twitter_misc":{"Gesch\u00e4tzte Lesezeit":"3\u00a0Minuten"},"schema":{"@context":"https:\/\/schema.org","@graph":[{"@type":["WebPage","ItemPage"],"@id":"https:\/\/madabouthorror.co.uk\/product\/5-8-ft-beetlejuice-animatronic\/","url":"https:\/\/madabouthorror.co.uk\/product\/5-8-ft-beetlejuice-animatronic\/","name":"5,8 Fu\u00df Beetlejuice Animatronic | Mad About Horror","isPartOf":{"@id":"https:\/\/madabouthorror.co.uk\/#website"},"primaryImageOfPage":{"@id":"https:\/\/madabouthorror.co.uk\/product\/5-8-ft-beetlejuice-animatronic\/#primaryimage"},"image":{"@id":"https:\/\/madabouthorror.co.uk\/product\/5-8-ft-beetlejuice-animatronic\/#primaryimage"},"thumbnailUrl":"https:\/\/madabouthorror.co.uk\/wp-content\/uploads\/2023\/09\/Screenshot-2023-09-12-at-13.45.17-e1694523365166.png","datePublished":"2023-10-07T20:06:07+00:00","dateModified":"2025-11-20T12:40:54+00:00","description":"Spirit Halloween - H\u00e4ndler f\u00fcr Gro\u00dfbritannien! Sehen Sie sich unser riesiges Angebot an animierten Halloween-Requisiten an, darunter Spirit Halloween, Home Depot, Lowes und vieles mehr! Alles erh\u00e4ltlich bei Mad About Horror, dem f\u00fchrenden Horror- und Halloween-Spezialisten in Gro\u00dfbritannien und Europa.","breadcrumb":{"@id":"https:\/\/madabouthorror.co.uk\/product\/5-8-ft-beetlejuice-animatronic\/#breadcrumb"},"inLanguage":"de","potentialAction":[{"@type":"ReadAction","target":["https:\/\/madabouthorror.co.uk\/product\/5-8-ft-beetlejuice-animatronic\/"]}]},{"@type":"ImageObject","inLanguage":"de","@id":"https:\/\/madabouthorror.co.uk\/product\/5-8-ft-beetlejuice-animatronic\/#primaryimage","url":"https:\/\/madabouthorror.co.uk\/wp-content\/uploads\/2023\/09\/Screenshot-2023-09-12-at-13.45.17-e1694523365166.png","contentUrl":"https:\/\/madabouthorror.co.uk\/wp-content\/uploads\/2023\/09\/Screenshot-2023-09-12-at-13.45.17-e1694523365166.png","width":718,"height":718,"caption":"Spirit Halloween - Beetlejuice animated halloween prop"},{"@type":"BreadcrumbList","@id":"https:\/\/madabouthorror.co.uk\/product\/5-8-ft-beetlejuice-animatronic\/#breadcrumb","itemListElement":[{"@type":"ListItem","position":1,"name":"Shop","item":"https:\/\/madabouthorror.co.uk\/shop\/"},{"@type":"ListItem","position":2,"name":"5.8 Ft Beetlejuice Animatronic"}]},{"@type":"WebSite","@id":"https:\/\/madabouthorror.co.uk\/#website","url":"https:\/\/madabouthorror.co.uk\/","name":"Verr\u00fcckt nach Horror","description":"","publisher":{"@id":"https:\/\/madabouthorror.co.uk\/#organization"},"alternateName":"Mad About Horror Limited","potentialAction":[{"@type":"SearchAction","target":{"@type":"EntryPoint","urlTemplate":"https:\/\/madabouthorror.co.uk\/?s={search_term_string}"},"query-input":{"@type":"PropertyValueSpecification","valueRequired":true,"valueName":"search_term_string"}}],"inLanguage":"de"},{"@type":"Organization","@id":"https:\/\/madabouthorror.co.uk\/#organization","name":"Verr\u00fcckt nach Horror","url":"https:\/\/madabouthorror.co.uk\/","logo":{"@type":"ImageObject","inLanguage":"de","@id":"https:\/\/madabouthorror.co.uk\/#\/schema\/logo\/image\/","url":"https:\/\/madabouthorror.co.uk\/wp-content\/uploads\/2024\/02\/cropped-Logo.png","contentUrl":"https:\/\/madabouthorror.co.uk\/wp-content\/uploads\/2024\/02\/cropped-Logo.png","width":240,"height":88,"caption":"Mad About Horror"},"image":{"@id":"https:\/\/madabouthorror.co.uk\/#\/schema\/logo\/image\/"},"sameAs":["https:\/\/www.facebook.com\/madabouthorror\/","https:\/\/www.instagram.com\/madabouthorror\/","https:\/\/www.pinterest.co.uk\/madabouthorror\/","https:\/\/www.youtube.com\/channel\/UCBooLOIxjoQ89dj6T5lWm_w","https:\/\/www.tiktok.com\/@weremadabouthorror"]}]}},"df_price":499.95,"df_sale_price":"","df_regular_price":499.95,"df_image_link":"https:\/\/madabouthorror.co.uk\/wp-content\/uploads\/2023\/09\/Screenshot-2023-09-12-at-13.45.17-e1694523365166-300x300.png","_links":{"self":[{"href":"https:\/\/madabouthorror.co.uk\/de\/wp-json\/wp\/v2\/product\/456241","targetHints":{"allow":["GET"]}}],"collection":[{"href":"https:\/\/madabouthorror.co.uk\/de\/wp-json\/wp\/v2\/product"}],"about":[{"href":"https:\/\/madabouthorror.co.uk\/de\/wp-json\/wp\/v2\/types\/product"}],"replies":[{"embeddable":true,"href":"https:\/\/madabouthorror.co.uk\/de\/wp-json\/wp\/v2\/comments?post=456241"}],"wp:featuredmedia":[{"embeddable":true,"href":"https:\/\/madabouthorror.co.uk\/de\/wp-json\/wp\/v2\/media\/456246"}],"wp:attachment":[{"href":"https:\/\/madabouthorror.co.uk\/de\/wp-json\/wp\/v2\/media?parent=456241"}],"wp:term":[{"taxonomy":"product_brand","embeddable":true,"href":"https:\/\/madabouthorror.co.uk\/de\/wp-json\/wp\/v2\/product_brand?post=456241"},{"taxonomy":"product_cat","embeddable":true,"href":"https:\/\/madabouthorror.co.uk\/de\/wp-json\/wp\/v2\/product_cat?post=456241"},{"taxonomy":"product_tag","embeddable":true,"href":"https:\/\/madabouthorror.co.uk\/de\/wp-json\/wp\/v2\/product_tag?post=456241"}],"curies":[{"name":"wp","href":"https:\/\/api.w.org\/{rel}","templated":true}]}}