{"id":456472,"date":"2023-09-13T11:32:50","date_gmt":"2023-09-13T10:32:50","guid":{"rendered":"https:\/\/madabouthorror.co.uk\/?post_type=product&#038;p=456472"},"modified":"2026-02-09T17:06:33","modified_gmt":"2026-02-09T17:06:33","slug":"deluxe-scream-6-aged-ghostface-costume-robe-mask","status":"publish","type":"product","link":"https:\/\/madabouthorror.co.uk\/de\/product\/deluxe-scream-6-aged-ghostface-costume-robe-mask\/","title":{"rendered":"DELUXE Scream 6 Aged GhostFace Kost\u00fcm Robe &amp; Maske"},"content":{"rendered":"<p><strong>Ghostface Kost\u00fcm (Erwachsenengr\u00f6\u00dfe) Aged DELUXE von Scream 6<\/strong> von Fun World<\/p>\n<p>Verwandle dich in das kultige Ghost Face aus <em>Schrei 6<\/em> mit diesem Aged DELUXE Kost\u00fcm von Fun World. Ghostface Kost\u00fcm beinhaltet:<\/p>\n<ul>\n<li><strong>DELUXE Bademantel mit Kapuze<\/strong>: Dieses aufwendig gestaltete Gewand hat einen verwitterten Look, der das unheimliche Aussehen von Ghost Face imitiert. Das Gewand mit Kapuze ist perfekt, um eine authentische, bedrohliche Wirkung zu erzielen.<\/li>\n<li><strong>Gespenstische Maske<\/strong>: Die Maske ist detailliert und gealtert und f\u00e4ngt das schaurige Wesen von Ghost Face mit seinen gespenstischen Z\u00fcgen und seinem klassischen Design ein.<\/li>\n<li><strong>G\u00fcrtel<\/strong>: Vervollst\u00e4ndigt das Ensemble mit einem passenden G\u00fcrtel.<\/li>\n<\/ul>\n<p>Dieses Kost\u00fcm in Erwachsenengr\u00f6\u00dfe passt bis zu einer Gr\u00f6\u00dfe von 6\u2032 und einem Gewicht von 200 Pfund und bietet sowohl Komfort als auch ein furchterregendes Aussehen.<\/p>\n<p style=\"font-weight: 400;\">Fun World ist eine eingetragene Marke von Easter Unlimited, Inc. Alle Rechte vorbehalten.<\/p>\n<p><em>Vervollst\u00e4ndigen Sie Ihr Kost\u00fcm mit dem <a href=\"https:\/\/madabouthorror.co.uk\/de\/product\/scream-6-ghostface-reflection-knife\/\">Schrei 6 Reflexionen Messer<\/a>!<\/em><\/p>","protected":false},"excerpt":{"rendered":"<p>Ghostface Kost\u00fcm (Erwachsenengr\u00f6\u00dfe) Aged DELUXE aus Scream 6 von Fun World Verwandeln Sie sich in das kultige Ghost Face aus Scream 6 mit diesem Aged DELUXE Kost\u00fcm von Fun World. Das Ghostface Kost\u00fcm beinhaltet: DELUXE Robe mit Kapuze: Diese aufwendig gestaltete Robe hat einen verwitterten Look, der das unheimliche Aussehen von Ghost Face imitiert. Die Robe mit Kapuze ist perfekt [...]<\/p>","protected":false},"featured_media":456473,"comment_status":"closed","ping_status":"closed","template":"","meta":{"_acf_changed":false},"product_brand":[],"product_cat":[7091,6551,7040,6695],"product_tag":[],"class_list":{"0":"post-456472","1":"product","2":"type-product","3":"status-publish","4":"has-post-thumbnail","6":"product_cat-tv-movie","7":"product_cat-costumes","8":"product_cat-ghostface","9":"product_cat-scream","11":"first","12":"outofstock","13":"taxable","14":"shipping-taxable","15":"purchasable","16":"product-type-simple"},"supplier_id":480226,"supplier_sku":"","barcode":"071765154819","atum_controlled":true,"out_stock_date":"2025-01-28 16:18:14","out_stock_threshold":null,"inheritable":false,"inbound_stock":0,"stock_on_hold":0,"sold_today":0,"sales_last_days":0,"reserved_stock":0,"customer_returns":0,"warehouse_damage":0,"lost_in_post":0,"other_logs":0,"out_stock_days":456,"lost_sales":0,"has_location":false,"update_date":"2026-04-30T00:33:18","atum_locations":[],"atum_stock_status":"outofstock","restock_status":false,"low_stock_amount":"","sales_update_date":"2026-04-30T00:33:16","calc_backorders":null,"acf":[],"yoast_head":"<!-- This site is optimized with the Yoast SEO plugin v27.5 - https:\/\/yoast.com\/product\/yoast-seo-wordpress\/ -->\n<title>GhostFace Costume - SCREAM 6 Adult Robe &amp; Mask | Mad About Horror<\/title>\n<meta name=\"description\" content=\"Official UK Fun World Stockist. GhostFace Costume with aged detailing. Officially Licensed Deluxe Scream 6 hooded robe with Ghost Face Mask.\" \/>\n<meta name=\"robots\" content=\"index, follow, max-snippet:-1, max-image-preview:large, max-video-preview:-1\" \/>\n<link rel=\"canonical\" href=\"https:\/\/madabouthorror.co.uk\/de\/product\/deluxe-scream-6-aged-ghostface-costume-robe-mask\/\" \/>\n<meta property=\"og:locale\" content=\"de_DE\" \/>\n<meta property=\"og:type\" content=\"article\" \/>\n<meta property=\"og:title\" content=\"GhostFace Costume - SCREAM 6 Adult Robe &amp; Mask | Mad About Horror\" \/>\n<meta property=\"og:description\" content=\"Official UK Fun World Stockist. GhostFace Costume with aged detailing. Officially Licensed Deluxe Scream 6 hooded robe with Ghost Face Mask.\" \/>\n<meta property=\"og:url\" content=\"https:\/\/madabouthorror.co.uk\/de\/product\/deluxe-scream-6-aged-ghostface-costume-robe-mask\/\" \/>\n<meta property=\"og:site_name\" content=\"Mad About Horror\" \/>\n<meta property=\"article:publisher\" content=\"https:\/\/www.facebook.com\/madabouthorror\/\" \/>\n<meta property=\"article:modified_time\" content=\"2026-02-09T17:06:33+00:00\" \/>\n<meta property=\"og:image\" content=\"https:\/\/madabouthorror.co.uk\/wp-content\/uploads\/2023\/09\/134364.png\" \/>\n\t<meta property=\"og:image:width\" content=\"700\" \/>\n\t<meta property=\"og:image:height\" content=\"700\" \/>\n\t<meta property=\"og:image:type\" content=\"image\/png\" \/>\n<meta name=\"twitter:card\" content=\"summary_large_image\" \/>\n<meta name=\"twitter:label1\" content=\"Gesch\u00e4tzte Lesezeit\" \/>\n\t<meta name=\"twitter:data1\" content=\"1\u00a0Minute\" \/>\n<script type=\"application\/ld+json\" class=\"yoast-schema-graph\">{\"@context\":\"https:\\\/\\\/schema.org\",\"@graph\":[{\"@type\":[\"WebPage\",\"ItemPage\"],\"@id\":\"https:\\\/\\\/madabouthorror.co.uk\\\/product\\\/deluxe-scream-6-aged-ghostface-costume-robe-mask\\\/\",\"url\":\"https:\\\/\\\/madabouthorror.co.uk\\\/product\\\/deluxe-scream-6-aged-ghostface-costume-robe-mask\\\/\",\"name\":\"GhostFace Costume - SCREAM 6 Adult Robe & Mask | Mad About Horror\",\"isPartOf\":{\"@id\":\"https:\\\/\\\/madabouthorror.co.uk\\\/#website\"},\"primaryImageOfPage\":{\"@id\":\"https:\\\/\\\/madabouthorror.co.uk\\\/product\\\/deluxe-scream-6-aged-ghostface-costume-robe-mask\\\/#primaryimage\"},\"image\":{\"@id\":\"https:\\\/\\\/madabouthorror.co.uk\\\/product\\\/deluxe-scream-6-aged-ghostface-costume-robe-mask\\\/#primaryimage\"},\"thumbnailUrl\":\"https:\\\/\\\/madabouthorror.co.uk\\\/wp-content\\\/uploads\\\/2023\\\/09\\\/134364.png\",\"datePublished\":\"2023-09-13T10:32:50+00:00\",\"dateModified\":\"2026-02-09T17:06:33+00:00\",\"description\":\"Official UK Fun World Stockist. GhostFace Costume with aged detailing. Officially Licensed Deluxe Scream 6 hooded robe with Ghost Face Mask.\",\"breadcrumb\":{\"@id\":\"https:\\\/\\\/madabouthorror.co.uk\\\/product\\\/deluxe-scream-6-aged-ghostface-costume-robe-mask\\\/#breadcrumb\"},\"inLanguage\":\"de\",\"potentialAction\":[{\"@type\":\"ReadAction\",\"target\":[\"https:\\\/\\\/madabouthorror.co.uk\\\/product\\\/deluxe-scream-6-aged-ghostface-costume-robe-mask\\\/\"]}]},{\"@type\":\"ImageObject\",\"inLanguage\":\"de\",\"@id\":\"https:\\\/\\\/madabouthorror.co.uk\\\/product\\\/deluxe-scream-6-aged-ghostface-costume-robe-mask\\\/#primaryimage\",\"url\":\"https:\\\/\\\/madabouthorror.co.uk\\\/wp-content\\\/uploads\\\/2023\\\/09\\\/134364.png\",\"contentUrl\":\"https:\\\/\\\/madabouthorror.co.uk\\\/wp-content\\\/uploads\\\/2023\\\/09\\\/134364.png\",\"width\":700,\"height\":700,\"caption\":\"SCREAM 6 aged deluxe ghostface costume fun world\"},{\"@type\":\"BreadcrumbList\",\"@id\":\"https:\\\/\\\/madabouthorror.co.uk\\\/product\\\/deluxe-scream-6-aged-ghostface-costume-robe-mask\\\/#breadcrumb\",\"itemListElement\":[{\"@type\":\"ListItem\",\"position\":1,\"name\":\"Shop\",\"item\":\"https:\\\/\\\/madabouthorror.co.uk\\\/shop\\\/\"},{\"@type\":\"ListItem\",\"position\":2,\"name\":\"DELUXE Scream 6 Aged GhostFace Costume Robe &#038; Mask\"}]},{\"@type\":\"WebSite\",\"@id\":\"https:\\\/\\\/madabouthorror.co.uk\\\/#website\",\"url\":\"https:\\\/\\\/madabouthorror.co.uk\\\/\",\"name\":\"Mad About Horror\",\"description\":\"\",\"publisher\":{\"@id\":\"https:\\\/\\\/madabouthorror.co.uk\\\/#organization\"},\"alternateName\":\"Mad About Horror Limited\",\"potentialAction\":[{\"@type\":\"SearchAction\",\"target\":{\"@type\":\"EntryPoint\",\"urlTemplate\":\"https:\\\/\\\/madabouthorror.co.uk\\\/?s={search_term_string}\"},\"query-input\":{\"@type\":\"PropertyValueSpecification\",\"valueRequired\":true,\"valueName\":\"search_term_string\"}}],\"inLanguage\":\"de\"},{\"@type\":\"Organization\",\"@id\":\"https:\\\/\\\/madabouthorror.co.uk\\\/#organization\",\"name\":\"Mad About Horror\",\"url\":\"https:\\\/\\\/madabouthorror.co.uk\\\/\",\"logo\":{\"@type\":\"ImageObject\",\"inLanguage\":\"de\",\"@id\":\"https:\\\/\\\/madabouthorror.co.uk\\\/#\\\/schema\\\/logo\\\/image\\\/\",\"url\":\"https:\\\/\\\/madabouthorror.co.uk\\\/wp-content\\\/uploads\\\/2024\\\/02\\\/cropped-Logo.png\",\"contentUrl\":\"https:\\\/\\\/madabouthorror.co.uk\\\/wp-content\\\/uploads\\\/2024\\\/02\\\/cropped-Logo.png\",\"width\":240,\"height\":88,\"caption\":\"Mad About Horror\"},\"image\":{\"@id\":\"https:\\\/\\\/madabouthorror.co.uk\\\/#\\\/schema\\\/logo\\\/image\\\/\"},\"sameAs\":[\"https:\\\/\\\/www.facebook.com\\\/madabouthorror\\\/\",\"https:\\\/\\\/www.instagram.com\\\/madabouthorror\\\/\",\"https:\\\/\\\/www.pinterest.co.uk\\\/madabouthorror\\\/\",\"https:\\\/\\\/www.youtube.com\\\/channel\\\/UCBooLOIxjoQ89dj6T5lWm_w\",\"https:\\\/\\\/www.tiktok.com\\\/@weremadabouthorror\"]}]}<\/script>\n<!-- \/ Yoast SEO plugin. -->","yoast_head_json":{"title":"GhostFace Kost\u00fcm - SCREAM 6 Robe &amp; Maske f\u00fcr Erwachsene | Mad About Horror","description":"Offizieller UK Fun World-H\u00e4ndler. GhostFace Kost\u00fcm mit gealterten Details. Offiziell lizenzierter Deluxe Scream 6 Kapuzenmantel mit Ghost Face Maske.","robots":{"index":"index","follow":"follow","max-snippet":"max-snippet:-1","max-image-preview":"max-image-preview:large","max-video-preview":"max-video-preview:-1"},"canonical":"https:\/\/madabouthorror.co.uk\/de\/product\/deluxe-scream-6-aged-ghostface-costume-robe-mask\/","og_locale":"de_DE","og_type":"article","og_title":"GhostFace Costume - SCREAM 6 Adult Robe & Mask | Mad About Horror","og_description":"Official UK Fun World Stockist. GhostFace Costume with aged detailing. Officially Licensed Deluxe Scream 6 hooded robe with Ghost Face Mask.","og_url":"https:\/\/madabouthorror.co.uk\/de\/product\/deluxe-scream-6-aged-ghostface-costume-robe-mask\/","og_site_name":"Mad About Horror","article_publisher":"https:\/\/www.facebook.com\/madabouthorror\/","article_modified_time":"2026-02-09T17:06:33+00:00","og_image":[{"width":700,"height":700,"url":"https:\/\/madabouthorror.co.uk\/wp-content\/uploads\/2023\/09\/134364.png","type":"image\/png"}],"twitter_card":"summary_large_image","twitter_misc":{"Gesch\u00e4tzte Lesezeit":"1\u00a0Minute"},"schema":{"@context":"https:\/\/schema.org","@graph":[{"@type":["WebPage","ItemPage"],"@id":"https:\/\/madabouthorror.co.uk\/product\/deluxe-scream-6-aged-ghostface-costume-robe-mask\/","url":"https:\/\/madabouthorror.co.uk\/product\/deluxe-scream-6-aged-ghostface-costume-robe-mask\/","name":"GhostFace Kost\u00fcm - SCREAM 6 Robe &amp; Maske f\u00fcr Erwachsene | Mad About Horror","isPartOf":{"@id":"https:\/\/madabouthorror.co.uk\/#website"},"primaryImageOfPage":{"@id":"https:\/\/madabouthorror.co.uk\/product\/deluxe-scream-6-aged-ghostface-costume-robe-mask\/#primaryimage"},"image":{"@id":"https:\/\/madabouthorror.co.uk\/product\/deluxe-scream-6-aged-ghostface-costume-robe-mask\/#primaryimage"},"thumbnailUrl":"https:\/\/madabouthorror.co.uk\/wp-content\/uploads\/2023\/09\/134364.png","datePublished":"2023-09-13T10:32:50+00:00","dateModified":"2026-02-09T17:06:33+00:00","description":"Offizieller UK Fun World-H\u00e4ndler. GhostFace Kost\u00fcm mit gealterten Details. Offiziell lizenzierter Deluxe Scream 6 Kapuzenmantel mit Ghost Face Maske.","breadcrumb":{"@id":"https:\/\/madabouthorror.co.uk\/product\/deluxe-scream-6-aged-ghostface-costume-robe-mask\/#breadcrumb"},"inLanguage":"de","potentialAction":[{"@type":"ReadAction","target":["https:\/\/madabouthorror.co.uk\/product\/deluxe-scream-6-aged-ghostface-costume-robe-mask\/"]}]},{"@type":"ImageObject","inLanguage":"de","@id":"https:\/\/madabouthorror.co.uk\/product\/deluxe-scream-6-aged-ghostface-costume-robe-mask\/#primaryimage","url":"https:\/\/madabouthorror.co.uk\/wp-content\/uploads\/2023\/09\/134364.png","contentUrl":"https:\/\/madabouthorror.co.uk\/wp-content\/uploads\/2023\/09\/134364.png","width":700,"height":700,"caption":"SCREAM 6 aged deluxe ghostface costume fun world"},{"@type":"BreadcrumbList","@id":"https:\/\/madabouthorror.co.uk\/product\/deluxe-scream-6-aged-ghostface-costume-robe-mask\/#breadcrumb","itemListElement":[{"@type":"ListItem","position":1,"name":"Shop","item":"https:\/\/madabouthorror.co.uk\/shop\/"},{"@type":"ListItem","position":2,"name":"DELUXE Scream 6 Aged GhostFace Costume Robe &#038; Mask"}]},{"@type":"WebSite","@id":"https:\/\/madabouthorror.co.uk\/#website","url":"https:\/\/madabouthorror.co.uk\/","name":"Verr\u00fcckt nach Horror","description":"","publisher":{"@id":"https:\/\/madabouthorror.co.uk\/#organization"},"alternateName":"Mad About Horror Limited","potentialAction":[{"@type":"SearchAction","target":{"@type":"EntryPoint","urlTemplate":"https:\/\/madabouthorror.co.uk\/?s={search_term_string}"},"query-input":{"@type":"PropertyValueSpecification","valueRequired":true,"valueName":"search_term_string"}}],"inLanguage":"de"},{"@type":"Organization","@id":"https:\/\/madabouthorror.co.uk\/#organization","name":"Verr\u00fcckt nach Horror","url":"https:\/\/madabouthorror.co.uk\/","logo":{"@type":"ImageObject","inLanguage":"de","@id":"https:\/\/madabouthorror.co.uk\/#\/schema\/logo\/image\/","url":"https:\/\/madabouthorror.co.uk\/wp-content\/uploads\/2024\/02\/cropped-Logo.png","contentUrl":"https:\/\/madabouthorror.co.uk\/wp-content\/uploads\/2024\/02\/cropped-Logo.png","width":240,"height":88,"caption":"Mad About Horror"},"image":{"@id":"https:\/\/madabouthorror.co.uk\/#\/schema\/logo\/image\/"},"sameAs":["https:\/\/www.facebook.com\/madabouthorror\/","https:\/\/www.instagram.com\/madabouthorror\/","https:\/\/www.pinterest.co.uk\/madabouthorror\/","https:\/\/www.youtube.com\/channel\/UCBooLOIxjoQ89dj6T5lWm_w","https:\/\/www.tiktok.com\/@weremadabouthorror"]}]}},"df_price":89.95,"df_sale_price":"","df_regular_price":89.95,"df_image_link":"https:\/\/madabouthorror.co.uk\/wp-content\/uploads\/2023\/09\/134364-300x300.png","_links":{"self":[{"href":"https:\/\/madabouthorror.co.uk\/de\/wp-json\/wp\/v2\/product\/456472","targetHints":{"allow":["GET"]}}],"collection":[{"href":"https:\/\/madabouthorror.co.uk\/de\/wp-json\/wp\/v2\/product"}],"about":[{"href":"https:\/\/madabouthorror.co.uk\/de\/wp-json\/wp\/v2\/types\/product"}],"replies":[{"embeddable":true,"href":"https:\/\/madabouthorror.co.uk\/de\/wp-json\/wp\/v2\/comments?post=456472"}],"wp:featuredmedia":[{"embeddable":true,"href":"https:\/\/madabouthorror.co.uk\/de\/wp-json\/wp\/v2\/media\/456473"}],"wp:attachment":[{"href":"https:\/\/madabouthorror.co.uk\/de\/wp-json\/wp\/v2\/media?parent=456472"}],"wp:term":[{"taxonomy":"product_brand","embeddable":true,"href":"https:\/\/madabouthorror.co.uk\/de\/wp-json\/wp\/v2\/product_brand?post=456472"},{"taxonomy":"product_cat","embeddable":true,"href":"https:\/\/madabouthorror.co.uk\/de\/wp-json\/wp\/v2\/product_cat?post=456472"},{"taxonomy":"product_tag","embeddable":true,"href":"https:\/\/madabouthorror.co.uk\/de\/wp-json\/wp\/v2\/product_tag?post=456472"}],"curies":[{"name":"wp","href":"https:\/\/api.w.org\/{rel}","templated":true}]}}