{"id":458730,"date":"2023-09-27T10:48:36","date_gmt":"2023-09-27T09:48:36","guid":{"rendered":"https:\/\/madabouthorror.co.uk\/?post_type=product&#038;p=458730"},"modified":"2026-03-21T19:38:48","modified_gmt":"2026-03-21T19:38:48","slug":"12ft-giant-skeleton-animated-prop","status":"publish","type":"product","link":"https:\/\/madabouthorror.co.uk\/de\/product\/12ft-giant-skeleton-animated-prop\/","title":{"rendered":"12ft Riesenskelett Animierte Requisite"},"content":{"rendered":"<p style=\"font-weight: 400;\"><em>NEUER TOLLER PREIS!\u00a0<\/em><\/p>\n<p style=\"font-weight: 400;\">Mit dieser 12-Fu\u00df-Riesenskelett-Requisite kannst du dich richtig gruseln. Mit den LCD-Augen, die sich scheinbar bewegen und blinzeln, kannst du die Leute erschrecken. Die Erdn\u00e4gel sorgen f\u00fcr einen sicheren Stand und eine aufregende Pr\u00e4sentation im Freien. Mit robustem Metallrahmen und Erdspie\u00dfen f\u00fcr Stabilit\u00e4t. Timer-Funktion: 6 Stunden an\/18 Stunden aus. Bestellen Sie noch heute und sichern Sie sich dieses Riesenskelett als Herzst\u00fcck Ihrer Halloween-Ausstellung!<\/p>\n<div class=\"grid bullet-list-wrapper\">\n<ul class=\"bullet-list bullet-list--margin list list--type-square\">\n<li class=\"list__item\">Animierte LCD-Augen erzeugen einen gruseligen Effekt<\/li>\n<li class=\"list__item\">Einfacher Zusammenbau - 2 Personen, ca. 1 Stunde<\/li>\n<li class=\"list__item\">Batterie- und Adapterbetrieb oder Plug-In<\/li>\n<li class=\"list__item\">Innen\/au\u00dfen<\/li>\n<li class=\"list__item\">Timer-Funktion: 6 Stunden ein\/18 Stunden aus.<\/li>\n<li class=\"list__item\">Abmessungen der Verpackung: 43.75 in. W x 27.1 in. H x 43.8 in. D - 88.7 lb Gewicht<\/li>\n<\/ul>\n<div><b>VERSAND NUR AUF DEM BRITISCHEN FESTLAND <\/b>-<i>\u00a0F\u00fcr die Highlands und die Inseln erfragen Sie bitte die Versandpreise.<\/i><\/div>\n<div><\/div>\n<div><b>Sicherheit<\/b><i>. Bitte stellen Sie sicher, dass Sie es mit den mitgelieferten Erdn\u00e4geln sichern und bei starkem Wind abbauen.<\/i><\/div>\n<div><\/div>\n<div><b>Wird mit einem UK-Netzadapter geliefert<\/b>. <i>Verwenden Sie nur den mitgelieferten Netzadapter, da falsche Netzadapter Sch\u00e4den verursachen k\u00f6nnen.<\/i><\/div>\n<div><\/div>\n<div>\n<div><b>F\u00fcr die \u00fcberdachte Veranda oder f\u00fcr den Innenbereich.<\/b> <i>Bei Verwendung im Freien vor Witterungseinfl\u00fcssen sch\u00fctzen und nicht \u00fcber einen l\u00e4ngeren Zeitraum im Freien stehen lassen.<\/i><\/div>\n<div><\/div>\n<div><b>Bitte beachten:<\/b><i> Diese Requisiten sind nicht f\u00fcr den intensiven kommerziellen Gebrauch geeignet, d. h. sie sollten nicht \u00fcber l\u00e4ngere Zeitr\u00e4ume, z. B. tagelang, betrieben werden. Sie sind f\u00fcr die Verwendung an Halloween gedacht. Wenn Sie Fragen dazu haben, fragen Sie bitte.<\/i><\/div>\n<\/div>\n<\/div>","protected":false},"excerpt":{"rendered":"<p>NEUER HAMMERPREIS! Werden Sie mit diesem riesigen Skelett-Dekost\u00fcck von 3,65 m zum Schrecken. Erschrecken Sie Ihre Nachbarn mit den LCD-Augen, die sich zu bewegen und zu blinken scheinen. Erdspie\u00dfe sorgen f\u00fcr einen sicheren und aufregenden Au\u00dfeneinsatz. Mit stabilem Metallrahmen und Erdspie\u00dfen f\u00fcr einen sicheren Stand. Timerfunktion: 6 Stunden an\/18 Stunden aus. Bestellen Sie noch heute und [\u2026]<\/p>","protected":false},"featured_media":458734,"comment_status":"closed","ping_status":"closed","template":"","meta":{"_acf_changed":false},"product_brand":[],"product_cat":[10068,10131,10108,10110,10093,10094,6550,6547,6549,6548,9840,6963,9841,7047,7050,7051],"product_tag":[9993],"class_list":{"0":"post-458730","1":"product","2":"type-product","3":"status-publish","4":"has-post-thumbnail","6":"product_cat-halloween-decorations-2025","7":"product_cat-halloween-gifts","8":"product_cat-light-up-halloween-decorations","9":"product_cat-us-imports","10":"product_cat-indoor-halloween-decorations","11":"product_cat-outdoor-halloween-decorations","12":"product_cat-graveyard-decorations","13":"product_cat-decorations","14":"product_cat-haunted-house","15":"product_cat-skeleton-decorations","16":"product_cat-giant","17":"product_cat-animatronics","18":"product_cat-home-depot-animatronics","19":"product_cat-skeletons-reapers","20":"product_cat-haunted-house-animatronics","21":"product_cat-graveyard-animatronics","22":"product_tag-animatronics-imports","23":"product_shipping_class-extra-large-props","25":"first","26":"instock","27":"taxable","28":"shipping-taxable","29":"purchasable","30":"product-type-simple"},"supplier_id":null,"supplier_sku":"","barcode":"","atum_controlled":true,"out_stock_date":null,"out_stock_threshold":null,"inheritable":false,"inbound_stock":0,"stock_on_hold":0,"sold_today":0,"sales_last_days":0,"reserved_stock":0,"customer_returns":0,"warehouse_damage":0,"lost_in_post":0,"other_logs":0,"out_stock_days":0,"lost_sales":0,"has_location":false,"update_date":"2026-04-22T01:11:04","atum_locations":[],"atum_stock_status":"instock","restock_status":false,"low_stock_amount":"","sales_update_date":"2026-04-22T01:11:03","calc_backorders":null,"acf":[],"yoast_head":"<!-- This site is optimized with the Yoast SEO plugin v27.4 - https:\/\/yoast.com\/product\/yoast-seo-wordpress\/ -->\n<title>12ft Giant Skeleton Animated Prop | Mad About Horror<\/title>\n<meta name=\"description\" content=\"Giant skeleton animated prop. Shop Horror collectibles and Halloween props. Europe&#039;s leading horror collectibles specialist.\" \/>\n<meta name=\"robots\" content=\"index, follow, max-snippet:-1, max-image-preview:large, max-video-preview:-1\" \/>\n<link rel=\"canonical\" href=\"https:\/\/madabouthorror.co.uk\/de\/product\/12ft-giant-skeleton-animated-prop\/\" \/>\n<meta property=\"og:locale\" content=\"de_DE\" \/>\n<meta property=\"og:type\" content=\"article\" \/>\n<meta property=\"og:title\" content=\"12ft Giant Skeleton Animated Prop | Mad About Horror\" \/>\n<meta property=\"og:description\" content=\"Giant skeleton animated prop. Shop Horror collectibles and Halloween props. Europe&#039;s leading horror collectibles specialist.\" \/>\n<meta property=\"og:url\" content=\"https:\/\/madabouthorror.co.uk\/de\/product\/12ft-giant-skeleton-animated-prop\/\" \/>\n<meta property=\"og:site_name\" content=\"Mad About Horror\" \/>\n<meta property=\"article:publisher\" content=\"https:\/\/www.facebook.com\/madabouthorror\/\" \/>\n<meta property=\"article:modified_time\" content=\"2026-03-21T19:38:48+00:00\" \/>\n<meta property=\"og:image\" content=\"https:\/\/madabouthorror.co.uk\/wp-content\/uploads\/2023\/09\/home-depot-12-foot-skeleton-halloween-decoration-social-1596137590.jpg\" \/>\n\t<meta property=\"og:image:width\" content=\"1004\" \/>\n\t<meta property=\"og:image:height\" content=\"1000\" \/>\n\t<meta property=\"og:image:type\" content=\"image\/jpeg\" \/>\n<meta name=\"twitter:card\" content=\"summary_large_image\" \/>\n<meta name=\"twitter:label1\" content=\"Gesch\u00e4tzte Lesezeit\" \/>\n\t<meta name=\"twitter:data1\" content=\"2\u00a0Minuten\" \/>\n<script type=\"application\/ld+json\" class=\"yoast-schema-graph\">{\"@context\":\"https:\\\/\\\/schema.org\",\"@graph\":[{\"@type\":[\"WebPage\",\"ItemPage\"],\"@id\":\"https:\\\/\\\/madabouthorror.co.uk\\\/product\\\/12ft-giant-skeleton-animated-prop\\\/\",\"url\":\"https:\\\/\\\/madabouthorror.co.uk\\\/product\\\/12ft-giant-skeleton-animated-prop\\\/\",\"name\":\"12ft Giant Skeleton Animated Prop | Mad About Horror\",\"isPartOf\":{\"@id\":\"https:\\\/\\\/madabouthorror.co.uk\\\/#website\"},\"primaryImageOfPage\":{\"@id\":\"https:\\\/\\\/madabouthorror.co.uk\\\/product\\\/12ft-giant-skeleton-animated-prop\\\/#primaryimage\"},\"image\":{\"@id\":\"https:\\\/\\\/madabouthorror.co.uk\\\/product\\\/12ft-giant-skeleton-animated-prop\\\/#primaryimage\"},\"thumbnailUrl\":\"https:\\\/\\\/madabouthorror.co.uk\\\/wp-content\\\/uploads\\\/2023\\\/09\\\/home-depot-12-foot-skeleton-halloween-decoration-social-1596137590.jpg\",\"datePublished\":\"2023-09-27T09:48:36+00:00\",\"dateModified\":\"2026-03-21T19:38:48+00:00\",\"description\":\"Giant skeleton animated prop. Shop Horror collectibles and Halloween props. Europe's leading horror collectibles specialist.\",\"breadcrumb\":{\"@id\":\"https:\\\/\\\/madabouthorror.co.uk\\\/product\\\/12ft-giant-skeleton-animated-prop\\\/#breadcrumb\"},\"inLanguage\":\"de\",\"potentialAction\":[{\"@type\":\"ReadAction\",\"target\":[\"https:\\\/\\\/madabouthorror.co.uk\\\/product\\\/12ft-giant-skeleton-animated-prop\\\/\"]}]},{\"@type\":\"ImageObject\",\"inLanguage\":\"de\",\"@id\":\"https:\\\/\\\/madabouthorror.co.uk\\\/product\\\/12ft-giant-skeleton-animated-prop\\\/#primaryimage\",\"url\":\"https:\\\/\\\/madabouthorror.co.uk\\\/wp-content\\\/uploads\\\/2023\\\/09\\\/home-depot-12-foot-skeleton-halloween-decoration-social-1596137590.jpg\",\"contentUrl\":\"https:\\\/\\\/madabouthorror.co.uk\\\/wp-content\\\/uploads\\\/2023\\\/09\\\/home-depot-12-foot-skeleton-halloween-decoration-social-1596137590.jpg\",\"width\":1004,\"height\":1000,\"caption\":\"12FT GIANT SKELETON Home Depot animatronic\"},{\"@type\":\"BreadcrumbList\",\"@id\":\"https:\\\/\\\/madabouthorror.co.uk\\\/product\\\/12ft-giant-skeleton-animated-prop\\\/#breadcrumb\",\"itemListElement\":[{\"@type\":\"ListItem\",\"position\":1,\"name\":\"Shop\",\"item\":\"https:\\\/\\\/madabouthorror.co.uk\\\/shop\\\/\"},{\"@type\":\"ListItem\",\"position\":2,\"name\":\"12ft Giant Skeleton Animated Prop\"}]},{\"@type\":\"WebSite\",\"@id\":\"https:\\\/\\\/madabouthorror.co.uk\\\/#website\",\"url\":\"https:\\\/\\\/madabouthorror.co.uk\\\/\",\"name\":\"Mad About Horror\",\"description\":\"\",\"publisher\":{\"@id\":\"https:\\\/\\\/madabouthorror.co.uk\\\/#organization\"},\"alternateName\":\"Mad About Horror Limited\",\"potentialAction\":[{\"@type\":\"SearchAction\",\"target\":{\"@type\":\"EntryPoint\",\"urlTemplate\":\"https:\\\/\\\/madabouthorror.co.uk\\\/?s={search_term_string}\"},\"query-input\":{\"@type\":\"PropertyValueSpecification\",\"valueRequired\":true,\"valueName\":\"search_term_string\"}}],\"inLanguage\":\"de\"},{\"@type\":\"Organization\",\"@id\":\"https:\\\/\\\/madabouthorror.co.uk\\\/#organization\",\"name\":\"Mad About Horror\",\"url\":\"https:\\\/\\\/madabouthorror.co.uk\\\/\",\"logo\":{\"@type\":\"ImageObject\",\"inLanguage\":\"de\",\"@id\":\"https:\\\/\\\/madabouthorror.co.uk\\\/#\\\/schema\\\/logo\\\/image\\\/\",\"url\":\"https:\\\/\\\/madabouthorror.co.uk\\\/wp-content\\\/uploads\\\/2024\\\/02\\\/cropped-Logo.png\",\"contentUrl\":\"https:\\\/\\\/madabouthorror.co.uk\\\/wp-content\\\/uploads\\\/2024\\\/02\\\/cropped-Logo.png\",\"width\":240,\"height\":88,\"caption\":\"Mad About Horror\"},\"image\":{\"@id\":\"https:\\\/\\\/madabouthorror.co.uk\\\/#\\\/schema\\\/logo\\\/image\\\/\"},\"sameAs\":[\"https:\\\/\\\/www.facebook.com\\\/madabouthorror\\\/\",\"https:\\\/\\\/www.instagram.com\\\/madabouthorror\\\/\",\"https:\\\/\\\/www.pinterest.co.uk\\\/madabouthorror\\\/\",\"https:\\\/\\\/www.youtube.com\\\/channel\\\/UCBooLOIxjoQ89dj6T5lWm_w\",\"https:\\\/\\\/www.tiktok.com\\\/@weremadabouthorror\"]}]}<\/script>\n<!-- \/ Yoast SEO plugin. -->","yoast_head_json":{"title":"12 Fu\u00df riesiges Skelett animiertes Requisit | Mad About Horror","description":"Riesiger animierter Skelett-Prop. Kaufen Sie Horror-Sammlerst\u00fccke und Halloween-Requisiten. Europas f\u00fchrender Spezialist f\u00fcr Horror-Sammlerst\u00fccke.","robots":{"index":"index","follow":"follow","max-snippet":"max-snippet:-1","max-image-preview":"max-image-preview:large","max-video-preview":"max-video-preview:-1"},"canonical":"https:\/\/madabouthorror.co.uk\/de\/product\/12ft-giant-skeleton-animated-prop\/","og_locale":"de_DE","og_type":"article","og_title":"12ft Giant Skeleton Animated Prop | Mad About Horror","og_description":"Giant skeleton animated prop. Shop Horror collectibles and Halloween props. Europe's leading horror collectibles specialist.","og_url":"https:\/\/madabouthorror.co.uk\/de\/product\/12ft-giant-skeleton-animated-prop\/","og_site_name":"Mad About Horror","article_publisher":"https:\/\/www.facebook.com\/madabouthorror\/","article_modified_time":"2026-03-21T19:38:48+00:00","og_image":[{"width":1004,"height":1000,"url":"https:\/\/madabouthorror.co.uk\/wp-content\/uploads\/2023\/09\/home-depot-12-foot-skeleton-halloween-decoration-social-1596137590.jpg","type":"image\/jpeg"}],"twitter_card":"summary_large_image","twitter_misc":{"Gesch\u00e4tzte Lesezeit":"2\u00a0Minuten"},"schema":{"@context":"https:\/\/schema.org","@graph":[{"@type":["WebPage","ItemPage"],"@id":"https:\/\/madabouthorror.co.uk\/product\/12ft-giant-skeleton-animated-prop\/","url":"https:\/\/madabouthorror.co.uk\/product\/12ft-giant-skeleton-animated-prop\/","name":"12 Fu\u00df riesiges Skelett animiertes Requisit | Mad About Horror","isPartOf":{"@id":"https:\/\/madabouthorror.co.uk\/#website"},"primaryImageOfPage":{"@id":"https:\/\/madabouthorror.co.uk\/product\/12ft-giant-skeleton-animated-prop\/#primaryimage"},"image":{"@id":"https:\/\/madabouthorror.co.uk\/product\/12ft-giant-skeleton-animated-prop\/#primaryimage"},"thumbnailUrl":"https:\/\/madabouthorror.co.uk\/wp-content\/uploads\/2023\/09\/home-depot-12-foot-skeleton-halloween-decoration-social-1596137590.jpg","datePublished":"2023-09-27T09:48:36+00:00","dateModified":"2026-03-21T19:38:48+00:00","description":"Riesiger animierter Skelett-Prop. Kaufen Sie Horror-Sammlerst\u00fccke und Halloween-Requisiten. Europas f\u00fchrender Spezialist f\u00fcr Horror-Sammlerst\u00fccke.","breadcrumb":{"@id":"https:\/\/madabouthorror.co.uk\/product\/12ft-giant-skeleton-animated-prop\/#breadcrumb"},"inLanguage":"de","potentialAction":[{"@type":"ReadAction","target":["https:\/\/madabouthorror.co.uk\/product\/12ft-giant-skeleton-animated-prop\/"]}]},{"@type":"ImageObject","inLanguage":"de","@id":"https:\/\/madabouthorror.co.uk\/product\/12ft-giant-skeleton-animated-prop\/#primaryimage","url":"https:\/\/madabouthorror.co.uk\/wp-content\/uploads\/2023\/09\/home-depot-12-foot-skeleton-halloween-decoration-social-1596137590.jpg","contentUrl":"https:\/\/madabouthorror.co.uk\/wp-content\/uploads\/2023\/09\/home-depot-12-foot-skeleton-halloween-decoration-social-1596137590.jpg","width":1004,"height":1000,"caption":"12FT GIANT SKELETON Home Depot animatronic"},{"@type":"BreadcrumbList","@id":"https:\/\/madabouthorror.co.uk\/product\/12ft-giant-skeleton-animated-prop\/#breadcrumb","itemListElement":[{"@type":"ListItem","position":1,"name":"Shop","item":"https:\/\/madabouthorror.co.uk\/shop\/"},{"@type":"ListItem","position":2,"name":"12ft Giant Skeleton Animated Prop"}]},{"@type":"WebSite","@id":"https:\/\/madabouthorror.co.uk\/#website","url":"https:\/\/madabouthorror.co.uk\/","name":"Verr\u00fcckt nach Horror","description":"","publisher":{"@id":"https:\/\/madabouthorror.co.uk\/#organization"},"alternateName":"Mad About Horror Limited","potentialAction":[{"@type":"SearchAction","target":{"@type":"EntryPoint","urlTemplate":"https:\/\/madabouthorror.co.uk\/?s={search_term_string}"},"query-input":{"@type":"PropertyValueSpecification","valueRequired":true,"valueName":"search_term_string"}}],"inLanguage":"de"},{"@type":"Organization","@id":"https:\/\/madabouthorror.co.uk\/#organization","name":"Verr\u00fcckt nach Horror","url":"https:\/\/madabouthorror.co.uk\/","logo":{"@type":"ImageObject","inLanguage":"de","@id":"https:\/\/madabouthorror.co.uk\/#\/schema\/logo\/image\/","url":"https:\/\/madabouthorror.co.uk\/wp-content\/uploads\/2024\/02\/cropped-Logo.png","contentUrl":"https:\/\/madabouthorror.co.uk\/wp-content\/uploads\/2024\/02\/cropped-Logo.png","width":240,"height":88,"caption":"Mad About Horror"},"image":{"@id":"https:\/\/madabouthorror.co.uk\/#\/schema\/logo\/image\/"},"sameAs":["https:\/\/www.facebook.com\/madabouthorror\/","https:\/\/www.instagram.com\/madabouthorror\/","https:\/\/www.pinterest.co.uk\/madabouthorror\/","https:\/\/www.youtube.com\/channel\/UCBooLOIxjoQ89dj6T5lWm_w","https:\/\/www.tiktok.com\/@weremadabouthorror"]}]}},"df_price":833.28,"df_sale_price":"","df_regular_price":833.28,"df_image_link":"https:\/\/madabouthorror.co.uk\/wp-content\/uploads\/2023\/09\/home-depot-12-foot-skeleton-halloween-decoration-social-1596137590-300x300.jpg","_links":{"self":[{"href":"https:\/\/madabouthorror.co.uk\/de\/wp-json\/wp\/v2\/product\/458730","targetHints":{"allow":["GET"]}}],"collection":[{"href":"https:\/\/madabouthorror.co.uk\/de\/wp-json\/wp\/v2\/product"}],"about":[{"href":"https:\/\/madabouthorror.co.uk\/de\/wp-json\/wp\/v2\/types\/product"}],"replies":[{"embeddable":true,"href":"https:\/\/madabouthorror.co.uk\/de\/wp-json\/wp\/v2\/comments?post=458730"}],"wp:featuredmedia":[{"embeddable":true,"href":"https:\/\/madabouthorror.co.uk\/de\/wp-json\/wp\/v2\/media\/458734"}],"wp:attachment":[{"href":"https:\/\/madabouthorror.co.uk\/de\/wp-json\/wp\/v2\/media?parent=458730"}],"wp:term":[{"taxonomy":"product_brand","embeddable":true,"href":"https:\/\/madabouthorror.co.uk\/de\/wp-json\/wp\/v2\/product_brand?post=458730"},{"taxonomy":"product_cat","embeddable":true,"href":"https:\/\/madabouthorror.co.uk\/de\/wp-json\/wp\/v2\/product_cat?post=458730"},{"taxonomy":"product_tag","embeddable":true,"href":"https:\/\/madabouthorror.co.uk\/de\/wp-json\/wp\/v2\/product_tag?post=458730"}],"curies":[{"name":"wp","href":"https:\/\/api.w.org\/{rel}","templated":true}]}}